{"id":22339,"date":"2023-08-30T15:22:35","date_gmt":"2023-08-30T13:22:35","guid":{"rendered":"https:\/\/www.laboratoires-unisson.com\/coselgi"},"modified":"2025-10-28T14:23:13","modified_gmt":"2025-10-28T13:23:13","slug":"coselgi","status":"publish","type":"page","link":"https:\/\/www.laboratoires-unisson.com\/fr-be\/appareils-auditifs\/marques\/coselgi","title":{"rendered":"Coselgi"},"content":{"rendered":"","protected":false},"excerpt":{"rendered":"","protected":false},"author":382,"featured_media":21071,"parent":22436,"menu_order":0,"comment_status":"closed","ping_status":"closed","template":"template-catalog.php","meta":{"_acf_changed":false,"footnotes":""},"class_list":["post-22339","page","type-page","status-publish","has-post-thumbnail","hentry"],"acf":[],"yoast_head":"<!-- This site is optimized with the Yoast SEO plugin v27.1.1 - https:\/\/yoast.com\/product\/yoast-seo-wordpress\/ -->\n<title>Appareil auditif Coselgi - Proth\u00e8se auditive Coselgi - Laboratoires Unisson<\/title>\n<meta name=\"description\" content=\"Optez pour Coselgi pour une solution auditive de qualit\u00e9 sup\u00e9rieure. Explorez notre s\u00e9lection d&#039;appareils auditifs Coselgi \u00e0 des prix comp\u00e9titifs.\" \/>\n<meta name=\"robots\" content=\"index, follow, max-snippet:-1, max-image-preview:large, max-video-preview:-1\" \/>\n<link rel=\"canonical\" href=\"https:\/\/www.laboratoires-unisson.com\/fr-be\/wp-json\/wp\/v2\/pages\/22339\" \/>\n<meta property=\"og:locale\" content=\"fr_FR\" \/>\n<meta property=\"og:type\" content=\"article\" \/>\n<meta property=\"og:title\" content=\"Appareil auditif Coselgi - Proth\u00e8se auditive Coselgi - Laboratoires Unisson\" \/>\n<meta property=\"og:description\" content=\"Optez pour Coselgi pour une solution auditive de qualit\u00e9 sup\u00e9rieure. Explorez notre s\u00e9lection d&#039;appareils auditifs Coselgi \u00e0 des prix comp\u00e9titifs.\" \/>\n<meta property=\"og:url\" content=\"https:\/\/www.laboratoires-unisson.com\/fr-be\/appareils-auditifs\/marques\/coselgi\" \/>\n<meta property=\"og:site_name\" content=\"Laboratoires Unisson\" \/>\n<meta property=\"article:modified_time\" content=\"2025-10-28T13:23:13+00:00\" \/>\n<meta property=\"og:image\" content=\"https:\/\/www.laboratoires-unisson.com\/wp-content\/uploads\/2023\/08\/Appareils-auditifs-Coselgi.png\" \/>\n\t<meta property=\"og:image:width\" content=\"1440\" \/>\n\t<meta property=\"og:image:height\" content=\"334\" \/>\n\t<meta property=\"og:image:type\" content=\"image\/png\" \/>\n<meta name=\"twitter:card\" content=\"summary_large_image\" \/>\n<script type=\"application\/ld+json\" class=\"yoast-schema-graph\">{\"@context\":\"https:\/\/schema.org\",\"@graph\":[{\"@type\":\"WebPage\",\"@id\":\"https:\/\/www.laboratoires-unisson.com\/fr-be\/appareils-auditifs\/marques\/coselgi\",\"url\":\"https:\/\/www.laboratoires-unisson.com\/fr-be\/appareils-auditifs\/marques\/coselgi\",\"name\":\"Appareil auditif Coselgi - Proth\u00e8se auditive Coselgi - Laboratoires Unisson\",\"isPartOf\":{\"@id\":\"https:\/\/www.laboratoires-unisson.com\/fr-be#website\"},\"primaryImageOfPage\":{\"@id\":\"https:\/\/www.laboratoires-unisson.com\/fr-be\/appareils-auditifs\/marques\/coselgi#primaryimage\"},\"image\":{\"@id\":\"https:\/\/www.laboratoires-unisson.com\/fr-be\/appareils-auditifs\/marques\/coselgi#primaryimage\"},\"thumbnailUrl\":\"https:\/\/www.laboratoires-unisson.com\/wp-content\/uploads\/2023\/08\/Appareils-auditifs-Coselgi.png\",\"datePublished\":\"2023-08-30T13:22:35+00:00\",\"dateModified\":\"2025-10-28T13:23:13+00:00\",\"description\":\"Optez pour Coselgi pour une solution auditive de qualit\u00e9 sup\u00e9rieure. Explorez notre s\u00e9lection d'appareils auditifs Coselgi \u00e0 des prix comp\u00e9titifs.\",\"breadcrumb\":{\"@id\":\"https:\/\/www.laboratoires-unisson.com\/fr-be\/appareils-auditifs\/marques\/coselgi#breadcrumb\"},\"inLanguage\":\"fr-BE\",\"potentialAction\":[{\"@type\":\"ReadAction\",\"target\":[\"https:\/\/www.laboratoires-unisson.com\/fr-be\/appareils-auditifs\/marques\/coselgi\"]}]},{\"@type\":\"ImageObject\",\"inLanguage\":\"fr-BE\",\"@id\":\"https:\/\/www.laboratoires-unisson.com\/fr-be\/appareils-auditifs\/marques\/coselgi#primaryimage\",\"url\":\"https:\/\/www.laboratoires-unisson.com\/wp-content\/uploads\/2023\/08\/Appareils-auditifs-Coselgi.png\",\"contentUrl\":\"https:\/\/www.laboratoires-unisson.com\/wp-content\/uploads\/2023\/08\/Appareils-auditifs-Coselgi.png\",\"width\":1440,\"height\":334},{\"@type\":\"BreadcrumbList\",\"@id\":\"https:\/\/www.laboratoires-unisson.com\/fr-be\/appareils-auditifs\/marques\/coselgi#breadcrumb\",\"itemListElement\":[{\"@type\":\"ListItem\",\"position\":1,\"name\":\"Appareils auditifs\",\"item\":\"https:\/\/www.laboratoires-unisson.com\/fr-be\/appareils-auditifs\"},{\"@type\":\"ListItem\",\"position\":2,\"name\":\"Marques d&rsquo;appareil auditif : les marques disponibles\",\"item\":\"https:\/\/www.laboratoires-unisson.com\/fr-be\/appareils-auditifs\/marques\"},{\"@type\":\"ListItem\",\"position\":3,\"name\":\"Coselgi\"}]},{\"@type\":\"WebSite\",\"@id\":\"https:\/\/www.laboratoires-unisson.com\/fr-be#website\",\"url\":\"https:\/\/www.laboratoires-unisson.com\/fr-be\",\"name\":\"Laboratoires Unisson\",\"description\":\"Appareil auditif et proth\u00e8se auditive Moins Cher jusqu&#039;\u00e0 -40%\",\"publisher\":{\"@id\":\"https:\/\/www.laboratoires-unisson.com\/fr-be#organization\"},\"potentialAction\":[{\"@type\":\"SearchAction\",\"target\":{\"@type\":\"EntryPoint\",\"urlTemplate\":\"https:\/\/www.laboratoires-unisson.com\/fr-be?s={search_term_string}\"},\"query-input\":{\"@type\":\"PropertyValueSpecification\",\"valueRequired\":true,\"valueName\":\"search_term_string\"}}],\"inLanguage\":\"fr-BE\"},{\"@type\":\"Organization\",\"@id\":\"https:\/\/www.laboratoires-unisson.com\/fr-be#organization\",\"name\":\"Laboratoires Unisson\",\"url\":\"https:\/\/www.laboratoires-unisson.com\/fr-be\",\"logo\":{\"@type\":\"ImageObject\",\"inLanguage\":\"fr-BE\",\"@id\":\"https:\/\/www.laboratoires-unisson.com\/fr-be#\/schema\/logo\/image\/\",\"url\":\"https:\/\/www.laboratoires-unisson.com\/wp-content\/uploads\/2022\/01\/logo-unisson.svg\",\"contentUrl\":\"https:\/\/www.laboratoires-unisson.com\/wp-content\/uploads\/2022\/01\/logo-unisson.svg\",\"width\":1,\"height\":1,\"caption\":\"Laboratoires Unisson\"},\"image\":{\"@id\":\"https:\/\/www.laboratoires-unisson.com\/fr-be#\/schema\/logo\/image\/\"}}]}<\/script>\n<!-- \/ Yoast SEO plugin. -->","yoast_head_json":{"title":"Appareil auditif Coselgi - Proth\u00e8se auditive Coselgi - Laboratoires Unisson","description":"Optez pour Coselgi pour une solution auditive de qualit\u00e9 sup\u00e9rieure. Explorez notre s\u00e9lection d'appareils auditifs Coselgi \u00e0 des prix comp\u00e9titifs.","robots":{"index":"index","follow":"follow","max-snippet":"max-snippet:-1","max-image-preview":"max-image-preview:large","max-video-preview":"max-video-preview:-1"},"canonical":"https:\/\/www.laboratoires-unisson.com\/fr-be\/wp-json\/wp\/v2\/pages\/22339","og_locale":"fr_FR","og_type":"article","og_title":"Appareil auditif Coselgi - Proth\u00e8se auditive Coselgi - Laboratoires Unisson","og_description":"Optez pour Coselgi pour une solution auditive de qualit\u00e9 sup\u00e9rieure. Explorez notre s\u00e9lection d'appareils auditifs Coselgi \u00e0 des prix comp\u00e9titifs.","og_url":"https:\/\/www.laboratoires-unisson.com\/fr-be\/appareils-auditifs\/marques\/coselgi","og_site_name":"Laboratoires Unisson","article_modified_time":"2025-10-28T13:23:13+00:00","og_image":[{"width":1440,"height":334,"url":"https:\/\/www.laboratoires-unisson.com\/wp-content\/uploads\/2023\/08\/Appareils-auditifs-Coselgi.png","type":"image\/png"}],"twitter_card":"summary_large_image","schema":{"@context":"https:\/\/schema.org","@graph":[{"@type":"WebPage","@id":"https:\/\/www.laboratoires-unisson.com\/fr-be\/appareils-auditifs\/marques\/coselgi","url":"https:\/\/www.laboratoires-unisson.com\/fr-be\/appareils-auditifs\/marques\/coselgi","name":"Appareil auditif Coselgi - Proth\u00e8se auditive Coselgi - Laboratoires Unisson","isPartOf":{"@id":"https:\/\/www.laboratoires-unisson.com\/fr-be#website"},"primaryImageOfPage":{"@id":"https:\/\/www.laboratoires-unisson.com\/fr-be\/appareils-auditifs\/marques\/coselgi#primaryimage"},"image":{"@id":"https:\/\/www.laboratoires-unisson.com\/fr-be\/appareils-auditifs\/marques\/coselgi#primaryimage"},"thumbnailUrl":"https:\/\/www.laboratoires-unisson.com\/wp-content\/uploads\/2023\/08\/Appareils-auditifs-Coselgi.png","datePublished":"2023-08-30T13:22:35+00:00","dateModified":"2025-10-28T13:23:13+00:00","description":"Optez pour Coselgi pour une solution auditive de qualit\u00e9 sup\u00e9rieure. Explorez notre s\u00e9lection d'appareils auditifs Coselgi \u00e0 des prix comp\u00e9titifs.","breadcrumb":{"@id":"https:\/\/www.laboratoires-unisson.com\/fr-be\/appareils-auditifs\/marques\/coselgi#breadcrumb"},"inLanguage":"fr-BE","potentialAction":[{"@type":"ReadAction","target":["https:\/\/www.laboratoires-unisson.com\/fr-be\/appareils-auditifs\/marques\/coselgi"]}]},{"@type":"ImageObject","inLanguage":"fr-BE","@id":"https:\/\/www.laboratoires-unisson.com\/fr-be\/appareils-auditifs\/marques\/coselgi#primaryimage","url":"https:\/\/www.laboratoires-unisson.com\/wp-content\/uploads\/2023\/08\/Appareils-auditifs-Coselgi.png","contentUrl":"https:\/\/www.laboratoires-unisson.com\/wp-content\/uploads\/2023\/08\/Appareils-auditifs-Coselgi.png","width":1440,"height":334},{"@type":"BreadcrumbList","@id":"https:\/\/www.laboratoires-unisson.com\/fr-be\/appareils-auditifs\/marques\/coselgi#breadcrumb","itemListElement":[{"@type":"ListItem","position":1,"name":"Appareils auditifs","item":"https:\/\/www.laboratoires-unisson.com\/fr-be\/appareils-auditifs"},{"@type":"ListItem","position":2,"name":"Marques d&rsquo;appareil auditif : les marques disponibles","item":"https:\/\/www.laboratoires-unisson.com\/fr-be\/appareils-auditifs\/marques"},{"@type":"ListItem","position":3,"name":"Coselgi"}]},{"@type":"WebSite","@id":"https:\/\/www.laboratoires-unisson.com\/fr-be#website","url":"https:\/\/www.laboratoires-unisson.com\/fr-be","name":"Laboratoires Unisson","description":"Appareil auditif et proth\u00e8se auditive Moins Cher jusqu&#039;\u00e0 -40%","publisher":{"@id":"https:\/\/www.laboratoires-unisson.com\/fr-be#organization"},"potentialAction":[{"@type":"SearchAction","target":{"@type":"EntryPoint","urlTemplate":"https:\/\/www.laboratoires-unisson.com\/fr-be?s={search_term_string}"},"query-input":{"@type":"PropertyValueSpecification","valueRequired":true,"valueName":"search_term_string"}}],"inLanguage":"fr-BE"},{"@type":"Organization","@id":"https:\/\/www.laboratoires-unisson.com\/fr-be#organization","name":"Laboratoires Unisson","url":"https:\/\/www.laboratoires-unisson.com\/fr-be","logo":{"@type":"ImageObject","inLanguage":"fr-BE","@id":"https:\/\/www.laboratoires-unisson.com\/fr-be#\/schema\/logo\/image\/","url":"https:\/\/www.laboratoires-unisson.com\/wp-content\/uploads\/2022\/01\/logo-unisson.svg","contentUrl":"https:\/\/www.laboratoires-unisson.com\/wp-content\/uploads\/2022\/01\/logo-unisson.svg","width":1,"height":1,"caption":"Laboratoires Unisson"},"image":{"@id":"https:\/\/www.laboratoires-unisson.com\/fr-be#\/schema\/logo\/image\/"}}]}},"_links":{"self":[{"href":"https:\/\/www.laboratoires-unisson.com\/fr-be\/wp-json\/wp\/v2\/pages\/22339","targetHints":{"allow":["GET"]}}],"collection":[{"href":"https:\/\/www.laboratoires-unisson.com\/fr-be\/wp-json\/wp\/v2\/pages"}],"about":[{"href":"https:\/\/www.laboratoires-unisson.com\/fr-be\/wp-json\/wp\/v2\/types\/page"}],"author":[{"embeddable":true,"href":"https:\/\/www.laboratoires-unisson.com\/fr-be\/wp-json\/wp\/v2\/users\/382"}],"replies":[{"embeddable":true,"href":"https:\/\/www.laboratoires-unisson.com\/fr-be\/wp-json\/wp\/v2\/comments?post=22339"}],"version-history":[{"count":1,"href":"https:\/\/www.laboratoires-unisson.com\/fr-be\/wp-json\/wp\/v2\/pages\/22339\/revisions"}],"predecessor-version":[{"id":31112,"href":"https:\/\/www.laboratoires-unisson.com\/fr-be\/wp-json\/wp\/v2\/pages\/22339\/revisions\/31112"}],"up":[{"embeddable":true,"href":"https:\/\/www.laboratoires-unisson.com\/fr-be\/wp-json\/wp\/v2\/pages\/22436"}],"wp:featuredmedia":[{"embeddable":true,"href":"https:\/\/www.laboratoires-unisson.com\/fr-be\/wp-json\/wp\/v2\/media\/21071"}],"wp:attachment":[{"href":"https:\/\/www.laboratoires-unisson.com\/fr-be\/wp-json\/wp\/v2\/media?parent=22339"}],"curies":[{"name":"wp","href":"https:\/\/api.w.org\/{rel}","templated":true}]}}