{"id":22370,"date":"2022-06-27T18:25:35","date_gmt":"2022-06-27T16:25:35","guid":{"rendered":"https:\/\/www.laboratoires-unisson.com\/comparatif-appareil-auditif"},"modified":"2025-10-27T16:03:41","modified_gmt":"2025-10-27T15:03:41","slug":"comparatif-appareil-auditif","status":"publish","type":"page","link":"https:\/\/www.laboratoires-unisson.com\/fr-be\/appareils-auditifs\/comparatif-appareil-auditif","title":{"rendered":"Comparatif d\u2019appareils auditifs"},"content":{"rendered":"","protected":false},"excerpt":{"rendered":"","protected":false},"author":1,"featured_media":19787,"parent":22442,"menu_order":0,"comment_status":"closed","ping_status":"closed","template":"template-comparator.php","meta":{"_acf_changed":false,"footnotes":""},"class_list":["post-22370","page","type-page","status-publish","has-post-thumbnail","hentry"],"acf":[],"yoast_head":"<!-- This site is optimized with the Yoast SEO plugin v27.1.1 - https:\/\/yoast.com\/product\/yoast-seo-wordpress\/ -->\n<title>Comparatif appareils auditifs : les prix des aides auditives<\/title>\n<meta name=\"description\" content=\"Comparez les diff\u00e9rences de prix et de fonctionnalit\u00e9s des aides auditives. Quel appareil est le meilleur pour vous ? D\u00e9couvrez-le avec Unisson.\" \/>\n<meta name=\"robots\" content=\"index, follow, max-snippet:-1, max-image-preview:large, max-video-preview:-1\" \/>\n<link rel=\"canonical\" href=\"https:\/\/www.laboratoires-unisson.com\/fr-be\/wp-json\/wp\/v2\/pages\/22370\" \/>\n<meta property=\"og:locale\" content=\"fr_FR\" \/>\n<meta property=\"og:type\" content=\"article\" \/>\n<meta property=\"og:title\" content=\"Comparatif appareils auditifs : les prix des aides auditives\" \/>\n<meta property=\"og:description\" content=\"Comparez les diff\u00e9rences de prix et de fonctionnalit\u00e9s des aides auditives. Quel appareil est le meilleur pour vous ? D\u00e9couvrez-le avec Unisson.\" \/>\n<meta property=\"og:url\" content=\"https:\/\/www.laboratoires-unisson.com\/fr-be\/appareils-auditifs\/comparatif-appareil-auditif\" \/>\n<meta property=\"og:site_name\" content=\"Laboratoires Unisson\" \/>\n<meta property=\"article:modified_time\" content=\"2025-10-27T15:03:41+00:00\" \/>\n<meta property=\"og:image\" content=\"https:\/\/www.laboratoires-unisson.com\/wp-content\/uploads\/2022\/06\/comparatif-appareil-auditif.jpg\" \/>\n\t<meta property=\"og:image:width\" content=\"1440\" \/>\n\t<meta property=\"og:image:height\" content=\"304\" \/>\n\t<meta property=\"og:image:type\" content=\"image\/jpeg\" \/>\n<meta name=\"twitter:card\" content=\"summary_large_image\" \/>\n<meta name=\"twitter:label1\" content=\"Est. reading time\" \/>\n\t<meta name=\"twitter:data1\" content=\"1 minute\" \/>\n<script type=\"application\/ld+json\" class=\"yoast-schema-graph\">{\"@context\":\"https:\/\/schema.org\",\"@graph\":[{\"@type\":\"WebPage\",\"@id\":\"https:\/\/www.laboratoires-unisson.com\/fr-be\/appareils-auditifs\/comparatif-appareil-auditif\",\"url\":\"https:\/\/www.laboratoires-unisson.com\/fr-be\/appareils-auditifs\/comparatif-appareil-auditif\",\"name\":\"Comparatif appareils auditifs : les prix des aides auditives\",\"isPartOf\":{\"@id\":\"https:\/\/www.laboratoires-unisson.com\/fr-be#website\"},\"primaryImageOfPage\":{\"@id\":\"https:\/\/www.laboratoires-unisson.com\/fr-be\/appareils-auditifs\/comparatif-appareil-auditif#primaryimage\"},\"image\":{\"@id\":\"https:\/\/www.laboratoires-unisson.com\/fr-be\/appareils-auditifs\/comparatif-appareil-auditif#primaryimage\"},\"thumbnailUrl\":\"https:\/\/www.laboratoires-unisson.com\/wp-content\/uploads\/2022\/06\/comparatif-appareil-auditif.jpg\",\"datePublished\":\"2022-06-27T16:25:35+00:00\",\"dateModified\":\"2025-10-27T15:03:41+00:00\",\"description\":\"Comparez les diff\u00e9rences de prix et de fonctionnalit\u00e9s des aides auditives. Quel appareil est le meilleur pour vous ? D\u00e9couvrez-le avec Unisson.\",\"breadcrumb\":{\"@id\":\"https:\/\/www.laboratoires-unisson.com\/fr-be\/appareils-auditifs\/comparatif-appareil-auditif#breadcrumb\"},\"inLanguage\":\"fr-BE\",\"potentialAction\":[{\"@type\":\"ReadAction\",\"target\":[\"https:\/\/www.laboratoires-unisson.com\/fr-be\/appareils-auditifs\/comparatif-appareil-auditif\"]}]},{\"@type\":\"ImageObject\",\"inLanguage\":\"fr-BE\",\"@id\":\"https:\/\/www.laboratoires-unisson.com\/fr-be\/appareils-auditifs\/comparatif-appareil-auditif#primaryimage\",\"url\":\"https:\/\/www.laboratoires-unisson.com\/wp-content\/uploads\/2022\/06\/comparatif-appareil-auditif.jpg\",\"contentUrl\":\"https:\/\/www.laboratoires-unisson.com\/wp-content\/uploads\/2022\/06\/comparatif-appareil-auditif.jpg\",\"width\":1440,\"height\":304},{\"@type\":\"BreadcrumbList\",\"@id\":\"https:\/\/www.laboratoires-unisson.com\/fr-be\/appareils-auditifs\/comparatif-appareil-auditif#breadcrumb\",\"itemListElement\":[{\"@type\":\"ListItem\",\"position\":1,\"name\":\"Appareils auditifs\",\"item\":\"https:\/\/www.laboratoires-unisson.com\/fr-be\/appareils-auditifs\"},{\"@type\":\"ListItem\",\"position\":2,\"name\":\"Comparatif d\u2019appareils auditifs\"}]},{\"@type\":\"WebSite\",\"@id\":\"https:\/\/www.laboratoires-unisson.com\/fr-be#website\",\"url\":\"https:\/\/www.laboratoires-unisson.com\/fr-be\",\"name\":\"Laboratoires Unisson\",\"description\":\"Appareil auditif et proth\u00e8se auditive Moins Cher jusqu&#039;\u00e0 -40%\",\"publisher\":{\"@id\":\"https:\/\/www.laboratoires-unisson.com\/fr-be#organization\"},\"potentialAction\":[{\"@type\":\"SearchAction\",\"target\":{\"@type\":\"EntryPoint\",\"urlTemplate\":\"https:\/\/www.laboratoires-unisson.com\/fr-be?s={search_term_string}\"},\"query-input\":{\"@type\":\"PropertyValueSpecification\",\"valueRequired\":true,\"valueName\":\"search_term_string\"}}],\"inLanguage\":\"fr-BE\"},{\"@type\":\"Organization\",\"@id\":\"https:\/\/www.laboratoires-unisson.com\/fr-be#organization\",\"name\":\"Laboratoires Unisson\",\"url\":\"https:\/\/www.laboratoires-unisson.com\/fr-be\",\"logo\":{\"@type\":\"ImageObject\",\"inLanguage\":\"fr-BE\",\"@id\":\"https:\/\/www.laboratoires-unisson.com\/fr-be#\/schema\/logo\/image\/\",\"url\":\"https:\/\/www.laboratoires-unisson.com\/wp-content\/uploads\/2022\/01\/logo-unisson.svg\",\"contentUrl\":\"https:\/\/www.laboratoires-unisson.com\/wp-content\/uploads\/2022\/01\/logo-unisson.svg\",\"width\":1,\"height\":1,\"caption\":\"Laboratoires Unisson\"},\"image\":{\"@id\":\"https:\/\/www.laboratoires-unisson.com\/fr-be#\/schema\/logo\/image\/\"}}]}<\/script>\n<!-- \/ Yoast SEO plugin. -->","yoast_head_json":{"title":"Comparatif appareils auditifs : les prix des aides auditives","description":"Comparez les diff\u00e9rences de prix et de fonctionnalit\u00e9s des aides auditives. Quel appareil est le meilleur pour vous ? D\u00e9couvrez-le avec Unisson.","robots":{"index":"index","follow":"follow","max-snippet":"max-snippet:-1","max-image-preview":"max-image-preview:large","max-video-preview":"max-video-preview:-1"},"canonical":"https:\/\/www.laboratoires-unisson.com\/fr-be\/wp-json\/wp\/v2\/pages\/22370","og_locale":"fr_FR","og_type":"article","og_title":"Comparatif appareils auditifs : les prix des aides auditives","og_description":"Comparez les diff\u00e9rences de prix et de fonctionnalit\u00e9s des aides auditives. Quel appareil est le meilleur pour vous ? D\u00e9couvrez-le avec Unisson.","og_url":"https:\/\/www.laboratoires-unisson.com\/fr-be\/appareils-auditifs\/comparatif-appareil-auditif","og_site_name":"Laboratoires Unisson","article_modified_time":"2025-10-27T15:03:41+00:00","og_image":[{"width":1440,"height":304,"url":"https:\/\/www.laboratoires-unisson.com\/wp-content\/uploads\/2022\/06\/comparatif-appareil-auditif.jpg","type":"image\/jpeg"}],"twitter_card":"summary_large_image","twitter_misc":{"Est. reading time":"1 minute"},"schema":{"@context":"https:\/\/schema.org","@graph":[{"@type":"WebPage","@id":"https:\/\/www.laboratoires-unisson.com\/fr-be\/appareils-auditifs\/comparatif-appareil-auditif","url":"https:\/\/www.laboratoires-unisson.com\/fr-be\/appareils-auditifs\/comparatif-appareil-auditif","name":"Comparatif appareils auditifs : les prix des aides auditives","isPartOf":{"@id":"https:\/\/www.laboratoires-unisson.com\/fr-be#website"},"primaryImageOfPage":{"@id":"https:\/\/www.laboratoires-unisson.com\/fr-be\/appareils-auditifs\/comparatif-appareil-auditif#primaryimage"},"image":{"@id":"https:\/\/www.laboratoires-unisson.com\/fr-be\/appareils-auditifs\/comparatif-appareil-auditif#primaryimage"},"thumbnailUrl":"https:\/\/www.laboratoires-unisson.com\/wp-content\/uploads\/2022\/06\/comparatif-appareil-auditif.jpg","datePublished":"2022-06-27T16:25:35+00:00","dateModified":"2025-10-27T15:03:41+00:00","description":"Comparez les diff\u00e9rences de prix et de fonctionnalit\u00e9s des aides auditives. Quel appareil est le meilleur pour vous ? D\u00e9couvrez-le avec Unisson.","breadcrumb":{"@id":"https:\/\/www.laboratoires-unisson.com\/fr-be\/appareils-auditifs\/comparatif-appareil-auditif#breadcrumb"},"inLanguage":"fr-BE","potentialAction":[{"@type":"ReadAction","target":["https:\/\/www.laboratoires-unisson.com\/fr-be\/appareils-auditifs\/comparatif-appareil-auditif"]}]},{"@type":"ImageObject","inLanguage":"fr-BE","@id":"https:\/\/www.laboratoires-unisson.com\/fr-be\/appareils-auditifs\/comparatif-appareil-auditif#primaryimage","url":"https:\/\/www.laboratoires-unisson.com\/wp-content\/uploads\/2022\/06\/comparatif-appareil-auditif.jpg","contentUrl":"https:\/\/www.laboratoires-unisson.com\/wp-content\/uploads\/2022\/06\/comparatif-appareil-auditif.jpg","width":1440,"height":304},{"@type":"BreadcrumbList","@id":"https:\/\/www.laboratoires-unisson.com\/fr-be\/appareils-auditifs\/comparatif-appareil-auditif#breadcrumb","itemListElement":[{"@type":"ListItem","position":1,"name":"Appareils auditifs","item":"https:\/\/www.laboratoires-unisson.com\/fr-be\/appareils-auditifs"},{"@type":"ListItem","position":2,"name":"Comparatif d\u2019appareils auditifs"}]},{"@type":"WebSite","@id":"https:\/\/www.laboratoires-unisson.com\/fr-be#website","url":"https:\/\/www.laboratoires-unisson.com\/fr-be","name":"Laboratoires Unisson","description":"Appareil auditif et proth\u00e8se auditive Moins Cher jusqu&#039;\u00e0 -40%","publisher":{"@id":"https:\/\/www.laboratoires-unisson.com\/fr-be#organization"},"potentialAction":[{"@type":"SearchAction","target":{"@type":"EntryPoint","urlTemplate":"https:\/\/www.laboratoires-unisson.com\/fr-be?s={search_term_string}"},"query-input":{"@type":"PropertyValueSpecification","valueRequired":true,"valueName":"search_term_string"}}],"inLanguage":"fr-BE"},{"@type":"Organization","@id":"https:\/\/www.laboratoires-unisson.com\/fr-be#organization","name":"Laboratoires Unisson","url":"https:\/\/www.laboratoires-unisson.com\/fr-be","logo":{"@type":"ImageObject","inLanguage":"fr-BE","@id":"https:\/\/www.laboratoires-unisson.com\/fr-be#\/schema\/logo\/image\/","url":"https:\/\/www.laboratoires-unisson.com\/wp-content\/uploads\/2022\/01\/logo-unisson.svg","contentUrl":"https:\/\/www.laboratoires-unisson.com\/wp-content\/uploads\/2022\/01\/logo-unisson.svg","width":1,"height":1,"caption":"Laboratoires Unisson"},"image":{"@id":"https:\/\/www.laboratoires-unisson.com\/fr-be#\/schema\/logo\/image\/"}}]}},"_links":{"self":[{"href":"https:\/\/www.laboratoires-unisson.com\/fr-be\/wp-json\/wp\/v2\/pages\/22370","targetHints":{"allow":["GET"]}}],"collection":[{"href":"https:\/\/www.laboratoires-unisson.com\/fr-be\/wp-json\/wp\/v2\/pages"}],"about":[{"href":"https:\/\/www.laboratoires-unisson.com\/fr-be\/wp-json\/wp\/v2\/types\/page"}],"author":[{"embeddable":true,"href":"https:\/\/www.laboratoires-unisson.com\/fr-be\/wp-json\/wp\/v2\/users\/1"}],"replies":[{"embeddable":true,"href":"https:\/\/www.laboratoires-unisson.com\/fr-be\/wp-json\/wp\/v2\/comments?post=22370"}],"version-history":[{"count":9,"href":"https:\/\/www.laboratoires-unisson.com\/fr-be\/wp-json\/wp\/v2\/pages\/22370\/revisions"}],"predecessor-version":[{"id":31064,"href":"https:\/\/www.laboratoires-unisson.com\/fr-be\/wp-json\/wp\/v2\/pages\/22370\/revisions\/31064"}],"up":[{"embeddable":true,"href":"https:\/\/www.laboratoires-unisson.com\/fr-be\/wp-json\/wp\/v2\/pages\/22442"}],"wp:featuredmedia":[{"embeddable":true,"href":"https:\/\/www.laboratoires-unisson.com\/fr-be\/wp-json\/wp\/v2\/media\/19787"}],"wp:attachment":[{"href":"https:\/\/www.laboratoires-unisson.com\/fr-be\/wp-json\/wp\/v2\/media?parent=22370"}],"curies":[{"name":"wp","href":"https:\/\/api.w.org\/{rel}","templated":true}]}}