{"id":22406,"date":"2022-05-23T14:52:40","date_gmt":"2022-05-23T12:52:40","guid":{"rendered":"https:\/\/www.laboratoires-unisson.com\/intra-cic"},"modified":"2026-04-01T10:49:29","modified_gmt":"2026-04-01T08:49:29","slug":"intra-cic","status":"publish","type":"page","link":"https:\/\/www.laboratoires-unisson.com\/fr-be\/appareils-auditifs\/types\/intra-cic","title":{"rendered":"Appareils auditifs intra-auriculaires"},"content":{"rendered":"","protected":false},"excerpt":{"rendered":"","protected":false},"author":3,"featured_media":19982,"parent":22732,"menu_order":0,"comment_status":"closed","ping_status":"closed","template":"template-catalog.php","meta":{"_acf_changed":false,"footnotes":""},"class_list":["post-22406","page","type-page","status-publish","has-post-thumbnail","hentry"],"acf":[],"yoast_head":"<!-- This site is optimized with the Yoast SEO plugin v27.1.1 - https:\/\/yoast.com\/product\/yoast-seo-wordpress\/ -->\n<title>Appareils auditifs intra auriculaire CIC | Unisson<\/title>\n<meta name=\"description\" content=\"D\u00e9couvrez notre catalogue de proth\u00e8ses intra auriculaire CIC. Invisibles et puissantes, elles assurent \u00e0 la fois discr\u00e9tion et confort d&#039;\u00e9coute.\" \/>\n<meta name=\"robots\" content=\"index, follow, max-snippet:-1, max-image-preview:large, max-video-preview:-1\" \/>\n<link rel=\"canonical\" href=\"https:\/\/www.laboratoires-unisson.com\/fr-be\/wp-json\/wp\/v2\/pages\/22406\" \/>\n<meta property=\"og:locale\" content=\"fr_FR\" \/>\n<meta property=\"og:type\" content=\"article\" \/>\n<meta property=\"og:title\" content=\"Appareils auditifs intra auriculaire CIC | Unisson\" \/>\n<meta property=\"og:description\" content=\"D\u00e9couvrez notre catalogue de proth\u00e8ses intra auriculaire CIC. Invisibles et puissantes, elles assurent \u00e0 la fois discr\u00e9tion et confort d&#039;\u00e9coute.\" \/>\n<meta property=\"og:url\" content=\"https:\/\/www.laboratoires-unisson.com\/fr-be\/appareils-auditifs\/types\/intra-cic\" \/>\n<meta property=\"og:site_name\" content=\"Laboratoires Unisson\" \/>\n<meta property=\"article:modified_time\" content=\"2026-04-01T08:49:29+00:00\" \/>\n<meta property=\"og:image\" content=\"https:\/\/www.laboratoires-unisson.com\/wp-content\/uploads\/2022\/07\/appareil-auditif-intra-auriculaire-min.jpg\" \/>\n\t<meta property=\"og:image:width\" content=\"1439\" \/>\n\t<meta property=\"og:image:height\" content=\"304\" \/>\n\t<meta property=\"og:image:type\" content=\"image\/jpeg\" \/>\n<meta name=\"twitter:card\" content=\"summary_large_image\" \/>\n<meta name=\"twitter:label1\" content=\"Est. reading time\" \/>\n\t<meta name=\"twitter:data1\" content=\"1 minute\" \/>\n<script type=\"application\/ld+json\" class=\"yoast-schema-graph\">{\"@context\":\"https:\/\/schema.org\",\"@graph\":[{\"@type\":\"WebPage\",\"@id\":\"https:\/\/www.laboratoires-unisson.com\/fr-be\/appareils-auditifs\/types\/intra-cic\",\"url\":\"https:\/\/www.laboratoires-unisson.com\/fr-be\/appareils-auditifs\/types\/intra-cic\",\"name\":\"Appareils auditifs intra auriculaire CIC | Unisson\",\"isPartOf\":{\"@id\":\"https:\/\/www.laboratoires-unisson.com\/fr-be#website\"},\"primaryImageOfPage\":{\"@id\":\"https:\/\/www.laboratoires-unisson.com\/fr-be\/appareils-auditifs\/types\/intra-cic#primaryimage\"},\"image\":{\"@id\":\"https:\/\/www.laboratoires-unisson.com\/fr-be\/appareils-auditifs\/types\/intra-cic#primaryimage\"},\"thumbnailUrl\":\"https:\/\/www.laboratoires-unisson.com\/wp-content\/uploads\/2022\/07\/appareil-auditif-intra-auriculaire-min.jpg\",\"datePublished\":\"2022-05-23T12:52:40+00:00\",\"dateModified\":\"2026-04-01T08:49:29+00:00\",\"description\":\"D\u00e9couvrez notre catalogue de proth\u00e8ses intra auriculaire CIC. Invisibles et puissantes, elles assurent \u00e0 la fois discr\u00e9tion et confort d'\u00e9coute.\",\"breadcrumb\":{\"@id\":\"https:\/\/www.laboratoires-unisson.com\/fr-be\/appareils-auditifs\/types\/intra-cic#breadcrumb\"},\"inLanguage\":\"fr-BE\",\"potentialAction\":[{\"@type\":\"ReadAction\",\"target\":[\"https:\/\/www.laboratoires-unisson.com\/fr-be\/appareils-auditifs\/types\/intra-cic\"]}]},{\"@type\":\"ImageObject\",\"inLanguage\":\"fr-BE\",\"@id\":\"https:\/\/www.laboratoires-unisson.com\/fr-be\/appareils-auditifs\/types\/intra-cic#primaryimage\",\"url\":\"https:\/\/www.laboratoires-unisson.com\/wp-content\/uploads\/2022\/07\/appareil-auditif-intra-auriculaire-min.jpg\",\"contentUrl\":\"https:\/\/www.laboratoires-unisson.com\/wp-content\/uploads\/2022\/07\/appareil-auditif-intra-auriculaire-min.jpg\",\"width\":1439,\"height\":304},{\"@type\":\"BreadcrumbList\",\"@id\":\"https:\/\/www.laboratoires-unisson.com\/fr-be\/appareils-auditifs\/types\/intra-cic#breadcrumb\",\"itemListElement\":[{\"@type\":\"ListItem\",\"position\":1,\"name\":\"Appareils auditifs\",\"item\":\"https:\/\/www.laboratoires-unisson.com\/fr-be\/appareils-auditifs\"},{\"@type\":\"ListItem\",\"position\":2,\"name\":\"Types\",\"item\":\"https:\/\/www.laboratoires-unisson.com\/fr-be\/appareils-auditifs\/types\"},{\"@type\":\"ListItem\",\"position\":3,\"name\":\"Appareils auditifs intra-auriculaires\"}]},{\"@type\":\"WebSite\",\"@id\":\"https:\/\/www.laboratoires-unisson.com\/fr-be#website\",\"url\":\"https:\/\/www.laboratoires-unisson.com\/fr-be\",\"name\":\"Laboratoires Unisson\",\"description\":\"Appareil auditif et proth\u00e8se auditive Moins Cher jusqu&#039;\u00e0 -40%\",\"publisher\":{\"@id\":\"https:\/\/www.laboratoires-unisson.com\/fr-be#organization\"},\"potentialAction\":[{\"@type\":\"SearchAction\",\"target\":{\"@type\":\"EntryPoint\",\"urlTemplate\":\"https:\/\/www.laboratoires-unisson.com\/fr-be?s={search_term_string}\"},\"query-input\":{\"@type\":\"PropertyValueSpecification\",\"valueRequired\":true,\"valueName\":\"search_term_string\"}}],\"inLanguage\":\"fr-BE\"},{\"@type\":\"Organization\",\"@id\":\"https:\/\/www.laboratoires-unisson.com\/fr-be#organization\",\"name\":\"Laboratoires Unisson\",\"url\":\"https:\/\/www.laboratoires-unisson.com\/fr-be\",\"logo\":{\"@type\":\"ImageObject\",\"inLanguage\":\"fr-BE\",\"@id\":\"https:\/\/www.laboratoires-unisson.com\/fr-be#\/schema\/logo\/image\/\",\"url\":\"https:\/\/www.laboratoires-unisson.com\/wp-content\/uploads\/2022\/01\/logo-unisson.svg\",\"contentUrl\":\"https:\/\/www.laboratoires-unisson.com\/wp-content\/uploads\/2022\/01\/logo-unisson.svg\",\"width\":1,\"height\":1,\"caption\":\"Laboratoires Unisson\"},\"image\":{\"@id\":\"https:\/\/www.laboratoires-unisson.com\/fr-be#\/schema\/logo\/image\/\"}}]}<\/script>\n<!-- \/ Yoast SEO plugin. -->","yoast_head_json":{"title":"Appareils auditifs intra auriculaire CIC | Unisson","description":"D\u00e9couvrez notre catalogue de proth\u00e8ses intra auriculaire CIC. Invisibles et puissantes, elles assurent \u00e0 la fois discr\u00e9tion et confort d'\u00e9coute.","robots":{"index":"index","follow":"follow","max-snippet":"max-snippet:-1","max-image-preview":"max-image-preview:large","max-video-preview":"max-video-preview:-1"},"canonical":"https:\/\/www.laboratoires-unisson.com\/fr-be\/wp-json\/wp\/v2\/pages\/22406","og_locale":"fr_FR","og_type":"article","og_title":"Appareils auditifs intra auriculaire CIC | Unisson","og_description":"D\u00e9couvrez notre catalogue de proth\u00e8ses intra auriculaire CIC. Invisibles et puissantes, elles assurent \u00e0 la fois discr\u00e9tion et confort d'\u00e9coute.","og_url":"https:\/\/www.laboratoires-unisson.com\/fr-be\/appareils-auditifs\/types\/intra-cic","og_site_name":"Laboratoires Unisson","article_modified_time":"2026-04-01T08:49:29+00:00","og_image":[{"width":1439,"height":304,"url":"https:\/\/www.laboratoires-unisson.com\/wp-content\/uploads\/2022\/07\/appareil-auditif-intra-auriculaire-min.jpg","type":"image\/jpeg"}],"twitter_card":"summary_large_image","twitter_misc":{"Est. reading time":"1 minute"},"schema":{"@context":"https:\/\/schema.org","@graph":[{"@type":"WebPage","@id":"https:\/\/www.laboratoires-unisson.com\/fr-be\/appareils-auditifs\/types\/intra-cic","url":"https:\/\/www.laboratoires-unisson.com\/fr-be\/appareils-auditifs\/types\/intra-cic","name":"Appareils auditifs intra auriculaire CIC | Unisson","isPartOf":{"@id":"https:\/\/www.laboratoires-unisson.com\/fr-be#website"},"primaryImageOfPage":{"@id":"https:\/\/www.laboratoires-unisson.com\/fr-be\/appareils-auditifs\/types\/intra-cic#primaryimage"},"image":{"@id":"https:\/\/www.laboratoires-unisson.com\/fr-be\/appareils-auditifs\/types\/intra-cic#primaryimage"},"thumbnailUrl":"https:\/\/www.laboratoires-unisson.com\/wp-content\/uploads\/2022\/07\/appareil-auditif-intra-auriculaire-min.jpg","datePublished":"2022-05-23T12:52:40+00:00","dateModified":"2026-04-01T08:49:29+00:00","description":"D\u00e9couvrez notre catalogue de proth\u00e8ses intra auriculaire CIC. Invisibles et puissantes, elles assurent \u00e0 la fois discr\u00e9tion et confort d'\u00e9coute.","breadcrumb":{"@id":"https:\/\/www.laboratoires-unisson.com\/fr-be\/appareils-auditifs\/types\/intra-cic#breadcrumb"},"inLanguage":"fr-BE","potentialAction":[{"@type":"ReadAction","target":["https:\/\/www.laboratoires-unisson.com\/fr-be\/appareils-auditifs\/types\/intra-cic"]}]},{"@type":"ImageObject","inLanguage":"fr-BE","@id":"https:\/\/www.laboratoires-unisson.com\/fr-be\/appareils-auditifs\/types\/intra-cic#primaryimage","url":"https:\/\/www.laboratoires-unisson.com\/wp-content\/uploads\/2022\/07\/appareil-auditif-intra-auriculaire-min.jpg","contentUrl":"https:\/\/www.laboratoires-unisson.com\/wp-content\/uploads\/2022\/07\/appareil-auditif-intra-auriculaire-min.jpg","width":1439,"height":304},{"@type":"BreadcrumbList","@id":"https:\/\/www.laboratoires-unisson.com\/fr-be\/appareils-auditifs\/types\/intra-cic#breadcrumb","itemListElement":[{"@type":"ListItem","position":1,"name":"Appareils auditifs","item":"https:\/\/www.laboratoires-unisson.com\/fr-be\/appareils-auditifs"},{"@type":"ListItem","position":2,"name":"Types","item":"https:\/\/www.laboratoires-unisson.com\/fr-be\/appareils-auditifs\/types"},{"@type":"ListItem","position":3,"name":"Appareils auditifs intra-auriculaires"}]},{"@type":"WebSite","@id":"https:\/\/www.laboratoires-unisson.com\/fr-be#website","url":"https:\/\/www.laboratoires-unisson.com\/fr-be","name":"Laboratoires Unisson","description":"Appareil auditif et proth\u00e8se auditive Moins Cher jusqu&#039;\u00e0 -40%","publisher":{"@id":"https:\/\/www.laboratoires-unisson.com\/fr-be#organization"},"potentialAction":[{"@type":"SearchAction","target":{"@type":"EntryPoint","urlTemplate":"https:\/\/www.laboratoires-unisson.com\/fr-be?s={search_term_string}"},"query-input":{"@type":"PropertyValueSpecification","valueRequired":true,"valueName":"search_term_string"}}],"inLanguage":"fr-BE"},{"@type":"Organization","@id":"https:\/\/www.laboratoires-unisson.com\/fr-be#organization","name":"Laboratoires Unisson","url":"https:\/\/www.laboratoires-unisson.com\/fr-be","logo":{"@type":"ImageObject","inLanguage":"fr-BE","@id":"https:\/\/www.laboratoires-unisson.com\/fr-be#\/schema\/logo\/image\/","url":"https:\/\/www.laboratoires-unisson.com\/wp-content\/uploads\/2022\/01\/logo-unisson.svg","contentUrl":"https:\/\/www.laboratoires-unisson.com\/wp-content\/uploads\/2022\/01\/logo-unisson.svg","width":1,"height":1,"caption":"Laboratoires Unisson"},"image":{"@id":"https:\/\/www.laboratoires-unisson.com\/fr-be#\/schema\/logo\/image\/"}}]}},"_links":{"self":[{"href":"https:\/\/www.laboratoires-unisson.com\/fr-be\/wp-json\/wp\/v2\/pages\/22406","targetHints":{"allow":["GET"]}}],"collection":[{"href":"https:\/\/www.laboratoires-unisson.com\/fr-be\/wp-json\/wp\/v2\/pages"}],"about":[{"href":"https:\/\/www.laboratoires-unisson.com\/fr-be\/wp-json\/wp\/v2\/types\/page"}],"author":[{"embeddable":true,"href":"https:\/\/www.laboratoires-unisson.com\/fr-be\/wp-json\/wp\/v2\/users\/3"}],"replies":[{"embeddable":true,"href":"https:\/\/www.laboratoires-unisson.com\/fr-be\/wp-json\/wp\/v2\/comments?post=22406"}],"version-history":[{"count":5,"href":"https:\/\/www.laboratoires-unisson.com\/fr-be\/wp-json\/wp\/v2\/pages\/22406\/revisions"}],"predecessor-version":[{"id":32837,"href":"https:\/\/www.laboratoires-unisson.com\/fr-be\/wp-json\/wp\/v2\/pages\/22406\/revisions\/32837"}],"up":[{"embeddable":true,"href":"https:\/\/www.laboratoires-unisson.com\/fr-be\/wp-json\/wp\/v2\/pages\/22732"}],"wp:featuredmedia":[{"embeddable":true,"href":"https:\/\/www.laboratoires-unisson.com\/fr-be\/wp-json\/wp\/v2\/media\/19982"}],"wp:attachment":[{"href":"https:\/\/www.laboratoires-unisson.com\/fr-be\/wp-json\/wp\/v2\/media?parent=22406"}],"curies":[{"name":"wp","href":"https:\/\/api.w.org\/{rel}","templated":true}]}}