{"id":22431,"date":"2022-05-18T18:09:42","date_gmt":"2022-05-18T16:09:42","guid":{"rendered":"https:\/\/www.laboratoires-unisson.com\/signia"},"modified":"2025-10-28T15:33:21","modified_gmt":"2025-10-28T14:33:21","slug":"signia","status":"publish","type":"page","link":"https:\/\/www.laboratoires-unisson.com\/fr-be\/appareils-auditifs\/marques\/signia","title":{"rendered":"Signia &#8211; Siemens"},"content":{"rendered":"","protected":false},"excerpt":{"rendered":"","protected":false},"author":3,"featured_media":19623,"parent":22436,"menu_order":0,"comment_status":"closed","ping_status":"closed","template":"template-catalog.php","meta":{"_acf_changed":false,"footnotes":""},"class_list":["post-22431","page","type-page","status-publish","has-post-thumbnail","hentry"],"acf":[],"yoast_head":"<!-- This site is optimized with the Yoast SEO plugin v27.1.1 - https:\/\/yoast.com\/product\/yoast-seo-wordpress\/ -->\n<title>Appareil auditif Signia \/ Siemens | Meilleur prix de Belgique<\/title>\n<meta name=\"description\" content=\"Explorez les appareils auditifs Signia chez Unisson : technologie avanc\u00e9e pour un confort d&#039;\u00e9coute sup\u00e9rieur. D\u00e9couvrez tous les mod\u00e8les au meilleur prix.\" \/>\n<meta name=\"robots\" content=\"index, follow, max-snippet:-1, max-image-preview:large, max-video-preview:-1\" \/>\n<link rel=\"canonical\" href=\"https:\/\/www.laboratoires-unisson.com\/fr-be\/wp-json\/wp\/v2\/pages\/22431\" \/>\n<meta property=\"og:locale\" content=\"fr_FR\" \/>\n<meta property=\"og:type\" content=\"article\" \/>\n<meta property=\"og:title\" content=\"Appareil auditif Signia \/ Siemens | Meilleur prix de Belgique\" \/>\n<meta property=\"og:description\" content=\"Explorez les appareils auditifs Signia chez Unisson : technologie avanc\u00e9e pour un confort d&#039;\u00e9coute sup\u00e9rieur. D\u00e9couvrez tous les mod\u00e8les au meilleur prix.\" \/>\n<meta property=\"og:url\" content=\"https:\/\/www.laboratoires-unisson.com\/fr-be\/appareils-auditifs\/marques\/signia\" \/>\n<meta property=\"og:site_name\" content=\"Laboratoires Unisson\" \/>\n<meta property=\"article:modified_time\" content=\"2025-10-28T14:33:21+00:00\" \/>\n<meta property=\"og:image\" content=\"https:\/\/www.laboratoires-unisson.com\/wp-content\/uploads\/2022\/05\/appareil-auditif-signia.jpg\" \/>\n\t<meta property=\"og:image:width\" content=\"1440\" \/>\n\t<meta property=\"og:image:height\" content=\"304\" \/>\n\t<meta property=\"og:image:type\" content=\"image\/jpeg\" \/>\n<meta name=\"twitter:card\" content=\"summary_large_image\" \/>\n<meta name=\"twitter:label1\" content=\"Est. reading time\" \/>\n\t<meta name=\"twitter:data1\" content=\"1 minute\" \/>\n<script type=\"application\/ld+json\" class=\"yoast-schema-graph\">{\"@context\":\"https:\/\/schema.org\",\"@graph\":[{\"@type\":\"WebPage\",\"@id\":\"https:\/\/www.laboratoires-unisson.com\/fr-be\/appareils-auditifs\/marques\/signia\",\"url\":\"https:\/\/www.laboratoires-unisson.com\/fr-be\/appareils-auditifs\/marques\/signia\",\"name\":\"Appareil auditif Signia \/ Siemens | Meilleur prix de Belgique\",\"isPartOf\":{\"@id\":\"https:\/\/www.laboratoires-unisson.com\/fr-be#website\"},\"primaryImageOfPage\":{\"@id\":\"https:\/\/www.laboratoires-unisson.com\/fr-be\/appareils-auditifs\/marques\/signia#primaryimage\"},\"image\":{\"@id\":\"https:\/\/www.laboratoires-unisson.com\/fr-be\/appareils-auditifs\/marques\/signia#primaryimage\"},\"thumbnailUrl\":\"https:\/\/www.laboratoires-unisson.com\/wp-content\/uploads\/2022\/05\/appareil-auditif-signia.jpg\",\"datePublished\":\"2022-05-18T16:09:42+00:00\",\"dateModified\":\"2025-10-28T14:33:21+00:00\",\"description\":\"Explorez les appareils auditifs Signia chez Unisson : technologie avanc\u00e9e pour un confort d'\u00e9coute sup\u00e9rieur. D\u00e9couvrez tous les mod\u00e8les au meilleur prix.\",\"breadcrumb\":{\"@id\":\"https:\/\/www.laboratoires-unisson.com\/fr-be\/appareils-auditifs\/marques\/signia#breadcrumb\"},\"inLanguage\":\"fr-BE\",\"potentialAction\":[{\"@type\":\"ReadAction\",\"target\":[\"https:\/\/www.laboratoires-unisson.com\/fr-be\/appareils-auditifs\/marques\/signia\"]}]},{\"@type\":\"ImageObject\",\"inLanguage\":\"fr-BE\",\"@id\":\"https:\/\/www.laboratoires-unisson.com\/fr-be\/appareils-auditifs\/marques\/signia#primaryimage\",\"url\":\"https:\/\/www.laboratoires-unisson.com\/wp-content\/uploads\/2022\/05\/appareil-auditif-signia.jpg\",\"contentUrl\":\"https:\/\/www.laboratoires-unisson.com\/wp-content\/uploads\/2022\/05\/appareil-auditif-signia.jpg\",\"width\":1440,\"height\":304},{\"@type\":\"BreadcrumbList\",\"@id\":\"https:\/\/www.laboratoires-unisson.com\/fr-be\/appareils-auditifs\/marques\/signia#breadcrumb\",\"itemListElement\":[{\"@type\":\"ListItem\",\"position\":1,\"name\":\"Appareils auditifs\",\"item\":\"https:\/\/www.laboratoires-unisson.com\/fr-be\/appareils-auditifs\"},{\"@type\":\"ListItem\",\"position\":2,\"name\":\"Marques d&rsquo;appareil auditif : les marques disponibles\",\"item\":\"https:\/\/www.laboratoires-unisson.com\/fr-be\/appareils-auditifs\/marques\"},{\"@type\":\"ListItem\",\"position\":3,\"name\":\"Signia &#8211; Siemens\"}]},{\"@type\":\"WebSite\",\"@id\":\"https:\/\/www.laboratoires-unisson.com\/fr-be#website\",\"url\":\"https:\/\/www.laboratoires-unisson.com\/fr-be\",\"name\":\"Laboratoires Unisson\",\"description\":\"Appareil auditif et proth\u00e8se auditive Moins Cher jusqu&#039;\u00e0 -40%\",\"publisher\":{\"@id\":\"https:\/\/www.laboratoires-unisson.com\/fr-be#organization\"},\"potentialAction\":[{\"@type\":\"SearchAction\",\"target\":{\"@type\":\"EntryPoint\",\"urlTemplate\":\"https:\/\/www.laboratoires-unisson.com\/fr-be?s={search_term_string}\"},\"query-input\":{\"@type\":\"PropertyValueSpecification\",\"valueRequired\":true,\"valueName\":\"search_term_string\"}}],\"inLanguage\":\"fr-BE\"},{\"@type\":\"Organization\",\"@id\":\"https:\/\/www.laboratoires-unisson.com\/fr-be#organization\",\"name\":\"Laboratoires Unisson\",\"url\":\"https:\/\/www.laboratoires-unisson.com\/fr-be\",\"logo\":{\"@type\":\"ImageObject\",\"inLanguage\":\"fr-BE\",\"@id\":\"https:\/\/www.laboratoires-unisson.com\/fr-be#\/schema\/logo\/image\/\",\"url\":\"https:\/\/www.laboratoires-unisson.com\/wp-content\/uploads\/2022\/01\/logo-unisson.svg\",\"contentUrl\":\"https:\/\/www.laboratoires-unisson.com\/wp-content\/uploads\/2022\/01\/logo-unisson.svg\",\"width\":1,\"height\":1,\"caption\":\"Laboratoires Unisson\"},\"image\":{\"@id\":\"https:\/\/www.laboratoires-unisson.com\/fr-be#\/schema\/logo\/image\/\"}}]}<\/script>\n<!-- \/ Yoast SEO plugin. -->","yoast_head_json":{"title":"Appareil auditif Signia \/ Siemens | Meilleur prix de Belgique","description":"Explorez les appareils auditifs Signia chez Unisson : technologie avanc\u00e9e pour un confort d'\u00e9coute sup\u00e9rieur. D\u00e9couvrez tous les mod\u00e8les au meilleur prix.","robots":{"index":"index","follow":"follow","max-snippet":"max-snippet:-1","max-image-preview":"max-image-preview:large","max-video-preview":"max-video-preview:-1"},"canonical":"https:\/\/www.laboratoires-unisson.com\/fr-be\/wp-json\/wp\/v2\/pages\/22431","og_locale":"fr_FR","og_type":"article","og_title":"Appareil auditif Signia \/ Siemens | Meilleur prix de Belgique","og_description":"Explorez les appareils auditifs Signia chez Unisson : technologie avanc\u00e9e pour un confort d'\u00e9coute sup\u00e9rieur. D\u00e9couvrez tous les mod\u00e8les au meilleur prix.","og_url":"https:\/\/www.laboratoires-unisson.com\/fr-be\/appareils-auditifs\/marques\/signia","og_site_name":"Laboratoires Unisson","article_modified_time":"2025-10-28T14:33:21+00:00","og_image":[{"width":1440,"height":304,"url":"https:\/\/www.laboratoires-unisson.com\/wp-content\/uploads\/2022\/05\/appareil-auditif-signia.jpg","type":"image\/jpeg"}],"twitter_card":"summary_large_image","twitter_misc":{"Est. reading time":"1 minute"},"schema":{"@context":"https:\/\/schema.org","@graph":[{"@type":"WebPage","@id":"https:\/\/www.laboratoires-unisson.com\/fr-be\/appareils-auditifs\/marques\/signia","url":"https:\/\/www.laboratoires-unisson.com\/fr-be\/appareils-auditifs\/marques\/signia","name":"Appareil auditif Signia \/ Siemens | Meilleur prix de Belgique","isPartOf":{"@id":"https:\/\/www.laboratoires-unisson.com\/fr-be#website"},"primaryImageOfPage":{"@id":"https:\/\/www.laboratoires-unisson.com\/fr-be\/appareils-auditifs\/marques\/signia#primaryimage"},"image":{"@id":"https:\/\/www.laboratoires-unisson.com\/fr-be\/appareils-auditifs\/marques\/signia#primaryimage"},"thumbnailUrl":"https:\/\/www.laboratoires-unisson.com\/wp-content\/uploads\/2022\/05\/appareil-auditif-signia.jpg","datePublished":"2022-05-18T16:09:42+00:00","dateModified":"2025-10-28T14:33:21+00:00","description":"Explorez les appareils auditifs Signia chez Unisson : technologie avanc\u00e9e pour un confort d'\u00e9coute sup\u00e9rieur. D\u00e9couvrez tous les mod\u00e8les au meilleur prix.","breadcrumb":{"@id":"https:\/\/www.laboratoires-unisson.com\/fr-be\/appareils-auditifs\/marques\/signia#breadcrumb"},"inLanguage":"fr-BE","potentialAction":[{"@type":"ReadAction","target":["https:\/\/www.laboratoires-unisson.com\/fr-be\/appareils-auditifs\/marques\/signia"]}]},{"@type":"ImageObject","inLanguage":"fr-BE","@id":"https:\/\/www.laboratoires-unisson.com\/fr-be\/appareils-auditifs\/marques\/signia#primaryimage","url":"https:\/\/www.laboratoires-unisson.com\/wp-content\/uploads\/2022\/05\/appareil-auditif-signia.jpg","contentUrl":"https:\/\/www.laboratoires-unisson.com\/wp-content\/uploads\/2022\/05\/appareil-auditif-signia.jpg","width":1440,"height":304},{"@type":"BreadcrumbList","@id":"https:\/\/www.laboratoires-unisson.com\/fr-be\/appareils-auditifs\/marques\/signia#breadcrumb","itemListElement":[{"@type":"ListItem","position":1,"name":"Appareils auditifs","item":"https:\/\/www.laboratoires-unisson.com\/fr-be\/appareils-auditifs"},{"@type":"ListItem","position":2,"name":"Marques d&rsquo;appareil auditif : les marques disponibles","item":"https:\/\/www.laboratoires-unisson.com\/fr-be\/appareils-auditifs\/marques"},{"@type":"ListItem","position":3,"name":"Signia &#8211; Siemens"}]},{"@type":"WebSite","@id":"https:\/\/www.laboratoires-unisson.com\/fr-be#website","url":"https:\/\/www.laboratoires-unisson.com\/fr-be","name":"Laboratoires Unisson","description":"Appareil auditif et proth\u00e8se auditive Moins Cher jusqu&#039;\u00e0 -40%","publisher":{"@id":"https:\/\/www.laboratoires-unisson.com\/fr-be#organization"},"potentialAction":[{"@type":"SearchAction","target":{"@type":"EntryPoint","urlTemplate":"https:\/\/www.laboratoires-unisson.com\/fr-be?s={search_term_string}"},"query-input":{"@type":"PropertyValueSpecification","valueRequired":true,"valueName":"search_term_string"}}],"inLanguage":"fr-BE"},{"@type":"Organization","@id":"https:\/\/www.laboratoires-unisson.com\/fr-be#organization","name":"Laboratoires Unisson","url":"https:\/\/www.laboratoires-unisson.com\/fr-be","logo":{"@type":"ImageObject","inLanguage":"fr-BE","@id":"https:\/\/www.laboratoires-unisson.com\/fr-be#\/schema\/logo\/image\/","url":"https:\/\/www.laboratoires-unisson.com\/wp-content\/uploads\/2022\/01\/logo-unisson.svg","contentUrl":"https:\/\/www.laboratoires-unisson.com\/wp-content\/uploads\/2022\/01\/logo-unisson.svg","width":1,"height":1,"caption":"Laboratoires Unisson"},"image":{"@id":"https:\/\/www.laboratoires-unisson.com\/fr-be#\/schema\/logo\/image\/"}}]}},"_links":{"self":[{"href":"https:\/\/www.laboratoires-unisson.com\/fr-be\/wp-json\/wp\/v2\/pages\/22431","targetHints":{"allow":["GET"]}}],"collection":[{"href":"https:\/\/www.laboratoires-unisson.com\/fr-be\/wp-json\/wp\/v2\/pages"}],"about":[{"href":"https:\/\/www.laboratoires-unisson.com\/fr-be\/wp-json\/wp\/v2\/types\/page"}],"author":[{"embeddable":true,"href":"https:\/\/www.laboratoires-unisson.com\/fr-be\/wp-json\/wp\/v2\/users\/3"}],"replies":[{"embeddable":true,"href":"https:\/\/www.laboratoires-unisson.com\/fr-be\/wp-json\/wp\/v2\/comments?post=22431"}],"version-history":[{"count":8,"href":"https:\/\/www.laboratoires-unisson.com\/fr-be\/wp-json\/wp\/v2\/pages\/22431\/revisions"}],"predecessor-version":[{"id":31202,"href":"https:\/\/www.laboratoires-unisson.com\/fr-be\/wp-json\/wp\/v2\/pages\/22431\/revisions\/31202"}],"up":[{"embeddable":true,"href":"https:\/\/www.laboratoires-unisson.com\/fr-be\/wp-json\/wp\/v2\/pages\/22436"}],"wp:featuredmedia":[{"embeddable":true,"href":"https:\/\/www.laboratoires-unisson.com\/fr-be\/wp-json\/wp\/v2\/media\/19623"}],"wp:attachment":[{"href":"https:\/\/www.laboratoires-unisson.com\/fr-be\/wp-json\/wp\/v2\/media?parent=22431"}],"curies":[{"name":"wp","href":"https:\/\/api.w.org\/{rel}","templated":true}]}}