{"id":22434,"date":"2022-04-27T13:15:36","date_gmt":"2022-04-27T11:15:36","guid":{"rendered":"https:\/\/www.laboratoires-unisson.com\/nous-choisir\/qui-sommes-nous"},"modified":"2026-03-06T16:19:52","modified_gmt":"2026-03-06T15:19:52","slug":"qui-sommes-nous","status":"publish","type":"page","link":"https:\/\/www.laboratoires-unisson.com\/fr-be\/nous-choisir\/qui-sommes-nous","title":{"rendered":"Qui sommes nous ?"},"content":{"rendered":"","protected":false},"excerpt":{"rendered":"","protected":false},"author":3,"featured_media":0,"parent":22377,"menu_order":0,"comment_status":"closed","ping_status":"closed","template":"template-content.php","meta":{"_acf_changed":false,"footnotes":""},"class_list":["post-22434","page","type-page","status-publish","hentry"],"acf":[],"yoast_head":"<!-- This site is optimized with the Yoast SEO plugin v27.1.1 - https:\/\/yoast.com\/product\/yoast-seo-wordpress\/ -->\n<title>Audioproth\u00e9sistes Unisson, l&#039;enseigne la moins ch\u00e8re de Belgique<\/title>\n<meta name=\"description\" content=\"D\u00e9couvrez Unisson\u00a0: un appareillage accessible \u00e0 tous, des prix transparents et 40% moins chers qu&#039;ailleurs pour un service haut de gamme.\" \/>\n<meta name=\"robots\" content=\"index, follow, max-snippet:-1, max-image-preview:large, max-video-preview:-1\" \/>\n<link rel=\"canonical\" href=\"https:\/\/www.laboratoires-unisson.com\/fr-be\/wp-json\/wp\/v2\/pages\/22434\" \/>\n<meta property=\"og:locale\" content=\"fr_FR\" \/>\n<meta property=\"og:type\" content=\"article\" \/>\n<meta property=\"og:title\" content=\"Audioproth\u00e9sistes Unisson, l&#039;enseigne la moins ch\u00e8re de Belgique\" \/>\n<meta property=\"og:description\" content=\"D\u00e9couvrez Unisson\u00a0: un appareillage accessible \u00e0 tous, des prix transparents et 40% moins chers qu&#039;ailleurs pour un service haut de gamme.\" \/>\n<meta property=\"og:url\" content=\"https:\/\/www.laboratoires-unisson.com\/fr-be\/nous-choisir\/qui-sommes-nous\" \/>\n<meta property=\"og:site_name\" content=\"Laboratoires Unisson\" \/>\n<meta property=\"article:modified_time\" content=\"2026-03-06T15:19:52+00:00\" \/>\n<meta name=\"twitter:card\" content=\"summary_large_image\" \/>\n<script type=\"application\/ld+json\" class=\"yoast-schema-graph\">{\"@context\":\"https:\/\/schema.org\",\"@graph\":[{\"@type\":\"WebPage\",\"@id\":\"https:\/\/www.laboratoires-unisson.com\/fr-be\/nous-choisir\/qui-sommes-nous\",\"url\":\"https:\/\/www.laboratoires-unisson.com\/fr-be\/nous-choisir\/qui-sommes-nous\",\"name\":\"Audioproth\u00e9sistes Unisson, l'enseigne la moins ch\u00e8re de Belgique\",\"isPartOf\":{\"@id\":\"https:\/\/www.laboratoires-unisson.com\/fr-be#website\"},\"datePublished\":\"2022-04-27T11:15:36+00:00\",\"dateModified\":\"2026-03-06T15:19:52+00:00\",\"description\":\"D\u00e9couvrez Unisson\u00a0: un appareillage accessible \u00e0 tous, des prix transparents et 40% moins chers qu'ailleurs pour un service haut de gamme.\",\"breadcrumb\":{\"@id\":\"https:\/\/www.laboratoires-unisson.com\/fr-be\/nous-choisir\/qui-sommes-nous#breadcrumb\"},\"inLanguage\":\"fr-BE\",\"potentialAction\":[{\"@type\":\"ReadAction\",\"target\":[\"https:\/\/www.laboratoires-unisson.com\/fr-be\/nous-choisir\/qui-sommes-nous\"]}]},{\"@type\":\"BreadcrumbList\",\"@id\":\"https:\/\/www.laboratoires-unisson.com\/fr-be\/nous-choisir\/qui-sommes-nous#breadcrumb\",\"itemListElement\":[{\"@type\":\"ListItem\",\"position\":1,\"name\":\"Nous choisir\",\"item\":\"https:\/\/www.laboratoires-unisson.com\/fr-be\/nous-choisir\"},{\"@type\":\"ListItem\",\"position\":2,\"name\":\"Qui sommes nous ?\"}]},{\"@type\":\"WebSite\",\"@id\":\"https:\/\/www.laboratoires-unisson.com\/fr-be#website\",\"url\":\"https:\/\/www.laboratoires-unisson.com\/fr-be\",\"name\":\"Laboratoires Unisson\",\"description\":\"Appareil auditif et proth\u00e8se auditive Moins Cher jusqu&#039;\u00e0 -40%\",\"publisher\":{\"@id\":\"https:\/\/www.laboratoires-unisson.com\/fr-be#organization\"},\"potentialAction\":[{\"@type\":\"SearchAction\",\"target\":{\"@type\":\"EntryPoint\",\"urlTemplate\":\"https:\/\/www.laboratoires-unisson.com\/fr-be?s={search_term_string}\"},\"query-input\":{\"@type\":\"PropertyValueSpecification\",\"valueRequired\":true,\"valueName\":\"search_term_string\"}}],\"inLanguage\":\"fr-BE\"},{\"@type\":\"Organization\",\"@id\":\"https:\/\/www.laboratoires-unisson.com\/fr-be#organization\",\"name\":\"Laboratoires Unisson\",\"url\":\"https:\/\/www.laboratoires-unisson.com\/fr-be\",\"logo\":{\"@type\":\"ImageObject\",\"inLanguage\":\"fr-BE\",\"@id\":\"https:\/\/www.laboratoires-unisson.com\/fr-be#\/schema\/logo\/image\/\",\"url\":\"https:\/\/www.laboratoires-unisson.com\/wp-content\/uploads\/2022\/01\/logo-unisson.svg\",\"contentUrl\":\"https:\/\/www.laboratoires-unisson.com\/wp-content\/uploads\/2022\/01\/logo-unisson.svg\",\"width\":1,\"height\":1,\"caption\":\"Laboratoires Unisson\"},\"image\":{\"@id\":\"https:\/\/www.laboratoires-unisson.com\/fr-be#\/schema\/logo\/image\/\"}}]}<\/script>\n<!-- \/ Yoast SEO plugin. -->","yoast_head_json":{"title":"Audioproth\u00e9sistes Unisson, l'enseigne la moins ch\u00e8re de Belgique","description":"D\u00e9couvrez Unisson\u00a0: un appareillage accessible \u00e0 tous, des prix transparents et 40% moins chers qu'ailleurs pour un service haut de gamme.","robots":{"index":"index","follow":"follow","max-snippet":"max-snippet:-1","max-image-preview":"max-image-preview:large","max-video-preview":"max-video-preview:-1"},"canonical":"https:\/\/www.laboratoires-unisson.com\/fr-be\/wp-json\/wp\/v2\/pages\/22434","og_locale":"fr_FR","og_type":"article","og_title":"Audioproth\u00e9sistes Unisson, l'enseigne la moins ch\u00e8re de Belgique","og_description":"D\u00e9couvrez Unisson\u00a0: un appareillage accessible \u00e0 tous, des prix transparents et 40% moins chers qu'ailleurs pour un service haut de gamme.","og_url":"https:\/\/www.laboratoires-unisson.com\/fr-be\/nous-choisir\/qui-sommes-nous","og_site_name":"Laboratoires Unisson","article_modified_time":"2026-03-06T15:19:52+00:00","twitter_card":"summary_large_image","schema":{"@context":"https:\/\/schema.org","@graph":[{"@type":"WebPage","@id":"https:\/\/www.laboratoires-unisson.com\/fr-be\/nous-choisir\/qui-sommes-nous","url":"https:\/\/www.laboratoires-unisson.com\/fr-be\/nous-choisir\/qui-sommes-nous","name":"Audioproth\u00e9sistes Unisson, l'enseigne la moins ch\u00e8re de Belgique","isPartOf":{"@id":"https:\/\/www.laboratoires-unisson.com\/fr-be#website"},"datePublished":"2022-04-27T11:15:36+00:00","dateModified":"2026-03-06T15:19:52+00:00","description":"D\u00e9couvrez Unisson\u00a0: un appareillage accessible \u00e0 tous, des prix transparents et 40% moins chers qu'ailleurs pour un service haut de gamme.","breadcrumb":{"@id":"https:\/\/www.laboratoires-unisson.com\/fr-be\/nous-choisir\/qui-sommes-nous#breadcrumb"},"inLanguage":"fr-BE","potentialAction":[{"@type":"ReadAction","target":["https:\/\/www.laboratoires-unisson.com\/fr-be\/nous-choisir\/qui-sommes-nous"]}]},{"@type":"BreadcrumbList","@id":"https:\/\/www.laboratoires-unisson.com\/fr-be\/nous-choisir\/qui-sommes-nous#breadcrumb","itemListElement":[{"@type":"ListItem","position":1,"name":"Nous choisir","item":"https:\/\/www.laboratoires-unisson.com\/fr-be\/nous-choisir"},{"@type":"ListItem","position":2,"name":"Qui sommes nous ?"}]},{"@type":"WebSite","@id":"https:\/\/www.laboratoires-unisson.com\/fr-be#website","url":"https:\/\/www.laboratoires-unisson.com\/fr-be","name":"Laboratoires Unisson","description":"Appareil auditif et proth\u00e8se auditive Moins Cher jusqu&#039;\u00e0 -40%","publisher":{"@id":"https:\/\/www.laboratoires-unisson.com\/fr-be#organization"},"potentialAction":[{"@type":"SearchAction","target":{"@type":"EntryPoint","urlTemplate":"https:\/\/www.laboratoires-unisson.com\/fr-be?s={search_term_string}"},"query-input":{"@type":"PropertyValueSpecification","valueRequired":true,"valueName":"search_term_string"}}],"inLanguage":"fr-BE"},{"@type":"Organization","@id":"https:\/\/www.laboratoires-unisson.com\/fr-be#organization","name":"Laboratoires Unisson","url":"https:\/\/www.laboratoires-unisson.com\/fr-be","logo":{"@type":"ImageObject","inLanguage":"fr-BE","@id":"https:\/\/www.laboratoires-unisson.com\/fr-be#\/schema\/logo\/image\/","url":"https:\/\/www.laboratoires-unisson.com\/wp-content\/uploads\/2022\/01\/logo-unisson.svg","contentUrl":"https:\/\/www.laboratoires-unisson.com\/wp-content\/uploads\/2022\/01\/logo-unisson.svg","width":1,"height":1,"caption":"Laboratoires Unisson"},"image":{"@id":"https:\/\/www.laboratoires-unisson.com\/fr-be#\/schema\/logo\/image\/"}}]}},"_links":{"self":[{"href":"https:\/\/www.laboratoires-unisson.com\/fr-be\/wp-json\/wp\/v2\/pages\/22434","targetHints":{"allow":["GET"]}}],"collection":[{"href":"https:\/\/www.laboratoires-unisson.com\/fr-be\/wp-json\/wp\/v2\/pages"}],"about":[{"href":"https:\/\/www.laboratoires-unisson.com\/fr-be\/wp-json\/wp\/v2\/types\/page"}],"author":[{"embeddable":true,"href":"https:\/\/www.laboratoires-unisson.com\/fr-be\/wp-json\/wp\/v2\/users\/3"}],"replies":[{"embeddable":true,"href":"https:\/\/www.laboratoires-unisson.com\/fr-be\/wp-json\/wp\/v2\/comments?post=22434"}],"version-history":[{"count":10,"href":"https:\/\/www.laboratoires-unisson.com\/fr-be\/wp-json\/wp\/v2\/pages\/22434\/revisions"}],"predecessor-version":[{"id":32680,"href":"https:\/\/www.laboratoires-unisson.com\/fr-be\/wp-json\/wp\/v2\/pages\/22434\/revisions\/32680"}],"up":[{"embeddable":true,"href":"https:\/\/www.laboratoires-unisson.com\/fr-be\/wp-json\/wp\/v2\/pages\/22377"}],"wp:attachment":[{"href":"https:\/\/www.laboratoires-unisson.com\/fr-be\/wp-json\/wp\/v2\/media?parent=22434"}],"curies":[{"name":"wp","href":"https:\/\/api.w.org\/{rel}","templated":true}]}}