{"id":22722,"date":"2022-03-18T15:28:55","date_gmt":"2022-03-18T14:28:55","guid":{"rendered":"https:\/\/www.laboratoires-unisson.com\/depannage-et-reparation-appareil-auditif-express"},"modified":"2025-06-23T11:16:22","modified_gmt":"2025-06-23T09:16:22","slug":"depannage-et-reparation-appareil-auditif-express","status":"publish","type":"page","link":"https:\/\/www.laboratoires-unisson.com\/fr-be\/nos-services\/depannage-et-reparation-appareil-auditif-express","title":{"rendered":"D\u00e9pannage express appareils auditifs"},"content":{"rendered":"","protected":false},"excerpt":{"rendered":"","protected":false},"author":3,"featured_media":0,"parent":22737,"menu_order":0,"comment_status":"closed","ping_status":"closed","template":"template-content.php","meta":{"_acf_changed":false,"footnotes":""},"class_list":["post-22722","page","type-page","status-publish","hentry"],"acf":[],"yoast_head":"<!-- This site is optimized with the Yoast SEO plugin v27.1.1 - https:\/\/yoast.com\/product\/yoast-seo-wordpress\/ -->\n<title>D\u00e9pannage express : R\u00e9parer appareil auditif, audioproth\u00e8se | Unisson<\/title>\n<meta name=\"description\" content=\"Besoin d&#039;une r\u00e9paration rapide de vos proth\u00e8ses ? Unisson offre des services de d\u00e9pannage express pour vos appareils auditifs. D\u00e9couvrez nous\u00a0!\" \/>\n<meta name=\"robots\" content=\"index, follow, max-snippet:-1, max-image-preview:large, max-video-preview:-1\" \/>\n<link rel=\"canonical\" href=\"https:\/\/www.laboratoires-unisson.com\/fr-be\/wp-json\/wp\/v2\/pages\/22722\" \/>\n<meta property=\"og:locale\" content=\"fr_FR\" \/>\n<meta property=\"og:type\" content=\"article\" \/>\n<meta property=\"og:title\" content=\"D\u00e9pannage express : R\u00e9parer appareil auditif, audioproth\u00e8se | Unisson\" \/>\n<meta property=\"og:description\" content=\"Besoin d&#039;une r\u00e9paration rapide de vos proth\u00e8ses ? Unisson offre des services de d\u00e9pannage express pour vos appareils auditifs. D\u00e9couvrez nous\u00a0!\" \/>\n<meta property=\"og:url\" content=\"https:\/\/www.laboratoires-unisson.com\/fr-be\/nos-services\/depannage-et-reparation-appareil-auditif-express\" \/>\n<meta property=\"og:site_name\" content=\"Laboratoires Unisson\" \/>\n<meta property=\"article:modified_time\" content=\"2025-06-23T09:16:22+00:00\" \/>\n<meta name=\"twitter:card\" content=\"summary_large_image\" \/>\n<script type=\"application\/ld+json\" class=\"yoast-schema-graph\">{\"@context\":\"https:\/\/schema.org\",\"@graph\":[{\"@type\":\"WebPage\",\"@id\":\"https:\/\/www.laboratoires-unisson.com\/fr-be\/nos-services\/depannage-et-reparation-appareil-auditif-express\",\"url\":\"https:\/\/www.laboratoires-unisson.com\/fr-be\/nos-services\/depannage-et-reparation-appareil-auditif-express\",\"name\":\"D\u00e9pannage express : R\u00e9parer appareil auditif, audioproth\u00e8se | Unisson\",\"isPartOf\":{\"@id\":\"https:\/\/www.laboratoires-unisson.com\/fr-be#website\"},\"datePublished\":\"2022-03-18T14:28:55+00:00\",\"dateModified\":\"2025-06-23T09:16:22+00:00\",\"description\":\"Besoin d'une r\u00e9paration rapide de vos proth\u00e8ses ? Unisson offre des services de d\u00e9pannage express pour vos appareils auditifs. D\u00e9couvrez nous\u00a0!\",\"breadcrumb\":{\"@id\":\"https:\/\/www.laboratoires-unisson.com\/fr-be\/nos-services\/depannage-et-reparation-appareil-auditif-express#breadcrumb\"},\"inLanguage\":\"fr-BE\",\"potentialAction\":[{\"@type\":\"ReadAction\",\"target\":[\"https:\/\/www.laboratoires-unisson.com\/fr-be\/nos-services\/depannage-et-reparation-appareil-auditif-express\"]}]},{\"@type\":\"BreadcrumbList\",\"@id\":\"https:\/\/www.laboratoires-unisson.com\/fr-be\/nos-services\/depannage-et-reparation-appareil-auditif-express#breadcrumb\",\"itemListElement\":[{\"@type\":\"ListItem\",\"position\":1,\"name\":\"Nos services\",\"item\":\"https:\/\/www.laboratoires-unisson.com\/fr-be\/nos-services\"},{\"@type\":\"ListItem\",\"position\":2,\"name\":\"D\u00e9pannage express appareils auditifs\"}]},{\"@type\":\"WebSite\",\"@id\":\"https:\/\/www.laboratoires-unisson.com\/fr-be#website\",\"url\":\"https:\/\/www.laboratoires-unisson.com\/fr-be\",\"name\":\"Laboratoires Unisson\",\"description\":\"Appareil auditif et proth\u00e8se auditive Moins Cher jusqu&#039;\u00e0 -40%\",\"publisher\":{\"@id\":\"https:\/\/www.laboratoires-unisson.com\/fr-be#organization\"},\"potentialAction\":[{\"@type\":\"SearchAction\",\"target\":{\"@type\":\"EntryPoint\",\"urlTemplate\":\"https:\/\/www.laboratoires-unisson.com\/fr-be?s={search_term_string}\"},\"query-input\":{\"@type\":\"PropertyValueSpecification\",\"valueRequired\":true,\"valueName\":\"search_term_string\"}}],\"inLanguage\":\"fr-BE\"},{\"@type\":\"Organization\",\"@id\":\"https:\/\/www.laboratoires-unisson.com\/fr-be#organization\",\"name\":\"Laboratoires Unisson\",\"url\":\"https:\/\/www.laboratoires-unisson.com\/fr-be\",\"logo\":{\"@type\":\"ImageObject\",\"inLanguage\":\"fr-BE\",\"@id\":\"https:\/\/www.laboratoires-unisson.com\/fr-be#\/schema\/logo\/image\/\",\"url\":\"https:\/\/www.laboratoires-unisson.com\/wp-content\/uploads\/2022\/01\/logo-unisson.svg\",\"contentUrl\":\"https:\/\/www.laboratoires-unisson.com\/wp-content\/uploads\/2022\/01\/logo-unisson.svg\",\"width\":1,\"height\":1,\"caption\":\"Laboratoires Unisson\"},\"image\":{\"@id\":\"https:\/\/www.laboratoires-unisson.com\/fr-be#\/schema\/logo\/image\/\"}}]}<\/script>\n<!-- \/ Yoast SEO plugin. -->","yoast_head_json":{"title":"D\u00e9pannage express : R\u00e9parer appareil auditif, audioproth\u00e8se | Unisson","description":"Besoin d'une r\u00e9paration rapide de vos proth\u00e8ses ? Unisson offre des services de d\u00e9pannage express pour vos appareils auditifs. D\u00e9couvrez nous\u00a0!","robots":{"index":"index","follow":"follow","max-snippet":"max-snippet:-1","max-image-preview":"max-image-preview:large","max-video-preview":"max-video-preview:-1"},"canonical":"https:\/\/www.laboratoires-unisson.com\/fr-be\/wp-json\/wp\/v2\/pages\/22722","og_locale":"fr_FR","og_type":"article","og_title":"D\u00e9pannage express : R\u00e9parer appareil auditif, audioproth\u00e8se | Unisson","og_description":"Besoin d'une r\u00e9paration rapide de vos proth\u00e8ses ? Unisson offre des services de d\u00e9pannage express pour vos appareils auditifs. D\u00e9couvrez nous\u00a0!","og_url":"https:\/\/www.laboratoires-unisson.com\/fr-be\/nos-services\/depannage-et-reparation-appareil-auditif-express","og_site_name":"Laboratoires Unisson","article_modified_time":"2025-06-23T09:16:22+00:00","twitter_card":"summary_large_image","schema":{"@context":"https:\/\/schema.org","@graph":[{"@type":"WebPage","@id":"https:\/\/www.laboratoires-unisson.com\/fr-be\/nos-services\/depannage-et-reparation-appareil-auditif-express","url":"https:\/\/www.laboratoires-unisson.com\/fr-be\/nos-services\/depannage-et-reparation-appareil-auditif-express","name":"D\u00e9pannage express : R\u00e9parer appareil auditif, audioproth\u00e8se | Unisson","isPartOf":{"@id":"https:\/\/www.laboratoires-unisson.com\/fr-be#website"},"datePublished":"2022-03-18T14:28:55+00:00","dateModified":"2025-06-23T09:16:22+00:00","description":"Besoin d'une r\u00e9paration rapide de vos proth\u00e8ses ? Unisson offre des services de d\u00e9pannage express pour vos appareils auditifs. D\u00e9couvrez nous\u00a0!","breadcrumb":{"@id":"https:\/\/www.laboratoires-unisson.com\/fr-be\/nos-services\/depannage-et-reparation-appareil-auditif-express#breadcrumb"},"inLanguage":"fr-BE","potentialAction":[{"@type":"ReadAction","target":["https:\/\/www.laboratoires-unisson.com\/fr-be\/nos-services\/depannage-et-reparation-appareil-auditif-express"]}]},{"@type":"BreadcrumbList","@id":"https:\/\/www.laboratoires-unisson.com\/fr-be\/nos-services\/depannage-et-reparation-appareil-auditif-express#breadcrumb","itemListElement":[{"@type":"ListItem","position":1,"name":"Nos services","item":"https:\/\/www.laboratoires-unisson.com\/fr-be\/nos-services"},{"@type":"ListItem","position":2,"name":"D\u00e9pannage express appareils auditifs"}]},{"@type":"WebSite","@id":"https:\/\/www.laboratoires-unisson.com\/fr-be#website","url":"https:\/\/www.laboratoires-unisson.com\/fr-be","name":"Laboratoires Unisson","description":"Appareil auditif et proth\u00e8se auditive Moins Cher jusqu&#039;\u00e0 -40%","publisher":{"@id":"https:\/\/www.laboratoires-unisson.com\/fr-be#organization"},"potentialAction":[{"@type":"SearchAction","target":{"@type":"EntryPoint","urlTemplate":"https:\/\/www.laboratoires-unisson.com\/fr-be?s={search_term_string}"},"query-input":{"@type":"PropertyValueSpecification","valueRequired":true,"valueName":"search_term_string"}}],"inLanguage":"fr-BE"},{"@type":"Organization","@id":"https:\/\/www.laboratoires-unisson.com\/fr-be#organization","name":"Laboratoires Unisson","url":"https:\/\/www.laboratoires-unisson.com\/fr-be","logo":{"@type":"ImageObject","inLanguage":"fr-BE","@id":"https:\/\/www.laboratoires-unisson.com\/fr-be#\/schema\/logo\/image\/","url":"https:\/\/www.laboratoires-unisson.com\/wp-content\/uploads\/2022\/01\/logo-unisson.svg","contentUrl":"https:\/\/www.laboratoires-unisson.com\/wp-content\/uploads\/2022\/01\/logo-unisson.svg","width":1,"height":1,"caption":"Laboratoires Unisson"},"image":{"@id":"https:\/\/www.laboratoires-unisson.com\/fr-be#\/schema\/logo\/image\/"}}]}},"_links":{"self":[{"href":"https:\/\/www.laboratoires-unisson.com\/fr-be\/wp-json\/wp\/v2\/pages\/22722","targetHints":{"allow":["GET"]}}],"collection":[{"href":"https:\/\/www.laboratoires-unisson.com\/fr-be\/wp-json\/wp\/v2\/pages"}],"about":[{"href":"https:\/\/www.laboratoires-unisson.com\/fr-be\/wp-json\/wp\/v2\/types\/page"}],"author":[{"embeddable":true,"href":"https:\/\/www.laboratoires-unisson.com\/fr-be\/wp-json\/wp\/v2\/users\/3"}],"replies":[{"embeddable":true,"href":"https:\/\/www.laboratoires-unisson.com\/fr-be\/wp-json\/wp\/v2\/comments?post=22722"}],"version-history":[{"count":2,"href":"https:\/\/www.laboratoires-unisson.com\/fr-be\/wp-json\/wp\/v2\/pages\/22722\/revisions"}],"predecessor-version":[{"id":29460,"href":"https:\/\/www.laboratoires-unisson.com\/fr-be\/wp-json\/wp\/v2\/pages\/22722\/revisions\/29460"}],"up":[{"embeddable":true,"href":"https:\/\/www.laboratoires-unisson.com\/fr-be\/wp-json\/wp\/v2\/pages\/22737"}],"wp:attachment":[{"href":"https:\/\/www.laboratoires-unisson.com\/fr-be\/wp-json\/wp\/v2\/media?parent=22722"}],"curies":[{"name":"wp","href":"https:\/\/api.w.org\/{rel}","templated":true}]}}