{"id":22726,"date":"2022-03-18T14:45:53","date_gmt":"2022-03-18T13:45:53","guid":{"rendered":"https:\/\/www.laboratoires-unisson.com\/bilan-auditif"},"modified":"2025-09-03T15:52:09","modified_gmt":"2025-09-03T13:52:09","slug":"bilan-auditif","status":"publish","type":"page","link":"https:\/\/www.laboratoires-unisson.com\/fr-be\/nos-services\/bilan-auditif","title":{"rendered":"Bilan auditif : r\u00e9alisez votre test gratuitement avec Unisson"},"content":{"rendered":"","protected":false},"excerpt":{"rendered":"","protected":false},"author":3,"featured_media":0,"parent":22737,"menu_order":0,"comment_status":"closed","ping_status":"closed","template":"template-content.php","meta":{"_acf_changed":false,"footnotes":""},"class_list":["post-22726","page","type-page","status-publish","hentry"],"acf":[],"yoast_head":"<!-- This site is optimized with the Yoast SEO plugin v27.1.1 - https:\/\/yoast.com\/product\/yoast-seo-wordpress\/ -->\n<title>R\u00e9alisez votre bilan auditif gratuit avec Unisson<\/title>\n<meta name=\"description\" content=\"R\u00e9alisez un bilan auditif gratuit avec Unisson. D\u00e9tectez vos troubles de l&#039;audition et recevez des conseils personnalis\u00e9s sans engagement.\" \/>\n<meta name=\"robots\" content=\"index, follow, max-snippet:-1, max-image-preview:large, max-video-preview:-1\" \/>\n<link rel=\"canonical\" href=\"https:\/\/www.laboratoires-unisson.com\/fr-be\/wp-json\/wp\/v2\/pages\/22726\" \/>\n<meta property=\"og:locale\" content=\"fr_FR\" \/>\n<meta property=\"og:type\" content=\"article\" \/>\n<meta property=\"og:title\" content=\"R\u00e9alisez votre bilan auditif gratuit avec Unisson\" \/>\n<meta property=\"og:description\" content=\"R\u00e9alisez un bilan auditif gratuit avec Unisson. D\u00e9tectez vos troubles de l&#039;audition et recevez des conseils personnalis\u00e9s sans engagement.\" \/>\n<meta property=\"og:url\" content=\"https:\/\/www.laboratoires-unisson.com\/fr-be\/nos-services\/bilan-auditif\" \/>\n<meta property=\"og:site_name\" content=\"Laboratoires Unisson\" \/>\n<meta property=\"article:modified_time\" content=\"2025-09-03T13:52:09+00:00\" \/>\n<meta name=\"twitter:card\" content=\"summary_large_image\" \/>\n<script type=\"application\/ld+json\" class=\"yoast-schema-graph\">{\"@context\":\"https:\/\/schema.org\",\"@graph\":[{\"@type\":\"WebPage\",\"@id\":\"https:\/\/www.laboratoires-unisson.com\/fr-be\/nos-services\/bilan-auditif\",\"url\":\"https:\/\/www.laboratoires-unisson.com\/fr-be\/nos-services\/bilan-auditif\",\"name\":\"R\u00e9alisez votre bilan auditif gratuit avec Unisson\",\"isPartOf\":{\"@id\":\"https:\/\/www.laboratoires-unisson.com\/fr-be#website\"},\"datePublished\":\"2022-03-18T13:45:53+00:00\",\"dateModified\":\"2025-09-03T13:52:09+00:00\",\"description\":\"R\u00e9alisez un bilan auditif gratuit avec Unisson. D\u00e9tectez vos troubles de l'audition et recevez des conseils personnalis\u00e9s sans engagement.\",\"breadcrumb\":{\"@id\":\"https:\/\/www.laboratoires-unisson.com\/fr-be\/nos-services\/bilan-auditif#breadcrumb\"},\"inLanguage\":\"fr-BE\",\"potentialAction\":[{\"@type\":\"ReadAction\",\"target\":[\"https:\/\/www.laboratoires-unisson.com\/fr-be\/nos-services\/bilan-auditif\"]}]},{\"@type\":\"BreadcrumbList\",\"@id\":\"https:\/\/www.laboratoires-unisson.com\/fr-be\/nos-services\/bilan-auditif#breadcrumb\",\"itemListElement\":[{\"@type\":\"ListItem\",\"position\":1,\"name\":\"Nos services\",\"item\":\"https:\/\/www.laboratoires-unisson.com\/fr-be\/nos-services\"},{\"@type\":\"ListItem\",\"position\":2,\"name\":\"Bilan auditif : r\u00e9alisez votre test gratuitement avec Unisson\"}]},{\"@type\":\"WebSite\",\"@id\":\"https:\/\/www.laboratoires-unisson.com\/fr-be#website\",\"url\":\"https:\/\/www.laboratoires-unisson.com\/fr-be\",\"name\":\"Laboratoires Unisson\",\"description\":\"Appareil auditif et proth\u00e8se auditive Moins Cher jusqu&#039;\u00e0 -40%\",\"publisher\":{\"@id\":\"https:\/\/www.laboratoires-unisson.com\/fr-be#organization\"},\"potentialAction\":[{\"@type\":\"SearchAction\",\"target\":{\"@type\":\"EntryPoint\",\"urlTemplate\":\"https:\/\/www.laboratoires-unisson.com\/fr-be?s={search_term_string}\"},\"query-input\":{\"@type\":\"PropertyValueSpecification\",\"valueRequired\":true,\"valueName\":\"search_term_string\"}}],\"inLanguage\":\"fr-BE\"},{\"@type\":\"Organization\",\"@id\":\"https:\/\/www.laboratoires-unisson.com\/fr-be#organization\",\"name\":\"Laboratoires Unisson\",\"url\":\"https:\/\/www.laboratoires-unisson.com\/fr-be\",\"logo\":{\"@type\":\"ImageObject\",\"inLanguage\":\"fr-BE\",\"@id\":\"https:\/\/www.laboratoires-unisson.com\/fr-be#\/schema\/logo\/image\/\",\"url\":\"https:\/\/www.laboratoires-unisson.com\/wp-content\/uploads\/2022\/01\/logo-unisson.svg\",\"contentUrl\":\"https:\/\/www.laboratoires-unisson.com\/wp-content\/uploads\/2022\/01\/logo-unisson.svg\",\"width\":1,\"height\":1,\"caption\":\"Laboratoires Unisson\"},\"image\":{\"@id\":\"https:\/\/www.laboratoires-unisson.com\/fr-be#\/schema\/logo\/image\/\"}}]}<\/script>\n<!-- \/ Yoast SEO plugin. -->","yoast_head_json":{"title":"R\u00e9alisez votre bilan auditif gratuit avec Unisson","description":"R\u00e9alisez un bilan auditif gratuit avec Unisson. D\u00e9tectez vos troubles de l'audition et recevez des conseils personnalis\u00e9s sans engagement.","robots":{"index":"index","follow":"follow","max-snippet":"max-snippet:-1","max-image-preview":"max-image-preview:large","max-video-preview":"max-video-preview:-1"},"canonical":"https:\/\/www.laboratoires-unisson.com\/fr-be\/wp-json\/wp\/v2\/pages\/22726","og_locale":"fr_FR","og_type":"article","og_title":"R\u00e9alisez votre bilan auditif gratuit avec Unisson","og_description":"R\u00e9alisez un bilan auditif gratuit avec Unisson. D\u00e9tectez vos troubles de l'audition et recevez des conseils personnalis\u00e9s sans engagement.","og_url":"https:\/\/www.laboratoires-unisson.com\/fr-be\/nos-services\/bilan-auditif","og_site_name":"Laboratoires Unisson","article_modified_time":"2025-09-03T13:52:09+00:00","twitter_card":"summary_large_image","schema":{"@context":"https:\/\/schema.org","@graph":[{"@type":"WebPage","@id":"https:\/\/www.laboratoires-unisson.com\/fr-be\/nos-services\/bilan-auditif","url":"https:\/\/www.laboratoires-unisson.com\/fr-be\/nos-services\/bilan-auditif","name":"R\u00e9alisez votre bilan auditif gratuit avec Unisson","isPartOf":{"@id":"https:\/\/www.laboratoires-unisson.com\/fr-be#website"},"datePublished":"2022-03-18T13:45:53+00:00","dateModified":"2025-09-03T13:52:09+00:00","description":"R\u00e9alisez un bilan auditif gratuit avec Unisson. D\u00e9tectez vos troubles de l'audition et recevez des conseils personnalis\u00e9s sans engagement.","breadcrumb":{"@id":"https:\/\/www.laboratoires-unisson.com\/fr-be\/nos-services\/bilan-auditif#breadcrumb"},"inLanguage":"fr-BE","potentialAction":[{"@type":"ReadAction","target":["https:\/\/www.laboratoires-unisson.com\/fr-be\/nos-services\/bilan-auditif"]}]},{"@type":"BreadcrumbList","@id":"https:\/\/www.laboratoires-unisson.com\/fr-be\/nos-services\/bilan-auditif#breadcrumb","itemListElement":[{"@type":"ListItem","position":1,"name":"Nos services","item":"https:\/\/www.laboratoires-unisson.com\/fr-be\/nos-services"},{"@type":"ListItem","position":2,"name":"Bilan auditif : r\u00e9alisez votre test gratuitement avec Unisson"}]},{"@type":"WebSite","@id":"https:\/\/www.laboratoires-unisson.com\/fr-be#website","url":"https:\/\/www.laboratoires-unisson.com\/fr-be","name":"Laboratoires Unisson","description":"Appareil auditif et proth\u00e8se auditive Moins Cher jusqu&#039;\u00e0 -40%","publisher":{"@id":"https:\/\/www.laboratoires-unisson.com\/fr-be#organization"},"potentialAction":[{"@type":"SearchAction","target":{"@type":"EntryPoint","urlTemplate":"https:\/\/www.laboratoires-unisson.com\/fr-be?s={search_term_string}"},"query-input":{"@type":"PropertyValueSpecification","valueRequired":true,"valueName":"search_term_string"}}],"inLanguage":"fr-BE"},{"@type":"Organization","@id":"https:\/\/www.laboratoires-unisson.com\/fr-be#organization","name":"Laboratoires Unisson","url":"https:\/\/www.laboratoires-unisson.com\/fr-be","logo":{"@type":"ImageObject","inLanguage":"fr-BE","@id":"https:\/\/www.laboratoires-unisson.com\/fr-be#\/schema\/logo\/image\/","url":"https:\/\/www.laboratoires-unisson.com\/wp-content\/uploads\/2022\/01\/logo-unisson.svg","contentUrl":"https:\/\/www.laboratoires-unisson.com\/wp-content\/uploads\/2022\/01\/logo-unisson.svg","width":1,"height":1,"caption":"Laboratoires Unisson"},"image":{"@id":"https:\/\/www.laboratoires-unisson.com\/fr-be#\/schema\/logo\/image\/"}}]}},"_links":{"self":[{"href":"https:\/\/www.laboratoires-unisson.com\/fr-be\/wp-json\/wp\/v2\/pages\/22726","targetHints":{"allow":["GET"]}}],"collection":[{"href":"https:\/\/www.laboratoires-unisson.com\/fr-be\/wp-json\/wp\/v2\/pages"}],"about":[{"href":"https:\/\/www.laboratoires-unisson.com\/fr-be\/wp-json\/wp\/v2\/types\/page"}],"author":[{"embeddable":true,"href":"https:\/\/www.laboratoires-unisson.com\/fr-be\/wp-json\/wp\/v2\/users\/3"}],"replies":[{"embeddable":true,"href":"https:\/\/www.laboratoires-unisson.com\/fr-be\/wp-json\/wp\/v2\/comments?post=22726"}],"version-history":[{"count":6,"href":"https:\/\/www.laboratoires-unisson.com\/fr-be\/wp-json\/wp\/v2\/pages\/22726\/revisions"}],"predecessor-version":[{"id":30105,"href":"https:\/\/www.laboratoires-unisson.com\/fr-be\/wp-json\/wp\/v2\/pages\/22726\/revisions\/30105"}],"up":[{"embeddable":true,"href":"https:\/\/www.laboratoires-unisson.com\/fr-be\/wp-json\/wp\/v2\/pages\/22737"}],"wp:attachment":[{"href":"https:\/\/www.laboratoires-unisson.com\/fr-be\/wp-json\/wp\/v2\/media?parent=22726"}],"curies":[{"name":"wp","href":"https:\/\/api.w.org\/{rel}","templated":true}]}}