{"id":22736,"date":"2022-02-07T12:34:30","date_gmt":"2022-02-07T11:34:30","guid":{"rendered":"https:\/\/www.laboratoires-unisson.com\/guide-appareillage-auditif"},"modified":"2024-09-24T17:24:04","modified_gmt":"2024-09-24T15:24:04","slug":"guide-appareillage-auditif","status":"publish","type":"page","link":"https:\/\/www.laboratoires-unisson.com\/fr-be\/guide-appareillage-auditif","title":{"rendered":"Demande de brochure"},"content":{"rendered":"","protected":false},"excerpt":{"rendered":"","protected":false},"author":1,"featured_media":20209,"parent":0,"menu_order":0,"comment_status":"closed","ping_status":"closed","template":"template-contact.php","meta":{"_acf_changed":false,"footnotes":""},"class_list":["post-22736","page","type-page","status-publish","has-post-thumbnail","hentry"],"acf":[],"yoast_head":"<!-- This site is optimized with the Yoast SEO plugin v27.1.1 - https:\/\/yoast.com\/product\/yoast-seo-wordpress\/ -->\n<title>Guide de l&#039;appareillage auditif Gratuit | Audioproth\u00e9siste Unisson<\/title>\n<meta name=\"description\" content=\"Bien entendre ne doit pas \u00eatre un luxe. D\u00e9couvrez notre Guide conseil pour r\u00e9ussir votre appareillage auditif. T\u00e9l\u00e9chargez le gratuitement !\" \/>\n<meta name=\"robots\" content=\"index, follow, max-snippet:-1, max-image-preview:large, max-video-preview:-1\" \/>\n<link rel=\"canonical\" href=\"https:\/\/www.laboratoires-unisson.com\/fr-be\/wp-json\/wp\/v2\/pages\/22736\" \/>\n<meta property=\"og:locale\" content=\"fr_FR\" \/>\n<meta property=\"og:type\" content=\"article\" \/>\n<meta property=\"og:title\" content=\"Guide de l&#039;appareillage auditif Gratuit | Audioproth\u00e9siste Unisson\" \/>\n<meta property=\"og:description\" content=\"Bien entendre ne doit pas \u00eatre un luxe. D\u00e9couvrez notre Guide conseil pour r\u00e9ussir votre appareillage auditif. T\u00e9l\u00e9chargez le gratuitement !\" \/>\n<meta property=\"og:url\" content=\"https:\/\/www.laboratoires-unisson.com\/fr-be\/guide-appareillage-auditif\" \/>\n<meta property=\"og:site_name\" content=\"Laboratoires Unisson\" \/>\n<meta property=\"article:modified_time\" content=\"2024-09-24T15:24:04+00:00\" \/>\n<meta property=\"og:image\" content=\"https:\/\/www.laboratoires-unisson.com\/wp-content\/uploads\/2022\/07\/brochure-audioprothese-min.jpg\" \/>\n\t<meta property=\"og:image:width\" content=\"1440\" \/>\n\t<meta property=\"og:image:height\" content=\"304\" \/>\n\t<meta property=\"og:image:type\" content=\"image\/jpeg\" \/>\n<meta name=\"twitter:card\" content=\"summary_large_image\" \/>\n<script type=\"application\/ld+json\" class=\"yoast-schema-graph\">{\"@context\":\"https:\/\/schema.org\",\"@graph\":[{\"@type\":\"WebPage\",\"@id\":\"https:\/\/www.laboratoires-unisson.com\/fr-be\/guide-appareillage-auditif\",\"url\":\"https:\/\/www.laboratoires-unisson.com\/fr-be\/guide-appareillage-auditif\",\"name\":\"Guide de l'appareillage auditif Gratuit | Audioproth\u00e9siste Unisson\",\"isPartOf\":{\"@id\":\"https:\/\/www.laboratoires-unisson.com\/fr-be#website\"},\"primaryImageOfPage\":{\"@id\":\"https:\/\/www.laboratoires-unisson.com\/fr-be\/guide-appareillage-auditif#primaryimage\"},\"image\":{\"@id\":\"https:\/\/www.laboratoires-unisson.com\/fr-be\/guide-appareillage-auditif#primaryimage\"},\"thumbnailUrl\":\"https:\/\/www.laboratoires-unisson.com\/wp-content\/uploads\/2022\/07\/brochure-audioprothese-min.jpg\",\"datePublished\":\"2022-02-07T11:34:30+00:00\",\"dateModified\":\"2024-09-24T15:24:04+00:00\",\"description\":\"Bien entendre ne doit pas \u00eatre un luxe. D\u00e9couvrez notre Guide conseil pour r\u00e9ussir votre appareillage auditif. T\u00e9l\u00e9chargez le gratuitement !\",\"inLanguage\":\"fr-BE\",\"potentialAction\":[{\"@type\":\"ReadAction\",\"target\":[\"https:\/\/www.laboratoires-unisson.com\/fr-be\/guide-appareillage-auditif\"]}]},{\"@type\":\"ImageObject\",\"inLanguage\":\"fr-BE\",\"@id\":\"https:\/\/www.laboratoires-unisson.com\/fr-be\/guide-appareillage-auditif#primaryimage\",\"url\":\"https:\/\/www.laboratoires-unisson.com\/wp-content\/uploads\/2022\/07\/brochure-audioprothese-min.jpg\",\"contentUrl\":\"https:\/\/www.laboratoires-unisson.com\/wp-content\/uploads\/2022\/07\/brochure-audioprothese-min.jpg\",\"width\":1440,\"height\":304},{\"@type\":\"WebSite\",\"@id\":\"https:\/\/www.laboratoires-unisson.com\/fr-be#website\",\"url\":\"https:\/\/www.laboratoires-unisson.com\/fr-be\",\"name\":\"Laboratoires Unisson\",\"description\":\"Appareil auditif et proth\u00e8se auditive Moins Cher jusqu&#039;\u00e0 -40%\",\"publisher\":{\"@id\":\"https:\/\/www.laboratoires-unisson.com\/fr-be#organization\"},\"potentialAction\":[{\"@type\":\"SearchAction\",\"target\":{\"@type\":\"EntryPoint\",\"urlTemplate\":\"https:\/\/www.laboratoires-unisson.com\/fr-be?s={search_term_string}\"},\"query-input\":{\"@type\":\"PropertyValueSpecification\",\"valueRequired\":true,\"valueName\":\"search_term_string\"}}],\"inLanguage\":\"fr-BE\"},{\"@type\":\"Organization\",\"@id\":\"https:\/\/www.laboratoires-unisson.com\/fr-be#organization\",\"name\":\"Laboratoires Unisson\",\"url\":\"https:\/\/www.laboratoires-unisson.com\/fr-be\",\"logo\":{\"@type\":\"ImageObject\",\"inLanguage\":\"fr-BE\",\"@id\":\"https:\/\/www.laboratoires-unisson.com\/fr-be#\/schema\/logo\/image\/\",\"url\":\"https:\/\/www.laboratoires-unisson.com\/wp-content\/uploads\/2022\/01\/logo-unisson.svg\",\"contentUrl\":\"https:\/\/www.laboratoires-unisson.com\/wp-content\/uploads\/2022\/01\/logo-unisson.svg\",\"width\":1,\"height\":1,\"caption\":\"Laboratoires Unisson\"},\"image\":{\"@id\":\"https:\/\/www.laboratoires-unisson.com\/fr-be#\/schema\/logo\/image\/\"}}]}<\/script>\n<!-- \/ Yoast SEO plugin. -->","yoast_head_json":{"title":"Guide de l'appareillage auditif Gratuit | Audioproth\u00e9siste Unisson","description":"Bien entendre ne doit pas \u00eatre un luxe. D\u00e9couvrez notre Guide conseil pour r\u00e9ussir votre appareillage auditif. T\u00e9l\u00e9chargez le gratuitement !","robots":{"index":"index","follow":"follow","max-snippet":"max-snippet:-1","max-image-preview":"max-image-preview:large","max-video-preview":"max-video-preview:-1"},"canonical":"https:\/\/www.laboratoires-unisson.com\/fr-be\/wp-json\/wp\/v2\/pages\/22736","og_locale":"fr_FR","og_type":"article","og_title":"Guide de l'appareillage auditif Gratuit | Audioproth\u00e9siste Unisson","og_description":"Bien entendre ne doit pas \u00eatre un luxe. D\u00e9couvrez notre Guide conseil pour r\u00e9ussir votre appareillage auditif. T\u00e9l\u00e9chargez le gratuitement !","og_url":"https:\/\/www.laboratoires-unisson.com\/fr-be\/guide-appareillage-auditif","og_site_name":"Laboratoires Unisson","article_modified_time":"2024-09-24T15:24:04+00:00","og_image":[{"width":1440,"height":304,"url":"https:\/\/www.laboratoires-unisson.com\/wp-content\/uploads\/2022\/07\/brochure-audioprothese-min.jpg","type":"image\/jpeg"}],"twitter_card":"summary_large_image","schema":{"@context":"https:\/\/schema.org","@graph":[{"@type":"WebPage","@id":"https:\/\/www.laboratoires-unisson.com\/fr-be\/guide-appareillage-auditif","url":"https:\/\/www.laboratoires-unisson.com\/fr-be\/guide-appareillage-auditif","name":"Guide de l'appareillage auditif Gratuit | Audioproth\u00e9siste Unisson","isPartOf":{"@id":"https:\/\/www.laboratoires-unisson.com\/fr-be#website"},"primaryImageOfPage":{"@id":"https:\/\/www.laboratoires-unisson.com\/fr-be\/guide-appareillage-auditif#primaryimage"},"image":{"@id":"https:\/\/www.laboratoires-unisson.com\/fr-be\/guide-appareillage-auditif#primaryimage"},"thumbnailUrl":"https:\/\/www.laboratoires-unisson.com\/wp-content\/uploads\/2022\/07\/brochure-audioprothese-min.jpg","datePublished":"2022-02-07T11:34:30+00:00","dateModified":"2024-09-24T15:24:04+00:00","description":"Bien entendre ne doit pas \u00eatre un luxe. D\u00e9couvrez notre Guide conseil pour r\u00e9ussir votre appareillage auditif. T\u00e9l\u00e9chargez le gratuitement !","inLanguage":"fr-BE","potentialAction":[{"@type":"ReadAction","target":["https:\/\/www.laboratoires-unisson.com\/fr-be\/guide-appareillage-auditif"]}]},{"@type":"ImageObject","inLanguage":"fr-BE","@id":"https:\/\/www.laboratoires-unisson.com\/fr-be\/guide-appareillage-auditif#primaryimage","url":"https:\/\/www.laboratoires-unisson.com\/wp-content\/uploads\/2022\/07\/brochure-audioprothese-min.jpg","contentUrl":"https:\/\/www.laboratoires-unisson.com\/wp-content\/uploads\/2022\/07\/brochure-audioprothese-min.jpg","width":1440,"height":304},{"@type":"WebSite","@id":"https:\/\/www.laboratoires-unisson.com\/fr-be#website","url":"https:\/\/www.laboratoires-unisson.com\/fr-be","name":"Laboratoires Unisson","description":"Appareil auditif et proth\u00e8se auditive Moins Cher jusqu&#039;\u00e0 -40%","publisher":{"@id":"https:\/\/www.laboratoires-unisson.com\/fr-be#organization"},"potentialAction":[{"@type":"SearchAction","target":{"@type":"EntryPoint","urlTemplate":"https:\/\/www.laboratoires-unisson.com\/fr-be?s={search_term_string}"},"query-input":{"@type":"PropertyValueSpecification","valueRequired":true,"valueName":"search_term_string"}}],"inLanguage":"fr-BE"},{"@type":"Organization","@id":"https:\/\/www.laboratoires-unisson.com\/fr-be#organization","name":"Laboratoires Unisson","url":"https:\/\/www.laboratoires-unisson.com\/fr-be","logo":{"@type":"ImageObject","inLanguage":"fr-BE","@id":"https:\/\/www.laboratoires-unisson.com\/fr-be#\/schema\/logo\/image\/","url":"https:\/\/www.laboratoires-unisson.com\/wp-content\/uploads\/2022\/01\/logo-unisson.svg","contentUrl":"https:\/\/www.laboratoires-unisson.com\/wp-content\/uploads\/2022\/01\/logo-unisson.svg","width":1,"height":1,"caption":"Laboratoires Unisson"},"image":{"@id":"https:\/\/www.laboratoires-unisson.com\/fr-be#\/schema\/logo\/image\/"}}]}},"_links":{"self":[{"href":"https:\/\/www.laboratoires-unisson.com\/fr-be\/wp-json\/wp\/v2\/pages\/22736","targetHints":{"allow":["GET"]}}],"collection":[{"href":"https:\/\/www.laboratoires-unisson.com\/fr-be\/wp-json\/wp\/v2\/pages"}],"about":[{"href":"https:\/\/www.laboratoires-unisson.com\/fr-be\/wp-json\/wp\/v2\/types\/page"}],"author":[{"embeddable":true,"href":"https:\/\/www.laboratoires-unisson.com\/fr-be\/wp-json\/wp\/v2\/users\/1"}],"replies":[{"embeddable":true,"href":"https:\/\/www.laboratoires-unisson.com\/fr-be\/wp-json\/wp\/v2\/comments?post=22736"}],"version-history":[{"count":1,"href":"https:\/\/www.laboratoires-unisson.com\/fr-be\/wp-json\/wp\/v2\/pages\/22736\/revisions"}],"predecessor-version":[{"id":25191,"href":"https:\/\/www.laboratoires-unisson.com\/fr-be\/wp-json\/wp\/v2\/pages\/22736\/revisions\/25191"}],"wp:featuredmedia":[{"embeddable":true,"href":"https:\/\/www.laboratoires-unisson.com\/fr-be\/wp-json\/wp\/v2\/media\/20209"}],"wp:attachment":[{"href":"https:\/\/www.laboratoires-unisson.com\/fr-be\/wp-json\/wp\/v2\/media?parent=22736"}],"curies":[{"name":"wp","href":"https:\/\/api.w.org\/{rel}","templated":true}]}}