{"id":31586,"date":"2025-11-26T17:28:35","date_gmt":"2025-11-26T16:28:35","guid":{"rendered":"https:\/\/www.laboratoires-unisson.com\/?page_id=31586"},"modified":"2025-11-26T18:10:26","modified_gmt":"2025-11-26T17:10:26","slug":"essentiel","status":"publish","type":"page","link":"https:\/\/www.laboratoires-unisson.com\/fr-be\/appareils-auditifs\/prix\/essentiel","title":{"rendered":"Appareil auditif Essentiel"},"content":{"rendered":"","protected":false},"excerpt":{"rendered":"","protected":false},"author":3,"featured_media":0,"parent":22734,"menu_order":0,"comment_status":"closed","ping_status":"closed","template":"template-catalog.php","meta":{"_acf_changed":false,"footnotes":""},"class_list":["post-31586","page","type-page","status-publish","hentry"],"acf":[],"yoast_head":"<!-- This site is optimized with the Yoast SEO plugin v27.1.1 - https:\/\/yoast.com\/product\/yoast-seo-wordpress\/ -->\n<title>Appareil Auditif Gamme Essentiel | Unisson<\/title>\n<meta name=\"description\" content=\"D\u00e9couvrez nos appareils auditifs discrets et simples presque int\u00e9gralement rembours\u00e9s par l&#039;INAMI, r\u00e9pondant \u00e0 vos besoins auditifs initiaux.\" \/>\n<meta name=\"robots\" content=\"index, follow, max-snippet:-1, max-image-preview:large, max-video-preview:-1\" \/>\n<link rel=\"canonical\" href=\"https:\/\/www.laboratoires-unisson.com\/fr-be\/wp-json\/wp\/v2\/pages\/31586\" \/>\n<meta property=\"og:locale\" content=\"fr_FR\" \/>\n<meta property=\"og:type\" content=\"article\" \/>\n<meta property=\"og:title\" content=\"Appareil Auditif Gamme Essentiel | Unisson\" \/>\n<meta property=\"og:description\" content=\"D\u00e9couvrez nos appareils auditifs discrets et simples presque int\u00e9gralement rembours\u00e9s par l&#039;INAMI, r\u00e9pondant \u00e0 vos besoins auditifs initiaux.\" \/>\n<meta property=\"og:url\" content=\"https:\/\/www.laboratoires-unisson.com\/fr-be\/appareils-auditifs\/prix\/essentiel\" \/>\n<meta property=\"og:site_name\" content=\"Laboratoires Unisson\" \/>\n<meta property=\"article:modified_time\" content=\"2025-11-26T17:10:26+00:00\" \/>\n<meta name=\"twitter:card\" content=\"summary_large_image\" \/>\n<script type=\"application\/ld+json\" class=\"yoast-schema-graph\">{\"@context\":\"https:\/\/schema.org\",\"@graph\":[{\"@type\":\"WebPage\",\"@id\":\"https:\/\/www.laboratoires-unisson.com\/fr-be\/appareils-auditifs\/prix\/essentiel\",\"url\":\"https:\/\/www.laboratoires-unisson.com\/fr-be\/appareils-auditifs\/prix\/essentiel\",\"name\":\"Appareil Auditif Gamme Essentiel | Unisson\",\"isPartOf\":{\"@id\":\"https:\/\/www.laboratoires-unisson.com\/fr-be#website\"},\"datePublished\":\"2025-11-26T16:28:35+00:00\",\"dateModified\":\"2025-11-26T17:10:26+00:00\",\"description\":\"D\u00e9couvrez nos appareils auditifs discrets et simples presque int\u00e9gralement rembours\u00e9s par l'INAMI, r\u00e9pondant \u00e0 vos besoins auditifs initiaux.\",\"breadcrumb\":{\"@id\":\"https:\/\/www.laboratoires-unisson.com\/fr-be\/appareils-auditifs\/prix\/essentiel#breadcrumb\"},\"inLanguage\":\"fr-BE\",\"potentialAction\":[{\"@type\":\"ReadAction\",\"target\":[\"https:\/\/www.laboratoires-unisson.com\/fr-be\/appareils-auditifs\/prix\/essentiel\"]}]},{\"@type\":\"BreadcrumbList\",\"@id\":\"https:\/\/www.laboratoires-unisson.com\/fr-be\/appareils-auditifs\/prix\/essentiel#breadcrumb\",\"itemListElement\":[{\"@type\":\"ListItem\",\"position\":1,\"name\":\"Appareils auditifs\",\"item\":\"https:\/\/www.laboratoires-unisson.com\/fr-be\/appareils-auditifs\"},{\"@type\":\"ListItem\",\"position\":2,\"name\":\"Prix\",\"item\":\"https:\/\/www.laboratoires-unisson.com\/fr-be\/appareils-auditifs\/prix\"},{\"@type\":\"ListItem\",\"position\":3,\"name\":\"Appareil auditif Essentiel\"}]},{\"@type\":\"WebSite\",\"@id\":\"https:\/\/www.laboratoires-unisson.com\/fr-be#website\",\"url\":\"https:\/\/www.laboratoires-unisson.com\/fr-be\",\"name\":\"Laboratoires Unisson\",\"description\":\"Appareil auditif et proth\u00e8se auditive Moins Cher jusqu&#039;\u00e0 -40%\",\"publisher\":{\"@id\":\"https:\/\/www.laboratoires-unisson.com\/fr-be#organization\"},\"potentialAction\":[{\"@type\":\"SearchAction\",\"target\":{\"@type\":\"EntryPoint\",\"urlTemplate\":\"https:\/\/www.laboratoires-unisson.com\/fr-be?s={search_term_string}\"},\"query-input\":{\"@type\":\"PropertyValueSpecification\",\"valueRequired\":true,\"valueName\":\"search_term_string\"}}],\"inLanguage\":\"fr-BE\"},{\"@type\":\"Organization\",\"@id\":\"https:\/\/www.laboratoires-unisson.com\/fr-be#organization\",\"name\":\"Laboratoires Unisson\",\"url\":\"https:\/\/www.laboratoires-unisson.com\/fr-be\",\"logo\":{\"@type\":\"ImageObject\",\"inLanguage\":\"fr-BE\",\"@id\":\"https:\/\/www.laboratoires-unisson.com\/fr-be#\/schema\/logo\/image\/\",\"url\":\"https:\/\/www.laboratoires-unisson.com\/wp-content\/uploads\/2022\/01\/logo-unisson.svg\",\"contentUrl\":\"https:\/\/www.laboratoires-unisson.com\/wp-content\/uploads\/2022\/01\/logo-unisson.svg\",\"width\":1,\"height\":1,\"caption\":\"Laboratoires Unisson\"},\"image\":{\"@id\":\"https:\/\/www.laboratoires-unisson.com\/fr-be#\/schema\/logo\/image\/\"}}]}<\/script>\n<!-- \/ Yoast SEO plugin. -->","yoast_head_json":{"title":"Appareil Auditif Gamme Essentiel | Unisson","description":"D\u00e9couvrez nos appareils auditifs discrets et simples presque int\u00e9gralement rembours\u00e9s par l'INAMI, r\u00e9pondant \u00e0 vos besoins auditifs initiaux.","robots":{"index":"index","follow":"follow","max-snippet":"max-snippet:-1","max-image-preview":"max-image-preview:large","max-video-preview":"max-video-preview:-1"},"canonical":"https:\/\/www.laboratoires-unisson.com\/fr-be\/wp-json\/wp\/v2\/pages\/31586","og_locale":"fr_FR","og_type":"article","og_title":"Appareil Auditif Gamme Essentiel | Unisson","og_description":"D\u00e9couvrez nos appareils auditifs discrets et simples presque int\u00e9gralement rembours\u00e9s par l'INAMI, r\u00e9pondant \u00e0 vos besoins auditifs initiaux.","og_url":"https:\/\/www.laboratoires-unisson.com\/fr-be\/appareils-auditifs\/prix\/essentiel","og_site_name":"Laboratoires Unisson","article_modified_time":"2025-11-26T17:10:26+00:00","twitter_card":"summary_large_image","schema":{"@context":"https:\/\/schema.org","@graph":[{"@type":"WebPage","@id":"https:\/\/www.laboratoires-unisson.com\/fr-be\/appareils-auditifs\/prix\/essentiel","url":"https:\/\/www.laboratoires-unisson.com\/fr-be\/appareils-auditifs\/prix\/essentiel","name":"Appareil Auditif Gamme Essentiel | Unisson","isPartOf":{"@id":"https:\/\/www.laboratoires-unisson.com\/fr-be#website"},"datePublished":"2025-11-26T16:28:35+00:00","dateModified":"2025-11-26T17:10:26+00:00","description":"D\u00e9couvrez nos appareils auditifs discrets et simples presque int\u00e9gralement rembours\u00e9s par l'INAMI, r\u00e9pondant \u00e0 vos besoins auditifs initiaux.","breadcrumb":{"@id":"https:\/\/www.laboratoires-unisson.com\/fr-be\/appareils-auditifs\/prix\/essentiel#breadcrumb"},"inLanguage":"fr-BE","potentialAction":[{"@type":"ReadAction","target":["https:\/\/www.laboratoires-unisson.com\/fr-be\/appareils-auditifs\/prix\/essentiel"]}]},{"@type":"BreadcrumbList","@id":"https:\/\/www.laboratoires-unisson.com\/fr-be\/appareils-auditifs\/prix\/essentiel#breadcrumb","itemListElement":[{"@type":"ListItem","position":1,"name":"Appareils auditifs","item":"https:\/\/www.laboratoires-unisson.com\/fr-be\/appareils-auditifs"},{"@type":"ListItem","position":2,"name":"Prix","item":"https:\/\/www.laboratoires-unisson.com\/fr-be\/appareils-auditifs\/prix"},{"@type":"ListItem","position":3,"name":"Appareil auditif Essentiel"}]},{"@type":"WebSite","@id":"https:\/\/www.laboratoires-unisson.com\/fr-be#website","url":"https:\/\/www.laboratoires-unisson.com\/fr-be","name":"Laboratoires Unisson","description":"Appareil auditif et proth\u00e8se auditive Moins Cher jusqu&#039;\u00e0 -40%","publisher":{"@id":"https:\/\/www.laboratoires-unisson.com\/fr-be#organization"},"potentialAction":[{"@type":"SearchAction","target":{"@type":"EntryPoint","urlTemplate":"https:\/\/www.laboratoires-unisson.com\/fr-be?s={search_term_string}"},"query-input":{"@type":"PropertyValueSpecification","valueRequired":true,"valueName":"search_term_string"}}],"inLanguage":"fr-BE"},{"@type":"Organization","@id":"https:\/\/www.laboratoires-unisson.com\/fr-be#organization","name":"Laboratoires Unisson","url":"https:\/\/www.laboratoires-unisson.com\/fr-be","logo":{"@type":"ImageObject","inLanguage":"fr-BE","@id":"https:\/\/www.laboratoires-unisson.com\/fr-be#\/schema\/logo\/image\/","url":"https:\/\/www.laboratoires-unisson.com\/wp-content\/uploads\/2022\/01\/logo-unisson.svg","contentUrl":"https:\/\/www.laboratoires-unisson.com\/wp-content\/uploads\/2022\/01\/logo-unisson.svg","width":1,"height":1,"caption":"Laboratoires Unisson"},"image":{"@id":"https:\/\/www.laboratoires-unisson.com\/fr-be#\/schema\/logo\/image\/"}}]}},"_links":{"self":[{"href":"https:\/\/www.laboratoires-unisson.com\/fr-be\/wp-json\/wp\/v2\/pages\/31586","targetHints":{"allow":["GET"]}}],"collection":[{"href":"https:\/\/www.laboratoires-unisson.com\/fr-be\/wp-json\/wp\/v2\/pages"}],"about":[{"href":"https:\/\/www.laboratoires-unisson.com\/fr-be\/wp-json\/wp\/v2\/types\/page"}],"author":[{"embeddable":true,"href":"https:\/\/www.laboratoires-unisson.com\/fr-be\/wp-json\/wp\/v2\/users\/3"}],"replies":[{"embeddable":true,"href":"https:\/\/www.laboratoires-unisson.com\/fr-be\/wp-json\/wp\/v2\/comments?post=31586"}],"version-history":[{"count":3,"href":"https:\/\/www.laboratoires-unisson.com\/fr-be\/wp-json\/wp\/v2\/pages\/31586\/revisions"}],"predecessor-version":[{"id":31599,"href":"https:\/\/www.laboratoires-unisson.com\/fr-be\/wp-json\/wp\/v2\/pages\/31586\/revisions\/31599"}],"up":[{"embeddable":true,"href":"https:\/\/www.laboratoires-unisson.com\/fr-be\/wp-json\/wp\/v2\/pages\/22734"}],"wp:attachment":[{"href":"https:\/\/www.laboratoires-unisson.com\/fr-be\/wp-json\/wp\/v2\/media?parent=31586"}],"curies":[{"name":"wp","href":"https:\/\/api.w.org\/{rel}","templated":true}]}}