{"id":22666,"date":"2023-09-25T11:48:11","date_gmt":"2023-09-25T09:48:11","guid":{"rendered":"https:\/\/www.laboratoires-unisson.com\/produit\/evolv-ai-1600-cic"},"modified":"2025-12-03T10:06:24","modified_gmt":"2025-12-03T09:06:24","slug":"evolv-ai-1600-cic","status":"publish","type":"product","link":"https:\/\/www.laboratoires-unisson.com\/fr-be\/produit\/appareils-auditifs\/starkey\/evolv-ai-1600-cic","title":{"rendered":"Evolv AI 1600 CIC"},"content":{"rendered":"<p><span style=\"font-weight: 400;\">L&#8217;aide auditive Evolv AI 1600 CIC repr\u00e9sente un mod\u00e8le d\u2019entr\u00e9e de gamme au sein de la gamme de produits Evolv AI Semi-profond CIC de la marque <\/span><a href=\"https:\/\/www.laboratoires-unisson.com\/fr-be\/appareils-auditifs\/marques\/starkey\"><span style=\"font-weight: 400;\">Starkey<\/span><\/a><span style=\"font-weight: 400;\">. Elle incarne un niveau technologique, offrant <\/span><b>des performances notables et une transition facilit\u00e9e entre divers environnements sonores<\/b><span style=\"font-weight: 400;\">.<\/span><\/p>\n<p><span style=\"font-weight: 400;\">Le Evolv AI 1600 CIC <\/span><b>tire parti des technologies sans fil les plus r\u00e9cente<\/b><span style=\"font-weight: 400;\">s et int\u00e8gre la derni\u00e8re puce Thrive, dot\u00e9e de capteurs int\u00e9gr\u00e9s et d&#8217;intelligence artificielle.<\/span><\/p>\n<h3><span style=\"font-weight: 400;\">La gamme d\u2019aides auditives Evolv AI CIC Semi-profond\u00a0<\/span><\/h3>\n<p><span style=\"font-weight: 400;\">Les <\/span><a href=\"https:\/\/www.laboratoires-unisson.com\/fr-be\/appareils-auditifs\"><span style=\"font-weight: 400;\">aides auditives<\/span><\/a><span style=\"font-weight: 400;\"> Evolv AI CIC semi-profondes\u00a0 se distinguent en proposant une am\u00e9lioration de la r\u00e9duction de bruit allant <\/span><b>jusqu&#8217;\u00e0 40% de plus que leurs versions pr\u00e9c\u00e9dentes<\/b><span style=\"font-weight: 400;\">. Cette \u00e9volution assure <\/span><b>une exp\u00e9rience d&#8217;\u00e9coute optimale, nettement plus confortable, avec des am\u00e9liorations notables<\/b><span style=\"font-weight: 400;\"> en ce qui concerne la clart\u00e9 vocale et la qualit\u00e9 sonore, quel que soit le contexte.<\/span><\/p>\n<p><span style=\"font-weight: 400;\">Ces <\/span><a href=\"https:\/\/www.laboratoires-unisson.com\/fr-be\/appareils-auditifs\"><span style=\"font-weight: 400;\">appareils auditifs intra-auriculaires<\/span><\/a><span style=\"font-weight: 400;\">, discrets et agr\u00e9ables \u00e0 porter, int\u00e8grent <\/span><b>des fonctionnalit\u00e9s avanc\u00e9es<\/b><span style=\"font-weight: 400;\">, notamment une suppression du Larsen hautement performante, un g\u00e9n\u00e9rateur de bruit blanc pour att\u00e9nuer les acouph\u00e8nes, ainsi qu&#8217;une gestion efficace du vent et des bruits ind\u00e9sirables.<\/span><\/p>\n<p><span style=\"font-weight: 400;\">Les Evolv AI Semi-profonds CIC se d\u00e9clinent en 10 couleurs et sont disponibles en 3 mod\u00e8les distincts :<\/span><\/p>\n<ul>\n<li style=\"font-weight: 400;\" aria-level=\"1\"><b>Evolv AI 2400 CIC &#8211; Haut de Gamme<\/b><span style=\"font-weight: 400;\"> : Ce mod\u00e8le de pointe, propose une gamme compl\u00e8te de fonctionnalit\u00e9s, notamment Voice AI, Mode Edge, traduction, transcription audio en texte, localisation de t\u00e9l\u00e9phone, assistance Thrive, d\u00e9tection et alertes en cas de chute, ainsi que rappels vocaux. Il offre \u00e9galement une gestion sonore environnementale exceptionnelle et permet l&#8217;acc\u00e8s \u00e0 l&#8217;application Hear Share.<\/span><\/li>\n<li style=\"font-weight: 400;\" aria-level=\"1\"><b>Evolv AI 2000 CIC &#8211; Milieu de Gamme <\/b><span style=\"font-weight: 400;\">: Le mod\u00e8le Evolv AI 2000 CIC, positionn\u00e9 dans la gamme interm\u00e9diaire, int\u00e8gre des caract\u00e9ristiques telles que le Mode Edge, la transcription audio en texte, la localisation de t\u00e9l\u00e9phone, l&#8217;assistance Thrive, la d\u00e9tection et les alertes en cas de chute, ainsi que les rappels vocaux. De plus, il assure une gestion ad\u00e9quate de l&#8217;environnement sonore.<\/span><\/li>\n<li style=\"font-weight: 400;\" aria-level=\"1\"><b>Evolv AI 1600 CIC &#8211; Entr\u00e9e de Gamme<\/b><span style=\"font-weight: 400;\"> : En tant que mod\u00e8le d&#8217;entr\u00e9e de gamme, offre des fonctionnalit\u00e9s essentielles, dont la localisation de t\u00e9l\u00e9phone, l&#8217;assistance Thrive, la d\u00e9tection et les alertes en cas de chute, ainsi que les rappels vocaux.<\/span><\/li>\n<\/ul>\n<h3><span style=\"font-weight: 400;\">Les technologies des Evolv AI CIC Semi-profond\u00a0<\/span><\/h3>\n<h4><span style=\"font-weight: 400;\">Connectivit\u00e9<\/span><\/h4>\n<p><span style=\"font-weight: 400;\">Pour<\/span><b> faciliter la connexion de vos appareils Apple ou Android \u00e0 vos aides auditives<\/b><span style=\"font-weight: 400;\">, les applications <\/span><b>Hear Share et Thrive Hearing Contro<\/b><span style=\"font-weight: 400;\">l sont \u00e0 votre disposition. Il est toutefois important de noter que seule la version Evolv AI 2400 CIC int\u00e8gre l&#8217;application Hear Share (permet de partager des informations utiles telles que votre activit\u00e9 physique, l\u2019utilisation de vos aides auditives ou vos interactions sociales avec les personnes de votre choix).<\/span><\/p>\n<h4><span style=\"font-weight: 400;\">Traitement sonore \u201cStarkey sound\u201d<\/span><\/h4>\n<p><span style=\"font-weight: 400;\">La technologie sonore de Starkey fonctionne de mani\u00e8re ininterrompue et automatique, offrant <\/span><b>une exp\u00e9rience auditive authentique et r\u00e9aliste<\/b><span style=\"font-weight: 400;\"> gr\u00e2ce \u00e0 ses 55 millions d&#8217;ajustements automatiques par heure.<\/span><\/p>\n<h4><span style=\"font-weight: 400;\">Mode Edge<\/span><\/h4>\n<p><span style=\"font-weight: 400;\">B\u00e9n\u00e9ficiez d&#8217;une am\u00e9lioration du signal vocal gr\u00e2ce au Mode Edge, favorisant <\/span><b>une meilleure compr\u00e9hension de la parole<\/b><span style=\"font-weight: 400;\">, m\u00eame dans des lieux bruyants. Cette technologie intelligente <\/span><b>analyse votre environnement sonore, adapte l&#8217;amplification selon vos besoins et r\u00e9pond \u00e0 vos commandes<\/b><span style=\"font-weight: 400;\"> par un l\u00e9ger contact sur votre oreille ou via l&#8217;application Thrive Hearing Control.<\/span><\/p>\n<h4><span style=\"font-weight: 400;\">Assistant intelligent Thrive<\/span><\/h4>\n<p><span style=\"font-weight: 400;\">L&#8217;assistant intelligent Thrive propose des fonctionnalit\u00e9s de pointe, telles que :<\/span><\/p>\n<ul>\n<li style=\"font-weight: 400;\" aria-level=\"1\"><b>Assistance via Thrive<\/b><span style=\"font-weight: 400;\"> : Obtenez des r\u00e9ponses vari\u00e9es gr\u00e2ce \u00e0 la plateforme Thrive.<\/span><\/li>\n<li style=\"font-weight: 400;\" aria-level=\"1\"><b>Traduction<\/b><span style=\"font-weight: 400;\"> : Simplifiez la communication avec des interlocuteurs parlant d&#8217;autres langues.<\/span><\/li>\n<li style=\"font-weight: 400;\" aria-level=\"1\"><b>D\u00e9tection de chute et alertes<\/b><span style=\"font-weight: 400;\"> : Vos aides auditives peuvent rep\u00e9rer les chutes et envoyer des alertes \u00e0 des contacts pr\u00e9\u00e9tablis.<\/span><\/li>\n<li style=\"font-weight: 400;\" aria-level=\"1\"><b>Transcription audio en texte<\/b><span style=\"font-weight: 400;\"> : Convertissez les conversations orales en texte \u00e9crit, vous permettant de lire le contenu verbal.<\/span><\/li>\n<li style=\"font-weight: 400;\" aria-level=\"1\"><b>Rappels vocaux <\/b><span style=\"font-weight: 400;\">: Programmez des rappels pour vos rendez-vous, la prise de m\u00e9dicaments et autres activit\u00e9s personnelles.<\/span><\/li>\n<li style=\"font-weight: 400;\" aria-level=\"1\"><b>Localisation de t\u00e9l\u00e9phone <\/b><span style=\"font-weight: 400;\">: Retrouvez votre t\u00e9l\u00e9phone perdu en tapotant deux fois sur votre aide auditive et en disant \u00ab Trouver mon t\u00e9l\u00e9phone \u00bb<\/span><\/li>\n<\/ul>\n","protected":false},"excerpt":{"rendered":"<p>L&#8217;aide auditive Evolv AI 1600 CIC repr\u00e9sente un mod\u00e8le d\u2019entr\u00e9e de gamme au sein de la gamme de produits Evolv AI Semi-profond CIC de la marque Starkey. Elle incarne un niveau technologique, offrant des performances notables et une transition facilit\u00e9e entre divers environnements sonores. Le Evolv AI 1600 CIC tire parti des technologies sans fil [&hellip;]<\/p>\n","protected":false},"featured_media":21174,"template":"","meta":{"_acf_changed":false},"product_brand":[],"product_cat":[2643],"product_tag":[],"class_list":{"0":"post-22666","1":"product","2":"type-product","3":"status-publish","4":"has-post-thumbnail","6":"product_cat-starkey-fr-be","8":"first","9":"instock","10":"taxable","11":"shipping-taxable","12":"purchasable","13":"product-type-simple"},"acf":[],"yoast_head":"<!-- This site is optimized with the Yoast SEO plugin v27.1.1 - https:\/\/yoast.com\/product\/yoast-seo-wordpress\/ -->\n<title>Appareil auditif Starkey Evolv AI 1600 CIC \u00e0 1650\u20ac - Unisson Belgique<\/title>\n<meta name=\"description\" content=\"L&#039;aide auditive Evolv AI 1600 CIC repr\u00e9sente un mod\u00e8le d\u2019entr\u00e9e de gamme au sein de la gamme de produits Evolv AI Semi-profond CIC de la marque Starkey.\" \/>\n<meta name=\"robots\" content=\"index, follow, max-snippet:-1, max-image-preview:large, max-video-preview:-1\" \/>\n<link rel=\"canonical\" href=\"https:\/\/www.laboratoires-unisson.com\/fr-be\/wp-json\/wp\/v2\/product\/22666\" \/>\n<meta property=\"og:locale\" content=\"fr_FR\" \/>\n<meta property=\"og:type\" content=\"article\" \/>\n<meta property=\"og:title\" content=\"Evolv AI 1600 CIC - Laboratoires Unisson\" \/>\n<meta property=\"og:description\" content=\"L&#039;aide auditive Evolv AI 1600 CIC repr\u00e9sente un mod\u00e8le d\u2019entr\u00e9e de gamme au sein de la gamme de produits Evolv AI Semi-profond CIC de la marque Starkey.\" \/>\n<meta property=\"og:url\" content=\"https:\/\/www.laboratoires-unisson.com\/fr-be\/produit\/appareils-auditifs\/starkey\/evolv-ai-1600-cic\" \/>\n<meta property=\"og:site_name\" content=\"Laboratoires Unisson\" \/>\n<meta property=\"article:modified_time\" content=\"2025-12-03T09:06:24+00:00\" \/>\n<meta property=\"og:image\" content=\"https:\/\/www.laboratoires-unisson.com\/wp-content\/uploads\/2023\/09\/Starkey-Evolv-AI_1600-CIC-1.png\" \/>\n\t<meta property=\"og:image:width\" content=\"450\" \/>\n\t<meta property=\"og:image:height\" content=\"500\" \/>\n\t<meta property=\"og:image:type\" content=\"image\/png\" \/>\n<meta name=\"twitter:card\" content=\"summary_large_image\" \/>\n<meta name=\"twitter:label1\" content=\"Est. reading time\" \/>\n\t<meta name=\"twitter:data1\" content=\"4 minutes\" \/>\n<script type=\"application\/ld+json\" class=\"yoast-schema-graph\">{\"@context\":\"https:\/\/schema.org\",\"@graph\":[{\"@type\":\"WebPage\",\"@id\":\"https:\/\/www.laboratoires-unisson.com\/fr-be\/produit\/appareils-auditifs\/starkey\/evolv-ai-1600-cic\",\"url\":\"https:\/\/www.laboratoires-unisson.com\/fr-be\/produit\/appareils-auditifs\/starkey\/evolv-ai-1600-cic\",\"name\":\"Evolv AI 1600 CIC - Laboratoires Unisson\",\"isPartOf\":{\"@id\":\"https:\/\/www.laboratoires-unisson.com\/fr-be#website\"},\"primaryImageOfPage\":{\"@id\":\"https:\/\/www.laboratoires-unisson.com\/fr-be\/produit\/appareils-auditifs\/starkey\/evolv-ai-1600-cic#primaryimage\"},\"image\":{\"@id\":\"https:\/\/www.laboratoires-unisson.com\/fr-be\/produit\/appareils-auditifs\/starkey\/evolv-ai-1600-cic#primaryimage\"},\"thumbnailUrl\":\"https:\/\/www.laboratoires-unisson.com\/wp-content\/uploads\/2023\/09\/Starkey-Evolv-AI_1600-CIC-1.png\",\"datePublished\":\"2023-09-25T09:48:11+00:00\",\"dateModified\":\"2025-12-03T09:06:24+00:00\",\"description\":\"L'aide auditive Evolv AI 1600 CIC repr\u00e9sente un mod\u00e8le d\u2019entr\u00e9e de gamme au sein de la gamme de produits Evolv AI Semi-profond CIC de la marque Starkey.\",\"breadcrumb\":{\"@id\":\"https:\/\/www.laboratoires-unisson.com\/fr-be\/produit\/appareils-auditifs\/starkey\/evolv-ai-1600-cic#breadcrumb\"},\"inLanguage\":\"fr-BE\",\"potentialAction\":[{\"@type\":\"ReadAction\",\"target\":[\"https:\/\/www.laboratoires-unisson.com\/fr-be\/produit\/appareils-auditifs\/starkey\/evolv-ai-1600-cic\"]}]},{\"@type\":\"ImageObject\",\"inLanguage\":\"fr-BE\",\"@id\":\"https:\/\/www.laboratoires-unisson.com\/fr-be\/produit\/appareils-auditifs\/starkey\/evolv-ai-1600-cic#primaryimage\",\"url\":\"https:\/\/www.laboratoires-unisson.com\/wp-content\/uploads\/2023\/09\/Starkey-Evolv-AI_1600-CIC-1.png\",\"contentUrl\":\"https:\/\/www.laboratoires-unisson.com\/wp-content\/uploads\/2023\/09\/Starkey-Evolv-AI_1600-CIC-1.png\",\"width\":450,\"height\":500},{\"@type\":\"BreadcrumbList\",\"@id\":\"https:\/\/www.laboratoires-unisson.com\/fr-be\/produit\/appareils-auditifs\/starkey\/evolv-ai-1600-cic#breadcrumb\",\"itemListElement\":[{\"@type\":\"ListItem\",\"position\":1,\"name\":\"Shop\",\"item\":\"https:\/\/www.laboratoires-unisson.com\/fr-be\/shop\"},{\"@type\":\"ListItem\",\"position\":2,\"name\":\"Evolv AI 1600 CIC\"}]},{\"@type\":\"WebSite\",\"@id\":\"https:\/\/www.laboratoires-unisson.com\/fr-be#website\",\"url\":\"https:\/\/www.laboratoires-unisson.com\/fr-be\",\"name\":\"Laboratoires Unisson\",\"description\":\"Appareil auditif et proth\u00e8se auditive Moins Cher jusqu&#039;\u00e0 -40%\",\"publisher\":{\"@id\":\"https:\/\/www.laboratoires-unisson.com\/fr-be#organization\"},\"potentialAction\":[{\"@type\":\"SearchAction\",\"target\":{\"@type\":\"EntryPoint\",\"urlTemplate\":\"https:\/\/www.laboratoires-unisson.com\/fr-be?s={search_term_string}\"},\"query-input\":{\"@type\":\"PropertyValueSpecification\",\"valueRequired\":true,\"valueName\":\"search_term_string\"}}],\"inLanguage\":\"fr-BE\"},{\"@type\":\"Organization\",\"@id\":\"https:\/\/www.laboratoires-unisson.com\/fr-be#organization\",\"name\":\"Laboratoires Unisson\",\"url\":\"https:\/\/www.laboratoires-unisson.com\/fr-be\",\"logo\":{\"@type\":\"ImageObject\",\"inLanguage\":\"fr-BE\",\"@id\":\"https:\/\/www.laboratoires-unisson.com\/fr-be#\/schema\/logo\/image\/\",\"url\":\"https:\/\/www.laboratoires-unisson.com\/wp-content\/uploads\/2022\/01\/logo-unisson.svg\",\"contentUrl\":\"https:\/\/www.laboratoires-unisson.com\/wp-content\/uploads\/2022\/01\/logo-unisson.svg\",\"width\":1,\"height\":1,\"caption\":\"Laboratoires Unisson\"},\"image\":{\"@id\":\"https:\/\/www.laboratoires-unisson.com\/fr-be#\/schema\/logo\/image\/\"}}]}<\/script>\n<!-- \/ Yoast SEO plugin. -->","yoast_head_json":{"title":"Appareil auditif Starkey Evolv AI 1600 CIC \u00e0 1650\u20ac - Unisson Belgique","description":"L'aide auditive Evolv AI 1600 CIC repr\u00e9sente un mod\u00e8le d\u2019entr\u00e9e de gamme au sein de la gamme de produits Evolv AI Semi-profond CIC de la marque Starkey.","robots":{"index":"index","follow":"follow","max-snippet":"max-snippet:-1","max-image-preview":"max-image-preview:large","max-video-preview":"max-video-preview:-1"},"canonical":"https:\/\/www.laboratoires-unisson.com\/fr-be\/wp-json\/wp\/v2\/product\/22666","og_locale":"fr_FR","og_type":"article","og_title":"Evolv AI 1600 CIC - Laboratoires Unisson","og_description":"L'aide auditive Evolv AI 1600 CIC repr\u00e9sente un mod\u00e8le d\u2019entr\u00e9e de gamme au sein de la gamme de produits Evolv AI Semi-profond CIC de la marque Starkey.","og_url":"https:\/\/www.laboratoires-unisson.com\/fr-be\/produit\/appareils-auditifs\/starkey\/evolv-ai-1600-cic","og_site_name":"Laboratoires Unisson","article_modified_time":"2025-12-03T09:06:24+00:00","og_image":[{"width":450,"height":500,"url":"https:\/\/www.laboratoires-unisson.com\/wp-content\/uploads\/2023\/09\/Starkey-Evolv-AI_1600-CIC-1.png","type":"image\/png"}],"twitter_card":"summary_large_image","twitter_misc":{"Est. reading time":"4 minutes"},"schema":{"@context":"https:\/\/schema.org","@graph":[{"@type":"WebPage","@id":"https:\/\/www.laboratoires-unisson.com\/fr-be\/produit\/appareils-auditifs\/starkey\/evolv-ai-1600-cic","url":"https:\/\/www.laboratoires-unisson.com\/fr-be\/produit\/appareils-auditifs\/starkey\/evolv-ai-1600-cic","name":"Evolv AI 1600 CIC - Laboratoires Unisson","isPartOf":{"@id":"https:\/\/www.laboratoires-unisson.com\/fr-be#website"},"primaryImageOfPage":{"@id":"https:\/\/www.laboratoires-unisson.com\/fr-be\/produit\/appareils-auditifs\/starkey\/evolv-ai-1600-cic#primaryimage"},"image":{"@id":"https:\/\/www.laboratoires-unisson.com\/fr-be\/produit\/appareils-auditifs\/starkey\/evolv-ai-1600-cic#primaryimage"},"thumbnailUrl":"https:\/\/www.laboratoires-unisson.com\/wp-content\/uploads\/2023\/09\/Starkey-Evolv-AI_1600-CIC-1.png","datePublished":"2023-09-25T09:48:11+00:00","dateModified":"2025-12-03T09:06:24+00:00","description":"L'aide auditive Evolv AI 1600 CIC repr\u00e9sente un mod\u00e8le d\u2019entr\u00e9e de gamme au sein de la gamme de produits Evolv AI Semi-profond CIC de la marque Starkey.","breadcrumb":{"@id":"https:\/\/www.laboratoires-unisson.com\/fr-be\/produit\/appareils-auditifs\/starkey\/evolv-ai-1600-cic#breadcrumb"},"inLanguage":"fr-BE","potentialAction":[{"@type":"ReadAction","target":["https:\/\/www.laboratoires-unisson.com\/fr-be\/produit\/appareils-auditifs\/starkey\/evolv-ai-1600-cic"]}]},{"@type":"ImageObject","inLanguage":"fr-BE","@id":"https:\/\/www.laboratoires-unisson.com\/fr-be\/produit\/appareils-auditifs\/starkey\/evolv-ai-1600-cic#primaryimage","url":"https:\/\/www.laboratoires-unisson.com\/wp-content\/uploads\/2023\/09\/Starkey-Evolv-AI_1600-CIC-1.png","contentUrl":"https:\/\/www.laboratoires-unisson.com\/wp-content\/uploads\/2023\/09\/Starkey-Evolv-AI_1600-CIC-1.png","width":450,"height":500},{"@type":"BreadcrumbList","@id":"https:\/\/www.laboratoires-unisson.com\/fr-be\/produit\/appareils-auditifs\/starkey\/evolv-ai-1600-cic#breadcrumb","itemListElement":[{"@type":"ListItem","position":1,"name":"Shop","item":"https:\/\/www.laboratoires-unisson.com\/fr-be\/shop"},{"@type":"ListItem","position":2,"name":"Evolv AI 1600 CIC"}]},{"@type":"WebSite","@id":"https:\/\/www.laboratoires-unisson.com\/fr-be#website","url":"https:\/\/www.laboratoires-unisson.com\/fr-be","name":"Laboratoires Unisson","description":"Appareil auditif et proth\u00e8se auditive Moins Cher jusqu&#039;\u00e0 -40%","publisher":{"@id":"https:\/\/www.laboratoires-unisson.com\/fr-be#organization"},"potentialAction":[{"@type":"SearchAction","target":{"@type":"EntryPoint","urlTemplate":"https:\/\/www.laboratoires-unisson.com\/fr-be?s={search_term_string}"},"query-input":{"@type":"PropertyValueSpecification","valueRequired":true,"valueName":"search_term_string"}}],"inLanguage":"fr-BE"},{"@type":"Organization","@id":"https:\/\/www.laboratoires-unisson.com\/fr-be#organization","name":"Laboratoires Unisson","url":"https:\/\/www.laboratoires-unisson.com\/fr-be","logo":{"@type":"ImageObject","inLanguage":"fr-BE","@id":"https:\/\/www.laboratoires-unisson.com\/fr-be#\/schema\/logo\/image\/","url":"https:\/\/www.laboratoires-unisson.com\/wp-content\/uploads\/2022\/01\/logo-unisson.svg","contentUrl":"https:\/\/www.laboratoires-unisson.com\/wp-content\/uploads\/2022\/01\/logo-unisson.svg","width":1,"height":1,"caption":"Laboratoires Unisson"},"image":{"@id":"https:\/\/www.laboratoires-unisson.com\/fr-be#\/schema\/logo\/image\/"}}]}},"_links":{"self":[{"href":"https:\/\/www.laboratoires-unisson.com\/fr-be\/wp-json\/wp\/v2\/product\/22666","targetHints":{"allow":["GET"]}}],"collection":[{"href":"https:\/\/www.laboratoires-unisson.com\/fr-be\/wp-json\/wp\/v2\/product"}],"about":[{"href":"https:\/\/www.laboratoires-unisson.com\/fr-be\/wp-json\/wp\/v2\/types\/product"}],"wp:featuredmedia":[{"embeddable":true,"href":"https:\/\/www.laboratoires-unisson.com\/fr-be\/wp-json\/wp\/v2\/media\/21174"}],"wp:attachment":[{"href":"https:\/\/www.laboratoires-unisson.com\/fr-be\/wp-json\/wp\/v2\/media?parent=22666"}],"wp:term":[{"taxonomy":"product_brand","embeddable":true,"href":"https:\/\/www.laboratoires-unisson.com\/fr-be\/wp-json\/wp\/v2\/product_brand?post=22666"},{"taxonomy":"product_cat","embeddable":true,"href":"https:\/\/www.laboratoires-unisson.com\/fr-be\/wp-json\/wp\/v2\/product_cat?post=22666"},{"taxonomy":"product_tag","embeddable":true,"href":"https:\/\/www.laboratoires-unisson.com\/fr-be\/wp-json\/wp\/v2\/product_tag?post=22666"}],"curies":[{"name":"wp","href":"https:\/\/api.w.org\/{rel}","templated":true}]}}