{"id":22667,"date":"2023-09-25T10:34:41","date_gmt":"2023-09-25T08:34:41","guid":{"rendered":"https:\/\/www.laboratoires-unisson.com\/produit\/evolv-ai-2000-cic"},"modified":"2025-12-03T10:06:25","modified_gmt":"2025-12-03T09:06:25","slug":"evolv-ai-2000-cic","status":"publish","type":"product","link":"https:\/\/www.laboratoires-unisson.com\/fr-be\/produit\/appareils-auditifs\/starkey\/evolv-ai-2000-cic","title":{"rendered":"Evolv AI 2000 CIC"},"content":{"rendered":"<p><span style=\"font-weight: 400;\">L\u2019appareil Evolv AI 2000 CIC est une aide auditive auditive milieu de gamme de la marque <\/span><a href=\"https:\/\/www.laboratoires-unisson.com\/fr-be\/appareils-auditifs\/marques\/starkey\"><span style=\"font-weight: 400;\">Starkey<\/span><\/a><span style=\"font-weight: 400;\">, b\u00e9n\u00e9ficiant de <\/span><b>la plus r\u00e9cente technologie sans fil et dot\u00e9e de la derni\u00e8re puce Thrive <\/b><span style=\"font-weight: 400;\">disposant de capteurs int\u00e9gr\u00e9s et d\u2019une intelligence artificielle.\u00a0<\/span><\/p>\n<p><span style=\"font-weight: 400;\">Le Evolv AI 2000 CIC dispose d\u2019un <\/span><b>niveau de technologie avanc\u00e9<\/b><span style=\"font-weight: 400;\">, il offre <\/span><b>de bonnes performances et une souplesse de transition optimale<\/b><span style=\"font-weight: 400;\"> dans toutes sortes d\u2019environnements sonores.<\/span><\/p>\n<h3><span style=\"font-weight: 400;\">Les aides auditives Evolv AI Semi-profond CIC<\/span><\/h3>\n<p><span style=\"font-weight: 400;\">Les Evolv AI semi-profonds CIC se d\u00e9marquent en offrant<\/span><b> jusqu&#8217;\u00e0 40% de r\u00e9duction du bruit en plus<\/b><span style=\"font-weight: 400;\"> par rapport \u00e0 leurs pr\u00e9d\u00e9cesseurs. Cette avanc\u00e9e garantit <\/span><b>une exp\u00e9rience d&#8217;\u00e9coute optimis\u00e9e<\/b><span style=\"font-weight: 400;\">, nettement plus confortable, avec des am\u00e9liorations notables en termes de clart\u00e9 vocale et de qualit\u00e9 sonore dans toutes les situations.<\/span><\/p>\n<p><span style=\"font-weight: 400;\">Ces <\/span><a href=\"https:\/\/www.laboratoires-unisson.com\/fr-be\/appareils-auditifs\"><span style=\"font-weight: 400;\">aides auditives intra-auriculaires<\/span><\/a><span style=\"font-weight: 400;\">, \u00e0 la fois discr\u00e8tes et confortables, int\u00e8grent <\/span><b>des fonctionnalit\u00e9s avanc\u00e9es<\/b><span style=\"font-weight: 400;\"> telles qu&#8217;une suppression du Larsen hautement performante, un g\u00e9n\u00e9rateur de bruit blanc pour att\u00e9nuer les acouph\u00e8nes, ainsi qu&#8217;une gestion efficace du vent et des bruits nuisibles.<\/span><\/p>\n<p><span style=\"font-weight: 400;\">Les Evolv AI Semi-profond CIC se pr\u00e9sentent dans une palette de 10 coloris, avec une vari\u00e9t\u00e9 de 3 mod\u00e8les distincts :<\/span><\/p>\n<ul>\n<li style=\"font-weight: 400;\" aria-level=\"1\"><b>Le haut de gamme &#8211; <\/b><b>Evolv AI 2400 CIC <\/b><span style=\"font-weight: 400;\">: Il est \u00e9quip\u00e9 des fonctionnalit\u00e9s Voice AI, Mode Edge, traduction, transcription audio en texte, localisation de t\u00e9l\u00e9phone, assistance Thrive, d\u00e9tection et alertes en cas de chute, ainsi que rappels vocaux. Il inclut \u00e9galement une gestion sonore environnementale remarquable et donne acc\u00e8s \u00e0 l&#8217;application Hear Share.<\/span><\/li>\n<li style=\"font-weight: 400;\" aria-level=\"1\"><b>Le milieu de Gamme &#8211; Evolv AI 2000 CIC<\/b><span style=\"font-weight: 400;\"> : Il int\u00e8gre les fonctionnalit\u00e9s Mode Edge, transcription audio en texte, localisation de t\u00e9l\u00e9phone, assistance Thrive, d\u00e9tection et alertes en cas de chute, ainsi que rappels vocaux. De plus, il offre une bonne gestion de l&#8217;environnement sonore.<\/span><\/li>\n<li style=\"font-weight: 400;\" aria-level=\"1\"><b>L\u2019entr\u00e9e de gamme &#8211; Evolv AI 1600 CIC<\/b><span style=\"font-weight: 400;\"> : Il offre les fonctionnalit\u00e9s de localisation de t\u00e9l\u00e9phone, assistance Thrive, d\u00e9tection et alertes en cas de chute, ainsi que rappels vocaux.<\/span><\/li>\n<\/ul>\n<h3><span style=\"font-weight: 400;\">Les technologies des mod\u00e8les Evolv AI Semi-profond CIC<\/span><\/h3>\n<h4><span style=\"font-weight: 400;\">Le traitement sonore de Starkey<\/span><\/h4>\n<p><span style=\"font-weight: 400;\">La technologie son de Starkey op\u00e8re de mani\u00e8re continue et automatique, procurant <\/span><b>une exp\u00e9rience auditive plus authentique et r\u00e9aliste<\/b><span style=\"font-weight: 400;\"> gr\u00e2ce \u00e0 ses 55 millions d&#8217;ajustements automatiques par heure.<\/span><\/p>\n<h4><span style=\"font-weight: 400;\">Connectivit\u00e9<\/span><\/h4>\n<p><span style=\"font-weight: 400;\">Les applications Hear Share et Thrive Hearing Control <\/span><b>simplifient la liaison de vos appareils Apple ou Android \u00e0 vos aides auditives connect\u00e9es<\/b><span style=\"font-weight: 400;\">. Cependant, seul le mod\u00e8le Evolv AI 2400 CIC int\u00e8gre l&#8217;application Hear Share.<\/span><\/p>\n<h4><span style=\"font-weight: 400;\">Mode Edge<\/span><\/h4>\n<p><span style=\"font-weight: 400;\">Gr\u00e2ce au Mode Edge, vous acc\u00e9dez \u00e0 une am\u00e9lioration du signal vocal qui <\/span><b>favorise une meilleure compr\u00e9hension de la parole<\/b><span style=\"font-weight: 400;\">, m\u00eame dans des contextes sonores complexes. Cette technologie intelligente analyse votre environnement acoustique, <\/span><b>adapte l&#8217;amplification \u00e0 vos besoins et r\u00e9agit \u00e0 votre demande par une l\u00e9g\u00e8re pression sur votre oreille<\/b><span style=\"font-weight: 400;\"> ou par le biais de l&#8217;application Thrive Hearing Control.<\/span><\/p>\n<h4><span style=\"font-weight: 400;\">Assistant intelligent Thrive<\/span><\/h4>\n<p><span style=\"font-weight: 400;\">L&#8217;assistant intelligent Thrive est pourvu de fonctionnalit\u00e9s de pointe, incluant :<\/span><\/p>\n<ul>\n<li style=\"font-weight: 400;\" aria-level=\"1\"><b>Assistance via Thrive<\/b><span style=\"font-weight: 400;\"> : Obtenez des r\u00e9ponses sur divers sujets via la plateforme Thrive.<\/span><\/li>\n<li style=\"font-weight: 400;\" aria-level=\"1\"><b>Traduction<\/b><span style=\"font-weight: 400;\"> : Simplifiez la communication avec des interlocuteurs parlant d&#8217;autres langues.<\/span><\/li>\n<li style=\"font-weight: 400;\" aria-level=\"1\"><b>D\u00e9tection de chute et alertes<\/b><span style=\"font-weight: 400;\"> : Vos aides auditives peuvent identifier les chutes et envoyer des messages d&#8217;alerte \u00e0 des contacts pr\u00e9\u00e9tablis.<\/span><\/li>\n<li style=\"font-weight: 400;\" aria-level=\"1\"><b>Transcription audio en texte<\/b><span style=\"font-weight: 400;\"> : Transformez les conversations parl\u00e9es en texte \u00e9crit, vous permettant de lire le contenu verbal.<\/span><\/li>\n<li style=\"font-weight: 400;\" aria-level=\"1\"><b>Rappels vocaux<\/b><span style=\"font-weight: 400;\"> : Programmez des rappels pour vos rendez-vous, la prise de m\u00e9dicaments et d&#8217;autres activit\u00e9s personnelles.<\/span><\/li>\n<li style=\"font-weight: 400;\" aria-level=\"1\"><b>Localisation de t\u00e9l\u00e9phone<\/b><span style=\"font-weight: 400;\"> : Retrouvez votre t\u00e9l\u00e9phone \u00e9gar\u00e9 en tapotant deux fois sur votre aide auditive et en disant \u00ab Trouver mon t\u00e9l\u00e9phone \u00bb.<\/span><\/li>\n<\/ul>\n","protected":false},"excerpt":{"rendered":"<p>L\u2019appareil Evolv AI 2000 CIC est une aide auditive auditive milieu de gamme de la marque Starkey, b\u00e9n\u00e9ficiant de la plus r\u00e9cente technologie sans fil et dot\u00e9e de la derni\u00e8re puce Thrive disposant de capteurs int\u00e9gr\u00e9s et d\u2019une intelligence artificielle.\u00a0 Le Evolv AI 2000 CIC dispose d\u2019un niveau de technologie avanc\u00e9, il offre de bonnes [&hellip;]<\/p>\n","protected":false},"featured_media":21166,"template":"","meta":{"_acf_changed":false},"product_brand":[],"product_cat":[2643],"product_tag":[],"class_list":{"0":"post-22667","1":"product","2":"type-product","3":"status-publish","4":"has-post-thumbnail","6":"product_cat-starkey-fr-be","8":"first","9":"instock","10":"taxable","11":"shipping-taxable","12":"purchasable","13":"product-type-simple"},"acf":[],"yoast_head":"<!-- This site is optimized with the Yoast SEO plugin v27.1.1 - https:\/\/yoast.com\/product\/yoast-seo-wordpress\/ -->\n<title>Appareil auditif Starkey Evolv AI 2000 CIC \u00e0 1900\u20ac - Unisson Belgique<\/title>\n<meta name=\"description\" content=\"L\u2019appareil Evolv AI 2000 CIC est une aide auditive auditive milieu de gamme de la marque Starkey, b\u00e9n\u00e9ficiant de la plus r\u00e9cente technologie sans fil et\" \/>\n<meta name=\"robots\" content=\"index, follow, max-snippet:-1, max-image-preview:large, max-video-preview:-1\" \/>\n<link rel=\"canonical\" href=\"https:\/\/www.laboratoires-unisson.com\/fr-be\/wp-json\/wp\/v2\/product\/22667\" \/>\n<meta property=\"og:locale\" content=\"fr_FR\" \/>\n<meta property=\"og:type\" content=\"article\" \/>\n<meta property=\"og:title\" content=\"Evolv AI 2000 CIC - Laboratoires Unisson\" \/>\n<meta property=\"og:description\" content=\"L\u2019appareil Evolv AI 2000 CIC est une aide auditive auditive milieu de gamme de la marque Starkey, b\u00e9n\u00e9ficiant de la plus r\u00e9cente technologie sans fil et\" \/>\n<meta property=\"og:url\" content=\"https:\/\/www.laboratoires-unisson.com\/fr-be\/produit\/appareils-auditifs\/starkey\/evolv-ai-2000-cic\" \/>\n<meta property=\"og:site_name\" content=\"Laboratoires Unisson\" \/>\n<meta property=\"article:modified_time\" content=\"2025-12-03T09:06:25+00:00\" \/>\n<meta property=\"og:image\" content=\"https:\/\/www.laboratoires-unisson.com\/wp-content\/uploads\/2023\/09\/Starkey-Evolv-AI_2000-CIC-1.png\" \/>\n\t<meta property=\"og:image:width\" content=\"450\" \/>\n\t<meta property=\"og:image:height\" content=\"500\" \/>\n\t<meta property=\"og:image:type\" content=\"image\/png\" \/>\n<meta name=\"twitter:card\" content=\"summary_large_image\" \/>\n<meta name=\"twitter:label1\" content=\"Est. reading time\" \/>\n\t<meta name=\"twitter:data1\" content=\"4 minutes\" \/>\n<script type=\"application\/ld+json\" class=\"yoast-schema-graph\">{\"@context\":\"https:\/\/schema.org\",\"@graph\":[{\"@type\":\"WebPage\",\"@id\":\"https:\/\/www.laboratoires-unisson.com\/fr-be\/produit\/appareils-auditifs\/starkey\/evolv-ai-2000-cic\",\"url\":\"https:\/\/www.laboratoires-unisson.com\/fr-be\/produit\/appareils-auditifs\/starkey\/evolv-ai-2000-cic\",\"name\":\"Evolv AI 2000 CIC - Laboratoires Unisson\",\"isPartOf\":{\"@id\":\"https:\/\/www.laboratoires-unisson.com\/fr-be#website\"},\"primaryImageOfPage\":{\"@id\":\"https:\/\/www.laboratoires-unisson.com\/fr-be\/produit\/appareils-auditifs\/starkey\/evolv-ai-2000-cic#primaryimage\"},\"image\":{\"@id\":\"https:\/\/www.laboratoires-unisson.com\/fr-be\/produit\/appareils-auditifs\/starkey\/evolv-ai-2000-cic#primaryimage\"},\"thumbnailUrl\":\"https:\/\/www.laboratoires-unisson.com\/wp-content\/uploads\/2023\/09\/Starkey-Evolv-AI_2000-CIC-1.png\",\"datePublished\":\"2023-09-25T08:34:41+00:00\",\"dateModified\":\"2025-12-03T09:06:25+00:00\",\"description\":\"L\u2019appareil Evolv AI 2000 CIC est une aide auditive auditive milieu de gamme de la marque Starkey, b\u00e9n\u00e9ficiant de la plus r\u00e9cente technologie sans fil et\",\"breadcrumb\":{\"@id\":\"https:\/\/www.laboratoires-unisson.com\/fr-be\/produit\/appareils-auditifs\/starkey\/evolv-ai-2000-cic#breadcrumb\"},\"inLanguage\":\"fr-BE\",\"potentialAction\":[{\"@type\":\"ReadAction\",\"target\":[\"https:\/\/www.laboratoires-unisson.com\/fr-be\/produit\/appareils-auditifs\/starkey\/evolv-ai-2000-cic\"]}]},{\"@type\":\"ImageObject\",\"inLanguage\":\"fr-BE\",\"@id\":\"https:\/\/www.laboratoires-unisson.com\/fr-be\/produit\/appareils-auditifs\/starkey\/evolv-ai-2000-cic#primaryimage\",\"url\":\"https:\/\/www.laboratoires-unisson.com\/wp-content\/uploads\/2023\/09\/Starkey-Evolv-AI_2000-CIC-1.png\",\"contentUrl\":\"https:\/\/www.laboratoires-unisson.com\/wp-content\/uploads\/2023\/09\/Starkey-Evolv-AI_2000-CIC-1.png\",\"width\":450,\"height\":500},{\"@type\":\"BreadcrumbList\",\"@id\":\"https:\/\/www.laboratoires-unisson.com\/fr-be\/produit\/appareils-auditifs\/starkey\/evolv-ai-2000-cic#breadcrumb\",\"itemListElement\":[{\"@type\":\"ListItem\",\"position\":1,\"name\":\"Shop\",\"item\":\"https:\/\/www.laboratoires-unisson.com\/fr-be\/shop\"},{\"@type\":\"ListItem\",\"position\":2,\"name\":\"Evolv AI 2000 CIC\"}]},{\"@type\":\"WebSite\",\"@id\":\"https:\/\/www.laboratoires-unisson.com\/fr-be#website\",\"url\":\"https:\/\/www.laboratoires-unisson.com\/fr-be\",\"name\":\"Laboratoires Unisson\",\"description\":\"Appareil auditif et proth\u00e8se auditive Moins Cher jusqu&#039;\u00e0 -40%\",\"publisher\":{\"@id\":\"https:\/\/www.laboratoires-unisson.com\/fr-be#organization\"},\"potentialAction\":[{\"@type\":\"SearchAction\",\"target\":{\"@type\":\"EntryPoint\",\"urlTemplate\":\"https:\/\/www.laboratoires-unisson.com\/fr-be?s={search_term_string}\"},\"query-input\":{\"@type\":\"PropertyValueSpecification\",\"valueRequired\":true,\"valueName\":\"search_term_string\"}}],\"inLanguage\":\"fr-BE\"},{\"@type\":\"Organization\",\"@id\":\"https:\/\/www.laboratoires-unisson.com\/fr-be#organization\",\"name\":\"Laboratoires Unisson\",\"url\":\"https:\/\/www.laboratoires-unisson.com\/fr-be\",\"logo\":{\"@type\":\"ImageObject\",\"inLanguage\":\"fr-BE\",\"@id\":\"https:\/\/www.laboratoires-unisson.com\/fr-be#\/schema\/logo\/image\/\",\"url\":\"https:\/\/www.laboratoires-unisson.com\/wp-content\/uploads\/2022\/01\/logo-unisson.svg\",\"contentUrl\":\"https:\/\/www.laboratoires-unisson.com\/wp-content\/uploads\/2022\/01\/logo-unisson.svg\",\"width\":1,\"height\":1,\"caption\":\"Laboratoires Unisson\"},\"image\":{\"@id\":\"https:\/\/www.laboratoires-unisson.com\/fr-be#\/schema\/logo\/image\/\"}}]}<\/script>\n<!-- \/ Yoast SEO plugin. -->","yoast_head_json":{"title":"Appareil auditif Starkey Evolv AI 2000 CIC \u00e0 1900\u20ac - Unisson Belgique","description":"L\u2019appareil Evolv AI 2000 CIC est une aide auditive auditive milieu de gamme de la marque Starkey, b\u00e9n\u00e9ficiant de la plus r\u00e9cente technologie sans fil et","robots":{"index":"index","follow":"follow","max-snippet":"max-snippet:-1","max-image-preview":"max-image-preview:large","max-video-preview":"max-video-preview:-1"},"canonical":"https:\/\/www.laboratoires-unisson.com\/fr-be\/wp-json\/wp\/v2\/product\/22667","og_locale":"fr_FR","og_type":"article","og_title":"Evolv AI 2000 CIC - Laboratoires Unisson","og_description":"L\u2019appareil Evolv AI 2000 CIC est une aide auditive auditive milieu de gamme de la marque Starkey, b\u00e9n\u00e9ficiant de la plus r\u00e9cente technologie sans fil et","og_url":"https:\/\/www.laboratoires-unisson.com\/fr-be\/produit\/appareils-auditifs\/starkey\/evolv-ai-2000-cic","og_site_name":"Laboratoires Unisson","article_modified_time":"2025-12-03T09:06:25+00:00","og_image":[{"width":450,"height":500,"url":"https:\/\/www.laboratoires-unisson.com\/wp-content\/uploads\/2023\/09\/Starkey-Evolv-AI_2000-CIC-1.png","type":"image\/png"}],"twitter_card":"summary_large_image","twitter_misc":{"Est. reading time":"4 minutes"},"schema":{"@context":"https:\/\/schema.org","@graph":[{"@type":"WebPage","@id":"https:\/\/www.laboratoires-unisson.com\/fr-be\/produit\/appareils-auditifs\/starkey\/evolv-ai-2000-cic","url":"https:\/\/www.laboratoires-unisson.com\/fr-be\/produit\/appareils-auditifs\/starkey\/evolv-ai-2000-cic","name":"Evolv AI 2000 CIC - Laboratoires Unisson","isPartOf":{"@id":"https:\/\/www.laboratoires-unisson.com\/fr-be#website"},"primaryImageOfPage":{"@id":"https:\/\/www.laboratoires-unisson.com\/fr-be\/produit\/appareils-auditifs\/starkey\/evolv-ai-2000-cic#primaryimage"},"image":{"@id":"https:\/\/www.laboratoires-unisson.com\/fr-be\/produit\/appareils-auditifs\/starkey\/evolv-ai-2000-cic#primaryimage"},"thumbnailUrl":"https:\/\/www.laboratoires-unisson.com\/wp-content\/uploads\/2023\/09\/Starkey-Evolv-AI_2000-CIC-1.png","datePublished":"2023-09-25T08:34:41+00:00","dateModified":"2025-12-03T09:06:25+00:00","description":"L\u2019appareil Evolv AI 2000 CIC est une aide auditive auditive milieu de gamme de la marque Starkey, b\u00e9n\u00e9ficiant de la plus r\u00e9cente technologie sans fil et","breadcrumb":{"@id":"https:\/\/www.laboratoires-unisson.com\/fr-be\/produit\/appareils-auditifs\/starkey\/evolv-ai-2000-cic#breadcrumb"},"inLanguage":"fr-BE","potentialAction":[{"@type":"ReadAction","target":["https:\/\/www.laboratoires-unisson.com\/fr-be\/produit\/appareils-auditifs\/starkey\/evolv-ai-2000-cic"]}]},{"@type":"ImageObject","inLanguage":"fr-BE","@id":"https:\/\/www.laboratoires-unisson.com\/fr-be\/produit\/appareils-auditifs\/starkey\/evolv-ai-2000-cic#primaryimage","url":"https:\/\/www.laboratoires-unisson.com\/wp-content\/uploads\/2023\/09\/Starkey-Evolv-AI_2000-CIC-1.png","contentUrl":"https:\/\/www.laboratoires-unisson.com\/wp-content\/uploads\/2023\/09\/Starkey-Evolv-AI_2000-CIC-1.png","width":450,"height":500},{"@type":"BreadcrumbList","@id":"https:\/\/www.laboratoires-unisson.com\/fr-be\/produit\/appareils-auditifs\/starkey\/evolv-ai-2000-cic#breadcrumb","itemListElement":[{"@type":"ListItem","position":1,"name":"Shop","item":"https:\/\/www.laboratoires-unisson.com\/fr-be\/shop"},{"@type":"ListItem","position":2,"name":"Evolv AI 2000 CIC"}]},{"@type":"WebSite","@id":"https:\/\/www.laboratoires-unisson.com\/fr-be#website","url":"https:\/\/www.laboratoires-unisson.com\/fr-be","name":"Laboratoires Unisson","description":"Appareil auditif et proth\u00e8se auditive Moins Cher jusqu&#039;\u00e0 -40%","publisher":{"@id":"https:\/\/www.laboratoires-unisson.com\/fr-be#organization"},"potentialAction":[{"@type":"SearchAction","target":{"@type":"EntryPoint","urlTemplate":"https:\/\/www.laboratoires-unisson.com\/fr-be?s={search_term_string}"},"query-input":{"@type":"PropertyValueSpecification","valueRequired":true,"valueName":"search_term_string"}}],"inLanguage":"fr-BE"},{"@type":"Organization","@id":"https:\/\/www.laboratoires-unisson.com\/fr-be#organization","name":"Laboratoires Unisson","url":"https:\/\/www.laboratoires-unisson.com\/fr-be","logo":{"@type":"ImageObject","inLanguage":"fr-BE","@id":"https:\/\/www.laboratoires-unisson.com\/fr-be#\/schema\/logo\/image\/","url":"https:\/\/www.laboratoires-unisson.com\/wp-content\/uploads\/2022\/01\/logo-unisson.svg","contentUrl":"https:\/\/www.laboratoires-unisson.com\/wp-content\/uploads\/2022\/01\/logo-unisson.svg","width":1,"height":1,"caption":"Laboratoires Unisson"},"image":{"@id":"https:\/\/www.laboratoires-unisson.com\/fr-be#\/schema\/logo\/image\/"}}]}},"_links":{"self":[{"href":"https:\/\/www.laboratoires-unisson.com\/fr-be\/wp-json\/wp\/v2\/product\/22667","targetHints":{"allow":["GET"]}}],"collection":[{"href":"https:\/\/www.laboratoires-unisson.com\/fr-be\/wp-json\/wp\/v2\/product"}],"about":[{"href":"https:\/\/www.laboratoires-unisson.com\/fr-be\/wp-json\/wp\/v2\/types\/product"}],"wp:featuredmedia":[{"embeddable":true,"href":"https:\/\/www.laboratoires-unisson.com\/fr-be\/wp-json\/wp\/v2\/media\/21166"}],"wp:attachment":[{"href":"https:\/\/www.laboratoires-unisson.com\/fr-be\/wp-json\/wp\/v2\/media?parent=22667"}],"wp:term":[{"taxonomy":"product_brand","embeddable":true,"href":"https:\/\/www.laboratoires-unisson.com\/fr-be\/wp-json\/wp\/v2\/product_brand?post=22667"},{"taxonomy":"product_cat","embeddable":true,"href":"https:\/\/www.laboratoires-unisson.com\/fr-be\/wp-json\/wp\/v2\/product_cat?post=22667"},{"taxonomy":"product_tag","embeddable":true,"href":"https:\/\/www.laboratoires-unisson.com\/fr-be\/wp-json\/wp\/v2\/product_tag?post=22667"}],"curies":[{"name":"wp","href":"https:\/\/api.w.org\/{rel}","templated":true}]}}