{"id":22672,"date":"2023-09-07T14:32:17","date_gmt":"2023-09-07T12:32:17","guid":{"rendered":"https:\/\/www.laboratoires-unisson.com\/produit\/silk-charge-go-7ix"},"modified":"2025-12-03T10:06:26","modified_gmt":"2025-12-03T09:06:26","slug":"silk-charge-go-7ix","status":"publish","type":"product","link":"https:\/\/www.laboratoires-unisson.com\/fr-be\/produit\/appareils-auditifs\/signia\/silk-charge-go-7ix","title":{"rendered":"Silk Charge &#038; Go 7IX"},"content":{"rendered":"<p><span style=\"font-weight: 400;\">Le Signia Silk Charge &amp; Go 7IX est l\u2019innovation du secteur des <\/span><a href=\"https:\/\/www.laboratoires-unisson.com\/fr-be\/appareils-auditifs\"><span style=\"font-weight: 400;\">appareils auditifs<\/span><\/a><span style=\"font-weight: 400;\"> en 2023. C\u2019est le <\/span><b>premier intra auriculaire rechargeable au monde<\/b><span style=\"font-weight: 400;\">. Sa batterie rechargeable en Lithium ion offre jusqu\u2019\u00e0 28h d\u2019autonomie. Cette aide auditive invisible haut de gamme s\u2019adapte instantan\u00e9ment \u00e0 l\u2019oreille.<\/span><\/p>\n<h3><span style=\"font-weight: 400;\">Les aides auditives Pure Charge &amp; Go IX<\/span><\/h3>\n<p><span style=\"font-weight: 400;\">Les Silk Charge &amp; Go 7 IX sont dot\u00e9es de la <\/span><b>technologie Integrated Xperience<\/b><span style=\"font-weight: 400;\"> (IX), une technologie de pointe mais aussi une nouveaut\u00e9 de <\/span><a href=\"https:\/\/www.laboratoires-unisson.com\/fr-be\/appareils-auditifs\/marques\/signia\"><span style=\"font-weight: 400;\">Signia<\/span><\/a><span style=\"font-weight: 400;\">, s\u2019appuyant sur les anciennes puces de la marque, qui permet de se concentrer sur un interlocuteur et ce, m\u00eame dans des environnements bruyants. Ces nouvelles aides auditives se pr\u00e9sentent en version sur mesure ou en adaptation imm\u00e9diate avec le nouveau d\u00f4me EarWear 3.0.<\/span><\/p>\n<p><span style=\"font-weight: 400;\">Les Silk Charge &amp; Go IX se d\u00e9clinent en 3 mod\u00e8les de performances tous rechargeable :\u00a0<\/span><\/p>\n<ul>\n<li style=\"font-weight: 400;\" aria-level=\"1\"><b>Le haut de gamme &#8211; <\/b><b>Silk Charge &amp; Go 7 IX<\/b><b> :<\/b><span style=\"font-weight: 400;\"> Il est dot\u00e9 des plus hautes performances parmi les intra auriculaires de la gamme. On peut y retrouver des fonctionnalit\u00e9s telles que du Dynamic Soundscape Processing 3.0 (5\/5), SoundSmoothing (5\/5), Directivit\u00e9 binaurale OneMic, EchoSchiel\u2026<\/span><\/li>\n<li style=\"font-weight: 400;\" aria-level=\"1\"><b>Le milieu de gamme\u00a0 &#8211; <\/b><b>Silk Charge &amp; Go 5 IX<\/b><b> :<\/b><span style=\"font-weight: 400;\"> Il est dot\u00e9 de bonnes performances telles que du Dynamic Soundscape (4\/5), SoundSmoothing (5\/5), Directivit\u00e9 binaurale OneMic\u2026<\/span><\/li>\n<li style=\"font-weight: 400;\" aria-level=\"1\"><b>L&#8217;entr\u00e9e de gamme &#8211; <\/b><b>Silk Charge &amp; Go 3 IX<\/b><b> :<\/b><span style=\"font-weight: 400;\"> Il est dot\u00e9 de performances moyennes telles que du Dynamic Soundscape Processing 3.0 (3\/5), SoundSmoothing (5\/5), Directivit\u00e9 binaurale OneMic\u2026<\/span><\/li>\n<\/ul>\n<p><span style=\"font-weight: 400;\">La technologie IX de Signia se d\u00e9cline \u00e9galement en micro contour d\u2019oreille RIC. On peut y retrouver le mod\u00e8le haut de gamme <\/span><span style=\"font-weight: 400;\">Pure Charge &amp; Go 7 IX<\/span><span style=\"font-weight: 400;\">.<\/span><\/p>\n<h3><span style=\"font-weight: 400;\">Les technologies de la gamme Signia Pure Charge &amp; Go IX<\/span><\/h3>\n<h4><span style=\"font-weight: 400;\">R\u00e9glage via smartphone<\/span><\/h4>\n<p><span style=\"font-weight: 400;\">Les Silk Charge &amp; Go peuvent \u00eatre ajust\u00e9s via l\u2019application Signia App afin d\u2019obtenir un contr\u00f4le plus personnalis\u00e9 de vos aides auditives.<\/span><\/p>\n<h4><span style=\"font-weight: 400;\">Batterie rechargeable<\/span><\/h4>\n<p><span style=\"font-weight: 400;\">Une nouveaut\u00e9 pour ce type d\u2019appareils auditifs, les Silk Charge &amp; Go sont dot\u00e9s d\u2019une batterie rechargeable offrant jusqu\u2019\u00e0 28h d\u2019autonomie avec un plus de 4 recharges compl\u00e9mentaires gr\u00e2ce \u00e0 un \u00e9crin prolongeant l\u2019autonomie <\/span><b>jusqu\u2019\u00e0 5 jours sans recharge<\/b><span style=\"font-weight: 400;\">.<\/span><\/p>\n<h4><span style=\"font-weight: 400;\">Integrated Xperience<\/span><\/h4>\n<p><span style=\"font-weight: 400;\">Le nouveau processeur de Signia analyse 192 000 donn\u00e9es par seconde et effectue des traitements mis \u00e0 jour 1 000 fois par seconde afin de <\/span><b>continuellement am\u00e9liorer les conversations <\/b><span style=\"font-weight: 400;\">en temps r\u00e9el.<\/span><\/p>\n<h4><span style=\"font-weight: 400;\">Accessoires compatibles<\/span><\/h4>\n<p><span style=\"font-weight: 400;\">Les aides auditives Signia Silk Charge &amp; Go IX sont compatibles avec la t\u00e9l\u00e9commande miniPocket et l&#8217;\u00e9crin de charge \u2013 Silk Charge &amp; Go de Signia. Elle vous permettra de contr\u00f4ler le volume et de changer le programme de vos appareils auditifs.<\/span><\/p>\n","protected":false},"excerpt":{"rendered":"<p>Le Signia Silk Charge &amp; Go 7IX est l\u2019innovation du secteur des appareils auditifs en 2023. C\u2019est le premier intra auriculaire rechargeable au monde. Sa batterie rechargeable en Lithium ion offre jusqu\u2019\u00e0 28h d\u2019autonomie. Cette aide auditive invisible haut de gamme s\u2019adapte instantan\u00e9ment \u00e0 l\u2019oreille. Les aides auditives Pure Charge &amp; Go IX Les Silk [&hellip;]<\/p>\n","protected":false},"featured_media":21150,"template":"","meta":{"_acf_changed":false},"product_brand":[],"product_cat":[2830],"product_tag":[],"class_list":{"0":"post-22672","1":"product","2":"type-product","3":"status-publish","4":"has-post-thumbnail","6":"product_cat-signia-fr-be","8":"first","9":"instock","10":"taxable","11":"shipping-taxable","12":"purchasable","13":"product-type-simple"},"acf":[],"yoast_head":"<!-- This site is optimized with the Yoast SEO plugin v27.1.1 - https:\/\/yoast.com\/product\/yoast-seo-wordpress\/ -->\n<title>Appareil auditif Signia Silk Charge &amp; Go 7IX \u00e0 1900\u20ac - Unisson Belgique<\/title>\n<meta name=\"description\" content=\"Pourquoi choisir le Signia Silk Charge&amp;Go 7IX ? Profitez d&#039;une aide auditive discr\u00e8te et rechargeable. D\u00e9couvrez ses avantages maintenant.\" \/>\n<meta name=\"robots\" content=\"index, follow, max-snippet:-1, max-image-preview:large, max-video-preview:-1\" \/>\n<link rel=\"canonical\" href=\"https:\/\/www.laboratoires-unisson.com\/fr-be\/wp-json\/wp\/v2\/product\/22672\" \/>\n<meta property=\"og:locale\" content=\"fr_FR\" \/>\n<meta property=\"og:type\" content=\"article\" \/>\n<meta property=\"og:title\" content=\"Appareil auditif Signia Silk Charge &amp; Go 7IX \u00e0 1900\u20ac - Unisson\" \/>\n<meta property=\"og:description\" content=\"Pourquoi choisir le Signia Silk Charge&amp;Go 7IX ? Profitez d&#039;une aide auditive discr\u00e8te et rechargeable. D\u00e9couvrez ses avantages maintenant.\" \/>\n<meta property=\"og:url\" content=\"https:\/\/www.laboratoires-unisson.com\/fr-be\/produit\/appareils-auditifs\/signia\/silk-charge-go-7ix\" \/>\n<meta property=\"og:site_name\" content=\"Laboratoires Unisson\" \/>\n<meta property=\"article:modified_time\" content=\"2025-12-03T09:06:26+00:00\" \/>\n<meta property=\"og:image\" content=\"https:\/\/www.laboratoires-unisson.com\/wp-content\/uploads\/2023\/09\/Signia_Silk-Charge-Go-7IX_1.png\" \/>\n\t<meta property=\"og:image:width\" content=\"1280\" \/>\n\t<meta property=\"og:image:height\" content=\"1126\" \/>\n\t<meta property=\"og:image:type\" content=\"image\/png\" \/>\n<meta name=\"twitter:card\" content=\"summary_large_image\" \/>\n<meta name=\"twitter:label1\" content=\"Est. reading time\" \/>\n\t<meta name=\"twitter:data1\" content=\"3 minutes\" \/>\n<script type=\"application\/ld+json\" class=\"yoast-schema-graph\">{\"@context\":\"https:\/\/schema.org\",\"@graph\":[{\"@type\":\"WebPage\",\"@id\":\"https:\/\/www.laboratoires-unisson.com\/fr-be\/produit\/appareils-auditifs\/signia\/silk-charge-go-7ix\",\"url\":\"https:\/\/www.laboratoires-unisson.com\/fr-be\/produit\/appareils-auditifs\/signia\/silk-charge-go-7ix\",\"name\":\"Appareil auditif Signia Silk Charge & Go 7IX \u00e0 1900\u20ac - Unisson\",\"isPartOf\":{\"@id\":\"https:\/\/www.laboratoires-unisson.com\/fr-be#website\"},\"primaryImageOfPage\":{\"@id\":\"https:\/\/www.laboratoires-unisson.com\/fr-be\/produit\/appareils-auditifs\/signia\/silk-charge-go-7ix#primaryimage\"},\"image\":{\"@id\":\"https:\/\/www.laboratoires-unisson.com\/fr-be\/produit\/appareils-auditifs\/signia\/silk-charge-go-7ix#primaryimage\"},\"thumbnailUrl\":\"https:\/\/www.laboratoires-unisson.com\/wp-content\/uploads\/2023\/09\/Signia_Silk-Charge-Go-7IX_1.png\",\"datePublished\":\"2023-09-07T12:32:17+00:00\",\"dateModified\":\"2025-12-03T09:06:26+00:00\",\"description\":\"Pourquoi choisir le Signia Silk Charge&Go 7IX ? Profitez d'une aide auditive discr\u00e8te et rechargeable. D\u00e9couvrez ses avantages maintenant.\",\"breadcrumb\":{\"@id\":\"https:\/\/www.laboratoires-unisson.com\/fr-be\/produit\/appareils-auditifs\/signia\/silk-charge-go-7ix#breadcrumb\"},\"inLanguage\":\"fr-BE\",\"potentialAction\":[{\"@type\":\"ReadAction\",\"target\":[\"https:\/\/www.laboratoires-unisson.com\/fr-be\/produit\/appareils-auditifs\/signia\/silk-charge-go-7ix\"]}]},{\"@type\":\"ImageObject\",\"inLanguage\":\"fr-BE\",\"@id\":\"https:\/\/www.laboratoires-unisson.com\/fr-be\/produit\/appareils-auditifs\/signia\/silk-charge-go-7ix#primaryimage\",\"url\":\"https:\/\/www.laboratoires-unisson.com\/wp-content\/uploads\/2023\/09\/Signia_Silk-Charge-Go-7IX_1.png\",\"contentUrl\":\"https:\/\/www.laboratoires-unisson.com\/wp-content\/uploads\/2023\/09\/Signia_Silk-Charge-Go-7IX_1.png\",\"width\":1280,\"height\":1126},{\"@type\":\"BreadcrumbList\",\"@id\":\"https:\/\/www.laboratoires-unisson.com\/fr-be\/produit\/appareils-auditifs\/signia\/silk-charge-go-7ix#breadcrumb\",\"itemListElement\":[{\"@type\":\"ListItem\",\"position\":1,\"name\":\"Shop\",\"item\":\"https:\/\/www.laboratoires-unisson.com\/fr-be\/shop\"},{\"@type\":\"ListItem\",\"position\":2,\"name\":\"Silk Charge &#038; Go 7IX\"}]},{\"@type\":\"WebSite\",\"@id\":\"https:\/\/www.laboratoires-unisson.com\/fr-be#website\",\"url\":\"https:\/\/www.laboratoires-unisson.com\/fr-be\",\"name\":\"Laboratoires Unisson\",\"description\":\"Appareil auditif et proth\u00e8se auditive Moins Cher jusqu&#039;\u00e0 -40%\",\"publisher\":{\"@id\":\"https:\/\/www.laboratoires-unisson.com\/fr-be#organization\"},\"potentialAction\":[{\"@type\":\"SearchAction\",\"target\":{\"@type\":\"EntryPoint\",\"urlTemplate\":\"https:\/\/www.laboratoires-unisson.com\/fr-be?s={search_term_string}\"},\"query-input\":{\"@type\":\"PropertyValueSpecification\",\"valueRequired\":true,\"valueName\":\"search_term_string\"}}],\"inLanguage\":\"fr-BE\"},{\"@type\":\"Organization\",\"@id\":\"https:\/\/www.laboratoires-unisson.com\/fr-be#organization\",\"name\":\"Laboratoires Unisson\",\"url\":\"https:\/\/www.laboratoires-unisson.com\/fr-be\",\"logo\":{\"@type\":\"ImageObject\",\"inLanguage\":\"fr-BE\",\"@id\":\"https:\/\/www.laboratoires-unisson.com\/fr-be#\/schema\/logo\/image\/\",\"url\":\"https:\/\/www.laboratoires-unisson.com\/wp-content\/uploads\/2022\/01\/logo-unisson.svg\",\"contentUrl\":\"https:\/\/www.laboratoires-unisson.com\/wp-content\/uploads\/2022\/01\/logo-unisson.svg\",\"width\":1,\"height\":1,\"caption\":\"Laboratoires Unisson\"},\"image\":{\"@id\":\"https:\/\/www.laboratoires-unisson.com\/fr-be#\/schema\/logo\/image\/\"}}]}<\/script>\n<!-- \/ Yoast SEO plugin. -->","yoast_head_json":{"title":"Appareil auditif Signia Silk Charge & Go 7IX \u00e0 1900\u20ac - Unisson Belgique","description":"Pourquoi choisir le Signia Silk Charge&Go 7IX ? Profitez d'une aide auditive discr\u00e8te et rechargeable. D\u00e9couvrez ses avantages maintenant.","robots":{"index":"index","follow":"follow","max-snippet":"max-snippet:-1","max-image-preview":"max-image-preview:large","max-video-preview":"max-video-preview:-1"},"canonical":"https:\/\/www.laboratoires-unisson.com\/fr-be\/wp-json\/wp\/v2\/product\/22672","og_locale":"fr_FR","og_type":"article","og_title":"Appareil auditif Signia Silk Charge & Go 7IX \u00e0 1900\u20ac - Unisson","og_description":"Pourquoi choisir le Signia Silk Charge&Go 7IX ? Profitez d'une aide auditive discr\u00e8te et rechargeable. D\u00e9couvrez ses avantages maintenant.","og_url":"https:\/\/www.laboratoires-unisson.com\/fr-be\/produit\/appareils-auditifs\/signia\/silk-charge-go-7ix","og_site_name":"Laboratoires Unisson","article_modified_time":"2025-12-03T09:06:26+00:00","og_image":[{"width":1280,"height":1126,"url":"https:\/\/www.laboratoires-unisson.com\/wp-content\/uploads\/2023\/09\/Signia_Silk-Charge-Go-7IX_1.png","type":"image\/png"}],"twitter_card":"summary_large_image","twitter_misc":{"Est. reading time":"3 minutes"},"schema":{"@context":"https:\/\/schema.org","@graph":[{"@type":"WebPage","@id":"https:\/\/www.laboratoires-unisson.com\/fr-be\/produit\/appareils-auditifs\/signia\/silk-charge-go-7ix","url":"https:\/\/www.laboratoires-unisson.com\/fr-be\/produit\/appareils-auditifs\/signia\/silk-charge-go-7ix","name":"Appareil auditif Signia Silk Charge & Go 7IX \u00e0 1900\u20ac - Unisson","isPartOf":{"@id":"https:\/\/www.laboratoires-unisson.com\/fr-be#website"},"primaryImageOfPage":{"@id":"https:\/\/www.laboratoires-unisson.com\/fr-be\/produit\/appareils-auditifs\/signia\/silk-charge-go-7ix#primaryimage"},"image":{"@id":"https:\/\/www.laboratoires-unisson.com\/fr-be\/produit\/appareils-auditifs\/signia\/silk-charge-go-7ix#primaryimage"},"thumbnailUrl":"https:\/\/www.laboratoires-unisson.com\/wp-content\/uploads\/2023\/09\/Signia_Silk-Charge-Go-7IX_1.png","datePublished":"2023-09-07T12:32:17+00:00","dateModified":"2025-12-03T09:06:26+00:00","description":"Pourquoi choisir le Signia Silk Charge&Go 7IX ? Profitez d'une aide auditive discr\u00e8te et rechargeable. D\u00e9couvrez ses avantages maintenant.","breadcrumb":{"@id":"https:\/\/www.laboratoires-unisson.com\/fr-be\/produit\/appareils-auditifs\/signia\/silk-charge-go-7ix#breadcrumb"},"inLanguage":"fr-BE","potentialAction":[{"@type":"ReadAction","target":["https:\/\/www.laboratoires-unisson.com\/fr-be\/produit\/appareils-auditifs\/signia\/silk-charge-go-7ix"]}]},{"@type":"ImageObject","inLanguage":"fr-BE","@id":"https:\/\/www.laboratoires-unisson.com\/fr-be\/produit\/appareils-auditifs\/signia\/silk-charge-go-7ix#primaryimage","url":"https:\/\/www.laboratoires-unisson.com\/wp-content\/uploads\/2023\/09\/Signia_Silk-Charge-Go-7IX_1.png","contentUrl":"https:\/\/www.laboratoires-unisson.com\/wp-content\/uploads\/2023\/09\/Signia_Silk-Charge-Go-7IX_1.png","width":1280,"height":1126},{"@type":"BreadcrumbList","@id":"https:\/\/www.laboratoires-unisson.com\/fr-be\/produit\/appareils-auditifs\/signia\/silk-charge-go-7ix#breadcrumb","itemListElement":[{"@type":"ListItem","position":1,"name":"Shop","item":"https:\/\/www.laboratoires-unisson.com\/fr-be\/shop"},{"@type":"ListItem","position":2,"name":"Silk Charge &#038; Go 7IX"}]},{"@type":"WebSite","@id":"https:\/\/www.laboratoires-unisson.com\/fr-be#website","url":"https:\/\/www.laboratoires-unisson.com\/fr-be","name":"Laboratoires Unisson","description":"Appareil auditif et proth\u00e8se auditive Moins Cher jusqu&#039;\u00e0 -40%","publisher":{"@id":"https:\/\/www.laboratoires-unisson.com\/fr-be#organization"},"potentialAction":[{"@type":"SearchAction","target":{"@type":"EntryPoint","urlTemplate":"https:\/\/www.laboratoires-unisson.com\/fr-be?s={search_term_string}"},"query-input":{"@type":"PropertyValueSpecification","valueRequired":true,"valueName":"search_term_string"}}],"inLanguage":"fr-BE"},{"@type":"Organization","@id":"https:\/\/www.laboratoires-unisson.com\/fr-be#organization","name":"Laboratoires Unisson","url":"https:\/\/www.laboratoires-unisson.com\/fr-be","logo":{"@type":"ImageObject","inLanguage":"fr-BE","@id":"https:\/\/www.laboratoires-unisson.com\/fr-be#\/schema\/logo\/image\/","url":"https:\/\/www.laboratoires-unisson.com\/wp-content\/uploads\/2022\/01\/logo-unisson.svg","contentUrl":"https:\/\/www.laboratoires-unisson.com\/wp-content\/uploads\/2022\/01\/logo-unisson.svg","width":1,"height":1,"caption":"Laboratoires Unisson"},"image":{"@id":"https:\/\/www.laboratoires-unisson.com\/fr-be#\/schema\/logo\/image\/"}}]}},"_links":{"self":[{"href":"https:\/\/www.laboratoires-unisson.com\/fr-be\/wp-json\/wp\/v2\/product\/22672","targetHints":{"allow":["GET"]}}],"collection":[{"href":"https:\/\/www.laboratoires-unisson.com\/fr-be\/wp-json\/wp\/v2\/product"}],"about":[{"href":"https:\/\/www.laboratoires-unisson.com\/fr-be\/wp-json\/wp\/v2\/types\/product"}],"wp:featuredmedia":[{"embeddable":true,"href":"https:\/\/www.laboratoires-unisson.com\/fr-be\/wp-json\/wp\/v2\/media\/21150"}],"wp:attachment":[{"href":"https:\/\/www.laboratoires-unisson.com\/fr-be\/wp-json\/wp\/v2\/media?parent=22672"}],"wp:term":[{"taxonomy":"product_brand","embeddable":true,"href":"https:\/\/www.laboratoires-unisson.com\/fr-be\/wp-json\/wp\/v2\/product_brand?post=22672"},{"taxonomy":"product_cat","embeddable":true,"href":"https:\/\/www.laboratoires-unisson.com\/fr-be\/wp-json\/wp\/v2\/product_cat?post=22672"},{"taxonomy":"product_tag","embeddable":true,"href":"https:\/\/www.laboratoires-unisson.com\/fr-be\/wp-json\/wp\/v2\/product_tag?post=22672"}],"curies":[{"name":"wp","href":"https:\/\/api.w.org\/{rel}","templated":true}]}}