{"id":22675,"date":"2023-09-06T12:40:46","date_gmt":"2023-09-06T10:40:46","guid":{"rendered":"https:\/\/www.laboratoires-unisson.com\/produit\/pure-charge-go-7ix-t"},"modified":"2025-12-03T10:06:28","modified_gmt":"2025-12-03T09:06:28","slug":"pure-charge-go-7ix-t","status":"publish","type":"product","link":"https:\/\/www.laboratoires-unisson.com\/fr-be\/produit\/appareils-auditifs\/signia\/pure-charge-go-7ix-t","title":{"rendered":"Pure Charge &#038; Go 7IX T"},"content":{"rendered":"<p><span style=\"font-weight: 400;\">Le Signia Pure Charge &amp; Go 7IX T repr\u00e9sente une avanc\u00e9e majeure dans le domaine de l&#8217;audioproth\u00e8se gr\u00e2ce \u00e0 son <\/span><b>exp\u00e9rience audiologique de pointe<\/b><span style=\"font-weight: 400;\">. Dot\u00e9 d&#8217;une bobine \u00e0 induction T, cet <\/span><a href=\"https:\/\/www.laboratoires-unisson.com\/fr-be\/appareils-auditifs\"><span style=\"font-weight: 400;\">appareil auditif<\/span><\/a><span style=\"font-weight: 400;\"> de derni\u00e8re g\u00e9n\u00e9ration s&#8217;appuie sur les avanc\u00e9es constantes de la technologie Signia depuis 2015.<\/span><\/p>\n<h3><span style=\"font-weight: 400;\">Les aides auditives Pure Charge &amp; Go IX T<\/span><\/h3>\n<p><span style=\"font-weight: 400;\">La pr\u00e9sence de la bobine \u00e0 induction T dans le <\/span><a href=\"https:\/\/www.laboratoires-unisson.com\/fr-be\/appareils-auditifs\/marques\/signia\"><span style=\"font-weight: 400;\">Signia<\/span><\/a><span style=\"font-weight: 400;\"> Pure Charge &amp; Go 7IX T offre une compatibilit\u00e9 accrue avec les syst\u00e8mes de boucle magn\u00e9tique, permettant <\/span><b>une exp\u00e9rience d&#8217;\u00e9coute encore plus optimale<\/b><span style=\"font-weight: 400;\"> dans les environnements \u00e9quip\u00e9s de ces syst\u00e8mes.<\/span><\/p>\n<p><span style=\"font-weight: 400;\">Le Signia Pure Charge &amp; Go 7IX T est un mod\u00e8le rechargeable avec une batterie lithium ion qui offre <\/span><b>jusqu&#8217;\u00e0 34 heures d&#8217;autonomie<\/b><span style=\"font-weight: 400;\">, dont 5 heures de streaming. Il est compatible avec les appareils iOS et Android via le protocole ASHA, permettant les appels mains libres. Ces aides auditives connect\u00e9es sont pr\u00eates pour la prochaine norme Bluetooth LE Audio qui va permettre une qualit\u00e9 audio am\u00e9lior\u00e9e, une consommation r\u00e9duite ainsi qu\u2019une diffusion multiple.<\/span><\/p>\n<p><span style=\"font-weight: 400;\">Le Pure Charge &amp; Go IX T est disponible en 3 mod\u00e8les de performances :\u00a0<\/span><\/p>\n<ul>\n<li style=\"font-weight: 400;\" aria-level=\"1\"><b>Signia Pure Charge &amp; Go 7 IX T haut de gamme :<\/b><span style=\"font-weight: 400;\"> dot\u00e9 des performances les plus hautes (5\/5) en termes d\u2019optimisation de la parole en temps r\u00e9el, booster de conversations, Dynamic Soundscape Processing 3.0, Spatial SpeechFocus, eWindScreen, Sound Smoothing.<\/span><\/li>\n<li style=\"font-weight: 400;\" aria-level=\"1\"><b>Signia Pure Charge &amp; Go 5 IX T<\/b><b> milieu de gamme : <\/b><span style=\"font-weight: 400;\">dot\u00e9 de bonnes performances (4\/5) en termes d\u2019optimisation de la parole en temps r\u00e9el, booster de conversations, Dynamic Soundscape Processing 3.0, Spatial SpeechFocus, eWindScreen, Sound Smoothing.<\/span><\/li>\n<li style=\"font-weight: 400;\" aria-level=\"1\"><b>Signia Pure Charge &amp; Go 3 IX T<\/b><b> entr\u00e9 de gamme :<\/b><span style=\"font-weight: 400;\"> dot\u00e9 des performances moyennes en termes d\u2019optimisation de la parole en temps r\u00e9el (2\/5), booster de conversations (2\/5), Dynamic Soundscape Processing 3.0(3\/5), eWindScreen(3\/5), Sound Smoothing(3\/5).<\/span><\/li>\n<\/ul>\n<p><span style=\"font-weight: 400;\">La nouvelle technologie IX de Signia est \u00e9galement disponible en intra auriculaire. Signia a lanc\u00e9 le <\/span><span style=\"font-weight: 400;\">Silk Charge &amp; Go 7IX<\/span><span style=\"font-weight: 400;\">, le <\/span><b>premier appareil intra auriculaire rechargeable au monde<\/b><span style=\"font-weight: 400;\">.\u00a0<\/span><\/p>\n<h3><span style=\"font-weight: 400;\">Les technologies des mod\u00e8les Signia Pure Charge &amp; Go IX T<\/span><\/h3>\n<h4><span style=\"font-weight: 400;\">Connectivit\u00e9<\/span><\/h4>\n<p><span style=\"font-weight: 400;\">Les appareils connect\u00e9s Pure Charge &amp; Go IX T de Signia sont compatibles :\u00a0<\/span><\/p>\n<ul>\n<li style=\"font-weight: 400;\" aria-level=\"1\"><span style=\"font-weight: 400;\">ASHA (Streaming Android pour appareils auditifs),<\/span><\/li>\n<li style=\"font-weight: 400;\" aria-level=\"1\"><span style=\"font-weight: 400;\">iPhone (Made for iPhone),<\/span><\/li>\n<li style=\"font-weight: 400;\" aria-level=\"1\"><span style=\"font-weight: 400;\">Bluetooth via un accessoire,<\/span><\/li>\n<li style=\"font-weight: 400;\" aria-level=\"1\"><span style=\"font-weight: 400;\">LE Audio Ready,<\/span><\/li>\n<li style=\"font-weight: 400;\" aria-level=\"1\"><span style=\"font-weight: 400;\">Signia Assistant et son intelligence artificielle.<\/span><\/li>\n<li style=\"font-weight: 400;\" aria-level=\"1\"><span style=\"font-weight: 400;\">Application Signia.<\/span><\/li>\n<\/ul>\n<h4><span style=\"font-weight: 400;\">Technologie IX &#8211; R\u00e9volution dans les conversations<\/span><\/h4>\n<p><span style=\"font-weight: 400;\">La technologie IX (Integrated Xperience), int\u00e9gr\u00e9e aux proth\u00e8ses auditives, permet aux malentendants de pouvoir de nouveau suivre des conversations dans toute sorte d&#8217;environnements gr\u00e2ce \u00e0 des \u00e9l\u00e9ments fondamentaux :<\/span><\/p>\n<ul>\n<li style=\"font-weight: 400;\" aria-level=\"1\"><b>Suivi de la parole en mouvement : <\/b><span style=\"font-weight: 400;\">Gr\u00e2ce \u00e0 ses capteurs acoustiques,<\/span> <span style=\"font-weight: 400;\">elle va<\/span> <span style=\"font-weight: 400;\">analyser plus de 192 000 donn\u00e9es par seconde pour identifier vos interlocuteurs en temps r\u00e9el, pour ainsi, maintenir une focalisation constante sur la parole \u00e0 entendre, m\u00eame en mouvement.<\/span><\/li>\n<\/ul>\n<ul>\n<li style=\"font-weight: 400;\" aria-level=\"1\"><b>Optimisation et hi\u00e9rarchisation <\/b><span style=\"font-weight: 400;\">: L&#8217;Integrated Xperience s&#8217;adapte 1 000 fois par seconde aux mouvements, aux variations de la conversation et aux bruits ambiants. Ainsi, vous restez toujours au c\u0153ur de la conversation sans rien manquer.<\/span><\/li>\n<\/ul>\n<ul>\n<li style=\"font-weight: 400;\" aria-level=\"1\"><b>Multi focalisation :<\/b><span style=\"font-weight: 400;\"> La technologie IX se fixe sur les voix de vos interlocuteurs, amplifiant chaque parole importante lors des conversations en groupe.<\/span><\/li>\n<\/ul>\n<h4><span style=\"font-weight: 400;\">Am\u00e9lioration de la communication\u00a0<\/span><\/h4>\n<p><span style=\"font-weight: 400;\">OVP 2.0 vous permet de <\/span><b>redevenir acteur des \u00e9changes<\/b><span style=\"font-weight: 400;\"> dans toutes vos conversations.<\/span><\/p>\n<h4><span style=\"font-weight: 400;\">Ajustements en temps r\u00e9el<\/span><\/h4>\n<p><span style=\"font-weight: 400;\">Afin de vous fournir <\/span><b>un soutien personnalis\u00e9<\/b><span style=\"font-weight: 400;\">, Signia Assistant analyse votre environnement en temps r\u00e9el et adapte vos aides auditives en cons\u00e9quence.<\/span><\/p>\n<h4><span style=\"font-weight: 400;\">Exp\u00e9rience audio sans fil de pointe<\/span><\/h4>\n<p><span style=\"font-weight: 400;\">La plateforme IX est compatible avec le nouveau standard Bluetooth LE Audio pour <\/span><b>une exp\u00e9rience audio sans fil de derni\u00e8re g\u00e9n\u00e9ration<\/b><span style=\"font-weight: 400;\">.<\/span><\/p>\n<h4><span style=\"font-weight: 400;\">Accessoires compatibles<\/span><\/h4>\n<p><span style=\"font-weight: 400;\">Les aides auditives de la gamme Signia Pure Charge &amp; Go IX T sont compatibles avec les accessoires :\u00a0<\/span><\/p>\n<ul>\n<li style=\"font-weight: 400;\" aria-level=\"1\"><b>StreamLine TV :<\/b><span style=\"font-weight: 400;\"> Cet adaptateur permet de recevoir dans vos aides auditives le son de votre t\u00e9l\u00e9vision.<\/span><\/li>\n<li style=\"font-weight: 400;\" aria-level=\"1\"><b>StreamLine Mic :<\/b><span style=\"font-weight: 400;\"> Cet accessoire permet le streaming audio en st\u00e9r\u00e9o des appels, vid\u00e9o, musique\u2026<\/span><\/li>\n<li style=\"font-weight: 400;\" aria-level=\"1\"><b>MiniPocket :<\/b><span style=\"font-weight: 400;\"> Cette t\u00e9l\u00e9commande permet de contr\u00f4ler le volume et de changer le programme de vos appareils auditifs.<\/span><\/li>\n<\/ul>\n<p><b>Chargeur RIC portable IX<\/b><b> :<\/b><span style=\"font-weight: 400;\"> Un chargeur pour vos appareils auditifs Signia IX avec des LEDs indiquant l\u2019\u00e9tat de charge de vos appareils auditifs.<\/span><\/p>\n","protected":false},"excerpt":{"rendered":"<p>Le Signia Pure Charge &amp; Go 7IX T repr\u00e9sente une avanc\u00e9e majeure dans le domaine de l&#8217;audioproth\u00e8se gr\u00e2ce \u00e0 son exp\u00e9rience audiologique de pointe. Dot\u00e9 d&#8217;une bobine \u00e0 induction T, cet appareil auditif de derni\u00e8re g\u00e9n\u00e9ration s&#8217;appuie sur les avanc\u00e9es constantes de la technologie Signia depuis 2015. Les aides auditives Pure Charge &amp; Go IX [&hellip;]<\/p>\n","protected":false},"featured_media":21117,"template":"","meta":{"_acf_changed":false},"product_brand":[],"product_cat":[2684,2830],"product_tag":[],"class_list":{"0":"post-22675","1":"product","2":"type-product","3":"status-publish","4":"has-post-thumbnail","6":"product_cat-offre-premium-fr-be","7":"product_cat-signia-fr-be","9":"first","10":"instock","11":"taxable","12":"shipping-taxable","13":"purchasable","14":"product-type-simple"},"acf":[],"yoast_head":"<!-- This site is optimized with the Yoast SEO plugin v27.1.1 - https:\/\/yoast.com\/product\/yoast-seo-wordpress\/ -->\n<title>Appareil auditif Signia Pure Charge &amp; Go 7IX T \u00e0 2100\u20ac - Unisson Belgique<\/title>\n<meta name=\"description\" content=\"Le Signia Pure Charge &amp; Go 7IX T repr\u00e9sente une avanc\u00e9e majeure dans le domaine de l&#039;audioproth\u00e8se gr\u00e2ce \u00e0 son exp\u00e9rience audiologique de pointe. Dot\u00e9\" \/>\n<meta name=\"robots\" content=\"index, follow, max-snippet:-1, max-image-preview:large, max-video-preview:-1\" \/>\n<link rel=\"canonical\" href=\"https:\/\/www.laboratoires-unisson.com\/fr-be\/wp-json\/wp\/v2\/product\/22675\" \/>\n<meta property=\"og:locale\" content=\"fr_FR\" \/>\n<meta property=\"og:type\" content=\"article\" \/>\n<meta property=\"og:title\" content=\"Appareil auditif Signia Pure Charge &amp; Go 7IX T \u00e0 2100\u20ac - Unisson\" \/>\n<meta property=\"og:description\" content=\"Le Signia Pure Charge &amp; Go 7IX T repr\u00e9sente une avanc\u00e9e majeure dans le domaine de l&#039;audioproth\u00e8se gr\u00e2ce \u00e0 son exp\u00e9rience audiologique de pointe. Dot\u00e9\" \/>\n<meta property=\"og:url\" content=\"https:\/\/www.laboratoires-unisson.com\/fr-be\/produit\/appareils-auditifs\/signia\/pure-charge-go-7ix-t\" \/>\n<meta property=\"og:site_name\" content=\"Laboratoires Unisson\" \/>\n<meta property=\"article:modified_time\" content=\"2025-12-03T09:06:28+00:00\" \/>\n<meta property=\"og:image\" content=\"https:\/\/www.laboratoires-unisson.com\/wp-content\/uploads\/2023\/09\/Signia-Pure-Charge-Go-7IX-T_1.png\" \/>\n\t<meta property=\"og:image:width\" content=\"1000\" \/>\n\t<meta property=\"og:image:height\" content=\"1000\" \/>\n\t<meta property=\"og:image:type\" content=\"image\/png\" \/>\n<meta name=\"twitter:card\" content=\"summary_large_image\" \/>\n<meta name=\"twitter:label1\" content=\"Est. reading time\" \/>\n\t<meta name=\"twitter:data1\" content=\"4 minutes\" \/>\n<script type=\"application\/ld+json\" class=\"yoast-schema-graph\">{\"@context\":\"https:\/\/schema.org\",\"@graph\":[{\"@type\":\"WebPage\",\"@id\":\"https:\/\/www.laboratoires-unisson.com\/fr-be\/produit\/appareils-auditifs\/signia\/pure-charge-go-7ix-t\",\"url\":\"https:\/\/www.laboratoires-unisson.com\/fr-be\/produit\/appareils-auditifs\/signia\/pure-charge-go-7ix-t\",\"name\":\"Appareil auditif Signia Pure Charge & Go 7IX T \u00e0 2100\u20ac - Unisson\",\"isPartOf\":{\"@id\":\"https:\/\/www.laboratoires-unisson.com\/fr-be#website\"},\"primaryImageOfPage\":{\"@id\":\"https:\/\/www.laboratoires-unisson.com\/fr-be\/produit\/appareils-auditifs\/signia\/pure-charge-go-7ix-t#primaryimage\"},\"image\":{\"@id\":\"https:\/\/www.laboratoires-unisson.com\/fr-be\/produit\/appareils-auditifs\/signia\/pure-charge-go-7ix-t#primaryimage\"},\"thumbnailUrl\":\"https:\/\/www.laboratoires-unisson.com\/wp-content\/uploads\/2023\/09\/Signia-Pure-Charge-Go-7IX-T_1.png\",\"datePublished\":\"2023-09-06T10:40:46+00:00\",\"dateModified\":\"2025-12-03T09:06:28+00:00\",\"description\":\"Le Signia Pure Charge &amp; Go 7IX T repr\u00e9sente une avanc\u00e9e majeure dans le domaine de l'audioproth\u00e8se gr\u00e2ce \u00e0 son exp\u00e9rience audiologique de pointe. Dot\u00e9\",\"breadcrumb\":{\"@id\":\"https:\/\/www.laboratoires-unisson.com\/fr-be\/produit\/appareils-auditifs\/signia\/pure-charge-go-7ix-t#breadcrumb\"},\"inLanguage\":\"fr-BE\",\"potentialAction\":[{\"@type\":\"ReadAction\",\"target\":[\"https:\/\/www.laboratoires-unisson.com\/fr-be\/produit\/appareils-auditifs\/signia\/pure-charge-go-7ix-t\"]}]},{\"@type\":\"ImageObject\",\"inLanguage\":\"fr-BE\",\"@id\":\"https:\/\/www.laboratoires-unisson.com\/fr-be\/produit\/appareils-auditifs\/signia\/pure-charge-go-7ix-t#primaryimage\",\"url\":\"https:\/\/www.laboratoires-unisson.com\/wp-content\/uploads\/2023\/09\/Signia-Pure-Charge-Go-7IX-T_1.png\",\"contentUrl\":\"https:\/\/www.laboratoires-unisson.com\/wp-content\/uploads\/2023\/09\/Signia-Pure-Charge-Go-7IX-T_1.png\",\"width\":1000,\"height\":1000},{\"@type\":\"BreadcrumbList\",\"@id\":\"https:\/\/www.laboratoires-unisson.com\/fr-be\/produit\/appareils-auditifs\/signia\/pure-charge-go-7ix-t#breadcrumb\",\"itemListElement\":[{\"@type\":\"ListItem\",\"position\":1,\"name\":\"Shop\",\"item\":\"https:\/\/www.laboratoires-unisson.com\/fr-be\/shop\"},{\"@type\":\"ListItem\",\"position\":2,\"name\":\"Pure Charge &#038; Go 7IX T\"}]},{\"@type\":\"WebSite\",\"@id\":\"https:\/\/www.laboratoires-unisson.com\/fr-be#website\",\"url\":\"https:\/\/www.laboratoires-unisson.com\/fr-be\",\"name\":\"Laboratoires Unisson\",\"description\":\"Appareil auditif et proth\u00e8se auditive Moins Cher jusqu&#039;\u00e0 -40%\",\"publisher\":{\"@id\":\"https:\/\/www.laboratoires-unisson.com\/fr-be#organization\"},\"potentialAction\":[{\"@type\":\"SearchAction\",\"target\":{\"@type\":\"EntryPoint\",\"urlTemplate\":\"https:\/\/www.laboratoires-unisson.com\/fr-be?s={search_term_string}\"},\"query-input\":{\"@type\":\"PropertyValueSpecification\",\"valueRequired\":true,\"valueName\":\"search_term_string\"}}],\"inLanguage\":\"fr-BE\"},{\"@type\":\"Organization\",\"@id\":\"https:\/\/www.laboratoires-unisson.com\/fr-be#organization\",\"name\":\"Laboratoires Unisson\",\"url\":\"https:\/\/www.laboratoires-unisson.com\/fr-be\",\"logo\":{\"@type\":\"ImageObject\",\"inLanguage\":\"fr-BE\",\"@id\":\"https:\/\/www.laboratoires-unisson.com\/fr-be#\/schema\/logo\/image\/\",\"url\":\"https:\/\/www.laboratoires-unisson.com\/wp-content\/uploads\/2022\/01\/logo-unisson.svg\",\"contentUrl\":\"https:\/\/www.laboratoires-unisson.com\/wp-content\/uploads\/2022\/01\/logo-unisson.svg\",\"width\":1,\"height\":1,\"caption\":\"Laboratoires Unisson\"},\"image\":{\"@id\":\"https:\/\/www.laboratoires-unisson.com\/fr-be#\/schema\/logo\/image\/\"}}]}<\/script>\n<!-- \/ Yoast SEO plugin. -->","yoast_head_json":{"title":"Appareil auditif Signia Pure Charge & Go 7IX T \u00e0 2100\u20ac - Unisson Belgique","description":"Le Signia Pure Charge &amp; Go 7IX T repr\u00e9sente une avanc\u00e9e majeure dans le domaine de l'audioproth\u00e8se gr\u00e2ce \u00e0 son exp\u00e9rience audiologique de pointe. Dot\u00e9","robots":{"index":"index","follow":"follow","max-snippet":"max-snippet:-1","max-image-preview":"max-image-preview:large","max-video-preview":"max-video-preview:-1"},"canonical":"https:\/\/www.laboratoires-unisson.com\/fr-be\/wp-json\/wp\/v2\/product\/22675","og_locale":"fr_FR","og_type":"article","og_title":"Appareil auditif Signia Pure Charge & Go 7IX T \u00e0 2100\u20ac - Unisson","og_description":"Le Signia Pure Charge &amp; Go 7IX T repr\u00e9sente une avanc\u00e9e majeure dans le domaine de l'audioproth\u00e8se gr\u00e2ce \u00e0 son exp\u00e9rience audiologique de pointe. Dot\u00e9","og_url":"https:\/\/www.laboratoires-unisson.com\/fr-be\/produit\/appareils-auditifs\/signia\/pure-charge-go-7ix-t","og_site_name":"Laboratoires Unisson","article_modified_time":"2025-12-03T09:06:28+00:00","og_image":[{"width":1000,"height":1000,"url":"https:\/\/www.laboratoires-unisson.com\/wp-content\/uploads\/2023\/09\/Signia-Pure-Charge-Go-7IX-T_1.png","type":"image\/png"}],"twitter_card":"summary_large_image","twitter_misc":{"Est. reading time":"4 minutes"},"schema":{"@context":"https:\/\/schema.org","@graph":[{"@type":"WebPage","@id":"https:\/\/www.laboratoires-unisson.com\/fr-be\/produit\/appareils-auditifs\/signia\/pure-charge-go-7ix-t","url":"https:\/\/www.laboratoires-unisson.com\/fr-be\/produit\/appareils-auditifs\/signia\/pure-charge-go-7ix-t","name":"Appareil auditif Signia Pure Charge & Go 7IX T \u00e0 2100\u20ac - Unisson","isPartOf":{"@id":"https:\/\/www.laboratoires-unisson.com\/fr-be#website"},"primaryImageOfPage":{"@id":"https:\/\/www.laboratoires-unisson.com\/fr-be\/produit\/appareils-auditifs\/signia\/pure-charge-go-7ix-t#primaryimage"},"image":{"@id":"https:\/\/www.laboratoires-unisson.com\/fr-be\/produit\/appareils-auditifs\/signia\/pure-charge-go-7ix-t#primaryimage"},"thumbnailUrl":"https:\/\/www.laboratoires-unisson.com\/wp-content\/uploads\/2023\/09\/Signia-Pure-Charge-Go-7IX-T_1.png","datePublished":"2023-09-06T10:40:46+00:00","dateModified":"2025-12-03T09:06:28+00:00","description":"Le Signia Pure Charge &amp; Go 7IX T repr\u00e9sente une avanc\u00e9e majeure dans le domaine de l'audioproth\u00e8se gr\u00e2ce \u00e0 son exp\u00e9rience audiologique de pointe. Dot\u00e9","breadcrumb":{"@id":"https:\/\/www.laboratoires-unisson.com\/fr-be\/produit\/appareils-auditifs\/signia\/pure-charge-go-7ix-t#breadcrumb"},"inLanguage":"fr-BE","potentialAction":[{"@type":"ReadAction","target":["https:\/\/www.laboratoires-unisson.com\/fr-be\/produit\/appareils-auditifs\/signia\/pure-charge-go-7ix-t"]}]},{"@type":"ImageObject","inLanguage":"fr-BE","@id":"https:\/\/www.laboratoires-unisson.com\/fr-be\/produit\/appareils-auditifs\/signia\/pure-charge-go-7ix-t#primaryimage","url":"https:\/\/www.laboratoires-unisson.com\/wp-content\/uploads\/2023\/09\/Signia-Pure-Charge-Go-7IX-T_1.png","contentUrl":"https:\/\/www.laboratoires-unisson.com\/wp-content\/uploads\/2023\/09\/Signia-Pure-Charge-Go-7IX-T_1.png","width":1000,"height":1000},{"@type":"BreadcrumbList","@id":"https:\/\/www.laboratoires-unisson.com\/fr-be\/produit\/appareils-auditifs\/signia\/pure-charge-go-7ix-t#breadcrumb","itemListElement":[{"@type":"ListItem","position":1,"name":"Shop","item":"https:\/\/www.laboratoires-unisson.com\/fr-be\/shop"},{"@type":"ListItem","position":2,"name":"Pure Charge &#038; Go 7IX T"}]},{"@type":"WebSite","@id":"https:\/\/www.laboratoires-unisson.com\/fr-be#website","url":"https:\/\/www.laboratoires-unisson.com\/fr-be","name":"Laboratoires Unisson","description":"Appareil auditif et proth\u00e8se auditive Moins Cher jusqu&#039;\u00e0 -40%","publisher":{"@id":"https:\/\/www.laboratoires-unisson.com\/fr-be#organization"},"potentialAction":[{"@type":"SearchAction","target":{"@type":"EntryPoint","urlTemplate":"https:\/\/www.laboratoires-unisson.com\/fr-be?s={search_term_string}"},"query-input":{"@type":"PropertyValueSpecification","valueRequired":true,"valueName":"search_term_string"}}],"inLanguage":"fr-BE"},{"@type":"Organization","@id":"https:\/\/www.laboratoires-unisson.com\/fr-be#organization","name":"Laboratoires Unisson","url":"https:\/\/www.laboratoires-unisson.com\/fr-be","logo":{"@type":"ImageObject","inLanguage":"fr-BE","@id":"https:\/\/www.laboratoires-unisson.com\/fr-be#\/schema\/logo\/image\/","url":"https:\/\/www.laboratoires-unisson.com\/wp-content\/uploads\/2022\/01\/logo-unisson.svg","contentUrl":"https:\/\/www.laboratoires-unisson.com\/wp-content\/uploads\/2022\/01\/logo-unisson.svg","width":1,"height":1,"caption":"Laboratoires Unisson"},"image":{"@id":"https:\/\/www.laboratoires-unisson.com\/fr-be#\/schema\/logo\/image\/"}}]}},"_links":{"self":[{"href":"https:\/\/www.laboratoires-unisson.com\/fr-be\/wp-json\/wp\/v2\/product\/22675","targetHints":{"allow":["GET"]}}],"collection":[{"href":"https:\/\/www.laboratoires-unisson.com\/fr-be\/wp-json\/wp\/v2\/product"}],"about":[{"href":"https:\/\/www.laboratoires-unisson.com\/fr-be\/wp-json\/wp\/v2\/types\/product"}],"wp:featuredmedia":[{"embeddable":true,"href":"https:\/\/www.laboratoires-unisson.com\/fr-be\/wp-json\/wp\/v2\/media\/21117"}],"wp:attachment":[{"href":"https:\/\/www.laboratoires-unisson.com\/fr-be\/wp-json\/wp\/v2\/media?parent=22675"}],"wp:term":[{"taxonomy":"product_brand","embeddable":true,"href":"https:\/\/www.laboratoires-unisson.com\/fr-be\/wp-json\/wp\/v2\/product_brand?post=22675"},{"taxonomy":"product_cat","embeddable":true,"href":"https:\/\/www.laboratoires-unisson.com\/fr-be\/wp-json\/wp\/v2\/product_cat?post=22675"},{"taxonomy":"product_tag","embeddable":true,"href":"https:\/\/www.laboratoires-unisson.com\/fr-be\/wp-json\/wp\/v2\/product_tag?post=22675"}],"curies":[{"name":"wp","href":"https:\/\/api.w.org\/{rel}","templated":true}]}}