{"id":22678,"date":"2023-09-06T11:13:15","date_gmt":"2023-09-06T09:13:15","guid":{"rendered":"https:\/\/www.laboratoires-unisson.com\/produit\/pure-charge-go-7ix"},"modified":"2025-12-03T10:06:29","modified_gmt":"2025-12-03T09:06:29","slug":"pure-charge-go-7ix","status":"publish","type":"product","link":"https:\/\/www.laboratoires-unisson.com\/fr-be\/produit\/appareils-auditifs\/signia\/pure-charge-go-7ix","title":{"rendered":"Pure Charge &#038; Go 7IX"},"content":{"rendered":"<p><span style=\"font-weight: 400;\">Le Signia Pure Charge &amp; Go 7IX est le tout dernier <\/span><a href=\"https:\/\/www.laboratoires-unisson.com\/fr-be\/appareils-auditifs\"><span style=\"font-weight: 400;\">appareil auditif<\/span><\/a><span style=\"font-weight: 400;\"> haut de gamme de pointe, issu de <\/span><b>plusieurs ann\u00e9es d&#8217;innovations<\/b><span style=\"font-weight: 400;\"> dans le domaine de l&#8217;audioproth\u00e8se. Cette nouvelle plateforme technologique s&#8217;appuie sur l&#8217;\u00e9volution constante de l&#8217;architecture des puces de la marque Signia depuis 2015, offrant ainsi une <\/span><b>exp\u00e9rience audiologique exceptionnelle<\/b><span style=\"font-weight: 400;\">.<\/span><\/p>\n<h3><span style=\"font-weight: 400;\">Les aides auditives Pure Charge &amp; Go IX<\/span><\/h3>\n<p><span style=\"font-weight: 400;\">La technologie IX (Integrated Xperience) de <\/span><a href=\"https:\/\/www.laboratoires-unisson.com\/fr-be\/appareils-auditifs\/marques\/signia\"><span style=\"font-weight: 400;\">Signia<\/span><\/a><span style=\"font-weight: 400;\"> permet de redonner aux malentendants le pouvoir de suivre int\u00e9gralement des conversations gr\u00e2ce \u00e0 quatre piliers fondamentaux :<\/span><\/p>\n<ul>\n<li style=\"font-weight: 400;\" aria-level=\"1\"><b>Traitement diff\u00e9renci\u00e9 du signal utile et du signal ambiant d&#8217;AX<\/b><span style=\"font-weight: 400;\"> : Cette technologie distingue avec pr\u00e9cision la parole essentielle du bruit ambiant, assurant que l&#8217;utilisateur puisse suivre la conversation m\u00eame dans des environnements bruyants.<\/span><\/li>\n<\/ul>\n<ul>\n<li style=\"font-weight: 400;\" aria-level=\"1\"><b>Focalisation multiple sur les diff\u00e9rentes sources de parole :<\/b><span style=\"font-weight: 400;\"> Cette technologie permet une focalisation accrue sur une voix principale, en sublimant la classification des diff\u00e9rentes sources de parole.<\/span><\/li>\n<li style=\"font-weight: 400;\" aria-level=\"1\"><b>Gestion et prise en compte de la voix du patient &#8211; Syst\u00e8me OVP<\/b><span style=\"font-weight: 400;\"> : L&#8217;Own Voice Processing (OVP) permet \u00e0 la personne appareill\u00e9e de percevoir sa propre voix de mani\u00e8re naturelle, am\u00e9liorant ainsi le confort d&#8217;\u00e9coute.<\/span><\/li>\n<li style=\"font-weight: 400;\" aria-level=\"1\"><b>Focalisation dans toutes les directions :<\/b><span style=\"font-weight: 400;\"> Le Signia Pure Charge &amp; Go 7IX offre une focalisation pr\u00e9cise de la parole dans l&#8217;espace autour de l&#8217;utilisateur, quel que soit l&#8217;endroit d&#8217;o\u00f9 provient la parole.<\/span><\/li>\n<\/ul>\n<p><span style=\"font-weight: 400;\">Le Signia Pure Charge &amp; Go IX se d\u00e9cline en 3 mod\u00e8les de performances pour r\u00e9pondre aux besoins individuels de chaque personne :\u00a0<\/span><\/p>\n<ul>\n<li style=\"font-weight: 400;\" aria-level=\"1\"><b>Le haut de gamme &#8211; Pure Charge &amp; Go 7 IX :<\/b><span style=\"font-weight: 400;\"> Il int\u00e8gre les performances les plus hautes (5\/5) en termes de booster de conversations, optimisation de la parole en temps r\u00e9el, Spatial SpeechFocus, Dynamic Soundscape Processing 3.0, Sound Smoothing, eWindScreen.<\/span><\/li>\n<li style=\"font-weight: 400;\" aria-level=\"1\"><b>Le milieu de gamme &#8211; <\/b><b>Pure Charge &amp; Go 5 IX<\/b><b> :<\/b><span style=\"font-weight: 400;\">\u00a0 Il int\u00e8gre des bonnes performances (4\/5) en termes de booster de conversations, optimisation de la parole en temps r\u00e9el, Spatial SpeechFocus, Dynamic Soundscape Processing 3.0, Sound Smoothing, eWindScreen.<\/span><\/li>\n<li style=\"font-weight: 400;\" aria-level=\"1\"><b>L&#8217;entr\u00e9 de gamme &#8211; <\/b><b>Pure Charge &amp; Go 3 IX<\/b><b> :<\/b><span style=\"font-weight: 400;\"> Il int\u00e8gre des performances moyennes en termes de booster de conversations (2\/5), optimisation de la parole en temps r\u00e9el (2\/5), eWindScreen(3\/5), Sound Smoothing(3\/5), Dynamic Soundscape Processing 3.0(3\/5).<\/span><\/li>\n<\/ul>\n<p><span style=\"font-weight: 400;\">Pour cette nouvelle technologie IX, Signia a \u00e9galement sorti une innovation \u00e0 savoir le <\/span><span style=\"font-weight: 400;\">Silk Charge &amp; Go 7IX<\/span><span style=\"font-weight: 400;\">, le <\/span><b>premier appareil intra auriculaire rechargeable au monde<\/b><span style=\"font-weight: 400;\">.<\/span><\/p>\n<h3><span style=\"font-weight: 400;\">Les technologies de la gamme Signia Pure Charge &amp; Go IX<\/span><\/h3>\n<h4><span style=\"font-weight: 400;\">Optimisation et Hi\u00e9rarchisation\u00a0<\/span><\/h4>\n<p><span style=\"font-weight: 400;\">L&#8217;Integrated Xperience est une technologie qui <\/span><b>s&#8217;adapte 1 000 fois par seconde<\/b><span style=\"font-weight: 400;\"> aux variations de la conversation, aux mouvements et aux bruits ambiants. Ainsi, vous restez toujours au c\u0153ur de la conversation sans rien manquer.<\/span><\/p>\n<h4><span style=\"font-weight: 400;\">Multi Focalisation\u00a0<\/span><\/h4>\n<p><span style=\"font-weight: 400;\">La technologie IX se fixe sur les voix de vos interlocuteurs, <\/span><b>amplifiant chaque parole importante<\/b><span style=\"font-weight: 400;\"> lors des conversations en groupe.<\/span><\/p>\n<h4><span style=\"font-weight: 400;\">Connexion Bluetooth<\/span><\/h4>\n<p><span style=\"font-weight: 400;\">Les appareils connect\u00e9s Pure Charge &amp; Go IX T de Signia sont compatibles :\u00a0<\/span><\/p>\n<ul>\n<li style=\"font-weight: 400;\" aria-level=\"1\"><span style=\"font-weight: 400;\">iPhone (Made for iPhone),<\/span><\/li>\n<li style=\"font-weight: 400;\" aria-level=\"1\"><span style=\"font-weight: 400;\">ASHA (Streaming Android pour appareils auditifs),<\/span><\/li>\n<li style=\"font-weight: 400;\" aria-level=\"1\"><span style=\"font-weight: 400;\">Bluetooth via un accessoire,<\/span><\/li>\n<li style=\"font-weight: 400;\" aria-level=\"1\"><span style=\"font-weight: 400;\">Signia Assistant et son intelligence artificielle.<\/span><\/li>\n<li style=\"font-weight: 400;\" aria-level=\"1\"><span style=\"font-weight: 400;\">LE Audio Ready,<\/span><\/li>\n<li style=\"font-weight: 400;\" aria-level=\"1\"><span style=\"font-weight: 400;\">Application Signia.<\/span><\/li>\n<\/ul>\n<h4><span style=\"font-weight: 400;\">Accessoires compatibles<\/span><\/h4>\n<p><span style=\"font-weight: 400;\">Les aides auditives de la gamme Signia Pure Charge &amp; Go IX T sont compatibles avec les accessoires :\u00a0<\/span><\/p>\n<ul>\n<li style=\"font-weight: 400;\" aria-level=\"1\"><b>StreamLine Mic :<\/b><span style=\"font-weight: 400;\"> Il diffuse le streaming audio en st\u00e9r\u00e9o des appels, vid\u00e9o, musique\u2026<\/span><\/li>\n<li style=\"font-weight: 400;\" aria-level=\"1\"><b>StreamLine TV :<\/b><span style=\"font-weight: 400;\"> Cet adaptateur diffuse dans vos aides auditives le son de votre t\u00e9l\u00e9vision.<\/span><\/li>\n<li style=\"font-weight: 400;\" aria-level=\"1\"><b>MiniPocket :<\/b><span style=\"font-weight: 400;\"> Avec cette t\u00e9l\u00e9commande, vous pouvez contr\u00f4ler le volume et changer le programme de vos appareils auditifs.<\/span><\/li>\n<li style=\"font-weight: 400;\" aria-level=\"1\"><b>Chargeur RIC portable IX<\/b><b> :<\/b><span style=\"font-weight: 400;\"> Il charge vos aides auditives Signia IX\u00a0 tout en indiquant avec des LEDs l\u2019\u00e9tat de charge de vos appareils auditifs.<\/span><\/li>\n<\/ul>\n<h4><span style=\"font-weight: 400;\">Suivi de la parole en mouvement\u00a0<\/span><\/h4>\n<p><span style=\"font-weight: 400;\">Avec ses capteurs acoustiques, la nouvelle technologie IX va <\/span><b>analyser plus de 192 000 donn\u00e9es par seconde<\/b><span style=\"font-weight: 400;\"> pour rep\u00e9rer les interlocuteurs en temps r\u00e9el, maintenant ainsi un focus constant sur la parole \u00e0 entendre, m\u00eame en mouvement.<\/span><\/p>\n","protected":false},"excerpt":{"rendered":"<p>Le Signia Pure Charge &amp; Go 7IX est le tout dernier appareil auditif haut de gamme de pointe, issu de plusieurs ann\u00e9es d&#8217;innovations dans le domaine de l&#8217;audioproth\u00e8se. Cette nouvelle plateforme technologique s&#8217;appuie sur l&#8217;\u00e9volution constante de l&#8217;architecture des puces de la marque Signia depuis 2015, offrant ainsi une exp\u00e9rience audiologique exceptionnelle. Les aides auditives [&hellip;]<\/p>\n","protected":false},"featured_media":21088,"template":"","meta":{"_acf_changed":false},"product_brand":[],"product_cat":[2684,2830],"product_tag":[],"class_list":{"0":"post-22678","1":"product","2":"type-product","3":"status-publish","4":"has-post-thumbnail","6":"product_cat-offre-premium-fr-be","7":"product_cat-signia-fr-be","9":"first","10":"instock","11":"taxable","12":"shipping-taxable","13":"purchasable","14":"product-type-simple"},"acf":[],"yoast_head":"<!-- This site is optimized with the Yoast SEO plugin v27.1.1 - https:\/\/yoast.com\/product\/yoast-seo-wordpress\/ -->\n<title>Appareil auditif Signia Pure Charge &amp; Go 7IX \u00e0 1900\u20ac - Unisson Belgique<\/title>\n<meta name=\"description\" content=\"Le Signia Pure Charge &amp; Go 7IX est le tout dernier appareil auditif haut de gamme de pointe, issu de plusieurs ann\u00e9es d&#039;innovations dans le domaine de\" \/>\n<meta name=\"robots\" content=\"index, follow, max-snippet:-1, max-image-preview:large, max-video-preview:-1\" \/>\n<link rel=\"canonical\" href=\"https:\/\/www.laboratoires-unisson.com\/fr-be\/wp-json\/wp\/v2\/product\/22678\" \/>\n<meta property=\"og:locale\" content=\"fr_FR\" \/>\n<meta property=\"og:type\" content=\"article\" \/>\n<meta property=\"og:title\" content=\"Appareil auditif Signia Pure Charge &amp; Go 7IX \u00e0 1900\u20ac - Unisson\" \/>\n<meta property=\"og:description\" content=\"Le Signia Pure Charge &amp; Go 7IX est le tout dernier appareil auditif haut de gamme de pointe, issu de plusieurs ann\u00e9es d&#039;innovations dans le domaine de\" \/>\n<meta property=\"og:url\" content=\"https:\/\/www.laboratoires-unisson.com\/fr-be\/produit\/appareils-auditifs\/signia\/pure-charge-go-7ix\" \/>\n<meta property=\"og:site_name\" content=\"Laboratoires Unisson\" \/>\n<meta property=\"article:modified_time\" content=\"2025-12-03T09:06:29+00:00\" \/>\n<meta property=\"og:image\" content=\"https:\/\/www.laboratoires-unisson.com\/wp-content\/uploads\/2023\/09\/Signia-Pure-Charge-Go-7IX-11.png\" \/>\n\t<meta property=\"og:image:width\" content=\"1000\" \/>\n\t<meta property=\"og:image:height\" content=\"1000\" \/>\n\t<meta property=\"og:image:type\" content=\"image\/png\" \/>\n<meta name=\"twitter:card\" content=\"summary_large_image\" \/>\n<meta name=\"twitter:label1\" content=\"Est. reading time\" \/>\n\t<meta name=\"twitter:data1\" content=\"4 minutes\" \/>\n<script type=\"application\/ld+json\" class=\"yoast-schema-graph\">{\"@context\":\"https:\/\/schema.org\",\"@graph\":[{\"@type\":\"WebPage\",\"@id\":\"https:\/\/www.laboratoires-unisson.com\/fr-be\/produit\/appareils-auditifs\/signia\/pure-charge-go-7ix\",\"url\":\"https:\/\/www.laboratoires-unisson.com\/fr-be\/produit\/appareils-auditifs\/signia\/pure-charge-go-7ix\",\"name\":\"Appareil auditif Signia Pure Charge & Go 7IX \u00e0 1900\u20ac - Unisson\",\"isPartOf\":{\"@id\":\"https:\/\/www.laboratoires-unisson.com\/fr-be#website\"},\"primaryImageOfPage\":{\"@id\":\"https:\/\/www.laboratoires-unisson.com\/fr-be\/produit\/appareils-auditifs\/signia\/pure-charge-go-7ix#primaryimage\"},\"image\":{\"@id\":\"https:\/\/www.laboratoires-unisson.com\/fr-be\/produit\/appareils-auditifs\/signia\/pure-charge-go-7ix#primaryimage\"},\"thumbnailUrl\":\"https:\/\/www.laboratoires-unisson.com\/wp-content\/uploads\/2023\/09\/Signia-Pure-Charge-Go-7IX-11.png\",\"datePublished\":\"2023-09-06T09:13:15+00:00\",\"dateModified\":\"2025-12-03T09:06:29+00:00\",\"description\":\"Le Signia Pure Charge &amp; Go 7IX est le tout dernier appareil auditif haut de gamme de pointe, issu de plusieurs ann\u00e9es d'innovations dans le domaine de\",\"breadcrumb\":{\"@id\":\"https:\/\/www.laboratoires-unisson.com\/fr-be\/produit\/appareils-auditifs\/signia\/pure-charge-go-7ix#breadcrumb\"},\"inLanguage\":\"fr-BE\",\"potentialAction\":[{\"@type\":\"ReadAction\",\"target\":[\"https:\/\/www.laboratoires-unisson.com\/fr-be\/produit\/appareils-auditifs\/signia\/pure-charge-go-7ix\"]}]},{\"@type\":\"ImageObject\",\"inLanguage\":\"fr-BE\",\"@id\":\"https:\/\/www.laboratoires-unisson.com\/fr-be\/produit\/appareils-auditifs\/signia\/pure-charge-go-7ix#primaryimage\",\"url\":\"https:\/\/www.laboratoires-unisson.com\/wp-content\/uploads\/2023\/09\/Signia-Pure-Charge-Go-7IX-11.png\",\"contentUrl\":\"https:\/\/www.laboratoires-unisson.com\/wp-content\/uploads\/2023\/09\/Signia-Pure-Charge-Go-7IX-11.png\",\"width\":1000,\"height\":1000},{\"@type\":\"BreadcrumbList\",\"@id\":\"https:\/\/www.laboratoires-unisson.com\/fr-be\/produit\/appareils-auditifs\/signia\/pure-charge-go-7ix#breadcrumb\",\"itemListElement\":[{\"@type\":\"ListItem\",\"position\":1,\"name\":\"Shop\",\"item\":\"https:\/\/www.laboratoires-unisson.com\/fr-be\/shop\"},{\"@type\":\"ListItem\",\"position\":2,\"name\":\"Pure Charge &#038; Go 7IX\"}]},{\"@type\":\"WebSite\",\"@id\":\"https:\/\/www.laboratoires-unisson.com\/fr-be#website\",\"url\":\"https:\/\/www.laboratoires-unisson.com\/fr-be\",\"name\":\"Laboratoires Unisson\",\"description\":\"Appareil auditif et proth\u00e8se auditive Moins Cher jusqu&#039;\u00e0 -40%\",\"publisher\":{\"@id\":\"https:\/\/www.laboratoires-unisson.com\/fr-be#organization\"},\"potentialAction\":[{\"@type\":\"SearchAction\",\"target\":{\"@type\":\"EntryPoint\",\"urlTemplate\":\"https:\/\/www.laboratoires-unisson.com\/fr-be?s={search_term_string}\"},\"query-input\":{\"@type\":\"PropertyValueSpecification\",\"valueRequired\":true,\"valueName\":\"search_term_string\"}}],\"inLanguage\":\"fr-BE\"},{\"@type\":\"Organization\",\"@id\":\"https:\/\/www.laboratoires-unisson.com\/fr-be#organization\",\"name\":\"Laboratoires Unisson\",\"url\":\"https:\/\/www.laboratoires-unisson.com\/fr-be\",\"logo\":{\"@type\":\"ImageObject\",\"inLanguage\":\"fr-BE\",\"@id\":\"https:\/\/www.laboratoires-unisson.com\/fr-be#\/schema\/logo\/image\/\",\"url\":\"https:\/\/www.laboratoires-unisson.com\/wp-content\/uploads\/2022\/01\/logo-unisson.svg\",\"contentUrl\":\"https:\/\/www.laboratoires-unisson.com\/wp-content\/uploads\/2022\/01\/logo-unisson.svg\",\"width\":1,\"height\":1,\"caption\":\"Laboratoires Unisson\"},\"image\":{\"@id\":\"https:\/\/www.laboratoires-unisson.com\/fr-be#\/schema\/logo\/image\/\"}}]}<\/script>\n<!-- \/ Yoast SEO plugin. -->","yoast_head_json":{"title":"Appareil auditif Signia Pure Charge & Go 7IX \u00e0 1900\u20ac - Unisson Belgique","description":"Le Signia Pure Charge &amp; Go 7IX est le tout dernier appareil auditif haut de gamme de pointe, issu de plusieurs ann\u00e9es d'innovations dans le domaine de","robots":{"index":"index","follow":"follow","max-snippet":"max-snippet:-1","max-image-preview":"max-image-preview:large","max-video-preview":"max-video-preview:-1"},"canonical":"https:\/\/www.laboratoires-unisson.com\/fr-be\/wp-json\/wp\/v2\/product\/22678","og_locale":"fr_FR","og_type":"article","og_title":"Appareil auditif Signia Pure Charge & Go 7IX \u00e0 1900\u20ac - Unisson","og_description":"Le Signia Pure Charge &amp; Go 7IX est le tout dernier appareil auditif haut de gamme de pointe, issu de plusieurs ann\u00e9es d'innovations dans le domaine de","og_url":"https:\/\/www.laboratoires-unisson.com\/fr-be\/produit\/appareils-auditifs\/signia\/pure-charge-go-7ix","og_site_name":"Laboratoires Unisson","article_modified_time":"2025-12-03T09:06:29+00:00","og_image":[{"width":1000,"height":1000,"url":"https:\/\/www.laboratoires-unisson.com\/wp-content\/uploads\/2023\/09\/Signia-Pure-Charge-Go-7IX-11.png","type":"image\/png"}],"twitter_card":"summary_large_image","twitter_misc":{"Est. reading time":"4 minutes"},"schema":{"@context":"https:\/\/schema.org","@graph":[{"@type":"WebPage","@id":"https:\/\/www.laboratoires-unisson.com\/fr-be\/produit\/appareils-auditifs\/signia\/pure-charge-go-7ix","url":"https:\/\/www.laboratoires-unisson.com\/fr-be\/produit\/appareils-auditifs\/signia\/pure-charge-go-7ix","name":"Appareil auditif Signia Pure Charge & Go 7IX \u00e0 1900\u20ac - Unisson","isPartOf":{"@id":"https:\/\/www.laboratoires-unisson.com\/fr-be#website"},"primaryImageOfPage":{"@id":"https:\/\/www.laboratoires-unisson.com\/fr-be\/produit\/appareils-auditifs\/signia\/pure-charge-go-7ix#primaryimage"},"image":{"@id":"https:\/\/www.laboratoires-unisson.com\/fr-be\/produit\/appareils-auditifs\/signia\/pure-charge-go-7ix#primaryimage"},"thumbnailUrl":"https:\/\/www.laboratoires-unisson.com\/wp-content\/uploads\/2023\/09\/Signia-Pure-Charge-Go-7IX-11.png","datePublished":"2023-09-06T09:13:15+00:00","dateModified":"2025-12-03T09:06:29+00:00","description":"Le Signia Pure Charge &amp; Go 7IX est le tout dernier appareil auditif haut de gamme de pointe, issu de plusieurs ann\u00e9es d'innovations dans le domaine de","breadcrumb":{"@id":"https:\/\/www.laboratoires-unisson.com\/fr-be\/produit\/appareils-auditifs\/signia\/pure-charge-go-7ix#breadcrumb"},"inLanguage":"fr-BE","potentialAction":[{"@type":"ReadAction","target":["https:\/\/www.laboratoires-unisson.com\/fr-be\/produit\/appareils-auditifs\/signia\/pure-charge-go-7ix"]}]},{"@type":"ImageObject","inLanguage":"fr-BE","@id":"https:\/\/www.laboratoires-unisson.com\/fr-be\/produit\/appareils-auditifs\/signia\/pure-charge-go-7ix#primaryimage","url":"https:\/\/www.laboratoires-unisson.com\/wp-content\/uploads\/2023\/09\/Signia-Pure-Charge-Go-7IX-11.png","contentUrl":"https:\/\/www.laboratoires-unisson.com\/wp-content\/uploads\/2023\/09\/Signia-Pure-Charge-Go-7IX-11.png","width":1000,"height":1000},{"@type":"BreadcrumbList","@id":"https:\/\/www.laboratoires-unisson.com\/fr-be\/produit\/appareils-auditifs\/signia\/pure-charge-go-7ix#breadcrumb","itemListElement":[{"@type":"ListItem","position":1,"name":"Shop","item":"https:\/\/www.laboratoires-unisson.com\/fr-be\/shop"},{"@type":"ListItem","position":2,"name":"Pure Charge &#038; Go 7IX"}]},{"@type":"WebSite","@id":"https:\/\/www.laboratoires-unisson.com\/fr-be#website","url":"https:\/\/www.laboratoires-unisson.com\/fr-be","name":"Laboratoires Unisson","description":"Appareil auditif et proth\u00e8se auditive Moins Cher jusqu&#039;\u00e0 -40%","publisher":{"@id":"https:\/\/www.laboratoires-unisson.com\/fr-be#organization"},"potentialAction":[{"@type":"SearchAction","target":{"@type":"EntryPoint","urlTemplate":"https:\/\/www.laboratoires-unisson.com\/fr-be?s={search_term_string}"},"query-input":{"@type":"PropertyValueSpecification","valueRequired":true,"valueName":"search_term_string"}}],"inLanguage":"fr-BE"},{"@type":"Organization","@id":"https:\/\/www.laboratoires-unisson.com\/fr-be#organization","name":"Laboratoires Unisson","url":"https:\/\/www.laboratoires-unisson.com\/fr-be","logo":{"@type":"ImageObject","inLanguage":"fr-BE","@id":"https:\/\/www.laboratoires-unisson.com\/fr-be#\/schema\/logo\/image\/","url":"https:\/\/www.laboratoires-unisson.com\/wp-content\/uploads\/2022\/01\/logo-unisson.svg","contentUrl":"https:\/\/www.laboratoires-unisson.com\/wp-content\/uploads\/2022\/01\/logo-unisson.svg","width":1,"height":1,"caption":"Laboratoires Unisson"},"image":{"@id":"https:\/\/www.laboratoires-unisson.com\/fr-be#\/schema\/logo\/image\/"}}]}},"_links":{"self":[{"href":"https:\/\/www.laboratoires-unisson.com\/fr-be\/wp-json\/wp\/v2\/product\/22678","targetHints":{"allow":["GET"]}}],"collection":[{"href":"https:\/\/www.laboratoires-unisson.com\/fr-be\/wp-json\/wp\/v2\/product"}],"about":[{"href":"https:\/\/www.laboratoires-unisson.com\/fr-be\/wp-json\/wp\/v2\/types\/product"}],"wp:featuredmedia":[{"embeddable":true,"href":"https:\/\/www.laboratoires-unisson.com\/fr-be\/wp-json\/wp\/v2\/media\/21088"}],"wp:attachment":[{"href":"https:\/\/www.laboratoires-unisson.com\/fr-be\/wp-json\/wp\/v2\/media?parent=22678"}],"wp:term":[{"taxonomy":"product_brand","embeddable":true,"href":"https:\/\/www.laboratoires-unisson.com\/fr-be\/wp-json\/wp\/v2\/product_brand?post=22678"},{"taxonomy":"product_cat","embeddable":true,"href":"https:\/\/www.laboratoires-unisson.com\/fr-be\/wp-json\/wp\/v2\/product_cat?post=22678"},{"taxonomy":"product_tag","embeddable":true,"href":"https:\/\/www.laboratoires-unisson.com\/fr-be\/wp-json\/wp\/v2\/product_tag?post=22678"}],"curies":[{"name":"wp","href":"https:\/\/api.w.org\/{rel}","templated":true}]}}