{"id":22679,"date":"2023-09-04T11:35:55","date_gmt":"2023-09-04T09:35:55","guid":{"rendered":"https:\/\/www.laboratoires-unisson.com\/produit\/evolv-ai-2400-cic"},"modified":"2025-12-03T10:06:30","modified_gmt":"2025-12-03T09:06:30","slug":"evolv-ai-2400-cic","status":"publish","type":"product","link":"https:\/\/www.laboratoires-unisson.com\/fr-be\/produit\/appareils-auditifs\/starkey\/evolv-ai-2400-cic","title":{"rendered":"Evolv AI 2400 CIC"},"content":{"rendered":"<p><span style=\"font-weight: 400;\">L&#8217;appareil Evolv AI 2400 CIC repr\u00e9sente <\/span><b>une avanc\u00e9e majeure dans le domaine des aides auditives connect\u00e9es<\/b><span style=\"font-weight: 400;\"> \u00e0 2,4 GHz, se distinguant par <\/span><b>sa taille extr\u00eamement r\u00e9duite<\/b><span style=\"font-weight: 400;\">. Cette solution auditive haut de gamme de la marque <\/span><a href=\"https:\/\/www.laboratoires-unisson.com\/fr-be\/appareils-auditifs\/marques\/starkey\"><span style=\"font-weight: 400;\">Starkey<\/span><\/a> <b>incarne l&#8217;excellence<\/b><span style=\"font-weight: 400;\">, tirant parti des derni\u00e8res avanc\u00e9es en mati\u00e8re de technologie sans fil et embarquant la toute nouvelle puce Thrive agr\u00e9ment\u00e9e de capteurs int\u00e9gr\u00e9s et d&#8217;intelligence artificielle.<\/span><\/p>\n<p><span style=\"font-weight: 400;\">Le Evolv AI 2400 CIC se positionne \u00e0 <\/span><b>un niveau technologique remarquablement \u00e9lev\u00e9, procurant d&#8217;excellentes performances<\/b><span style=\"font-weight: 400;\"> et une transition fluide dans une large vari\u00e9t\u00e9 d&#8217;environnements.<\/span><\/p>\n<h3><span style=\"font-weight: 400;\">La gamme d\u2019aides auditives Evolv AI Semi-profond CIC<\/span><\/h3>\n<p><span style=\"font-weight: 400;\">Les nouveaux mod\u00e8les Evolv AI semi-profonds CIC garantissent une <\/span><b>r\u00e9duction de bruit allant jusqu\u2019\u00e0 40%<\/b><span style=\"font-weight: 400;\"> de plus que les anciens mod\u00e8les, offrant ainsi <\/span><b>une exp\u00e9rience d\u2019\u00e9coute optimale<\/b><span style=\"font-weight: 400;\">, plus confortable avec notamment une intelligibilit\u00e9 de la parole am\u00e9lior\u00e9e et une qualit\u00e9 sonore \u00e9lev\u00e9e dans tous les environnements.<\/span><\/p>\n<p><span style=\"font-weight: 400;\">Ces <\/span><a href=\"https:\/\/www.laboratoires-unisson.com\/fr-be\/appareils-auditifs\/types\/intra-cic\"><span style=\"font-weight: 400;\">appareils auditifs intra-auriculaires<\/span><\/a><span style=\"font-weight: 400;\"> aussi discrets que confortables, contiennent <\/span><b>de hautes performances de suppression de Larsen, de g\u00e9n\u00e9rateur de bruit blanc anti-acouph\u00e8nes, de gestion du vent et des bruits nocifs pour les oreilles<\/b><span style=\"font-weight: 400;\">.\u00a0<\/span><\/p>\n<p><span style=\"font-weight: 400;\">Les Evolv AI Semi-profond CIC, se d\u00e9clinent en 10 coloris et 3 diff\u00e9rents mod\u00e8les :\u00a0<\/span><\/p>\n<ul>\n<li style=\"font-weight: 400;\" aria-level=\"1\"><b>Evolv AI 2400 CIC<\/b><span style=\"font-weight: 400;\"> : C\u2019est le mod\u00e8le haut de gamme, il dispose des fonctionnalit\u00e9s Voice AI, Mode Edge, <\/span><b>traduction, transcription audio texte, trouver son t\u00e9l\u00e9phone<\/b><span style=\"font-weight: 400;\">, assistance Thrive, <\/span><b>d\u00e9tection et alertes de chute<\/b><span style=\"font-weight: 400;\">, rappels vocaux. Il int\u00e8gre \u00e9galement une excellente gestion de l\u2019environnement sonore et permet d&#8217;acc\u00e9der \u00e0 l\u2019application Hear Share.<\/span><\/li>\n<li style=\"font-weight: 400;\" aria-level=\"1\"><b>Evolv AI 2000 CIC<\/b><span style=\"font-weight: 400;\"> : C\u2019est le mod\u00e8le milieu de gamme, il dispose des fonctionnalit\u00e9s Mode Egde, <\/span><b>transcription audio du texte<\/b><span style=\"font-weight: 400;\">, <\/span><b>trouver son t\u00e9l\u00e9phone<\/b><span style=\"font-weight: 400;\">, assistance Thrive, <\/span><b>d\u00e9tection et alertes de chute<\/b><span style=\"font-weight: 400;\">, rappels vocaux. Il int\u00e8gre \u00e9galement une bonne gestion de l\u2019environnement sonore.<\/span><\/li>\n<li style=\"font-weight: 400;\" aria-level=\"1\"><b>Evolv AI 1600 CIC<\/b><span style=\"font-weight: 400;\"> : C\u2019est le mod\u00e8le entr\u00e9 de gamme, il dispose des fonctionnalit\u00e9s\u00a0 <\/span><b>trouver son t\u00e9l\u00e9phone<\/b><span style=\"font-weight: 400;\">, assistance Thrive, <\/span><b>d\u00e9tection et alertes de chute<\/b><span style=\"font-weight: 400;\">, rappels vocaux.\u00a0<\/span><\/li>\n<\/ul>\n<h3><span style=\"font-weight: 400;\">Les technologies de la gamme Evolv AI Semi-profond CIC<\/span><\/h3>\n<h4><span style=\"font-weight: 400;\">Starkey Sound<\/span><\/h4>\n<p><span style=\"font-weight: 400;\">C\u2019est une technologie constamment active et automatique qui va, gr\u00e2ce \u00e0 ses 55 millions d\u2019ajustements automatiques par heure,<\/span><b> offrir un son plus naturel et r\u00e9aliste<\/b><span style=\"font-weight: 400;\">.<\/span><\/p>\n<h4><span style=\"font-weight: 400;\">Mode Edge<\/span><\/h4>\n<p><span style=\"font-weight: 400;\">Vous profitez d&#8217;une <\/span><b>am\u00e9lioration du signal vocal qui am\u00e8ne une meilleure compr\u00e9hension de la parole<\/b><span style=\"font-weight: 400;\">, m\u00eame dans des situations sonores complexes. Cette technologie intelligente <\/span><b>analyse votre environnement acoustique, adapte l&#8217;amplification en fonction de vos besoins, et intervient \u00e0 la demande par un l\u00e9ger contact sur votre oreille<\/b><span style=\"font-weight: 400;\"> (par le biais du contr\u00f4le tactile) ou par l&#8217;interm\u00e9diaire de l&#8217;application Thrive Hearing Control.<\/span><\/p>\n<h4><span style=\"font-weight: 400;\">Assistant intelligent Thrive<\/span><\/h4>\n<p><span style=\"font-weight: 400;\">L&#8217;assistant intelligent Thrive va int\u00e9grer des fonctionnalit\u00e9s avanc\u00e9es telles que :\u00a0<\/span><\/p>\n<ul>\n<li style=\"font-weight: 400;\" aria-level=\"1\"><b>Traduction : <\/b><span style=\"font-weight: 400;\">Communiquez ais\u00e9ment avec des interlocuteurs parlant des langues \u00e9trang\u00e8res.<\/span><\/li>\n<li style=\"font-weight: 400;\" aria-level=\"1\"><b>Transcription audio en texte : <\/b><span style=\"font-weight: 400;\">Les conversations sont transform\u00e9es en texte, vous permettant ainsi de lire le contenu verbal.<\/span><\/li>\n<li style=\"font-weight: 400;\" aria-level=\"1\"><b>Localisation de t\u00e9l\u00e9phone : <\/b><span style=\"font-weight: 400;\">Retrouvez votre smartphone \u00e9gar\u00e9 en tapotant deux fois sur votre aide auditive et en disant \u00abTrouver mon t\u00e9l\u00e9phone\u00bb.<\/span><\/li>\n<li style=\"font-weight: 400;\" aria-level=\"1\"><b>Assistance via Thrive : <\/b><span style=\"font-weight: 400;\">Obtenez des r\u00e9ponses \u00e0 vos questions sur divers sujets.<\/span><\/li>\n<li style=\"font-weight: 400;\" aria-level=\"1\"><b>D\u00e9tection et alertes en cas de chute : <\/b><span style=\"font-weight: 400;\">Vos aides auditives peuvent d\u00e9tecter une chute et envoyer des messages d&#8217;alerte \u00e0 des contacts pr\u00e9d\u00e9finis.<\/span><\/li>\n<li style=\"font-weight: 400;\" aria-level=\"1\"><b>Rappels vocaux : <\/b>Programmez des rappels pour vos rendez-vous, vos prises de m\u00e9dicaments et autres\u2026<\/li>\n<\/ul>\n<h4><span style=\"font-weight: 400;\">Connectivit\u00e9<\/span><\/h4>\n<p><span style=\"font-weight: 400;\">Gr\u00e2ce aux applications Thrive Hearing Control et Hear Share vous pouvez <\/span><b>plus facilement connecter vos appareils Apple ou Android \u00e0 vos aides auditives connect\u00e9es<\/b><span style=\"font-weight: 400;\">. Cependant, seul le Evolv AI 2400 CIC int\u00e8gre l\u2019application Hear Share.<\/span><\/p>\n","protected":false},"excerpt":{"rendered":"<p>L&#8217;appareil Evolv AI 2400 CIC repr\u00e9sente une avanc\u00e9e majeure dans le domaine des aides auditives connect\u00e9es \u00e0 2,4 GHz, se distinguant par sa taille extr\u00eamement r\u00e9duite. Cette solution auditive haut de gamme de la marque Starkey incarne l&#8217;excellence, tirant parti des derni\u00e8res avanc\u00e9es en mati\u00e8re de technologie sans fil et embarquant la toute nouvelle puce [&hellip;]<\/p>\n","protected":false},"featured_media":21081,"template":"","meta":{"_acf_changed":false},"product_brand":[],"product_cat":[2684,2643],"product_tag":[],"class_list":{"0":"post-22679","1":"product","2":"type-product","3":"status-publish","4":"has-post-thumbnail","6":"product_cat-offre-premium-fr-be","7":"product_cat-starkey-fr-be","9":"first","10":"instock","11":"taxable","12":"shipping-taxable","13":"purchasable","14":"product-type-simple"},"acf":[],"yoast_head":"<!-- This site is optimized with the Yoast SEO plugin v27.1.1 - https:\/\/yoast.com\/product\/yoast-seo-wordpress\/ -->\n<title>Appareil auditif Starkey Evolv AI 2400 CIC \u00e0 2100\u20ac - Unisson Belgique<\/title>\n<meta name=\"description\" content=\"D\u00e9couvrez le Starkey Evolv AI 2400 CIC chez Unisson Belgique. Profitez de la technologie AI et d&#039;une audition exceptionnelle au meilleur prix chez Unisson.\" \/>\n<meta name=\"robots\" content=\"index, follow, max-snippet:-1, max-image-preview:large, max-video-preview:-1\" \/>\n<link rel=\"canonical\" href=\"https:\/\/www.laboratoires-unisson.com\/fr-be\/wp-json\/wp\/v2\/product\/22679\" \/>\n<meta property=\"og:locale\" content=\"fr_FR\" \/>\n<meta property=\"og:type\" content=\"article\" \/>\n<meta property=\"og:title\" content=\"Evolv AI 2400 CIC - Laboratoires Unisson\" \/>\n<meta property=\"og:description\" content=\"D\u00e9couvrez le Starkey Evolv AI 2400 CIC chez Unisson Belgique. Profitez de la technologie AI et d&#039;une audition exceptionnelle au meilleur prix chez Unisson.\" \/>\n<meta property=\"og:url\" content=\"https:\/\/www.laboratoires-unisson.com\/fr-be\/produit\/appareils-auditifs\/starkey\/evolv-ai-2400-cic\" \/>\n<meta property=\"og:site_name\" content=\"Laboratoires Unisson\" \/>\n<meta property=\"article:modified_time\" content=\"2025-12-03T09:06:30+00:00\" \/>\n<meta property=\"og:image\" content=\"https:\/\/www.laboratoires-unisson.com\/wp-content\/uploads\/2023\/09\/Starkey-Evolv-AI_2400-CIC-1.png\" \/>\n\t<meta property=\"og:image:width\" content=\"450\" \/>\n\t<meta property=\"og:image:height\" content=\"500\" \/>\n\t<meta property=\"og:image:type\" content=\"image\/png\" \/>\n<meta name=\"twitter:card\" content=\"summary_large_image\" \/>\n<meta name=\"twitter:label1\" content=\"Est. reading time\" \/>\n\t<meta name=\"twitter:data1\" content=\"4 minutes\" \/>\n<script type=\"application\/ld+json\" class=\"yoast-schema-graph\">{\"@context\":\"https:\/\/schema.org\",\"@graph\":[{\"@type\":\"WebPage\",\"@id\":\"https:\/\/www.laboratoires-unisson.com\/fr-be\/produit\/appareils-auditifs\/starkey\/evolv-ai-2400-cic\",\"url\":\"https:\/\/www.laboratoires-unisson.com\/fr-be\/produit\/appareils-auditifs\/starkey\/evolv-ai-2400-cic\",\"name\":\"Evolv AI 2400 CIC - Laboratoires Unisson\",\"isPartOf\":{\"@id\":\"https:\/\/www.laboratoires-unisson.com\/fr-be#website\"},\"primaryImageOfPage\":{\"@id\":\"https:\/\/www.laboratoires-unisson.com\/fr-be\/produit\/appareils-auditifs\/starkey\/evolv-ai-2400-cic#primaryimage\"},\"image\":{\"@id\":\"https:\/\/www.laboratoires-unisson.com\/fr-be\/produit\/appareils-auditifs\/starkey\/evolv-ai-2400-cic#primaryimage\"},\"thumbnailUrl\":\"https:\/\/www.laboratoires-unisson.com\/wp-content\/uploads\/2023\/09\/Starkey-Evolv-AI_2400-CIC-1.png\",\"datePublished\":\"2023-09-04T09:35:55+00:00\",\"dateModified\":\"2025-12-03T09:06:30+00:00\",\"description\":\"D\u00e9couvrez le Starkey Evolv AI 2400 CIC chez Unisson Belgique. Profitez de la technologie AI et d'une audition exceptionnelle au meilleur prix chez Unisson.\",\"breadcrumb\":{\"@id\":\"https:\/\/www.laboratoires-unisson.com\/fr-be\/produit\/appareils-auditifs\/starkey\/evolv-ai-2400-cic#breadcrumb\"},\"inLanguage\":\"fr-BE\",\"potentialAction\":[{\"@type\":\"ReadAction\",\"target\":[\"https:\/\/www.laboratoires-unisson.com\/fr-be\/produit\/appareils-auditifs\/starkey\/evolv-ai-2400-cic\"]}]},{\"@type\":\"ImageObject\",\"inLanguage\":\"fr-BE\",\"@id\":\"https:\/\/www.laboratoires-unisson.com\/fr-be\/produit\/appareils-auditifs\/starkey\/evolv-ai-2400-cic#primaryimage\",\"url\":\"https:\/\/www.laboratoires-unisson.com\/wp-content\/uploads\/2023\/09\/Starkey-Evolv-AI_2400-CIC-1.png\",\"contentUrl\":\"https:\/\/www.laboratoires-unisson.com\/wp-content\/uploads\/2023\/09\/Starkey-Evolv-AI_2400-CIC-1.png\",\"width\":450,\"height\":500},{\"@type\":\"BreadcrumbList\",\"@id\":\"https:\/\/www.laboratoires-unisson.com\/fr-be\/produit\/appareils-auditifs\/starkey\/evolv-ai-2400-cic#breadcrumb\",\"itemListElement\":[{\"@type\":\"ListItem\",\"position\":1,\"name\":\"Shop\",\"item\":\"https:\/\/www.laboratoires-unisson.com\/fr-be\/shop\"},{\"@type\":\"ListItem\",\"position\":2,\"name\":\"Evolv AI 2400 CIC\"}]},{\"@type\":\"WebSite\",\"@id\":\"https:\/\/www.laboratoires-unisson.com\/fr-be#website\",\"url\":\"https:\/\/www.laboratoires-unisson.com\/fr-be\",\"name\":\"Laboratoires Unisson\",\"description\":\"Appareil auditif et proth\u00e8se auditive Moins Cher jusqu&#039;\u00e0 -40%\",\"publisher\":{\"@id\":\"https:\/\/www.laboratoires-unisson.com\/fr-be#organization\"},\"potentialAction\":[{\"@type\":\"SearchAction\",\"target\":{\"@type\":\"EntryPoint\",\"urlTemplate\":\"https:\/\/www.laboratoires-unisson.com\/fr-be?s={search_term_string}\"},\"query-input\":{\"@type\":\"PropertyValueSpecification\",\"valueRequired\":true,\"valueName\":\"search_term_string\"}}],\"inLanguage\":\"fr-BE\"},{\"@type\":\"Organization\",\"@id\":\"https:\/\/www.laboratoires-unisson.com\/fr-be#organization\",\"name\":\"Laboratoires Unisson\",\"url\":\"https:\/\/www.laboratoires-unisson.com\/fr-be\",\"logo\":{\"@type\":\"ImageObject\",\"inLanguage\":\"fr-BE\",\"@id\":\"https:\/\/www.laboratoires-unisson.com\/fr-be#\/schema\/logo\/image\/\",\"url\":\"https:\/\/www.laboratoires-unisson.com\/wp-content\/uploads\/2022\/01\/logo-unisson.svg\",\"contentUrl\":\"https:\/\/www.laboratoires-unisson.com\/wp-content\/uploads\/2022\/01\/logo-unisson.svg\",\"width\":1,\"height\":1,\"caption\":\"Laboratoires Unisson\"},\"image\":{\"@id\":\"https:\/\/www.laboratoires-unisson.com\/fr-be#\/schema\/logo\/image\/\"}}]}<\/script>\n<!-- \/ Yoast SEO plugin. -->","yoast_head_json":{"title":"Appareil auditif Starkey Evolv AI 2400 CIC \u00e0 2100\u20ac - Unisson Belgique","description":"D\u00e9couvrez le Starkey Evolv AI 2400 CIC chez Unisson Belgique. Profitez de la technologie AI et d'une audition exceptionnelle au meilleur prix chez Unisson.","robots":{"index":"index","follow":"follow","max-snippet":"max-snippet:-1","max-image-preview":"max-image-preview:large","max-video-preview":"max-video-preview:-1"},"canonical":"https:\/\/www.laboratoires-unisson.com\/fr-be\/wp-json\/wp\/v2\/product\/22679","og_locale":"fr_FR","og_type":"article","og_title":"Evolv AI 2400 CIC - Laboratoires Unisson","og_description":"D\u00e9couvrez le Starkey Evolv AI 2400 CIC chez Unisson Belgique. Profitez de la technologie AI et d'une audition exceptionnelle au meilleur prix chez Unisson.","og_url":"https:\/\/www.laboratoires-unisson.com\/fr-be\/produit\/appareils-auditifs\/starkey\/evolv-ai-2400-cic","og_site_name":"Laboratoires Unisson","article_modified_time":"2025-12-03T09:06:30+00:00","og_image":[{"width":450,"height":500,"url":"https:\/\/www.laboratoires-unisson.com\/wp-content\/uploads\/2023\/09\/Starkey-Evolv-AI_2400-CIC-1.png","type":"image\/png"}],"twitter_card":"summary_large_image","twitter_misc":{"Est. reading time":"4 minutes"},"schema":{"@context":"https:\/\/schema.org","@graph":[{"@type":"WebPage","@id":"https:\/\/www.laboratoires-unisson.com\/fr-be\/produit\/appareils-auditifs\/starkey\/evolv-ai-2400-cic","url":"https:\/\/www.laboratoires-unisson.com\/fr-be\/produit\/appareils-auditifs\/starkey\/evolv-ai-2400-cic","name":"Evolv AI 2400 CIC - Laboratoires Unisson","isPartOf":{"@id":"https:\/\/www.laboratoires-unisson.com\/fr-be#website"},"primaryImageOfPage":{"@id":"https:\/\/www.laboratoires-unisson.com\/fr-be\/produit\/appareils-auditifs\/starkey\/evolv-ai-2400-cic#primaryimage"},"image":{"@id":"https:\/\/www.laboratoires-unisson.com\/fr-be\/produit\/appareils-auditifs\/starkey\/evolv-ai-2400-cic#primaryimage"},"thumbnailUrl":"https:\/\/www.laboratoires-unisson.com\/wp-content\/uploads\/2023\/09\/Starkey-Evolv-AI_2400-CIC-1.png","datePublished":"2023-09-04T09:35:55+00:00","dateModified":"2025-12-03T09:06:30+00:00","description":"D\u00e9couvrez le Starkey Evolv AI 2400 CIC chez Unisson Belgique. Profitez de la technologie AI et d'une audition exceptionnelle au meilleur prix chez Unisson.","breadcrumb":{"@id":"https:\/\/www.laboratoires-unisson.com\/fr-be\/produit\/appareils-auditifs\/starkey\/evolv-ai-2400-cic#breadcrumb"},"inLanguage":"fr-BE","potentialAction":[{"@type":"ReadAction","target":["https:\/\/www.laboratoires-unisson.com\/fr-be\/produit\/appareils-auditifs\/starkey\/evolv-ai-2400-cic"]}]},{"@type":"ImageObject","inLanguage":"fr-BE","@id":"https:\/\/www.laboratoires-unisson.com\/fr-be\/produit\/appareils-auditifs\/starkey\/evolv-ai-2400-cic#primaryimage","url":"https:\/\/www.laboratoires-unisson.com\/wp-content\/uploads\/2023\/09\/Starkey-Evolv-AI_2400-CIC-1.png","contentUrl":"https:\/\/www.laboratoires-unisson.com\/wp-content\/uploads\/2023\/09\/Starkey-Evolv-AI_2400-CIC-1.png","width":450,"height":500},{"@type":"BreadcrumbList","@id":"https:\/\/www.laboratoires-unisson.com\/fr-be\/produit\/appareils-auditifs\/starkey\/evolv-ai-2400-cic#breadcrumb","itemListElement":[{"@type":"ListItem","position":1,"name":"Shop","item":"https:\/\/www.laboratoires-unisson.com\/fr-be\/shop"},{"@type":"ListItem","position":2,"name":"Evolv AI 2400 CIC"}]},{"@type":"WebSite","@id":"https:\/\/www.laboratoires-unisson.com\/fr-be#website","url":"https:\/\/www.laboratoires-unisson.com\/fr-be","name":"Laboratoires Unisson","description":"Appareil auditif et proth\u00e8se auditive Moins Cher jusqu&#039;\u00e0 -40%","publisher":{"@id":"https:\/\/www.laboratoires-unisson.com\/fr-be#organization"},"potentialAction":[{"@type":"SearchAction","target":{"@type":"EntryPoint","urlTemplate":"https:\/\/www.laboratoires-unisson.com\/fr-be?s={search_term_string}"},"query-input":{"@type":"PropertyValueSpecification","valueRequired":true,"valueName":"search_term_string"}}],"inLanguage":"fr-BE"},{"@type":"Organization","@id":"https:\/\/www.laboratoires-unisson.com\/fr-be#organization","name":"Laboratoires Unisson","url":"https:\/\/www.laboratoires-unisson.com\/fr-be","logo":{"@type":"ImageObject","inLanguage":"fr-BE","@id":"https:\/\/www.laboratoires-unisson.com\/fr-be#\/schema\/logo\/image\/","url":"https:\/\/www.laboratoires-unisson.com\/wp-content\/uploads\/2022\/01\/logo-unisson.svg","contentUrl":"https:\/\/www.laboratoires-unisson.com\/wp-content\/uploads\/2022\/01\/logo-unisson.svg","width":1,"height":1,"caption":"Laboratoires Unisson"},"image":{"@id":"https:\/\/www.laboratoires-unisson.com\/fr-be#\/schema\/logo\/image\/"}}]}},"_links":{"self":[{"href":"https:\/\/www.laboratoires-unisson.com\/fr-be\/wp-json\/wp\/v2\/product\/22679","targetHints":{"allow":["GET"]}}],"collection":[{"href":"https:\/\/www.laboratoires-unisson.com\/fr-be\/wp-json\/wp\/v2\/product"}],"about":[{"href":"https:\/\/www.laboratoires-unisson.com\/fr-be\/wp-json\/wp\/v2\/types\/product"}],"wp:featuredmedia":[{"embeddable":true,"href":"https:\/\/www.laboratoires-unisson.com\/fr-be\/wp-json\/wp\/v2\/media\/21081"}],"wp:attachment":[{"href":"https:\/\/www.laboratoires-unisson.com\/fr-be\/wp-json\/wp\/v2\/media?parent=22679"}],"wp:term":[{"taxonomy":"product_brand","embeddable":true,"href":"https:\/\/www.laboratoires-unisson.com\/fr-be\/wp-json\/wp\/v2\/product_brand?post=22679"},{"taxonomy":"product_cat","embeddable":true,"href":"https:\/\/www.laboratoires-unisson.com\/fr-be\/wp-json\/wp\/v2\/product_cat?post=22679"},{"taxonomy":"product_tag","embeddable":true,"href":"https:\/\/www.laboratoires-unisson.com\/fr-be\/wp-json\/wp\/v2\/product_tag?post=22679"}],"curies":[{"name":"wp","href":"https:\/\/api.w.org\/{rel}","templated":true}]}}