{"id":22681,"date":"2023-07-26T09:57:47","date_gmt":"2023-07-26T07:57:47","guid":{"rendered":"https:\/\/www.laboratoires-unisson.com\/produit\/own-3-cic"},"modified":"2025-12-03T10:06:30","modified_gmt":"2025-12-03T09:06:30","slug":"own-3-cic","status":"publish","type":"product","link":"https:\/\/www.laboratoires-unisson.com\/fr-be\/produit\/appareils-auditifs\/oticon\/own-3-cic","title":{"rendered":"Own 3 CIC"},"content":{"rendered":"<p><span style=\"font-weight: 400;\">Own 3 est <\/span><b>un mod\u00e8le entr\u00e9 de gamme<\/b><span style=\"font-weight: 400;\"> de classe II de la marque <\/span><a href=\"https:\/\/www.laboratoires-unisson.com\/fr-be\/appareils-auditifs\/marques\/oticon\"><span style=\"font-weight: 400;\">Oticon<\/span><\/a><span style=\"font-weight: 400;\">, offrant <\/span><b>une solution auditive invisible<\/b><span style=\"font-weight: 400;\">. Il s&#8217;agit d&#8217;un appareil CIC (Compl\u00e8tement dans le Canal) aliment\u00e9 par une pile auditive de type 10, con\u00e7u pour <\/span><b>traiter les pertes auditives l\u00e9g\u00e8res \u00e0 moyennes<\/b><span style=\"font-weight: 400;\">. L\u2019appareil Own 3 CIC propose une configuration de 18 canaux et 48 bandes d&#8217;adaptation, avec une cote d&#8217;\u00e9tanch\u00e9it\u00e9 IP54. Il dispose d&#8217;une bande d&#8217;adaptation allant jusqu&#8217;\u00e0 8 kHz et offre \u00e9galement la possibilit\u00e9 d&#8217;ajouter un bouton poussoir en option.<\/span><\/p>\n<h3><span style=\"font-weight: 400;\">La gamme d\u2019aides auditives Own CIC<\/span><\/h3>\n<p><span style=\"font-weight: 400;\">En 2023, la gamme Own CIC propose des <\/span><a href=\"https:\/\/www.laboratoires-unisson.com\/fr-be\/appareils-auditifs\/types\/invisibles\"><span style=\"font-weight: 400;\">appareils auditifs invisibles<\/span><\/a><span style=\"font-weight: 400;\"> qui <\/span><b>se distinguent par leur discr\u00e9tion et leur technologie avanc\u00e9e, capable d&#8217;atteindre des niveaux sonores allant jusqu&#8217;\u00e0 90 dB<\/b><span style=\"font-weight: 400;\">. Ces dispositifs b\u00e9n\u00e9ficient de fonctionnalit\u00e9s similaires \u00e0 celles de la gamme Oticon More, telles que la technologie BrainHearing et le Deep Neural Network (DNN).<\/span><\/p>\n<p><span style=\"font-weight: 400;\">Les <\/span><a href=\"https:\/\/www.laboratoires-unisson.com\/fr-be\/appareils-auditifs\"><span style=\"font-weight: 400;\">appareils auditifs<\/span><\/a><span style=\"font-weight: 400;\"> Oticon Own CIC sont sp\u00e9cialement con\u00e7us pour <\/span><b>s&#8217;adapter parfaitement \u00e0 toutes les formes d&#8217;oreilles<\/b><span style=\"font-weight: 400;\">. Cette gamme d&#8217;aides auditives est disponible dans cinq couleurs, avec des nuances qui se fondent naturellement avec la couleur de la peau, et propose trois niveaux de puissance :<\/span><\/p>\n<ul>\n<li style=\"font-weight: 400;\" aria-level=\"1\"><b>Own 1 : Il s&#8217;agit du mod\u00e8le haut de gamme des appareils Own CIC.<\/b><span style=\"font-weight: 400;\"> Elle offre cinq options de configuration pour s&#8217;adapter \u00e0 diff\u00e9rents environnements sonores, une suppression neuronale de bruit difficile de 10 dB, une suppression neuronale de bruit facile de 4 dB, la technologie MoreSound Intelligence de niveau 1, trois configurations pour am\u00e9liorer le son, et quatre configurations pour g\u00e9rer les transitoires.<\/span><\/li>\n<li style=\"font-weight: 400;\" aria-level=\"1\"><b>Own 2 : Il s&#8217;agit du mod\u00e8le milieu de gamme des appareils Own CIC.<\/b><span style=\"font-weight: 400;\"> Elle offre cinq options de configuration pour s&#8217;adapter \u00e0 diff\u00e9rents environnements sonores, une suppression neuronale de bruit difficile de 6 dB, une suppression neuronale de bruit facile de 2 dB, la technologie MoreSound Intelligence de niveau 2, deux configurations pour am\u00e9liorer le son, et trois configurations pour g\u00e9rer les transitoires.<\/span><\/li>\n<li style=\"font-weight: 400;\" aria-level=\"1\"><b>Own 3 : Il s&#8217;agit du mod\u00e8le entr\u00e9e de gamme des appareils Own CIC.<\/b><span style=\"font-weight: 400;\"> Elle offre trois options de configuration pour s&#8217;adapter \u00e0 diff\u00e9rents environnements sonores, une suppression neuronale de bruit difficile de 6 dB, la technologie MoreSound Intelligence de niveau 3, une configuration pour am\u00e9liorer le son, et trois configurations pour g\u00e9rer les transitoires.<\/span><\/li>\n<\/ul>\n<h3><span style=\"font-weight: 400;\">Les diff\u00e9rentes technologies des aides auditives Own CIC<\/span><\/h3>\n<h4><span style=\"font-weight: 400;\">MoreSound Intelligence &amp; MoreSound Amplifier<\/span><\/h4>\n<p><span style=\"font-weight: 400;\">Ce sont l\u00e0 2 technologies dont l\u2019une (MoreSound Intelligence) va analyser l&#8217;environnement afin d&#8217;<\/span><b>\u00e9liminer les bruits ind\u00e9sirables et am\u00e9liorer la compr\u00e9hension auditive<\/b><span style=\"font-weight: 400;\"> tandis que l\u2019autre va analyser les d\u00e9tails sonores afin de les amplifier de mani\u00e8re \u00e9quilibr\u00e9e, permettant ainsi au cerveau d&#8217;<\/span><b>acc\u00e9der aux informations les plus pertinentes<\/b><span style=\"font-weight: 400;\">.<\/span><\/p>\n<h4><span style=\"font-weight: 400;\">La technologie BrainHearing<\/span><\/h4>\n<p><span style=\"font-weight: 400;\">Elle a pour objectif de diminuer la charge cognitive du cerveau en transmettant des signaux sonores plus net, <\/span><b>am\u00e9liorant ainsi l&#8217;exp\u00e9rience auditive<\/b><span style=\"font-weight: 400;\">. Cette innovation cr\u00e9e un environnement sonore \u00e0 360\u00b0 qui permet de se concentrer sur une source sonore. Gr\u00e2ce \u00e0 BrainHearing, vous pouvez <\/span><b>percevoir la parole et votre environnement de mani\u00e8re plus naturelle<\/b><span style=\"font-weight: 400;\">.<\/span><\/p>\n<h4><span style=\"font-weight: 400;\">La technologie Deep Neural Network<\/span><\/h4>\n<p><span style=\"font-weight: 400;\">Elle exploite les capacit\u00e9s de la puce Polaris, qui est capable de <\/span><b>reconna\u00eetre 12 millions de sons diff\u00e9rents<\/b><span style=\"font-weight: 400;\">. Cette fonctionnalit\u00e9 permet de <\/span><b>r\u00e9duire l&#8217;effort d&#8217;\u00e9coute dans les environnements bruyants<\/b><span style=\"font-weight: 400;\">.<\/span><\/p>\n","protected":false},"excerpt":{"rendered":"<p>Own 3 est un mod\u00e8le entr\u00e9 de gamme de classe II de la marque Oticon, offrant une solution auditive invisible. Il s&#8217;agit d&#8217;un appareil CIC (Compl\u00e8tement dans le Canal) aliment\u00e9 par une pile auditive de type 10, con\u00e7u pour traiter les pertes auditives l\u00e9g\u00e8res \u00e0 moyennes. L\u2019appareil Own 3 CIC propose une configuration de 18 [&hellip;]<\/p>\n","protected":false},"featured_media":21061,"template":"","meta":{"_acf_changed":false},"product_brand":[],"product_cat":[2792],"product_tag":[],"class_list":{"0":"post-22681","1":"product","2":"type-product","3":"status-publish","4":"has-post-thumbnail","6":"product_cat-oticon-fr-be","8":"first","9":"instock","10":"taxable","11":"shipping-taxable","12":"purchasable","13":"product-type-simple"},"acf":[],"yoast_head":"<!-- This site is optimized with the Yoast SEO plugin v27.1.1 - https:\/\/yoast.com\/product\/yoast-seo-wordpress\/ -->\n<title>Appareil auditif Oticon Own 3 CIC \u00e0 1650\u20ac - Unisson Belgique<\/title>\n<meta name=\"description\" content=\"Own 3 est un mod\u00e8le entr\u00e9 de gamme de classe II de la marque Oticon, offrant une solution auditive invisible. Il s&#039;agit d&#039;un appareil CIC (Compl\u00e8tement\" \/>\n<meta name=\"robots\" content=\"index, follow, max-snippet:-1, max-image-preview:large, max-video-preview:-1\" \/>\n<link rel=\"canonical\" href=\"https:\/\/www.laboratoires-unisson.com\/fr-be\/wp-json\/wp\/v2\/product\/22681\" \/>\n<meta property=\"og:locale\" content=\"fr_FR\" \/>\n<meta property=\"og:type\" content=\"article\" \/>\n<meta property=\"og:title\" content=\"Own 3 CIC - Laboratoires Unisson\" \/>\n<meta property=\"og:description\" content=\"Own 3 est un mod\u00e8le entr\u00e9 de gamme de classe II de la marque Oticon, offrant une solution auditive invisible. Il s&#039;agit d&#039;un appareil CIC (Compl\u00e8tement\" \/>\n<meta property=\"og:url\" content=\"https:\/\/www.laboratoires-unisson.com\/fr-be\/produit\/appareils-auditifs\/oticon\/own-3-cic\" \/>\n<meta property=\"og:site_name\" content=\"Laboratoires Unisson\" \/>\n<meta property=\"article:modified_time\" content=\"2025-12-03T09:06:30+00:00\" \/>\n<meta property=\"og:image\" content=\"https:\/\/www.laboratoires-unisson.com\/wp-content\/uploads\/2023\/07\/oticon-own-3-cic.jpg\" \/>\n\t<meta property=\"og:image:width\" content=\"540\" \/>\n\t<meta property=\"og:image:height\" content=\"540\" \/>\n\t<meta property=\"og:image:type\" content=\"image\/jpeg\" \/>\n<meta name=\"twitter:card\" content=\"summary_large_image\" \/>\n<meta name=\"twitter:label1\" content=\"Est. reading time\" \/>\n\t<meta name=\"twitter:data1\" content=\"3 minutes\" \/>\n<script type=\"application\/ld+json\" class=\"yoast-schema-graph\">{\"@context\":\"https:\/\/schema.org\",\"@graph\":[{\"@type\":\"WebPage\",\"@id\":\"https:\/\/www.laboratoires-unisson.com\/fr-be\/produit\/appareils-auditifs\/oticon\/own-3-cic\",\"url\":\"https:\/\/www.laboratoires-unisson.com\/fr-be\/produit\/appareils-auditifs\/oticon\/own-3-cic\",\"name\":\"Own 3 CIC - Laboratoires Unisson\",\"isPartOf\":{\"@id\":\"https:\/\/www.laboratoires-unisson.com\/fr-be#website\"},\"primaryImageOfPage\":{\"@id\":\"https:\/\/www.laboratoires-unisson.com\/fr-be\/produit\/appareils-auditifs\/oticon\/own-3-cic#primaryimage\"},\"image\":{\"@id\":\"https:\/\/www.laboratoires-unisson.com\/fr-be\/produit\/appareils-auditifs\/oticon\/own-3-cic#primaryimage\"},\"thumbnailUrl\":\"https:\/\/www.laboratoires-unisson.com\/wp-content\/uploads\/2023\/07\/oticon-own-3-cic.jpg\",\"datePublished\":\"2023-07-26T07:57:47+00:00\",\"dateModified\":\"2025-12-03T09:06:30+00:00\",\"description\":\"Own 3 est un mod\u00e8le entr\u00e9 de gamme de classe II de la marque Oticon, offrant une solution auditive invisible. Il s'agit d'un appareil CIC (Compl\u00e8tement\",\"breadcrumb\":{\"@id\":\"https:\/\/www.laboratoires-unisson.com\/fr-be\/produit\/appareils-auditifs\/oticon\/own-3-cic#breadcrumb\"},\"inLanguage\":\"fr-BE\",\"potentialAction\":[{\"@type\":\"ReadAction\",\"target\":[\"https:\/\/www.laboratoires-unisson.com\/fr-be\/produit\/appareils-auditifs\/oticon\/own-3-cic\"]}]},{\"@type\":\"ImageObject\",\"inLanguage\":\"fr-BE\",\"@id\":\"https:\/\/www.laboratoires-unisson.com\/fr-be\/produit\/appareils-auditifs\/oticon\/own-3-cic#primaryimage\",\"url\":\"https:\/\/www.laboratoires-unisson.com\/wp-content\/uploads\/2023\/07\/oticon-own-3-cic.jpg\",\"contentUrl\":\"https:\/\/www.laboratoires-unisson.com\/wp-content\/uploads\/2023\/07\/oticon-own-3-cic.jpg\",\"width\":540,\"height\":540},{\"@type\":\"BreadcrumbList\",\"@id\":\"https:\/\/www.laboratoires-unisson.com\/fr-be\/produit\/appareils-auditifs\/oticon\/own-3-cic#breadcrumb\",\"itemListElement\":[{\"@type\":\"ListItem\",\"position\":1,\"name\":\"Shop\",\"item\":\"https:\/\/www.laboratoires-unisson.com\/fr-be\/shop\"},{\"@type\":\"ListItem\",\"position\":2,\"name\":\"Own 3 CIC\"}]},{\"@type\":\"WebSite\",\"@id\":\"https:\/\/www.laboratoires-unisson.com\/fr-be#website\",\"url\":\"https:\/\/www.laboratoires-unisson.com\/fr-be\",\"name\":\"Laboratoires Unisson\",\"description\":\"Appareil auditif et proth\u00e8se auditive Moins Cher jusqu&#039;\u00e0 -40%\",\"publisher\":{\"@id\":\"https:\/\/www.laboratoires-unisson.com\/fr-be#organization\"},\"potentialAction\":[{\"@type\":\"SearchAction\",\"target\":{\"@type\":\"EntryPoint\",\"urlTemplate\":\"https:\/\/www.laboratoires-unisson.com\/fr-be?s={search_term_string}\"},\"query-input\":{\"@type\":\"PropertyValueSpecification\",\"valueRequired\":true,\"valueName\":\"search_term_string\"}}],\"inLanguage\":\"fr-BE\"},{\"@type\":\"Organization\",\"@id\":\"https:\/\/www.laboratoires-unisson.com\/fr-be#organization\",\"name\":\"Laboratoires Unisson\",\"url\":\"https:\/\/www.laboratoires-unisson.com\/fr-be\",\"logo\":{\"@type\":\"ImageObject\",\"inLanguage\":\"fr-BE\",\"@id\":\"https:\/\/www.laboratoires-unisson.com\/fr-be#\/schema\/logo\/image\/\",\"url\":\"https:\/\/www.laboratoires-unisson.com\/wp-content\/uploads\/2022\/01\/logo-unisson.svg\",\"contentUrl\":\"https:\/\/www.laboratoires-unisson.com\/wp-content\/uploads\/2022\/01\/logo-unisson.svg\",\"width\":1,\"height\":1,\"caption\":\"Laboratoires Unisson\"},\"image\":{\"@id\":\"https:\/\/www.laboratoires-unisson.com\/fr-be#\/schema\/logo\/image\/\"}}]}<\/script>\n<!-- \/ Yoast SEO plugin. -->","yoast_head_json":{"title":"Appareil auditif Oticon Own 3 CIC \u00e0 1650\u20ac - Unisson Belgique","description":"Own 3 est un mod\u00e8le entr\u00e9 de gamme de classe II de la marque Oticon, offrant une solution auditive invisible. Il s'agit d'un appareil CIC (Compl\u00e8tement","robots":{"index":"index","follow":"follow","max-snippet":"max-snippet:-1","max-image-preview":"max-image-preview:large","max-video-preview":"max-video-preview:-1"},"canonical":"https:\/\/www.laboratoires-unisson.com\/fr-be\/wp-json\/wp\/v2\/product\/22681","og_locale":"fr_FR","og_type":"article","og_title":"Own 3 CIC - Laboratoires Unisson","og_description":"Own 3 est un mod\u00e8le entr\u00e9 de gamme de classe II de la marque Oticon, offrant une solution auditive invisible. Il s'agit d'un appareil CIC (Compl\u00e8tement","og_url":"https:\/\/www.laboratoires-unisson.com\/fr-be\/produit\/appareils-auditifs\/oticon\/own-3-cic","og_site_name":"Laboratoires Unisson","article_modified_time":"2025-12-03T09:06:30+00:00","og_image":[{"width":540,"height":540,"url":"https:\/\/www.laboratoires-unisson.com\/wp-content\/uploads\/2023\/07\/oticon-own-3-cic.jpg","type":"image\/jpeg"}],"twitter_card":"summary_large_image","twitter_misc":{"Est. reading time":"3 minutes"},"schema":{"@context":"https:\/\/schema.org","@graph":[{"@type":"WebPage","@id":"https:\/\/www.laboratoires-unisson.com\/fr-be\/produit\/appareils-auditifs\/oticon\/own-3-cic","url":"https:\/\/www.laboratoires-unisson.com\/fr-be\/produit\/appareils-auditifs\/oticon\/own-3-cic","name":"Own 3 CIC - Laboratoires Unisson","isPartOf":{"@id":"https:\/\/www.laboratoires-unisson.com\/fr-be#website"},"primaryImageOfPage":{"@id":"https:\/\/www.laboratoires-unisson.com\/fr-be\/produit\/appareils-auditifs\/oticon\/own-3-cic#primaryimage"},"image":{"@id":"https:\/\/www.laboratoires-unisson.com\/fr-be\/produit\/appareils-auditifs\/oticon\/own-3-cic#primaryimage"},"thumbnailUrl":"https:\/\/www.laboratoires-unisson.com\/wp-content\/uploads\/2023\/07\/oticon-own-3-cic.jpg","datePublished":"2023-07-26T07:57:47+00:00","dateModified":"2025-12-03T09:06:30+00:00","description":"Own 3 est un mod\u00e8le entr\u00e9 de gamme de classe II de la marque Oticon, offrant une solution auditive invisible. Il s'agit d'un appareil CIC (Compl\u00e8tement","breadcrumb":{"@id":"https:\/\/www.laboratoires-unisson.com\/fr-be\/produit\/appareils-auditifs\/oticon\/own-3-cic#breadcrumb"},"inLanguage":"fr-BE","potentialAction":[{"@type":"ReadAction","target":["https:\/\/www.laboratoires-unisson.com\/fr-be\/produit\/appareils-auditifs\/oticon\/own-3-cic"]}]},{"@type":"ImageObject","inLanguage":"fr-BE","@id":"https:\/\/www.laboratoires-unisson.com\/fr-be\/produit\/appareils-auditifs\/oticon\/own-3-cic#primaryimage","url":"https:\/\/www.laboratoires-unisson.com\/wp-content\/uploads\/2023\/07\/oticon-own-3-cic.jpg","contentUrl":"https:\/\/www.laboratoires-unisson.com\/wp-content\/uploads\/2023\/07\/oticon-own-3-cic.jpg","width":540,"height":540},{"@type":"BreadcrumbList","@id":"https:\/\/www.laboratoires-unisson.com\/fr-be\/produit\/appareils-auditifs\/oticon\/own-3-cic#breadcrumb","itemListElement":[{"@type":"ListItem","position":1,"name":"Shop","item":"https:\/\/www.laboratoires-unisson.com\/fr-be\/shop"},{"@type":"ListItem","position":2,"name":"Own 3 CIC"}]},{"@type":"WebSite","@id":"https:\/\/www.laboratoires-unisson.com\/fr-be#website","url":"https:\/\/www.laboratoires-unisson.com\/fr-be","name":"Laboratoires Unisson","description":"Appareil auditif et proth\u00e8se auditive Moins Cher jusqu&#039;\u00e0 -40%","publisher":{"@id":"https:\/\/www.laboratoires-unisson.com\/fr-be#organization"},"potentialAction":[{"@type":"SearchAction","target":{"@type":"EntryPoint","urlTemplate":"https:\/\/www.laboratoires-unisson.com\/fr-be?s={search_term_string}"},"query-input":{"@type":"PropertyValueSpecification","valueRequired":true,"valueName":"search_term_string"}}],"inLanguage":"fr-BE"},{"@type":"Organization","@id":"https:\/\/www.laboratoires-unisson.com\/fr-be#organization","name":"Laboratoires Unisson","url":"https:\/\/www.laboratoires-unisson.com\/fr-be","logo":{"@type":"ImageObject","inLanguage":"fr-BE","@id":"https:\/\/www.laboratoires-unisson.com\/fr-be#\/schema\/logo\/image\/","url":"https:\/\/www.laboratoires-unisson.com\/wp-content\/uploads\/2022\/01\/logo-unisson.svg","contentUrl":"https:\/\/www.laboratoires-unisson.com\/wp-content\/uploads\/2022\/01\/logo-unisson.svg","width":1,"height":1,"caption":"Laboratoires Unisson"},"image":{"@id":"https:\/\/www.laboratoires-unisson.com\/fr-be#\/schema\/logo\/image\/"}}]}},"_links":{"self":[{"href":"https:\/\/www.laboratoires-unisson.com\/fr-be\/wp-json\/wp\/v2\/product\/22681","targetHints":{"allow":["GET"]}}],"collection":[{"href":"https:\/\/www.laboratoires-unisson.com\/fr-be\/wp-json\/wp\/v2\/product"}],"about":[{"href":"https:\/\/www.laboratoires-unisson.com\/fr-be\/wp-json\/wp\/v2\/types\/product"}],"wp:featuredmedia":[{"embeddable":true,"href":"https:\/\/www.laboratoires-unisson.com\/fr-be\/wp-json\/wp\/v2\/media\/21061"}],"wp:attachment":[{"href":"https:\/\/www.laboratoires-unisson.com\/fr-be\/wp-json\/wp\/v2\/media?parent=22681"}],"wp:term":[{"taxonomy":"product_brand","embeddable":true,"href":"https:\/\/www.laboratoires-unisson.com\/fr-be\/wp-json\/wp\/v2\/product_brand?post=22681"},{"taxonomy":"product_cat","embeddable":true,"href":"https:\/\/www.laboratoires-unisson.com\/fr-be\/wp-json\/wp\/v2\/product_cat?post=22681"},{"taxonomy":"product_tag","embeddable":true,"href":"https:\/\/www.laboratoires-unisson.com\/fr-be\/wp-json\/wp\/v2\/product_tag?post=22681"}],"curies":[{"name":"wp","href":"https:\/\/api.w.org\/{rel}","templated":true}]}}