{"id":22682,"date":"2023-07-25T09:54:22","date_gmt":"2023-07-25T07:54:22","guid":{"rendered":"https:\/\/www.laboratoires-unisson.com\/produit\/own-2-cic"},"modified":"2025-12-03T10:06:30","modified_gmt":"2025-12-03T09:06:30","slug":"own-2-cic","status":"publish","type":"product","link":"https:\/\/www.laboratoires-unisson.com\/fr-be\/produit\/appareils-auditifs\/oticon\/own-2-cic","title":{"rendered":"Own 2 CIC"},"content":{"rendered":"<p><span style=\"font-weight: 400;\">L&#8217;appareil Own 2 est <\/span><b>une solution auditive milieu de gamme<\/b><span style=\"font-weight: 400;\"> de classe II de la marque <\/span><a href=\"https:\/\/www.laboratoires-unisson.com\/fr-be\/appareils-auditifs\/marques\/oticon\"><span style=\"font-weight: 400;\">Oticon<\/span><\/a><span style=\"font-weight: 400;\">. C\u2019est <\/span><b>un <\/b><a href=\"https:\/\/www.laboratoires-unisson.com\/fr-be\/appareils-auditifs\/types\/invisibles\"><b>mod\u00e8le invisible<\/b><\/a><b> CIC \u00e0 pile auditive 10 destin\u00e9 aux pertes auditives l\u00e9g\u00e8res \u00e0 moyennes<\/b><span style=\"font-weight: 400;\">. Avec 20 canaux et 48 bandes d\u2019adaptation, le Own 2 CIC dispose d\u2019un indice d&#8217;\u00e9tanch\u00e9it\u00e9 IP54, d\u2019une bande d\u2019adaptation de 8 kHz et d\u2019un bouton poussoir en option.<\/span><\/p>\n<h3><span style=\"font-weight: 400;\">La gamme d\u2019aides auditives Own CIC d\u2019Oticon\u00a0<\/span><\/h3>\n<p><span style=\"font-weight: 400;\">En 2023, Oticon sort la gamme Own CIC, une s\u00e9rie d&#8217;<\/span><a href=\"https:\/\/www.laboratoires-unisson.com\/fr-be\/appareils-auditifs\"><span style=\"font-weight: 400;\">appareils auditifs<\/span><\/a><span style=\"font-weight: 400;\"> discrets b\u00e9n\u00e9ficiant d&#8217;<\/span><b>une technologie puissante pouvant atteindre 90 dB<\/b><span style=\"font-weight: 400;\">. Les fonctionnalit\u00e9s avanc\u00e9es de la gamme Own comprennent <\/span><b>des innovations telles que BrainHearing et le Deep Neural Network (DNN)<\/b><span style=\"font-weight: 400;\">, qui sont \u00e9galement pr\u00e9sentes dans la gamme Oticon More.<\/span><\/p>\n<p><span style=\"font-weight: 400;\">Oticon Own CIC est con\u00e7u afin de <\/span><b>s\u2019ajuster parfaitement \u00e0 toutes les formes d\u2019oreilles<\/b><span style=\"font-weight: 400;\">. Les aides auditives de cette gamme sont disponibles en cinq couleurs avec des teintes similaires \u00e0 la couleur de la peau et offrent trois niveaux de puissance diff\u00e9rents :<\/span><\/p>\n<ul>\n<li style=\"font-weight: 400;\" aria-level=\"1\"><b>Le Own 1 :<\/b><span style=\"font-weight: 400;\"> C\u2019est<\/span><b> la version haut de gamme<\/b><span style=\"font-weight: 400;\"> des Own CIC. Elle dispose de 5 options de configuration pour s&#8217;adapter \u00e0 divers environnements sonores \/ d&#8217; une suppression neuronale de bruit difficile de 10 dB \/ d\u2019une suppression neuronale de bruit facile de 4 dB \/ de la technologie MoreSound Intelligence de niveau 1 \/ de trois configurations pour am\u00e9liorer le son \/ de quatre configurations pour g\u00e9rer les transitoires.<\/span><\/li>\n<li style=\"font-weight: 400;\" aria-level=\"1\"><b>Le Own 2 :<\/b><span style=\"font-weight: 400;\"> C\u2019est <\/span><b>la version milieu de gamme<\/b><span style=\"font-weight: 400;\"> des Own CIC. Elle dispose de 5 options de configuration pour s&#8217;adapter \u00e0 divers environnements sonores \/ d&#8217; une suppression neuronale de bruit difficile de 6 dB \/ d\u2019une suppression neuronale de bruit facile de 2 dB \/ de la technologie MoreSound Intelligence de niveau 2 \/ de deux configurations pour am\u00e9liorer le son \/ de trois configurations pour g\u00e9rer les transitoires.<\/span><\/li>\n<li style=\"font-weight: 400;\" aria-level=\"1\"><b>Le Own 3 :<\/b><span style=\"font-weight: 400;\"> C\u2019est <\/span><b>la version entr\u00e9e de gamme<\/b><span style=\"font-weight: 400;\"> des Own CIC. Elle dispose de 3 options de configuration pour s&#8217;adapter \u00e0 divers environnements sonores \/ d&#8217;une suppression neuronale de bruit difficile de 6 dB \/ de la technologie MoreSound Intelligence de niveau 3 \/ d\u2019une configuration pour am\u00e9liorer le son \/ de trois configurations pour g\u00e9rer les transitoires.<\/span><\/li>\n<\/ul>\n<h3><span style=\"font-weight: 400;\">Les technologies de la gamme Own CIC<\/span><\/h3>\n<h4><span style=\"font-weight: 400;\">Deep Neural Network<\/span><\/h4>\n<p><span style=\"font-weight: 400;\">DNN repose sur les capacit\u00e9s de la puce Polaris \u00e0 <\/span><b>reconna\u00eetre 12 millions de sons<\/b><span style=\"font-weight: 400;\"> diff\u00e9rents, permettant de <\/span><b>r\u00e9duire l&#8217;effort d&#8217;\u00e9coute dans les environnements bruyants<\/b><span style=\"font-weight: 400;\">.<\/span><\/p>\n<h4><span style=\"font-weight: 400;\">BrainHearing<\/span><\/h4>\n<p><span style=\"font-weight: 400;\">La technologie BrainHearing vise \u00e0<\/span><b> r\u00e9duire la charge cognitive du cerveau<\/b><span style=\"font-weight: 400;\"> en lui transmettant des signaux sonores plus clairs, facilitant ainsi l&#8217;\u00e9coute. Cette innovation cr\u00e9e un environnement sonore \u00e0 360\u00b0 qui permet de <\/span><b>se concentrer sur une source sonore sp\u00e9cifique<\/b><span style=\"font-weight: 400;\">. Gr\u00e2ce \u00e0 BrainHearing, vous pouvez percevoir la parole et votre environnement de mani\u00e8re plus naturelle.<\/span><\/p>\n<h4><span style=\"font-weight: 400;\">MoreSound Amplifier<\/span><\/h4>\n<p><span style=\"font-weight: 400;\">Elle analyse les d\u00e9tails sonores pour les amplifier de mani\u00e8re \u00e9quilibr\u00e9e, offrant ainsi au cerveau <\/span><b>un acc\u00e8s aux informations les plus pertinentes<\/b><span style=\"font-weight: 400;\">.<\/span><\/p>\n<h4><span style=\"font-weight: 400;\">MoreSound Intelligence<\/span><\/h4>\n<p><span style=\"font-weight: 400;\">Cette technologie analyse l&#8217;environnement afin d&#8217;appliquer les fonctionnalit\u00e9s d&#8217;un r\u00e9seau neuronal, \u00e9liminant ainsi les bruits ind\u00e9sirables et <\/span><b>am\u00e9liorant la compr\u00e9hension auditive<\/b><span style=\"font-weight: 400;\">.<\/span><\/p>\n","protected":false},"excerpt":{"rendered":"<p>L&#8217;appareil Own 2 est une solution auditive milieu de gamme de classe II de la marque Oticon. C\u2019est un mod\u00e8le invisible CIC \u00e0 pile auditive 10 destin\u00e9 aux pertes auditives l\u00e9g\u00e8res \u00e0 moyennes. Avec 20 canaux et 48 bandes d\u2019adaptation, le Own 2 CIC dispose d\u2019un indice d&#8217;\u00e9tanch\u00e9it\u00e9 IP54, d\u2019une bande d\u2019adaptation de 8 kHz [&hellip;]<\/p>\n","protected":false},"featured_media":21056,"template":"","meta":{"_acf_changed":false},"product_brand":[],"product_cat":[2792],"product_tag":[],"class_list":{"0":"post-22682","1":"product","2":"type-product","3":"status-publish","4":"has-post-thumbnail","6":"product_cat-oticon-fr-be","8":"first","9":"instock","10":"taxable","11":"shipping-taxable","12":"purchasable","13":"product-type-simple"},"acf":[],"yoast_head":"<!-- This site is optimized with the Yoast SEO plugin v27.1.1 - https:\/\/yoast.com\/product\/yoast-seo-wordpress\/ -->\n<title>Appareil auditif Oticon Own 2 CIC \u00e0 1900\u20ac - Unisson Belgique<\/title>\n<meta name=\"description\" content=\"L&#039;appareil Own 2 est une solution auditive milieu de gamme de classe II de la marque Oticon. C\u2019est un mod\u00e8le invisible CIC \u00e0 pile auditive 10 destin\u00e9 aux\" \/>\n<meta name=\"robots\" content=\"index, follow, max-snippet:-1, max-image-preview:large, max-video-preview:-1\" \/>\n<link rel=\"canonical\" href=\"https:\/\/www.laboratoires-unisson.com\/fr-be\/wp-json\/wp\/v2\/product\/22682\" \/>\n<meta property=\"og:locale\" content=\"fr_FR\" \/>\n<meta property=\"og:type\" content=\"article\" \/>\n<meta property=\"og:title\" content=\"Own 2 CIC - Laboratoires Unisson\" \/>\n<meta property=\"og:description\" content=\"L&#039;appareil Own 2 est une solution auditive milieu de gamme de classe II de la marque Oticon. C\u2019est un mod\u00e8le invisible CIC \u00e0 pile auditive 10 destin\u00e9 aux\" \/>\n<meta property=\"og:url\" content=\"https:\/\/www.laboratoires-unisson.com\/fr-be\/produit\/appareils-auditifs\/oticon\/own-2-cic\" \/>\n<meta property=\"og:site_name\" content=\"Laboratoires Unisson\" \/>\n<meta property=\"article:modified_time\" content=\"2025-12-03T09:06:30+00:00\" \/>\n<meta property=\"og:image\" content=\"https:\/\/www.laboratoires-unisson.com\/wp-content\/uploads\/2023\/07\/oticon-own-2-cic.jpg\" \/>\n\t<meta property=\"og:image:width\" content=\"540\" \/>\n\t<meta property=\"og:image:height\" content=\"540\" \/>\n\t<meta property=\"og:image:type\" content=\"image\/jpeg\" \/>\n<meta name=\"twitter:card\" content=\"summary_large_image\" \/>\n<meta name=\"twitter:label1\" content=\"Est. reading time\" \/>\n\t<meta name=\"twitter:data1\" content=\"3 minutes\" \/>\n<script type=\"application\/ld+json\" class=\"yoast-schema-graph\">{\"@context\":\"https:\/\/schema.org\",\"@graph\":[{\"@type\":\"WebPage\",\"@id\":\"https:\/\/www.laboratoires-unisson.com\/fr-be\/produit\/appareils-auditifs\/oticon\/own-2-cic\",\"url\":\"https:\/\/www.laboratoires-unisson.com\/fr-be\/produit\/appareils-auditifs\/oticon\/own-2-cic\",\"name\":\"Own 2 CIC - Laboratoires Unisson\",\"isPartOf\":{\"@id\":\"https:\/\/www.laboratoires-unisson.com\/fr-be#website\"},\"primaryImageOfPage\":{\"@id\":\"https:\/\/www.laboratoires-unisson.com\/fr-be\/produit\/appareils-auditifs\/oticon\/own-2-cic#primaryimage\"},\"image\":{\"@id\":\"https:\/\/www.laboratoires-unisson.com\/fr-be\/produit\/appareils-auditifs\/oticon\/own-2-cic#primaryimage\"},\"thumbnailUrl\":\"https:\/\/www.laboratoires-unisson.com\/wp-content\/uploads\/2023\/07\/oticon-own-2-cic.jpg\",\"datePublished\":\"2023-07-25T07:54:22+00:00\",\"dateModified\":\"2025-12-03T09:06:30+00:00\",\"description\":\"L'appareil Own 2 est une solution auditive milieu de gamme de classe II de la marque Oticon. C\u2019est un mod\u00e8le invisible CIC \u00e0 pile auditive 10 destin\u00e9 aux\",\"breadcrumb\":{\"@id\":\"https:\/\/www.laboratoires-unisson.com\/fr-be\/produit\/appareils-auditifs\/oticon\/own-2-cic#breadcrumb\"},\"inLanguage\":\"fr-BE\",\"potentialAction\":[{\"@type\":\"ReadAction\",\"target\":[\"https:\/\/www.laboratoires-unisson.com\/fr-be\/produit\/appareils-auditifs\/oticon\/own-2-cic\"]}]},{\"@type\":\"ImageObject\",\"inLanguage\":\"fr-BE\",\"@id\":\"https:\/\/www.laboratoires-unisson.com\/fr-be\/produit\/appareils-auditifs\/oticon\/own-2-cic#primaryimage\",\"url\":\"https:\/\/www.laboratoires-unisson.com\/wp-content\/uploads\/2023\/07\/oticon-own-2-cic.jpg\",\"contentUrl\":\"https:\/\/www.laboratoires-unisson.com\/wp-content\/uploads\/2023\/07\/oticon-own-2-cic.jpg\",\"width\":540,\"height\":540},{\"@type\":\"BreadcrumbList\",\"@id\":\"https:\/\/www.laboratoires-unisson.com\/fr-be\/produit\/appareils-auditifs\/oticon\/own-2-cic#breadcrumb\",\"itemListElement\":[{\"@type\":\"ListItem\",\"position\":1,\"name\":\"Shop\",\"item\":\"https:\/\/www.laboratoires-unisson.com\/fr-be\/shop\"},{\"@type\":\"ListItem\",\"position\":2,\"name\":\"Own 2 CIC\"}]},{\"@type\":\"WebSite\",\"@id\":\"https:\/\/www.laboratoires-unisson.com\/fr-be#website\",\"url\":\"https:\/\/www.laboratoires-unisson.com\/fr-be\",\"name\":\"Laboratoires Unisson\",\"description\":\"Appareil auditif et proth\u00e8se auditive Moins Cher jusqu&#039;\u00e0 -40%\",\"publisher\":{\"@id\":\"https:\/\/www.laboratoires-unisson.com\/fr-be#organization\"},\"potentialAction\":[{\"@type\":\"SearchAction\",\"target\":{\"@type\":\"EntryPoint\",\"urlTemplate\":\"https:\/\/www.laboratoires-unisson.com\/fr-be?s={search_term_string}\"},\"query-input\":{\"@type\":\"PropertyValueSpecification\",\"valueRequired\":true,\"valueName\":\"search_term_string\"}}],\"inLanguage\":\"fr-BE\"},{\"@type\":\"Organization\",\"@id\":\"https:\/\/www.laboratoires-unisson.com\/fr-be#organization\",\"name\":\"Laboratoires Unisson\",\"url\":\"https:\/\/www.laboratoires-unisson.com\/fr-be\",\"logo\":{\"@type\":\"ImageObject\",\"inLanguage\":\"fr-BE\",\"@id\":\"https:\/\/www.laboratoires-unisson.com\/fr-be#\/schema\/logo\/image\/\",\"url\":\"https:\/\/www.laboratoires-unisson.com\/wp-content\/uploads\/2022\/01\/logo-unisson.svg\",\"contentUrl\":\"https:\/\/www.laboratoires-unisson.com\/wp-content\/uploads\/2022\/01\/logo-unisson.svg\",\"width\":1,\"height\":1,\"caption\":\"Laboratoires Unisson\"},\"image\":{\"@id\":\"https:\/\/www.laboratoires-unisson.com\/fr-be#\/schema\/logo\/image\/\"}}]}<\/script>\n<!-- \/ Yoast SEO plugin. -->","yoast_head_json":{"title":"Appareil auditif Oticon Own 2 CIC \u00e0 1900\u20ac - Unisson Belgique","description":"L'appareil Own 2 est une solution auditive milieu de gamme de classe II de la marque Oticon. C\u2019est un mod\u00e8le invisible CIC \u00e0 pile auditive 10 destin\u00e9 aux","robots":{"index":"index","follow":"follow","max-snippet":"max-snippet:-1","max-image-preview":"max-image-preview:large","max-video-preview":"max-video-preview:-1"},"canonical":"https:\/\/www.laboratoires-unisson.com\/fr-be\/wp-json\/wp\/v2\/product\/22682","og_locale":"fr_FR","og_type":"article","og_title":"Own 2 CIC - Laboratoires Unisson","og_description":"L'appareil Own 2 est une solution auditive milieu de gamme de classe II de la marque Oticon. C\u2019est un mod\u00e8le invisible CIC \u00e0 pile auditive 10 destin\u00e9 aux","og_url":"https:\/\/www.laboratoires-unisson.com\/fr-be\/produit\/appareils-auditifs\/oticon\/own-2-cic","og_site_name":"Laboratoires Unisson","article_modified_time":"2025-12-03T09:06:30+00:00","og_image":[{"width":540,"height":540,"url":"https:\/\/www.laboratoires-unisson.com\/wp-content\/uploads\/2023\/07\/oticon-own-2-cic.jpg","type":"image\/jpeg"}],"twitter_card":"summary_large_image","twitter_misc":{"Est. reading time":"3 minutes"},"schema":{"@context":"https:\/\/schema.org","@graph":[{"@type":"WebPage","@id":"https:\/\/www.laboratoires-unisson.com\/fr-be\/produit\/appareils-auditifs\/oticon\/own-2-cic","url":"https:\/\/www.laboratoires-unisson.com\/fr-be\/produit\/appareils-auditifs\/oticon\/own-2-cic","name":"Own 2 CIC - Laboratoires Unisson","isPartOf":{"@id":"https:\/\/www.laboratoires-unisson.com\/fr-be#website"},"primaryImageOfPage":{"@id":"https:\/\/www.laboratoires-unisson.com\/fr-be\/produit\/appareils-auditifs\/oticon\/own-2-cic#primaryimage"},"image":{"@id":"https:\/\/www.laboratoires-unisson.com\/fr-be\/produit\/appareils-auditifs\/oticon\/own-2-cic#primaryimage"},"thumbnailUrl":"https:\/\/www.laboratoires-unisson.com\/wp-content\/uploads\/2023\/07\/oticon-own-2-cic.jpg","datePublished":"2023-07-25T07:54:22+00:00","dateModified":"2025-12-03T09:06:30+00:00","description":"L'appareil Own 2 est une solution auditive milieu de gamme de classe II de la marque Oticon. C\u2019est un mod\u00e8le invisible CIC \u00e0 pile auditive 10 destin\u00e9 aux","breadcrumb":{"@id":"https:\/\/www.laboratoires-unisson.com\/fr-be\/produit\/appareils-auditifs\/oticon\/own-2-cic#breadcrumb"},"inLanguage":"fr-BE","potentialAction":[{"@type":"ReadAction","target":["https:\/\/www.laboratoires-unisson.com\/fr-be\/produit\/appareils-auditifs\/oticon\/own-2-cic"]}]},{"@type":"ImageObject","inLanguage":"fr-BE","@id":"https:\/\/www.laboratoires-unisson.com\/fr-be\/produit\/appareils-auditifs\/oticon\/own-2-cic#primaryimage","url":"https:\/\/www.laboratoires-unisson.com\/wp-content\/uploads\/2023\/07\/oticon-own-2-cic.jpg","contentUrl":"https:\/\/www.laboratoires-unisson.com\/wp-content\/uploads\/2023\/07\/oticon-own-2-cic.jpg","width":540,"height":540},{"@type":"BreadcrumbList","@id":"https:\/\/www.laboratoires-unisson.com\/fr-be\/produit\/appareils-auditifs\/oticon\/own-2-cic#breadcrumb","itemListElement":[{"@type":"ListItem","position":1,"name":"Shop","item":"https:\/\/www.laboratoires-unisson.com\/fr-be\/shop"},{"@type":"ListItem","position":2,"name":"Own 2 CIC"}]},{"@type":"WebSite","@id":"https:\/\/www.laboratoires-unisson.com\/fr-be#website","url":"https:\/\/www.laboratoires-unisson.com\/fr-be","name":"Laboratoires Unisson","description":"Appareil auditif et proth\u00e8se auditive Moins Cher jusqu&#039;\u00e0 -40%","publisher":{"@id":"https:\/\/www.laboratoires-unisson.com\/fr-be#organization"},"potentialAction":[{"@type":"SearchAction","target":{"@type":"EntryPoint","urlTemplate":"https:\/\/www.laboratoires-unisson.com\/fr-be?s={search_term_string}"},"query-input":{"@type":"PropertyValueSpecification","valueRequired":true,"valueName":"search_term_string"}}],"inLanguage":"fr-BE"},{"@type":"Organization","@id":"https:\/\/www.laboratoires-unisson.com\/fr-be#organization","name":"Laboratoires Unisson","url":"https:\/\/www.laboratoires-unisson.com\/fr-be","logo":{"@type":"ImageObject","inLanguage":"fr-BE","@id":"https:\/\/www.laboratoires-unisson.com\/fr-be#\/schema\/logo\/image\/","url":"https:\/\/www.laboratoires-unisson.com\/wp-content\/uploads\/2022\/01\/logo-unisson.svg","contentUrl":"https:\/\/www.laboratoires-unisson.com\/wp-content\/uploads\/2022\/01\/logo-unisson.svg","width":1,"height":1,"caption":"Laboratoires Unisson"},"image":{"@id":"https:\/\/www.laboratoires-unisson.com\/fr-be#\/schema\/logo\/image\/"}}]}},"_links":{"self":[{"href":"https:\/\/www.laboratoires-unisson.com\/fr-be\/wp-json\/wp\/v2\/product\/22682","targetHints":{"allow":["GET"]}}],"collection":[{"href":"https:\/\/www.laboratoires-unisson.com\/fr-be\/wp-json\/wp\/v2\/product"}],"about":[{"href":"https:\/\/www.laboratoires-unisson.com\/fr-be\/wp-json\/wp\/v2\/types\/product"}],"wp:featuredmedia":[{"embeddable":true,"href":"https:\/\/www.laboratoires-unisson.com\/fr-be\/wp-json\/wp\/v2\/media\/21056"}],"wp:attachment":[{"href":"https:\/\/www.laboratoires-unisson.com\/fr-be\/wp-json\/wp\/v2\/media?parent=22682"}],"wp:term":[{"taxonomy":"product_brand","embeddable":true,"href":"https:\/\/www.laboratoires-unisson.com\/fr-be\/wp-json\/wp\/v2\/product_brand?post=22682"},{"taxonomy":"product_cat","embeddable":true,"href":"https:\/\/www.laboratoires-unisson.com\/fr-be\/wp-json\/wp\/v2\/product_cat?post=22682"},{"taxonomy":"product_tag","embeddable":true,"href":"https:\/\/www.laboratoires-unisson.com\/fr-be\/wp-json\/wp\/v2\/product_tag?post=22682"}],"curies":[{"name":"wp","href":"https:\/\/api.w.org\/{rel}","templated":true}]}}