{"id":22683,"date":"2023-07-24T10:29:08","date_gmt":"2023-07-24T08:29:08","guid":{"rendered":"https:\/\/www.laboratoires-unisson.com\/produit\/own-1-cic"},"modified":"2025-12-03T10:06:31","modified_gmt":"2025-12-03T09:06:31","slug":"own-1-cic","status":"publish","type":"product","link":"https:\/\/www.laboratoires-unisson.com\/fr-be\/produit\/appareils-auditifs\/oticon\/own-1-cic","title":{"rendered":"Own 1 CIC"},"content":{"rendered":"<p><span style=\"font-weight: 400;\">L&#8217;appareil Own 1 est <\/span><b>une aide auditive haut de gamme<\/b><span style=\"font-weight: 400;\"> de classe II de la marque <\/span><a href=\"https:\/\/www.laboratoires-unisson.com\/fr-be\/appareils-auditifs\/marques\/oticon\"><span style=\"font-weight: 400;\">Oticon<\/span><\/a><span style=\"font-weight: 400;\">. C\u2019est <\/span><b>un <\/b><a href=\"https:\/\/www.laboratoires-unisson.com\/fr-be\/appareils-auditifs\/types\/invisibles\"><b>mod\u00e8le invisible<\/b><\/a><b> CIC \u00e0 pile auditive 10 destin\u00e9 aux pertes auditives l\u00e9g\u00e8res \u00e0 moyennes<\/b><span style=\"font-weight: 400;\">. Avec 24 canaux et 64 bandes d\u2019adaptation, le Own 1 CIC dispose d\u2019un indice d&#8217;\u00e9tanch\u00e9it\u00e9 IP54, d\u2019un bouton poussoir en option et d\u2019une bande d\u2019adaptation de 10 kHz.<\/span><\/p>\n<h3><span style=\"font-weight: 400;\">La gamme d\u2019aides auditives Own CIC<\/span><\/h3>\n<p><span style=\"font-weight: 400;\">Sortis en 2023, les <\/span><a href=\"https:\/\/www.laboratoires-unisson.com\/fr-be\/appareils-auditifs\"><span style=\"font-weight: 400;\">appareils auditifs<\/span><\/a><span style=\"font-weight: 400;\"> Own CIC sont <\/span><b>des solutions tr\u00e8s discr\u00e8tes dot\u00e9s d\u2019une puissante technologie pouvant utiliser jusqu\u2019\u00e0 90 dB<\/b><span style=\"font-weight: 400;\">. La gamme Own utilise des technologies similaires \u00e0 celle de la gamme Oticon More tels que la technologie BrainHearing ou encore le Deep Neural Network (DNN).<\/span><\/p>\n<p><span style=\"font-weight: 400;\">Les aides auditives Oticon Own CIC sont con\u00e7ues afin de pouvoir s\u2019adapter \u00e0 la forme de votre oreille. Elles se d\u00e9clinent en 5 couleurs discr\u00e8tes et 3 niveaux de puissance :\u00a0<\/span><\/p>\n<ul>\n<li style=\"font-weight: 400;\" aria-level=\"1\"><b>Own 1<\/b><span style=\"font-weight: 400;\"> : Ce mod\u00e8le est dot\u00e9 de 5 options de configuration de l\u2019environnement, 10dB de suppression neuronale de bruit difficile \/ 4 dB de suppression neuronale de bruit facile, MoreSound Intelligence de niveau 1, 3 configurations de Sound Enhancer et 4 configurations de gestion des transitoires.<\/span><\/li>\n<li style=\"font-weight: 400;\" aria-level=\"1\"><b>Own 2 <\/b><span style=\"font-weight: 400;\">: Ce mod\u00e8le est dot\u00e9 de 5 options de configuration de l\u2019environnement, 6dB de suppression neuronale de bruit difficile \/ 2 dB de suppression neuronale de bruit facile, MoreSound Intelligence de niveau 2, 2 configurations de Sound Enhancer et 3 configurations de gestion des transitoires.<\/span><\/li>\n<li style=\"font-weight: 400;\" aria-level=\"1\"><b>Own 3<\/b><span style=\"font-weight: 400;\"> : Ce mod\u00e8le est dot\u00e9 de 3 options de configuration de l\u2019environnement, 6dB de suppression neuronale de bruit difficile, MoreSound Intelligence de niveau 3, 1 configuration de Sound Enhancer et 3 configurations de gestion des transitoires.<\/span><\/li>\n<\/ul>\n<h3><span style=\"font-weight: 400;\">Les technologies de la gamme Own CIC<\/span><\/h3>\n<h4><span style=\"font-weight: 400;\">BrainHearing<\/span><\/h4>\n<p><span style=\"font-weight: 400;\">BrainHearing r\u00e9duit l\u2019effort de traitement de son du cerveau en lui transmettant des signaux sonores plus clairs afin de <\/span><b>r\u00e9duire l\u2019effort d\u2019\u00e9coute<\/b><span style=\"font-weight: 400;\">. Cette technologie va cr\u00e9er un paysage sonore \u00e0 360\u00b0 qui va permettre de se concentrer sur une cible sonore pr\u00e9cise. Gr\u00e2ce \u00e0 BrainHearing vous pourrez <\/span><b>entendre de fa\u00e7on plus naturelle la parole ainsi que votre environnement<\/b><span style=\"font-weight: 400;\">.<\/span><\/p>\n<h4><span style=\"font-weight: 400;\">Deep Neural Network<\/span><\/h4>\n<p><span style=\"font-weight: 400;\">La technologie DNN s\u2019appuie sur la capacit\u00e9 de la puce Polaris \u00e0 identifier 12 millions de sons <\/span><b>r\u00e9duisant ainsi l\u2019effort d\u2019\u00e9coute dans les environnements bruyants<\/b><span style=\"font-weight: 400;\">.<\/span><\/p>\n<h4><span style=\"font-weight: 400;\">MoreSound Intelligence\u00a0<\/span><\/h4>\n<p><span style=\"font-weight: 400;\">Une technologie qui va rapidement analyser l\u2019environnement pour appliquer la fonctionnalit\u00e9 d\u2019un r\u00e9seau neuronal et ainsi <\/span><b>supprimer les bruits et offrir une meilleure compr\u00e9hension sonore<\/b><span style=\"font-weight: 400;\">.<\/span><\/p>\n<h4><span style=\"font-weight: 400;\">MoreSound Amplifier<\/span><\/h4>\n<p><span style=\"font-weight: 400;\">MoreSound Amplifier va analyser les d\u00e9tails du son pour les amplifier de mani\u00e8re \u00e9quilibr\u00e9e, permettant ainsi au cerveau d\u2019avoir <\/span><b>acc\u00e8s aux informations les plus pertinentes<\/b><span style=\"font-weight: 400;\">.<\/span><\/p>\n","protected":false},"excerpt":{"rendered":"<p>L&#8217;appareil Own 1 est une aide auditive haut de gamme de classe II de la marque Oticon. C\u2019est un mod\u00e8le invisible CIC \u00e0 pile auditive 10 destin\u00e9 aux pertes auditives l\u00e9g\u00e8res \u00e0 moyennes. Avec 24 canaux et 64 bandes d\u2019adaptation, le Own 1 CIC dispose d\u2019un indice d&#8217;\u00e9tanch\u00e9it\u00e9 IP54, d\u2019un bouton poussoir en option et [&hellip;]<\/p>\n","protected":false},"featured_media":21050,"template":"","meta":{"_acf_changed":false},"product_brand":[],"product_cat":[2792],"product_tag":[],"class_list":{"0":"post-22683","1":"product","2":"type-product","3":"status-publish","4":"has-post-thumbnail","6":"product_cat-oticon-fr-be","8":"first","9":"instock","10":"taxable","11":"shipping-taxable","12":"purchasable","13":"product-type-simple"},"acf":[],"yoast_head":"<!-- This site is optimized with the Yoast SEO plugin v27.1.1 - https:\/\/yoast.com\/product\/yoast-seo-wordpress\/ -->\n<title>Appareil auditif Oticon Own 1 CIC \u00e0 2100\u20ac - Unisson Belgique<\/title>\n<meta name=\"description\" content=\"L&#039;appareil Own 1 est une aide auditive haut de gamme de classe II de la marque Oticon. C\u2019est un mod\u00e8le invisible CIC \u00e0 pile auditive 10 destin\u00e9 aux pertes\" \/>\n<meta name=\"robots\" content=\"index, follow, max-snippet:-1, max-image-preview:large, max-video-preview:-1\" \/>\n<link rel=\"canonical\" href=\"https:\/\/www.laboratoires-unisson.com\/fr-be\/wp-json\/wp\/v2\/product\/22683\" \/>\n<meta property=\"og:locale\" content=\"fr_FR\" \/>\n<meta property=\"og:type\" content=\"article\" \/>\n<meta property=\"og:title\" content=\"Own 1 CIC - Laboratoires Unisson\" \/>\n<meta property=\"og:description\" content=\"L&#039;appareil Own 1 est une aide auditive haut de gamme de classe II de la marque Oticon. C\u2019est un mod\u00e8le invisible CIC \u00e0 pile auditive 10 destin\u00e9 aux pertes\" \/>\n<meta property=\"og:url\" content=\"https:\/\/www.laboratoires-unisson.com\/fr-be\/produit\/appareils-auditifs\/oticon\/own-1-cic\" \/>\n<meta property=\"og:site_name\" content=\"Laboratoires Unisson\" \/>\n<meta property=\"article:modified_time\" content=\"2025-12-03T09:06:31+00:00\" \/>\n<meta property=\"og:image\" content=\"https:\/\/www.laboratoires-unisson.com\/wp-content\/uploads\/2023\/07\/Oticon_Own_1_CIC.webp\" \/>\n\t<meta property=\"og:image:width\" content=\"600\" \/>\n\t<meta property=\"og:image:height\" content=\"600\" \/>\n\t<meta property=\"og:image:type\" content=\"image\/webp\" \/>\n<meta name=\"twitter:card\" content=\"summary_large_image\" \/>\n<meta name=\"twitter:label1\" content=\"Est. reading time\" \/>\n\t<meta name=\"twitter:data1\" content=\"3 minutes\" \/>\n<script type=\"application\/ld+json\" class=\"yoast-schema-graph\">{\"@context\":\"https:\/\/schema.org\",\"@graph\":[{\"@type\":\"WebPage\",\"@id\":\"https:\/\/www.laboratoires-unisson.com\/fr-be\/produit\/appareils-auditifs\/oticon\/own-1-cic\",\"url\":\"https:\/\/www.laboratoires-unisson.com\/fr-be\/produit\/appareils-auditifs\/oticon\/own-1-cic\",\"name\":\"Own 1 CIC - Laboratoires Unisson\",\"isPartOf\":{\"@id\":\"https:\/\/www.laboratoires-unisson.com\/fr-be#website\"},\"primaryImageOfPage\":{\"@id\":\"https:\/\/www.laboratoires-unisson.com\/fr-be\/produit\/appareils-auditifs\/oticon\/own-1-cic#primaryimage\"},\"image\":{\"@id\":\"https:\/\/www.laboratoires-unisson.com\/fr-be\/produit\/appareils-auditifs\/oticon\/own-1-cic#primaryimage\"},\"thumbnailUrl\":\"https:\/\/www.laboratoires-unisson.com\/wp-content\/uploads\/2023\/07\/Oticon_Own_1_CIC.webp\",\"datePublished\":\"2023-07-24T08:29:08+00:00\",\"dateModified\":\"2025-12-03T09:06:31+00:00\",\"description\":\"L'appareil Own 1 est une aide auditive haut de gamme de classe II de la marque Oticon. C\u2019est un mod\u00e8le invisible CIC \u00e0 pile auditive 10 destin\u00e9 aux pertes\",\"breadcrumb\":{\"@id\":\"https:\/\/www.laboratoires-unisson.com\/fr-be\/produit\/appareils-auditifs\/oticon\/own-1-cic#breadcrumb\"},\"inLanguage\":\"fr-BE\",\"potentialAction\":[{\"@type\":\"ReadAction\",\"target\":[\"https:\/\/www.laboratoires-unisson.com\/fr-be\/produit\/appareils-auditifs\/oticon\/own-1-cic\"]}]},{\"@type\":\"ImageObject\",\"inLanguage\":\"fr-BE\",\"@id\":\"https:\/\/www.laboratoires-unisson.com\/fr-be\/produit\/appareils-auditifs\/oticon\/own-1-cic#primaryimage\",\"url\":\"https:\/\/www.laboratoires-unisson.com\/wp-content\/uploads\/2023\/07\/Oticon_Own_1_CIC.webp\",\"contentUrl\":\"https:\/\/www.laboratoires-unisson.com\/wp-content\/uploads\/2023\/07\/Oticon_Own_1_CIC.webp\",\"width\":600,\"height\":600},{\"@type\":\"BreadcrumbList\",\"@id\":\"https:\/\/www.laboratoires-unisson.com\/fr-be\/produit\/appareils-auditifs\/oticon\/own-1-cic#breadcrumb\",\"itemListElement\":[{\"@type\":\"ListItem\",\"position\":1,\"name\":\"Shop\",\"item\":\"https:\/\/www.laboratoires-unisson.com\/fr-be\/shop\"},{\"@type\":\"ListItem\",\"position\":2,\"name\":\"Own 1 CIC\"}]},{\"@type\":\"WebSite\",\"@id\":\"https:\/\/www.laboratoires-unisson.com\/fr-be#website\",\"url\":\"https:\/\/www.laboratoires-unisson.com\/fr-be\",\"name\":\"Laboratoires Unisson\",\"description\":\"Appareil auditif et proth\u00e8se auditive Moins Cher jusqu&#039;\u00e0 -40%\",\"publisher\":{\"@id\":\"https:\/\/www.laboratoires-unisson.com\/fr-be#organization\"},\"potentialAction\":[{\"@type\":\"SearchAction\",\"target\":{\"@type\":\"EntryPoint\",\"urlTemplate\":\"https:\/\/www.laboratoires-unisson.com\/fr-be?s={search_term_string}\"},\"query-input\":{\"@type\":\"PropertyValueSpecification\",\"valueRequired\":true,\"valueName\":\"search_term_string\"}}],\"inLanguage\":\"fr-BE\"},{\"@type\":\"Organization\",\"@id\":\"https:\/\/www.laboratoires-unisson.com\/fr-be#organization\",\"name\":\"Laboratoires Unisson\",\"url\":\"https:\/\/www.laboratoires-unisson.com\/fr-be\",\"logo\":{\"@type\":\"ImageObject\",\"inLanguage\":\"fr-BE\",\"@id\":\"https:\/\/www.laboratoires-unisson.com\/fr-be#\/schema\/logo\/image\/\",\"url\":\"https:\/\/www.laboratoires-unisson.com\/wp-content\/uploads\/2022\/01\/logo-unisson.svg\",\"contentUrl\":\"https:\/\/www.laboratoires-unisson.com\/wp-content\/uploads\/2022\/01\/logo-unisson.svg\",\"width\":1,\"height\":1,\"caption\":\"Laboratoires Unisson\"},\"image\":{\"@id\":\"https:\/\/www.laboratoires-unisson.com\/fr-be#\/schema\/logo\/image\/\"}}]}<\/script>\n<!-- \/ Yoast SEO plugin. -->","yoast_head_json":{"title":"Appareil auditif Oticon Own 1 CIC \u00e0 2100\u20ac - Unisson Belgique","description":"L'appareil Own 1 est une aide auditive haut de gamme de classe II de la marque Oticon. C\u2019est un mod\u00e8le invisible CIC \u00e0 pile auditive 10 destin\u00e9 aux pertes","robots":{"index":"index","follow":"follow","max-snippet":"max-snippet:-1","max-image-preview":"max-image-preview:large","max-video-preview":"max-video-preview:-1"},"canonical":"https:\/\/www.laboratoires-unisson.com\/fr-be\/wp-json\/wp\/v2\/product\/22683","og_locale":"fr_FR","og_type":"article","og_title":"Own 1 CIC - Laboratoires Unisson","og_description":"L'appareil Own 1 est une aide auditive haut de gamme de classe II de la marque Oticon. C\u2019est un mod\u00e8le invisible CIC \u00e0 pile auditive 10 destin\u00e9 aux pertes","og_url":"https:\/\/www.laboratoires-unisson.com\/fr-be\/produit\/appareils-auditifs\/oticon\/own-1-cic","og_site_name":"Laboratoires Unisson","article_modified_time":"2025-12-03T09:06:31+00:00","og_image":[{"width":600,"height":600,"url":"https:\/\/www.laboratoires-unisson.com\/wp-content\/uploads\/2023\/07\/Oticon_Own_1_CIC.webp","type":"image\/webp"}],"twitter_card":"summary_large_image","twitter_misc":{"Est. reading time":"3 minutes"},"schema":{"@context":"https:\/\/schema.org","@graph":[{"@type":"WebPage","@id":"https:\/\/www.laboratoires-unisson.com\/fr-be\/produit\/appareils-auditifs\/oticon\/own-1-cic","url":"https:\/\/www.laboratoires-unisson.com\/fr-be\/produit\/appareils-auditifs\/oticon\/own-1-cic","name":"Own 1 CIC - Laboratoires Unisson","isPartOf":{"@id":"https:\/\/www.laboratoires-unisson.com\/fr-be#website"},"primaryImageOfPage":{"@id":"https:\/\/www.laboratoires-unisson.com\/fr-be\/produit\/appareils-auditifs\/oticon\/own-1-cic#primaryimage"},"image":{"@id":"https:\/\/www.laboratoires-unisson.com\/fr-be\/produit\/appareils-auditifs\/oticon\/own-1-cic#primaryimage"},"thumbnailUrl":"https:\/\/www.laboratoires-unisson.com\/wp-content\/uploads\/2023\/07\/Oticon_Own_1_CIC.webp","datePublished":"2023-07-24T08:29:08+00:00","dateModified":"2025-12-03T09:06:31+00:00","description":"L'appareil Own 1 est une aide auditive haut de gamme de classe II de la marque Oticon. C\u2019est un mod\u00e8le invisible CIC \u00e0 pile auditive 10 destin\u00e9 aux pertes","breadcrumb":{"@id":"https:\/\/www.laboratoires-unisson.com\/fr-be\/produit\/appareils-auditifs\/oticon\/own-1-cic#breadcrumb"},"inLanguage":"fr-BE","potentialAction":[{"@type":"ReadAction","target":["https:\/\/www.laboratoires-unisson.com\/fr-be\/produit\/appareils-auditifs\/oticon\/own-1-cic"]}]},{"@type":"ImageObject","inLanguage":"fr-BE","@id":"https:\/\/www.laboratoires-unisson.com\/fr-be\/produit\/appareils-auditifs\/oticon\/own-1-cic#primaryimage","url":"https:\/\/www.laboratoires-unisson.com\/wp-content\/uploads\/2023\/07\/Oticon_Own_1_CIC.webp","contentUrl":"https:\/\/www.laboratoires-unisson.com\/wp-content\/uploads\/2023\/07\/Oticon_Own_1_CIC.webp","width":600,"height":600},{"@type":"BreadcrumbList","@id":"https:\/\/www.laboratoires-unisson.com\/fr-be\/produit\/appareils-auditifs\/oticon\/own-1-cic#breadcrumb","itemListElement":[{"@type":"ListItem","position":1,"name":"Shop","item":"https:\/\/www.laboratoires-unisson.com\/fr-be\/shop"},{"@type":"ListItem","position":2,"name":"Own 1 CIC"}]},{"@type":"WebSite","@id":"https:\/\/www.laboratoires-unisson.com\/fr-be#website","url":"https:\/\/www.laboratoires-unisson.com\/fr-be","name":"Laboratoires Unisson","description":"Appareil auditif et proth\u00e8se auditive Moins Cher jusqu&#039;\u00e0 -40%","publisher":{"@id":"https:\/\/www.laboratoires-unisson.com\/fr-be#organization"},"potentialAction":[{"@type":"SearchAction","target":{"@type":"EntryPoint","urlTemplate":"https:\/\/www.laboratoires-unisson.com\/fr-be?s={search_term_string}"},"query-input":{"@type":"PropertyValueSpecification","valueRequired":true,"valueName":"search_term_string"}}],"inLanguage":"fr-BE"},{"@type":"Organization","@id":"https:\/\/www.laboratoires-unisson.com\/fr-be#organization","name":"Laboratoires Unisson","url":"https:\/\/www.laboratoires-unisson.com\/fr-be","logo":{"@type":"ImageObject","inLanguage":"fr-BE","@id":"https:\/\/www.laboratoires-unisson.com\/fr-be#\/schema\/logo\/image\/","url":"https:\/\/www.laboratoires-unisson.com\/wp-content\/uploads\/2022\/01\/logo-unisson.svg","contentUrl":"https:\/\/www.laboratoires-unisson.com\/wp-content\/uploads\/2022\/01\/logo-unisson.svg","width":1,"height":1,"caption":"Laboratoires Unisson"},"image":{"@id":"https:\/\/www.laboratoires-unisson.com\/fr-be#\/schema\/logo\/image\/"}}]}},"_links":{"self":[{"href":"https:\/\/www.laboratoires-unisson.com\/fr-be\/wp-json\/wp\/v2\/product\/22683","targetHints":{"allow":["GET"]}}],"collection":[{"href":"https:\/\/www.laboratoires-unisson.com\/fr-be\/wp-json\/wp\/v2\/product"}],"about":[{"href":"https:\/\/www.laboratoires-unisson.com\/fr-be\/wp-json\/wp\/v2\/types\/product"}],"wp:featuredmedia":[{"embeddable":true,"href":"https:\/\/www.laboratoires-unisson.com\/fr-be\/wp-json\/wp\/v2\/media\/21050"}],"wp:attachment":[{"href":"https:\/\/www.laboratoires-unisson.com\/fr-be\/wp-json\/wp\/v2\/media?parent=22683"}],"wp:term":[{"taxonomy":"product_brand","embeddable":true,"href":"https:\/\/www.laboratoires-unisson.com\/fr-be\/wp-json\/wp\/v2\/product_brand?post=22683"},{"taxonomy":"product_cat","embeddable":true,"href":"https:\/\/www.laboratoires-unisson.com\/fr-be\/wp-json\/wp\/v2\/product_cat?post=22683"},{"taxonomy":"product_tag","embeddable":true,"href":"https:\/\/www.laboratoires-unisson.com\/fr-be\/wp-json\/wp\/v2\/product_tag?post=22683"}],"curies":[{"name":"wp","href":"https:\/\/api.w.org\/{rel}","templated":true}]}}