{"id":22684,"date":"2023-07-19T10:29:03","date_gmt":"2023-07-19T08:29:03","guid":{"rendered":"https:\/\/www.laboratoires-unisson.com\/produit\/virto-paradise-p30-312"},"modified":"2025-12-03T10:06:35","modified_gmt":"2025-12-03T09:06:35","slug":"virto-paradise-p30-312","status":"publish","type":"product","link":"https:\/\/www.laboratoires-unisson.com\/fr-be\/produit\/appareils-auditifs\/phonak\/virto-paradise-p30-312","title":{"rendered":"Virto Paradise P30 312"},"content":{"rendered":"<p><span style=\"font-weight: 400;\">L\u2019appareil auditif Virto Paradise P30 est une aide auditive de la marque Phonak, destin\u00e9 aux pertes auditives l\u00e9g\u00e8res \u00e0 moyennes. C\u2019est une <\/span><a href=\"https:\/\/www.laboratoires-unisson.com\/fr-be\/appareils-auditifs\/types\/invisibles\"><span style=\"font-weight: 400;\">aide auditive invisible<\/span><\/a><span style=\"font-weight: 400;\"> \u00e0 pile auditive 312 capable de <\/span><b>fournir jusqu&#8217;\u00e0 83 heures d&#8217;utilisation<\/b><span style=\"font-weight: 400;\">. Avec 12 canaux et 12 bandes d\u2019adaptation, l\u2019Audeo Paradise P30 dispose \u00e9galement d\u2019un bouton poussoir.<\/span><\/p>\n<p><span style=\"font-weight: 400;\">Le Virto P-312 est le mod\u00e8le offrant le plus de fonctionnalit\u00e9s parmi tous les appareils Virto Paradise :\u00a0<\/span><\/p>\n<ul>\n<li style=\"font-weight: 400;\" aria-level=\"1\"><span style=\"font-weight: 400;\">Il est personnalisable en demi-coquille ou pleine coque,<\/span><\/li>\n<li style=\"font-weight: 400;\" aria-level=\"1\"><span style=\"font-weight: 400;\">Il est dot\u00e9 d&#8217;un bouton pour s\u00e9lectionner le programme d&#8217;\u00e9coute.\u00a0<\/span><\/li>\n<li style=\"font-weight: 400;\" aria-level=\"1\"><span style=\"font-weight: 400;\">Il est dot\u00e9 de <\/span><b>la technologie Phonak Binaural Voice Stream Technology<\/b><span style=\"font-weight: 400;\"> qui lorsque vous effectuez un appel t\u00e9l\u00e9phonique avec vos aides auditives, vous permet d&#8217;entendre la conversation dans vos deux oreilles. Les aides auditives agiront comme des \u00e9couteurs sans fil.<\/span><\/li>\n<li style=\"font-weight: 400;\" aria-level=\"1\"><span style=\"font-weight: 400;\">C\u2019est <\/span><b>le seul appareil de la gamme qui offre la connectivit\u00e9 universelle de Phonak<\/b><span style=\"font-weight: 400;\"> permettant une connectivit\u00e9 sans fil aux t\u00e9l\u00e9phones Android, Apple et aux autres appareils Bluetooth.<\/span><\/li>\n<li style=\"font-weight: 400;\" aria-level=\"1\"><span style=\"font-weight: 400;\">C\u2019est <\/span><b>le seul appareil de la gamme \u00e0 proposer des microphones directionnels<\/b><span style=\"font-weight: 400;\">.<\/span><\/li>\n<\/ul>\n<h3><span style=\"font-weight: 400;\">La gamme d\u2019aides auditives Virto Paradise<\/span><\/h3>\n<p><span style=\"font-weight: 400;\">Sortie en 2022, la gamme Virto Paradise de Phonak est une extension de la famille d\u2019appareils auditifs Paradise lanc\u00e9e en 2020. La gamme est <\/span><b>faite sur-mesure<\/b><span style=\"font-weight: 400;\"> afin d\u2019adopter la forme exacte des oreilles. Tous les produits Virto Paradise sont aliment\u00e9s par une pile standard et<\/span><b> incluent un g\u00e9n\u00e9rateur de bruit pour la gestion des acouph\u00e8nes<\/b><span style=\"font-weight: 400;\">.<\/span><\/p>\n<p><span style=\"font-weight: 400;\">Virto Paradise comprend quatre mod\u00e8les (Virto P-Titanium, Virto P-10 NW O, Virto P-312 NW O, Virto P-312), quatre niveaux de puissance (M, P, SP, UP) ainsi que quatre niveaux de performances (P90, P70, P50, P30).<\/span><\/p>\n<h3><span style=\"font-weight: 400;\">La technologie de la gamme Virto Paradise\u00a0<\/span><\/h3>\n<h4><span style=\"font-weight: 400;\">Renforcement de la parole<\/span><\/h4>\n<p><span style=\"font-weight: 400;\">Virto Paradise d\u00e9livre <\/span><b>un son naturel et net<\/b><span style=\"font-weight: 400;\">. Les dialogues dans les environnements calmes sont renforc\u00e9s pour profiter pleinement de vos conversations.<\/span><\/p>\n","protected":false},"excerpt":{"rendered":"<p>L\u2019appareil auditif Virto Paradise P30 est une aide auditive de la marque Phonak, destin\u00e9 aux pertes auditives l\u00e9g\u00e8res \u00e0 moyennes. C\u2019est une aide auditive invisible \u00e0 pile auditive 312 capable de fournir jusqu&#8217;\u00e0 83 heures d&#8217;utilisation. Avec 12 canaux et 12 bandes d\u2019adaptation, l\u2019Audeo Paradise P30 dispose \u00e9galement d\u2019un bouton poussoir. Le Virto P-312 est [&hellip;]<\/p>\n","protected":false},"featured_media":21043,"template":"","meta":{"_acf_changed":false},"product_brand":[],"product_cat":[2574],"product_tag":[],"class_list":{"0":"post-22684","1":"product","2":"type-product","3":"status-publish","4":"has-post-thumbnail","6":"product_cat-phonak-fr-be","8":"first","9":"instock","10":"taxable","11":"shipping-taxable","12":"purchasable","13":"product-type-simple"},"acf":[],"yoast_head":"<!-- This site is optimized with the Yoast SEO plugin v27.1.1 - https:\/\/yoast.com\/product\/yoast-seo-wordpress\/ -->\n<title>Appareil auditif Phonak Virto Paradise P30 312 \u00e0 1400\u20ac - Unisson Belgique<\/title>\n<meta name=\"description\" content=\"L\u2019appareil auditif Virto Paradise P30 est une aide auditive de la marque Phonak, destin\u00e9 aux pertes auditives l\u00e9g\u00e8res \u00e0 moyennes. C\u2019est une aide auditive\" \/>\n<meta name=\"robots\" content=\"index, follow, max-snippet:-1, max-image-preview:large, max-video-preview:-1\" \/>\n<link rel=\"canonical\" href=\"https:\/\/www.laboratoires-unisson.com\/fr-be\/wp-json\/wp\/v2\/product\/22684\" \/>\n<meta property=\"og:locale\" content=\"fr_FR\" \/>\n<meta property=\"og:type\" content=\"article\" \/>\n<meta property=\"og:title\" content=\"Virto Paradise P30 312 - Laboratoires Unisson\" \/>\n<meta property=\"og:description\" content=\"L\u2019appareil auditif Virto Paradise P30 est une aide auditive de la marque Phonak, destin\u00e9 aux pertes auditives l\u00e9g\u00e8res \u00e0 moyennes. C\u2019est une aide auditive\" \/>\n<meta property=\"og:url\" content=\"https:\/\/www.laboratoires-unisson.com\/fr-be\/produit\/appareils-auditifs\/phonak\/virto-paradise-p30-312\" \/>\n<meta property=\"og:site_name\" content=\"Laboratoires Unisson\" \/>\n<meta property=\"article:modified_time\" content=\"2025-12-03T09:06:35+00:00\" \/>\n<meta property=\"og:image\" content=\"https:\/\/www.laboratoires-unisson.com\/wp-content\/uploads\/2023\/07\/phonak-virto-paradise-p30-312.webp\" \/>\n\t<meta property=\"og:image:width\" content=\"600\" \/>\n\t<meta property=\"og:image:height\" content=\"600\" \/>\n\t<meta property=\"og:image:type\" content=\"image\/webp\" \/>\n<meta name=\"twitter:card\" content=\"summary_large_image\" \/>\n<meta name=\"twitter:label1\" content=\"Est. reading time\" \/>\n\t<meta name=\"twitter:data1\" content=\"2 minutes\" \/>\n<script type=\"application\/ld+json\" class=\"yoast-schema-graph\">{\"@context\":\"https:\/\/schema.org\",\"@graph\":[{\"@type\":\"WebPage\",\"@id\":\"https:\/\/www.laboratoires-unisson.com\/fr-be\/produit\/appareils-auditifs\/phonak\/virto-paradise-p30-312\",\"url\":\"https:\/\/www.laboratoires-unisson.com\/fr-be\/produit\/appareils-auditifs\/phonak\/virto-paradise-p30-312\",\"name\":\"Virto Paradise P30 312 - Laboratoires Unisson\",\"isPartOf\":{\"@id\":\"https:\/\/www.laboratoires-unisson.com\/fr-be#website\"},\"primaryImageOfPage\":{\"@id\":\"https:\/\/www.laboratoires-unisson.com\/fr-be\/produit\/appareils-auditifs\/phonak\/virto-paradise-p30-312#primaryimage\"},\"image\":{\"@id\":\"https:\/\/www.laboratoires-unisson.com\/fr-be\/produit\/appareils-auditifs\/phonak\/virto-paradise-p30-312#primaryimage\"},\"thumbnailUrl\":\"https:\/\/www.laboratoires-unisson.com\/wp-content\/uploads\/2023\/07\/phonak-virto-paradise-p30-312.webp\",\"datePublished\":\"2023-07-19T08:29:03+00:00\",\"dateModified\":\"2025-12-03T09:06:35+00:00\",\"description\":\"L\u2019appareil auditif Virto Paradise P30 est une aide auditive de la marque Phonak, destin\u00e9 aux pertes auditives l\u00e9g\u00e8res \u00e0 moyennes. C\u2019est une aide auditive\",\"breadcrumb\":{\"@id\":\"https:\/\/www.laboratoires-unisson.com\/fr-be\/produit\/appareils-auditifs\/phonak\/virto-paradise-p30-312#breadcrumb\"},\"inLanguage\":\"fr-BE\",\"potentialAction\":[{\"@type\":\"ReadAction\",\"target\":[\"https:\/\/www.laboratoires-unisson.com\/fr-be\/produit\/appareils-auditifs\/phonak\/virto-paradise-p30-312\"]}]},{\"@type\":\"ImageObject\",\"inLanguage\":\"fr-BE\",\"@id\":\"https:\/\/www.laboratoires-unisson.com\/fr-be\/produit\/appareils-auditifs\/phonak\/virto-paradise-p30-312#primaryimage\",\"url\":\"https:\/\/www.laboratoires-unisson.com\/wp-content\/uploads\/2023\/07\/phonak-virto-paradise-p30-312.webp\",\"contentUrl\":\"https:\/\/www.laboratoires-unisson.com\/wp-content\/uploads\/2023\/07\/phonak-virto-paradise-p30-312.webp\",\"width\":600,\"height\":600},{\"@type\":\"BreadcrumbList\",\"@id\":\"https:\/\/www.laboratoires-unisson.com\/fr-be\/produit\/appareils-auditifs\/phonak\/virto-paradise-p30-312#breadcrumb\",\"itemListElement\":[{\"@type\":\"ListItem\",\"position\":1,\"name\":\"Shop\",\"item\":\"https:\/\/www.laboratoires-unisson.com\/fr-be\/shop\"},{\"@type\":\"ListItem\",\"position\":2,\"name\":\"Virto Paradise P30 312\"}]},{\"@type\":\"WebSite\",\"@id\":\"https:\/\/www.laboratoires-unisson.com\/fr-be#website\",\"url\":\"https:\/\/www.laboratoires-unisson.com\/fr-be\",\"name\":\"Laboratoires Unisson\",\"description\":\"Appareil auditif et proth\u00e8se auditive Moins Cher jusqu&#039;\u00e0 -40%\",\"publisher\":{\"@id\":\"https:\/\/www.laboratoires-unisson.com\/fr-be#organization\"},\"potentialAction\":[{\"@type\":\"SearchAction\",\"target\":{\"@type\":\"EntryPoint\",\"urlTemplate\":\"https:\/\/www.laboratoires-unisson.com\/fr-be?s={search_term_string}\"},\"query-input\":{\"@type\":\"PropertyValueSpecification\",\"valueRequired\":true,\"valueName\":\"search_term_string\"}}],\"inLanguage\":\"fr-BE\"},{\"@type\":\"Organization\",\"@id\":\"https:\/\/www.laboratoires-unisson.com\/fr-be#organization\",\"name\":\"Laboratoires Unisson\",\"url\":\"https:\/\/www.laboratoires-unisson.com\/fr-be\",\"logo\":{\"@type\":\"ImageObject\",\"inLanguage\":\"fr-BE\",\"@id\":\"https:\/\/www.laboratoires-unisson.com\/fr-be#\/schema\/logo\/image\/\",\"url\":\"https:\/\/www.laboratoires-unisson.com\/wp-content\/uploads\/2022\/01\/logo-unisson.svg\",\"contentUrl\":\"https:\/\/www.laboratoires-unisson.com\/wp-content\/uploads\/2022\/01\/logo-unisson.svg\",\"width\":1,\"height\":1,\"caption\":\"Laboratoires Unisson\"},\"image\":{\"@id\":\"https:\/\/www.laboratoires-unisson.com\/fr-be#\/schema\/logo\/image\/\"}}]}<\/script>\n<!-- \/ Yoast SEO plugin. -->","yoast_head_json":{"title":"Appareil auditif Phonak Virto Paradise P30 312 \u00e0 1400\u20ac - Unisson Belgique","description":"L\u2019appareil auditif Virto Paradise P30 est une aide auditive de la marque Phonak, destin\u00e9 aux pertes auditives l\u00e9g\u00e8res \u00e0 moyennes. C\u2019est une aide auditive","robots":{"index":"index","follow":"follow","max-snippet":"max-snippet:-1","max-image-preview":"max-image-preview:large","max-video-preview":"max-video-preview:-1"},"canonical":"https:\/\/www.laboratoires-unisson.com\/fr-be\/wp-json\/wp\/v2\/product\/22684","og_locale":"fr_FR","og_type":"article","og_title":"Virto Paradise P30 312 - Laboratoires Unisson","og_description":"L\u2019appareil auditif Virto Paradise P30 est une aide auditive de la marque Phonak, destin\u00e9 aux pertes auditives l\u00e9g\u00e8res \u00e0 moyennes. C\u2019est une aide auditive","og_url":"https:\/\/www.laboratoires-unisson.com\/fr-be\/produit\/appareils-auditifs\/phonak\/virto-paradise-p30-312","og_site_name":"Laboratoires Unisson","article_modified_time":"2025-12-03T09:06:35+00:00","og_image":[{"width":600,"height":600,"url":"https:\/\/www.laboratoires-unisson.com\/wp-content\/uploads\/2023\/07\/phonak-virto-paradise-p30-312.webp","type":"image\/webp"}],"twitter_card":"summary_large_image","twitter_misc":{"Est. reading time":"2 minutes"},"schema":{"@context":"https:\/\/schema.org","@graph":[{"@type":"WebPage","@id":"https:\/\/www.laboratoires-unisson.com\/fr-be\/produit\/appareils-auditifs\/phonak\/virto-paradise-p30-312","url":"https:\/\/www.laboratoires-unisson.com\/fr-be\/produit\/appareils-auditifs\/phonak\/virto-paradise-p30-312","name":"Virto Paradise P30 312 - Laboratoires Unisson","isPartOf":{"@id":"https:\/\/www.laboratoires-unisson.com\/fr-be#website"},"primaryImageOfPage":{"@id":"https:\/\/www.laboratoires-unisson.com\/fr-be\/produit\/appareils-auditifs\/phonak\/virto-paradise-p30-312#primaryimage"},"image":{"@id":"https:\/\/www.laboratoires-unisson.com\/fr-be\/produit\/appareils-auditifs\/phonak\/virto-paradise-p30-312#primaryimage"},"thumbnailUrl":"https:\/\/www.laboratoires-unisson.com\/wp-content\/uploads\/2023\/07\/phonak-virto-paradise-p30-312.webp","datePublished":"2023-07-19T08:29:03+00:00","dateModified":"2025-12-03T09:06:35+00:00","description":"L\u2019appareil auditif Virto Paradise P30 est une aide auditive de la marque Phonak, destin\u00e9 aux pertes auditives l\u00e9g\u00e8res \u00e0 moyennes. C\u2019est une aide auditive","breadcrumb":{"@id":"https:\/\/www.laboratoires-unisson.com\/fr-be\/produit\/appareils-auditifs\/phonak\/virto-paradise-p30-312#breadcrumb"},"inLanguage":"fr-BE","potentialAction":[{"@type":"ReadAction","target":["https:\/\/www.laboratoires-unisson.com\/fr-be\/produit\/appareils-auditifs\/phonak\/virto-paradise-p30-312"]}]},{"@type":"ImageObject","inLanguage":"fr-BE","@id":"https:\/\/www.laboratoires-unisson.com\/fr-be\/produit\/appareils-auditifs\/phonak\/virto-paradise-p30-312#primaryimage","url":"https:\/\/www.laboratoires-unisson.com\/wp-content\/uploads\/2023\/07\/phonak-virto-paradise-p30-312.webp","contentUrl":"https:\/\/www.laboratoires-unisson.com\/wp-content\/uploads\/2023\/07\/phonak-virto-paradise-p30-312.webp","width":600,"height":600},{"@type":"BreadcrumbList","@id":"https:\/\/www.laboratoires-unisson.com\/fr-be\/produit\/appareils-auditifs\/phonak\/virto-paradise-p30-312#breadcrumb","itemListElement":[{"@type":"ListItem","position":1,"name":"Shop","item":"https:\/\/www.laboratoires-unisson.com\/fr-be\/shop"},{"@type":"ListItem","position":2,"name":"Virto Paradise P30 312"}]},{"@type":"WebSite","@id":"https:\/\/www.laboratoires-unisson.com\/fr-be#website","url":"https:\/\/www.laboratoires-unisson.com\/fr-be","name":"Laboratoires Unisson","description":"Appareil auditif et proth\u00e8se auditive Moins Cher jusqu&#039;\u00e0 -40%","publisher":{"@id":"https:\/\/www.laboratoires-unisson.com\/fr-be#organization"},"potentialAction":[{"@type":"SearchAction","target":{"@type":"EntryPoint","urlTemplate":"https:\/\/www.laboratoires-unisson.com\/fr-be?s={search_term_string}"},"query-input":{"@type":"PropertyValueSpecification","valueRequired":true,"valueName":"search_term_string"}}],"inLanguage":"fr-BE"},{"@type":"Organization","@id":"https:\/\/www.laboratoires-unisson.com\/fr-be#organization","name":"Laboratoires Unisson","url":"https:\/\/www.laboratoires-unisson.com\/fr-be","logo":{"@type":"ImageObject","inLanguage":"fr-BE","@id":"https:\/\/www.laboratoires-unisson.com\/fr-be#\/schema\/logo\/image\/","url":"https:\/\/www.laboratoires-unisson.com\/wp-content\/uploads\/2022\/01\/logo-unisson.svg","contentUrl":"https:\/\/www.laboratoires-unisson.com\/wp-content\/uploads\/2022\/01\/logo-unisson.svg","width":1,"height":1,"caption":"Laboratoires Unisson"},"image":{"@id":"https:\/\/www.laboratoires-unisson.com\/fr-be#\/schema\/logo\/image\/"}}]}},"_links":{"self":[{"href":"https:\/\/www.laboratoires-unisson.com\/fr-be\/wp-json\/wp\/v2\/product\/22684","targetHints":{"allow":["GET"]}}],"collection":[{"href":"https:\/\/www.laboratoires-unisson.com\/fr-be\/wp-json\/wp\/v2\/product"}],"about":[{"href":"https:\/\/www.laboratoires-unisson.com\/fr-be\/wp-json\/wp\/v2\/types\/product"}],"wp:featuredmedia":[{"embeddable":true,"href":"https:\/\/www.laboratoires-unisson.com\/fr-be\/wp-json\/wp\/v2\/media\/21043"}],"wp:attachment":[{"href":"https:\/\/www.laboratoires-unisson.com\/fr-be\/wp-json\/wp\/v2\/media?parent=22684"}],"wp:term":[{"taxonomy":"product_brand","embeddable":true,"href":"https:\/\/www.laboratoires-unisson.com\/fr-be\/wp-json\/wp\/v2\/product_brand?post=22684"},{"taxonomy":"product_cat","embeddable":true,"href":"https:\/\/www.laboratoires-unisson.com\/fr-be\/wp-json\/wp\/v2\/product_cat?post=22684"},{"taxonomy":"product_tag","embeddable":true,"href":"https:\/\/www.laboratoires-unisson.com\/fr-be\/wp-json\/wp\/v2\/product_tag?post=22684"}],"curies":[{"name":"wp","href":"https:\/\/api.w.org\/{rel}","templated":true}]}}