{"id":22685,"date":"2023-07-19T09:15:14","date_gmt":"2023-07-19T07:15:14","guid":{"rendered":"https:\/\/www.laboratoires-unisson.com\/produit\/audeo-paradise-p30-312"},"modified":"2025-12-03T10:06:36","modified_gmt":"2025-12-03T09:06:36","slug":"audeo-paradise-p30-312","status":"publish","type":"product","link":"https:\/\/www.laboratoires-unisson.com\/fr-be\/produit\/appareils-auditifs\/phonak\/audeo-paradise-p30-312","title":{"rendered":"Audeo P30 312"},"content":{"rendered":"<p><span style=\"font-weight: 400;\">L\u2019appareil Audeo Paradise P30 est une aide auditive de la marque <\/span><a href=\"https:\/\/www.laboratoires-unisson.com\/fr-be\/appareils-auditifs\/marques\/phonak\"><span style=\"font-weight: 400;\">Phonak<\/span><\/a><span style=\"font-weight: 400;\">. C\u2019est un mod\u00e8le contour d\u2019oreille RIC \u00e0 pile auditive 312 destin\u00e9 aux pertes auditives l\u00e9g\u00e8res \u00e0 s\u00e9v\u00e8res. Avec 12 canaux et 12 bandes d\u2019adaptation, l\u2019Audeo Paradise P30 dispose \u00e9galement de boutons multifonctions.<\/span><\/p>\n<h3><span style=\"font-weight: 400;\">La gamme d\u2019aides auditives Audeo Paradise<\/span><\/h3>\n<p><span style=\"font-weight: 400;\">Sortie en 2020, Audeo Paradise offre des am\u00e9liorations dans le traitement du son, l&#8217;am\u00e9lioration de la parole et la connectivit\u00e9 Bluetooth.\u00a0<\/span><\/p>\n<p><span style=\"font-weight: 400;\">La gamme Audeo Paradise de Phonak inclut six diff\u00e9rents mod\u00e8les d\u2019appareils auditifs :\u00a0<\/span><\/p>\n<ul>\n<li style=\"font-weight: 400;\" aria-level=\"1\"><b>Audeo P-R Fit :<\/b><span style=\"font-weight: 400;\"> Une aide auditive rechargeable dot\u00e9e d\u2019un suivi des donn\u00e9es de sant\u00e9 et d\u2019un capteur de fr\u00e9quence cardiaque.<\/span><\/li>\n<li style=\"font-weight: 400;\" aria-level=\"1\"><b>Audeo P-RL :<\/b><span style=\"font-weight: 400;\"> Une aide auditive rechargeable r\u00e9sistante \u00e0 l\u2019eau et \u00e0 la transpiration.<\/span><\/li>\n<li style=\"font-weight: 400;\" aria-level=\"1\"><b>Audeo P-R :<\/b><span style=\"font-weight: 400;\"> Une aide auditive rechargeable dot\u00e9e d\u2019un suivi des donn\u00e9es de sant\u00e9.<\/span><\/li>\n<li style=\"font-weight: 400;\" aria-level=\"1\"><b>Audeo P-RT :<\/b><span style=\"font-weight: 400;\"> Une aide auditive rechargeable dot\u00e9e d\u2019un suivi des donn\u00e9es de sant\u00e9 et d\u2019une bobine d\u2019induction.<\/span><\/li>\n<li style=\"font-weight: 400;\" aria-level=\"1\"><b>Audeo P-13T : <\/b><span style=\"font-weight: 400;\">Une aide auditive \u00e0 pile auditive 13 dot\u00e9e d&#8217;une bobine d\u2019induction.<\/span><\/li>\n<li style=\"font-weight: 400;\" aria-level=\"1\"><b>Audeo P-312 :<\/b><span style=\"font-weight: 400;\"> Une aide auditive \u00e0 pile auditive 312 dot\u00e9e d\u2019une connectivit\u00e9 directe vers les appareils IOS et Androids.\u00a0<\/span><\/li>\n<\/ul>\n<p><span style=\"font-weight: 400;\">Mais \u00e9galement quatre niveaux de performances (P30, P50, P70, P90) et cinq \u00e9couteurs externes, dont l\u2019\u00e9couteur ActiveVent.<\/span><\/p>\n<h3><span style=\"font-weight: 400;\">Les technologies de la gamme Audeo Paradise\u00a0<\/span><\/h3>\n<h4><span style=\"font-weight: 400;\">Connexion Bluetooth<\/span><\/h4>\n<p><span style=\"font-weight: 400;\">8 appareils audio compatibles Bluetooth peuvent \u00eatre enregistr\u00e9s et 2 appareils peuvent \u00eatre connect\u00e9s simultan\u00e9ment.<\/span><\/p>\n<h4><span style=\"font-weight: 400;\">Puce de traitement du son Prism<\/span><\/h4>\n<p><span style=\"font-weight: 400;\">Cette nouvelle puce permet <\/span><b>une meilleure connectivit\u00e9 Bluetooth<\/b><span style=\"font-weight: 400;\">, elle \u00e9largit 2 fois plus la m\u00e9moire de l\u2019appareil auditif et elle est moins \u00e9nergivore.<\/span><\/p>\n<h4><span style=\"font-weight: 400;\">Commandes mains libres<\/span><\/h4>\n<p><span style=\"font-weight: 400;\">Il suffit d\u2019appuyer 2 fois sur les appareils auditifs Naida Paradise pour :\u00a0<\/span><\/p>\n<ul>\n<li style=\"font-weight: 400;\" aria-level=\"1\"><span style=\"font-weight: 400;\">Accepter\/terminer un appel t\u00e9l\u00e9phonique,<\/span><\/li>\n<li style=\"font-weight: 400;\" aria-level=\"1\"><span style=\"font-weight: 400;\">Mettre en pause\/reprendre une diffusion d\u2019un appareil,<\/span><\/li>\n<li style=\"font-weight: 400;\" aria-level=\"1\"><span style=\"font-weight: 400;\">Acc\u00e9der aux assistants vocaux tels que Siri et Google Assistant.<\/span><\/li>\n<\/ul>\n<h4><span style=\"font-weight: 400;\">Suppression de bruit<\/span><\/h4>\n<p><span style=\"font-weight: 400;\">Avec la \u201cDynamic Noise Cancellation\u201d, un <\/span><b>syst\u00e8me automatis\u00e9 de suppression de bruit<\/b><span style=\"font-weight: 400;\"> fonctionnant avec un syst\u00e8me de microphone \u00e0 formation de faisceau directionnel, Phonak am\u00e9liore la suppression de bruit des Audeo Paradise.<\/span><\/p>\n<h4><span style=\"font-weight: 400;\">Son plus net dans les environnements calmes\u00a0<\/span><\/h4>\n<p><span style=\"font-weight: 400;\">Gr\u00e2ce \u00e0 la nouvelle fonctionnalit\u00e9 &#8220;Speech Enhancer&#8221;, les Audeo Paradise sont dot\u00e9s d\u2019un <\/span><b>amplificateur de parole dans les environnements calmes<\/b><span style=\"font-weight: 400;\">.<\/span><\/p>\n<h4><span style=\"font-weight: 400;\">D\u00e9tecteur de mouvement<\/span><\/h4>\n<p><span style=\"font-weight: 400;\">Une technologie qui d\u00e9tecte lorsque vous bougez et ajuste les microphones de l\u2019<\/span><a href=\"https:\/\/www.laboratoires-unisson.com\/fr-be\/appareils-auditifs\"><span style=\"font-weight: 400;\">appareil auditif<\/span><\/a><span style=\"font-weight: 400;\"> ainsi que les param\u00e8tres d&#8217;annulation du bruit.<\/span><\/p>\n","protected":false},"excerpt":{"rendered":"<p>L\u2019appareil Audeo Paradise P30 est une aide auditive de la marque Phonak. C\u2019est un mod\u00e8le contour d\u2019oreille RIC \u00e0 pile auditive 312 destin\u00e9 aux pertes auditives l\u00e9g\u00e8res \u00e0 s\u00e9v\u00e8res. Avec 12 canaux et 12 bandes d\u2019adaptation, l\u2019Audeo Paradise P30 dispose \u00e9galement de boutons multifonctions. La gamme d\u2019aides auditives Audeo Paradise Sortie en 2020, Audeo Paradise [&hellip;]<\/p>\n","protected":false},"featured_media":21036,"template":"","meta":{"_acf_changed":false},"product_brand":[],"product_cat":[2574],"product_tag":[],"class_list":{"0":"post-22685","1":"product","2":"type-product","3":"status-publish","4":"has-post-thumbnail","6":"product_cat-phonak-fr-be","8":"first","9":"instock","10":"taxable","11":"shipping-taxable","12":"purchasable","13":"product-type-simple"},"acf":[],"yoast_head":"<!-- This site is optimized with the Yoast SEO plugin v27.1.1 - https:\/\/yoast.com\/product\/yoast-seo-wordpress\/ -->\n<title>Appareil auditif Phonak Audeo P30 312 \u00e0 1400\u20ac - Unisson Belgique<\/title>\n<meta name=\"description\" content=\"D\u00e9couvrez l&#039;appareil auditif Phonak Aud\u00e9o Paradise P30-312 dans votre centre Unisson Belgique. Am\u00e9liorez votre audition d\u00e8s maintenant.\" \/>\n<meta name=\"robots\" content=\"index, follow, max-snippet:-1, max-image-preview:large, max-video-preview:-1\" \/>\n<link rel=\"canonical\" href=\"https:\/\/www.laboratoires-unisson.com\/fr-be\/wp-json\/wp\/v2\/product\/22685\" \/>\n<meta property=\"og:locale\" content=\"fr_FR\" \/>\n<meta property=\"og:type\" content=\"article\" \/>\n<meta property=\"og:title\" content=\"Audeo P30 312 - Laboratoires Unisson\" \/>\n<meta property=\"og:description\" content=\"D\u00e9couvrez l&#039;appareil auditif Phonak Aud\u00e9o Paradise P30-312 dans votre centre Unisson Belgique. Am\u00e9liorez votre audition d\u00e8s maintenant.\" \/>\n<meta property=\"og:url\" content=\"https:\/\/www.laboratoires-unisson.com\/fr-be\/produit\/appareils-auditifs\/phonak\/audeo-paradise-p30-312\" \/>\n<meta property=\"og:site_name\" content=\"Laboratoires Unisson\" \/>\n<meta property=\"article:modified_time\" content=\"2025-12-03T09:06:36+00:00\" \/>\n<meta property=\"og:image\" content=\"https:\/\/www.laboratoires-unisson.com\/wp-content\/uploads\/2023\/07\/Phonak-Audeo-Paradise-P30-312.png\" \/>\n\t<meta property=\"og:image:width\" content=\"500\" \/>\n\t<meta property=\"og:image:height\" content=\"500\" \/>\n\t<meta property=\"og:image:type\" content=\"image\/png\" \/>\n<meta name=\"twitter:card\" content=\"summary_large_image\" \/>\n<meta name=\"twitter:label1\" content=\"Est. reading time\" \/>\n\t<meta name=\"twitter:data1\" content=\"3 minutes\" \/>\n<script type=\"application\/ld+json\" class=\"yoast-schema-graph\">{\"@context\":\"https:\/\/schema.org\",\"@graph\":[{\"@type\":\"WebPage\",\"@id\":\"https:\/\/www.laboratoires-unisson.com\/fr-be\/produit\/appareils-auditifs\/phonak\/audeo-paradise-p30-312\",\"url\":\"https:\/\/www.laboratoires-unisson.com\/fr-be\/produit\/appareils-auditifs\/phonak\/audeo-paradise-p30-312\",\"name\":\"Audeo P30 312 - Laboratoires Unisson\",\"isPartOf\":{\"@id\":\"https:\/\/www.laboratoires-unisson.com\/fr-be#website\"},\"primaryImageOfPage\":{\"@id\":\"https:\/\/www.laboratoires-unisson.com\/fr-be\/produit\/appareils-auditifs\/phonak\/audeo-paradise-p30-312#primaryimage\"},\"image\":{\"@id\":\"https:\/\/www.laboratoires-unisson.com\/fr-be\/produit\/appareils-auditifs\/phonak\/audeo-paradise-p30-312#primaryimage\"},\"thumbnailUrl\":\"https:\/\/www.laboratoires-unisson.com\/wp-content\/uploads\/2023\/07\/Phonak-Audeo-Paradise-P30-312.png\",\"datePublished\":\"2023-07-19T07:15:14+00:00\",\"dateModified\":\"2025-12-03T09:06:36+00:00\",\"description\":\"D\u00e9couvrez l'appareil auditif Phonak Aud\u00e9o Paradise P30-312 dans votre centre Unisson Belgique. Am\u00e9liorez votre audition d\u00e8s maintenant.\",\"breadcrumb\":{\"@id\":\"https:\/\/www.laboratoires-unisson.com\/fr-be\/produit\/appareils-auditifs\/phonak\/audeo-paradise-p30-312#breadcrumb\"},\"inLanguage\":\"fr-BE\",\"potentialAction\":[{\"@type\":\"ReadAction\",\"target\":[\"https:\/\/www.laboratoires-unisson.com\/fr-be\/produit\/appareils-auditifs\/phonak\/audeo-paradise-p30-312\"]}]},{\"@type\":\"ImageObject\",\"inLanguage\":\"fr-BE\",\"@id\":\"https:\/\/www.laboratoires-unisson.com\/fr-be\/produit\/appareils-auditifs\/phonak\/audeo-paradise-p30-312#primaryimage\",\"url\":\"https:\/\/www.laboratoires-unisson.com\/wp-content\/uploads\/2023\/07\/Phonak-Audeo-Paradise-P30-312.png\",\"contentUrl\":\"https:\/\/www.laboratoires-unisson.com\/wp-content\/uploads\/2023\/07\/Phonak-Audeo-Paradise-P30-312.png\",\"width\":500,\"height\":500},{\"@type\":\"BreadcrumbList\",\"@id\":\"https:\/\/www.laboratoires-unisson.com\/fr-be\/produit\/appareils-auditifs\/phonak\/audeo-paradise-p30-312#breadcrumb\",\"itemListElement\":[{\"@type\":\"ListItem\",\"position\":1,\"name\":\"Shop\",\"item\":\"https:\/\/www.laboratoires-unisson.com\/fr-be\/shop\"},{\"@type\":\"ListItem\",\"position\":2,\"name\":\"Audeo P30 312\"}]},{\"@type\":\"WebSite\",\"@id\":\"https:\/\/www.laboratoires-unisson.com\/fr-be#website\",\"url\":\"https:\/\/www.laboratoires-unisson.com\/fr-be\",\"name\":\"Laboratoires Unisson\",\"description\":\"Appareil auditif et proth\u00e8se auditive Moins Cher jusqu&#039;\u00e0 -40%\",\"publisher\":{\"@id\":\"https:\/\/www.laboratoires-unisson.com\/fr-be#organization\"},\"potentialAction\":[{\"@type\":\"SearchAction\",\"target\":{\"@type\":\"EntryPoint\",\"urlTemplate\":\"https:\/\/www.laboratoires-unisson.com\/fr-be?s={search_term_string}\"},\"query-input\":{\"@type\":\"PropertyValueSpecification\",\"valueRequired\":true,\"valueName\":\"search_term_string\"}}],\"inLanguage\":\"fr-BE\"},{\"@type\":\"Organization\",\"@id\":\"https:\/\/www.laboratoires-unisson.com\/fr-be#organization\",\"name\":\"Laboratoires Unisson\",\"url\":\"https:\/\/www.laboratoires-unisson.com\/fr-be\",\"logo\":{\"@type\":\"ImageObject\",\"inLanguage\":\"fr-BE\",\"@id\":\"https:\/\/www.laboratoires-unisson.com\/fr-be#\/schema\/logo\/image\/\",\"url\":\"https:\/\/www.laboratoires-unisson.com\/wp-content\/uploads\/2022\/01\/logo-unisson.svg\",\"contentUrl\":\"https:\/\/www.laboratoires-unisson.com\/wp-content\/uploads\/2022\/01\/logo-unisson.svg\",\"width\":1,\"height\":1,\"caption\":\"Laboratoires Unisson\"},\"image\":{\"@id\":\"https:\/\/www.laboratoires-unisson.com\/fr-be#\/schema\/logo\/image\/\"}}]}<\/script>\n<!-- \/ Yoast SEO plugin. -->","yoast_head_json":{"title":"Appareil auditif Phonak Audeo P30 312 \u00e0 1400\u20ac - Unisson Belgique","description":"D\u00e9couvrez l'appareil auditif Phonak Aud\u00e9o Paradise P30-312 dans votre centre Unisson Belgique. Am\u00e9liorez votre audition d\u00e8s maintenant.","robots":{"index":"index","follow":"follow","max-snippet":"max-snippet:-1","max-image-preview":"max-image-preview:large","max-video-preview":"max-video-preview:-1"},"canonical":"https:\/\/www.laboratoires-unisson.com\/fr-be\/wp-json\/wp\/v2\/product\/22685","og_locale":"fr_FR","og_type":"article","og_title":"Audeo P30 312 - Laboratoires Unisson","og_description":"D\u00e9couvrez l'appareil auditif Phonak Aud\u00e9o Paradise P30-312 dans votre centre Unisson Belgique. Am\u00e9liorez votre audition d\u00e8s maintenant.","og_url":"https:\/\/www.laboratoires-unisson.com\/fr-be\/produit\/appareils-auditifs\/phonak\/audeo-paradise-p30-312","og_site_name":"Laboratoires Unisson","article_modified_time":"2025-12-03T09:06:36+00:00","og_image":[{"width":500,"height":500,"url":"https:\/\/www.laboratoires-unisson.com\/wp-content\/uploads\/2023\/07\/Phonak-Audeo-Paradise-P30-312.png","type":"image\/png"}],"twitter_card":"summary_large_image","twitter_misc":{"Est. reading time":"3 minutes"},"schema":{"@context":"https:\/\/schema.org","@graph":[{"@type":"WebPage","@id":"https:\/\/www.laboratoires-unisson.com\/fr-be\/produit\/appareils-auditifs\/phonak\/audeo-paradise-p30-312","url":"https:\/\/www.laboratoires-unisson.com\/fr-be\/produit\/appareils-auditifs\/phonak\/audeo-paradise-p30-312","name":"Audeo P30 312 - Laboratoires Unisson","isPartOf":{"@id":"https:\/\/www.laboratoires-unisson.com\/fr-be#website"},"primaryImageOfPage":{"@id":"https:\/\/www.laboratoires-unisson.com\/fr-be\/produit\/appareils-auditifs\/phonak\/audeo-paradise-p30-312#primaryimage"},"image":{"@id":"https:\/\/www.laboratoires-unisson.com\/fr-be\/produit\/appareils-auditifs\/phonak\/audeo-paradise-p30-312#primaryimage"},"thumbnailUrl":"https:\/\/www.laboratoires-unisson.com\/wp-content\/uploads\/2023\/07\/Phonak-Audeo-Paradise-P30-312.png","datePublished":"2023-07-19T07:15:14+00:00","dateModified":"2025-12-03T09:06:36+00:00","description":"D\u00e9couvrez l'appareil auditif Phonak Aud\u00e9o Paradise P30-312 dans votre centre Unisson Belgique. Am\u00e9liorez votre audition d\u00e8s maintenant.","breadcrumb":{"@id":"https:\/\/www.laboratoires-unisson.com\/fr-be\/produit\/appareils-auditifs\/phonak\/audeo-paradise-p30-312#breadcrumb"},"inLanguage":"fr-BE","potentialAction":[{"@type":"ReadAction","target":["https:\/\/www.laboratoires-unisson.com\/fr-be\/produit\/appareils-auditifs\/phonak\/audeo-paradise-p30-312"]}]},{"@type":"ImageObject","inLanguage":"fr-BE","@id":"https:\/\/www.laboratoires-unisson.com\/fr-be\/produit\/appareils-auditifs\/phonak\/audeo-paradise-p30-312#primaryimage","url":"https:\/\/www.laboratoires-unisson.com\/wp-content\/uploads\/2023\/07\/Phonak-Audeo-Paradise-P30-312.png","contentUrl":"https:\/\/www.laboratoires-unisson.com\/wp-content\/uploads\/2023\/07\/Phonak-Audeo-Paradise-P30-312.png","width":500,"height":500},{"@type":"BreadcrumbList","@id":"https:\/\/www.laboratoires-unisson.com\/fr-be\/produit\/appareils-auditifs\/phonak\/audeo-paradise-p30-312#breadcrumb","itemListElement":[{"@type":"ListItem","position":1,"name":"Shop","item":"https:\/\/www.laboratoires-unisson.com\/fr-be\/shop"},{"@type":"ListItem","position":2,"name":"Audeo P30 312"}]},{"@type":"WebSite","@id":"https:\/\/www.laboratoires-unisson.com\/fr-be#website","url":"https:\/\/www.laboratoires-unisson.com\/fr-be","name":"Laboratoires Unisson","description":"Appareil auditif et proth\u00e8se auditive Moins Cher jusqu&#039;\u00e0 -40%","publisher":{"@id":"https:\/\/www.laboratoires-unisson.com\/fr-be#organization"},"potentialAction":[{"@type":"SearchAction","target":{"@type":"EntryPoint","urlTemplate":"https:\/\/www.laboratoires-unisson.com\/fr-be?s={search_term_string}"},"query-input":{"@type":"PropertyValueSpecification","valueRequired":true,"valueName":"search_term_string"}}],"inLanguage":"fr-BE"},{"@type":"Organization","@id":"https:\/\/www.laboratoires-unisson.com\/fr-be#organization","name":"Laboratoires Unisson","url":"https:\/\/www.laboratoires-unisson.com\/fr-be","logo":{"@type":"ImageObject","inLanguage":"fr-BE","@id":"https:\/\/www.laboratoires-unisson.com\/fr-be#\/schema\/logo\/image\/","url":"https:\/\/www.laboratoires-unisson.com\/wp-content\/uploads\/2022\/01\/logo-unisson.svg","contentUrl":"https:\/\/www.laboratoires-unisson.com\/wp-content\/uploads\/2022\/01\/logo-unisson.svg","width":1,"height":1,"caption":"Laboratoires Unisson"},"image":{"@id":"https:\/\/www.laboratoires-unisson.com\/fr-be#\/schema\/logo\/image\/"}}]}},"_links":{"self":[{"href":"https:\/\/www.laboratoires-unisson.com\/fr-be\/wp-json\/wp\/v2\/product\/22685","targetHints":{"allow":["GET"]}}],"collection":[{"href":"https:\/\/www.laboratoires-unisson.com\/fr-be\/wp-json\/wp\/v2\/product"}],"about":[{"href":"https:\/\/www.laboratoires-unisson.com\/fr-be\/wp-json\/wp\/v2\/types\/product"}],"wp:featuredmedia":[{"embeddable":true,"href":"https:\/\/www.laboratoires-unisson.com\/fr-be\/wp-json\/wp\/v2\/media\/21036"}],"wp:attachment":[{"href":"https:\/\/www.laboratoires-unisson.com\/fr-be\/wp-json\/wp\/v2\/media?parent=22685"}],"wp:term":[{"taxonomy":"product_brand","embeddable":true,"href":"https:\/\/www.laboratoires-unisson.com\/fr-be\/wp-json\/wp\/v2\/product_brand?post=22685"},{"taxonomy":"product_cat","embeddable":true,"href":"https:\/\/www.laboratoires-unisson.com\/fr-be\/wp-json\/wp\/v2\/product_cat?post=22685"},{"taxonomy":"product_tag","embeddable":true,"href":"https:\/\/www.laboratoires-unisson.com\/fr-be\/wp-json\/wp\/v2\/product_tag?post=22685"}],"curies":[{"name":"wp","href":"https:\/\/api.w.org\/{rel}","templated":true}]}}