{"id":22708,"date":"2023-04-06T10:15:56","date_gmt":"2023-04-06T08:15:56","guid":{"rendered":"https:\/\/www.laboratoires-unisson.com\/produit\/real-1-minirite-r"},"modified":"2025-12-03T10:06:40","modified_gmt":"2025-12-03T09:06:40","slug":"real-1-minirite-r","status":"publish","type":"product","link":"https:\/\/www.laboratoires-unisson.com\/fr-be\/produit\/appareils-auditifs\/oticon\/real-1-minirite-r","title":{"rendered":"Real 1 miniRITE R"},"content":{"rendered":"<p><span style=\"font-weight: 400;\">L\u2019appareil Oticon Real 1 miniRITE R est une aide auditive de haute qualit\u00e9 de la marque <\/span><a href=\"https:\/\/www.laboratoires-unisson.com\/fr-be\/appareils-auditifs\/marques\/oticon\"><span style=\"font-weight: 400;\">Oticon<\/span><\/a><span style=\"font-weight: 400;\"> s\u2019appuyant sur <\/span><b>la derni\u00e8re technologie Oticon More qui permet un paysage sonore \u00e0 360 degr\u00e9s<\/b><span style=\"font-weight: 400;\">. C\u2019est un <\/span><a href=\"https:\/\/www.laboratoires-unisson.com\/fr-be\/appareils-auditifs\/types\/contour-ric\"><span style=\"font-weight: 400;\">contour d\u2019oreille RIC<\/span><\/a><span style=\"font-weight: 400;\"> rechargeable adapt\u00e9 \u00e0 tous les degr\u00e9s de perte auditive.<\/span><\/p>\n<h3><span style=\"font-weight: 400;\">La gamme d\u2019aides auditives Oticon Real<\/span><\/h3>\n<p><span style=\"font-weight: 400;\">Les appareils auditifs Oticon Real sont dot\u00e9s de la nouvelle plateforme Polaris R avec la technologie RealSound.<\/span><\/p>\n<p><span style=\"font-weight: 400;\">La gamme Oticon Real est con\u00e7ue pour <\/span><b>r\u00e9duire l&#8217;effort auditif de 22 %<\/b><span style=\"font-weight: 400;\"> avec le nouveau stabilisateur SuddenSound et ainsi <\/span><b>mieux g\u00e9rer les sons du monde r\u00e9el<\/b><span style=\"font-weight: 400;\">. Elle comprend une fonction unique de suppression du vent et du bruit.\u00a0<\/span><\/p>\n<p><span style=\"font-weight: 400;\">Disponible en diff\u00e9rents coloris et 4 mod\u00e8les diff\u00e9rents :\u00a0<\/span><\/p>\n<ul>\n<li style=\"font-weight: 400;\" aria-level=\"1\"><b>miniRITE R <\/b><span style=\"font-weight: 400;\">&#8211; dispose d\u2019une batterie rechargeable, une bobine t\u00e9l\u00e9phonique, un double bouton-poussoir et une connectivit\u00e9 Bluetooth, c\u2019est un contour d\u2019oreille RIC.<\/span><\/li>\n<li style=\"font-weight: 400;\" aria-level=\"1\"><b>miniRITE T<\/b><span style=\"font-weight: 400;\"> &#8211; dispose de piles jetables 312, une bobine t\u00e9l\u00e9phonique, un double bouton-poussoir et une connectivit\u00e9 Bluetooth, c&#8217;est un contour d\u2019oreille RIC.<\/span><\/li>\n<li style=\"font-weight: 400;\" aria-level=\"1\"><b>miniBTE R<\/b><span style=\"font-weight: 400;\">\u00a0 &#8211; dispose d\u2019une batterie rechargeable, une bobine t\u00e9l\u00e9phonique, un bouton-poussoir unique et une connectivit\u00e9 Bluetooth, c\u2019est un contour d&#8217;oreille BTE. Il peut \u00eatre \u00e9quip\u00e9 d&#8217;un embout auriculaire standard ou d&#8217;un tube fin.<\/span><\/li>\n<li style=\"font-weight: 400;\" aria-level=\"1\"><b>miniBTE T<\/b><span style=\"font-weight: 400;\"> &#8211; dispose de piles jetables 312, une bobine t\u00e9l\u00e9phonique, un bouton-poussoir unique et une connectivit\u00e9 Bluetooth, c\u2019est un contour d&#8217;oreille BTE. Il peut \u00eatre \u00e9quip\u00e9 d&#8217;un embout auriculaire standard ou d&#8217;un tube fin.<\/span><\/li>\n<\/ul>\n<p><span style=\"font-weight: 400;\">Le mod\u00e8le Real 1 est \u00e9quip\u00e9 d\u2019une <\/span><b>connexion Bluetooth<\/b><span style=\"font-weight: 400;\"> possible sur les appareils iOS et Android, il est \u00e9galement compatible avec de nombreux accessoires tels que l\u2019\u00e9metteur TV, la t\u00e9l\u00e9commande ou les micros.<\/span><\/p>\n<h3><span style=\"font-weight: 400;\">Les technologies de la gamme Real d\u2019Oticon<\/span><\/h3>\n<h4><span style=\"text-decoration: underline;\"><span style=\"font-weight: 400;\">Connectivit\u00e9<\/span><\/span><\/h4>\n<p><span style=\"font-weight: 400;\">Streaming directement depuis votre smartphone iOS ou Android.<\/span><\/p>\n<h4><span style=\"text-decoration: underline;\"><span style=\"font-weight: 400;\">Micropuce Polaris R<\/span><\/span><\/h4>\n<p><span style=\"font-weight: 400;\">C\u2019est une puce intelligente qui am\u00e8ne la technologie de l&#8217;audition \u00e0 un nouveau niveau, elle a <\/span><b>un impact significatif sur la fonction technique de l&#8217;Oticon Real<\/b><span style=\"font-weight: 400;\">.<\/span><\/p>\n<h4><span style=\"text-decoration: underline;\"><span style=\"font-weight: 400;\">Deep Neural Network<\/span><\/span><\/h4>\n<p><span style=\"font-weight: 400;\">Cette technologie a \u00e9t\u00e9 confectionn\u00e9e avec plus de 12 millions de sons, <\/span><b>garantissant une \u00e9coute d\u00e9taill\u00e9e et claire<\/b><span style=\"font-weight: 400;\">. Elle dispose d&#8217;une intelligence artificielle capable de d\u00e9tecter, comprendre et prendre des d\u00e9cisions intelligentes sur les sons que vous devriez entendre.<\/span><\/p>\n<h4><span style=\"text-decoration: underline;\"><span style=\"font-weight: 400;\">MoreSound Intelligence 2.0<\/span><\/span><\/h4>\n<p><span style=\"font-weight: 400;\">Cette technologie intelligente est capable de <\/span><b>distinguer les situations d&#8217;\u00e9coute difficiles des situations d&#8217;\u00e9coute faciles<\/b><span style=\"font-weight: 400;\">. Le vent et le bruit peuvent d\u00e9sormais \u00eatre encore mieux d\u00e9tect\u00e9s et \u00e9vit\u00e9s.<\/span><\/p>\n<h4><span style=\"text-decoration: underline;\"><span style=\"font-weight: 400;\">MoreSound Amplifier 2.0<\/span><\/span><\/h4>\n<p><span style=\"font-weight: 400;\">Ce syst\u00e8me d&#8217;amplification offre une audition \u00e9quilibr\u00e9e \u00e0 contraste \u00e9lev\u00e9. Avec le SuddenSound Stabilizer,<\/span><b> les sons soudains sont d\u00e9tect\u00e9s et contr\u00f4l\u00e9s afin qu&#8217;ils soient audibles sans \u00eatre g\u00eanants<\/b><span style=\"font-weight: 400;\">.<\/span><\/p>\n<h3><span style=\"font-weight: 400;\">Caract\u00e9ristiques du mod\u00e8le<\/span><\/h3>\n<ul>\n<li style=\"font-weight: 400;\" aria-level=\"1\"><span style=\"font-weight: 400;\">64 canaux \/ 24 bandes d\u2019adaptation<\/span><\/li>\n<li style=\"font-weight: 400;\" aria-level=\"1\"><span style=\"font-weight: 400;\">Anti-larsen<\/span><\/li>\n<li style=\"font-weight: 400;\" aria-level=\"1\"><span style=\"font-weight: 400;\">Anti acouph\u00e8nes<\/span><\/li>\n<li style=\"font-weight: 400;\" aria-level=\"1\"><span style=\"font-weight: 400;\">Batterie rechargeable<\/span><\/li>\n<li style=\"font-weight: 400;\" aria-level=\"1\"><span style=\"font-weight: 400;\">Connexion Bluetooth\u00a0<\/span><\/li>\n<li style=\"font-weight: 400;\" aria-level=\"1\"><span style=\"font-weight: 400;\">Bobine \u00e0 induction T<\/span><\/li>\n<\/ul>\n","protected":false},"excerpt":{"rendered":"<p>L\u2019appareil Oticon Real 1 miniRITE R est une aide auditive de haute qualit\u00e9 de la marque Oticon s\u2019appuyant sur la derni\u00e8re technologie Oticon More qui permet un paysage sonore \u00e0 360 degr\u00e9s. C\u2019est un contour d\u2019oreille RIC rechargeable adapt\u00e9 \u00e0 tous les degr\u00e9s de perte auditive. La gamme d\u2019aides auditives Oticon Real Les appareils auditifs [&hellip;]<\/p>\n","protected":false},"featured_media":20926,"template":"","meta":{"_acf_changed":false},"product_brand":[],"product_cat":[2792],"product_tag":[],"class_list":{"0":"post-22708","1":"product","2":"type-product","3":"status-publish","4":"has-post-thumbnail","6":"product_cat-oticon-fr-be","8":"first","9":"instock","10":"taxable","11":"shipping-taxable","12":"purchasable","13":"product-type-simple"},"acf":[],"yoast_head":"<!-- This site is optimized with the Yoast SEO plugin v27.1.1 - https:\/\/yoast.com\/product\/yoast-seo-wordpress\/ -->\n<title>Appareil auditif Oticon Real 1 miniRITE R \u00e0 2100\u20ac - Unisson Belgique<\/title>\n<meta name=\"description\" content=\"Besoin d&#039;un appareil auditif performant ? D\u00e9couvrez l&#039;Oticon Real 1 miniRITE R. Am\u00e9liorez votre audition d\u00e8s aujourd&#039;hui avec cette aide auditive avanc\u00e9e.\" \/>\n<meta name=\"robots\" content=\"index, follow, max-snippet:-1, max-image-preview:large, max-video-preview:-1\" \/>\n<link rel=\"canonical\" href=\"https:\/\/www.laboratoires-unisson.com\/fr-be\/wp-json\/wp\/v2\/product\/22708\" \/>\n<meta property=\"og:locale\" content=\"fr_FR\" \/>\n<meta property=\"og:type\" content=\"article\" \/>\n<meta property=\"og:title\" content=\"Appareil auditif Oticon Real 1 miniRITE R 2100\u20ac - Unisson\" \/>\n<meta property=\"og:description\" content=\"Besoin d&#039;un appareil auditif performant ? D\u00e9couvrez l&#039;Oticon Real 1 miniRITE R. Am\u00e9liorez votre audition d\u00e8s aujourd&#039;hui avec cette aide auditive avanc\u00e9e.\" \/>\n<meta property=\"og:url\" content=\"https:\/\/www.laboratoires-unisson.com\/fr-be\/produit\/appareils-auditifs\/oticon\/real-1-minirite-r\" \/>\n<meta property=\"og:site_name\" content=\"Laboratoires Unisson\" \/>\n<meta property=\"article:modified_time\" content=\"2025-12-03T09:06:40+00:00\" \/>\n<meta property=\"og:image\" content=\"https:\/\/www.laboratoires-unisson.com\/wp-content\/uploads\/2023\/04\/oticon-real-1-minirite-r.png\" \/>\n\t<meta property=\"og:image:width\" content=\"472\" \/>\n\t<meta property=\"og:image:height\" content=\"365\" \/>\n\t<meta property=\"og:image:type\" content=\"image\/png\" \/>\n<meta name=\"twitter:card\" content=\"summary_large_image\" \/>\n<meta name=\"twitter:label1\" content=\"Est. reading time\" \/>\n\t<meta name=\"twitter:data1\" content=\"3 minutes\" \/>\n<script type=\"application\/ld+json\" class=\"yoast-schema-graph\">{\"@context\":\"https:\/\/schema.org\",\"@graph\":[{\"@type\":\"WebPage\",\"@id\":\"https:\/\/www.laboratoires-unisson.com\/fr-be\/produit\/appareils-auditifs\/oticon\/real-1-minirite-r\",\"url\":\"https:\/\/www.laboratoires-unisson.com\/fr-be\/produit\/appareils-auditifs\/oticon\/real-1-minirite-r\",\"name\":\"Appareil auditif Oticon Real 1 miniRITE R 2100\u20ac - Unisson\",\"isPartOf\":{\"@id\":\"https:\/\/www.laboratoires-unisson.com\/fr-be#website\"},\"primaryImageOfPage\":{\"@id\":\"https:\/\/www.laboratoires-unisson.com\/fr-be\/produit\/appareils-auditifs\/oticon\/real-1-minirite-r#primaryimage\"},\"image\":{\"@id\":\"https:\/\/www.laboratoires-unisson.com\/fr-be\/produit\/appareils-auditifs\/oticon\/real-1-minirite-r#primaryimage\"},\"thumbnailUrl\":\"https:\/\/www.laboratoires-unisson.com\/wp-content\/uploads\/2023\/04\/oticon-real-1-minirite-r.png\",\"datePublished\":\"2023-04-06T08:15:56+00:00\",\"dateModified\":\"2025-12-03T09:06:40+00:00\",\"description\":\"Besoin d'un appareil auditif performant ? D\u00e9couvrez l'Oticon Real 1 miniRITE R. Am\u00e9liorez votre audition d\u00e8s aujourd'hui avec cette aide auditive avanc\u00e9e.\",\"breadcrumb\":{\"@id\":\"https:\/\/www.laboratoires-unisson.com\/fr-be\/produit\/appareils-auditifs\/oticon\/real-1-minirite-r#breadcrumb\"},\"inLanguage\":\"fr-BE\",\"potentialAction\":[{\"@type\":\"ReadAction\",\"target\":[\"https:\/\/www.laboratoires-unisson.com\/fr-be\/produit\/appareils-auditifs\/oticon\/real-1-minirite-r\"]}]},{\"@type\":\"ImageObject\",\"inLanguage\":\"fr-BE\",\"@id\":\"https:\/\/www.laboratoires-unisson.com\/fr-be\/produit\/appareils-auditifs\/oticon\/real-1-minirite-r#primaryimage\",\"url\":\"https:\/\/www.laboratoires-unisson.com\/wp-content\/uploads\/2023\/04\/oticon-real-1-minirite-r.png\",\"contentUrl\":\"https:\/\/www.laboratoires-unisson.com\/wp-content\/uploads\/2023\/04\/oticon-real-1-minirite-r.png\",\"width\":472,\"height\":365},{\"@type\":\"BreadcrumbList\",\"@id\":\"https:\/\/www.laboratoires-unisson.com\/fr-be\/produit\/appareils-auditifs\/oticon\/real-1-minirite-r#breadcrumb\",\"itemListElement\":[{\"@type\":\"ListItem\",\"position\":1,\"name\":\"Shop\",\"item\":\"https:\/\/www.laboratoires-unisson.com\/fr-be\/shop\"},{\"@type\":\"ListItem\",\"position\":2,\"name\":\"Real 1 miniRITE R\"}]},{\"@type\":\"WebSite\",\"@id\":\"https:\/\/www.laboratoires-unisson.com\/fr-be#website\",\"url\":\"https:\/\/www.laboratoires-unisson.com\/fr-be\",\"name\":\"Laboratoires Unisson\",\"description\":\"Appareil auditif et proth\u00e8se auditive Moins Cher jusqu&#039;\u00e0 -40%\",\"publisher\":{\"@id\":\"https:\/\/www.laboratoires-unisson.com\/fr-be#organization\"},\"potentialAction\":[{\"@type\":\"SearchAction\",\"target\":{\"@type\":\"EntryPoint\",\"urlTemplate\":\"https:\/\/www.laboratoires-unisson.com\/fr-be?s={search_term_string}\"},\"query-input\":{\"@type\":\"PropertyValueSpecification\",\"valueRequired\":true,\"valueName\":\"search_term_string\"}}],\"inLanguage\":\"fr-BE\"},{\"@type\":\"Organization\",\"@id\":\"https:\/\/www.laboratoires-unisson.com\/fr-be#organization\",\"name\":\"Laboratoires Unisson\",\"url\":\"https:\/\/www.laboratoires-unisson.com\/fr-be\",\"logo\":{\"@type\":\"ImageObject\",\"inLanguage\":\"fr-BE\",\"@id\":\"https:\/\/www.laboratoires-unisson.com\/fr-be#\/schema\/logo\/image\/\",\"url\":\"https:\/\/www.laboratoires-unisson.com\/wp-content\/uploads\/2022\/01\/logo-unisson.svg\",\"contentUrl\":\"https:\/\/www.laboratoires-unisson.com\/wp-content\/uploads\/2022\/01\/logo-unisson.svg\",\"width\":1,\"height\":1,\"caption\":\"Laboratoires Unisson\"},\"image\":{\"@id\":\"https:\/\/www.laboratoires-unisson.com\/fr-be#\/schema\/logo\/image\/\"}}]}<\/script>\n<!-- \/ Yoast SEO plugin. -->","yoast_head_json":{"title":"Appareil auditif Oticon Real 1 miniRITE R \u00e0 2100\u20ac - Unisson Belgique","description":"Besoin d'un appareil auditif performant ? D\u00e9couvrez l'Oticon Real 1 miniRITE R. Am\u00e9liorez votre audition d\u00e8s aujourd'hui avec cette aide auditive avanc\u00e9e.","robots":{"index":"index","follow":"follow","max-snippet":"max-snippet:-1","max-image-preview":"max-image-preview:large","max-video-preview":"max-video-preview:-1"},"canonical":"https:\/\/www.laboratoires-unisson.com\/fr-be\/wp-json\/wp\/v2\/product\/22708","og_locale":"fr_FR","og_type":"article","og_title":"Appareil auditif Oticon Real 1 miniRITE R 2100\u20ac - Unisson","og_description":"Besoin d'un appareil auditif performant ? D\u00e9couvrez l'Oticon Real 1 miniRITE R. Am\u00e9liorez votre audition d\u00e8s aujourd'hui avec cette aide auditive avanc\u00e9e.","og_url":"https:\/\/www.laboratoires-unisson.com\/fr-be\/produit\/appareils-auditifs\/oticon\/real-1-minirite-r","og_site_name":"Laboratoires Unisson","article_modified_time":"2025-12-03T09:06:40+00:00","og_image":[{"width":472,"height":365,"url":"https:\/\/www.laboratoires-unisson.com\/wp-content\/uploads\/2023\/04\/oticon-real-1-minirite-r.png","type":"image\/png"}],"twitter_card":"summary_large_image","twitter_misc":{"Est. reading time":"3 minutes"},"schema":{"@context":"https:\/\/schema.org","@graph":[{"@type":"WebPage","@id":"https:\/\/www.laboratoires-unisson.com\/fr-be\/produit\/appareils-auditifs\/oticon\/real-1-minirite-r","url":"https:\/\/www.laboratoires-unisson.com\/fr-be\/produit\/appareils-auditifs\/oticon\/real-1-minirite-r","name":"Appareil auditif Oticon Real 1 miniRITE R 2100\u20ac - Unisson","isPartOf":{"@id":"https:\/\/www.laboratoires-unisson.com\/fr-be#website"},"primaryImageOfPage":{"@id":"https:\/\/www.laboratoires-unisson.com\/fr-be\/produit\/appareils-auditifs\/oticon\/real-1-minirite-r#primaryimage"},"image":{"@id":"https:\/\/www.laboratoires-unisson.com\/fr-be\/produit\/appareils-auditifs\/oticon\/real-1-minirite-r#primaryimage"},"thumbnailUrl":"https:\/\/www.laboratoires-unisson.com\/wp-content\/uploads\/2023\/04\/oticon-real-1-minirite-r.png","datePublished":"2023-04-06T08:15:56+00:00","dateModified":"2025-12-03T09:06:40+00:00","description":"Besoin d'un appareil auditif performant ? D\u00e9couvrez l'Oticon Real 1 miniRITE R. Am\u00e9liorez votre audition d\u00e8s aujourd'hui avec cette aide auditive avanc\u00e9e.","breadcrumb":{"@id":"https:\/\/www.laboratoires-unisson.com\/fr-be\/produit\/appareils-auditifs\/oticon\/real-1-minirite-r#breadcrumb"},"inLanguage":"fr-BE","potentialAction":[{"@type":"ReadAction","target":["https:\/\/www.laboratoires-unisson.com\/fr-be\/produit\/appareils-auditifs\/oticon\/real-1-minirite-r"]}]},{"@type":"ImageObject","inLanguage":"fr-BE","@id":"https:\/\/www.laboratoires-unisson.com\/fr-be\/produit\/appareils-auditifs\/oticon\/real-1-minirite-r#primaryimage","url":"https:\/\/www.laboratoires-unisson.com\/wp-content\/uploads\/2023\/04\/oticon-real-1-minirite-r.png","contentUrl":"https:\/\/www.laboratoires-unisson.com\/wp-content\/uploads\/2023\/04\/oticon-real-1-minirite-r.png","width":472,"height":365},{"@type":"BreadcrumbList","@id":"https:\/\/www.laboratoires-unisson.com\/fr-be\/produit\/appareils-auditifs\/oticon\/real-1-minirite-r#breadcrumb","itemListElement":[{"@type":"ListItem","position":1,"name":"Shop","item":"https:\/\/www.laboratoires-unisson.com\/fr-be\/shop"},{"@type":"ListItem","position":2,"name":"Real 1 miniRITE R"}]},{"@type":"WebSite","@id":"https:\/\/www.laboratoires-unisson.com\/fr-be#website","url":"https:\/\/www.laboratoires-unisson.com\/fr-be","name":"Laboratoires Unisson","description":"Appareil auditif et proth\u00e8se auditive Moins Cher jusqu&#039;\u00e0 -40%","publisher":{"@id":"https:\/\/www.laboratoires-unisson.com\/fr-be#organization"},"potentialAction":[{"@type":"SearchAction","target":{"@type":"EntryPoint","urlTemplate":"https:\/\/www.laboratoires-unisson.com\/fr-be?s={search_term_string}"},"query-input":{"@type":"PropertyValueSpecification","valueRequired":true,"valueName":"search_term_string"}}],"inLanguage":"fr-BE"},{"@type":"Organization","@id":"https:\/\/www.laboratoires-unisson.com\/fr-be#organization","name":"Laboratoires Unisson","url":"https:\/\/www.laboratoires-unisson.com\/fr-be","logo":{"@type":"ImageObject","inLanguage":"fr-BE","@id":"https:\/\/www.laboratoires-unisson.com\/fr-be#\/schema\/logo\/image\/","url":"https:\/\/www.laboratoires-unisson.com\/wp-content\/uploads\/2022\/01\/logo-unisson.svg","contentUrl":"https:\/\/www.laboratoires-unisson.com\/wp-content\/uploads\/2022\/01\/logo-unisson.svg","width":1,"height":1,"caption":"Laboratoires Unisson"},"image":{"@id":"https:\/\/www.laboratoires-unisson.com\/fr-be#\/schema\/logo\/image\/"}}]}},"_links":{"self":[{"href":"https:\/\/www.laboratoires-unisson.com\/fr-be\/wp-json\/wp\/v2\/product\/22708","targetHints":{"allow":["GET"]}}],"collection":[{"href":"https:\/\/www.laboratoires-unisson.com\/fr-be\/wp-json\/wp\/v2\/product"}],"about":[{"href":"https:\/\/www.laboratoires-unisson.com\/fr-be\/wp-json\/wp\/v2\/types\/product"}],"wp:featuredmedia":[{"embeddable":true,"href":"https:\/\/www.laboratoires-unisson.com\/fr-be\/wp-json\/wp\/v2\/media\/20926"}],"wp:attachment":[{"href":"https:\/\/www.laboratoires-unisson.com\/fr-be\/wp-json\/wp\/v2\/media?parent=22708"}],"wp:term":[{"taxonomy":"product_brand","embeddable":true,"href":"https:\/\/www.laboratoires-unisson.com\/fr-be\/wp-json\/wp\/v2\/product_brand?post=22708"},{"taxonomy":"product_cat","embeddable":true,"href":"https:\/\/www.laboratoires-unisson.com\/fr-be\/wp-json\/wp\/v2\/product_cat?post=22708"},{"taxonomy":"product_tag","embeddable":true,"href":"https:\/\/www.laboratoires-unisson.com\/fr-be\/wp-json\/wp\/v2\/product_tag?post=22708"}],"curies":[{"name":"wp","href":"https:\/\/api.w.org\/{rel}","templated":true}]}}