{"id":22709,"date":"2023-04-05T16:59:46","date_gmt":"2023-04-05T14:59:46","guid":{"rendered":"https:\/\/www.laboratoires-unisson.com\/produit\/hearlink-9040-minirite-t-r"},"modified":"2025-12-03T10:06:40","modified_gmt":"2025-12-03T09:06:40","slug":"hearlink-9040-minirite-t-r","status":"publish","type":"product","link":"https:\/\/www.laboratoires-unisson.com\/fr-be\/produit\/appareils-auditifs\/philips\/hearlink-9040-minirite-t-r","title":{"rendered":"HearLink 9040 miniRITE T R"},"content":{"rendered":"<p><span style=\"font-weight: 400;\">L\u2019appareil Philips HearLink 9040 est un dispositif auditif de haute qualit\u00e9 de marque <a href=\"https:\/\/www.laboratoires-unisson.com\/fr-be\/appareils-auditifs\/marques\/philips\">Philips<\/a> \u00e9quip\u00e9 de la <strong>derni\u00e8re technologie de pointe en mati\u00e8re de r\u00e9duction de bruit<\/strong>. C\u2019est un <a href=\"https:\/\/www.laboratoires-unisson.com\/fr-be\/appareils-auditifs\/types\/contour-ric\">contour d\u2019oreille RIC<\/a> rechargeable avec une bobine \u00e0 induction. Il est adapt\u00e9 pour des malentendants ayant une perte auditive l\u00e9g\u00e8re \u00e0 s\u00e9v\u00e8re.<\/span><\/p>\n<h3><span style=\"font-weight: 400;\">La gamme d\u2019aides auditives Philips HearLink 40<\/span><\/h3>\n<p><span style=\"font-weight: 400;\">Les appareils auditifs HearLink 40 sont dot\u00e9s d\u2019une <strong>intelligence artificielle am\u00e9lior\u00e9e<\/strong>, qui permet une <strong>meilleure r\u00e9duction du bruit<\/strong> et une <strong>meilleure compr\u00e9hension de la parole<\/strong>.<\/span><\/p>\n<p><span style=\"font-weight: 400;\">La gamme HearLink 40 comprend quatre mod\u00e8les diff\u00e9rents : miniRITE T R, miniRITE R, miniBTE T R et miniBTE R, disponibles dans diff\u00e9rentes combinaisons de couleurs. Les quatre mod\u00e8les se d\u00e9clinent en trois niveaux de performance : Philips HearLink 9040, 7040 et 5040.<\/span><\/p>\n<p>Le mod\u00e8le HearLink 9040 est \u00e9quip\u00e9 d&#8217;une <strong>connexion Bluetooth<\/strong> possible sur les appareils iOS et Android via le protocole ASHA. De plus, il est compatible avec de nombreux accessoires tels que l&#8217;\u00e9metteur TV, la t\u00e9l\u00e9commande ou les micros.<\/p>\n<p>Il dispose d&#8217;une <strong>batterie \u00e0 lithium ion<\/strong> qui offre une charge rapide pour une journ\u00e9e compl\u00e8te d&#8217;utilisation. Philips a \u00e9galement sorti un nouveau chargeur : Chargeur Plus, qui fournit 3 charges compl\u00e8tes.<\/p>\n<h3><span style=\"font-weight: 400;\">Les technologies de la gamme Hearlink 40 de Philips<\/span><\/h3>\n<h4><span style=\"text-decoration: underline;\"><span style=\"font-weight: 400;\">SoundMap 2 Plus<\/span><\/span><\/h4>\n<p><span style=\"font-weight: 400;\">Cette technologie est con\u00e7ue pour rendre la <strong>parole plus claire dans les environnements bruyants<\/strong>. Elle est coupl\u00e9e \u00e0 la technologie Sound Protect, qui permet de d\u00e9tecter des sons parasites, tels que le bruit du vent, les bruits de manipulation et les bruits transitoires.<\/span><\/p>\n<h4><span style=\"text-decoration: underline;\"><span style=\"font-weight: 400;\">SounTie 2<\/span><\/span><\/h4>\n<p><span style=\"font-weight: 400;\">Cette technologie utilise la nouvelle g\u00e9n\u00e9ration de <strong>technologie Bluetooth Low Energy<\/strong> pour offrir aux utilisateurs une diffusion de leur musique, films et leurs t\u00e9l\u00e9phones (Iphone, Android) directement sur leurs appareils auditifs.<\/span><\/p>\n<h4><span style=\"text-decoration: underline;\"><span style=\"font-weight: 400;\">Sound Tunnels<\/span><\/span><\/h4>\n<p><span style=\"font-weight: 400;\">L&#8217;un des d\u00f4mes les plus intelligents qui <strong>am\u00e9liore la qualit\u00e9 sonore<\/strong> et <strong>r\u00e9duit le risque de larsen<\/strong>.<\/span><\/p>\n<h4><span style=\"text-decoration: underline;\"><span style=\"font-weight: 400;\">Connectivit\u00e9<\/span><\/span><\/h4>\n<p><span style=\"font-weight: 400;\">Les options de connectivit\u00e9 ont \u00e9t\u00e9 am\u00e9lior\u00e9es, offrant ainsi un <strong>streaming direct<\/strong> depuis des appareils iOS et Android.<\/span><\/p>\n<h3><span style=\"font-weight: 400;\">Caract\u00e9ristiques du mod\u00e8le<\/span><\/h3>\n<ul>\n<li aria-level=\"1\">24 canaux \/ 24 bandes d&#8217;adaptation<\/li>\n<li style=\"font-weight: 400;\" aria-level=\"1\"><span style=\"font-weight: 400;\">Certification IP68<\/span><\/li>\n<li style=\"font-weight: 400;\" aria-level=\"1\"><span style=\"font-weight: 400;\">Application mobile HearLink 2<\/span><\/li>\n<li aria-level=\"1\">Anti larsen<\/li>\n<li aria-level=\"1\">Anti acouph\u00e8nes<\/li>\n<li aria-level=\"1\">Bobine \u00e0 induction<\/li>\n<li aria-level=\"1\">Batterie rechargeable<\/li>\n<li aria-level=\"1\">Connexion Bluetooth<\/li>\n<li aria-level=\"1\">SoundProtect pour une meilleur gestion des bruits parasites<\/li>\n<\/ul>\n<p>&nbsp;<\/p>\n","protected":false},"excerpt":{"rendered":"<p>L\u2019appareil Philips HearLink 9040 est un dispositif auditif de haute qualit\u00e9 de marque Philips \u00e9quip\u00e9 de la derni\u00e8re technologie de pointe en mati\u00e8re de r\u00e9duction de bruit. C\u2019est un contour d\u2019oreille RIC rechargeable avec une bobine \u00e0 induction. Il est adapt\u00e9 pour des malentendants ayant une perte auditive l\u00e9g\u00e8re \u00e0 s\u00e9v\u00e8re. La gamme d\u2019aides auditives [&hellip;]<\/p>\n","protected":false},"featured_media":20923,"template":"","meta":{"_acf_changed":false},"product_brand":[],"product_cat":[3095],"product_tag":[],"class_list":{"0":"post-22709","1":"product","2":"type-product","3":"status-publish","4":"has-post-thumbnail","6":"product_cat-philips-fr-be","8":"first","9":"instock","10":"taxable","11":"shipping-taxable","12":"purchasable","13":"product-type-simple"},"acf":[],"yoast_head":"<!-- This site is optimized with the Yoast SEO plugin v27.1.1 - https:\/\/yoast.com\/product\/yoast-seo-wordpress\/ -->\n<title>Appareil auditif Philips HearLink 9040 miniRITE T R \u00e0 2100\u20ac - Unisson Belgique<\/title>\n<meta name=\"description\" content=\"L\u2019appareil Philips HearLink 9040 est un dispositif auditif de haute qualit\u00e9 de marque Philips \u00e9quip\u00e9 de la derni\u00e8re technologie de pointe en mati\u00e8re de\" \/>\n<meta name=\"robots\" content=\"index, follow, max-snippet:-1, max-image-preview:large, max-video-preview:-1\" \/>\n<link rel=\"canonical\" href=\"https:\/\/www.laboratoires-unisson.com\/fr-be\/wp-json\/wp\/v2\/product\/22709\" \/>\n<meta property=\"og:locale\" content=\"fr_FR\" \/>\n<meta property=\"og:type\" content=\"article\" \/>\n<meta property=\"og:title\" content=\"HearLink 9040 miniRITE T R - Laboratoires Unisson\" \/>\n<meta property=\"og:description\" content=\"L\u2019appareil Philips HearLink 9040 est un dispositif auditif de haute qualit\u00e9 de marque Philips \u00e9quip\u00e9 de la derni\u00e8re technologie de pointe en mati\u00e8re de\" \/>\n<meta property=\"og:url\" content=\"https:\/\/www.laboratoires-unisson.com\/fr-be\/produit\/appareils-auditifs\/philips\/hearlink-9040-minirite-t-r\" \/>\n<meta property=\"og:site_name\" content=\"Laboratoires Unisson\" \/>\n<meta property=\"article:modified_time\" content=\"2025-12-03T09:06:40+00:00\" \/>\n<meta property=\"og:image\" content=\"https:\/\/www.laboratoires-unisson.com\/wp-content\/uploads\/2023\/04\/philips-hearlink-9040.jpg\" \/>\n\t<meta property=\"og:image:width\" content=\"530\" \/>\n\t<meta property=\"og:image:height\" content=\"508\" \/>\n\t<meta property=\"og:image:type\" content=\"image\/jpeg\" \/>\n<meta name=\"twitter:card\" content=\"summary_large_image\" \/>\n<meta name=\"twitter:label1\" content=\"Est. reading time\" \/>\n\t<meta name=\"twitter:data1\" content=\"3 minutes\" \/>\n<script type=\"application\/ld+json\" class=\"yoast-schema-graph\">{\"@context\":\"https:\/\/schema.org\",\"@graph\":[{\"@type\":\"WebPage\",\"@id\":\"https:\/\/www.laboratoires-unisson.com\/fr-be\/produit\/appareils-auditifs\/philips\/hearlink-9040-minirite-t-r\",\"url\":\"https:\/\/www.laboratoires-unisson.com\/fr-be\/produit\/appareils-auditifs\/philips\/hearlink-9040-minirite-t-r\",\"name\":\"HearLink 9040 miniRITE T R - Laboratoires Unisson\",\"isPartOf\":{\"@id\":\"https:\/\/www.laboratoires-unisson.com\/fr-be#website\"},\"primaryImageOfPage\":{\"@id\":\"https:\/\/www.laboratoires-unisson.com\/fr-be\/produit\/appareils-auditifs\/philips\/hearlink-9040-minirite-t-r#primaryimage\"},\"image\":{\"@id\":\"https:\/\/www.laboratoires-unisson.com\/fr-be\/produit\/appareils-auditifs\/philips\/hearlink-9040-minirite-t-r#primaryimage\"},\"thumbnailUrl\":\"https:\/\/www.laboratoires-unisson.com\/wp-content\/uploads\/2023\/04\/philips-hearlink-9040.jpg\",\"datePublished\":\"2023-04-05T14:59:46+00:00\",\"dateModified\":\"2025-12-03T09:06:40+00:00\",\"description\":\"L\u2019appareil Philips HearLink 9040 est un dispositif auditif de haute qualit\u00e9 de marque Philips \u00e9quip\u00e9 de la derni\u00e8re technologie de pointe en mati\u00e8re de\",\"breadcrumb\":{\"@id\":\"https:\/\/www.laboratoires-unisson.com\/fr-be\/produit\/appareils-auditifs\/philips\/hearlink-9040-minirite-t-r#breadcrumb\"},\"inLanguage\":\"fr-BE\",\"potentialAction\":[{\"@type\":\"ReadAction\",\"target\":[\"https:\/\/www.laboratoires-unisson.com\/fr-be\/produit\/appareils-auditifs\/philips\/hearlink-9040-minirite-t-r\"]}]},{\"@type\":\"ImageObject\",\"inLanguage\":\"fr-BE\",\"@id\":\"https:\/\/www.laboratoires-unisson.com\/fr-be\/produit\/appareils-auditifs\/philips\/hearlink-9040-minirite-t-r#primaryimage\",\"url\":\"https:\/\/www.laboratoires-unisson.com\/wp-content\/uploads\/2023\/04\/philips-hearlink-9040.jpg\",\"contentUrl\":\"https:\/\/www.laboratoires-unisson.com\/wp-content\/uploads\/2023\/04\/philips-hearlink-9040.jpg\",\"width\":530,\"height\":508},{\"@type\":\"BreadcrumbList\",\"@id\":\"https:\/\/www.laboratoires-unisson.com\/fr-be\/produit\/appareils-auditifs\/philips\/hearlink-9040-minirite-t-r#breadcrumb\",\"itemListElement\":[{\"@type\":\"ListItem\",\"position\":1,\"name\":\"Shop\",\"item\":\"https:\/\/www.laboratoires-unisson.com\/fr-be\/shop\"},{\"@type\":\"ListItem\",\"position\":2,\"name\":\"HearLink 9040 miniRITE T R\"}]},{\"@type\":\"WebSite\",\"@id\":\"https:\/\/www.laboratoires-unisson.com\/fr-be#website\",\"url\":\"https:\/\/www.laboratoires-unisson.com\/fr-be\",\"name\":\"Laboratoires Unisson\",\"description\":\"Appareil auditif et proth\u00e8se auditive Moins Cher jusqu&#039;\u00e0 -40%\",\"publisher\":{\"@id\":\"https:\/\/www.laboratoires-unisson.com\/fr-be#organization\"},\"potentialAction\":[{\"@type\":\"SearchAction\",\"target\":{\"@type\":\"EntryPoint\",\"urlTemplate\":\"https:\/\/www.laboratoires-unisson.com\/fr-be?s={search_term_string}\"},\"query-input\":{\"@type\":\"PropertyValueSpecification\",\"valueRequired\":true,\"valueName\":\"search_term_string\"}}],\"inLanguage\":\"fr-BE\"},{\"@type\":\"Organization\",\"@id\":\"https:\/\/www.laboratoires-unisson.com\/fr-be#organization\",\"name\":\"Laboratoires Unisson\",\"url\":\"https:\/\/www.laboratoires-unisson.com\/fr-be\",\"logo\":{\"@type\":\"ImageObject\",\"inLanguage\":\"fr-BE\",\"@id\":\"https:\/\/www.laboratoires-unisson.com\/fr-be#\/schema\/logo\/image\/\",\"url\":\"https:\/\/www.laboratoires-unisson.com\/wp-content\/uploads\/2022\/01\/logo-unisson.svg\",\"contentUrl\":\"https:\/\/www.laboratoires-unisson.com\/wp-content\/uploads\/2022\/01\/logo-unisson.svg\",\"width\":1,\"height\":1,\"caption\":\"Laboratoires Unisson\"},\"image\":{\"@id\":\"https:\/\/www.laboratoires-unisson.com\/fr-be#\/schema\/logo\/image\/\"}}]}<\/script>\n<!-- \/ Yoast SEO plugin. -->","yoast_head_json":{"title":"Appareil auditif Philips HearLink 9040 miniRITE T R \u00e0 2100\u20ac - Unisson Belgique","description":"L\u2019appareil Philips HearLink 9040 est un dispositif auditif de haute qualit\u00e9 de marque Philips \u00e9quip\u00e9 de la derni\u00e8re technologie de pointe en mati\u00e8re de","robots":{"index":"index","follow":"follow","max-snippet":"max-snippet:-1","max-image-preview":"max-image-preview:large","max-video-preview":"max-video-preview:-1"},"canonical":"https:\/\/www.laboratoires-unisson.com\/fr-be\/wp-json\/wp\/v2\/product\/22709","og_locale":"fr_FR","og_type":"article","og_title":"HearLink 9040 miniRITE T R - Laboratoires Unisson","og_description":"L\u2019appareil Philips HearLink 9040 est un dispositif auditif de haute qualit\u00e9 de marque Philips \u00e9quip\u00e9 de la derni\u00e8re technologie de pointe en mati\u00e8re de","og_url":"https:\/\/www.laboratoires-unisson.com\/fr-be\/produit\/appareils-auditifs\/philips\/hearlink-9040-minirite-t-r","og_site_name":"Laboratoires Unisson","article_modified_time":"2025-12-03T09:06:40+00:00","og_image":[{"width":530,"height":508,"url":"https:\/\/www.laboratoires-unisson.com\/wp-content\/uploads\/2023\/04\/philips-hearlink-9040.jpg","type":"image\/jpeg"}],"twitter_card":"summary_large_image","twitter_misc":{"Est. reading time":"3 minutes"},"schema":{"@context":"https:\/\/schema.org","@graph":[{"@type":"WebPage","@id":"https:\/\/www.laboratoires-unisson.com\/fr-be\/produit\/appareils-auditifs\/philips\/hearlink-9040-minirite-t-r","url":"https:\/\/www.laboratoires-unisson.com\/fr-be\/produit\/appareils-auditifs\/philips\/hearlink-9040-minirite-t-r","name":"HearLink 9040 miniRITE T R - Laboratoires Unisson","isPartOf":{"@id":"https:\/\/www.laboratoires-unisson.com\/fr-be#website"},"primaryImageOfPage":{"@id":"https:\/\/www.laboratoires-unisson.com\/fr-be\/produit\/appareils-auditifs\/philips\/hearlink-9040-minirite-t-r#primaryimage"},"image":{"@id":"https:\/\/www.laboratoires-unisson.com\/fr-be\/produit\/appareils-auditifs\/philips\/hearlink-9040-minirite-t-r#primaryimage"},"thumbnailUrl":"https:\/\/www.laboratoires-unisson.com\/wp-content\/uploads\/2023\/04\/philips-hearlink-9040.jpg","datePublished":"2023-04-05T14:59:46+00:00","dateModified":"2025-12-03T09:06:40+00:00","description":"L\u2019appareil Philips HearLink 9040 est un dispositif auditif de haute qualit\u00e9 de marque Philips \u00e9quip\u00e9 de la derni\u00e8re technologie de pointe en mati\u00e8re de","breadcrumb":{"@id":"https:\/\/www.laboratoires-unisson.com\/fr-be\/produit\/appareils-auditifs\/philips\/hearlink-9040-minirite-t-r#breadcrumb"},"inLanguage":"fr-BE","potentialAction":[{"@type":"ReadAction","target":["https:\/\/www.laboratoires-unisson.com\/fr-be\/produit\/appareils-auditifs\/philips\/hearlink-9040-minirite-t-r"]}]},{"@type":"ImageObject","inLanguage":"fr-BE","@id":"https:\/\/www.laboratoires-unisson.com\/fr-be\/produit\/appareils-auditifs\/philips\/hearlink-9040-minirite-t-r#primaryimage","url":"https:\/\/www.laboratoires-unisson.com\/wp-content\/uploads\/2023\/04\/philips-hearlink-9040.jpg","contentUrl":"https:\/\/www.laboratoires-unisson.com\/wp-content\/uploads\/2023\/04\/philips-hearlink-9040.jpg","width":530,"height":508},{"@type":"BreadcrumbList","@id":"https:\/\/www.laboratoires-unisson.com\/fr-be\/produit\/appareils-auditifs\/philips\/hearlink-9040-minirite-t-r#breadcrumb","itemListElement":[{"@type":"ListItem","position":1,"name":"Shop","item":"https:\/\/www.laboratoires-unisson.com\/fr-be\/shop"},{"@type":"ListItem","position":2,"name":"HearLink 9040 miniRITE T R"}]},{"@type":"WebSite","@id":"https:\/\/www.laboratoires-unisson.com\/fr-be#website","url":"https:\/\/www.laboratoires-unisson.com\/fr-be","name":"Laboratoires Unisson","description":"Appareil auditif et proth\u00e8se auditive Moins Cher jusqu&#039;\u00e0 -40%","publisher":{"@id":"https:\/\/www.laboratoires-unisson.com\/fr-be#organization"},"potentialAction":[{"@type":"SearchAction","target":{"@type":"EntryPoint","urlTemplate":"https:\/\/www.laboratoires-unisson.com\/fr-be?s={search_term_string}"},"query-input":{"@type":"PropertyValueSpecification","valueRequired":true,"valueName":"search_term_string"}}],"inLanguage":"fr-BE"},{"@type":"Organization","@id":"https:\/\/www.laboratoires-unisson.com\/fr-be#organization","name":"Laboratoires Unisson","url":"https:\/\/www.laboratoires-unisson.com\/fr-be","logo":{"@type":"ImageObject","inLanguage":"fr-BE","@id":"https:\/\/www.laboratoires-unisson.com\/fr-be#\/schema\/logo\/image\/","url":"https:\/\/www.laboratoires-unisson.com\/wp-content\/uploads\/2022\/01\/logo-unisson.svg","contentUrl":"https:\/\/www.laboratoires-unisson.com\/wp-content\/uploads\/2022\/01\/logo-unisson.svg","width":1,"height":1,"caption":"Laboratoires Unisson"},"image":{"@id":"https:\/\/www.laboratoires-unisson.com\/fr-be#\/schema\/logo\/image\/"}}]}},"_links":{"self":[{"href":"https:\/\/www.laboratoires-unisson.com\/fr-be\/wp-json\/wp\/v2\/product\/22709","targetHints":{"allow":["GET"]}}],"collection":[{"href":"https:\/\/www.laboratoires-unisson.com\/fr-be\/wp-json\/wp\/v2\/product"}],"about":[{"href":"https:\/\/www.laboratoires-unisson.com\/fr-be\/wp-json\/wp\/v2\/types\/product"}],"wp:featuredmedia":[{"embeddable":true,"href":"https:\/\/www.laboratoires-unisson.com\/fr-be\/wp-json\/wp\/v2\/media\/20923"}],"wp:attachment":[{"href":"https:\/\/www.laboratoires-unisson.com\/fr-be\/wp-json\/wp\/v2\/media?parent=22709"}],"wp:term":[{"taxonomy":"product_brand","embeddable":true,"href":"https:\/\/www.laboratoires-unisson.com\/fr-be\/wp-json\/wp\/v2\/product_brand?post=22709"},{"taxonomy":"product_cat","embeddable":true,"href":"https:\/\/www.laboratoires-unisson.com\/fr-be\/wp-json\/wp\/v2\/product_cat?post=22709"},{"taxonomy":"product_tag","embeddable":true,"href":"https:\/\/www.laboratoires-unisson.com\/fr-be\/wp-json\/wp\/v2\/product_tag?post=22709"}],"curies":[{"name":"wp","href":"https:\/\/api.w.org\/{rel}","templated":true}]}}