{"id":22717,"date":"2023-03-15T17:29:15","date_gmt":"2023-03-15T16:29:15","guid":{"rendered":"https:\/\/www.laboratoires-unisson.com\/produit\/omnia-minirie-ru960-drwc"},"modified":"2025-12-03T10:06:43","modified_gmt":"2025-12-03T09:06:43","slug":"omnia-minirie-ru960-drwc","status":"publish","type":"product","link":"https:\/\/www.laboratoires-unisson.com\/fr-be\/produit\/appareils-auditifs\/resound\/omnia-minirie-ru960-drwc","title":{"rendered":"Omnia MiniRIE RU960 DRWC"},"content":{"rendered":"<p><span style=\"font-weight: 400;\">L&#8217;appareil Resound Omnia MiniRIE RU960 DRWC est un dispositif audioproth\u00e9tique avanc\u00e9 RIC \u00e0 \u00e9couteur d\u00e9port\u00e9 qui offre une alimentation en lithium-ion rechargeable. Il est adapt\u00e9 \u00e0 tous les degr\u00e9s de perte auditive.<\/span><\/p>\n<h3><span style=\"font-weight: 400;\">La gamme d\u2019aides auditives ReSound Omnia<\/span><\/h3>\n<p><span style=\"font-weight: 400;\">Les nouveaux appareils auditifs Omnia de <\/span><a href=\"https:\/\/www.laboratoires-unisson.com\/fr-be\/appareils-auditifs\/marques\/resound\"><span style=\"font-weight: 400;\">Resound<\/span><\/a><span style=\"font-weight: 400;\"> sont les plus petits rechargeables du march\u00e9. Avec une grande vari\u00e9t\u00e9 de fonctionnalit\u00e9s communes \u00e0 la gamme One, telles que leur connectivit\u00e9 Bluetooth et la fonction de recharge, ils offrent de nouvelles fonctionnalit\u00e9s de pointe et une qualit\u00e9 de son exceptionnelle.<\/span><\/p>\n<p><span style=\"font-weight: 400;\">Les mod\u00e8les Omnia MiniRIE de Resound sont exclusivement rechargeables. Tout comme leur pr\u00e9d\u00e9cesseur, les nouveaux mod\u00e8les sont dot\u00e9s d&#8217;un microphone suppl\u00e9mentaire int\u00e9gr\u00e9 \u00e0 l&#8217;oreille, offrant une qualit\u00e9 sonore optimale..\u00a0<\/span><\/p>\n<p><span style=\"font-weight: 400;\">Ainsi, la gamme Omnia se concentre sur une meilleure compr\u00e9hension de la parole dans les environnements bruyants, avec une am\u00e9lioration de 150 % de la compr\u00e9hension orale par rapport aux anciennes aides auditives ReSound.<\/span><\/p>\n<h3><span style=\"font-weight: 400;\">Les technologies de la gamme Omnia de Resound<\/span><\/h3>\n<h4><span style=\"font-weight: 400;\">Rechargeable<\/span><\/h4>\n<p><span style=\"font-weight: 400;\">Le mod\u00e8le Resound Omnia MiniRIE RU960 DRWC est rechargeable, ce qui signifie que vous n&#8217;avez pas besoin de changer de pile. Avec une seule charge, il offre jusqu&#8217;\u00e0 30 heures d&#8217;autonomie.<\/span><\/p>\n<h4><span style=\"font-weight: 400;\">Directivit\u00e9 360\u00b0<\/span><\/h4>\n<p><span style=\"font-weight: 400;\">Gr\u00e2ce \u00e0 son nouveau syst\u00e8me de microphone directionnel am\u00e9lior\u00e9, cette fonctionnalit\u00e9 va ajuster automatiquement la directivit\u00e9 des microphones pour r\u00e9duire l&#8217;effort d&#8217;\u00e9coute dans les situations bruyantes. Il dispose \u00e9galement des fonctions Ultra Focus et Front Focus, qui r\u00e9duisent le bruit ambiant pour rendre la parole aussi claire que possible.<\/span><\/p>\n<h4><span style=\"font-weight: 400;\">Connectivit\u00e9<\/span><\/h4>\n<p><span style=\"font-weight: 400;\">Gr\u00e2ce \u00e0 la <\/span><a href=\"https:\/\/www.laboratoires-unisson.com\/fr-be\/appareils-auditifs\/options\/bluetooth\"><span style=\"font-weight: 400;\">connectivit\u00e9 Bluetooth<\/span><\/a><span style=\"font-weight: 400;\">, vous pouvez connecter vos appareils auditifs ReSound Omnia \u00e0 votre t\u00e9l\u00e9viseur ou votre t\u00e9l\u00e9phone (compatible avec Apple et Android) pour un son clair et directement transmis dans vos appareils auditifs. Il est \u00e9galement compatible avec l&#8217;application mobile ReSound Smart 3D, qui vous permet de personnaliser les r\u00e9glages de votre appareil auditif pour une exp\u00e9rience d&#8217;\u00e9coute optimale.\u00a0<\/span><\/p>\n<h3><span style=\"font-weight: 400;\">Caract\u00e9ristiques du mod\u00e8le<\/span><\/h3>\n<ul>\n<li style=\"font-weight: 400;\" aria-level=\"1\"><span style=\"font-weight: 400;\">20 canaux de r\u00e9glages<\/span><\/li>\n<li style=\"font-weight: 400;\" aria-level=\"1\"><span style=\"font-weight: 400;\">Bouton poussoir<\/span><\/li>\n<li style=\"font-weight: 400;\" aria-level=\"1\"><span style=\"font-weight: 400;\">Certification IP68<\/span><\/li>\n<li style=\"font-weight: 400;\" aria-level=\"1\"><span style=\"font-weight: 400;\">Connexion Bluetooth<\/span><\/li>\n<li style=\"font-weight: 400;\" aria-level=\"1\"><span style=\"font-weight: 400;\">Rechargeable<\/span><\/li>\n<li style=\"font-weight: 400;\" aria-level=\"1\"><span style=\"font-weight: 400;\">R\u00e9ducteur de bruit<\/span><\/li>\n<li style=\"font-weight: 400;\" aria-level=\"1\"><span style=\"font-weight: 400;\">R\u00e9ducteur de vent<\/span><\/li>\n<li style=\"font-weight: 400;\" aria-level=\"1\"><span style=\"font-weight: 400;\">Anti larsen<\/span><\/li>\n<li style=\"font-weight: 400;\" aria-level=\"1\"><span style=\"font-weight: 400;\">Application mobile ReSound Smart 3D<\/span><\/li>\n<\/ul>\n<p><span style=\"font-weight: 400;\">La gamme Omnia dispose d\u2019accessoires pouvant vous accompagner dans votre exp\u00e9rience auditive :<\/span><\/p>\n<ul>\n<li style=\"font-weight: 400;\" aria-level=\"1\"><span style=\"font-weight: 400;\">TV Streamer,<\/span><\/li>\n<li style=\"font-weight: 400;\" aria-level=\"1\"><span style=\"font-weight: 400;\">T\u00e9l\u00e9commandes,<\/span><\/li>\n<li style=\"font-weight: 400;\" aria-level=\"1\"><span style=\"font-weight: 400;\">Microphones \u00e0 distance,<\/span><\/li>\n<\/ul>\n","protected":false},"excerpt":{"rendered":"<p>L&#8217;appareil Resound Omnia MiniRIE RU960 DRWC est un dispositif audioproth\u00e9tique avanc\u00e9 RIC \u00e0 \u00e9couteur d\u00e9port\u00e9 qui offre une alimentation en lithium-ion rechargeable. Il est adapt\u00e9 \u00e0 tous les degr\u00e9s de perte auditive. La gamme d\u2019aides auditives ReSound Omnia Les nouveaux appareils auditifs Omnia de Resound sont les plus petits rechargeables du march\u00e9. Avec une grande [&hellip;]<\/p>\n","protected":false},"featured_media":20902,"template":"","meta":{"_acf_changed":false},"product_brand":[],"product_cat":[2684,2685],"product_tag":[],"class_list":{"0":"post-22717","1":"product","2":"type-product","3":"status-publish","4":"has-post-thumbnail","6":"product_cat-offre-premium-fr-be","7":"product_cat-resound-fr-be","9":"first","10":"instock","11":"taxable","12":"shipping-taxable","13":"purchasable","14":"product-type-simple"},"acf":[],"yoast_head":"<!-- This site is optimized with the Yoast SEO plugin v27.1.1 - https:\/\/yoast.com\/product\/yoast-seo-wordpress\/ -->\n<title>Appareil auditif Resound Omnia MiniRIE RU960 DRWC \u00e0 2100\u20ac - Unisson Belgique<\/title>\n<meta name=\"description\" content=\"L&#039;appareil Resound Omnia MiniRIE RU960 DRWC est un dispositif audioproth\u00e9tique avanc\u00e9 RIC \u00e0 \u00e9couteur d\u00e9port\u00e9 qui offre une alimentation en lithium-ion\" \/>\n<meta name=\"robots\" content=\"index, follow, max-snippet:-1, max-image-preview:large, max-video-preview:-1\" \/>\n<link rel=\"canonical\" href=\"https:\/\/www.laboratoires-unisson.com\/fr-be\/wp-json\/wp\/v2\/product\/22717\" \/>\n<meta property=\"og:locale\" content=\"fr_FR\" \/>\n<meta property=\"og:type\" content=\"article\" \/>\n<meta property=\"og:title\" content=\"Omnia MiniRIE RU960 DRWC - Laboratoires Unisson\" \/>\n<meta property=\"og:description\" content=\"L&#039;appareil Resound Omnia MiniRIE RU960 DRWC est un dispositif audioproth\u00e9tique avanc\u00e9 RIC \u00e0 \u00e9couteur d\u00e9port\u00e9 qui offre une alimentation en lithium-ion\" \/>\n<meta property=\"og:url\" content=\"https:\/\/www.laboratoires-unisson.com\/fr-be\/produit\/appareils-auditifs\/resound\/omnia-minirie-ru960-drwc\" \/>\n<meta property=\"og:site_name\" content=\"Laboratoires Unisson\" \/>\n<meta property=\"article:modified_time\" content=\"2025-12-03T09:06:43+00:00\" \/>\n<meta property=\"og:image\" content=\"https:\/\/www.laboratoires-unisson.com\/wp-content\/uploads\/2023\/03\/ReSound-Omnia-MiniRIE-960-DRWC.jpg\" \/>\n\t<meta property=\"og:image:width\" content=\"542\" \/>\n\t<meta property=\"og:image:height\" content=\"381\" \/>\n\t<meta property=\"og:image:type\" content=\"image\/jpeg\" \/>\n<meta name=\"twitter:card\" content=\"summary_large_image\" \/>\n<meta name=\"twitter:label1\" content=\"Est. reading time\" \/>\n\t<meta name=\"twitter:data1\" content=\"2 minutes\" \/>\n<script type=\"application\/ld+json\" class=\"yoast-schema-graph\">{\"@context\":\"https:\/\/schema.org\",\"@graph\":[{\"@type\":\"WebPage\",\"@id\":\"https:\/\/www.laboratoires-unisson.com\/fr-be\/produit\/appareils-auditifs\/resound\/omnia-minirie-ru960-drwc\",\"url\":\"https:\/\/www.laboratoires-unisson.com\/fr-be\/produit\/appareils-auditifs\/resound\/omnia-minirie-ru960-drwc\",\"name\":\"Omnia MiniRIE RU960 DRWC - Laboratoires Unisson\",\"isPartOf\":{\"@id\":\"https:\/\/www.laboratoires-unisson.com\/fr-be#website\"},\"primaryImageOfPage\":{\"@id\":\"https:\/\/www.laboratoires-unisson.com\/fr-be\/produit\/appareils-auditifs\/resound\/omnia-minirie-ru960-drwc#primaryimage\"},\"image\":{\"@id\":\"https:\/\/www.laboratoires-unisson.com\/fr-be\/produit\/appareils-auditifs\/resound\/omnia-minirie-ru960-drwc#primaryimage\"},\"thumbnailUrl\":\"https:\/\/www.laboratoires-unisson.com\/wp-content\/uploads\/2023\/03\/ReSound-Omnia-MiniRIE-960-DRWC.jpg\",\"datePublished\":\"2023-03-15T16:29:15+00:00\",\"dateModified\":\"2025-12-03T09:06:43+00:00\",\"description\":\"L'appareil Resound Omnia MiniRIE RU960 DRWC est un dispositif audioproth\u00e9tique avanc\u00e9 RIC \u00e0 \u00e9couteur d\u00e9port\u00e9 qui offre une alimentation en lithium-ion\",\"breadcrumb\":{\"@id\":\"https:\/\/www.laboratoires-unisson.com\/fr-be\/produit\/appareils-auditifs\/resound\/omnia-minirie-ru960-drwc#breadcrumb\"},\"inLanguage\":\"fr-BE\",\"potentialAction\":[{\"@type\":\"ReadAction\",\"target\":[\"https:\/\/www.laboratoires-unisson.com\/fr-be\/produit\/appareils-auditifs\/resound\/omnia-minirie-ru960-drwc\"]}]},{\"@type\":\"ImageObject\",\"inLanguage\":\"fr-BE\",\"@id\":\"https:\/\/www.laboratoires-unisson.com\/fr-be\/produit\/appareils-auditifs\/resound\/omnia-minirie-ru960-drwc#primaryimage\",\"url\":\"https:\/\/www.laboratoires-unisson.com\/wp-content\/uploads\/2023\/03\/ReSound-Omnia-MiniRIE-960-DRWC.jpg\",\"contentUrl\":\"https:\/\/www.laboratoires-unisson.com\/wp-content\/uploads\/2023\/03\/ReSound-Omnia-MiniRIE-960-DRWC.jpg\",\"width\":542,\"height\":381},{\"@type\":\"BreadcrumbList\",\"@id\":\"https:\/\/www.laboratoires-unisson.com\/fr-be\/produit\/appareils-auditifs\/resound\/omnia-minirie-ru960-drwc#breadcrumb\",\"itemListElement\":[{\"@type\":\"ListItem\",\"position\":1,\"name\":\"Shop\",\"item\":\"https:\/\/www.laboratoires-unisson.com\/fr-be\/shop\"},{\"@type\":\"ListItem\",\"position\":2,\"name\":\"Omnia MiniRIE RU960 DRWC\"}]},{\"@type\":\"WebSite\",\"@id\":\"https:\/\/www.laboratoires-unisson.com\/fr-be#website\",\"url\":\"https:\/\/www.laboratoires-unisson.com\/fr-be\",\"name\":\"Laboratoires Unisson\",\"description\":\"Appareil auditif et proth\u00e8se auditive Moins Cher jusqu&#039;\u00e0 -40%\",\"publisher\":{\"@id\":\"https:\/\/www.laboratoires-unisson.com\/fr-be#organization\"},\"potentialAction\":[{\"@type\":\"SearchAction\",\"target\":{\"@type\":\"EntryPoint\",\"urlTemplate\":\"https:\/\/www.laboratoires-unisson.com\/fr-be?s={search_term_string}\"},\"query-input\":{\"@type\":\"PropertyValueSpecification\",\"valueRequired\":true,\"valueName\":\"search_term_string\"}}],\"inLanguage\":\"fr-BE\"},{\"@type\":\"Organization\",\"@id\":\"https:\/\/www.laboratoires-unisson.com\/fr-be#organization\",\"name\":\"Laboratoires Unisson\",\"url\":\"https:\/\/www.laboratoires-unisson.com\/fr-be\",\"logo\":{\"@type\":\"ImageObject\",\"inLanguage\":\"fr-BE\",\"@id\":\"https:\/\/www.laboratoires-unisson.com\/fr-be#\/schema\/logo\/image\/\",\"url\":\"https:\/\/www.laboratoires-unisson.com\/wp-content\/uploads\/2022\/01\/logo-unisson.svg\",\"contentUrl\":\"https:\/\/www.laboratoires-unisson.com\/wp-content\/uploads\/2022\/01\/logo-unisson.svg\",\"width\":1,\"height\":1,\"caption\":\"Laboratoires Unisson\"},\"image\":{\"@id\":\"https:\/\/www.laboratoires-unisson.com\/fr-be#\/schema\/logo\/image\/\"}}]}<\/script>\n<!-- \/ Yoast SEO plugin. -->","yoast_head_json":{"title":"Appareil auditif Resound Omnia MiniRIE RU960 DRWC \u00e0 2100\u20ac - Unisson Belgique","description":"L'appareil Resound Omnia MiniRIE RU960 DRWC est un dispositif audioproth\u00e9tique avanc\u00e9 RIC \u00e0 \u00e9couteur d\u00e9port\u00e9 qui offre une alimentation en lithium-ion","robots":{"index":"index","follow":"follow","max-snippet":"max-snippet:-1","max-image-preview":"max-image-preview:large","max-video-preview":"max-video-preview:-1"},"canonical":"https:\/\/www.laboratoires-unisson.com\/fr-be\/wp-json\/wp\/v2\/product\/22717","og_locale":"fr_FR","og_type":"article","og_title":"Omnia MiniRIE RU960 DRWC - Laboratoires Unisson","og_description":"L'appareil Resound Omnia MiniRIE RU960 DRWC est un dispositif audioproth\u00e9tique avanc\u00e9 RIC \u00e0 \u00e9couteur d\u00e9port\u00e9 qui offre une alimentation en lithium-ion","og_url":"https:\/\/www.laboratoires-unisson.com\/fr-be\/produit\/appareils-auditifs\/resound\/omnia-minirie-ru960-drwc","og_site_name":"Laboratoires Unisson","article_modified_time":"2025-12-03T09:06:43+00:00","og_image":[{"width":542,"height":381,"url":"https:\/\/www.laboratoires-unisson.com\/wp-content\/uploads\/2023\/03\/ReSound-Omnia-MiniRIE-960-DRWC.jpg","type":"image\/jpeg"}],"twitter_card":"summary_large_image","twitter_misc":{"Est. reading time":"2 minutes"},"schema":{"@context":"https:\/\/schema.org","@graph":[{"@type":"WebPage","@id":"https:\/\/www.laboratoires-unisson.com\/fr-be\/produit\/appareils-auditifs\/resound\/omnia-minirie-ru960-drwc","url":"https:\/\/www.laboratoires-unisson.com\/fr-be\/produit\/appareils-auditifs\/resound\/omnia-minirie-ru960-drwc","name":"Omnia MiniRIE RU960 DRWC - Laboratoires Unisson","isPartOf":{"@id":"https:\/\/www.laboratoires-unisson.com\/fr-be#website"},"primaryImageOfPage":{"@id":"https:\/\/www.laboratoires-unisson.com\/fr-be\/produit\/appareils-auditifs\/resound\/omnia-minirie-ru960-drwc#primaryimage"},"image":{"@id":"https:\/\/www.laboratoires-unisson.com\/fr-be\/produit\/appareils-auditifs\/resound\/omnia-minirie-ru960-drwc#primaryimage"},"thumbnailUrl":"https:\/\/www.laboratoires-unisson.com\/wp-content\/uploads\/2023\/03\/ReSound-Omnia-MiniRIE-960-DRWC.jpg","datePublished":"2023-03-15T16:29:15+00:00","dateModified":"2025-12-03T09:06:43+00:00","description":"L'appareil Resound Omnia MiniRIE RU960 DRWC est un dispositif audioproth\u00e9tique avanc\u00e9 RIC \u00e0 \u00e9couteur d\u00e9port\u00e9 qui offre une alimentation en lithium-ion","breadcrumb":{"@id":"https:\/\/www.laboratoires-unisson.com\/fr-be\/produit\/appareils-auditifs\/resound\/omnia-minirie-ru960-drwc#breadcrumb"},"inLanguage":"fr-BE","potentialAction":[{"@type":"ReadAction","target":["https:\/\/www.laboratoires-unisson.com\/fr-be\/produit\/appareils-auditifs\/resound\/omnia-minirie-ru960-drwc"]}]},{"@type":"ImageObject","inLanguage":"fr-BE","@id":"https:\/\/www.laboratoires-unisson.com\/fr-be\/produit\/appareils-auditifs\/resound\/omnia-minirie-ru960-drwc#primaryimage","url":"https:\/\/www.laboratoires-unisson.com\/wp-content\/uploads\/2023\/03\/ReSound-Omnia-MiniRIE-960-DRWC.jpg","contentUrl":"https:\/\/www.laboratoires-unisson.com\/wp-content\/uploads\/2023\/03\/ReSound-Omnia-MiniRIE-960-DRWC.jpg","width":542,"height":381},{"@type":"BreadcrumbList","@id":"https:\/\/www.laboratoires-unisson.com\/fr-be\/produit\/appareils-auditifs\/resound\/omnia-minirie-ru960-drwc#breadcrumb","itemListElement":[{"@type":"ListItem","position":1,"name":"Shop","item":"https:\/\/www.laboratoires-unisson.com\/fr-be\/shop"},{"@type":"ListItem","position":2,"name":"Omnia MiniRIE RU960 DRWC"}]},{"@type":"WebSite","@id":"https:\/\/www.laboratoires-unisson.com\/fr-be#website","url":"https:\/\/www.laboratoires-unisson.com\/fr-be","name":"Laboratoires Unisson","description":"Appareil auditif et proth\u00e8se auditive Moins Cher jusqu&#039;\u00e0 -40%","publisher":{"@id":"https:\/\/www.laboratoires-unisson.com\/fr-be#organization"},"potentialAction":[{"@type":"SearchAction","target":{"@type":"EntryPoint","urlTemplate":"https:\/\/www.laboratoires-unisson.com\/fr-be?s={search_term_string}"},"query-input":{"@type":"PropertyValueSpecification","valueRequired":true,"valueName":"search_term_string"}}],"inLanguage":"fr-BE"},{"@type":"Organization","@id":"https:\/\/www.laboratoires-unisson.com\/fr-be#organization","name":"Laboratoires Unisson","url":"https:\/\/www.laboratoires-unisson.com\/fr-be","logo":{"@type":"ImageObject","inLanguage":"fr-BE","@id":"https:\/\/www.laboratoires-unisson.com\/fr-be#\/schema\/logo\/image\/","url":"https:\/\/www.laboratoires-unisson.com\/wp-content\/uploads\/2022\/01\/logo-unisson.svg","contentUrl":"https:\/\/www.laboratoires-unisson.com\/wp-content\/uploads\/2022\/01\/logo-unisson.svg","width":1,"height":1,"caption":"Laboratoires Unisson"},"image":{"@id":"https:\/\/www.laboratoires-unisson.com\/fr-be#\/schema\/logo\/image\/"}}]}},"_links":{"self":[{"href":"https:\/\/www.laboratoires-unisson.com\/fr-be\/wp-json\/wp\/v2\/product\/22717","targetHints":{"allow":["GET"]}}],"collection":[{"href":"https:\/\/www.laboratoires-unisson.com\/fr-be\/wp-json\/wp\/v2\/product"}],"about":[{"href":"https:\/\/www.laboratoires-unisson.com\/fr-be\/wp-json\/wp\/v2\/types\/product"}],"wp:featuredmedia":[{"embeddable":true,"href":"https:\/\/www.laboratoires-unisson.com\/fr-be\/wp-json\/wp\/v2\/media\/20902"}],"wp:attachment":[{"href":"https:\/\/www.laboratoires-unisson.com\/fr-be\/wp-json\/wp\/v2\/media?parent=22717"}],"wp:term":[{"taxonomy":"product_brand","embeddable":true,"href":"https:\/\/www.laboratoires-unisson.com\/fr-be\/wp-json\/wp\/v2\/product_brand?post=22717"},{"taxonomy":"product_cat","embeddable":true,"href":"https:\/\/www.laboratoires-unisson.com\/fr-be\/wp-json\/wp\/v2\/product_cat?post=22717"},{"taxonomy":"product_tag","embeddable":true,"href":"https:\/\/www.laboratoires-unisson.com\/fr-be\/wp-json\/wp\/v2\/product_tag?post=22717"}],"curies":[{"name":"wp","href":"https:\/\/api.w.org\/{rel}","templated":true}]}}