{"id":22858,"date":"2022-10-03T15:42:13","date_gmt":"2022-10-03T13:42:13","guid":{"rendered":"https:\/\/www.laboratoires-unisson.com\/produit\/moment-sheer-220-sric-r-d"},"modified":"2025-12-03T10:06:51","modified_gmt":"2025-12-03T09:06:51","slug":"moment-sheer-220-sric-r-d","status":"publish","type":"product","link":"https:\/\/www.laboratoires-unisson.com\/fr-be\/produit\/appareils-auditifs\/widex\/moment-sheer-220-sric-r-d","title":{"rendered":"Moment Sheer 220 sRIC R D"},"content":{"rendered":"<p><span style=\"font-weight: 400;\">L\u2019appareil auditif Widex Moment Sheer 220 sRIC R D est un mod\u00e8le de type <strong>contour d\u2019oreille \u00e0 \u00e9couteur d\u00e9port\u00e9<\/strong> proposant un son plus pur et plus naturel que l\u2019ancienne g\u00e9n\u00e9ration Moment 220 mRIC R.<\/span><\/p>\n<p><span style=\"font-weight: 400;\">Il s\u2019agit d\u2019une <strong><a href=\"https:\/\/www.laboratoires-unisson.com\/fr-be\/appareils-auditifs\">aide auditive<\/a> discr\u00e8te<\/strong> &#8211; avec un design encore plus que le pr\u00e9c\u00e9dent mod\u00e8le &#8211; dot\u00e9e d\u2019une <strong>batterie rechargeable lithium-ion<\/strong>. Vous b\u00e9n\u00e9ficierez d\u2019une autonomie moyenne de 30h en une seule charge. Un bouton poussoir et une certification \u00e9tanch\u00e9it\u00e9 IP68 \u00e9quipent cette proth\u00e8se.<\/span><\/p>\n<p><span style=\"font-weight: 400;\">Les technologies PureSound et ZeroDelay de <a href=\"https:\/\/www.laboratoires-unisson.com\/fr-be\/appareils-auditifs\/marques\/widex\">Widex<\/a> ont \u00e9t\u00e9 revues afin de vous offrir un <strong>son encore plus naturel<\/strong> qu\u2019avant. Vous n\u2019aurez plus l\u2019impression de porter des aides auditives.<\/span><\/p>\n<p><span style=\"font-weight: 400;\">Une <strong>connexion Bluetooth<\/strong> \u00e9quipe ce mod\u00e8le pour un streaming direct sur les smartphones Android et iOS. Plusieurs <strong>accessoires sans-fil<\/strong> sont compatibles avec l\u2019aide auditive Moment Sheer 220 sRIC R :<\/span><\/p>\n<ul>\n<li style=\"font-weight: 400;\" aria-level=\"1\"><span style=\"font-weight: 400;\">TV Play,\u00a0<\/span><\/li>\n<li style=\"font-weight: 400;\" aria-level=\"1\"><span style=\"font-weight: 400;\">RC-DEX;<\/span><\/li>\n<li style=\"font-weight: 400;\" aria-level=\"1\"><span style=\"font-weight: 400;\">TV-DEX<\/span><\/li>\n<\/ul>\n<p><span style=\"font-weight: 400;\">Ce mod\u00e8le est le moins performant de la famille Sheer. En effet, il ne poss\u00e8de que 10 canaux de r\u00e9glages et n\u2019inclut pas le meilleur traitement de son. Concr\u00e8tement, par rapport au mod\u00e8le haut de gamme Moment Sheer 440 sRIC R D, vous allez perdre 3 fonctionnalit\u00e9s cl\u00e9s : SmartWind Manager (pas d\u2019ajustement automatique de vos aides auditives face au bruit du vent), High Frequency Boost (pas de plage dynamique \u00e9tendue) et l&#8217;algorithme Speech Enhancer (pas de mise en \u00e9vidence de la parole amplifi\u00e9e).<\/span><\/p>\n","protected":false},"excerpt":{"rendered":"<p>L\u2019appareil auditif Widex Moment Sheer 220 sRIC R D est un mod\u00e8le de type contour d\u2019oreille \u00e0 \u00e9couteur d\u00e9port\u00e9 proposant un son plus pur et plus naturel que l\u2019ancienne g\u00e9n\u00e9ration Moment 220 mRIC R. Il s\u2019agit d\u2019une aide auditive discr\u00e8te &#8211; avec un design encore plus que le pr\u00e9c\u00e9dent mod\u00e8le &#8211; dot\u00e9e d\u2019une batterie rechargeable [&hellip;]<\/p>\n","protected":false},"featured_media":20430,"template":"","meta":{"_acf_changed":false},"product_brand":[],"product_cat":[2729],"product_tag":[],"class_list":{"0":"post-22858","1":"product","2":"type-product","3":"status-publish","4":"has-post-thumbnail","6":"product_cat-widex-fr-be","8":"first","9":"instock","10":"taxable","11":"shipping-taxable","12":"purchasable","13":"product-type-simple"},"acf":[],"yoast_head":"<!-- This site is optimized with the Yoast SEO plugin v27.1.1 - https:\/\/yoast.com\/product\/yoast-seo-wordpress\/ -->\n<title>Appareil auditif Widex Moment Sheer 220 sRIC R D \u00e0 1650\u20ac - Unisson Belgique<\/title>\n<meta name=\"description\" content=\"Profitez d&#039;une exp\u00e9rience sonore exceptionnelle avec le Widex Moment Sheer 220 sRIC R D. Disponible chez Unisson \u00e0 un prix comp\u00e9titif.\" \/>\n<meta name=\"robots\" content=\"index, follow, max-snippet:-1, max-image-preview:large, max-video-preview:-1\" \/>\n<link rel=\"canonical\" href=\"https:\/\/www.laboratoires-unisson.com\/fr-be\/wp-json\/wp\/v2\/product\/22858\" \/>\n<meta property=\"og:locale\" content=\"fr_FR\" \/>\n<meta property=\"og:type\" content=\"article\" \/>\n<meta property=\"og:title\" content=\"Moment Sheer 220 sRIC R D - Laboratoires Unisson\" \/>\n<meta property=\"og:description\" content=\"Profitez d&#039;une exp\u00e9rience sonore exceptionnelle avec le Widex Moment Sheer 220 sRIC R D. Disponible chez Unisson \u00e0 un prix comp\u00e9titif.\" \/>\n<meta property=\"og:url\" content=\"https:\/\/www.laboratoires-unisson.com\/fr-be\/produit\/appareils-auditifs\/widex\/moment-sheer-220-sric-r-d\" \/>\n<meta property=\"og:site_name\" content=\"Laboratoires Unisson\" \/>\n<meta property=\"article:modified_time\" content=\"2025-12-03T09:06:51+00:00\" \/>\n<meta property=\"og:image\" content=\"https:\/\/www.laboratoires-unisson.com\/wp-content\/uploads\/2022\/10\/moment-sheer-220-sric-r-d-2-1.jpg\" \/>\n\t<meta property=\"og:image:width\" content=\"509\" \/>\n\t<meta property=\"og:image:height\" content=\"413\" \/>\n\t<meta property=\"og:image:type\" content=\"image\/jpeg\" \/>\n<meta name=\"twitter:card\" content=\"summary_large_image\" \/>\n<meta name=\"twitter:label1\" content=\"Est. reading time\" \/>\n\t<meta name=\"twitter:data1\" content=\"2 minutes\" \/>\n<script type=\"application\/ld+json\" class=\"yoast-schema-graph\">{\"@context\":\"https:\/\/schema.org\",\"@graph\":[{\"@type\":\"WebPage\",\"@id\":\"https:\/\/www.laboratoires-unisson.com\/fr-be\/produit\/appareils-auditifs\/widex\/moment-sheer-220-sric-r-d\",\"url\":\"https:\/\/www.laboratoires-unisson.com\/fr-be\/produit\/appareils-auditifs\/widex\/moment-sheer-220-sric-r-d\",\"name\":\"Moment Sheer 220 sRIC R D - Laboratoires Unisson\",\"isPartOf\":{\"@id\":\"https:\/\/www.laboratoires-unisson.com\/fr-be#website\"},\"primaryImageOfPage\":{\"@id\":\"https:\/\/www.laboratoires-unisson.com\/fr-be\/produit\/appareils-auditifs\/widex\/moment-sheer-220-sric-r-d#primaryimage\"},\"image\":{\"@id\":\"https:\/\/www.laboratoires-unisson.com\/fr-be\/produit\/appareils-auditifs\/widex\/moment-sheer-220-sric-r-d#primaryimage\"},\"thumbnailUrl\":\"https:\/\/www.laboratoires-unisson.com\/wp-content\/uploads\/2022\/10\/moment-sheer-220-sric-r-d-2-1.jpg\",\"datePublished\":\"2022-10-03T13:42:13+00:00\",\"dateModified\":\"2025-12-03T09:06:51+00:00\",\"description\":\"Profitez d'une exp\u00e9rience sonore exceptionnelle avec le Widex Moment Sheer 220 sRIC R D. Disponible chez Unisson \u00e0 un prix comp\u00e9titif.\",\"breadcrumb\":{\"@id\":\"https:\/\/www.laboratoires-unisson.com\/fr-be\/produit\/appareils-auditifs\/widex\/moment-sheer-220-sric-r-d#breadcrumb\"},\"inLanguage\":\"fr-BE\",\"potentialAction\":[{\"@type\":\"ReadAction\",\"target\":[\"https:\/\/www.laboratoires-unisson.com\/fr-be\/produit\/appareils-auditifs\/widex\/moment-sheer-220-sric-r-d\"]}]},{\"@type\":\"ImageObject\",\"inLanguage\":\"fr-BE\",\"@id\":\"https:\/\/www.laboratoires-unisson.com\/fr-be\/produit\/appareils-auditifs\/widex\/moment-sheer-220-sric-r-d#primaryimage\",\"url\":\"https:\/\/www.laboratoires-unisson.com\/wp-content\/uploads\/2022\/10\/moment-sheer-220-sric-r-d-2-1.jpg\",\"contentUrl\":\"https:\/\/www.laboratoires-unisson.com\/wp-content\/uploads\/2022\/10\/moment-sheer-220-sric-r-d-2-1.jpg\",\"width\":509,\"height\":413},{\"@type\":\"BreadcrumbList\",\"@id\":\"https:\/\/www.laboratoires-unisson.com\/fr-be\/produit\/appareils-auditifs\/widex\/moment-sheer-220-sric-r-d#breadcrumb\",\"itemListElement\":[{\"@type\":\"ListItem\",\"position\":1,\"name\":\"Shop\",\"item\":\"https:\/\/www.laboratoires-unisson.com\/fr-be\/shop\"},{\"@type\":\"ListItem\",\"position\":2,\"name\":\"Moment Sheer 220 sRIC R D\"}]},{\"@type\":\"WebSite\",\"@id\":\"https:\/\/www.laboratoires-unisson.com\/fr-be#website\",\"url\":\"https:\/\/www.laboratoires-unisson.com\/fr-be\",\"name\":\"Laboratoires Unisson\",\"description\":\"Appareil auditif et proth\u00e8se auditive Moins Cher jusqu&#039;\u00e0 -40%\",\"publisher\":{\"@id\":\"https:\/\/www.laboratoires-unisson.com\/fr-be#organization\"},\"potentialAction\":[{\"@type\":\"SearchAction\",\"target\":{\"@type\":\"EntryPoint\",\"urlTemplate\":\"https:\/\/www.laboratoires-unisson.com\/fr-be?s={search_term_string}\"},\"query-input\":{\"@type\":\"PropertyValueSpecification\",\"valueRequired\":true,\"valueName\":\"search_term_string\"}}],\"inLanguage\":\"fr-BE\"},{\"@type\":\"Organization\",\"@id\":\"https:\/\/www.laboratoires-unisson.com\/fr-be#organization\",\"name\":\"Laboratoires Unisson\",\"url\":\"https:\/\/www.laboratoires-unisson.com\/fr-be\",\"logo\":{\"@type\":\"ImageObject\",\"inLanguage\":\"fr-BE\",\"@id\":\"https:\/\/www.laboratoires-unisson.com\/fr-be#\/schema\/logo\/image\/\",\"url\":\"https:\/\/www.laboratoires-unisson.com\/wp-content\/uploads\/2022\/01\/logo-unisson.svg\",\"contentUrl\":\"https:\/\/www.laboratoires-unisson.com\/wp-content\/uploads\/2022\/01\/logo-unisson.svg\",\"width\":1,\"height\":1,\"caption\":\"Laboratoires Unisson\"},\"image\":{\"@id\":\"https:\/\/www.laboratoires-unisson.com\/fr-be#\/schema\/logo\/image\/\"}}]}<\/script>\n<!-- \/ Yoast SEO plugin. -->","yoast_head_json":{"title":"Appareil auditif Widex Moment Sheer 220 sRIC R D \u00e0 1650\u20ac - Unisson Belgique","description":"Profitez d'une exp\u00e9rience sonore exceptionnelle avec le Widex Moment Sheer 220 sRIC R D. Disponible chez Unisson \u00e0 un prix comp\u00e9titif.","robots":{"index":"index","follow":"follow","max-snippet":"max-snippet:-1","max-image-preview":"max-image-preview:large","max-video-preview":"max-video-preview:-1"},"canonical":"https:\/\/www.laboratoires-unisson.com\/fr-be\/wp-json\/wp\/v2\/product\/22858","og_locale":"fr_FR","og_type":"article","og_title":"Moment Sheer 220 sRIC R D - Laboratoires Unisson","og_description":"Profitez d'une exp\u00e9rience sonore exceptionnelle avec le Widex Moment Sheer 220 sRIC R D. Disponible chez Unisson \u00e0 un prix comp\u00e9titif.","og_url":"https:\/\/www.laboratoires-unisson.com\/fr-be\/produit\/appareils-auditifs\/widex\/moment-sheer-220-sric-r-d","og_site_name":"Laboratoires Unisson","article_modified_time":"2025-12-03T09:06:51+00:00","og_image":[{"width":509,"height":413,"url":"https:\/\/www.laboratoires-unisson.com\/wp-content\/uploads\/2022\/10\/moment-sheer-220-sric-r-d-2-1.jpg","type":"image\/jpeg"}],"twitter_card":"summary_large_image","twitter_misc":{"Est. reading time":"2 minutes"},"schema":{"@context":"https:\/\/schema.org","@graph":[{"@type":"WebPage","@id":"https:\/\/www.laboratoires-unisson.com\/fr-be\/produit\/appareils-auditifs\/widex\/moment-sheer-220-sric-r-d","url":"https:\/\/www.laboratoires-unisson.com\/fr-be\/produit\/appareils-auditifs\/widex\/moment-sheer-220-sric-r-d","name":"Moment Sheer 220 sRIC R D - Laboratoires Unisson","isPartOf":{"@id":"https:\/\/www.laboratoires-unisson.com\/fr-be#website"},"primaryImageOfPage":{"@id":"https:\/\/www.laboratoires-unisson.com\/fr-be\/produit\/appareils-auditifs\/widex\/moment-sheer-220-sric-r-d#primaryimage"},"image":{"@id":"https:\/\/www.laboratoires-unisson.com\/fr-be\/produit\/appareils-auditifs\/widex\/moment-sheer-220-sric-r-d#primaryimage"},"thumbnailUrl":"https:\/\/www.laboratoires-unisson.com\/wp-content\/uploads\/2022\/10\/moment-sheer-220-sric-r-d-2-1.jpg","datePublished":"2022-10-03T13:42:13+00:00","dateModified":"2025-12-03T09:06:51+00:00","description":"Profitez d'une exp\u00e9rience sonore exceptionnelle avec le Widex Moment Sheer 220 sRIC R D. Disponible chez Unisson \u00e0 un prix comp\u00e9titif.","breadcrumb":{"@id":"https:\/\/www.laboratoires-unisson.com\/fr-be\/produit\/appareils-auditifs\/widex\/moment-sheer-220-sric-r-d#breadcrumb"},"inLanguage":"fr-BE","potentialAction":[{"@type":"ReadAction","target":["https:\/\/www.laboratoires-unisson.com\/fr-be\/produit\/appareils-auditifs\/widex\/moment-sheer-220-sric-r-d"]}]},{"@type":"ImageObject","inLanguage":"fr-BE","@id":"https:\/\/www.laboratoires-unisson.com\/fr-be\/produit\/appareils-auditifs\/widex\/moment-sheer-220-sric-r-d#primaryimage","url":"https:\/\/www.laboratoires-unisson.com\/wp-content\/uploads\/2022\/10\/moment-sheer-220-sric-r-d-2-1.jpg","contentUrl":"https:\/\/www.laboratoires-unisson.com\/wp-content\/uploads\/2022\/10\/moment-sheer-220-sric-r-d-2-1.jpg","width":509,"height":413},{"@type":"BreadcrumbList","@id":"https:\/\/www.laboratoires-unisson.com\/fr-be\/produit\/appareils-auditifs\/widex\/moment-sheer-220-sric-r-d#breadcrumb","itemListElement":[{"@type":"ListItem","position":1,"name":"Shop","item":"https:\/\/www.laboratoires-unisson.com\/fr-be\/shop"},{"@type":"ListItem","position":2,"name":"Moment Sheer 220 sRIC R D"}]},{"@type":"WebSite","@id":"https:\/\/www.laboratoires-unisson.com\/fr-be#website","url":"https:\/\/www.laboratoires-unisson.com\/fr-be","name":"Laboratoires Unisson","description":"Appareil auditif et proth\u00e8se auditive Moins Cher jusqu&#039;\u00e0 -40%","publisher":{"@id":"https:\/\/www.laboratoires-unisson.com\/fr-be#organization"},"potentialAction":[{"@type":"SearchAction","target":{"@type":"EntryPoint","urlTemplate":"https:\/\/www.laboratoires-unisson.com\/fr-be?s={search_term_string}"},"query-input":{"@type":"PropertyValueSpecification","valueRequired":true,"valueName":"search_term_string"}}],"inLanguage":"fr-BE"},{"@type":"Organization","@id":"https:\/\/www.laboratoires-unisson.com\/fr-be#organization","name":"Laboratoires Unisson","url":"https:\/\/www.laboratoires-unisson.com\/fr-be","logo":{"@type":"ImageObject","inLanguage":"fr-BE","@id":"https:\/\/www.laboratoires-unisson.com\/fr-be#\/schema\/logo\/image\/","url":"https:\/\/www.laboratoires-unisson.com\/wp-content\/uploads\/2022\/01\/logo-unisson.svg","contentUrl":"https:\/\/www.laboratoires-unisson.com\/wp-content\/uploads\/2022\/01\/logo-unisson.svg","width":1,"height":1,"caption":"Laboratoires Unisson"},"image":{"@id":"https:\/\/www.laboratoires-unisson.com\/fr-be#\/schema\/logo\/image\/"}}]}},"_links":{"self":[{"href":"https:\/\/www.laboratoires-unisson.com\/fr-be\/wp-json\/wp\/v2\/product\/22858","targetHints":{"allow":["GET"]}}],"collection":[{"href":"https:\/\/www.laboratoires-unisson.com\/fr-be\/wp-json\/wp\/v2\/product"}],"about":[{"href":"https:\/\/www.laboratoires-unisson.com\/fr-be\/wp-json\/wp\/v2\/types\/product"}],"wp:featuredmedia":[{"embeddable":true,"href":"https:\/\/www.laboratoires-unisson.com\/fr-be\/wp-json\/wp\/v2\/media\/20430"}],"wp:attachment":[{"href":"https:\/\/www.laboratoires-unisson.com\/fr-be\/wp-json\/wp\/v2\/media?parent=22858"}],"wp:term":[{"taxonomy":"product_brand","embeddable":true,"href":"https:\/\/www.laboratoires-unisson.com\/fr-be\/wp-json\/wp\/v2\/product_brand?post=22858"},{"taxonomy":"product_cat","embeddable":true,"href":"https:\/\/www.laboratoires-unisson.com\/fr-be\/wp-json\/wp\/v2\/product_cat?post=22858"},{"taxonomy":"product_tag","embeddable":true,"href":"https:\/\/www.laboratoires-unisson.com\/fr-be\/wp-json\/wp\/v2\/product_tag?post=22858"}],"curies":[{"name":"wp","href":"https:\/\/api.w.org\/{rel}","templated":true}]}}