{"id":22859,"date":"2022-10-03T15:42:05","date_gmt":"2022-10-03T13:42:05","guid":{"rendered":"https:\/\/www.laboratoires-unisson.com\/produit\/moment-sheer-330-sric-r-d"},"modified":"2025-12-03T10:06:51","modified_gmt":"2025-12-03T09:06:51","slug":"moment-sheer-330-sric-r-d","status":"publish","type":"product","link":"https:\/\/www.laboratoires-unisson.com\/fr-be\/produit\/appareils-auditifs\/widex\/moment-sheer-330-sric-r-d","title":{"rendered":"Moment Sheer 330 sRIC R D"},"content":{"rendered":"<p><span style=\"font-weight: 400;\">L\u2019appareil auditif Widex Moment Sheer 330 sRIC R D remplace le Moment 330 mRIC R. <strong>La nouvelle gamme Widex Moment Sheer offre un son encore plus proche du naturel<\/strong>.<\/span><\/p>\n<p><span style=\"font-weight: 400;\">Il s\u2019agit d\u2019un appareil RIC (contour d\u2019oreille \u00e0 \u00e9couteur d\u00e9port\u00e9) rechargeable et connect\u00e9 de milieu de gamme. Tous les degr\u00e9s de perte auditive sont couverts par ce mod\u00e8le.<\/span><\/p>\n<p><span style=\"font-weight: 400;\">La gamme Widex Moment Sheer apporte son lot de b\u00e9n\u00e9fices :<\/span><\/p>\n<ul>\n<li style=\"font-weight: 400;\" aria-level=\"1\"><span style=\"font-weight: 400;\">un traitement du son encore plus rapide pour un son restitu\u00e9 encore plus naturel,\u00a0<\/span><\/li>\n<li style=\"font-weight: 400;\" aria-level=\"1\"><span style=\"font-weight: 400;\">connexion Bluetooth ASHA (Android et iOS)<\/span><\/li>\n<li style=\"font-weight: 400;\" aria-level=\"1\"><span style=\"font-weight: 400;\">un design encore plus petit que celui du Moment mRIC R<\/span><\/li>\n<\/ul>\n<p><span style=\"font-weight: 400;\">Il poss\u00e8de 12 canaux de r\u00e9glages, un bouton poussoir, et la certification IP68 (r\u00e9duit les dommages caus\u00e9s par l\u2019humidit\u00e9 et la poussi\u00e8re). Il fonctionne avec une <strong>batterie rechargeable lithium ion<\/strong>, qui offre jusqu\u2019\u00e0 30h d\u2019autonomie.<\/span><\/p>\n<p><span style=\"font-weight: 400;\">La <strong>connectivit\u00e9 Bluetooth<\/strong> vous permet de profiter du streaming direct sur Android et iOS. De plus, ce mod\u00e8le est compatible avec Widex TV Play et tous les accessoires DEX.<\/span><\/p>\n<p><span style=\"font-weight: 400;\">Si vous souhaitez profiter pleinement de toutes les technologies du Moment Sheer, nous vous invitons \u00e0 vous orienter vers le mod\u00e8le haut de gamme : Moment Sheer 440 sRIC R D. Celui-ci offre 2 fonctionnalit\u00e9s suppl\u00e9mentaires : l\u2019ajustement automatique face au bruit de vent et une bande passante plus \u00e9largie.<\/span><\/p>\n<p><span style=\"font-weight: 400;\"><strong>Nous vous proposons de venir tester gratuitement ce mod\u00e8le<\/strong>. Pour cela, prenez rendez-vous avec un <a href=\"https:\/\/www.laboratoires-unisson.com\/fr-be\">audioproth\u00e9siste Unisson<\/a>.<\/span><\/p>\n","protected":false},"excerpt":{"rendered":"<p>L\u2019appareil auditif Widex Moment Sheer 330 sRIC R D remplace le Moment 330 mRIC R. La nouvelle gamme Widex Moment Sheer offre un son encore plus proche du naturel. Il s\u2019agit d\u2019un appareil RIC (contour d\u2019oreille \u00e0 \u00e9couteur d\u00e9port\u00e9) rechargeable et connect\u00e9 de milieu de gamme. Tous les degr\u00e9s de perte auditive sont couverts par [&hellip;]<\/p>\n","protected":false},"featured_media":20418,"template":"","meta":{"_acf_changed":false},"product_brand":[],"product_cat":[2729],"product_tag":[],"class_list":{"0":"post-22859","1":"product","2":"type-product","3":"status-publish","4":"has-post-thumbnail","6":"product_cat-widex-fr-be","8":"first","9":"instock","10":"taxable","11":"shipping-taxable","12":"purchasable","13":"product-type-simple"},"acf":[],"yoast_head":"<!-- This site is optimized with the Yoast SEO plugin v27.1.1 - https:\/\/yoast.com\/product\/yoast-seo-wordpress\/ -->\n<title>Appareil auditif Widex Moment Sheer 330 sRIC R D \u00e0 1900\u20ac - Unisson Belgique<\/title>\n<meta name=\"description\" content=\"Am\u00e9liorez votre audition gr\u00e2ce au Widex Moment Sheer 330 sRIC R D. Technologie avanc\u00e9e et qualit\u00e9 sonore sup\u00e9rieure chez Unisson au meilleur prix.\" \/>\n<meta name=\"robots\" content=\"index, follow, max-snippet:-1, max-image-preview:large, max-video-preview:-1\" \/>\n<link rel=\"canonical\" href=\"https:\/\/www.laboratoires-unisson.com\/fr-be\/wp-json\/wp\/v2\/product\/22859\" \/>\n<meta property=\"og:locale\" content=\"fr_FR\" \/>\n<meta property=\"og:type\" content=\"article\" \/>\n<meta property=\"og:title\" content=\"Moment Sheer 330 sRIC R D - Laboratoires Unisson\" \/>\n<meta property=\"og:description\" content=\"Am\u00e9liorez votre audition gr\u00e2ce au Widex Moment Sheer 330 sRIC R D. Technologie avanc\u00e9e et qualit\u00e9 sonore sup\u00e9rieure chez Unisson au meilleur prix.\" \/>\n<meta property=\"og:url\" content=\"https:\/\/www.laboratoires-unisson.com\/fr-be\/produit\/appareils-auditifs\/widex\/moment-sheer-330-sric-r-d\" \/>\n<meta property=\"og:site_name\" content=\"Laboratoires Unisson\" \/>\n<meta property=\"article:modified_time\" content=\"2025-12-03T09:06:51+00:00\" \/>\n<meta property=\"og:image\" content=\"https:\/\/www.laboratoires-unisson.com\/wp-content\/uploads\/2022\/10\/moment-sheer-330-sric-r-d-2-1.jpg\" \/>\n\t<meta property=\"og:image:width\" content=\"509\" \/>\n\t<meta property=\"og:image:height\" content=\"413\" \/>\n\t<meta property=\"og:image:type\" content=\"image\/jpeg\" \/>\n<meta name=\"twitter:card\" content=\"summary_large_image\" \/>\n<meta name=\"twitter:label1\" content=\"Est. reading time\" \/>\n\t<meta name=\"twitter:data1\" content=\"2 minutes\" \/>\n<script type=\"application\/ld+json\" class=\"yoast-schema-graph\">{\"@context\":\"https:\/\/schema.org\",\"@graph\":[{\"@type\":\"WebPage\",\"@id\":\"https:\/\/www.laboratoires-unisson.com\/fr-be\/produit\/appareils-auditifs\/widex\/moment-sheer-330-sric-r-d\",\"url\":\"https:\/\/www.laboratoires-unisson.com\/fr-be\/produit\/appareils-auditifs\/widex\/moment-sheer-330-sric-r-d\",\"name\":\"Moment Sheer 330 sRIC R D - Laboratoires Unisson\",\"isPartOf\":{\"@id\":\"https:\/\/www.laboratoires-unisson.com\/fr-be#website\"},\"primaryImageOfPage\":{\"@id\":\"https:\/\/www.laboratoires-unisson.com\/fr-be\/produit\/appareils-auditifs\/widex\/moment-sheer-330-sric-r-d#primaryimage\"},\"image\":{\"@id\":\"https:\/\/www.laboratoires-unisson.com\/fr-be\/produit\/appareils-auditifs\/widex\/moment-sheer-330-sric-r-d#primaryimage\"},\"thumbnailUrl\":\"https:\/\/www.laboratoires-unisson.com\/wp-content\/uploads\/2022\/10\/moment-sheer-330-sric-r-d-2-1.jpg\",\"datePublished\":\"2022-10-03T13:42:05+00:00\",\"dateModified\":\"2025-12-03T09:06:51+00:00\",\"description\":\"Am\u00e9liorez votre audition gr\u00e2ce au Widex Moment Sheer 330 sRIC R D. Technologie avanc\u00e9e et qualit\u00e9 sonore sup\u00e9rieure chez Unisson au meilleur prix.\",\"breadcrumb\":{\"@id\":\"https:\/\/www.laboratoires-unisson.com\/fr-be\/produit\/appareils-auditifs\/widex\/moment-sheer-330-sric-r-d#breadcrumb\"},\"inLanguage\":\"fr-BE\",\"potentialAction\":[{\"@type\":\"ReadAction\",\"target\":[\"https:\/\/www.laboratoires-unisson.com\/fr-be\/produit\/appareils-auditifs\/widex\/moment-sheer-330-sric-r-d\"]}]},{\"@type\":\"ImageObject\",\"inLanguage\":\"fr-BE\",\"@id\":\"https:\/\/www.laboratoires-unisson.com\/fr-be\/produit\/appareils-auditifs\/widex\/moment-sheer-330-sric-r-d#primaryimage\",\"url\":\"https:\/\/www.laboratoires-unisson.com\/wp-content\/uploads\/2022\/10\/moment-sheer-330-sric-r-d-2-1.jpg\",\"contentUrl\":\"https:\/\/www.laboratoires-unisson.com\/wp-content\/uploads\/2022\/10\/moment-sheer-330-sric-r-d-2-1.jpg\",\"width\":509,\"height\":413},{\"@type\":\"BreadcrumbList\",\"@id\":\"https:\/\/www.laboratoires-unisson.com\/fr-be\/produit\/appareils-auditifs\/widex\/moment-sheer-330-sric-r-d#breadcrumb\",\"itemListElement\":[{\"@type\":\"ListItem\",\"position\":1,\"name\":\"Shop\",\"item\":\"https:\/\/www.laboratoires-unisson.com\/fr-be\/shop\"},{\"@type\":\"ListItem\",\"position\":2,\"name\":\"Moment Sheer 330 sRIC R D\"}]},{\"@type\":\"WebSite\",\"@id\":\"https:\/\/www.laboratoires-unisson.com\/fr-be#website\",\"url\":\"https:\/\/www.laboratoires-unisson.com\/fr-be\",\"name\":\"Laboratoires Unisson\",\"description\":\"Appareil auditif et proth\u00e8se auditive Moins Cher jusqu&#039;\u00e0 -40%\",\"publisher\":{\"@id\":\"https:\/\/www.laboratoires-unisson.com\/fr-be#organization\"},\"potentialAction\":[{\"@type\":\"SearchAction\",\"target\":{\"@type\":\"EntryPoint\",\"urlTemplate\":\"https:\/\/www.laboratoires-unisson.com\/fr-be?s={search_term_string}\"},\"query-input\":{\"@type\":\"PropertyValueSpecification\",\"valueRequired\":true,\"valueName\":\"search_term_string\"}}],\"inLanguage\":\"fr-BE\"},{\"@type\":\"Organization\",\"@id\":\"https:\/\/www.laboratoires-unisson.com\/fr-be#organization\",\"name\":\"Laboratoires Unisson\",\"url\":\"https:\/\/www.laboratoires-unisson.com\/fr-be\",\"logo\":{\"@type\":\"ImageObject\",\"inLanguage\":\"fr-BE\",\"@id\":\"https:\/\/www.laboratoires-unisson.com\/fr-be#\/schema\/logo\/image\/\",\"url\":\"https:\/\/www.laboratoires-unisson.com\/wp-content\/uploads\/2022\/01\/logo-unisson.svg\",\"contentUrl\":\"https:\/\/www.laboratoires-unisson.com\/wp-content\/uploads\/2022\/01\/logo-unisson.svg\",\"width\":1,\"height\":1,\"caption\":\"Laboratoires Unisson\"},\"image\":{\"@id\":\"https:\/\/www.laboratoires-unisson.com\/fr-be#\/schema\/logo\/image\/\"}}]}<\/script>\n<!-- \/ Yoast SEO plugin. -->","yoast_head_json":{"title":"Appareil auditif Widex Moment Sheer 330 sRIC R D \u00e0 1900\u20ac - Unisson Belgique","description":"Am\u00e9liorez votre audition gr\u00e2ce au Widex Moment Sheer 330 sRIC R D. Technologie avanc\u00e9e et qualit\u00e9 sonore sup\u00e9rieure chez Unisson au meilleur prix.","robots":{"index":"index","follow":"follow","max-snippet":"max-snippet:-1","max-image-preview":"max-image-preview:large","max-video-preview":"max-video-preview:-1"},"canonical":"https:\/\/www.laboratoires-unisson.com\/fr-be\/wp-json\/wp\/v2\/product\/22859","og_locale":"fr_FR","og_type":"article","og_title":"Moment Sheer 330 sRIC R D - Laboratoires Unisson","og_description":"Am\u00e9liorez votre audition gr\u00e2ce au Widex Moment Sheer 330 sRIC R D. Technologie avanc\u00e9e et qualit\u00e9 sonore sup\u00e9rieure chez Unisson au meilleur prix.","og_url":"https:\/\/www.laboratoires-unisson.com\/fr-be\/produit\/appareils-auditifs\/widex\/moment-sheer-330-sric-r-d","og_site_name":"Laboratoires Unisson","article_modified_time":"2025-12-03T09:06:51+00:00","og_image":[{"width":509,"height":413,"url":"https:\/\/www.laboratoires-unisson.com\/wp-content\/uploads\/2022\/10\/moment-sheer-330-sric-r-d-2-1.jpg","type":"image\/jpeg"}],"twitter_card":"summary_large_image","twitter_misc":{"Est. reading time":"2 minutes"},"schema":{"@context":"https:\/\/schema.org","@graph":[{"@type":"WebPage","@id":"https:\/\/www.laboratoires-unisson.com\/fr-be\/produit\/appareils-auditifs\/widex\/moment-sheer-330-sric-r-d","url":"https:\/\/www.laboratoires-unisson.com\/fr-be\/produit\/appareils-auditifs\/widex\/moment-sheer-330-sric-r-d","name":"Moment Sheer 330 sRIC R D - Laboratoires Unisson","isPartOf":{"@id":"https:\/\/www.laboratoires-unisson.com\/fr-be#website"},"primaryImageOfPage":{"@id":"https:\/\/www.laboratoires-unisson.com\/fr-be\/produit\/appareils-auditifs\/widex\/moment-sheer-330-sric-r-d#primaryimage"},"image":{"@id":"https:\/\/www.laboratoires-unisson.com\/fr-be\/produit\/appareils-auditifs\/widex\/moment-sheer-330-sric-r-d#primaryimage"},"thumbnailUrl":"https:\/\/www.laboratoires-unisson.com\/wp-content\/uploads\/2022\/10\/moment-sheer-330-sric-r-d-2-1.jpg","datePublished":"2022-10-03T13:42:05+00:00","dateModified":"2025-12-03T09:06:51+00:00","description":"Am\u00e9liorez votre audition gr\u00e2ce au Widex Moment Sheer 330 sRIC R D. Technologie avanc\u00e9e et qualit\u00e9 sonore sup\u00e9rieure chez Unisson au meilleur prix.","breadcrumb":{"@id":"https:\/\/www.laboratoires-unisson.com\/fr-be\/produit\/appareils-auditifs\/widex\/moment-sheer-330-sric-r-d#breadcrumb"},"inLanguage":"fr-BE","potentialAction":[{"@type":"ReadAction","target":["https:\/\/www.laboratoires-unisson.com\/fr-be\/produit\/appareils-auditifs\/widex\/moment-sheer-330-sric-r-d"]}]},{"@type":"ImageObject","inLanguage":"fr-BE","@id":"https:\/\/www.laboratoires-unisson.com\/fr-be\/produit\/appareils-auditifs\/widex\/moment-sheer-330-sric-r-d#primaryimage","url":"https:\/\/www.laboratoires-unisson.com\/wp-content\/uploads\/2022\/10\/moment-sheer-330-sric-r-d-2-1.jpg","contentUrl":"https:\/\/www.laboratoires-unisson.com\/wp-content\/uploads\/2022\/10\/moment-sheer-330-sric-r-d-2-1.jpg","width":509,"height":413},{"@type":"BreadcrumbList","@id":"https:\/\/www.laboratoires-unisson.com\/fr-be\/produit\/appareils-auditifs\/widex\/moment-sheer-330-sric-r-d#breadcrumb","itemListElement":[{"@type":"ListItem","position":1,"name":"Shop","item":"https:\/\/www.laboratoires-unisson.com\/fr-be\/shop"},{"@type":"ListItem","position":2,"name":"Moment Sheer 330 sRIC R D"}]},{"@type":"WebSite","@id":"https:\/\/www.laboratoires-unisson.com\/fr-be#website","url":"https:\/\/www.laboratoires-unisson.com\/fr-be","name":"Laboratoires Unisson","description":"Appareil auditif et proth\u00e8se auditive Moins Cher jusqu&#039;\u00e0 -40%","publisher":{"@id":"https:\/\/www.laboratoires-unisson.com\/fr-be#organization"},"potentialAction":[{"@type":"SearchAction","target":{"@type":"EntryPoint","urlTemplate":"https:\/\/www.laboratoires-unisson.com\/fr-be?s={search_term_string}"},"query-input":{"@type":"PropertyValueSpecification","valueRequired":true,"valueName":"search_term_string"}}],"inLanguage":"fr-BE"},{"@type":"Organization","@id":"https:\/\/www.laboratoires-unisson.com\/fr-be#organization","name":"Laboratoires Unisson","url":"https:\/\/www.laboratoires-unisson.com\/fr-be","logo":{"@type":"ImageObject","inLanguage":"fr-BE","@id":"https:\/\/www.laboratoires-unisson.com\/fr-be#\/schema\/logo\/image\/","url":"https:\/\/www.laboratoires-unisson.com\/wp-content\/uploads\/2022\/01\/logo-unisson.svg","contentUrl":"https:\/\/www.laboratoires-unisson.com\/wp-content\/uploads\/2022\/01\/logo-unisson.svg","width":1,"height":1,"caption":"Laboratoires Unisson"},"image":{"@id":"https:\/\/www.laboratoires-unisson.com\/fr-be#\/schema\/logo\/image\/"}}]}},"_links":{"self":[{"href":"https:\/\/www.laboratoires-unisson.com\/fr-be\/wp-json\/wp\/v2\/product\/22859","targetHints":{"allow":["GET"]}}],"collection":[{"href":"https:\/\/www.laboratoires-unisson.com\/fr-be\/wp-json\/wp\/v2\/product"}],"about":[{"href":"https:\/\/www.laboratoires-unisson.com\/fr-be\/wp-json\/wp\/v2\/types\/product"}],"wp:featuredmedia":[{"embeddable":true,"href":"https:\/\/www.laboratoires-unisson.com\/fr-be\/wp-json\/wp\/v2\/media\/20418"}],"wp:attachment":[{"href":"https:\/\/www.laboratoires-unisson.com\/fr-be\/wp-json\/wp\/v2\/media?parent=22859"}],"wp:term":[{"taxonomy":"product_brand","embeddable":true,"href":"https:\/\/www.laboratoires-unisson.com\/fr-be\/wp-json\/wp\/v2\/product_brand?post=22859"},{"taxonomy":"product_cat","embeddable":true,"href":"https:\/\/www.laboratoires-unisson.com\/fr-be\/wp-json\/wp\/v2\/product_cat?post=22859"},{"taxonomy":"product_tag","embeddable":true,"href":"https:\/\/www.laboratoires-unisson.com\/fr-be\/wp-json\/wp\/v2\/product_tag?post=22859"}],"curies":[{"name":"wp","href":"https:\/\/api.w.org\/{rel}","templated":true}]}}