{"id":22860,"date":"2022-10-03T15:42:01","date_gmt":"2022-10-03T13:42:01","guid":{"rendered":"https:\/\/www.laboratoires-unisson.com\/produit\/moment-sheer-440-sric-r-d"},"modified":"2025-12-03T10:06:52","modified_gmt":"2025-12-03T09:06:52","slug":"moment-sheer-440-sric-r-d","status":"publish","type":"product","link":"https:\/\/www.laboratoires-unisson.com\/fr-be\/produit\/appareils-auditifs\/widex\/moment-sheer-440-sric-r-d","title":{"rendered":"Moment Sheer 440 sRIC R D"},"content":{"rendered":"<p><span style=\"font-weight: 400;\">L\u2019appareil auditif Widex Moment Sheer 440 sRIC R D est de type <\/span><b>contour d\u2019oreille \u00e0 \u00e9couteur d\u00e9port\u00e9 rechargeable<\/b><span style=\"font-weight: 400;\">.<\/span><\/p>\n<p><span style=\"font-weight: 400;\"><strong>Il remplace l\u2019ancienne g\u00e9n\u00e9ration des Moment RIC<\/strong> (Moment 440 mRIC R). Cette nouvelle gamme d\u2019aides auditives met l\u2019accent sur la qualit\u00e9 du son et son c\u00f4t\u00e9 naturel.<\/span><\/p>\n<p><span style=\"font-weight: 400;\">De nouvelles ouvertures de microphone offrent une nouvelle apparence visuelle pour un design plus \u00e9l\u00e9gant et une finition raffin\u00e9e. L\u2019objectif de ce nouveau mod\u00e8le de <a href=\"https:\/\/www.laboratoires-unisson.com\/fr-be\/appareils-auditifs\">proth\u00e8se auditive<\/a> est d\u2019am\u00e9liorer le style et le bien-\u00eatre du patient.<\/span><\/p>\n<h3><b>Pr\u00e9sentation de l\u2019aide auditive Widex Moment Sheer 440 sRIC R D<\/b><\/h3>\n<p><span style=\"font-weight: 400;\">La proth\u00e8se auditive Moment Sheer 440 sRIC R D b\u00e9n\u00e9ficie de <\/span><b>15 canaux de r\u00e9glages, du multi-programmes, d\u2019un bouton poussoir et est certifi\u00e9e IP68<\/b><span style=\"font-weight: 400;\">. Elle fonctionne \u00e0 <\/span><b>batterie lithium-ion<\/b><span style=\"font-weight: 400;\"> et int\u00e8gre tous les avantages de la plateforme Widex Moment.<\/span><\/p>\n<p><span style=\"font-weight: 400;\">Vous b\u00e9n\u00e9ficierez d\u2019une charge compl\u00e8te en 4h <\/span><i><span style=\"font-weight: 400;\">(ou charge rapide en 30min pour 4h d\u2019utilisation)<\/span><\/i><span style=\"font-weight: 400;\">. Le chargeur a \u00e9t\u00e9 enti\u00e8rement redessin\u00e9 et se veut plus fin, l\u00e9ger et aux finitions luxueuses.<\/span><\/p>\n<p><span style=\"font-weight: 400;\">Mod\u00e8le disponible en 13 couleurs.<\/span><\/p>\n<h3><b>Les technologies du Widex Moment Sheer 440 sRIC R D<\/b><\/h3>\n<p><span style=\"font-weight: 400;\">L\u2019appareil auditif Moment Sheer 440 sRIC R D de <a href=\"https:\/\/www.laboratoires-unisson.com\/fr-be\/appareils-auditifs\/marques\/widex\">Widex<\/a> <strong>int\u00e8gre les technologies<\/strong><\/span> <span style=\"font-weight: 400;\"><strong>de la plateforme Moment<\/strong> : PureSound &amp; ZeroDelay. Widex traite le son 5 fois plus rapidement que ses anciens mod\u00e8les d\u2019aides auditives, permettant de limiter au maximum l\u2019effet de distorsion du son.\u00a0<\/span><\/p>\n<h3><b>Connectivit\u00e9 et accessoires<\/b><\/h3>\n<p><span style=\"font-weight: 400;\">L\u2019appareil auditif Widex Moment Sheer 440 sRIC R D dispose d\u2019une <strong>connexion Bluetooth<\/strong> derni\u00e8re g\u00e9n\u00e9ration et peut \u00eatre connect\u00e9 aux appareils Android et iOS. De plus, vous pourrez connecter vos aides auditives Moment Sheer \u00e0 plusieurs accessoires sans fil : TV Play, RC-DEX, TV-DEX.<\/span><\/p>\n<p><span style=\"font-weight: 400;\">L\u2019application mobile MOMENT App s\u2019\u00e9quipe du <strong>SoundSense learn<\/strong> pour une personnalisation optimale de vos r\u00e9glages selon votre environnement sonore.<\/span><\/p>\n","protected":false},"excerpt":{"rendered":"<p>L\u2019appareil auditif Widex Moment Sheer 440 sRIC R D est de type contour d\u2019oreille \u00e0 \u00e9couteur d\u00e9port\u00e9 rechargeable. Il remplace l\u2019ancienne g\u00e9n\u00e9ration des Moment RIC (Moment 440 mRIC R). Cette nouvelle gamme d\u2019aides auditives met l\u2019accent sur la qualit\u00e9 du son et son c\u00f4t\u00e9 naturel. De nouvelles ouvertures de microphone offrent une nouvelle apparence visuelle [&hellip;]<\/p>\n","protected":false},"featured_media":20800,"template":"","meta":{"_acf_changed":false},"product_brand":[],"product_cat":[2684,2729],"product_tag":[],"class_list":{"0":"post-22860","1":"product","2":"type-product","3":"status-publish","4":"has-post-thumbnail","6":"product_cat-offre-premium-fr-be","7":"product_cat-widex-fr-be","9":"first","10":"instock","11":"taxable","12":"shipping-taxable","13":"purchasable","14":"product-type-simple"},"acf":[],"yoast_head":"<!-- This site is optimized with the Yoast SEO plugin v27.1.1 - https:\/\/yoast.com\/product\/yoast-seo-wordpress\/ -->\n<title>Appareil auditif Widex Moment Sheer 440 sRIC R D \u00e0 2100\u20ac - Unisson Belgique<\/title>\n<meta name=\"description\" content=\"D\u00e9couvrez le Widex Moment Sheer 440 sRIC R D chez Unisson. Profitez d&#039;une audition claire et d&#039;une technologie avanc\u00e9e au meilleur prix.\" \/>\n<meta name=\"robots\" content=\"index, follow, max-snippet:-1, max-image-preview:large, max-video-preview:-1\" \/>\n<link rel=\"canonical\" href=\"https:\/\/www.laboratoires-unisson.com\/fr-be\/wp-json\/wp\/v2\/product\/22860\" \/>\n<meta property=\"og:locale\" content=\"fr_FR\" \/>\n<meta property=\"og:type\" content=\"article\" \/>\n<meta property=\"og:title\" content=\"Appareil auditif Widex Moment Sheer 440 sRIC R D \u00e0 2100\u20ac\" \/>\n<meta property=\"og:description\" content=\"D\u00e9couvrez le Widex Moment Sheer 440 sRIC R D chez Unisson. Profitez d&#039;une audition claire et d&#039;une technologie avanc\u00e9e au meilleur prix.\" \/>\n<meta property=\"og:url\" content=\"https:\/\/www.laboratoires-unisson.com\/fr-be\/produit\/appareils-auditifs\/widex\/moment-sheer-440-sric-r-d\" \/>\n<meta property=\"og:site_name\" content=\"Laboratoires Unisson\" \/>\n<meta property=\"article:modified_time\" content=\"2025-12-03T09:06:52+00:00\" \/>\n<meta property=\"og:image\" content=\"https:\/\/www.laboratoires-unisson.com\/wp-content\/uploads\/2022\/10\/Widex-Moment-Sheer_440-sRIC-R-D.png\" \/>\n\t<meta property=\"og:image:width\" content=\"509\" \/>\n\t<meta property=\"og:image:height\" content=\"413\" \/>\n\t<meta property=\"og:image:type\" content=\"image\/png\" \/>\n<meta name=\"twitter:card\" content=\"summary_large_image\" \/>\n<meta name=\"twitter:label1\" content=\"Est. reading time\" \/>\n\t<meta name=\"twitter:data1\" content=\"2 minutes\" \/>\n<script type=\"application\/ld+json\" class=\"yoast-schema-graph\">{\"@context\":\"https:\/\/schema.org\",\"@graph\":[{\"@type\":\"WebPage\",\"@id\":\"https:\/\/www.laboratoires-unisson.com\/fr-be\/produit\/appareils-auditifs\/widex\/moment-sheer-440-sric-r-d\",\"url\":\"https:\/\/www.laboratoires-unisson.com\/fr-be\/produit\/appareils-auditifs\/widex\/moment-sheer-440-sric-r-d\",\"name\":\"Appareil auditif Widex Moment Sheer 440 sRIC R D \u00e0 2100\u20ac\",\"isPartOf\":{\"@id\":\"https:\/\/www.laboratoires-unisson.com\/fr-be#website\"},\"primaryImageOfPage\":{\"@id\":\"https:\/\/www.laboratoires-unisson.com\/fr-be\/produit\/appareils-auditifs\/widex\/moment-sheer-440-sric-r-d#primaryimage\"},\"image\":{\"@id\":\"https:\/\/www.laboratoires-unisson.com\/fr-be\/produit\/appareils-auditifs\/widex\/moment-sheer-440-sric-r-d#primaryimage\"},\"thumbnailUrl\":\"https:\/\/www.laboratoires-unisson.com\/wp-content\/uploads\/2022\/10\/Widex-Moment-Sheer_440-sRIC-R-D.png\",\"datePublished\":\"2022-10-03T13:42:01+00:00\",\"dateModified\":\"2025-12-03T09:06:52+00:00\",\"description\":\"D\u00e9couvrez le Widex Moment Sheer 440 sRIC R D chez Unisson. Profitez d'une audition claire et d'une technologie avanc\u00e9e au meilleur prix.\",\"breadcrumb\":{\"@id\":\"https:\/\/www.laboratoires-unisson.com\/fr-be\/produit\/appareils-auditifs\/widex\/moment-sheer-440-sric-r-d#breadcrumb\"},\"inLanguage\":\"fr-BE\",\"potentialAction\":[{\"@type\":\"ReadAction\",\"target\":[\"https:\/\/www.laboratoires-unisson.com\/fr-be\/produit\/appareils-auditifs\/widex\/moment-sheer-440-sric-r-d\"]}]},{\"@type\":\"ImageObject\",\"inLanguage\":\"fr-BE\",\"@id\":\"https:\/\/www.laboratoires-unisson.com\/fr-be\/produit\/appareils-auditifs\/widex\/moment-sheer-440-sric-r-d#primaryimage\",\"url\":\"https:\/\/www.laboratoires-unisson.com\/wp-content\/uploads\/2022\/10\/Widex-Moment-Sheer_440-sRIC-R-D.png\",\"contentUrl\":\"https:\/\/www.laboratoires-unisson.com\/wp-content\/uploads\/2022\/10\/Widex-Moment-Sheer_440-sRIC-R-D.png\",\"width\":509,\"height\":413},{\"@type\":\"BreadcrumbList\",\"@id\":\"https:\/\/www.laboratoires-unisson.com\/fr-be\/produit\/appareils-auditifs\/widex\/moment-sheer-440-sric-r-d#breadcrumb\",\"itemListElement\":[{\"@type\":\"ListItem\",\"position\":1,\"name\":\"Shop\",\"item\":\"https:\/\/www.laboratoires-unisson.com\/fr-be\/shop\"},{\"@type\":\"ListItem\",\"position\":2,\"name\":\"Moment Sheer 440 sRIC R D\"}]},{\"@type\":\"WebSite\",\"@id\":\"https:\/\/www.laboratoires-unisson.com\/fr-be#website\",\"url\":\"https:\/\/www.laboratoires-unisson.com\/fr-be\",\"name\":\"Laboratoires Unisson\",\"description\":\"Appareil auditif et proth\u00e8se auditive Moins Cher jusqu&#039;\u00e0 -40%\",\"publisher\":{\"@id\":\"https:\/\/www.laboratoires-unisson.com\/fr-be#organization\"},\"potentialAction\":[{\"@type\":\"SearchAction\",\"target\":{\"@type\":\"EntryPoint\",\"urlTemplate\":\"https:\/\/www.laboratoires-unisson.com\/fr-be?s={search_term_string}\"},\"query-input\":{\"@type\":\"PropertyValueSpecification\",\"valueRequired\":true,\"valueName\":\"search_term_string\"}}],\"inLanguage\":\"fr-BE\"},{\"@type\":\"Organization\",\"@id\":\"https:\/\/www.laboratoires-unisson.com\/fr-be#organization\",\"name\":\"Laboratoires Unisson\",\"url\":\"https:\/\/www.laboratoires-unisson.com\/fr-be\",\"logo\":{\"@type\":\"ImageObject\",\"inLanguage\":\"fr-BE\",\"@id\":\"https:\/\/www.laboratoires-unisson.com\/fr-be#\/schema\/logo\/image\/\",\"url\":\"https:\/\/www.laboratoires-unisson.com\/wp-content\/uploads\/2022\/01\/logo-unisson.svg\",\"contentUrl\":\"https:\/\/www.laboratoires-unisson.com\/wp-content\/uploads\/2022\/01\/logo-unisson.svg\",\"width\":1,\"height\":1,\"caption\":\"Laboratoires Unisson\"},\"image\":{\"@id\":\"https:\/\/www.laboratoires-unisson.com\/fr-be#\/schema\/logo\/image\/\"}}]}<\/script>\n<!-- \/ Yoast SEO plugin. -->","yoast_head_json":{"title":"Appareil auditif Widex Moment Sheer 440 sRIC R D \u00e0 2100\u20ac - Unisson Belgique","description":"D\u00e9couvrez le Widex Moment Sheer 440 sRIC R D chez Unisson. Profitez d'une audition claire et d'une technologie avanc\u00e9e au meilleur prix.","robots":{"index":"index","follow":"follow","max-snippet":"max-snippet:-1","max-image-preview":"max-image-preview:large","max-video-preview":"max-video-preview:-1"},"canonical":"https:\/\/www.laboratoires-unisson.com\/fr-be\/wp-json\/wp\/v2\/product\/22860","og_locale":"fr_FR","og_type":"article","og_title":"Appareil auditif Widex Moment Sheer 440 sRIC R D \u00e0 2100\u20ac","og_description":"D\u00e9couvrez le Widex Moment Sheer 440 sRIC R D chez Unisson. Profitez d'une audition claire et d'une technologie avanc\u00e9e au meilleur prix.","og_url":"https:\/\/www.laboratoires-unisson.com\/fr-be\/produit\/appareils-auditifs\/widex\/moment-sheer-440-sric-r-d","og_site_name":"Laboratoires Unisson","article_modified_time":"2025-12-03T09:06:52+00:00","og_image":[{"width":509,"height":413,"url":"https:\/\/www.laboratoires-unisson.com\/wp-content\/uploads\/2022\/10\/Widex-Moment-Sheer_440-sRIC-R-D.png","type":"image\/png"}],"twitter_card":"summary_large_image","twitter_misc":{"Est. reading time":"2 minutes"},"schema":{"@context":"https:\/\/schema.org","@graph":[{"@type":"WebPage","@id":"https:\/\/www.laboratoires-unisson.com\/fr-be\/produit\/appareils-auditifs\/widex\/moment-sheer-440-sric-r-d","url":"https:\/\/www.laboratoires-unisson.com\/fr-be\/produit\/appareils-auditifs\/widex\/moment-sheer-440-sric-r-d","name":"Appareil auditif Widex Moment Sheer 440 sRIC R D \u00e0 2100\u20ac","isPartOf":{"@id":"https:\/\/www.laboratoires-unisson.com\/fr-be#website"},"primaryImageOfPage":{"@id":"https:\/\/www.laboratoires-unisson.com\/fr-be\/produit\/appareils-auditifs\/widex\/moment-sheer-440-sric-r-d#primaryimage"},"image":{"@id":"https:\/\/www.laboratoires-unisson.com\/fr-be\/produit\/appareils-auditifs\/widex\/moment-sheer-440-sric-r-d#primaryimage"},"thumbnailUrl":"https:\/\/www.laboratoires-unisson.com\/wp-content\/uploads\/2022\/10\/Widex-Moment-Sheer_440-sRIC-R-D.png","datePublished":"2022-10-03T13:42:01+00:00","dateModified":"2025-12-03T09:06:52+00:00","description":"D\u00e9couvrez le Widex Moment Sheer 440 sRIC R D chez Unisson. Profitez d'une audition claire et d'une technologie avanc\u00e9e au meilleur prix.","breadcrumb":{"@id":"https:\/\/www.laboratoires-unisson.com\/fr-be\/produit\/appareils-auditifs\/widex\/moment-sheer-440-sric-r-d#breadcrumb"},"inLanguage":"fr-BE","potentialAction":[{"@type":"ReadAction","target":["https:\/\/www.laboratoires-unisson.com\/fr-be\/produit\/appareils-auditifs\/widex\/moment-sheer-440-sric-r-d"]}]},{"@type":"ImageObject","inLanguage":"fr-BE","@id":"https:\/\/www.laboratoires-unisson.com\/fr-be\/produit\/appareils-auditifs\/widex\/moment-sheer-440-sric-r-d#primaryimage","url":"https:\/\/www.laboratoires-unisson.com\/wp-content\/uploads\/2022\/10\/Widex-Moment-Sheer_440-sRIC-R-D.png","contentUrl":"https:\/\/www.laboratoires-unisson.com\/wp-content\/uploads\/2022\/10\/Widex-Moment-Sheer_440-sRIC-R-D.png","width":509,"height":413},{"@type":"BreadcrumbList","@id":"https:\/\/www.laboratoires-unisson.com\/fr-be\/produit\/appareils-auditifs\/widex\/moment-sheer-440-sric-r-d#breadcrumb","itemListElement":[{"@type":"ListItem","position":1,"name":"Shop","item":"https:\/\/www.laboratoires-unisson.com\/fr-be\/shop"},{"@type":"ListItem","position":2,"name":"Moment Sheer 440 sRIC R D"}]},{"@type":"WebSite","@id":"https:\/\/www.laboratoires-unisson.com\/fr-be#website","url":"https:\/\/www.laboratoires-unisson.com\/fr-be","name":"Laboratoires Unisson","description":"Appareil auditif et proth\u00e8se auditive Moins Cher jusqu&#039;\u00e0 -40%","publisher":{"@id":"https:\/\/www.laboratoires-unisson.com\/fr-be#organization"},"potentialAction":[{"@type":"SearchAction","target":{"@type":"EntryPoint","urlTemplate":"https:\/\/www.laboratoires-unisson.com\/fr-be?s={search_term_string}"},"query-input":{"@type":"PropertyValueSpecification","valueRequired":true,"valueName":"search_term_string"}}],"inLanguage":"fr-BE"},{"@type":"Organization","@id":"https:\/\/www.laboratoires-unisson.com\/fr-be#organization","name":"Laboratoires Unisson","url":"https:\/\/www.laboratoires-unisson.com\/fr-be","logo":{"@type":"ImageObject","inLanguage":"fr-BE","@id":"https:\/\/www.laboratoires-unisson.com\/fr-be#\/schema\/logo\/image\/","url":"https:\/\/www.laboratoires-unisson.com\/wp-content\/uploads\/2022\/01\/logo-unisson.svg","contentUrl":"https:\/\/www.laboratoires-unisson.com\/wp-content\/uploads\/2022\/01\/logo-unisson.svg","width":1,"height":1,"caption":"Laboratoires Unisson"},"image":{"@id":"https:\/\/www.laboratoires-unisson.com\/fr-be#\/schema\/logo\/image\/"}}]}},"_links":{"self":[{"href":"https:\/\/www.laboratoires-unisson.com\/fr-be\/wp-json\/wp\/v2\/product\/22860","targetHints":{"allow":["GET"]}}],"collection":[{"href":"https:\/\/www.laboratoires-unisson.com\/fr-be\/wp-json\/wp\/v2\/product"}],"about":[{"href":"https:\/\/www.laboratoires-unisson.com\/fr-be\/wp-json\/wp\/v2\/types\/product"}],"wp:featuredmedia":[{"embeddable":true,"href":"https:\/\/www.laboratoires-unisson.com\/fr-be\/wp-json\/wp\/v2\/media\/20800"}],"wp:attachment":[{"href":"https:\/\/www.laboratoires-unisson.com\/fr-be\/wp-json\/wp\/v2\/media?parent=22860"}],"wp:term":[{"taxonomy":"product_brand","embeddable":true,"href":"https:\/\/www.laboratoires-unisson.com\/fr-be\/wp-json\/wp\/v2\/product_brand?post=22860"},{"taxonomy":"product_cat","embeddable":true,"href":"https:\/\/www.laboratoires-unisson.com\/fr-be\/wp-json\/wp\/v2\/product_cat?post=22860"},{"taxonomy":"product_tag","embeddable":true,"href":"https:\/\/www.laboratoires-unisson.com\/fr-be\/wp-json\/wp\/v2\/product_tag?post=22860"}],"curies":[{"name":"wp","href":"https:\/\/api.w.org\/{rel}","templated":true}]}}