{"id":22874,"date":"2022-09-27T11:51:42","date_gmt":"2022-09-27T09:51:42","guid":{"rendered":"https:\/\/www.laboratoires-unisson.com\/produit\/pure-7ax-312"},"modified":"2025-12-03T10:07:01","modified_gmt":"2025-12-03T09:07:01","slug":"pure-7ax-312","status":"publish","type":"product","link":"https:\/\/www.laboratoires-unisson.com\/fr-be\/produit\/appareils-auditifs\/signia\/pure-7ax-312","title":{"rendered":"Pure 7AX 312"},"content":{"rendered":"<p><span style=\"font-weight: 400;\">L\u2019appareil auditif Pure 7AX 312\u00a0 est un <a href=\"https:\/\/www.laboratoires-unisson.com\/fr-be\/appareils-auditifs\/types\/contour-ric\"><strong>micro contour d\u2019oreille RIC<\/strong><\/a> de la marque Signia. Il appartient \u00e0 la Classe 2 et constitue la <strong>meilleure technologie<\/strong> propos\u00e9e par la marque au sein de la famille Pure 312 AX.<\/span><\/p>\n<p><span style=\"font-weight: 400;\">Les aides auditives Pure 7AX 312 vous offriront un meilleur filtrage du bruit et une meilleure restitution sonore. Gr\u00e2ce \u00e0 ses 48 canaux de traitement, vous obtiendrez <strong>un son d\u2019une excellente qualit\u00e9 dans n\u2019importe quel environnement<\/strong>, m\u00eame les plus bruyants.<\/span><\/p>\n<p><span style=\"font-weight: 400;\">La forme de cet appareil permet d\u2019allier <strong>discr\u00e9tion et performance<\/strong> : il se place discr\u00e8tement derri\u00e8re votre oreille. De nombreuses couleurs sont disponibles pour satisfaire les envies de chaque malentendant : noir, graphite, dark champagne, argent, blanc, dor\u00e9, brun clair\/fonc\u00e9, rose, beige.<\/span><\/p>\n<p><span style=\"font-weight: 400;\">Ce mod\u00e8le est une alternative aux <a href=\"https:\/\/www.laboratoires-unisson.com\/fr-be\/appareils-auditifs\/options\/rechargeables\">appareils auditifs rechargeables<\/a>. Le Signia Pure 7AX 312 est dot\u00e9 d\u2019une pile auditive 312, offrant une autonomie moyenne de 7 \u00e0 10 jours selon l\u2019utilisation.<\/span><\/p>\n<p><span style=\"font-weight: 400;\">Gr\u00e2ce au rocker switch (bouton poussoir), vous pourrez commander facilement les programmes et volume de vos proth\u00e8ses auditives. Avec l\u2019application Signia App, vous pourrez \u00e9galement les contr\u00f4ler \u00e0 distance.<\/span><\/p>\n<p><span style=\"font-weight: 400;\">Gr\u00e2ce \u00e0 sa <strong>connectivit\u00e9 Bluetooth de pointe<\/strong>, vous pourrez diffuser facilement vos appels, musique et son de la t\u00e9l\u00e9vision directement dans vos aides auditives Pure 312 AX. <\/span><span style=\"font-weight: 400;\">C\u2019est un appareil dit Made for All car compatible avec les smartphones Android et iOS. <\/span><span style=\"font-weight: 400;\">De plus, disponible uniquement pour iPhone, vous pourrez recevoir vos appels en mode mains libres.<\/span><\/p>\n<p><span style=\"font-weight: 400;\">Cette audioproth\u00e8se r\u00e9pond \u00e0 <strong>tout type de degr\u00e9 de perte auditive<\/strong> : l\u00e9ger, moyen et s\u00e9v\u00e8re.<\/span><\/p>\n<p><span style=\"font-weight: 400;\">Le Signia Pure 7AX 312 est \u00e9quip\u00e9 de la puce AX, qui int\u00e8gre les derni\u00e8res et meilleures technologies du march\u00e9 audiologique : capteurs de mouvement et acoustique, plage dynamique d\u2019entr\u00e9e accrue, Augmented Focus, Auto EchoShield, Own Voice Processing 2.0.<\/span><\/p>\n<p><span style=\"font-weight: 400;\">Si vous \u00eates \u00e0 la recherche d\u2019un appareil auditif haut de gamme, restituant un son de qualit\u00e9 et offrant de nombreux avantages et ce dans toutes les situations sonores, alors optez pour le Pure 7AX 312.\u00a0<\/span><\/p>\n<p><span style=\"font-weight: 400;\">N\u2019h\u00e9sitez pas \u00e0 vous adresser \u00e0 un centre auditif Unisson pour b\u00e9n\u00e9ficier de l\u2019essai gratuit, <strong>des conseils de nos audioproth\u00e9sistes et du meilleur prix en France<\/strong>.<\/span><\/p>\n","protected":false},"excerpt":{"rendered":"<p>L\u2019appareil auditif Pure 7AX 312\u00a0 est un micro contour d\u2019oreille RIC de la marque Signia. Il appartient \u00e0 la Classe 2 et constitue la meilleure technologie propos\u00e9e par la marque au sein de la famille Pure 312 AX. Les aides auditives Pure 7AX 312 vous offriront un meilleur filtrage du bruit et une meilleure restitution [&hellip;]<\/p>\n","protected":false},"featured_media":20801,"template":"","meta":{"_acf_changed":false},"product_brand":[],"product_cat":[2684,2830],"product_tag":[],"class_list":{"0":"post-22874","1":"product","2":"type-product","3":"status-publish","4":"has-post-thumbnail","6":"product_cat-offre-premium-fr-be","7":"product_cat-signia-fr-be","9":"first","10":"instock","11":"virtual","12":"taxable","13":"purchasable","14":"product-type-simple"},"acf":[],"yoast_head":"<!-- This site is optimized with the Yoast SEO plugin v27.1.1 - https:\/\/yoast.com\/product\/yoast-seo-wordpress\/ -->\n<title>Appareil auditif Signia Pure 7AX 312 \u00e0 1900\u20ac - Unisson Belgique<\/title>\n<meta name=\"description\" content=\"L\u2019appareil auditif Pure 7AX 312\u00a0 est un micro contour d\u2019oreille RIC de la marque Signia. Il appartient \u00e0 la Classe 2 et constitue la meilleure technologie\" \/>\n<meta name=\"robots\" content=\"index, follow, max-snippet:-1, max-image-preview:large, max-video-preview:-1\" \/>\n<link rel=\"canonical\" href=\"https:\/\/www.laboratoires-unisson.com\/fr-be\/wp-json\/wp\/v2\/product\/22874\" \/>\n<meta property=\"og:locale\" content=\"fr_FR\" \/>\n<meta property=\"og:type\" content=\"article\" \/>\n<meta property=\"og:title\" content=\"Pure 7AX 312 - Laboratoires Unisson\" \/>\n<meta property=\"og:description\" content=\"L\u2019appareil auditif Pure 7AX 312\u00a0 est un micro contour d\u2019oreille RIC de la marque Signia. Il appartient \u00e0 la Classe 2 et constitue la meilleure technologie\" \/>\n<meta property=\"og:url\" content=\"https:\/\/www.laboratoires-unisson.com\/fr-be\/produit\/appareils-auditifs\/signia\/pure-7ax-312\" \/>\n<meta property=\"og:site_name\" content=\"Laboratoires Unisson\" \/>\n<meta property=\"article:modified_time\" content=\"2025-12-03T09:07:01+00:00\" \/>\n<meta property=\"og:image\" content=\"https:\/\/www.laboratoires-unisson.com\/wp-content\/uploads\/2022\/09\/Signia-Pure-7AX-312.png\" \/>\n\t<meta property=\"og:image:width\" content=\"437\" \/>\n\t<meta property=\"og:image:height\" content=\"417\" \/>\n\t<meta property=\"og:image:type\" content=\"image\/png\" \/>\n<meta name=\"twitter:card\" content=\"summary_large_image\" \/>\n<meta name=\"twitter:label1\" content=\"Est. reading time\" \/>\n\t<meta name=\"twitter:data1\" content=\"2 minutes\" \/>\n<script type=\"application\/ld+json\" class=\"yoast-schema-graph\">{\"@context\":\"https:\/\/schema.org\",\"@graph\":[{\"@type\":\"WebPage\",\"@id\":\"https:\/\/www.laboratoires-unisson.com\/fr-be\/produit\/appareils-auditifs\/signia\/pure-7ax-312\",\"url\":\"https:\/\/www.laboratoires-unisson.com\/fr-be\/produit\/appareils-auditifs\/signia\/pure-7ax-312\",\"name\":\"Pure 7AX 312 - Laboratoires Unisson\",\"isPartOf\":{\"@id\":\"https:\/\/www.laboratoires-unisson.com\/fr-be#website\"},\"primaryImageOfPage\":{\"@id\":\"https:\/\/www.laboratoires-unisson.com\/fr-be\/produit\/appareils-auditifs\/signia\/pure-7ax-312#primaryimage\"},\"image\":{\"@id\":\"https:\/\/www.laboratoires-unisson.com\/fr-be\/produit\/appareils-auditifs\/signia\/pure-7ax-312#primaryimage\"},\"thumbnailUrl\":\"https:\/\/www.laboratoires-unisson.com\/wp-content\/uploads\/2022\/09\/Signia-Pure-7AX-312.png\",\"datePublished\":\"2022-09-27T09:51:42+00:00\",\"dateModified\":\"2025-12-03T09:07:01+00:00\",\"description\":\"L\u2019appareil auditif Pure 7AX 312\u00a0 est un micro contour d\u2019oreille RIC de la marque Signia. Il appartient \u00e0 la Classe 2 et constitue la meilleure technologie\",\"breadcrumb\":{\"@id\":\"https:\/\/www.laboratoires-unisson.com\/fr-be\/produit\/appareils-auditifs\/signia\/pure-7ax-312#breadcrumb\"},\"inLanguage\":\"fr-BE\",\"potentialAction\":[{\"@type\":\"ReadAction\",\"target\":[\"https:\/\/www.laboratoires-unisson.com\/fr-be\/produit\/appareils-auditifs\/signia\/pure-7ax-312\"]}]},{\"@type\":\"ImageObject\",\"inLanguage\":\"fr-BE\",\"@id\":\"https:\/\/www.laboratoires-unisson.com\/fr-be\/produit\/appareils-auditifs\/signia\/pure-7ax-312#primaryimage\",\"url\":\"https:\/\/www.laboratoires-unisson.com\/wp-content\/uploads\/2022\/09\/Signia-Pure-7AX-312.png\",\"contentUrl\":\"https:\/\/www.laboratoires-unisson.com\/wp-content\/uploads\/2022\/09\/Signia-Pure-7AX-312.png\",\"width\":437,\"height\":417},{\"@type\":\"BreadcrumbList\",\"@id\":\"https:\/\/www.laboratoires-unisson.com\/fr-be\/produit\/appareils-auditifs\/signia\/pure-7ax-312#breadcrumb\",\"itemListElement\":[{\"@type\":\"ListItem\",\"position\":1,\"name\":\"Shop\",\"item\":\"https:\/\/www.laboratoires-unisson.com\/fr-be\/shop\"},{\"@type\":\"ListItem\",\"position\":2,\"name\":\"Pure 7AX 312\"}]},{\"@type\":\"WebSite\",\"@id\":\"https:\/\/www.laboratoires-unisson.com\/fr-be#website\",\"url\":\"https:\/\/www.laboratoires-unisson.com\/fr-be\",\"name\":\"Laboratoires Unisson\",\"description\":\"Appareil auditif et proth\u00e8se auditive Moins Cher jusqu&#039;\u00e0 -40%\",\"publisher\":{\"@id\":\"https:\/\/www.laboratoires-unisson.com\/fr-be#organization\"},\"potentialAction\":[{\"@type\":\"SearchAction\",\"target\":{\"@type\":\"EntryPoint\",\"urlTemplate\":\"https:\/\/www.laboratoires-unisson.com\/fr-be?s={search_term_string}\"},\"query-input\":{\"@type\":\"PropertyValueSpecification\",\"valueRequired\":true,\"valueName\":\"search_term_string\"}}],\"inLanguage\":\"fr-BE\"},{\"@type\":\"Organization\",\"@id\":\"https:\/\/www.laboratoires-unisson.com\/fr-be#organization\",\"name\":\"Laboratoires Unisson\",\"url\":\"https:\/\/www.laboratoires-unisson.com\/fr-be\",\"logo\":{\"@type\":\"ImageObject\",\"inLanguage\":\"fr-BE\",\"@id\":\"https:\/\/www.laboratoires-unisson.com\/fr-be#\/schema\/logo\/image\/\",\"url\":\"https:\/\/www.laboratoires-unisson.com\/wp-content\/uploads\/2022\/01\/logo-unisson.svg\",\"contentUrl\":\"https:\/\/www.laboratoires-unisson.com\/wp-content\/uploads\/2022\/01\/logo-unisson.svg\",\"width\":1,\"height\":1,\"caption\":\"Laboratoires Unisson\"},\"image\":{\"@id\":\"https:\/\/www.laboratoires-unisson.com\/fr-be#\/schema\/logo\/image\/\"}}]}<\/script>\n<!-- \/ Yoast SEO plugin. -->","yoast_head_json":{"title":"Appareil auditif Signia Pure 7AX 312 \u00e0 1900\u20ac - Unisson Belgique","description":"L\u2019appareil auditif Pure 7AX 312\u00a0 est un micro contour d\u2019oreille RIC de la marque Signia. Il appartient \u00e0 la Classe 2 et constitue la meilleure technologie","robots":{"index":"index","follow":"follow","max-snippet":"max-snippet:-1","max-image-preview":"max-image-preview:large","max-video-preview":"max-video-preview:-1"},"canonical":"https:\/\/www.laboratoires-unisson.com\/fr-be\/wp-json\/wp\/v2\/product\/22874","og_locale":"fr_FR","og_type":"article","og_title":"Pure 7AX 312 - Laboratoires Unisson","og_description":"L\u2019appareil auditif Pure 7AX 312\u00a0 est un micro contour d\u2019oreille RIC de la marque Signia. Il appartient \u00e0 la Classe 2 et constitue la meilleure technologie","og_url":"https:\/\/www.laboratoires-unisson.com\/fr-be\/produit\/appareils-auditifs\/signia\/pure-7ax-312","og_site_name":"Laboratoires Unisson","article_modified_time":"2025-12-03T09:07:01+00:00","og_image":[{"width":437,"height":417,"url":"https:\/\/www.laboratoires-unisson.com\/wp-content\/uploads\/2022\/09\/Signia-Pure-7AX-312.png","type":"image\/png"}],"twitter_card":"summary_large_image","twitter_misc":{"Est. reading time":"2 minutes"},"schema":{"@context":"https:\/\/schema.org","@graph":[{"@type":"WebPage","@id":"https:\/\/www.laboratoires-unisson.com\/fr-be\/produit\/appareils-auditifs\/signia\/pure-7ax-312","url":"https:\/\/www.laboratoires-unisson.com\/fr-be\/produit\/appareils-auditifs\/signia\/pure-7ax-312","name":"Pure 7AX 312 - Laboratoires Unisson","isPartOf":{"@id":"https:\/\/www.laboratoires-unisson.com\/fr-be#website"},"primaryImageOfPage":{"@id":"https:\/\/www.laboratoires-unisson.com\/fr-be\/produit\/appareils-auditifs\/signia\/pure-7ax-312#primaryimage"},"image":{"@id":"https:\/\/www.laboratoires-unisson.com\/fr-be\/produit\/appareils-auditifs\/signia\/pure-7ax-312#primaryimage"},"thumbnailUrl":"https:\/\/www.laboratoires-unisson.com\/wp-content\/uploads\/2022\/09\/Signia-Pure-7AX-312.png","datePublished":"2022-09-27T09:51:42+00:00","dateModified":"2025-12-03T09:07:01+00:00","description":"L\u2019appareil auditif Pure 7AX 312\u00a0 est un micro contour d\u2019oreille RIC de la marque Signia. Il appartient \u00e0 la Classe 2 et constitue la meilleure technologie","breadcrumb":{"@id":"https:\/\/www.laboratoires-unisson.com\/fr-be\/produit\/appareils-auditifs\/signia\/pure-7ax-312#breadcrumb"},"inLanguage":"fr-BE","potentialAction":[{"@type":"ReadAction","target":["https:\/\/www.laboratoires-unisson.com\/fr-be\/produit\/appareils-auditifs\/signia\/pure-7ax-312"]}]},{"@type":"ImageObject","inLanguage":"fr-BE","@id":"https:\/\/www.laboratoires-unisson.com\/fr-be\/produit\/appareils-auditifs\/signia\/pure-7ax-312#primaryimage","url":"https:\/\/www.laboratoires-unisson.com\/wp-content\/uploads\/2022\/09\/Signia-Pure-7AX-312.png","contentUrl":"https:\/\/www.laboratoires-unisson.com\/wp-content\/uploads\/2022\/09\/Signia-Pure-7AX-312.png","width":437,"height":417},{"@type":"BreadcrumbList","@id":"https:\/\/www.laboratoires-unisson.com\/fr-be\/produit\/appareils-auditifs\/signia\/pure-7ax-312#breadcrumb","itemListElement":[{"@type":"ListItem","position":1,"name":"Shop","item":"https:\/\/www.laboratoires-unisson.com\/fr-be\/shop"},{"@type":"ListItem","position":2,"name":"Pure 7AX 312"}]},{"@type":"WebSite","@id":"https:\/\/www.laboratoires-unisson.com\/fr-be#website","url":"https:\/\/www.laboratoires-unisson.com\/fr-be","name":"Laboratoires Unisson","description":"Appareil auditif et proth\u00e8se auditive Moins Cher jusqu&#039;\u00e0 -40%","publisher":{"@id":"https:\/\/www.laboratoires-unisson.com\/fr-be#organization"},"potentialAction":[{"@type":"SearchAction","target":{"@type":"EntryPoint","urlTemplate":"https:\/\/www.laboratoires-unisson.com\/fr-be?s={search_term_string}"},"query-input":{"@type":"PropertyValueSpecification","valueRequired":true,"valueName":"search_term_string"}}],"inLanguage":"fr-BE"},{"@type":"Organization","@id":"https:\/\/www.laboratoires-unisson.com\/fr-be#organization","name":"Laboratoires Unisson","url":"https:\/\/www.laboratoires-unisson.com\/fr-be","logo":{"@type":"ImageObject","inLanguage":"fr-BE","@id":"https:\/\/www.laboratoires-unisson.com\/fr-be#\/schema\/logo\/image\/","url":"https:\/\/www.laboratoires-unisson.com\/wp-content\/uploads\/2022\/01\/logo-unisson.svg","contentUrl":"https:\/\/www.laboratoires-unisson.com\/wp-content\/uploads\/2022\/01\/logo-unisson.svg","width":1,"height":1,"caption":"Laboratoires Unisson"},"image":{"@id":"https:\/\/www.laboratoires-unisson.com\/fr-be#\/schema\/logo\/image\/"}}]}},"_links":{"self":[{"href":"https:\/\/www.laboratoires-unisson.com\/fr-be\/wp-json\/wp\/v2\/product\/22874","targetHints":{"allow":["GET"]}}],"collection":[{"href":"https:\/\/www.laboratoires-unisson.com\/fr-be\/wp-json\/wp\/v2\/product"}],"about":[{"href":"https:\/\/www.laboratoires-unisson.com\/fr-be\/wp-json\/wp\/v2\/types\/product"}],"wp:featuredmedia":[{"embeddable":true,"href":"https:\/\/www.laboratoires-unisson.com\/fr-be\/wp-json\/wp\/v2\/media\/20801"}],"wp:attachment":[{"href":"https:\/\/www.laboratoires-unisson.com\/fr-be\/wp-json\/wp\/v2\/media?parent=22874"}],"wp:term":[{"taxonomy":"product_brand","embeddable":true,"href":"https:\/\/www.laboratoires-unisson.com\/fr-be\/wp-json\/wp\/v2\/product_brand?post=22874"},{"taxonomy":"product_cat","embeddable":true,"href":"https:\/\/www.laboratoires-unisson.com\/fr-be\/wp-json\/wp\/v2\/product_cat?post=22874"},{"taxonomy":"product_tag","embeddable":true,"href":"https:\/\/www.laboratoires-unisson.com\/fr-be\/wp-json\/wp\/v2\/product_tag?post=22874"}],"curies":[{"name":"wp","href":"https:\/\/api.w.org\/{rel}","templated":true}]}}