{"id":22875,"date":"2022-09-27T11:51:31","date_gmt":"2022-09-27T09:51:31","guid":{"rendered":"https:\/\/www.laboratoires-unisson.com\/produit\/pure-5ax-312"},"modified":"2025-12-03T10:07:01","modified_gmt":"2025-12-03T09:07:01","slug":"pure-5ax-312","status":"publish","type":"product","link":"https:\/\/www.laboratoires-unisson.com\/fr-be\/produit\/appareils-auditifs\/signia\/pure-5ax-312","title":{"rendered":"Pure 5AX 312"},"content":{"rendered":"<p><span style=\"font-weight: 400;\">La proth\u00e8se auditive Pure 5AX 312 est un <strong>micro contour RIC connect\u00e9<\/strong>, qui se loge derri\u00e8re votre oreille. Elle r\u00e9pond \u00e0 toutes les pertes auditives : l\u00e9g\u00e8res, moyennes et s\u00e9v\u00e8res.<\/span><\/p>\n<p><span style=\"font-weight: 400;\">Ce mod\u00e8le int\u00e8gre les <strong>fonctionnalit\u00e9s de la plateforme AX<\/strong>, qui offre plusieurs avantages par rapport \u00e0 son pr\u00e9d\u00e9cesseur, Pure X :<\/span><\/p>\n<ul>\n<li style=\"font-weight: 400;\" aria-level=\"1\"><span style=\"font-weight: 400;\">Augmented Focus (2 processeurs utilis\u00e9s pour traiter s\u00e9par\u00e9ment la parole et les bruits environnants)<\/span><\/li>\n<li style=\"font-weight: 400;\" aria-level=\"1\"><span style=\"font-weight: 400;\">Own Voice Processing 2.0<\/span><\/li>\n<li style=\"font-weight: 400;\" aria-level=\"1\"><span style=\"font-weight: 400;\">Aucro EchoShield<\/span><\/li>\n<li style=\"font-weight: 400;\" aria-level=\"1\"><span style=\"font-weight: 400;\">Connectivit\u00e9 Bluetooth optimis\u00e9e<\/span><\/li>\n<li style=\"font-weight: 400;\" aria-level=\"1\"><span style=\"font-weight: 400;\">Streaming direct Android et iOS<\/span><\/li>\n<li style=\"font-weight: 400;\" aria-level=\"1\"><span style=\"font-weight: 400;\">Plage dynamique d\u2019entr\u00e9e accrue<\/span><\/li>\n<\/ul>\n<p><span style=\"font-weight: 400;\">Le mod\u00e8le Pure 5AX 312 est le <strong>milieu de gamme de la famille Pure AX 312<\/strong>. C\u2019est un appareil facile d\u2019utilisation, discret et offrant de bonnes performances auditives.\u00a0<\/span><\/p>\n<p><span style=\"font-weight: 400;\">Si vous souhaitez profiter pleinement des b\u00e9n\u00e9fices de la puce AX de Signia, alors nous vous conseillons l\u2019appareil auditif Pure 7AX 312.<\/span><\/p>\n<p><span style=\"font-weight: 400;\">Il dispose de 24 canaux de traitement, 12 bandes d\u2019adaptation, d\u2019un tiroir pile accueillant une pile auditive 312 et d\u2019une connexion Bluetooth. Les appareils auditifs Pure 5AX 312 peuvent se connecter \u00e0 des <strong>accessoires sans fil<\/strong> tels que la StreamLine TV, la StreamLine Mic et la miniPocket.<\/span><\/p>\n<p><span style=\"font-weight: 400;\">Pour une perte auditive unilat\u00e9rale, le CROS est disponible sur le Pure 5AX 312.<\/span><\/p>\n<p><span style=\"font-weight: 400;\">En venant vous \u00e9quiper d\u2019un appareillage auditif chez Unisson, <strong>vous b\u00e9n\u00e9ficierez des conseils avis\u00e9s de nos audioproth\u00e9sistes et du prix le moins cher en France<\/strong>. <a href=\"https:\/\/www.laboratoires-unisson.com\/fr-be\/appareils-auditifs\/prix\">Le prix de nos appareils auditifs<\/a> est le plus accessible\u00a0 afin que chaque malentendant puisse b\u00e9n\u00e9ficier du meilleur de la technologie auditive.<\/span><\/p>\n<p><span style=\"font-weight: 400;\">Envie de tester cet appareil ? Contactez nos <a href=\"https:\/\/www.laboratoires-unisson.com\/fr-be\">audioproth\u00e9siste<\/a>s pour faire un essai gratuit. Si vous disposez d\u2019un audiogramme, nous pourrons vous aiguiller sur le mod\u00e8le d\u2019aide auditive le plus adapt\u00e9 \u00e0 votre perte auditive.<\/span><\/p>\n","protected":false},"excerpt":{"rendered":"<p>La proth\u00e8se auditive Pure 5AX 312 est un micro contour RIC connect\u00e9, qui se loge derri\u00e8re votre oreille. Elle r\u00e9pond \u00e0 toutes les pertes auditives : l\u00e9g\u00e8res, moyennes et s\u00e9v\u00e8res. Ce mod\u00e8le int\u00e8gre les fonctionnalit\u00e9s de la plateforme AX, qui offre plusieurs avantages par rapport \u00e0 son pr\u00e9d\u00e9cesseur, Pure X : Augmented Focus (2 processeurs [&hellip;]<\/p>\n","protected":false},"featured_media":20342,"template":"","meta":{"_acf_changed":false},"product_brand":[],"product_cat":[2830],"product_tag":[],"class_list":{"0":"post-22875","1":"product","2":"type-product","3":"status-publish","4":"has-post-thumbnail","6":"product_cat-signia-fr-be","8":"first","9":"instock","10":"taxable","11":"shipping-taxable","12":"purchasable","13":"product-type-simple"},"acf":[],"yoast_head":"<!-- This site is optimized with the Yoast SEO plugin v27.1.1 - https:\/\/yoast.com\/product\/yoast-seo-wordpress\/ -->\n<title>Appareil auditif Signia Pure 5AX 312 \u00e0 1650\u20ac - Unisson Belgique<\/title>\n<meta name=\"description\" content=\"Comment am\u00e9liorer votre audition avec Signia Pure 5AX 312 ? D\u00e9couvrez cet appareil pour une qualit\u00e9 sonore exceptionnelle. Cliquez pour en savoir plus.\" \/>\n<meta name=\"robots\" content=\"index, follow, max-snippet:-1, max-image-preview:large, max-video-preview:-1\" \/>\n<link rel=\"canonical\" href=\"https:\/\/www.laboratoires-unisson.com\/fr-be\/wp-json\/wp\/v2\/product\/22875\" \/>\n<meta property=\"og:locale\" content=\"fr_FR\" \/>\n<meta property=\"og:type\" content=\"article\" \/>\n<meta property=\"og:title\" content=\"Pure 5AX 312 - Laboratoires Unisson\" \/>\n<meta property=\"og:description\" content=\"Comment am\u00e9liorer votre audition avec Signia Pure 5AX 312 ? D\u00e9couvrez cet appareil pour une qualit\u00e9 sonore exceptionnelle. Cliquez pour en savoir plus.\" \/>\n<meta property=\"og:url\" content=\"https:\/\/www.laboratoires-unisson.com\/fr-be\/produit\/appareils-auditifs\/signia\/pure-5ax-312\" \/>\n<meta property=\"og:site_name\" content=\"Laboratoires Unisson\" \/>\n<meta property=\"article:modified_time\" content=\"2025-12-03T09:07:01+00:00\" \/>\n<meta property=\"og:image\" content=\"https:\/\/www.laboratoires-unisson.com\/wp-content\/uploads\/2022\/09\/signia-pure-5ax-312-2-3.jpg\" \/>\n\t<meta property=\"og:image:width\" content=\"437\" \/>\n\t<meta property=\"og:image:height\" content=\"417\" \/>\n\t<meta property=\"og:image:type\" content=\"image\/jpeg\" \/>\n<meta name=\"twitter:card\" content=\"summary_large_image\" \/>\n<meta name=\"twitter:label1\" content=\"Est. reading time\" \/>\n\t<meta name=\"twitter:data1\" content=\"2 minutes\" \/>\n<script type=\"application\/ld+json\" class=\"yoast-schema-graph\">{\"@context\":\"https:\/\/schema.org\",\"@graph\":[{\"@type\":\"WebPage\",\"@id\":\"https:\/\/www.laboratoires-unisson.com\/fr-be\/produit\/appareils-auditifs\/signia\/pure-5ax-312\",\"url\":\"https:\/\/www.laboratoires-unisson.com\/fr-be\/produit\/appareils-auditifs\/signia\/pure-5ax-312\",\"name\":\"Pure 5AX 312 - Laboratoires Unisson\",\"isPartOf\":{\"@id\":\"https:\/\/www.laboratoires-unisson.com\/fr-be#website\"},\"primaryImageOfPage\":{\"@id\":\"https:\/\/www.laboratoires-unisson.com\/fr-be\/produit\/appareils-auditifs\/signia\/pure-5ax-312#primaryimage\"},\"image\":{\"@id\":\"https:\/\/www.laboratoires-unisson.com\/fr-be\/produit\/appareils-auditifs\/signia\/pure-5ax-312#primaryimage\"},\"thumbnailUrl\":\"https:\/\/www.laboratoires-unisson.com\/wp-content\/uploads\/2022\/09\/signia-pure-5ax-312-2-3.jpg\",\"datePublished\":\"2022-09-27T09:51:31+00:00\",\"dateModified\":\"2025-12-03T09:07:01+00:00\",\"description\":\"Comment am\u00e9liorer votre audition avec Signia Pure 5AX 312 ? D\u00e9couvrez cet appareil pour une qualit\u00e9 sonore exceptionnelle. Cliquez pour en savoir plus.\",\"breadcrumb\":{\"@id\":\"https:\/\/www.laboratoires-unisson.com\/fr-be\/produit\/appareils-auditifs\/signia\/pure-5ax-312#breadcrumb\"},\"inLanguage\":\"fr-BE\",\"potentialAction\":[{\"@type\":\"ReadAction\",\"target\":[\"https:\/\/www.laboratoires-unisson.com\/fr-be\/produit\/appareils-auditifs\/signia\/pure-5ax-312\"]}]},{\"@type\":\"ImageObject\",\"inLanguage\":\"fr-BE\",\"@id\":\"https:\/\/www.laboratoires-unisson.com\/fr-be\/produit\/appareils-auditifs\/signia\/pure-5ax-312#primaryimage\",\"url\":\"https:\/\/www.laboratoires-unisson.com\/wp-content\/uploads\/2022\/09\/signia-pure-5ax-312-2-3.jpg\",\"contentUrl\":\"https:\/\/www.laboratoires-unisson.com\/wp-content\/uploads\/2022\/09\/signia-pure-5ax-312-2-3.jpg\",\"width\":437,\"height\":417},{\"@type\":\"BreadcrumbList\",\"@id\":\"https:\/\/www.laboratoires-unisson.com\/fr-be\/produit\/appareils-auditifs\/signia\/pure-5ax-312#breadcrumb\",\"itemListElement\":[{\"@type\":\"ListItem\",\"position\":1,\"name\":\"Shop\",\"item\":\"https:\/\/www.laboratoires-unisson.com\/fr-be\/shop\"},{\"@type\":\"ListItem\",\"position\":2,\"name\":\"Pure 5AX 312\"}]},{\"@type\":\"WebSite\",\"@id\":\"https:\/\/www.laboratoires-unisson.com\/fr-be#website\",\"url\":\"https:\/\/www.laboratoires-unisson.com\/fr-be\",\"name\":\"Laboratoires Unisson\",\"description\":\"Appareil auditif et proth\u00e8se auditive Moins Cher jusqu&#039;\u00e0 -40%\",\"publisher\":{\"@id\":\"https:\/\/www.laboratoires-unisson.com\/fr-be#organization\"},\"potentialAction\":[{\"@type\":\"SearchAction\",\"target\":{\"@type\":\"EntryPoint\",\"urlTemplate\":\"https:\/\/www.laboratoires-unisson.com\/fr-be?s={search_term_string}\"},\"query-input\":{\"@type\":\"PropertyValueSpecification\",\"valueRequired\":true,\"valueName\":\"search_term_string\"}}],\"inLanguage\":\"fr-BE\"},{\"@type\":\"Organization\",\"@id\":\"https:\/\/www.laboratoires-unisson.com\/fr-be#organization\",\"name\":\"Laboratoires Unisson\",\"url\":\"https:\/\/www.laboratoires-unisson.com\/fr-be\",\"logo\":{\"@type\":\"ImageObject\",\"inLanguage\":\"fr-BE\",\"@id\":\"https:\/\/www.laboratoires-unisson.com\/fr-be#\/schema\/logo\/image\/\",\"url\":\"https:\/\/www.laboratoires-unisson.com\/wp-content\/uploads\/2022\/01\/logo-unisson.svg\",\"contentUrl\":\"https:\/\/www.laboratoires-unisson.com\/wp-content\/uploads\/2022\/01\/logo-unisson.svg\",\"width\":1,\"height\":1,\"caption\":\"Laboratoires Unisson\"},\"image\":{\"@id\":\"https:\/\/www.laboratoires-unisson.com\/fr-be#\/schema\/logo\/image\/\"}}]}<\/script>\n<!-- \/ Yoast SEO plugin. -->","yoast_head_json":{"title":"Appareil auditif Signia Pure 5AX 312 \u00e0 1650\u20ac - Unisson Belgique","description":"Comment am\u00e9liorer votre audition avec Signia Pure 5AX 312 ? D\u00e9couvrez cet appareil pour une qualit\u00e9 sonore exceptionnelle. Cliquez pour en savoir plus.","robots":{"index":"index","follow":"follow","max-snippet":"max-snippet:-1","max-image-preview":"max-image-preview:large","max-video-preview":"max-video-preview:-1"},"canonical":"https:\/\/www.laboratoires-unisson.com\/fr-be\/wp-json\/wp\/v2\/product\/22875","og_locale":"fr_FR","og_type":"article","og_title":"Pure 5AX 312 - Laboratoires Unisson","og_description":"Comment am\u00e9liorer votre audition avec Signia Pure 5AX 312 ? D\u00e9couvrez cet appareil pour une qualit\u00e9 sonore exceptionnelle. Cliquez pour en savoir plus.","og_url":"https:\/\/www.laboratoires-unisson.com\/fr-be\/produit\/appareils-auditifs\/signia\/pure-5ax-312","og_site_name":"Laboratoires Unisson","article_modified_time":"2025-12-03T09:07:01+00:00","og_image":[{"width":437,"height":417,"url":"https:\/\/www.laboratoires-unisson.com\/wp-content\/uploads\/2022\/09\/signia-pure-5ax-312-2-3.jpg","type":"image\/jpeg"}],"twitter_card":"summary_large_image","twitter_misc":{"Est. reading time":"2 minutes"},"schema":{"@context":"https:\/\/schema.org","@graph":[{"@type":"WebPage","@id":"https:\/\/www.laboratoires-unisson.com\/fr-be\/produit\/appareils-auditifs\/signia\/pure-5ax-312","url":"https:\/\/www.laboratoires-unisson.com\/fr-be\/produit\/appareils-auditifs\/signia\/pure-5ax-312","name":"Pure 5AX 312 - Laboratoires Unisson","isPartOf":{"@id":"https:\/\/www.laboratoires-unisson.com\/fr-be#website"},"primaryImageOfPage":{"@id":"https:\/\/www.laboratoires-unisson.com\/fr-be\/produit\/appareils-auditifs\/signia\/pure-5ax-312#primaryimage"},"image":{"@id":"https:\/\/www.laboratoires-unisson.com\/fr-be\/produit\/appareils-auditifs\/signia\/pure-5ax-312#primaryimage"},"thumbnailUrl":"https:\/\/www.laboratoires-unisson.com\/wp-content\/uploads\/2022\/09\/signia-pure-5ax-312-2-3.jpg","datePublished":"2022-09-27T09:51:31+00:00","dateModified":"2025-12-03T09:07:01+00:00","description":"Comment am\u00e9liorer votre audition avec Signia Pure 5AX 312 ? D\u00e9couvrez cet appareil pour une qualit\u00e9 sonore exceptionnelle. Cliquez pour en savoir plus.","breadcrumb":{"@id":"https:\/\/www.laboratoires-unisson.com\/fr-be\/produit\/appareils-auditifs\/signia\/pure-5ax-312#breadcrumb"},"inLanguage":"fr-BE","potentialAction":[{"@type":"ReadAction","target":["https:\/\/www.laboratoires-unisson.com\/fr-be\/produit\/appareils-auditifs\/signia\/pure-5ax-312"]}]},{"@type":"ImageObject","inLanguage":"fr-BE","@id":"https:\/\/www.laboratoires-unisson.com\/fr-be\/produit\/appareils-auditifs\/signia\/pure-5ax-312#primaryimage","url":"https:\/\/www.laboratoires-unisson.com\/wp-content\/uploads\/2022\/09\/signia-pure-5ax-312-2-3.jpg","contentUrl":"https:\/\/www.laboratoires-unisson.com\/wp-content\/uploads\/2022\/09\/signia-pure-5ax-312-2-3.jpg","width":437,"height":417},{"@type":"BreadcrumbList","@id":"https:\/\/www.laboratoires-unisson.com\/fr-be\/produit\/appareils-auditifs\/signia\/pure-5ax-312#breadcrumb","itemListElement":[{"@type":"ListItem","position":1,"name":"Shop","item":"https:\/\/www.laboratoires-unisson.com\/fr-be\/shop"},{"@type":"ListItem","position":2,"name":"Pure 5AX 312"}]},{"@type":"WebSite","@id":"https:\/\/www.laboratoires-unisson.com\/fr-be#website","url":"https:\/\/www.laboratoires-unisson.com\/fr-be","name":"Laboratoires Unisson","description":"Appareil auditif et proth\u00e8se auditive Moins Cher jusqu&#039;\u00e0 -40%","publisher":{"@id":"https:\/\/www.laboratoires-unisson.com\/fr-be#organization"},"potentialAction":[{"@type":"SearchAction","target":{"@type":"EntryPoint","urlTemplate":"https:\/\/www.laboratoires-unisson.com\/fr-be?s={search_term_string}"},"query-input":{"@type":"PropertyValueSpecification","valueRequired":true,"valueName":"search_term_string"}}],"inLanguage":"fr-BE"},{"@type":"Organization","@id":"https:\/\/www.laboratoires-unisson.com\/fr-be#organization","name":"Laboratoires Unisson","url":"https:\/\/www.laboratoires-unisson.com\/fr-be","logo":{"@type":"ImageObject","inLanguage":"fr-BE","@id":"https:\/\/www.laboratoires-unisson.com\/fr-be#\/schema\/logo\/image\/","url":"https:\/\/www.laboratoires-unisson.com\/wp-content\/uploads\/2022\/01\/logo-unisson.svg","contentUrl":"https:\/\/www.laboratoires-unisson.com\/wp-content\/uploads\/2022\/01\/logo-unisson.svg","width":1,"height":1,"caption":"Laboratoires Unisson"},"image":{"@id":"https:\/\/www.laboratoires-unisson.com\/fr-be#\/schema\/logo\/image\/"}}]}},"_links":{"self":[{"href":"https:\/\/www.laboratoires-unisson.com\/fr-be\/wp-json\/wp\/v2\/product\/22875","targetHints":{"allow":["GET"]}}],"collection":[{"href":"https:\/\/www.laboratoires-unisson.com\/fr-be\/wp-json\/wp\/v2\/product"}],"about":[{"href":"https:\/\/www.laboratoires-unisson.com\/fr-be\/wp-json\/wp\/v2\/types\/product"}],"wp:featuredmedia":[{"embeddable":true,"href":"https:\/\/www.laboratoires-unisson.com\/fr-be\/wp-json\/wp\/v2\/media\/20342"}],"wp:attachment":[{"href":"https:\/\/www.laboratoires-unisson.com\/fr-be\/wp-json\/wp\/v2\/media?parent=22875"}],"wp:term":[{"taxonomy":"product_brand","embeddable":true,"href":"https:\/\/www.laboratoires-unisson.com\/fr-be\/wp-json\/wp\/v2\/product_brand?post=22875"},{"taxonomy":"product_cat","embeddable":true,"href":"https:\/\/www.laboratoires-unisson.com\/fr-be\/wp-json\/wp\/v2\/product_cat?post=22875"},{"taxonomy":"product_tag","embeddable":true,"href":"https:\/\/www.laboratoires-unisson.com\/fr-be\/wp-json\/wp\/v2\/product_tag?post=22875"}],"curies":[{"name":"wp","href":"https:\/\/api.w.org\/{rel}","templated":true}]}}