{"id":22878,"date":"2022-09-16T12:19:04","date_gmt":"2022-09-16T10:19:04","guid":{"rendered":"https:\/\/www.laboratoires-unisson.com\/produit\/styletto-3ax"},"modified":"2025-12-03T10:07:02","modified_gmt":"2025-12-03T09:07:02","slug":"styletto-3ax","status":"publish","type":"product","link":"https:\/\/www.laboratoires-unisson.com\/fr-be\/produit\/appareils-auditifs\/signia\/styletto-3ax","title":{"rendered":"Styletto 3AX"},"content":{"rendered":"<p><span style=\"font-weight: 400;\">L\u2019appareil auditif Styletto 3AX est un <strong>mod\u00e8le micro contour d\u2019oreille SLIM RIC<\/strong> de la marque <a href=\"https:\/\/www.laboratoires-unisson.com\/fr-be\/appareils-auditifs\/marques\/signia\">Signia<\/a>. Il convient aux malentendants ayant une perte auditive l\u00e9g\u00e8re \u00e0 s\u00e9v\u00e8re.<\/span><\/p>\n<p><u><span style=\"font-weight: 400;\">Caract\u00e9ristiques de l\u2019aide auditive Signia Styletto 3AX<\/span><\/u><\/p>\n<p><span style=\"font-weight: 400;\">Ce mod\u00e8le dispose de 24 canaux de traitement et 12 bandes d\u2019adaptation. Le 3AX est la <strong>version entr\u00e9e de gamme du mod\u00e8le Signia Styletto 7AX<\/strong>.<\/span><\/p>\n<p><span style=\"font-weight: 400;\">Il b\u00e9n\u00e9ficie des<strong> technologies de la plateforme AX<\/strong> (Augmented Xperience) telles que l\u2019anti-larsen, les r\u00e9ducteurs de bruit de fond\/ambiant\/ du vent\/ de choc, le traitement des acouph\u00e8nes, Augmented Focus et l\u2019OVP.<\/span><\/p>\n<p><span style=\"font-weight: 400;\">Cependant, ce mod\u00e8le n\u2019est pas le meilleur dans les diff\u00e9rents environnements sonores. En effet, contrairement au Styletto 7AX, il ne dispose pas d\u2019une bande passante \u00e9tendue, de la technologie EchoShield, du Spatial SpeechFocus, ni du configurateur spatial.<\/span><\/p>\n<p><span style=\"font-weight: 400;\">Il poss\u00e8de les caract\u00e9ristiques de base du Styletto AX, \u00e0 savoir la certification IP68 (protection \u00e0 l\u2019eau, poussi\u00e8re et humidit\u00e9), la batterie rechargeable lithium-ion et la connexion Bluetooth.<\/span><\/p>\n<p><span style=\"font-weight: 400;\">L\u2019aide auditive Signia Styletto 3AX est un <strong>appareil rechargeable<\/strong> qui offre jusqu\u2019\u00e0 17h d\u2019autonomie en une seule charge. Deux types de chargeurs vous sont propos\u00e9s :<\/span><\/p>\n<ul>\n<li style=\"font-weight: 400;\" aria-level=\"1\"><span style=\"font-weight: 400;\">Chargeur nomade : pas besoin de prise secteur,<\/span><\/li>\n<li style=\"font-weight: 400;\" aria-level=\"1\"><span style=\"font-weight: 400;\">Chargeur Dry &amp; Clean : chargeur 3 en 1 avec fonctions de charge, nettoyage et s\u00e9chage<\/span><\/li>\n<\/ul>\n<p><u><span style=\"font-weight: 400;\">Styletto 3AX, un appareil ultra connect\u00e9<\/span><\/u><\/p>\n<p><span style=\"font-weight: 400;\">C\u00f4t\u00e9 connectivit\u00e9, le Styletto 3AX peut communiquer avec les smartphones sous iOS (iPhone) et Android. Vous pourrez b\u00e9n\u00e9ficier du <strong>streaming direct<\/strong>.<\/span><\/p>\n<p><span style=\"font-weight: 400;\">De plus, sur iOS, vous pourrez \u00e9galement passer vos appels en mode mains libres et utiliser le Tap Control.<\/span><\/p>\n<p><span style=\"font-weight: 400;\">L\u2019application mobile Signia App permet de transformer votre smartphone en t\u00e9l\u00e9commande : gestion du volume, programmes, accessoires en toute discr\u00e9tion.<\/span><\/p>\n<p><span style=\"font-weight: 400;\">Pour profiter pleinement de vos aides auditives Styletto AX, nous vous conseillons d\u2019opter pour des <strong>accessoires sans fil<\/strong>, tels que la StreamLine TV, la miniPocket et la StreamLine Mic.<\/span><\/p>\n","protected":false},"excerpt":{"rendered":"<p>L\u2019appareil auditif Styletto 3AX est un mod\u00e8le micro contour d\u2019oreille SLIM RIC de la marque Signia. Il convient aux malentendants ayant une perte auditive l\u00e9g\u00e8re \u00e0 s\u00e9v\u00e8re. Caract\u00e9ristiques de l\u2019aide auditive Signia Styletto 3AX Ce mod\u00e8le dispose de 24 canaux de traitement et 12 bandes d\u2019adaptation. Le 3AX est la version entr\u00e9e de gamme du [&hellip;]<\/p>\n","protected":false},"featured_media":20316,"template":"","meta":{"_acf_changed":false},"product_brand":[],"product_cat":[2830],"product_tag":[],"class_list":{"0":"post-22878","1":"product","2":"type-product","3":"status-publish","4":"has-post-thumbnail","6":"product_cat-signia-fr-be","8":"first","9":"instock","10":"taxable","11":"shipping-taxable","12":"purchasable","13":"product-type-simple"},"acf":[],"yoast_head":"<!-- This site is optimized with the Yoast SEO plugin v27.1.1 - https:\/\/yoast.com\/product\/yoast-seo-wordpress\/ -->\n<title>Appareil auditif Signia Styletto 3AX \u00e0 1400\u20ac - Unisson Belgique<\/title>\n<meta name=\"description\" content=\"L\u2019appareil auditif Styletto 3AX est un mod\u00e8le micro contour d\u2019oreille SLIM RIC de la marque Signia. Il convient aux malentendants ayant une perte auditive\" \/>\n<meta name=\"robots\" content=\"index, follow, max-snippet:-1, max-image-preview:large, max-video-preview:-1\" \/>\n<link rel=\"canonical\" href=\"https:\/\/www.laboratoires-unisson.com\/fr-be\/wp-json\/wp\/v2\/product\/22878\" \/>\n<meta property=\"og:locale\" content=\"fr_FR\" \/>\n<meta property=\"og:type\" content=\"article\" \/>\n<meta property=\"og:title\" content=\"Styletto 3AX - Laboratoires Unisson\" \/>\n<meta property=\"og:description\" content=\"L\u2019appareil auditif Styletto 3AX est un mod\u00e8le micro contour d\u2019oreille SLIM RIC de la marque Signia. Il convient aux malentendants ayant une perte auditive\" \/>\n<meta property=\"og:url\" content=\"https:\/\/www.laboratoires-unisson.com\/fr-be\/produit\/appareils-auditifs\/signia\/styletto-3ax\" \/>\n<meta property=\"og:site_name\" content=\"Laboratoires Unisson\" \/>\n<meta property=\"article:modified_time\" content=\"2025-12-03T09:07:02+00:00\" \/>\n<meta property=\"og:image\" content=\"https:\/\/www.laboratoires-unisson.com\/wp-content\/uploads\/2022\/09\/signia-styletto-3ax-2-1.webp\" \/>\n\t<meta property=\"og:image:width\" content=\"600\" \/>\n\t<meta property=\"og:image:height\" content=\"600\" \/>\n\t<meta property=\"og:image:type\" content=\"image\/webp\" \/>\n<meta name=\"twitter:card\" content=\"summary_large_image\" \/>\n<meta name=\"twitter:label1\" content=\"Est. reading time\" \/>\n\t<meta name=\"twitter:data1\" content=\"2 minutes\" \/>\n<script type=\"application\/ld+json\" class=\"yoast-schema-graph\">{\"@context\":\"https:\/\/schema.org\",\"@graph\":[{\"@type\":\"WebPage\",\"@id\":\"https:\/\/www.laboratoires-unisson.com\/fr-be\/produit\/appareils-auditifs\/signia\/styletto-3ax\",\"url\":\"https:\/\/www.laboratoires-unisson.com\/fr-be\/produit\/appareils-auditifs\/signia\/styletto-3ax\",\"name\":\"Styletto 3AX - Laboratoires Unisson\",\"isPartOf\":{\"@id\":\"https:\/\/www.laboratoires-unisson.com\/fr-be#website\"},\"primaryImageOfPage\":{\"@id\":\"https:\/\/www.laboratoires-unisson.com\/fr-be\/produit\/appareils-auditifs\/signia\/styletto-3ax#primaryimage\"},\"image\":{\"@id\":\"https:\/\/www.laboratoires-unisson.com\/fr-be\/produit\/appareils-auditifs\/signia\/styletto-3ax#primaryimage\"},\"thumbnailUrl\":\"https:\/\/www.laboratoires-unisson.com\/wp-content\/uploads\/2022\/09\/signia-styletto-3ax-2-1.webp\",\"datePublished\":\"2022-09-16T10:19:04+00:00\",\"dateModified\":\"2025-12-03T09:07:02+00:00\",\"description\":\"L\u2019appareil auditif Styletto 3AX est un mod\u00e8le micro contour d\u2019oreille SLIM RIC de la marque Signia. Il convient aux malentendants ayant une perte auditive\",\"breadcrumb\":{\"@id\":\"https:\/\/www.laboratoires-unisson.com\/fr-be\/produit\/appareils-auditifs\/signia\/styletto-3ax#breadcrumb\"},\"inLanguage\":\"fr-BE\",\"potentialAction\":[{\"@type\":\"ReadAction\",\"target\":[\"https:\/\/www.laboratoires-unisson.com\/fr-be\/produit\/appareils-auditifs\/signia\/styletto-3ax\"]}]},{\"@type\":\"ImageObject\",\"inLanguage\":\"fr-BE\",\"@id\":\"https:\/\/www.laboratoires-unisson.com\/fr-be\/produit\/appareils-auditifs\/signia\/styletto-3ax#primaryimage\",\"url\":\"https:\/\/www.laboratoires-unisson.com\/wp-content\/uploads\/2022\/09\/signia-styletto-3ax-2-1.webp\",\"contentUrl\":\"https:\/\/www.laboratoires-unisson.com\/wp-content\/uploads\/2022\/09\/signia-styletto-3ax-2-1.webp\",\"width\":600,\"height\":600},{\"@type\":\"BreadcrumbList\",\"@id\":\"https:\/\/www.laboratoires-unisson.com\/fr-be\/produit\/appareils-auditifs\/signia\/styletto-3ax#breadcrumb\",\"itemListElement\":[{\"@type\":\"ListItem\",\"position\":1,\"name\":\"Shop\",\"item\":\"https:\/\/www.laboratoires-unisson.com\/fr-be\/shop\"},{\"@type\":\"ListItem\",\"position\":2,\"name\":\"Styletto 3AX\"}]},{\"@type\":\"WebSite\",\"@id\":\"https:\/\/www.laboratoires-unisson.com\/fr-be#website\",\"url\":\"https:\/\/www.laboratoires-unisson.com\/fr-be\",\"name\":\"Laboratoires Unisson\",\"description\":\"Appareil auditif et proth\u00e8se auditive Moins Cher jusqu&#039;\u00e0 -40%\",\"publisher\":{\"@id\":\"https:\/\/www.laboratoires-unisson.com\/fr-be#organization\"},\"potentialAction\":[{\"@type\":\"SearchAction\",\"target\":{\"@type\":\"EntryPoint\",\"urlTemplate\":\"https:\/\/www.laboratoires-unisson.com\/fr-be?s={search_term_string}\"},\"query-input\":{\"@type\":\"PropertyValueSpecification\",\"valueRequired\":true,\"valueName\":\"search_term_string\"}}],\"inLanguage\":\"fr-BE\"},{\"@type\":\"Organization\",\"@id\":\"https:\/\/www.laboratoires-unisson.com\/fr-be#organization\",\"name\":\"Laboratoires Unisson\",\"url\":\"https:\/\/www.laboratoires-unisson.com\/fr-be\",\"logo\":{\"@type\":\"ImageObject\",\"inLanguage\":\"fr-BE\",\"@id\":\"https:\/\/www.laboratoires-unisson.com\/fr-be#\/schema\/logo\/image\/\",\"url\":\"https:\/\/www.laboratoires-unisson.com\/wp-content\/uploads\/2022\/01\/logo-unisson.svg\",\"contentUrl\":\"https:\/\/www.laboratoires-unisson.com\/wp-content\/uploads\/2022\/01\/logo-unisson.svg\",\"width\":1,\"height\":1,\"caption\":\"Laboratoires Unisson\"},\"image\":{\"@id\":\"https:\/\/www.laboratoires-unisson.com\/fr-be#\/schema\/logo\/image\/\"}}]}<\/script>\n<!-- \/ Yoast SEO plugin. -->","yoast_head_json":{"title":"Appareil auditif Signia Styletto 3AX \u00e0 1400\u20ac - Unisson Belgique","description":"L\u2019appareil auditif Styletto 3AX est un mod\u00e8le micro contour d\u2019oreille SLIM RIC de la marque Signia. Il convient aux malentendants ayant une perte auditive","robots":{"index":"index","follow":"follow","max-snippet":"max-snippet:-1","max-image-preview":"max-image-preview:large","max-video-preview":"max-video-preview:-1"},"canonical":"https:\/\/www.laboratoires-unisson.com\/fr-be\/wp-json\/wp\/v2\/product\/22878","og_locale":"fr_FR","og_type":"article","og_title":"Styletto 3AX - Laboratoires Unisson","og_description":"L\u2019appareil auditif Styletto 3AX est un mod\u00e8le micro contour d\u2019oreille SLIM RIC de la marque Signia. Il convient aux malentendants ayant une perte auditive","og_url":"https:\/\/www.laboratoires-unisson.com\/fr-be\/produit\/appareils-auditifs\/signia\/styletto-3ax","og_site_name":"Laboratoires Unisson","article_modified_time":"2025-12-03T09:07:02+00:00","og_image":[{"width":600,"height":600,"url":"https:\/\/www.laboratoires-unisson.com\/wp-content\/uploads\/2022\/09\/signia-styletto-3ax-2-1.webp","type":"image\/webp"}],"twitter_card":"summary_large_image","twitter_misc":{"Est. reading time":"2 minutes"},"schema":{"@context":"https:\/\/schema.org","@graph":[{"@type":"WebPage","@id":"https:\/\/www.laboratoires-unisson.com\/fr-be\/produit\/appareils-auditifs\/signia\/styletto-3ax","url":"https:\/\/www.laboratoires-unisson.com\/fr-be\/produit\/appareils-auditifs\/signia\/styletto-3ax","name":"Styletto 3AX - Laboratoires Unisson","isPartOf":{"@id":"https:\/\/www.laboratoires-unisson.com\/fr-be#website"},"primaryImageOfPage":{"@id":"https:\/\/www.laboratoires-unisson.com\/fr-be\/produit\/appareils-auditifs\/signia\/styletto-3ax#primaryimage"},"image":{"@id":"https:\/\/www.laboratoires-unisson.com\/fr-be\/produit\/appareils-auditifs\/signia\/styletto-3ax#primaryimage"},"thumbnailUrl":"https:\/\/www.laboratoires-unisson.com\/wp-content\/uploads\/2022\/09\/signia-styletto-3ax-2-1.webp","datePublished":"2022-09-16T10:19:04+00:00","dateModified":"2025-12-03T09:07:02+00:00","description":"L\u2019appareil auditif Styletto 3AX est un mod\u00e8le micro contour d\u2019oreille SLIM RIC de la marque Signia. Il convient aux malentendants ayant une perte auditive","breadcrumb":{"@id":"https:\/\/www.laboratoires-unisson.com\/fr-be\/produit\/appareils-auditifs\/signia\/styletto-3ax#breadcrumb"},"inLanguage":"fr-BE","potentialAction":[{"@type":"ReadAction","target":["https:\/\/www.laboratoires-unisson.com\/fr-be\/produit\/appareils-auditifs\/signia\/styletto-3ax"]}]},{"@type":"ImageObject","inLanguage":"fr-BE","@id":"https:\/\/www.laboratoires-unisson.com\/fr-be\/produit\/appareils-auditifs\/signia\/styletto-3ax#primaryimage","url":"https:\/\/www.laboratoires-unisson.com\/wp-content\/uploads\/2022\/09\/signia-styletto-3ax-2-1.webp","contentUrl":"https:\/\/www.laboratoires-unisson.com\/wp-content\/uploads\/2022\/09\/signia-styletto-3ax-2-1.webp","width":600,"height":600},{"@type":"BreadcrumbList","@id":"https:\/\/www.laboratoires-unisson.com\/fr-be\/produit\/appareils-auditifs\/signia\/styletto-3ax#breadcrumb","itemListElement":[{"@type":"ListItem","position":1,"name":"Shop","item":"https:\/\/www.laboratoires-unisson.com\/fr-be\/shop"},{"@type":"ListItem","position":2,"name":"Styletto 3AX"}]},{"@type":"WebSite","@id":"https:\/\/www.laboratoires-unisson.com\/fr-be#website","url":"https:\/\/www.laboratoires-unisson.com\/fr-be","name":"Laboratoires Unisson","description":"Appareil auditif et proth\u00e8se auditive Moins Cher jusqu&#039;\u00e0 -40%","publisher":{"@id":"https:\/\/www.laboratoires-unisson.com\/fr-be#organization"},"potentialAction":[{"@type":"SearchAction","target":{"@type":"EntryPoint","urlTemplate":"https:\/\/www.laboratoires-unisson.com\/fr-be?s={search_term_string}"},"query-input":{"@type":"PropertyValueSpecification","valueRequired":true,"valueName":"search_term_string"}}],"inLanguage":"fr-BE"},{"@type":"Organization","@id":"https:\/\/www.laboratoires-unisson.com\/fr-be#organization","name":"Laboratoires Unisson","url":"https:\/\/www.laboratoires-unisson.com\/fr-be","logo":{"@type":"ImageObject","inLanguage":"fr-BE","@id":"https:\/\/www.laboratoires-unisson.com\/fr-be#\/schema\/logo\/image\/","url":"https:\/\/www.laboratoires-unisson.com\/wp-content\/uploads\/2022\/01\/logo-unisson.svg","contentUrl":"https:\/\/www.laboratoires-unisson.com\/wp-content\/uploads\/2022\/01\/logo-unisson.svg","width":1,"height":1,"caption":"Laboratoires Unisson"},"image":{"@id":"https:\/\/www.laboratoires-unisson.com\/fr-be#\/schema\/logo\/image\/"}}]}},"_links":{"self":[{"href":"https:\/\/www.laboratoires-unisson.com\/fr-be\/wp-json\/wp\/v2\/product\/22878","targetHints":{"allow":["GET"]}}],"collection":[{"href":"https:\/\/www.laboratoires-unisson.com\/fr-be\/wp-json\/wp\/v2\/product"}],"about":[{"href":"https:\/\/www.laboratoires-unisson.com\/fr-be\/wp-json\/wp\/v2\/types\/product"}],"wp:featuredmedia":[{"embeddable":true,"href":"https:\/\/www.laboratoires-unisson.com\/fr-be\/wp-json\/wp\/v2\/media\/20316"}],"wp:attachment":[{"href":"https:\/\/www.laboratoires-unisson.com\/fr-be\/wp-json\/wp\/v2\/media?parent=22878"}],"wp:term":[{"taxonomy":"product_brand","embeddable":true,"href":"https:\/\/www.laboratoires-unisson.com\/fr-be\/wp-json\/wp\/v2\/product_brand?post=22878"},{"taxonomy":"product_cat","embeddable":true,"href":"https:\/\/www.laboratoires-unisson.com\/fr-be\/wp-json\/wp\/v2\/product_cat?post=22878"},{"taxonomy":"product_tag","embeddable":true,"href":"https:\/\/www.laboratoires-unisson.com\/fr-be\/wp-json\/wp\/v2\/product_tag?post=22878"}],"curies":[{"name":"wp","href":"https:\/\/api.w.org\/{rel}","templated":true}]}}