{"id":22879,"date":"2022-09-16T11:56:16","date_gmt":"2022-09-16T09:56:16","guid":{"rendered":"https:\/\/www.laboratoires-unisson.com\/produit\/styletto-5ax"},"modified":"2025-12-03T10:07:03","modified_gmt":"2025-12-03T09:07:03","slug":"styletto-5ax","status":"publish","type":"product","link":"https:\/\/www.laboratoires-unisson.com\/fr-be\/produit\/appareils-auditifs\/signia\/styletto-5ax","title":{"rendered":"Styletto 5AX"},"content":{"rendered":"<p><span style=\"font-weight: 400;\">Dot\u00e9 d\u2019une connexion Bluetooth, d\u2019une batterie rechargeable et d\u2019une apparence discr\u00e8te, l\u2019appareil auditif Styletto 5AX s\u00e9duira les malentendants \u00e0 la recherche du <strong>meilleur rapport qualit\u00e9 \/ prix<\/strong>.<\/span><\/p>\n<p><span style=\"font-weight: 400;\">Focus sur les performances de cette nouvelle audioproth\u00e8se Signia.<\/span><\/p>\n<p><u><span style=\"font-weight: 400;\">Quelles sont les caract\u00e9ristiques du mod\u00e8le Signia Styletto 5AX ?<\/span><\/u><\/p>\n<ul>\n<li style=\"font-weight: 400;\" aria-level=\"1\"><span style=\"font-weight: 400;\">32 canaux de traitement du son<\/span><\/li>\n<li style=\"font-weight: 400;\" aria-level=\"1\"><span style=\"font-weight: 400;\">16 bandes d\u2019adaptation<\/span><\/li>\n<li style=\"font-weight: 400;\" aria-level=\"1\"><span style=\"font-weight: 400;\">6 programmes d\u2019\u00e9coute<\/span><\/li>\n<li style=\"font-weight: 400;\" aria-level=\"1\"><span style=\"font-weight: 400;\">Connexion Bluetooth<\/span><\/li>\n<li style=\"font-weight: 400;\" aria-level=\"1\"><span style=\"font-weight: 400;\">Streaming direct Android &amp; iOS<\/span><\/li>\n<li style=\"font-weight: 400;\" aria-level=\"1\"><span style=\"font-weight: 400;\">Appareil auditif rechargeable<\/span><\/li>\n<li style=\"font-weight: 400;\" aria-level=\"1\"><span style=\"font-weight: 400;\">Certification IP68<\/span><\/li>\n<li style=\"font-weight: 400;\" aria-level=\"1\"><span style=\"font-weight: 400;\">Design fin, \u00e9pur\u00e9 et prim\u00e9<\/span><\/li>\n<li style=\"font-weight: 400;\" aria-level=\"1\"><span style=\"font-weight: 400;\">Technologie Augmented Xperience (Signia AX)<\/span><\/li>\n<li style=\"font-weight: 400;\" aria-level=\"1\"><span style=\"font-weight: 400;\">Traitement OVP 2.0<\/span><\/li>\n<li style=\"font-weight: 400;\" aria-level=\"1\"><span style=\"font-weight: 400;\">Auto EchoShield<\/span><\/li>\n<li style=\"font-weight: 400;\" aria-level=\"1\"><span style=\"font-weight: 400;\">Appels mains libres sur iOS avec fonction de Tap Control\u00a0<\/span><\/li>\n<li style=\"font-weight: 400;\" aria-level=\"1\"><span style=\"font-weight: 400;\">CROS compatible<\/span><\/li>\n<li style=\"font-weight: 400;\" aria-level=\"1\"><span style=\"font-weight: 400;\">R\u00e9glages \u00e0 distance<\/span><\/li>\n<li style=\"font-weight: 400;\" aria-level=\"1\"><span style=\"font-weight: 400;\">Application mobile Signia App<\/span><\/li>\n<\/ul>\n<p><span style=\"font-weight: 400;\">Le Signia Styletto 5AX est un <strong>appareil de milieu de gamme<\/strong>. Si vous souhaitez profiter de toutes les fonctionnalit\u00e9s avanc\u00e9es, nous vous invitons \u00e0 consulter le mod\u00e8le Styletto 7AX.<\/span><\/p>\n<p><u><span style=\"font-weight: 400;\">Connectivit\u00e9 et technologie rechargeable<\/span><\/u><\/p>\n<p><span style=\"font-weight: 400;\">La <strong>connexion Bluetooth<\/strong> de pointe qui \u00e9quipe l\u2019aide auditive Styletto 5AX prend en charge les appareils Android et iOS afin que tous les porteurs puissent rester connect\u00e9s \u00e0 tout moment. Regarder la TV, \u00e9couter de la musique ou passer des appels t\u00e9l\u00e9phoniques n\u2019a jamais \u00e9t\u00e9 aussi simple !\u00a0<\/span><\/p>\n<p><span style=\"font-weight: 400;\">2 chargeurs sont disponibles pour ce mod\u00e8le : le chargeur nomade <\/span><i><span style=\"font-weight: 400;\">(jusqu\u2019\u00e0 5 jours d\u2019autonomie) <\/span><\/i><span style=\"font-weight: 400;\">et le chargeur Dry &amp; Clean avec fonctions s\u00e9chage et nettoyage des aides auditives.<\/span><\/p>\n<p><u><span style=\"font-weight: 400;\">Accessoires connect\u00e9s<\/span><\/u><\/p>\n<p><span style=\"font-weight: 400;\">Pour enrichir votre exp\u00e9rience auditive, nous vous conseillons d\u2019opter pour la StreamLine TV, la StreamLine Mic ou encore la miniPocket.<\/span><\/p>\n<p><u><span style=\"font-weight: 400;\">Prix de l\u2019appareil auditif Styletto 5AX<\/span><\/u><\/p>\n<p><span style=\"font-weight: 400;\">Venez tester gratuitement pendant 30 jours cet appareil auditif. Prenez rendez-vous dans le <a href=\"https:\/\/www.laboratoires-unisson.com\/fr-be\/centres-auditifs\">centre auditif Unisson<\/a> le plus proche de chez vous.<\/span><\/p>\n","protected":false},"excerpt":{"rendered":"<p>Dot\u00e9 d\u2019une connexion Bluetooth, d\u2019une batterie rechargeable et d\u2019une apparence discr\u00e8te, l\u2019appareil auditif Styletto 5AX s\u00e9duira les malentendants \u00e0 la recherche du meilleur rapport qualit\u00e9 \/ prix. Focus sur les performances de cette nouvelle audioproth\u00e8se Signia. Quelles sont les caract\u00e9ristiques du mod\u00e8le Signia Styletto 5AX ? 32 canaux de traitement du son 16 bandes d\u2019adaptation [&hellip;]<\/p>\n","protected":false},"featured_media":20306,"template":"","meta":{"_acf_changed":false},"product_brand":[],"product_cat":[2830],"product_tag":[],"class_list":{"0":"post-22879","1":"product","2":"type-product","3":"status-publish","4":"has-post-thumbnail","6":"product_cat-signia-fr-be","8":"first","9":"instock","10":"taxable","11":"shipping-taxable","12":"purchasable","13":"product-type-simple"},"acf":[],"yoast_head":"<!-- This site is optimized with the Yoast SEO plugin v27.1.1 - https:\/\/yoast.com\/product\/yoast-seo-wordpress\/ -->\n<title>Appareil auditif Signia Styletto 5AX \u00e0 1650\u20ac - Unisson Belgique<\/title>\n<meta name=\"description\" content=\"Dot\u00e9 d\u2019une connexion Bluetooth, d\u2019une batterie rechargeable et d\u2019une apparence discr\u00e8te, l\u2019appareil auditif Styletto 5AX s\u00e9duira les malentendants \u00e0 la\" \/>\n<meta name=\"robots\" content=\"index, follow, max-snippet:-1, max-image-preview:large, max-video-preview:-1\" \/>\n<link rel=\"canonical\" href=\"https:\/\/www.laboratoires-unisson.com\/fr-be\/wp-json\/wp\/v2\/product\/22879\" \/>\n<meta property=\"og:locale\" content=\"fr_FR\" \/>\n<meta property=\"og:type\" content=\"article\" \/>\n<meta property=\"og:title\" content=\"Styletto 5AX - Laboratoires Unisson\" \/>\n<meta property=\"og:description\" content=\"Dot\u00e9 d\u2019une connexion Bluetooth, d\u2019une batterie rechargeable et d\u2019une apparence discr\u00e8te, l\u2019appareil auditif Styletto 5AX s\u00e9duira les malentendants \u00e0 la\" \/>\n<meta property=\"og:url\" content=\"https:\/\/www.laboratoires-unisson.com\/fr-be\/produit\/appareils-auditifs\/signia\/styletto-5ax\" \/>\n<meta property=\"og:site_name\" content=\"Laboratoires Unisson\" \/>\n<meta property=\"article:modified_time\" content=\"2025-12-03T09:07:03+00:00\" \/>\n<meta property=\"og:image\" content=\"https:\/\/www.laboratoires-unisson.com\/wp-content\/uploads\/2022\/09\/signia-styletto-5ax-2-1.webp\" \/>\n\t<meta property=\"og:image:width\" content=\"600\" \/>\n\t<meta property=\"og:image:height\" content=\"600\" \/>\n\t<meta property=\"og:image:type\" content=\"image\/webp\" \/>\n<meta name=\"twitter:card\" content=\"summary_large_image\" \/>\n<meta name=\"twitter:label1\" content=\"Est. reading time\" \/>\n\t<meta name=\"twitter:data1\" content=\"2 minutes\" \/>\n<script type=\"application\/ld+json\" class=\"yoast-schema-graph\">{\"@context\":\"https:\/\/schema.org\",\"@graph\":[{\"@type\":\"WebPage\",\"@id\":\"https:\/\/www.laboratoires-unisson.com\/fr-be\/produit\/appareils-auditifs\/signia\/styletto-5ax\",\"url\":\"https:\/\/www.laboratoires-unisson.com\/fr-be\/produit\/appareils-auditifs\/signia\/styletto-5ax\",\"name\":\"Styletto 5AX - Laboratoires Unisson\",\"isPartOf\":{\"@id\":\"https:\/\/www.laboratoires-unisson.com\/fr-be#website\"},\"primaryImageOfPage\":{\"@id\":\"https:\/\/www.laboratoires-unisson.com\/fr-be\/produit\/appareils-auditifs\/signia\/styletto-5ax#primaryimage\"},\"image\":{\"@id\":\"https:\/\/www.laboratoires-unisson.com\/fr-be\/produit\/appareils-auditifs\/signia\/styletto-5ax#primaryimage\"},\"thumbnailUrl\":\"https:\/\/www.laboratoires-unisson.com\/wp-content\/uploads\/2022\/09\/signia-styletto-5ax-2-1.webp\",\"datePublished\":\"2022-09-16T09:56:16+00:00\",\"dateModified\":\"2025-12-03T09:07:03+00:00\",\"description\":\"Dot\u00e9 d\u2019une connexion Bluetooth, d\u2019une batterie rechargeable et d\u2019une apparence discr\u00e8te, l\u2019appareil auditif Styletto 5AX s\u00e9duira les malentendants \u00e0 la\",\"breadcrumb\":{\"@id\":\"https:\/\/www.laboratoires-unisson.com\/fr-be\/produit\/appareils-auditifs\/signia\/styletto-5ax#breadcrumb\"},\"inLanguage\":\"fr-BE\",\"potentialAction\":[{\"@type\":\"ReadAction\",\"target\":[\"https:\/\/www.laboratoires-unisson.com\/fr-be\/produit\/appareils-auditifs\/signia\/styletto-5ax\"]}]},{\"@type\":\"ImageObject\",\"inLanguage\":\"fr-BE\",\"@id\":\"https:\/\/www.laboratoires-unisson.com\/fr-be\/produit\/appareils-auditifs\/signia\/styletto-5ax#primaryimage\",\"url\":\"https:\/\/www.laboratoires-unisson.com\/wp-content\/uploads\/2022\/09\/signia-styletto-5ax-2-1.webp\",\"contentUrl\":\"https:\/\/www.laboratoires-unisson.com\/wp-content\/uploads\/2022\/09\/signia-styletto-5ax-2-1.webp\",\"width\":600,\"height\":600},{\"@type\":\"BreadcrumbList\",\"@id\":\"https:\/\/www.laboratoires-unisson.com\/fr-be\/produit\/appareils-auditifs\/signia\/styletto-5ax#breadcrumb\",\"itemListElement\":[{\"@type\":\"ListItem\",\"position\":1,\"name\":\"Shop\",\"item\":\"https:\/\/www.laboratoires-unisson.com\/fr-be\/shop\"},{\"@type\":\"ListItem\",\"position\":2,\"name\":\"Styletto 5AX\"}]},{\"@type\":\"WebSite\",\"@id\":\"https:\/\/www.laboratoires-unisson.com\/fr-be#website\",\"url\":\"https:\/\/www.laboratoires-unisson.com\/fr-be\",\"name\":\"Laboratoires Unisson\",\"description\":\"Appareil auditif et proth\u00e8se auditive Moins Cher jusqu&#039;\u00e0 -40%\",\"publisher\":{\"@id\":\"https:\/\/www.laboratoires-unisson.com\/fr-be#organization\"},\"potentialAction\":[{\"@type\":\"SearchAction\",\"target\":{\"@type\":\"EntryPoint\",\"urlTemplate\":\"https:\/\/www.laboratoires-unisson.com\/fr-be?s={search_term_string}\"},\"query-input\":{\"@type\":\"PropertyValueSpecification\",\"valueRequired\":true,\"valueName\":\"search_term_string\"}}],\"inLanguage\":\"fr-BE\"},{\"@type\":\"Organization\",\"@id\":\"https:\/\/www.laboratoires-unisson.com\/fr-be#organization\",\"name\":\"Laboratoires Unisson\",\"url\":\"https:\/\/www.laboratoires-unisson.com\/fr-be\",\"logo\":{\"@type\":\"ImageObject\",\"inLanguage\":\"fr-BE\",\"@id\":\"https:\/\/www.laboratoires-unisson.com\/fr-be#\/schema\/logo\/image\/\",\"url\":\"https:\/\/www.laboratoires-unisson.com\/wp-content\/uploads\/2022\/01\/logo-unisson.svg\",\"contentUrl\":\"https:\/\/www.laboratoires-unisson.com\/wp-content\/uploads\/2022\/01\/logo-unisson.svg\",\"width\":1,\"height\":1,\"caption\":\"Laboratoires Unisson\"},\"image\":{\"@id\":\"https:\/\/www.laboratoires-unisson.com\/fr-be#\/schema\/logo\/image\/\"}}]}<\/script>\n<!-- \/ Yoast SEO plugin. -->","yoast_head_json":{"title":"Appareil auditif Signia Styletto 5AX \u00e0 1650\u20ac - Unisson Belgique","description":"Dot\u00e9 d\u2019une connexion Bluetooth, d\u2019une batterie rechargeable et d\u2019une apparence discr\u00e8te, l\u2019appareil auditif Styletto 5AX s\u00e9duira les malentendants \u00e0 la","robots":{"index":"index","follow":"follow","max-snippet":"max-snippet:-1","max-image-preview":"max-image-preview:large","max-video-preview":"max-video-preview:-1"},"canonical":"https:\/\/www.laboratoires-unisson.com\/fr-be\/wp-json\/wp\/v2\/product\/22879","og_locale":"fr_FR","og_type":"article","og_title":"Styletto 5AX - Laboratoires Unisson","og_description":"Dot\u00e9 d\u2019une connexion Bluetooth, d\u2019une batterie rechargeable et d\u2019une apparence discr\u00e8te, l\u2019appareil auditif Styletto 5AX s\u00e9duira les malentendants \u00e0 la","og_url":"https:\/\/www.laboratoires-unisson.com\/fr-be\/produit\/appareils-auditifs\/signia\/styletto-5ax","og_site_name":"Laboratoires Unisson","article_modified_time":"2025-12-03T09:07:03+00:00","og_image":[{"width":600,"height":600,"url":"https:\/\/www.laboratoires-unisson.com\/wp-content\/uploads\/2022\/09\/signia-styletto-5ax-2-1.webp","type":"image\/webp"}],"twitter_card":"summary_large_image","twitter_misc":{"Est. reading time":"2 minutes"},"schema":{"@context":"https:\/\/schema.org","@graph":[{"@type":"WebPage","@id":"https:\/\/www.laboratoires-unisson.com\/fr-be\/produit\/appareils-auditifs\/signia\/styletto-5ax","url":"https:\/\/www.laboratoires-unisson.com\/fr-be\/produit\/appareils-auditifs\/signia\/styletto-5ax","name":"Styletto 5AX - Laboratoires Unisson","isPartOf":{"@id":"https:\/\/www.laboratoires-unisson.com\/fr-be#website"},"primaryImageOfPage":{"@id":"https:\/\/www.laboratoires-unisson.com\/fr-be\/produit\/appareils-auditifs\/signia\/styletto-5ax#primaryimage"},"image":{"@id":"https:\/\/www.laboratoires-unisson.com\/fr-be\/produit\/appareils-auditifs\/signia\/styletto-5ax#primaryimage"},"thumbnailUrl":"https:\/\/www.laboratoires-unisson.com\/wp-content\/uploads\/2022\/09\/signia-styletto-5ax-2-1.webp","datePublished":"2022-09-16T09:56:16+00:00","dateModified":"2025-12-03T09:07:03+00:00","description":"Dot\u00e9 d\u2019une connexion Bluetooth, d\u2019une batterie rechargeable et d\u2019une apparence discr\u00e8te, l\u2019appareil auditif Styletto 5AX s\u00e9duira les malentendants \u00e0 la","breadcrumb":{"@id":"https:\/\/www.laboratoires-unisson.com\/fr-be\/produit\/appareils-auditifs\/signia\/styletto-5ax#breadcrumb"},"inLanguage":"fr-BE","potentialAction":[{"@type":"ReadAction","target":["https:\/\/www.laboratoires-unisson.com\/fr-be\/produit\/appareils-auditifs\/signia\/styletto-5ax"]}]},{"@type":"ImageObject","inLanguage":"fr-BE","@id":"https:\/\/www.laboratoires-unisson.com\/fr-be\/produit\/appareils-auditifs\/signia\/styletto-5ax#primaryimage","url":"https:\/\/www.laboratoires-unisson.com\/wp-content\/uploads\/2022\/09\/signia-styletto-5ax-2-1.webp","contentUrl":"https:\/\/www.laboratoires-unisson.com\/wp-content\/uploads\/2022\/09\/signia-styletto-5ax-2-1.webp","width":600,"height":600},{"@type":"BreadcrumbList","@id":"https:\/\/www.laboratoires-unisson.com\/fr-be\/produit\/appareils-auditifs\/signia\/styletto-5ax#breadcrumb","itemListElement":[{"@type":"ListItem","position":1,"name":"Shop","item":"https:\/\/www.laboratoires-unisson.com\/fr-be\/shop"},{"@type":"ListItem","position":2,"name":"Styletto 5AX"}]},{"@type":"WebSite","@id":"https:\/\/www.laboratoires-unisson.com\/fr-be#website","url":"https:\/\/www.laboratoires-unisson.com\/fr-be","name":"Laboratoires Unisson","description":"Appareil auditif et proth\u00e8se auditive Moins Cher jusqu&#039;\u00e0 -40%","publisher":{"@id":"https:\/\/www.laboratoires-unisson.com\/fr-be#organization"},"potentialAction":[{"@type":"SearchAction","target":{"@type":"EntryPoint","urlTemplate":"https:\/\/www.laboratoires-unisson.com\/fr-be?s={search_term_string}"},"query-input":{"@type":"PropertyValueSpecification","valueRequired":true,"valueName":"search_term_string"}}],"inLanguage":"fr-BE"},{"@type":"Organization","@id":"https:\/\/www.laboratoires-unisson.com\/fr-be#organization","name":"Laboratoires Unisson","url":"https:\/\/www.laboratoires-unisson.com\/fr-be","logo":{"@type":"ImageObject","inLanguage":"fr-BE","@id":"https:\/\/www.laboratoires-unisson.com\/fr-be#\/schema\/logo\/image\/","url":"https:\/\/www.laboratoires-unisson.com\/wp-content\/uploads\/2022\/01\/logo-unisson.svg","contentUrl":"https:\/\/www.laboratoires-unisson.com\/wp-content\/uploads\/2022\/01\/logo-unisson.svg","width":1,"height":1,"caption":"Laboratoires Unisson"},"image":{"@id":"https:\/\/www.laboratoires-unisson.com\/fr-be#\/schema\/logo\/image\/"}}]}},"_links":{"self":[{"href":"https:\/\/www.laboratoires-unisson.com\/fr-be\/wp-json\/wp\/v2\/product\/22879","targetHints":{"allow":["GET"]}}],"collection":[{"href":"https:\/\/www.laboratoires-unisson.com\/fr-be\/wp-json\/wp\/v2\/product"}],"about":[{"href":"https:\/\/www.laboratoires-unisson.com\/fr-be\/wp-json\/wp\/v2\/types\/product"}],"wp:featuredmedia":[{"embeddable":true,"href":"https:\/\/www.laboratoires-unisson.com\/fr-be\/wp-json\/wp\/v2\/media\/20306"}],"wp:attachment":[{"href":"https:\/\/www.laboratoires-unisson.com\/fr-be\/wp-json\/wp\/v2\/media?parent=22879"}],"wp:term":[{"taxonomy":"product_brand","embeddable":true,"href":"https:\/\/www.laboratoires-unisson.com\/fr-be\/wp-json\/wp\/v2\/product_brand?post=22879"},{"taxonomy":"product_cat","embeddable":true,"href":"https:\/\/www.laboratoires-unisson.com\/fr-be\/wp-json\/wp\/v2\/product_cat?post=22879"},{"taxonomy":"product_tag","embeddable":true,"href":"https:\/\/www.laboratoires-unisson.com\/fr-be\/wp-json\/wp\/v2\/product_tag?post=22879"}],"curies":[{"name":"wp","href":"https:\/\/api.w.org\/{rel}","templated":true}]}}