{"id":22880,"date":"2022-09-16T11:30:48","date_gmt":"2022-09-16T09:30:48","guid":{"rendered":"https:\/\/www.laboratoires-unisson.com\/produit\/styletto-7ax"},"modified":"2025-12-03T10:07:03","modified_gmt":"2025-12-03T09:07:03","slug":"styletto-7ax","status":"publish","type":"product","link":"https:\/\/www.laboratoires-unisson.com\/fr-be\/produit\/appareils-auditifs\/signia\/styletto-7ax","title":{"rendered":"Styletto 7AX"},"content":{"rendered":"<p><span style=\"font-weight: 400;\">Avec un design prim\u00e9, le Styletto 7AX, <a href=\"https:\/\/www.laboratoires-unisson.com\/fr-be\/appareils-auditifs\/options\/rechargeables\">appareil auditif rechargeable<\/a> SLIM RIC haut de gamme vous offrira la meilleure exp\u00e9rience auditive. Son design \u00e9pur\u00e9 et \u00e9l\u00e9gant ainsi que ses performances sauront satisfaire toutes vos attentes.<\/span><\/p>\n<p><span style=\"font-weight: 400;\">Cet appareil r\u00e9pond \u00e0 tous les degr\u00e9s de perte auditive (l\u00e9g\u00e8re \u00e0 s\u00e9v\u00e8re)<\/span><\/p>\n<p><u><span style=\"font-weight: 400;\">Les technologies du Styletto 7AX<\/span><\/u><\/p>\n<p><span style=\"font-weight: 400;\">Gr\u00e2ce \u00e0 ses 48 canaux de traitement du son et de ses 20 bandes d\u2019adaptation, l\u2019analyse en temps r\u00e9el de votre environnement sonore permettra de restituer <strong>un son clair et naturel<\/strong>.<\/span><\/p>\n<p><span style=\"font-weight: 400;\">Issues de la plateforme Augmented Xperience (AX), les aides auditives Styletto AX b\u00e9n\u00e9ficient de toutes les nouveaut\u00e9s de la plateforme :<\/span><\/p>\n<ul>\n<li style=\"font-weight: 400;\" aria-level=\"1\"><span style=\"font-weight: 400;\">Auto EchoShield, pour une analyse automatique et en temps r\u00e9el de votre paysage sonore,<\/span><\/li>\n<li style=\"font-weight: 400;\" aria-level=\"1\"><span style=\"font-weight: 400;\">Own Voice Processing 2.0 (OVP) pour faciliter le confort d\u2019\u00e9coute et r\u00e9duire la fatigue auditive,<\/span><\/li>\n<li style=\"font-weight: 400;\" aria-level=\"1\"><span style=\"font-weight: 400;\">HandsFree pour iOS, la possibilit\u00e9 de passer des appels en mode mains libres sur certains appareils iOS<\/span><\/li>\n<\/ul>\n<p><span style=\"font-weight: 400;\">Cette nouvelle gamme d\u2019aides auditives Signia int\u00e8gre \u00e9galement toutes les anciennes fonctionnalit\u00e9s de la plateforme AX : Augmented Focus, capteurs acoustiques, capteurs de mouvement,<\/span><\/p>\n<p><u><span style=\"font-weight: 400;\">Styletto AX, un design prim\u00e9\u00a0<\/span><\/u><\/p>\n<p><span style=\"font-weight: 400;\">Signia a r\u00e9ussi le pari de faire encore mieux que la pr\u00e9c\u00e9dente g\u00e9n\u00e9ration des Styletto <\/span><i><span style=\"font-weight: 400;\">(Styletto Connect Nx)<\/span><\/i><span style=\"font-weight: 400;\"> : <strong>les nouveaux appareils auditifs Styletto AX sont 4% plus petits et 6% plus l\u00e9gers<\/strong> ! Gr\u00e2ce \u00e0 leur design \u00e9l\u00e9gant, fin et confortable, ces mod\u00e8les allient performance et discr\u00e9tion.<\/span><\/p>\n<p><span style=\"font-weight: 400;\">Plusieurs coloris sont disponibles : noir &amp; or fin, noir &amp; graphite, noir &amp; argent, bleu cosmique &amp; or fin, bleu cosmique &amp; rose dor\u00e9, bleu cosmique &amp; argent, blanc neige &amp; or fin, blanc neige &amp; rose dor\u00e9, blanc neige &amp; argent.<\/span><\/p>\n<p><span style=\"font-weight: 400;\">Styletto 7AX, un appareil auditif rechargeable<\/span><\/p>\n<p><span style=\"font-weight: 400;\">Ce mod\u00e8le est rechargeable et poss\u00e8de une <strong>batterie lithium ion<\/strong>. Il b\u00e9n\u00e9ficie de la technologie sans fil : plus besoin de prise secteur pour recharger vos appareils Styletto, posez les directement sur la tablette de chargement ! Comptez une autonomie moyenne de 17h avec une charge compl\u00e8te en 4h.<\/span><\/p>\n<p><u><span style=\"font-weight: 400;\">Styletto 7AX, un mod\u00e8le connect\u00e9<\/span><\/u><\/p>\n<p><span style=\"font-weight: 400;\">Comme pour les autres<a href=\"https:\/\/www.laboratoires-unisson.com\/fr-be\/appareils-auditifs\/types\"> types d\u2019appareils auditifs<\/a> AX, le mod\u00e8le Styletto 7AX b\u00e9n\u00e9ficie d\u2019une connexion Bluetooth. Vous pourrez connecter vos aides auditives Signia AX \u00e0 un appareil Android ou iOS pour diffuser votre TV, musique, appels t\u00e9l\u00e9phoniques.<\/span><\/p>\n<p><span style=\"font-weight: 400;\">De plus, l\u2019application mobile Signia Assistant vous offre de nombreux services :<\/span><\/p>\n<ul>\n<li style=\"font-weight: 400;\" aria-level=\"1\"><span style=\"font-weight: 400;\">TeleCare pour les r\u00e9glages \u00e0 distance\u00a0<\/span><\/li>\n<li style=\"font-weight: 400;\" aria-level=\"1\"><span style=\"font-weight: 400;\">Contr\u00f4le du volume et programmes<\/span><\/li>\n<li style=\"font-weight: 400;\" aria-level=\"1\"><span style=\"font-weight: 400;\">R\u00e9glages sur mesure<\/span><\/li>\n<li style=\"font-weight: 400;\" aria-level=\"1\"><span style=\"font-weight: 400;\">Intelligence Artificielle pour un r\u00e9glage automatique de vos aides auditives selon votre environnement<\/span><\/li>\n<\/ul>\n","protected":false},"excerpt":{"rendered":"<p>Avec un design prim\u00e9, le Styletto 7AX, appareil auditif rechargeable SLIM RIC haut de gamme vous offrira la meilleure exp\u00e9rience auditive. Son design \u00e9pur\u00e9 et \u00e9l\u00e9gant ainsi que ses performances sauront satisfaire toutes vos attentes. Cet appareil r\u00e9pond \u00e0 tous les degr\u00e9s de perte auditive (l\u00e9g\u00e8re \u00e0 s\u00e9v\u00e8re) Les technologies du Styletto 7AX Gr\u00e2ce \u00e0 [&hellip;]<\/p>\n","protected":false},"featured_media":20296,"template":"","meta":{"_acf_changed":false},"product_brand":[],"product_cat":[2684,2830],"product_tag":[],"class_list":{"0":"post-22880","1":"product","2":"type-product","3":"status-publish","4":"has-post-thumbnail","6":"product_cat-offre-premium-fr-be","7":"product_cat-signia-fr-be","9":"first","10":"instock","11":"taxable","12":"shipping-taxable","13":"purchasable","14":"product-type-simple"},"acf":[],"yoast_head":"<!-- This site is optimized with the Yoast SEO plugin v27.1.1 - https:\/\/yoast.com\/product\/yoast-seo-wordpress\/ -->\n<title>Appareil auditif Signia Styletto 7AX \u00e0 1900\u20ac - Unisson Belgique<\/title>\n<meta name=\"description\" content=\"Envie d&#039;un design prim\u00e9 ? Essayez le Styletto 7AX. Alliez style et performance avec cet appareil auditif unique. Faites le choix de l&#039;\u00e9l\u00e9gance auditive.\" \/>\n<meta name=\"robots\" content=\"index, follow, max-snippet:-1, max-image-preview:large, max-video-preview:-1\" \/>\n<link rel=\"canonical\" href=\"https:\/\/www.laboratoires-unisson.com\/fr-be\/wp-json\/wp\/v2\/product\/22880\" \/>\n<meta property=\"og:locale\" content=\"fr_FR\" \/>\n<meta property=\"og:type\" content=\"article\" \/>\n<meta property=\"og:title\" content=\"Styletto 7AX - Laboratoires Unisson\" \/>\n<meta property=\"og:description\" content=\"Envie d&#039;un design prim\u00e9 ? Essayez le Styletto 7AX. Alliez style et performance avec cet appareil auditif unique. Faites le choix de l&#039;\u00e9l\u00e9gance auditive.\" \/>\n<meta property=\"og:url\" content=\"https:\/\/www.laboratoires-unisson.com\/fr-be\/produit\/appareils-auditifs\/signia\/styletto-7ax\" \/>\n<meta property=\"og:site_name\" content=\"Laboratoires Unisson\" \/>\n<meta property=\"article:modified_time\" content=\"2025-12-03T09:07:03+00:00\" \/>\n<meta property=\"og:image\" content=\"https:\/\/www.laboratoires-unisson.com\/wp-content\/uploads\/2022\/09\/signia-styletto-7ax-2.webp\" \/>\n\t<meta property=\"og:image:width\" content=\"600\" \/>\n\t<meta property=\"og:image:height\" content=\"600\" \/>\n\t<meta property=\"og:image:type\" content=\"image\/webp\" \/>\n<meta name=\"twitter:card\" content=\"summary_large_image\" \/>\n<meta name=\"twitter:label1\" content=\"Est. reading time\" \/>\n\t<meta name=\"twitter:data1\" content=\"3 minutes\" \/>\n<script type=\"application\/ld+json\" class=\"yoast-schema-graph\">{\"@context\":\"https:\/\/schema.org\",\"@graph\":[{\"@type\":\"WebPage\",\"@id\":\"https:\/\/www.laboratoires-unisson.com\/fr-be\/produit\/appareils-auditifs\/signia\/styletto-7ax\",\"url\":\"https:\/\/www.laboratoires-unisson.com\/fr-be\/produit\/appareils-auditifs\/signia\/styletto-7ax\",\"name\":\"Styletto 7AX - Laboratoires Unisson\",\"isPartOf\":{\"@id\":\"https:\/\/www.laboratoires-unisson.com\/fr-be#website\"},\"primaryImageOfPage\":{\"@id\":\"https:\/\/www.laboratoires-unisson.com\/fr-be\/produit\/appareils-auditifs\/signia\/styletto-7ax#primaryimage\"},\"image\":{\"@id\":\"https:\/\/www.laboratoires-unisson.com\/fr-be\/produit\/appareils-auditifs\/signia\/styletto-7ax#primaryimage\"},\"thumbnailUrl\":\"https:\/\/www.laboratoires-unisson.com\/wp-content\/uploads\/2022\/09\/signia-styletto-7ax-2.webp\",\"datePublished\":\"2022-09-16T09:30:48+00:00\",\"dateModified\":\"2025-12-03T09:07:03+00:00\",\"description\":\"Envie d'un design prim\u00e9 ? Essayez le Styletto 7AX. Alliez style et performance avec cet appareil auditif unique. Faites le choix de l'\u00e9l\u00e9gance auditive.\",\"breadcrumb\":{\"@id\":\"https:\/\/www.laboratoires-unisson.com\/fr-be\/produit\/appareils-auditifs\/signia\/styletto-7ax#breadcrumb\"},\"inLanguage\":\"fr-BE\",\"potentialAction\":[{\"@type\":\"ReadAction\",\"target\":[\"https:\/\/www.laboratoires-unisson.com\/fr-be\/produit\/appareils-auditifs\/signia\/styletto-7ax\"]}]},{\"@type\":\"ImageObject\",\"inLanguage\":\"fr-BE\",\"@id\":\"https:\/\/www.laboratoires-unisson.com\/fr-be\/produit\/appareils-auditifs\/signia\/styletto-7ax#primaryimage\",\"url\":\"https:\/\/www.laboratoires-unisson.com\/wp-content\/uploads\/2022\/09\/signia-styletto-7ax-2.webp\",\"contentUrl\":\"https:\/\/www.laboratoires-unisson.com\/wp-content\/uploads\/2022\/09\/signia-styletto-7ax-2.webp\",\"width\":600,\"height\":600},{\"@type\":\"BreadcrumbList\",\"@id\":\"https:\/\/www.laboratoires-unisson.com\/fr-be\/produit\/appareils-auditifs\/signia\/styletto-7ax#breadcrumb\",\"itemListElement\":[{\"@type\":\"ListItem\",\"position\":1,\"name\":\"Shop\",\"item\":\"https:\/\/www.laboratoires-unisson.com\/fr-be\/shop\"},{\"@type\":\"ListItem\",\"position\":2,\"name\":\"Styletto 7AX\"}]},{\"@type\":\"WebSite\",\"@id\":\"https:\/\/www.laboratoires-unisson.com\/fr-be#website\",\"url\":\"https:\/\/www.laboratoires-unisson.com\/fr-be\",\"name\":\"Laboratoires Unisson\",\"description\":\"Appareil auditif et proth\u00e8se auditive Moins Cher jusqu&#039;\u00e0 -40%\",\"publisher\":{\"@id\":\"https:\/\/www.laboratoires-unisson.com\/fr-be#organization\"},\"potentialAction\":[{\"@type\":\"SearchAction\",\"target\":{\"@type\":\"EntryPoint\",\"urlTemplate\":\"https:\/\/www.laboratoires-unisson.com\/fr-be?s={search_term_string}\"},\"query-input\":{\"@type\":\"PropertyValueSpecification\",\"valueRequired\":true,\"valueName\":\"search_term_string\"}}],\"inLanguage\":\"fr-BE\"},{\"@type\":\"Organization\",\"@id\":\"https:\/\/www.laboratoires-unisson.com\/fr-be#organization\",\"name\":\"Laboratoires Unisson\",\"url\":\"https:\/\/www.laboratoires-unisson.com\/fr-be\",\"logo\":{\"@type\":\"ImageObject\",\"inLanguage\":\"fr-BE\",\"@id\":\"https:\/\/www.laboratoires-unisson.com\/fr-be#\/schema\/logo\/image\/\",\"url\":\"https:\/\/www.laboratoires-unisson.com\/wp-content\/uploads\/2022\/01\/logo-unisson.svg\",\"contentUrl\":\"https:\/\/www.laboratoires-unisson.com\/wp-content\/uploads\/2022\/01\/logo-unisson.svg\",\"width\":1,\"height\":1,\"caption\":\"Laboratoires Unisson\"},\"image\":{\"@id\":\"https:\/\/www.laboratoires-unisson.com\/fr-be#\/schema\/logo\/image\/\"}}]}<\/script>\n<!-- \/ Yoast SEO plugin. -->","yoast_head_json":{"title":"Appareil auditif Signia Styletto 7AX \u00e0 1900\u20ac - Unisson Belgique","description":"Envie d'un design prim\u00e9 ? Essayez le Styletto 7AX. Alliez style et performance avec cet appareil auditif unique. Faites le choix de l'\u00e9l\u00e9gance auditive.","robots":{"index":"index","follow":"follow","max-snippet":"max-snippet:-1","max-image-preview":"max-image-preview:large","max-video-preview":"max-video-preview:-1"},"canonical":"https:\/\/www.laboratoires-unisson.com\/fr-be\/wp-json\/wp\/v2\/product\/22880","og_locale":"fr_FR","og_type":"article","og_title":"Styletto 7AX - Laboratoires Unisson","og_description":"Envie d'un design prim\u00e9 ? Essayez le Styletto 7AX. Alliez style et performance avec cet appareil auditif unique. Faites le choix de l'\u00e9l\u00e9gance auditive.","og_url":"https:\/\/www.laboratoires-unisson.com\/fr-be\/produit\/appareils-auditifs\/signia\/styletto-7ax","og_site_name":"Laboratoires Unisson","article_modified_time":"2025-12-03T09:07:03+00:00","og_image":[{"width":600,"height":600,"url":"https:\/\/www.laboratoires-unisson.com\/wp-content\/uploads\/2022\/09\/signia-styletto-7ax-2.webp","type":"image\/webp"}],"twitter_card":"summary_large_image","twitter_misc":{"Est. reading time":"3 minutes"},"schema":{"@context":"https:\/\/schema.org","@graph":[{"@type":"WebPage","@id":"https:\/\/www.laboratoires-unisson.com\/fr-be\/produit\/appareils-auditifs\/signia\/styletto-7ax","url":"https:\/\/www.laboratoires-unisson.com\/fr-be\/produit\/appareils-auditifs\/signia\/styletto-7ax","name":"Styletto 7AX - Laboratoires Unisson","isPartOf":{"@id":"https:\/\/www.laboratoires-unisson.com\/fr-be#website"},"primaryImageOfPage":{"@id":"https:\/\/www.laboratoires-unisson.com\/fr-be\/produit\/appareils-auditifs\/signia\/styletto-7ax#primaryimage"},"image":{"@id":"https:\/\/www.laboratoires-unisson.com\/fr-be\/produit\/appareils-auditifs\/signia\/styletto-7ax#primaryimage"},"thumbnailUrl":"https:\/\/www.laboratoires-unisson.com\/wp-content\/uploads\/2022\/09\/signia-styletto-7ax-2.webp","datePublished":"2022-09-16T09:30:48+00:00","dateModified":"2025-12-03T09:07:03+00:00","description":"Envie d'un design prim\u00e9 ? Essayez le Styletto 7AX. Alliez style et performance avec cet appareil auditif unique. Faites le choix de l'\u00e9l\u00e9gance auditive.","breadcrumb":{"@id":"https:\/\/www.laboratoires-unisson.com\/fr-be\/produit\/appareils-auditifs\/signia\/styletto-7ax#breadcrumb"},"inLanguage":"fr-BE","potentialAction":[{"@type":"ReadAction","target":["https:\/\/www.laboratoires-unisson.com\/fr-be\/produit\/appareils-auditifs\/signia\/styletto-7ax"]}]},{"@type":"ImageObject","inLanguage":"fr-BE","@id":"https:\/\/www.laboratoires-unisson.com\/fr-be\/produit\/appareils-auditifs\/signia\/styletto-7ax#primaryimage","url":"https:\/\/www.laboratoires-unisson.com\/wp-content\/uploads\/2022\/09\/signia-styletto-7ax-2.webp","contentUrl":"https:\/\/www.laboratoires-unisson.com\/wp-content\/uploads\/2022\/09\/signia-styletto-7ax-2.webp","width":600,"height":600},{"@type":"BreadcrumbList","@id":"https:\/\/www.laboratoires-unisson.com\/fr-be\/produit\/appareils-auditifs\/signia\/styletto-7ax#breadcrumb","itemListElement":[{"@type":"ListItem","position":1,"name":"Shop","item":"https:\/\/www.laboratoires-unisson.com\/fr-be\/shop"},{"@type":"ListItem","position":2,"name":"Styletto 7AX"}]},{"@type":"WebSite","@id":"https:\/\/www.laboratoires-unisson.com\/fr-be#website","url":"https:\/\/www.laboratoires-unisson.com\/fr-be","name":"Laboratoires Unisson","description":"Appareil auditif et proth\u00e8se auditive Moins Cher jusqu&#039;\u00e0 -40%","publisher":{"@id":"https:\/\/www.laboratoires-unisson.com\/fr-be#organization"},"potentialAction":[{"@type":"SearchAction","target":{"@type":"EntryPoint","urlTemplate":"https:\/\/www.laboratoires-unisson.com\/fr-be?s={search_term_string}"},"query-input":{"@type":"PropertyValueSpecification","valueRequired":true,"valueName":"search_term_string"}}],"inLanguage":"fr-BE"},{"@type":"Organization","@id":"https:\/\/www.laboratoires-unisson.com\/fr-be#organization","name":"Laboratoires Unisson","url":"https:\/\/www.laboratoires-unisson.com\/fr-be","logo":{"@type":"ImageObject","inLanguage":"fr-BE","@id":"https:\/\/www.laboratoires-unisson.com\/fr-be#\/schema\/logo\/image\/","url":"https:\/\/www.laboratoires-unisson.com\/wp-content\/uploads\/2022\/01\/logo-unisson.svg","contentUrl":"https:\/\/www.laboratoires-unisson.com\/wp-content\/uploads\/2022\/01\/logo-unisson.svg","width":1,"height":1,"caption":"Laboratoires Unisson"},"image":{"@id":"https:\/\/www.laboratoires-unisson.com\/fr-be#\/schema\/logo\/image\/"}}]}},"_links":{"self":[{"href":"https:\/\/www.laboratoires-unisson.com\/fr-be\/wp-json\/wp\/v2\/product\/22880","targetHints":{"allow":["GET"]}}],"collection":[{"href":"https:\/\/www.laboratoires-unisson.com\/fr-be\/wp-json\/wp\/v2\/product"}],"about":[{"href":"https:\/\/www.laboratoires-unisson.com\/fr-be\/wp-json\/wp\/v2\/types\/product"}],"wp:featuredmedia":[{"embeddable":true,"href":"https:\/\/www.laboratoires-unisson.com\/fr-be\/wp-json\/wp\/v2\/media\/20296"}],"wp:attachment":[{"href":"https:\/\/www.laboratoires-unisson.com\/fr-be\/wp-json\/wp\/v2\/media?parent=22880"}],"wp:term":[{"taxonomy":"product_brand","embeddable":true,"href":"https:\/\/www.laboratoires-unisson.com\/fr-be\/wp-json\/wp\/v2\/product_brand?post=22880"},{"taxonomy":"product_cat","embeddable":true,"href":"https:\/\/www.laboratoires-unisson.com\/fr-be\/wp-json\/wp\/v2\/product_cat?post=22880"},{"taxonomy":"product_tag","embeddable":true,"href":"https:\/\/www.laboratoires-unisson.com\/fr-be\/wp-json\/wp\/v2\/product_tag?post=22880"}],"curies":[{"name":"wp","href":"https:\/\/api.w.org\/{rel}","templated":true}]}}