{"id":22881,"date":"2022-08-11T16:43:11","date_gmt":"2022-08-11T14:43:11","guid":{"rendered":"https:\/\/www.laboratoires-unisson.com\/produit\/audeo-life-p70-rl"},"modified":"2025-12-03T10:07:04","modified_gmt":"2025-12-03T09:07:04","slug":"audeo-life-p70-rl","status":"publish","type":"product","link":"https:\/\/www.laboratoires-unisson.com\/fr-be\/produit\/appareils-auditifs\/phonak\/audeo-life-p70-rl","title":{"rendered":"Audeo Life P70 RL"},"content":{"rendered":"<p><span style=\"font-weight: 400;\">Phonak marque le d\u00e9but de l\u2019\u00e9t\u00e9 2022 avec la sortie de ses premiers appareils auditifs rechargeables \u00e9tanches : Phonak Audeo Life.<\/span><\/p>\n<h3><strong>Pr\u00e9sentation du Audeo Life P70 RL<\/strong><\/h3>\n<p><span style=\"font-weight: 400;\">L\u2019appareil auditif Phonak Audeo Life P70 RL est un <strong>mod\u00e8le rechargeable<\/strong> dont sa batterie \u00e0 lithium ion lui conf\u00e8re jusqu\u2019\u00e0 16h d\u2019autonomie. Il est dot\u00e9 de <strong>20 canaux d\u2019adaptation et 64 bandes de filtrage<\/strong>.<\/span><\/p>\n<p><span style=\"font-weight: 400;\">Il est certifi\u00e9 IP68 et est la premi\u00e8re <a href=\"https:\/\/www.laboratoires-unisson.com\/fr-be\/appareils-auditifs\/options\/rechargeables\">aide auditive rechargeable<\/a> \u00e9tanche de Phonak, une premi\u00e8re mondiale.\u00a0<\/span><\/p>\n<p><span style=\"font-weight: 400;\">La perte auditive ne doit pas vous emp\u00eacher de profiter pleinement de votre quotidien. Que vous vous entra\u00eenez \u00e0 la salle de sport, faites vos courses par temps de pluie ou profitez de la piscine pendant l\u2019\u00e9t\u00e9, <strong>les aides auditives Audeo Life vous offrent la tranquillit\u00e9 d\u2019esprit n\u00e9cessaire pour b\u00e9n\u00e9ficier d\u2019un son optimal \u00e0 chaque moment<\/strong>.<\/span><\/p>\n<p><span style=\"font-weight: 400;\">Le nouveau bo\u00eetier des appareils Audeo Life se veut solide, \u00e9tanche et r\u00e9sistant \u00e0 la transpiration.<\/span><\/p>\n<p><span style=\"font-weight: 400;\">Audeo Life P70 RL appartient \u00e0 la famille de produits Paradise et comprend ainsi le meilleur de la derni\u00e8re technologie Phonak :\u00a0<\/span><\/p>\n<ul>\n<li style=\"font-weight: 400;\" aria-level=\"1\"><span style=\"font-weight: 400;\">AutoSense OS 4.0pour r\u00e9duire les bruits autour de vous et optimiser la parole<\/span><\/li>\n<li style=\"font-weight: 400;\" aria-level=\"1\"><span style=\"font-weight: 400;\">UltraZoom am\u00e9liore l\u2019intelligibilit\u00e9 de la parole dans les bruits de fond difficiles<\/span><\/li>\n<li style=\"font-weight: 400;\" aria-level=\"1\"><span style=\"font-weight: 400;\">Masqueur d\u2019acouph\u00e8nes gr\u00e2ce au Tinnitus Balance<\/span><\/li>\n<\/ul>\n<h3><strong>Audeo Life, la premi\u00e8re aide auditive rechargeable \u00e9tanche<\/strong><\/h3>\n<p><span style=\"font-weight: 400;\">Vos audioproth\u00e8ses Audeo Life P70 RL se rechargent gr\u00e2ce au <strong>Charger Case Go<\/strong>. Il contient une batterie interne afin de pouvoir les recharger \u00e0 tout moment. Comptez <strong>jusqu\u2019\u00e0 16h d\u2019autonomie<\/strong> en une seule charge.<\/span><\/p>\n<h3><strong>Connectivit\u00e9 des aides auditives Audeo Life<\/strong><\/h3>\n<p><span style=\"font-weight: 400;\">Le mod\u00e8le Audeo Life P70 RL est \u00e9quip\u00e9 d\u2019une <strong>connexion Bluetooth universelle<\/strong> &#8211; fonctionne avec tous les appareils iOS et Android &#8211; et peut \u00eatre appair\u00e9 \u00e0 plusieurs supports en m\u00eame temps.<\/span><\/p>\n<p><span style=\"font-weight: 400;\">Plusieurs accessoires sont compatibles avec mod\u00e8le :<\/span><\/p>\n<ul>\n<li style=\"font-weight: 400;\" aria-level=\"1\"><span style=\"font-weight: 400;\">TV Connector : le son de votre t\u00e9l\u00e9viseur est retransmis directement dans vos aides auditives Phonak Audeo Life<\/span><\/li>\n<li style=\"font-weight: 400;\" aria-level=\"1\"><span style=\"font-weight: 400;\">T\u00e9l\u00e9commande : en toute discr\u00e9tion, modifier le volume et vos programmes<\/span><\/li>\n<li style=\"font-weight: 400;\" aria-level=\"1\"><span style=\"font-weight: 400;\">PartnerMic : microphone qui permet d\u2019amplifier ce que dit l\u2019orateur<\/span><\/li>\n<li style=\"font-weight: 400;\" aria-level=\"1\"><span style=\"font-weight: 400;\">Roger On iN<\/span><\/li>\n<\/ul>\n<p><span style=\"font-weight: 400;\">De plus, avec l\u2019application myPhonak, vous pourrez effectuer quelques r\u00e9glages depuis votre smartphone : s\u00e9lection des programmes, configuration de certains param\u00e8tres, suivi de l\u2019\u00e9tat de votre aide auditive et statistiques de sant\u00e9 auditive.<\/span><\/p>\n","protected":false},"excerpt":{"rendered":"<p>Phonak marque le d\u00e9but de l\u2019\u00e9t\u00e9 2022 avec la sortie de ses premiers appareils auditifs rechargeables \u00e9tanches : Phonak Audeo Life. Pr\u00e9sentation du Audeo Life P70 RL L\u2019appareil auditif Phonak Audeo Life P70 RL est un mod\u00e8le rechargeable dont sa batterie \u00e0 lithium ion lui conf\u00e8re jusqu\u2019\u00e0 16h d\u2019autonomie. Il est dot\u00e9 de 20 canaux [&hellip;]<\/p>\n","protected":false},"featured_media":20271,"template":"","meta":{"_acf_changed":false},"product_brand":[],"product_cat":[2574],"product_tag":[],"class_list":{"0":"post-22881","1":"product","2":"type-product","3":"status-publish","4":"has-post-thumbnail","6":"product_cat-phonak-fr-be","8":"first","9":"instock","10":"taxable","11":"shipping-taxable","12":"purchasable","13":"product-type-simple"},"acf":[],"yoast_head":"<!-- This site is optimized with the Yoast SEO plugin v27.1.1 - https:\/\/yoast.com\/product\/yoast-seo-wordpress\/ -->\n<title>Appareil auditif Phonak Audeo Life P70 RL \u00e0 1900\u20ac - Unisson Belgique<\/title>\n<meta name=\"description\" content=\"Phonak marque le d\u00e9but de l\u2019\u00e9t\u00e9 2022 avec la sortie de ses premiers appareils auditifs rechargeables \u00e9tanches : Phonak Audeo Life. Pr\u00e9sentation du Audeo\" \/>\n<meta name=\"robots\" content=\"index, follow, max-snippet:-1, max-image-preview:large, max-video-preview:-1\" \/>\n<link rel=\"canonical\" href=\"https:\/\/www.laboratoires-unisson.com\/fr-be\/wp-json\/wp\/v2\/product\/22881\" \/>\n<meta property=\"og:locale\" content=\"fr_FR\" \/>\n<meta property=\"og:type\" content=\"article\" \/>\n<meta property=\"og:title\" content=\"Audeo Life P70 RL - Laboratoires Unisson\" \/>\n<meta property=\"og:description\" content=\"Phonak marque le d\u00e9but de l\u2019\u00e9t\u00e9 2022 avec la sortie de ses premiers appareils auditifs rechargeables \u00e9tanches : Phonak Audeo Life. Pr\u00e9sentation du Audeo\" \/>\n<meta property=\"og:url\" content=\"https:\/\/www.laboratoires-unisson.com\/fr-be\/produit\/appareils-auditifs\/phonak\/audeo-life-p70-rl\" \/>\n<meta property=\"og:site_name\" content=\"Laboratoires Unisson\" \/>\n<meta property=\"article:modified_time\" content=\"2025-12-03T09:07:04+00:00\" \/>\n<meta property=\"og:image\" content=\"https:\/\/www.laboratoires-unisson.com\/wp-content\/uploads\/2022\/08\/phonak-audeo-life-p70-rl.jpg\" \/>\n\t<meta property=\"og:image:width\" content=\"598\" \/>\n\t<meta property=\"og:image:height\" content=\"580\" \/>\n\t<meta property=\"og:image:type\" content=\"image\/jpeg\" \/>\n<meta name=\"twitter:card\" content=\"summary_large_image\" \/>\n<meta name=\"twitter:label1\" content=\"Est. reading time\" \/>\n\t<meta name=\"twitter:data1\" content=\"3 minutes\" \/>\n<script type=\"application\/ld+json\" class=\"yoast-schema-graph\">{\"@context\":\"https:\/\/schema.org\",\"@graph\":[{\"@type\":\"WebPage\",\"@id\":\"https:\/\/www.laboratoires-unisson.com\/fr-be\/produit\/appareils-auditifs\/phonak\/audeo-life-p70-rl\",\"url\":\"https:\/\/www.laboratoires-unisson.com\/fr-be\/produit\/appareils-auditifs\/phonak\/audeo-life-p70-rl\",\"name\":\"Audeo Life P70 RL - Laboratoires Unisson\",\"isPartOf\":{\"@id\":\"https:\/\/www.laboratoires-unisson.com\/fr-be#website\"},\"primaryImageOfPage\":{\"@id\":\"https:\/\/www.laboratoires-unisson.com\/fr-be\/produit\/appareils-auditifs\/phonak\/audeo-life-p70-rl#primaryimage\"},\"image\":{\"@id\":\"https:\/\/www.laboratoires-unisson.com\/fr-be\/produit\/appareils-auditifs\/phonak\/audeo-life-p70-rl#primaryimage\"},\"thumbnailUrl\":\"https:\/\/www.laboratoires-unisson.com\/wp-content\/uploads\/2022\/08\/phonak-audeo-life-p70-rl.jpg\",\"datePublished\":\"2022-08-11T14:43:11+00:00\",\"dateModified\":\"2025-12-03T09:07:04+00:00\",\"description\":\"Phonak marque le d\u00e9but de l\u2019\u00e9t\u00e9 2022 avec la sortie de ses premiers appareils auditifs rechargeables \u00e9tanches : Phonak Audeo Life. Pr\u00e9sentation du Audeo\",\"breadcrumb\":{\"@id\":\"https:\/\/www.laboratoires-unisson.com\/fr-be\/produit\/appareils-auditifs\/phonak\/audeo-life-p70-rl#breadcrumb\"},\"inLanguage\":\"fr-BE\",\"potentialAction\":[{\"@type\":\"ReadAction\",\"target\":[\"https:\/\/www.laboratoires-unisson.com\/fr-be\/produit\/appareils-auditifs\/phonak\/audeo-life-p70-rl\"]}]},{\"@type\":\"ImageObject\",\"inLanguage\":\"fr-BE\",\"@id\":\"https:\/\/www.laboratoires-unisson.com\/fr-be\/produit\/appareils-auditifs\/phonak\/audeo-life-p70-rl#primaryimage\",\"url\":\"https:\/\/www.laboratoires-unisson.com\/wp-content\/uploads\/2022\/08\/phonak-audeo-life-p70-rl.jpg\",\"contentUrl\":\"https:\/\/www.laboratoires-unisson.com\/wp-content\/uploads\/2022\/08\/phonak-audeo-life-p70-rl.jpg\",\"width\":598,\"height\":580},{\"@type\":\"BreadcrumbList\",\"@id\":\"https:\/\/www.laboratoires-unisson.com\/fr-be\/produit\/appareils-auditifs\/phonak\/audeo-life-p70-rl#breadcrumb\",\"itemListElement\":[{\"@type\":\"ListItem\",\"position\":1,\"name\":\"Shop\",\"item\":\"https:\/\/www.laboratoires-unisson.com\/fr-be\/shop\"},{\"@type\":\"ListItem\",\"position\":2,\"name\":\"Audeo Life P70 RL\"}]},{\"@type\":\"WebSite\",\"@id\":\"https:\/\/www.laboratoires-unisson.com\/fr-be#website\",\"url\":\"https:\/\/www.laboratoires-unisson.com\/fr-be\",\"name\":\"Laboratoires Unisson\",\"description\":\"Appareil auditif et proth\u00e8se auditive Moins Cher jusqu&#039;\u00e0 -40%\",\"publisher\":{\"@id\":\"https:\/\/www.laboratoires-unisson.com\/fr-be#organization\"},\"potentialAction\":[{\"@type\":\"SearchAction\",\"target\":{\"@type\":\"EntryPoint\",\"urlTemplate\":\"https:\/\/www.laboratoires-unisson.com\/fr-be?s={search_term_string}\"},\"query-input\":{\"@type\":\"PropertyValueSpecification\",\"valueRequired\":true,\"valueName\":\"search_term_string\"}}],\"inLanguage\":\"fr-BE\"},{\"@type\":\"Organization\",\"@id\":\"https:\/\/www.laboratoires-unisson.com\/fr-be#organization\",\"name\":\"Laboratoires Unisson\",\"url\":\"https:\/\/www.laboratoires-unisson.com\/fr-be\",\"logo\":{\"@type\":\"ImageObject\",\"inLanguage\":\"fr-BE\",\"@id\":\"https:\/\/www.laboratoires-unisson.com\/fr-be#\/schema\/logo\/image\/\",\"url\":\"https:\/\/www.laboratoires-unisson.com\/wp-content\/uploads\/2022\/01\/logo-unisson.svg\",\"contentUrl\":\"https:\/\/www.laboratoires-unisson.com\/wp-content\/uploads\/2022\/01\/logo-unisson.svg\",\"width\":1,\"height\":1,\"caption\":\"Laboratoires Unisson\"},\"image\":{\"@id\":\"https:\/\/www.laboratoires-unisson.com\/fr-be#\/schema\/logo\/image\/\"}}]}<\/script>\n<!-- \/ Yoast SEO plugin. -->","yoast_head_json":{"title":"Appareil auditif Phonak Audeo Life P70 RL \u00e0 1900\u20ac - Unisson Belgique","description":"Phonak marque le d\u00e9but de l\u2019\u00e9t\u00e9 2022 avec la sortie de ses premiers appareils auditifs rechargeables \u00e9tanches : Phonak Audeo Life. Pr\u00e9sentation du Audeo","robots":{"index":"index","follow":"follow","max-snippet":"max-snippet:-1","max-image-preview":"max-image-preview:large","max-video-preview":"max-video-preview:-1"},"canonical":"https:\/\/www.laboratoires-unisson.com\/fr-be\/wp-json\/wp\/v2\/product\/22881","og_locale":"fr_FR","og_type":"article","og_title":"Audeo Life P70 RL - Laboratoires Unisson","og_description":"Phonak marque le d\u00e9but de l\u2019\u00e9t\u00e9 2022 avec la sortie de ses premiers appareils auditifs rechargeables \u00e9tanches : Phonak Audeo Life. Pr\u00e9sentation du Audeo","og_url":"https:\/\/www.laboratoires-unisson.com\/fr-be\/produit\/appareils-auditifs\/phonak\/audeo-life-p70-rl","og_site_name":"Laboratoires Unisson","article_modified_time":"2025-12-03T09:07:04+00:00","og_image":[{"width":598,"height":580,"url":"https:\/\/www.laboratoires-unisson.com\/wp-content\/uploads\/2022\/08\/phonak-audeo-life-p70-rl.jpg","type":"image\/jpeg"}],"twitter_card":"summary_large_image","twitter_misc":{"Est. reading time":"3 minutes"},"schema":{"@context":"https:\/\/schema.org","@graph":[{"@type":"WebPage","@id":"https:\/\/www.laboratoires-unisson.com\/fr-be\/produit\/appareils-auditifs\/phonak\/audeo-life-p70-rl","url":"https:\/\/www.laboratoires-unisson.com\/fr-be\/produit\/appareils-auditifs\/phonak\/audeo-life-p70-rl","name":"Audeo Life P70 RL - Laboratoires Unisson","isPartOf":{"@id":"https:\/\/www.laboratoires-unisson.com\/fr-be#website"},"primaryImageOfPage":{"@id":"https:\/\/www.laboratoires-unisson.com\/fr-be\/produit\/appareils-auditifs\/phonak\/audeo-life-p70-rl#primaryimage"},"image":{"@id":"https:\/\/www.laboratoires-unisson.com\/fr-be\/produit\/appareils-auditifs\/phonak\/audeo-life-p70-rl#primaryimage"},"thumbnailUrl":"https:\/\/www.laboratoires-unisson.com\/wp-content\/uploads\/2022\/08\/phonak-audeo-life-p70-rl.jpg","datePublished":"2022-08-11T14:43:11+00:00","dateModified":"2025-12-03T09:07:04+00:00","description":"Phonak marque le d\u00e9but de l\u2019\u00e9t\u00e9 2022 avec la sortie de ses premiers appareils auditifs rechargeables \u00e9tanches : Phonak Audeo Life. Pr\u00e9sentation du Audeo","breadcrumb":{"@id":"https:\/\/www.laboratoires-unisson.com\/fr-be\/produit\/appareils-auditifs\/phonak\/audeo-life-p70-rl#breadcrumb"},"inLanguage":"fr-BE","potentialAction":[{"@type":"ReadAction","target":["https:\/\/www.laboratoires-unisson.com\/fr-be\/produit\/appareils-auditifs\/phonak\/audeo-life-p70-rl"]}]},{"@type":"ImageObject","inLanguage":"fr-BE","@id":"https:\/\/www.laboratoires-unisson.com\/fr-be\/produit\/appareils-auditifs\/phonak\/audeo-life-p70-rl#primaryimage","url":"https:\/\/www.laboratoires-unisson.com\/wp-content\/uploads\/2022\/08\/phonak-audeo-life-p70-rl.jpg","contentUrl":"https:\/\/www.laboratoires-unisson.com\/wp-content\/uploads\/2022\/08\/phonak-audeo-life-p70-rl.jpg","width":598,"height":580},{"@type":"BreadcrumbList","@id":"https:\/\/www.laboratoires-unisson.com\/fr-be\/produit\/appareils-auditifs\/phonak\/audeo-life-p70-rl#breadcrumb","itemListElement":[{"@type":"ListItem","position":1,"name":"Shop","item":"https:\/\/www.laboratoires-unisson.com\/fr-be\/shop"},{"@type":"ListItem","position":2,"name":"Audeo Life P70 RL"}]},{"@type":"WebSite","@id":"https:\/\/www.laboratoires-unisson.com\/fr-be#website","url":"https:\/\/www.laboratoires-unisson.com\/fr-be","name":"Laboratoires Unisson","description":"Appareil auditif et proth\u00e8se auditive Moins Cher jusqu&#039;\u00e0 -40%","publisher":{"@id":"https:\/\/www.laboratoires-unisson.com\/fr-be#organization"},"potentialAction":[{"@type":"SearchAction","target":{"@type":"EntryPoint","urlTemplate":"https:\/\/www.laboratoires-unisson.com\/fr-be?s={search_term_string}"},"query-input":{"@type":"PropertyValueSpecification","valueRequired":true,"valueName":"search_term_string"}}],"inLanguage":"fr-BE"},{"@type":"Organization","@id":"https:\/\/www.laboratoires-unisson.com\/fr-be#organization","name":"Laboratoires Unisson","url":"https:\/\/www.laboratoires-unisson.com\/fr-be","logo":{"@type":"ImageObject","inLanguage":"fr-BE","@id":"https:\/\/www.laboratoires-unisson.com\/fr-be#\/schema\/logo\/image\/","url":"https:\/\/www.laboratoires-unisson.com\/wp-content\/uploads\/2022\/01\/logo-unisson.svg","contentUrl":"https:\/\/www.laboratoires-unisson.com\/wp-content\/uploads\/2022\/01\/logo-unisson.svg","width":1,"height":1,"caption":"Laboratoires Unisson"},"image":{"@id":"https:\/\/www.laboratoires-unisson.com\/fr-be#\/schema\/logo\/image\/"}}]}},"_links":{"self":[{"href":"https:\/\/www.laboratoires-unisson.com\/fr-be\/wp-json\/wp\/v2\/product\/22881","targetHints":{"allow":["GET"]}}],"collection":[{"href":"https:\/\/www.laboratoires-unisson.com\/fr-be\/wp-json\/wp\/v2\/product"}],"about":[{"href":"https:\/\/www.laboratoires-unisson.com\/fr-be\/wp-json\/wp\/v2\/types\/product"}],"wp:featuredmedia":[{"embeddable":true,"href":"https:\/\/www.laboratoires-unisson.com\/fr-be\/wp-json\/wp\/v2\/media\/20271"}],"wp:attachment":[{"href":"https:\/\/www.laboratoires-unisson.com\/fr-be\/wp-json\/wp\/v2\/media?parent=22881"}],"wp:term":[{"taxonomy":"product_brand","embeddable":true,"href":"https:\/\/www.laboratoires-unisson.com\/fr-be\/wp-json\/wp\/v2\/product_brand?post=22881"},{"taxonomy":"product_cat","embeddable":true,"href":"https:\/\/www.laboratoires-unisson.com\/fr-be\/wp-json\/wp\/v2\/product_cat?post=22881"},{"taxonomy":"product_tag","embeddable":true,"href":"https:\/\/www.laboratoires-unisson.com\/fr-be\/wp-json\/wp\/v2\/product_tag?post=22881"}],"curies":[{"name":"wp","href":"https:\/\/api.w.org\/{rel}","templated":true}]}}