{"id":22891,"date":"2022-05-09T17:58:46","date_gmt":"2022-05-09T15:58:46","guid":{"rendered":"https:\/\/www.laboratoires-unisson.com\/produit\/alpha-5-minirite-t-r"},"modified":"2026-02-24T10:08:09","modified_gmt":"2026-02-24T09:08:09","slug":"alpha-5-minirite-t-r","status":"publish","type":"product","link":"https:\/\/www.laboratoires-unisson.com\/fr-be\/produit\/alpha-5-minirite-t-r","title":{"rendered":"Alpha 5 miniRITE T R"},"content":{"rendered":"<p>L&#8217;appareil auditif Bernafon Alpha 5 miniRITE T R est un mod\u00e8le <strong>contour d&#8217;oreille miniRITE rechargeable et connect\u00e9 d&#8217;entr\u00e9e de gamme<\/strong>. Il r\u00e9pond aux porteurs ayant une perte auditive l\u00e9g\u00e8re \u00e0 s\u00e9v\u00e8re.<\/p>\n<h3>Caract\u00e9ristiques du mod\u00e8le Bernafon Alpha 5 miniRITE T R<\/h3>\n<ul>\n<li>18 bandes de r\u00e9glages<\/li>\n<li>Double bouton poussoir (volume &amp; programme)<\/li>\n<li>Bobine \u00e0 induction<\/li>\n<li>IP68<\/li>\n<li>Compatible avec les \u00e9couteurs miniFIT<\/li>\n<li>Batterie lithium ion<\/li>\n<li>Connexion Bluetooth made for iPhone<\/li>\n<li>Technologie hybride<\/li>\n<li>R\u00e9ducteur de bruits impulsionnels<\/li>\n<li>Gestion du bruit du vent<\/li>\n<\/ul>\n<p>Le mod\u00e8le Bernafon Alpha 5 miniRITE est le niveau de performance le plus bas de la gamme Alpha; vous n&#8217;aurez donc pas acc\u00e8s \u00e0 toutes les fonctionnalit\u00e9s hybrides disponibles sur les mod\u00e8les plus\u00a0\u00a0performants tels que le Alpha 9 miniRITE T R\u00a0<em>(telles que l&#8217;\u00e9quilibrage hybride et certaines fonctions de la gestion hybride du bruit)<\/em>.<\/p>\n<h3>Les avantages des aides auditives Bernafon Alpha 5<\/h3>\n<ul>\n<li>Une plus grande concentration sur l&#8217;am\u00e9lioration de la parole et du confort d&#8217;\u00e9coute,<\/li>\n<li>Une connectivit\u00e9 Bluetooth avanc\u00e9e pour le streaming audio et les appels mains libres,<\/li>\n<li>Style rechargeable pratique,<\/li>\n<li>Les sons sont plus naturels, m\u00eames les plus forts,<\/li>\n<li>Contr\u00f4ler vos aides auditives et vos pr\u00e9f\u00e9rences pour refl\u00e9ter votre environnement<\/li>\n<\/ul>\n<h3>Le style miniRITE<\/h3>\n<p>Le style d&#8217;aide auditive miniRITE allie <strong>modernit\u00e9, discr\u00e9tion et confort<\/strong> tout au long de la journ\u00e9e. Gr\u00e2ce \u00e0 la technologie Bluetooth basse consommation, vous b\u00e9n\u00e9ficiez d&#8217;une journ\u00e9e d&#8217;autonomie.<\/p>\n<h3>Accessoires compatibles avec les aides auditives Bernafon Alpha<\/h3>\n<p>Tous les mod\u00e8les Alpha miniRITE T R de Bernafon sont \u00e9quip\u00e9s d&#8217;une <strong>connexion Bluetooth made for iPhone<\/strong>. Vous pourrez appairer vos aides auditives Bernafon Alpha avec diff\u00e9rents accessoires :<\/p>\n<ul>\n<li>SoundClip-A<\/li>\n<li>Adaptateur TV-A<\/li>\n<li>T\u00e9l\u00e9commande RC-A<\/li>\n<\/ul>\n","protected":false},"excerpt":{"rendered":"<p>L&#8217;appareil auditif Bernafon Alpha 5 miniRITE T R est un mod\u00e8le contour d&#8217;oreille miniRITE rechargeable et connect\u00e9 d&#8217;entr\u00e9e de gamme. Il r\u00e9pond aux porteurs ayant une perte auditive l\u00e9g\u00e8re \u00e0 s\u00e9v\u00e8re. Caract\u00e9ristiques du mod\u00e8le Bernafon Alpha 5 miniRITE T R 18 bandes de r\u00e9glages Double bouton poussoir (volume &amp; programme) Bobine \u00e0 induction IP68 Compatible [&hellip;]<\/p>\n","protected":false},"featured_media":19543,"template":"","meta":{"_acf_changed":false},"product_brand":[],"product_cat":[3224],"product_tag":[],"class_list":{"0":"post-22891","1":"product","2":"type-product","3":"status-publish","4":"has-post-thumbnail","6":"product_cat-bernafon-fr-be","8":"first","9":"instock","10":"taxable","11":"shipping-taxable","12":"purchasable","13":"product-type-simple"},"acf":[],"yoast_head":"<!-- This site is optimized with the Yoast SEO plugin v27.1.1 - https:\/\/yoast.com\/product\/yoast-seo-wordpress\/ -->\n<title>Appareil auditif  Alpha 5 miniRITE T R \u00e0 1200\u20ac - Unisson Belgique<\/title>\n<meta name=\"description\" content=\"Pourquoi choisir le Bernafon Alpha 5 miniRITE T-R ? Profitez d&#039;une aide auditive rechargeable et performante. D\u00e9couvrez ses avantages maintenant.\" \/>\n<meta name=\"robots\" content=\"index, follow, max-snippet:-1, max-image-preview:large, max-video-preview:-1\" \/>\n<link rel=\"canonical\" href=\"https:\/\/www.laboratoires-unisson.com\/fr-be\/wp-json\/wp\/v2\/product\/22891\" \/>\n<meta property=\"og:locale\" content=\"fr_FR\" \/>\n<meta property=\"og:type\" content=\"article\" \/>\n<meta property=\"og:title\" content=\"Alpha 5 miniRITE T R - Laboratoires Unisson\" \/>\n<meta property=\"og:description\" content=\"Pourquoi choisir le Bernafon Alpha 5 miniRITE T-R ? Profitez d&#039;une aide auditive rechargeable et performante. D\u00e9couvrez ses avantages maintenant.\" \/>\n<meta property=\"og:url\" content=\"https:\/\/www.laboratoires-unisson.com\/fr-be\/produit\/alpha-5-minirite-t-r\" \/>\n<meta property=\"og:site_name\" content=\"Laboratoires Unisson\" \/>\n<meta property=\"article:modified_time\" content=\"2026-02-24T09:08:09+00:00\" \/>\n<meta property=\"og:image\" content=\"https:\/\/www.laboratoires-unisson.com\/wp-content\/uploads\/2022\/05\/alpha-5-minirite-t-r.jpg\" \/>\n\t<meta property=\"og:image:width\" content=\"450\" \/>\n\t<meta property=\"og:image:height\" content=\"500\" \/>\n\t<meta property=\"og:image:type\" content=\"image\/jpeg\" \/>\n<meta name=\"twitter:card\" content=\"summary_large_image\" \/>\n<meta name=\"twitter:label1\" content=\"Est. reading time\" \/>\n\t<meta name=\"twitter:data1\" content=\"2 minutes\" \/>\n<script type=\"application\/ld+json\" class=\"yoast-schema-graph\">{\"@context\":\"https:\/\/schema.org\",\"@graph\":[{\"@type\":\"WebPage\",\"@id\":\"https:\/\/www.laboratoires-unisson.com\/fr-be\/produit\/alpha-5-minirite-t-r\",\"url\":\"https:\/\/www.laboratoires-unisson.com\/fr-be\/produit\/alpha-5-minirite-t-r\",\"name\":\"Alpha 5 miniRITE T R - Laboratoires Unisson\",\"isPartOf\":{\"@id\":\"https:\/\/www.laboratoires-unisson.com\/fr-be#website\"},\"primaryImageOfPage\":{\"@id\":\"https:\/\/www.laboratoires-unisson.com\/fr-be\/produit\/alpha-5-minirite-t-r#primaryimage\"},\"image\":{\"@id\":\"https:\/\/www.laboratoires-unisson.com\/fr-be\/produit\/alpha-5-minirite-t-r#primaryimage\"},\"thumbnailUrl\":\"https:\/\/www.laboratoires-unisson.com\/wp-content\/uploads\/2022\/05\/alpha-5-minirite-t-r.jpg\",\"datePublished\":\"2022-05-09T15:58:46+00:00\",\"dateModified\":\"2026-02-24T09:08:09+00:00\",\"description\":\"Pourquoi choisir le Bernafon Alpha 5 miniRITE T-R ? Profitez d'une aide auditive rechargeable et performante. D\u00e9couvrez ses avantages maintenant.\",\"breadcrumb\":{\"@id\":\"https:\/\/www.laboratoires-unisson.com\/fr-be\/produit\/alpha-5-minirite-t-r#breadcrumb\"},\"inLanguage\":\"fr-BE\",\"potentialAction\":[{\"@type\":\"ReadAction\",\"target\":[\"https:\/\/www.laboratoires-unisson.com\/fr-be\/produit\/alpha-5-minirite-t-r\"]}]},{\"@type\":\"ImageObject\",\"inLanguage\":\"fr-BE\",\"@id\":\"https:\/\/www.laboratoires-unisson.com\/fr-be\/produit\/alpha-5-minirite-t-r#primaryimage\",\"url\":\"https:\/\/www.laboratoires-unisson.com\/wp-content\/uploads\/2022\/05\/alpha-5-minirite-t-r.jpg\",\"contentUrl\":\"https:\/\/www.laboratoires-unisson.com\/wp-content\/uploads\/2022\/05\/alpha-5-minirite-t-r.jpg\",\"width\":450,\"height\":500},{\"@type\":\"BreadcrumbList\",\"@id\":\"https:\/\/www.laboratoires-unisson.com\/fr-be\/produit\/alpha-5-minirite-t-r#breadcrumb\",\"itemListElement\":[{\"@type\":\"ListItem\",\"position\":1,\"name\":\"Shop\",\"item\":\"https:\/\/www.laboratoires-unisson.com\/fr-be\/shop\"},{\"@type\":\"ListItem\",\"position\":2,\"name\":\"Alpha 5 miniRITE T R\"}]},{\"@type\":\"WebSite\",\"@id\":\"https:\/\/www.laboratoires-unisson.com\/fr-be#website\",\"url\":\"https:\/\/www.laboratoires-unisson.com\/fr-be\",\"name\":\"Laboratoires Unisson\",\"description\":\"Appareil auditif et proth\u00e8se auditive Moins Cher jusqu&#039;\u00e0 -40%\",\"publisher\":{\"@id\":\"https:\/\/www.laboratoires-unisson.com\/fr-be#organization\"},\"potentialAction\":[{\"@type\":\"SearchAction\",\"target\":{\"@type\":\"EntryPoint\",\"urlTemplate\":\"https:\/\/www.laboratoires-unisson.com\/fr-be?s={search_term_string}\"},\"query-input\":{\"@type\":\"PropertyValueSpecification\",\"valueRequired\":true,\"valueName\":\"search_term_string\"}}],\"inLanguage\":\"fr-BE\"},{\"@type\":\"Organization\",\"@id\":\"https:\/\/www.laboratoires-unisson.com\/fr-be#organization\",\"name\":\"Laboratoires Unisson\",\"url\":\"https:\/\/www.laboratoires-unisson.com\/fr-be\",\"logo\":{\"@type\":\"ImageObject\",\"inLanguage\":\"fr-BE\",\"@id\":\"https:\/\/www.laboratoires-unisson.com\/fr-be#\/schema\/logo\/image\/\",\"url\":\"https:\/\/www.laboratoires-unisson.com\/wp-content\/uploads\/2022\/01\/logo-unisson.svg\",\"contentUrl\":\"https:\/\/www.laboratoires-unisson.com\/wp-content\/uploads\/2022\/01\/logo-unisson.svg\",\"width\":1,\"height\":1,\"caption\":\"Laboratoires Unisson\"},\"image\":{\"@id\":\"https:\/\/www.laboratoires-unisson.com\/fr-be#\/schema\/logo\/image\/\"}}]}<\/script>\n<!-- \/ Yoast SEO plugin. -->","yoast_head_json":{"title":"Appareil auditif  Alpha 5 miniRITE T R \u00e0 1200\u20ac - Unisson Belgique","description":"Pourquoi choisir le Bernafon Alpha 5 miniRITE T-R ? Profitez d'une aide auditive rechargeable et performante. D\u00e9couvrez ses avantages maintenant.","robots":{"index":"index","follow":"follow","max-snippet":"max-snippet:-1","max-image-preview":"max-image-preview:large","max-video-preview":"max-video-preview:-1"},"canonical":"https:\/\/www.laboratoires-unisson.com\/fr-be\/wp-json\/wp\/v2\/product\/22891","og_locale":"fr_FR","og_type":"article","og_title":"Alpha 5 miniRITE T R - Laboratoires Unisson","og_description":"Pourquoi choisir le Bernafon Alpha 5 miniRITE T-R ? Profitez d'une aide auditive rechargeable et performante. D\u00e9couvrez ses avantages maintenant.","og_url":"https:\/\/www.laboratoires-unisson.com\/fr-be\/produit\/alpha-5-minirite-t-r","og_site_name":"Laboratoires Unisson","article_modified_time":"2026-02-24T09:08:09+00:00","og_image":[{"width":450,"height":500,"url":"https:\/\/www.laboratoires-unisson.com\/wp-content\/uploads\/2022\/05\/alpha-5-minirite-t-r.jpg","type":"image\/jpeg"}],"twitter_card":"summary_large_image","twitter_misc":{"Est. reading time":"2 minutes"},"schema":{"@context":"https:\/\/schema.org","@graph":[{"@type":"WebPage","@id":"https:\/\/www.laboratoires-unisson.com\/fr-be\/produit\/alpha-5-minirite-t-r","url":"https:\/\/www.laboratoires-unisson.com\/fr-be\/produit\/alpha-5-minirite-t-r","name":"Alpha 5 miniRITE T R - Laboratoires Unisson","isPartOf":{"@id":"https:\/\/www.laboratoires-unisson.com\/fr-be#website"},"primaryImageOfPage":{"@id":"https:\/\/www.laboratoires-unisson.com\/fr-be\/produit\/alpha-5-minirite-t-r#primaryimage"},"image":{"@id":"https:\/\/www.laboratoires-unisson.com\/fr-be\/produit\/alpha-5-minirite-t-r#primaryimage"},"thumbnailUrl":"https:\/\/www.laboratoires-unisson.com\/wp-content\/uploads\/2022\/05\/alpha-5-minirite-t-r.jpg","datePublished":"2022-05-09T15:58:46+00:00","dateModified":"2026-02-24T09:08:09+00:00","description":"Pourquoi choisir le Bernafon Alpha 5 miniRITE T-R ? Profitez d'une aide auditive rechargeable et performante. D\u00e9couvrez ses avantages maintenant.","breadcrumb":{"@id":"https:\/\/www.laboratoires-unisson.com\/fr-be\/produit\/alpha-5-minirite-t-r#breadcrumb"},"inLanguage":"fr-BE","potentialAction":[{"@type":"ReadAction","target":["https:\/\/www.laboratoires-unisson.com\/fr-be\/produit\/alpha-5-minirite-t-r"]}]},{"@type":"ImageObject","inLanguage":"fr-BE","@id":"https:\/\/www.laboratoires-unisson.com\/fr-be\/produit\/alpha-5-minirite-t-r#primaryimage","url":"https:\/\/www.laboratoires-unisson.com\/wp-content\/uploads\/2022\/05\/alpha-5-minirite-t-r.jpg","contentUrl":"https:\/\/www.laboratoires-unisson.com\/wp-content\/uploads\/2022\/05\/alpha-5-minirite-t-r.jpg","width":450,"height":500},{"@type":"BreadcrumbList","@id":"https:\/\/www.laboratoires-unisson.com\/fr-be\/produit\/alpha-5-minirite-t-r#breadcrumb","itemListElement":[{"@type":"ListItem","position":1,"name":"Shop","item":"https:\/\/www.laboratoires-unisson.com\/fr-be\/shop"},{"@type":"ListItem","position":2,"name":"Alpha 5 miniRITE T R"}]},{"@type":"WebSite","@id":"https:\/\/www.laboratoires-unisson.com\/fr-be#website","url":"https:\/\/www.laboratoires-unisson.com\/fr-be","name":"Laboratoires Unisson","description":"Appareil auditif et proth\u00e8se auditive Moins Cher jusqu&#039;\u00e0 -40%","publisher":{"@id":"https:\/\/www.laboratoires-unisson.com\/fr-be#organization"},"potentialAction":[{"@type":"SearchAction","target":{"@type":"EntryPoint","urlTemplate":"https:\/\/www.laboratoires-unisson.com\/fr-be?s={search_term_string}"},"query-input":{"@type":"PropertyValueSpecification","valueRequired":true,"valueName":"search_term_string"}}],"inLanguage":"fr-BE"},{"@type":"Organization","@id":"https:\/\/www.laboratoires-unisson.com\/fr-be#organization","name":"Laboratoires Unisson","url":"https:\/\/www.laboratoires-unisson.com\/fr-be","logo":{"@type":"ImageObject","inLanguage":"fr-BE","@id":"https:\/\/www.laboratoires-unisson.com\/fr-be#\/schema\/logo\/image\/","url":"https:\/\/www.laboratoires-unisson.com\/wp-content\/uploads\/2022\/01\/logo-unisson.svg","contentUrl":"https:\/\/www.laboratoires-unisson.com\/wp-content\/uploads\/2022\/01\/logo-unisson.svg","width":1,"height":1,"caption":"Laboratoires Unisson"},"image":{"@id":"https:\/\/www.laboratoires-unisson.com\/fr-be#\/schema\/logo\/image\/"}}]}},"_links":{"self":[{"href":"https:\/\/www.laboratoires-unisson.com\/fr-be\/wp-json\/wp\/v2\/product\/22891","targetHints":{"allow":["GET"]}}],"collection":[{"href":"https:\/\/www.laboratoires-unisson.com\/fr-be\/wp-json\/wp\/v2\/product"}],"about":[{"href":"https:\/\/www.laboratoires-unisson.com\/fr-be\/wp-json\/wp\/v2\/types\/product"}],"wp:featuredmedia":[{"embeddable":true,"href":"https:\/\/www.laboratoires-unisson.com\/fr-be\/wp-json\/wp\/v2\/media\/19543"}],"wp:attachment":[{"href":"https:\/\/www.laboratoires-unisson.com\/fr-be\/wp-json\/wp\/v2\/media?parent=22891"}],"wp:term":[{"taxonomy":"product_brand","embeddable":true,"href":"https:\/\/www.laboratoires-unisson.com\/fr-be\/wp-json\/wp\/v2\/product_brand?post=22891"},{"taxonomy":"product_cat","embeddable":true,"href":"https:\/\/www.laboratoires-unisson.com\/fr-be\/wp-json\/wp\/v2\/product_cat?post=22891"},{"taxonomy":"product_tag","embeddable":true,"href":"https:\/\/www.laboratoires-unisson.com\/fr-be\/wp-json\/wp\/v2\/product_tag?post=22891"}],"curies":[{"name":"wp","href":"https:\/\/api.w.org\/{rel}","templated":true}]}}