{"id":22904,"date":"2022-08-11T11:54:44","date_gmt":"2022-08-11T09:54:44","guid":{"rendered":"https:\/\/www.laboratoires-unisson.com\/produit\/audeo-life-p90-rl"},"modified":"2025-12-03T10:07:14","modified_gmt":"2025-12-03T09:07:14","slug":"audeo-life-p90-rl","status":"publish","type":"product","link":"https:\/\/www.laboratoires-unisson.com\/fr-be\/produit\/appareils-auditifs\/phonak\/audeo-life-p90-rl","title":{"rendered":"Audeo Life P90 RL"},"content":{"rendered":"<p><span style=\"font-weight: 400;\">\u00a0Phonak a lanc\u00e9 en ce d\u00e9but d\u2019\u00e9t\u00e9 2022 ses <strong>premiers aides auditives \u00e9tanches rechargeables<\/strong> : Audeo Life.<\/span><\/p>\n<p><span style=\"font-weight: 400;\">Ces appareils sont des mod\u00e8les <a href=\"https:\/\/www.laboratoires-unisson.com\/fr-be\/appareils-auditifs\/types\/contour-ric\">micro contours d\u2019oreille, RIC<\/a>, qui se logent derri\u00e8re l\u2019oreille.\u00a0<\/span><\/p>\n<p><span style=\"font-weight: 400;\">Cette nouvelle aide auditive poss\u00e8de un nouveau bo\u00eetier \u00e9tanche pour que l\u2019eau ne vienne pas compromettre les microphones.<\/span><\/p>\n<h3><strong>Technologies de l\u2019appareil auditif Phonak Audeo Life P90 RL<\/strong><\/h3>\n<p><span style=\"font-weight: 400;\">Disponible sous 8 couleurs diff\u00e9rentes, cette nouvelle aide auditive Phonak saura vous s\u00e9duire pour<strong> ses performances, sa discr\u00e9tion et sa nouvelle technologie d\u2019\u00e9tanch\u00e9it\u00e9<\/strong>.<\/span><\/p>\n<p><span style=\"font-weight: 400;\">Effectivement, si vous \u00eates adepte du sport ou des voyages, l\u2019appareil auditif Audeo Life P90 RL est fait pour vous.\u00a0<\/span><\/p>\n<p><span style=\"font-weight: 400;\">Cette <a href=\"https:\/\/www.laboratoires-unisson.com\/fr-be\/appareils-auditifs\/prix\/performance\">aide auditive haut de gamme<\/a> est issue de la famille Paradise, d\u00e9j\u00e0 populaire, qui offre un son plus naturel, une puce de traitement plus rapide, une connectivit\u00e9 universelle et une meilleure technologie d\u2019<a href=\"https:\/\/www.laboratoires-unisson.com\/fr-be\/appareils-auditifs\/options\/bluetooth\">aides auditives Bluetooth<\/a> par rapport \u00e0 son ancienne g\u00e9n\u00e9ration d\u2019appareils &#8211; Marvel -.<\/span><\/p>\n<p><span style=\"font-weight: 400;\">La principale diff\u00e9rence de cette aide auditive par rapport \u00e0 l\u2019Audeo P90 R est qu\u2019elle est \u00e9tanche. Gr\u00e2ce \u00e0 son rev\u00eatement sp\u00e9cial, cette audioproth\u00e8se r\u00e9siste \u00e0 la transpiration, douche, piscine jusqu\u2019\u00e0 50cm d\u2019eau.<\/span><\/p>\n<h3><strong>Caract\u00e9ristiques du mod\u00e8le Audeo Life P90 RL<\/strong><\/h3>\n<p><span style=\"font-weight: 400;\">Ce mod\u00e8le est \u00e9quip\u00e9 de <strong>20 canaux de r\u00e9glages et 64 bandes d\u2019adaptation<\/strong> ce qui fait de lui le plus performant des Audeo Life RL. Il poss\u00e8de une \u00e9tanch\u00e9it\u00e9 IP68 et une <strong>batterie rechargeable au lithium ion<\/strong> car il s\u2019agit d\u2019un <a href=\"https:\/\/www.laboratoires-unisson.com\/fr-be\/appareils-auditifs\/options\/rechargeables\">appareil auditif rechargeable<\/a>.\u00a0<\/span><\/p>\n<p><span style=\"font-weight: 400;\">Pour cette aide auditive, un nouveau chargeur a \u00e9t\u00e9 con\u00e7u par Phonak, <strong>Phonak Charger Case Go<\/strong>. Il s\u2019utilise aussi bien \u00e0 la maison qu\u2019\u00e0 l\u2019ext\u00e9rieur. Lorsque vous vous d\u00e9placez, vous pourrez utiliser sa batterie interne pour recharger compl\u00e8tement vos aides auditives jusqu\u2019\u00e0 3 fois en une seule charge.<\/span><\/p>\n<p><span style=\"font-weight: 400;\">Si nous devions r\u00e9sumer l\u2019aide auditive Phonak Audeo Life P90 RL :<\/span><\/p>\n<ul>\n<li style=\"font-weight: 400;\" aria-level=\"1\"><span style=\"font-weight: 400;\">\u00c9tanche<\/span><\/li>\n<li style=\"font-weight: 400;\" aria-level=\"1\"><span style=\"font-weight: 400;\">Rechargeable<\/span><\/li>\n<li style=\"font-weight: 400;\" aria-level=\"1\"><span style=\"font-weight: 400;\">Son naturel<\/span><\/li>\n<li style=\"font-weight: 400;\" aria-level=\"1\"><span style=\"font-weight: 400;\">Connectivit\u00e9 Bluetooth universelle<\/span><\/li>\n<li style=\"font-weight: 400;\" aria-level=\"1\"><span style=\"font-weight: 400;\">Plusieurs connexions Bluetooth en m\u00eame temps possibles<\/span><\/li>\n<li style=\"font-weight: 400;\" aria-level=\"1\"><span style=\"font-weight: 400;\">Syst\u00e8me d\u2019exploitation AutoSense 4.0 premium<\/span><\/li>\n<li style=\"font-weight: 400;\" aria-level=\"1\"><span style=\"font-weight: 400;\">Compatible avec l\u2019application myPhonak et les accessoires Roger<\/span><\/li>\n<\/ul>\n<p><span style=\"font-weight: 400;\">En venant vous appareiller chez nous, vous ferez une \u00e9conomie de pr\u00e8s de 40% sur ce mod\u00e8le par rapport aux autres enseignes du march\u00e9.<\/span><\/p>\n<p><span style=\"font-weight: 400;\">En effet, nous souhaitons vous \u00e9quiper du meilleur de la technologie auditive sans vous ruiner.<\/span><\/p>\n<p><span style=\"font-weight: 400;\">Prenez <a href=\"https:\/\/www.laboratoires-unisson.com\/fr-be\/rdv\">rendez-vous<\/a> d\u00e8s maintenant et tester gratuitement cette audioproth\u00e8se chez vous pendant 30 jours.<\/span><\/p>\n","protected":false},"excerpt":{"rendered":"<p>\u00a0Phonak a lanc\u00e9 en ce d\u00e9but d\u2019\u00e9t\u00e9 2022 ses premiers aides auditives \u00e9tanches rechargeables : Audeo Life. Ces appareils sont des mod\u00e8les micro contours d\u2019oreille, RIC, qui se logent derri\u00e8re l\u2019oreille.\u00a0 Cette nouvelle aide auditive poss\u00e8de un nouveau bo\u00eetier \u00e9tanche pour que l\u2019eau ne vienne pas compromettre les microphones. Technologies de l\u2019appareil auditif Phonak Audeo [&hellip;]<\/p>\n","protected":false},"featured_media":20809,"template":"","meta":{"_acf_changed":false},"product_brand":[],"product_cat":[2574],"product_tag":[],"class_list":{"0":"post-22904","1":"product","2":"type-product","3":"status-publish","4":"has-post-thumbnail","6":"product_cat-phonak-fr-be","8":"first","9":"instock","10":"taxable","11":"shipping-taxable","12":"purchasable","13":"product-type-simple"},"acf":[],"yoast_head":"<!-- This site is optimized with the Yoast SEO plugin v27.1.1 - https:\/\/yoast.com\/product\/yoast-seo-wordpress\/ -->\n<title>Appareil auditif Phonak Audeo Life P90 RL \u00e0 2100\u20ac - Unisson Belgique<\/title>\n<meta name=\"description\" content=\"\u00a0Phonak a lanc\u00e9 en ce d\u00e9but d\u2019\u00e9t\u00e9 2022 ses premiers aides auditives \u00e9tanches rechargeables : Audeo Life. Ces appareils sont des mod\u00e8les micro contours\" \/>\n<meta name=\"robots\" content=\"index, follow, max-snippet:-1, max-image-preview:large, max-video-preview:-1\" \/>\n<link rel=\"canonical\" href=\"https:\/\/www.laboratoires-unisson.com\/fr-be\/wp-json\/wp\/v2\/product\/22904\" \/>\n<meta property=\"og:locale\" content=\"fr_FR\" \/>\n<meta property=\"og:type\" content=\"article\" \/>\n<meta property=\"og:title\" content=\"Audeo Life P90 RL - Laboratoires Unisson\" \/>\n<meta property=\"og:description\" content=\"\u00a0Phonak a lanc\u00e9 en ce d\u00e9but d\u2019\u00e9t\u00e9 2022 ses premiers aides auditives \u00e9tanches rechargeables : Audeo Life. Ces appareils sont des mod\u00e8les micro contours\" \/>\n<meta property=\"og:url\" content=\"https:\/\/www.laboratoires-unisson.com\/fr-be\/produit\/appareils-auditifs\/phonak\/audeo-life-p90-rl\" \/>\n<meta property=\"og:site_name\" content=\"Laboratoires Unisson\" \/>\n<meta property=\"article:modified_time\" content=\"2025-12-03T09:07:14+00:00\" \/>\n<meta property=\"og:image\" content=\"https:\/\/www.laboratoires-unisson.com\/wp-content\/uploads\/2022\/08\/Phonak-Audeo-Life-P90-RL.png\" \/>\n\t<meta property=\"og:image:width\" content=\"507\" \/>\n\t<meta property=\"og:image:height\" content=\"492\" \/>\n\t<meta property=\"og:image:type\" content=\"image\/png\" \/>\n<meta name=\"twitter:card\" content=\"summary_large_image\" \/>\n<meta name=\"twitter:label1\" content=\"Est. reading time\" \/>\n\t<meta name=\"twitter:data1\" content=\"3 minutes\" \/>\n<script type=\"application\/ld+json\" class=\"yoast-schema-graph\">{\"@context\":\"https:\/\/schema.org\",\"@graph\":[{\"@type\":\"WebPage\",\"@id\":\"https:\/\/www.laboratoires-unisson.com\/fr-be\/produit\/appareils-auditifs\/phonak\/audeo-life-p90-rl\",\"url\":\"https:\/\/www.laboratoires-unisson.com\/fr-be\/produit\/appareils-auditifs\/phonak\/audeo-life-p90-rl\",\"name\":\"Audeo Life P90 RL - Laboratoires Unisson\",\"isPartOf\":{\"@id\":\"https:\/\/www.laboratoires-unisson.com\/fr-be#website\"},\"primaryImageOfPage\":{\"@id\":\"https:\/\/www.laboratoires-unisson.com\/fr-be\/produit\/appareils-auditifs\/phonak\/audeo-life-p90-rl#primaryimage\"},\"image\":{\"@id\":\"https:\/\/www.laboratoires-unisson.com\/fr-be\/produit\/appareils-auditifs\/phonak\/audeo-life-p90-rl#primaryimage\"},\"thumbnailUrl\":\"https:\/\/www.laboratoires-unisson.com\/wp-content\/uploads\/2022\/08\/Phonak-Audeo-Life-P90-RL.png\",\"datePublished\":\"2022-08-11T09:54:44+00:00\",\"dateModified\":\"2025-12-03T09:07:14+00:00\",\"description\":\"\u00a0Phonak a lanc\u00e9 en ce d\u00e9but d\u2019\u00e9t\u00e9 2022 ses premiers aides auditives \u00e9tanches rechargeables : Audeo Life. Ces appareils sont des mod\u00e8les micro contours\",\"breadcrumb\":{\"@id\":\"https:\/\/www.laboratoires-unisson.com\/fr-be\/produit\/appareils-auditifs\/phonak\/audeo-life-p90-rl#breadcrumb\"},\"inLanguage\":\"fr-BE\",\"potentialAction\":[{\"@type\":\"ReadAction\",\"target\":[\"https:\/\/www.laboratoires-unisson.com\/fr-be\/produit\/appareils-auditifs\/phonak\/audeo-life-p90-rl\"]}]},{\"@type\":\"ImageObject\",\"inLanguage\":\"fr-BE\",\"@id\":\"https:\/\/www.laboratoires-unisson.com\/fr-be\/produit\/appareils-auditifs\/phonak\/audeo-life-p90-rl#primaryimage\",\"url\":\"https:\/\/www.laboratoires-unisson.com\/wp-content\/uploads\/2022\/08\/Phonak-Audeo-Life-P90-RL.png\",\"contentUrl\":\"https:\/\/www.laboratoires-unisson.com\/wp-content\/uploads\/2022\/08\/Phonak-Audeo-Life-P90-RL.png\",\"width\":507,\"height\":492},{\"@type\":\"BreadcrumbList\",\"@id\":\"https:\/\/www.laboratoires-unisson.com\/fr-be\/produit\/appareils-auditifs\/phonak\/audeo-life-p90-rl#breadcrumb\",\"itemListElement\":[{\"@type\":\"ListItem\",\"position\":1,\"name\":\"Shop\",\"item\":\"https:\/\/www.laboratoires-unisson.com\/fr-be\/shop\"},{\"@type\":\"ListItem\",\"position\":2,\"name\":\"Audeo Life P90 RL\"}]},{\"@type\":\"WebSite\",\"@id\":\"https:\/\/www.laboratoires-unisson.com\/fr-be#website\",\"url\":\"https:\/\/www.laboratoires-unisson.com\/fr-be\",\"name\":\"Laboratoires Unisson\",\"description\":\"Appareil auditif et proth\u00e8se auditive Moins Cher jusqu&#039;\u00e0 -40%\",\"publisher\":{\"@id\":\"https:\/\/www.laboratoires-unisson.com\/fr-be#organization\"},\"potentialAction\":[{\"@type\":\"SearchAction\",\"target\":{\"@type\":\"EntryPoint\",\"urlTemplate\":\"https:\/\/www.laboratoires-unisson.com\/fr-be?s={search_term_string}\"},\"query-input\":{\"@type\":\"PropertyValueSpecification\",\"valueRequired\":true,\"valueName\":\"search_term_string\"}}],\"inLanguage\":\"fr-BE\"},{\"@type\":\"Organization\",\"@id\":\"https:\/\/www.laboratoires-unisson.com\/fr-be#organization\",\"name\":\"Laboratoires Unisson\",\"url\":\"https:\/\/www.laboratoires-unisson.com\/fr-be\",\"logo\":{\"@type\":\"ImageObject\",\"inLanguage\":\"fr-BE\",\"@id\":\"https:\/\/www.laboratoires-unisson.com\/fr-be#\/schema\/logo\/image\/\",\"url\":\"https:\/\/www.laboratoires-unisson.com\/wp-content\/uploads\/2022\/01\/logo-unisson.svg\",\"contentUrl\":\"https:\/\/www.laboratoires-unisson.com\/wp-content\/uploads\/2022\/01\/logo-unisson.svg\",\"width\":1,\"height\":1,\"caption\":\"Laboratoires Unisson\"},\"image\":{\"@id\":\"https:\/\/www.laboratoires-unisson.com\/fr-be#\/schema\/logo\/image\/\"}}]}<\/script>\n<!-- \/ Yoast SEO plugin. -->","yoast_head_json":{"title":"Appareil auditif Phonak Audeo Life P90 RL \u00e0 2100\u20ac - Unisson Belgique","description":"\u00a0Phonak a lanc\u00e9 en ce d\u00e9but d\u2019\u00e9t\u00e9 2022 ses premiers aides auditives \u00e9tanches rechargeables : Audeo Life. Ces appareils sont des mod\u00e8les micro contours","robots":{"index":"index","follow":"follow","max-snippet":"max-snippet:-1","max-image-preview":"max-image-preview:large","max-video-preview":"max-video-preview:-1"},"canonical":"https:\/\/www.laboratoires-unisson.com\/fr-be\/wp-json\/wp\/v2\/product\/22904","og_locale":"fr_FR","og_type":"article","og_title":"Audeo Life P90 RL - Laboratoires Unisson","og_description":"\u00a0Phonak a lanc\u00e9 en ce d\u00e9but d\u2019\u00e9t\u00e9 2022 ses premiers aides auditives \u00e9tanches rechargeables : Audeo Life. Ces appareils sont des mod\u00e8les micro contours","og_url":"https:\/\/www.laboratoires-unisson.com\/fr-be\/produit\/appareils-auditifs\/phonak\/audeo-life-p90-rl","og_site_name":"Laboratoires Unisson","article_modified_time":"2025-12-03T09:07:14+00:00","og_image":[{"width":507,"height":492,"url":"https:\/\/www.laboratoires-unisson.com\/wp-content\/uploads\/2022\/08\/Phonak-Audeo-Life-P90-RL.png","type":"image\/png"}],"twitter_card":"summary_large_image","twitter_misc":{"Est. reading time":"3 minutes"},"schema":{"@context":"https:\/\/schema.org","@graph":[{"@type":"WebPage","@id":"https:\/\/www.laboratoires-unisson.com\/fr-be\/produit\/appareils-auditifs\/phonak\/audeo-life-p90-rl","url":"https:\/\/www.laboratoires-unisson.com\/fr-be\/produit\/appareils-auditifs\/phonak\/audeo-life-p90-rl","name":"Audeo Life P90 RL - Laboratoires Unisson","isPartOf":{"@id":"https:\/\/www.laboratoires-unisson.com\/fr-be#website"},"primaryImageOfPage":{"@id":"https:\/\/www.laboratoires-unisson.com\/fr-be\/produit\/appareils-auditifs\/phonak\/audeo-life-p90-rl#primaryimage"},"image":{"@id":"https:\/\/www.laboratoires-unisson.com\/fr-be\/produit\/appareils-auditifs\/phonak\/audeo-life-p90-rl#primaryimage"},"thumbnailUrl":"https:\/\/www.laboratoires-unisson.com\/wp-content\/uploads\/2022\/08\/Phonak-Audeo-Life-P90-RL.png","datePublished":"2022-08-11T09:54:44+00:00","dateModified":"2025-12-03T09:07:14+00:00","description":"\u00a0Phonak a lanc\u00e9 en ce d\u00e9but d\u2019\u00e9t\u00e9 2022 ses premiers aides auditives \u00e9tanches rechargeables : Audeo Life. Ces appareils sont des mod\u00e8les micro contours","breadcrumb":{"@id":"https:\/\/www.laboratoires-unisson.com\/fr-be\/produit\/appareils-auditifs\/phonak\/audeo-life-p90-rl#breadcrumb"},"inLanguage":"fr-BE","potentialAction":[{"@type":"ReadAction","target":["https:\/\/www.laboratoires-unisson.com\/fr-be\/produit\/appareils-auditifs\/phonak\/audeo-life-p90-rl"]}]},{"@type":"ImageObject","inLanguage":"fr-BE","@id":"https:\/\/www.laboratoires-unisson.com\/fr-be\/produit\/appareils-auditifs\/phonak\/audeo-life-p90-rl#primaryimage","url":"https:\/\/www.laboratoires-unisson.com\/wp-content\/uploads\/2022\/08\/Phonak-Audeo-Life-P90-RL.png","contentUrl":"https:\/\/www.laboratoires-unisson.com\/wp-content\/uploads\/2022\/08\/Phonak-Audeo-Life-P90-RL.png","width":507,"height":492},{"@type":"BreadcrumbList","@id":"https:\/\/www.laboratoires-unisson.com\/fr-be\/produit\/appareils-auditifs\/phonak\/audeo-life-p90-rl#breadcrumb","itemListElement":[{"@type":"ListItem","position":1,"name":"Shop","item":"https:\/\/www.laboratoires-unisson.com\/fr-be\/shop"},{"@type":"ListItem","position":2,"name":"Audeo Life P90 RL"}]},{"@type":"WebSite","@id":"https:\/\/www.laboratoires-unisson.com\/fr-be#website","url":"https:\/\/www.laboratoires-unisson.com\/fr-be","name":"Laboratoires Unisson","description":"Appareil auditif et proth\u00e8se auditive Moins Cher jusqu&#039;\u00e0 -40%","publisher":{"@id":"https:\/\/www.laboratoires-unisson.com\/fr-be#organization"},"potentialAction":[{"@type":"SearchAction","target":{"@type":"EntryPoint","urlTemplate":"https:\/\/www.laboratoires-unisson.com\/fr-be?s={search_term_string}"},"query-input":{"@type":"PropertyValueSpecification","valueRequired":true,"valueName":"search_term_string"}}],"inLanguage":"fr-BE"},{"@type":"Organization","@id":"https:\/\/www.laboratoires-unisson.com\/fr-be#organization","name":"Laboratoires Unisson","url":"https:\/\/www.laboratoires-unisson.com\/fr-be","logo":{"@type":"ImageObject","inLanguage":"fr-BE","@id":"https:\/\/www.laboratoires-unisson.com\/fr-be#\/schema\/logo\/image\/","url":"https:\/\/www.laboratoires-unisson.com\/wp-content\/uploads\/2022\/01\/logo-unisson.svg","contentUrl":"https:\/\/www.laboratoires-unisson.com\/wp-content\/uploads\/2022\/01\/logo-unisson.svg","width":1,"height":1,"caption":"Laboratoires Unisson"},"image":{"@id":"https:\/\/www.laboratoires-unisson.com\/fr-be#\/schema\/logo\/image\/"}}]}},"_links":{"self":[{"href":"https:\/\/www.laboratoires-unisson.com\/fr-be\/wp-json\/wp\/v2\/product\/22904","targetHints":{"allow":["GET"]}}],"collection":[{"href":"https:\/\/www.laboratoires-unisson.com\/fr-be\/wp-json\/wp\/v2\/product"}],"about":[{"href":"https:\/\/www.laboratoires-unisson.com\/fr-be\/wp-json\/wp\/v2\/types\/product"}],"wp:featuredmedia":[{"embeddable":true,"href":"https:\/\/www.laboratoires-unisson.com\/fr-be\/wp-json\/wp\/v2\/media\/20809"}],"wp:attachment":[{"href":"https:\/\/www.laboratoires-unisson.com\/fr-be\/wp-json\/wp\/v2\/media?parent=22904"}],"wp:term":[{"taxonomy":"product_brand","embeddable":true,"href":"https:\/\/www.laboratoires-unisson.com\/fr-be\/wp-json\/wp\/v2\/product_brand?post=22904"},{"taxonomy":"product_cat","embeddable":true,"href":"https:\/\/www.laboratoires-unisson.com\/fr-be\/wp-json\/wp\/v2\/product_cat?post=22904"},{"taxonomy":"product_tag","embeddable":true,"href":"https:\/\/www.laboratoires-unisson.com\/fr-be\/wp-json\/wp\/v2\/product_tag?post=22904"}],"curies":[{"name":"wp","href":"https:\/\/api.w.org\/{rel}","templated":true}]}}