{"id":22917,"date":"2022-05-02T14:50:52","date_gmt":"2022-05-02T12:50:52","guid":{"rendered":"https:\/\/www.laboratoires-unisson.com\/produit\/audeo-m90-312"},"modified":"2025-12-03T10:07:19","modified_gmt":"2025-12-03T09:07:19","slug":"audeo-m90-312","status":"publish","type":"product","link":"https:\/\/www.laboratoires-unisson.com\/fr-be\/produit\/appareils-auditifs\/phonak\/audeo-m90-312","title":{"rendered":"Audeo M90 312"},"content":{"rendered":"<p>L\u2019appareil auditif\u00a0<strong>Phonak Aud\u00e9o M Marvel 90 sorti en 2018\u00a0<\/strong>est la premi\u00e8re proth\u00e8se auditive bluetooth universelle (elle se connecte \u00e0 tous les t\u00e9l\u00e9phones portables bluetooth) \u00e9quip\u00e9 des technologies binaurales (les appareils droit et gauche communiquent entre eux pour maximiser leur efficacit\u00e9, notamment la localisation de la parole, l&#8217;anti-sifflement et la r\u00e9duction du bruit).<\/p>\n<p><strong>Aud\u00e9o M Marvel\u00a0<\/strong>est un\u00a0<strong>contour \u00e0 \u00e9couteur d\u00e9port\u00e9 RIC<\/strong>. Cet appareil dispose d\u2019un bouton poussoir pour ajuster le volume et s\u00e9lectionner vos programmes manuels. Le boitier est aussi \u00e9quip\u00e9 d&#8217;une molette de contr\u00f4le du volume pour plus de confort. Ce mod\u00e8le est\u00a0rechargeable \u00e0 induction contrairement au mod\u00e8le Aud\u00e9o M-70 qui fonctionne avec des piles 312.<\/p>\n<p><strong>Fonctionnalit\u00e9s et technologies de l&#8217;appareil Aud\u00e9o M90-Marvel<\/strong><\/p>\n<p>&#8211; 20 canaux de r\u00e9glage<\/p>\n<p>&#8211; Jusqu\u2019\u00e0 3 programmes manuels (en plus du programme automatique)<\/p>\n<p>&#8211; Adaptation automatique \u00e0 l\u2019environnement avec AutoSense OS (g\u00e8re 4 situations d\u2019\u00e9coutes : Calm Situation, speech in Noise, Comfort in Noise , Music)<\/p>\n<p>&#8211; Speech in 360\u00b0 : vous aide \u00e0 distinguer la parole \u00e0 360\u00b0<\/p>\n<p>&#8211; Speech in Wind<\/p>\n<p>&#8211; \u00ab UltraZoom \u00bb<\/p>\n<p>&#8211; \u00ab SNR-Boost \u00bb<\/p>\n<p>&#8211; \u00ab FlexVolume \u00bb<\/p>\n<p>&#8211; \u00ab DuoPhone \u00bb<\/p>\n<p>&#8211; \u00ab EchoBlock \u00bb<\/p>\n<p>&#8211; \u00ab SoundRecover 2 \u00bb<\/p>\n<p>&#8211; Pr\u00e9f\u00e9rences utilisateur<\/p>\n<p>&#8211; \u00ab Real Ear Sound \u00bb<\/p>\n<p>&#8211; \u00ab WhistleBlock \u00bb<\/p>\n<p>&#8211; \u00ab NoiseBlock \u00bb<\/p>\n<p>&#8211; \u00ab Windblock \u00bb<\/p>\n<p>&#8211; \u00ab QuickSync \u00bb<\/p>\n<p>&#8211; \u00ab Tinnitus Balance \u00bb<\/p>\n<p>&#8211; Auto acclimatation<\/p>\n","protected":false},"excerpt":{"rendered":"<p>L\u2019appareil auditif\u00a0Phonak Aud\u00e9o M Marvel 90 sorti en 2018\u00a0est la premi\u00e8re proth\u00e8se auditive bluetooth universelle (elle se connecte \u00e0 tous les t\u00e9l\u00e9phones portables bluetooth) \u00e9quip\u00e9 des technologies binaurales (les appareils droit et gauche communiquent entre eux pour maximiser leur efficacit\u00e9, notamment la localisation de la parole, l&#8217;anti-sifflement et la r\u00e9duction du bruit). Aud\u00e9o M Marvel\u00a0est [&hellip;]<\/p>\n","protected":false},"featured_media":19213,"template":"","meta":{"_acf_changed":false},"product_brand":[],"product_cat":[2574],"product_tag":[],"class_list":{"0":"post-22917","1":"product","2":"type-product","3":"status-publish","4":"has-post-thumbnail","6":"product_cat-phonak-fr-be","8":"first","9":"instock","10":"taxable","11":"shipping-taxable","12":"purchasable","13":"product-type-simple"},"acf":[],"yoast_head":"<!-- This site is optimized with the Yoast SEO plugin v27.1.1 - https:\/\/yoast.com\/product\/yoast-seo-wordpress\/ -->\n<title>Appareil auditif Phonak Audeo M90 312 \u00e0 2100\u20ac - Unisson Belgique<\/title>\n<meta name=\"description\" content=\"L\u2019appareil auditif\u00a0Phonak Aud\u00e9o M Marvel 90 sorti en 2018\u00a0est la premi\u00e8re proth\u00e8se auditive bluetooth universelle (elle se connecte \u00e0 tous les t\u00e9l\u00e9phones\" \/>\n<meta name=\"robots\" content=\"index, follow, max-snippet:-1, max-image-preview:large, max-video-preview:-1\" \/>\n<link rel=\"canonical\" href=\"https:\/\/www.laboratoires-unisson.com\/fr-be\/wp-json\/wp\/v2\/product\/22917\" \/>\n<meta property=\"og:locale\" content=\"fr_FR\" \/>\n<meta property=\"og:type\" content=\"article\" \/>\n<meta property=\"og:title\" content=\"Audeo M90 312 - Laboratoires Unisson\" \/>\n<meta property=\"og:description\" content=\"L\u2019appareil auditif\u00a0Phonak Aud\u00e9o M Marvel 90 sorti en 2018\u00a0est la premi\u00e8re proth\u00e8se auditive bluetooth universelle (elle se connecte \u00e0 tous les t\u00e9l\u00e9phones\" \/>\n<meta property=\"og:url\" content=\"https:\/\/www.laboratoires-unisson.com\/fr-be\/produit\/appareils-auditifs\/phonak\/audeo-m90-312\" \/>\n<meta property=\"og:site_name\" content=\"Laboratoires Unisson\" \/>\n<meta property=\"article:modified_time\" content=\"2025-12-03T09:07:19+00:00\" \/>\n<meta property=\"og:image\" content=\"https:\/\/www.laboratoires-unisson.com\/wp-content\/uploads\/2022\/05\/audeo-m90-312.jpg\" \/>\n\t<meta property=\"og:image:width\" content=\"900\" \/>\n\t<meta property=\"og:image:height\" content=\"900\" \/>\n\t<meta property=\"og:image:type\" content=\"image\/jpeg\" \/>\n<meta name=\"twitter:card\" content=\"summary_large_image\" \/>\n<meta name=\"twitter:label1\" content=\"Est. reading time\" \/>\n\t<meta name=\"twitter:data1\" content=\"2 minutes\" \/>\n<script type=\"application\/ld+json\" class=\"yoast-schema-graph\">{\"@context\":\"https:\/\/schema.org\",\"@graph\":[{\"@type\":\"WebPage\",\"@id\":\"https:\/\/www.laboratoires-unisson.com\/fr-be\/produit\/appareils-auditifs\/phonak\/audeo-m90-312\",\"url\":\"https:\/\/www.laboratoires-unisson.com\/fr-be\/produit\/appareils-auditifs\/phonak\/audeo-m90-312\",\"name\":\"Audeo M90 312 - Laboratoires Unisson\",\"isPartOf\":{\"@id\":\"https:\/\/www.laboratoires-unisson.com\/fr-be#website\"},\"primaryImageOfPage\":{\"@id\":\"https:\/\/www.laboratoires-unisson.com\/fr-be\/produit\/appareils-auditifs\/phonak\/audeo-m90-312#primaryimage\"},\"image\":{\"@id\":\"https:\/\/www.laboratoires-unisson.com\/fr-be\/produit\/appareils-auditifs\/phonak\/audeo-m90-312#primaryimage\"},\"thumbnailUrl\":\"https:\/\/www.laboratoires-unisson.com\/wp-content\/uploads\/2022\/05\/audeo-m90-312.jpg\",\"datePublished\":\"2022-05-02T12:50:52+00:00\",\"dateModified\":\"2025-12-03T09:07:19+00:00\",\"description\":\"L\u2019appareil auditif\u00a0Phonak Aud\u00e9o M Marvel 90 sorti en 2018\u00a0est la premi\u00e8re proth\u00e8se auditive bluetooth universelle (elle se connecte \u00e0 tous les t\u00e9l\u00e9phones\",\"breadcrumb\":{\"@id\":\"https:\/\/www.laboratoires-unisson.com\/fr-be\/produit\/appareils-auditifs\/phonak\/audeo-m90-312#breadcrumb\"},\"inLanguage\":\"fr-BE\",\"potentialAction\":[{\"@type\":\"ReadAction\",\"target\":[\"https:\/\/www.laboratoires-unisson.com\/fr-be\/produit\/appareils-auditifs\/phonak\/audeo-m90-312\"]}]},{\"@type\":\"ImageObject\",\"inLanguage\":\"fr-BE\",\"@id\":\"https:\/\/www.laboratoires-unisson.com\/fr-be\/produit\/appareils-auditifs\/phonak\/audeo-m90-312#primaryimage\",\"url\":\"https:\/\/www.laboratoires-unisson.com\/wp-content\/uploads\/2022\/05\/audeo-m90-312.jpg\",\"contentUrl\":\"https:\/\/www.laboratoires-unisson.com\/wp-content\/uploads\/2022\/05\/audeo-m90-312.jpg\",\"width\":900,\"height\":900},{\"@type\":\"BreadcrumbList\",\"@id\":\"https:\/\/www.laboratoires-unisson.com\/fr-be\/produit\/appareils-auditifs\/phonak\/audeo-m90-312#breadcrumb\",\"itemListElement\":[{\"@type\":\"ListItem\",\"position\":1,\"name\":\"Shop\",\"item\":\"https:\/\/www.laboratoires-unisson.com\/fr-be\/shop\"},{\"@type\":\"ListItem\",\"position\":2,\"name\":\"Audeo M90 312\"}]},{\"@type\":\"WebSite\",\"@id\":\"https:\/\/www.laboratoires-unisson.com\/fr-be#website\",\"url\":\"https:\/\/www.laboratoires-unisson.com\/fr-be\",\"name\":\"Laboratoires Unisson\",\"description\":\"Appareil auditif et proth\u00e8se auditive Moins Cher jusqu&#039;\u00e0 -40%\",\"publisher\":{\"@id\":\"https:\/\/www.laboratoires-unisson.com\/fr-be#organization\"},\"potentialAction\":[{\"@type\":\"SearchAction\",\"target\":{\"@type\":\"EntryPoint\",\"urlTemplate\":\"https:\/\/www.laboratoires-unisson.com\/fr-be?s={search_term_string}\"},\"query-input\":{\"@type\":\"PropertyValueSpecification\",\"valueRequired\":true,\"valueName\":\"search_term_string\"}}],\"inLanguage\":\"fr-BE\"},{\"@type\":\"Organization\",\"@id\":\"https:\/\/www.laboratoires-unisson.com\/fr-be#organization\",\"name\":\"Laboratoires Unisson\",\"url\":\"https:\/\/www.laboratoires-unisson.com\/fr-be\",\"logo\":{\"@type\":\"ImageObject\",\"inLanguage\":\"fr-BE\",\"@id\":\"https:\/\/www.laboratoires-unisson.com\/fr-be#\/schema\/logo\/image\/\",\"url\":\"https:\/\/www.laboratoires-unisson.com\/wp-content\/uploads\/2022\/01\/logo-unisson.svg\",\"contentUrl\":\"https:\/\/www.laboratoires-unisson.com\/wp-content\/uploads\/2022\/01\/logo-unisson.svg\",\"width\":1,\"height\":1,\"caption\":\"Laboratoires Unisson\"},\"image\":{\"@id\":\"https:\/\/www.laboratoires-unisson.com\/fr-be#\/schema\/logo\/image\/\"}}]}<\/script>\n<!-- \/ Yoast SEO plugin. -->","yoast_head_json":{"title":"Appareil auditif Phonak Audeo M90 312 \u00e0 2100\u20ac - Unisson Belgique","description":"L\u2019appareil auditif\u00a0Phonak Aud\u00e9o M Marvel 90 sorti en 2018\u00a0est la premi\u00e8re proth\u00e8se auditive bluetooth universelle (elle se connecte \u00e0 tous les t\u00e9l\u00e9phones","robots":{"index":"index","follow":"follow","max-snippet":"max-snippet:-1","max-image-preview":"max-image-preview:large","max-video-preview":"max-video-preview:-1"},"canonical":"https:\/\/www.laboratoires-unisson.com\/fr-be\/wp-json\/wp\/v2\/product\/22917","og_locale":"fr_FR","og_type":"article","og_title":"Audeo M90 312 - Laboratoires Unisson","og_description":"L\u2019appareil auditif\u00a0Phonak Aud\u00e9o M Marvel 90 sorti en 2018\u00a0est la premi\u00e8re proth\u00e8se auditive bluetooth universelle (elle se connecte \u00e0 tous les t\u00e9l\u00e9phones","og_url":"https:\/\/www.laboratoires-unisson.com\/fr-be\/produit\/appareils-auditifs\/phonak\/audeo-m90-312","og_site_name":"Laboratoires Unisson","article_modified_time":"2025-12-03T09:07:19+00:00","og_image":[{"width":900,"height":900,"url":"https:\/\/www.laboratoires-unisson.com\/wp-content\/uploads\/2022\/05\/audeo-m90-312.jpg","type":"image\/jpeg"}],"twitter_card":"summary_large_image","twitter_misc":{"Est. reading time":"2 minutes"},"schema":{"@context":"https:\/\/schema.org","@graph":[{"@type":"WebPage","@id":"https:\/\/www.laboratoires-unisson.com\/fr-be\/produit\/appareils-auditifs\/phonak\/audeo-m90-312","url":"https:\/\/www.laboratoires-unisson.com\/fr-be\/produit\/appareils-auditifs\/phonak\/audeo-m90-312","name":"Audeo M90 312 - Laboratoires Unisson","isPartOf":{"@id":"https:\/\/www.laboratoires-unisson.com\/fr-be#website"},"primaryImageOfPage":{"@id":"https:\/\/www.laboratoires-unisson.com\/fr-be\/produit\/appareils-auditifs\/phonak\/audeo-m90-312#primaryimage"},"image":{"@id":"https:\/\/www.laboratoires-unisson.com\/fr-be\/produit\/appareils-auditifs\/phonak\/audeo-m90-312#primaryimage"},"thumbnailUrl":"https:\/\/www.laboratoires-unisson.com\/wp-content\/uploads\/2022\/05\/audeo-m90-312.jpg","datePublished":"2022-05-02T12:50:52+00:00","dateModified":"2025-12-03T09:07:19+00:00","description":"L\u2019appareil auditif\u00a0Phonak Aud\u00e9o M Marvel 90 sorti en 2018\u00a0est la premi\u00e8re proth\u00e8se auditive bluetooth universelle (elle se connecte \u00e0 tous les t\u00e9l\u00e9phones","breadcrumb":{"@id":"https:\/\/www.laboratoires-unisson.com\/fr-be\/produit\/appareils-auditifs\/phonak\/audeo-m90-312#breadcrumb"},"inLanguage":"fr-BE","potentialAction":[{"@type":"ReadAction","target":["https:\/\/www.laboratoires-unisson.com\/fr-be\/produit\/appareils-auditifs\/phonak\/audeo-m90-312"]}]},{"@type":"ImageObject","inLanguage":"fr-BE","@id":"https:\/\/www.laboratoires-unisson.com\/fr-be\/produit\/appareils-auditifs\/phonak\/audeo-m90-312#primaryimage","url":"https:\/\/www.laboratoires-unisson.com\/wp-content\/uploads\/2022\/05\/audeo-m90-312.jpg","contentUrl":"https:\/\/www.laboratoires-unisson.com\/wp-content\/uploads\/2022\/05\/audeo-m90-312.jpg","width":900,"height":900},{"@type":"BreadcrumbList","@id":"https:\/\/www.laboratoires-unisson.com\/fr-be\/produit\/appareils-auditifs\/phonak\/audeo-m90-312#breadcrumb","itemListElement":[{"@type":"ListItem","position":1,"name":"Shop","item":"https:\/\/www.laboratoires-unisson.com\/fr-be\/shop"},{"@type":"ListItem","position":2,"name":"Audeo M90 312"}]},{"@type":"WebSite","@id":"https:\/\/www.laboratoires-unisson.com\/fr-be#website","url":"https:\/\/www.laboratoires-unisson.com\/fr-be","name":"Laboratoires Unisson","description":"Appareil auditif et proth\u00e8se auditive Moins Cher jusqu&#039;\u00e0 -40%","publisher":{"@id":"https:\/\/www.laboratoires-unisson.com\/fr-be#organization"},"potentialAction":[{"@type":"SearchAction","target":{"@type":"EntryPoint","urlTemplate":"https:\/\/www.laboratoires-unisson.com\/fr-be?s={search_term_string}"},"query-input":{"@type":"PropertyValueSpecification","valueRequired":true,"valueName":"search_term_string"}}],"inLanguage":"fr-BE"},{"@type":"Organization","@id":"https:\/\/www.laboratoires-unisson.com\/fr-be#organization","name":"Laboratoires Unisson","url":"https:\/\/www.laboratoires-unisson.com\/fr-be","logo":{"@type":"ImageObject","inLanguage":"fr-BE","@id":"https:\/\/www.laboratoires-unisson.com\/fr-be#\/schema\/logo\/image\/","url":"https:\/\/www.laboratoires-unisson.com\/wp-content\/uploads\/2022\/01\/logo-unisson.svg","contentUrl":"https:\/\/www.laboratoires-unisson.com\/wp-content\/uploads\/2022\/01\/logo-unisson.svg","width":1,"height":1,"caption":"Laboratoires Unisson"},"image":{"@id":"https:\/\/www.laboratoires-unisson.com\/fr-be#\/schema\/logo\/image\/"}}]}},"_links":{"self":[{"href":"https:\/\/www.laboratoires-unisson.com\/fr-be\/wp-json\/wp\/v2\/product\/22917","targetHints":{"allow":["GET"]}}],"collection":[{"href":"https:\/\/www.laboratoires-unisson.com\/fr-be\/wp-json\/wp\/v2\/product"}],"about":[{"href":"https:\/\/www.laboratoires-unisson.com\/fr-be\/wp-json\/wp\/v2\/types\/product"}],"wp:featuredmedia":[{"embeddable":true,"href":"https:\/\/www.laboratoires-unisson.com\/fr-be\/wp-json\/wp\/v2\/media\/19213"}],"wp:attachment":[{"href":"https:\/\/www.laboratoires-unisson.com\/fr-be\/wp-json\/wp\/v2\/media?parent=22917"}],"wp:term":[{"taxonomy":"product_brand","embeddable":true,"href":"https:\/\/www.laboratoires-unisson.com\/fr-be\/wp-json\/wp\/v2\/product_brand?post=22917"},{"taxonomy":"product_cat","embeddable":true,"href":"https:\/\/www.laboratoires-unisson.com\/fr-be\/wp-json\/wp\/v2\/product_cat?post=22917"},{"taxonomy":"product_tag","embeddable":true,"href":"https:\/\/www.laboratoires-unisson.com\/fr-be\/wp-json\/wp\/v2\/product_tag?post=22917"}],"curies":[{"name":"wp","href":"https:\/\/api.w.org\/{rel}","templated":true}]}}