{"id":22928,"date":"2022-05-02T14:54:32","date_gmt":"2022-05-02T12:54:32","guid":{"rendered":"https:\/\/www.laboratoires-unisson.com\/produit\/audeo-paradise-p70-r"},"modified":"2025-12-03T10:07:27","modified_gmt":"2025-12-03T09:07:27","slug":"audeo-paradise-p70-r","status":"publish","type":"product","link":"https:\/\/www.laboratoires-unisson.com\/fr-be\/produit\/appareils-auditifs\/phonak\/audeo-paradise-p70-r","title":{"rendered":"Audeo Paradise P70 R"},"content":{"rendered":"<p>L&#8217;aide auditive Audeo Paradise P70 R\u00a0est un appareil en <strong>contour d&#8217;oreille \u00e0 \u00e9couteur d\u00e9port\u00e9 RIC de classe II en milieu de gamme connect\u00e9<\/strong> car \u00e9quip\u00e9 d&#8217;une <strong>connexion Bluetooth<\/strong>.<\/p>\n<p>Audeo Paradise est la derni\u00e8re gamme d&#8217;aides auditives de derni\u00e8re g\u00e9n\u00e9ration de Phonak, offrant une <strong>qualit\u00e9 sonore in\u00e9gal\u00e9e<\/strong>. Ces appareils int\u00e8grent la nouvelle puce de Phonak, PRISM, qui double la m\u00e9moire et offre davantage de possibilit\u00e9s de connectivit\u00e9 \u00e0 faible consommation d&#8217;\u00e9nergie.<\/p>\n<p>L&#8217;Audeo Paradise P70 R poss\u00e8de 20\u00a0canaux de r\u00e9glages, une certification IP68\u00a0et fonctionne \u00e0 l&#8217;aide d&#8217;une batterie rechargeable au lithium-ion. Gr\u00e2ce au <strong>chargeur Premium <\/strong>de Phonak, vos aides auditives Audeo Paradise\u00a0 se chargent compl\u00e8tement en 3h vous offrant 24h d&#8217;autonomie. Ce chargeur inclus\u00a0une batterie suppl\u00e9mentaire, le Power Pack, qui fournit jusqu&#8217;\u00e0 7 jours\u00a0d&#8217;autonomie sans alimentation externe.<\/p>\n<p>Il est compatible avec les accessoires sans fil de Phonak :<\/p>\n<ul>\n<li><strong>TV Connector<\/strong> : vos aides auditives se transforment en casque TV; le son de votre t\u00e9l\u00e9viseur est directement diffus\u00e9 dans celles-ci;<\/li>\n<li><strong>Partner Mic<\/strong> : micro-cravate vous permettant d&#8217;entendre intelligiblement votre interlocuteur dans des environnements bruyants;<\/li>\n<li><strong>RemoteControl<\/strong> : t\u00e9l\u00e9commande vous offrant un contr\u00f4le en toute discr\u00e9tion de vos aides auditives Phonak Paradise<\/li>\n<\/ul>\n<h4>Les fonctionnalit\u00e9s du\u00a0Audeo Paradise P70 R<\/h4>\n<ul>\n<li>AutoSense OS 3.0<\/li>\n<li>DuoPhone<\/li>\n<li>SoundRecover2<\/li>\n<li>Correction de sonie<\/li>\n<li>Real Ear Sound<\/li>\n<li>Anti Larsen<\/li>\n<li>R\u00e9ducteur de bruits<\/li>\n<li>R\u00e9ducteur de bruits impulsionnels<\/li>\n<li>Connexion Bluetooth<\/li>\n<li>20 canaux de r\u00e9glages<\/li>\n<li>Batterie rechargeable lithium-ion<\/li>\n<li>Certification IP68<\/li>\n<li>Application mobile myPhonak<\/li>\n<\/ul>\n","protected":false},"excerpt":{"rendered":"<p>L&#8217;aide auditive Audeo Paradise P70 R\u00a0est un appareil en contour d&#8217;oreille \u00e0 \u00e9couteur d\u00e9port\u00e9 RIC de classe II en milieu de gamme connect\u00e9 car \u00e9quip\u00e9 d&#8217;une connexion Bluetooth. Audeo Paradise est la derni\u00e8re gamme d&#8217;aides auditives de derni\u00e8re g\u00e9n\u00e9ration de Phonak, offrant une qualit\u00e9 sonore in\u00e9gal\u00e9e. Ces appareils int\u00e8grent la nouvelle puce de Phonak, PRISM, [&hellip;]<\/p>\n","protected":false},"featured_media":19225,"template":"","meta":{"_acf_changed":false},"product_brand":[],"product_cat":[2574],"product_tag":[],"class_list":{"0":"post-22928","1":"product","2":"type-product","3":"status-publish","4":"has-post-thumbnail","6":"product_cat-phonak-fr-be","8":"first","9":"instock","10":"taxable","11":"shipping-taxable","12":"purchasable","13":"product-type-simple"},"acf":[],"yoast_head":"<!-- This site is optimized with the Yoast SEO plugin v27.1.1 - https:\/\/yoast.com\/product\/yoast-seo-wordpress\/ -->\n<title>Appareil auditif Phonak Audeo Paradise P70 R \u00e0 1900\u20ac - Unisson Belgique<\/title>\n<meta name=\"description\" content=\"L&#039;aide auditive Audeo Paradise P70 R\u00a0est un appareil en contour d&#039;oreille \u00e0 \u00e9couteur d\u00e9port\u00e9 RIC de classe II en milieu de gamme connect\u00e9 car \u00e9quip\u00e9 d&#039;une\" \/>\n<meta name=\"robots\" content=\"index, follow, max-snippet:-1, max-image-preview:large, max-video-preview:-1\" \/>\n<link rel=\"canonical\" href=\"https:\/\/www.laboratoires-unisson.com\/fr-be\/wp-json\/wp\/v2\/product\/22928\" \/>\n<meta property=\"og:locale\" content=\"fr_FR\" \/>\n<meta property=\"og:type\" content=\"article\" \/>\n<meta property=\"og:title\" content=\"Audeo Paradise P70 R - Laboratoires Unisson\" \/>\n<meta property=\"og:description\" content=\"L&#039;aide auditive Audeo Paradise P70 R\u00a0est un appareil en contour d&#039;oreille \u00e0 \u00e9couteur d\u00e9port\u00e9 RIC de classe II en milieu de gamme connect\u00e9 car \u00e9quip\u00e9 d&#039;une\" \/>\n<meta property=\"og:url\" content=\"https:\/\/www.laboratoires-unisson.com\/fr-be\/produit\/appareils-auditifs\/phonak\/audeo-paradise-p70-r\" \/>\n<meta property=\"og:site_name\" content=\"Laboratoires Unisson\" \/>\n<meta property=\"article:modified_time\" content=\"2025-12-03T09:07:27+00:00\" \/>\n<meta property=\"og:image\" content=\"https:\/\/www.laboratoires-unisson.com\/wp-content\/uploads\/2022\/05\/audeo-paradise-p70-r.png\" \/>\n\t<meta property=\"og:image:width\" content=\"600\" \/>\n\t<meta property=\"og:image:height\" content=\"600\" \/>\n\t<meta property=\"og:image:type\" content=\"image\/png\" \/>\n<meta name=\"twitter:card\" content=\"summary_large_image\" \/>\n<meta name=\"twitter:label1\" content=\"Est. reading time\" \/>\n\t<meta name=\"twitter:data1\" content=\"2 minutes\" \/>\n<script type=\"application\/ld+json\" class=\"yoast-schema-graph\">{\"@context\":\"https:\/\/schema.org\",\"@graph\":[{\"@type\":\"WebPage\",\"@id\":\"https:\/\/www.laboratoires-unisson.com\/fr-be\/produit\/appareils-auditifs\/phonak\/audeo-paradise-p70-r\",\"url\":\"https:\/\/www.laboratoires-unisson.com\/fr-be\/produit\/appareils-auditifs\/phonak\/audeo-paradise-p70-r\",\"name\":\"Audeo Paradise P70 R - Laboratoires Unisson\",\"isPartOf\":{\"@id\":\"https:\/\/www.laboratoires-unisson.com\/fr-be#website\"},\"primaryImageOfPage\":{\"@id\":\"https:\/\/www.laboratoires-unisson.com\/fr-be\/produit\/appareils-auditifs\/phonak\/audeo-paradise-p70-r#primaryimage\"},\"image\":{\"@id\":\"https:\/\/www.laboratoires-unisson.com\/fr-be\/produit\/appareils-auditifs\/phonak\/audeo-paradise-p70-r#primaryimage\"},\"thumbnailUrl\":\"https:\/\/www.laboratoires-unisson.com\/wp-content\/uploads\/2022\/05\/audeo-paradise-p70-r.png\",\"datePublished\":\"2022-05-02T12:54:32+00:00\",\"dateModified\":\"2025-12-03T09:07:27+00:00\",\"description\":\"L'aide auditive Audeo Paradise P70 R\u00a0est un appareil en contour d'oreille \u00e0 \u00e9couteur d\u00e9port\u00e9 RIC de classe II en milieu de gamme connect\u00e9 car \u00e9quip\u00e9 d'une\",\"breadcrumb\":{\"@id\":\"https:\/\/www.laboratoires-unisson.com\/fr-be\/produit\/appareils-auditifs\/phonak\/audeo-paradise-p70-r#breadcrumb\"},\"inLanguage\":\"fr-BE\",\"potentialAction\":[{\"@type\":\"ReadAction\",\"target\":[\"https:\/\/www.laboratoires-unisson.com\/fr-be\/produit\/appareils-auditifs\/phonak\/audeo-paradise-p70-r\"]}]},{\"@type\":\"ImageObject\",\"inLanguage\":\"fr-BE\",\"@id\":\"https:\/\/www.laboratoires-unisson.com\/fr-be\/produit\/appareils-auditifs\/phonak\/audeo-paradise-p70-r#primaryimage\",\"url\":\"https:\/\/www.laboratoires-unisson.com\/wp-content\/uploads\/2022\/05\/audeo-paradise-p70-r.png\",\"contentUrl\":\"https:\/\/www.laboratoires-unisson.com\/wp-content\/uploads\/2022\/05\/audeo-paradise-p70-r.png\",\"width\":600,\"height\":600},{\"@type\":\"BreadcrumbList\",\"@id\":\"https:\/\/www.laboratoires-unisson.com\/fr-be\/produit\/appareils-auditifs\/phonak\/audeo-paradise-p70-r#breadcrumb\",\"itemListElement\":[{\"@type\":\"ListItem\",\"position\":1,\"name\":\"Shop\",\"item\":\"https:\/\/www.laboratoires-unisson.com\/fr-be\/shop\"},{\"@type\":\"ListItem\",\"position\":2,\"name\":\"Audeo Paradise P70 R\"}]},{\"@type\":\"WebSite\",\"@id\":\"https:\/\/www.laboratoires-unisson.com\/fr-be#website\",\"url\":\"https:\/\/www.laboratoires-unisson.com\/fr-be\",\"name\":\"Laboratoires Unisson\",\"description\":\"Appareil auditif et proth\u00e8se auditive Moins Cher jusqu&#039;\u00e0 -40%\",\"publisher\":{\"@id\":\"https:\/\/www.laboratoires-unisson.com\/fr-be#organization\"},\"potentialAction\":[{\"@type\":\"SearchAction\",\"target\":{\"@type\":\"EntryPoint\",\"urlTemplate\":\"https:\/\/www.laboratoires-unisson.com\/fr-be?s={search_term_string}\"},\"query-input\":{\"@type\":\"PropertyValueSpecification\",\"valueRequired\":true,\"valueName\":\"search_term_string\"}}],\"inLanguage\":\"fr-BE\"},{\"@type\":\"Organization\",\"@id\":\"https:\/\/www.laboratoires-unisson.com\/fr-be#organization\",\"name\":\"Laboratoires Unisson\",\"url\":\"https:\/\/www.laboratoires-unisson.com\/fr-be\",\"logo\":{\"@type\":\"ImageObject\",\"inLanguage\":\"fr-BE\",\"@id\":\"https:\/\/www.laboratoires-unisson.com\/fr-be#\/schema\/logo\/image\/\",\"url\":\"https:\/\/www.laboratoires-unisson.com\/wp-content\/uploads\/2022\/01\/logo-unisson.svg\",\"contentUrl\":\"https:\/\/www.laboratoires-unisson.com\/wp-content\/uploads\/2022\/01\/logo-unisson.svg\",\"width\":1,\"height\":1,\"caption\":\"Laboratoires Unisson\"},\"image\":{\"@id\":\"https:\/\/www.laboratoires-unisson.com\/fr-be#\/schema\/logo\/image\/\"}}]}<\/script>\n<!-- \/ Yoast SEO plugin. -->","yoast_head_json":{"title":"Appareil auditif Phonak Audeo Paradise P70 R \u00e0 1900\u20ac - Unisson Belgique","description":"L'aide auditive Audeo Paradise P70 R\u00a0est un appareil en contour d'oreille \u00e0 \u00e9couteur d\u00e9port\u00e9 RIC de classe II en milieu de gamme connect\u00e9 car \u00e9quip\u00e9 d'une","robots":{"index":"index","follow":"follow","max-snippet":"max-snippet:-1","max-image-preview":"max-image-preview:large","max-video-preview":"max-video-preview:-1"},"canonical":"https:\/\/www.laboratoires-unisson.com\/fr-be\/wp-json\/wp\/v2\/product\/22928","og_locale":"fr_FR","og_type":"article","og_title":"Audeo Paradise P70 R - Laboratoires Unisson","og_description":"L'aide auditive Audeo Paradise P70 R\u00a0est un appareil en contour d'oreille \u00e0 \u00e9couteur d\u00e9port\u00e9 RIC de classe II en milieu de gamme connect\u00e9 car \u00e9quip\u00e9 d'une","og_url":"https:\/\/www.laboratoires-unisson.com\/fr-be\/produit\/appareils-auditifs\/phonak\/audeo-paradise-p70-r","og_site_name":"Laboratoires Unisson","article_modified_time":"2025-12-03T09:07:27+00:00","og_image":[{"width":600,"height":600,"url":"https:\/\/www.laboratoires-unisson.com\/wp-content\/uploads\/2022\/05\/audeo-paradise-p70-r.png","type":"image\/png"}],"twitter_card":"summary_large_image","twitter_misc":{"Est. reading time":"2 minutes"},"schema":{"@context":"https:\/\/schema.org","@graph":[{"@type":"WebPage","@id":"https:\/\/www.laboratoires-unisson.com\/fr-be\/produit\/appareils-auditifs\/phonak\/audeo-paradise-p70-r","url":"https:\/\/www.laboratoires-unisson.com\/fr-be\/produit\/appareils-auditifs\/phonak\/audeo-paradise-p70-r","name":"Audeo Paradise P70 R - Laboratoires Unisson","isPartOf":{"@id":"https:\/\/www.laboratoires-unisson.com\/fr-be#website"},"primaryImageOfPage":{"@id":"https:\/\/www.laboratoires-unisson.com\/fr-be\/produit\/appareils-auditifs\/phonak\/audeo-paradise-p70-r#primaryimage"},"image":{"@id":"https:\/\/www.laboratoires-unisson.com\/fr-be\/produit\/appareils-auditifs\/phonak\/audeo-paradise-p70-r#primaryimage"},"thumbnailUrl":"https:\/\/www.laboratoires-unisson.com\/wp-content\/uploads\/2022\/05\/audeo-paradise-p70-r.png","datePublished":"2022-05-02T12:54:32+00:00","dateModified":"2025-12-03T09:07:27+00:00","description":"L'aide auditive Audeo Paradise P70 R\u00a0est un appareil en contour d'oreille \u00e0 \u00e9couteur d\u00e9port\u00e9 RIC de classe II en milieu de gamme connect\u00e9 car \u00e9quip\u00e9 d'une","breadcrumb":{"@id":"https:\/\/www.laboratoires-unisson.com\/fr-be\/produit\/appareils-auditifs\/phonak\/audeo-paradise-p70-r#breadcrumb"},"inLanguage":"fr-BE","potentialAction":[{"@type":"ReadAction","target":["https:\/\/www.laboratoires-unisson.com\/fr-be\/produit\/appareils-auditifs\/phonak\/audeo-paradise-p70-r"]}]},{"@type":"ImageObject","inLanguage":"fr-BE","@id":"https:\/\/www.laboratoires-unisson.com\/fr-be\/produit\/appareils-auditifs\/phonak\/audeo-paradise-p70-r#primaryimage","url":"https:\/\/www.laboratoires-unisson.com\/wp-content\/uploads\/2022\/05\/audeo-paradise-p70-r.png","contentUrl":"https:\/\/www.laboratoires-unisson.com\/wp-content\/uploads\/2022\/05\/audeo-paradise-p70-r.png","width":600,"height":600},{"@type":"BreadcrumbList","@id":"https:\/\/www.laboratoires-unisson.com\/fr-be\/produit\/appareils-auditifs\/phonak\/audeo-paradise-p70-r#breadcrumb","itemListElement":[{"@type":"ListItem","position":1,"name":"Shop","item":"https:\/\/www.laboratoires-unisson.com\/fr-be\/shop"},{"@type":"ListItem","position":2,"name":"Audeo Paradise P70 R"}]},{"@type":"WebSite","@id":"https:\/\/www.laboratoires-unisson.com\/fr-be#website","url":"https:\/\/www.laboratoires-unisson.com\/fr-be","name":"Laboratoires Unisson","description":"Appareil auditif et proth\u00e8se auditive Moins Cher jusqu&#039;\u00e0 -40%","publisher":{"@id":"https:\/\/www.laboratoires-unisson.com\/fr-be#organization"},"potentialAction":[{"@type":"SearchAction","target":{"@type":"EntryPoint","urlTemplate":"https:\/\/www.laboratoires-unisson.com\/fr-be?s={search_term_string}"},"query-input":{"@type":"PropertyValueSpecification","valueRequired":true,"valueName":"search_term_string"}}],"inLanguage":"fr-BE"},{"@type":"Organization","@id":"https:\/\/www.laboratoires-unisson.com\/fr-be#organization","name":"Laboratoires Unisson","url":"https:\/\/www.laboratoires-unisson.com\/fr-be","logo":{"@type":"ImageObject","inLanguage":"fr-BE","@id":"https:\/\/www.laboratoires-unisson.com\/fr-be#\/schema\/logo\/image\/","url":"https:\/\/www.laboratoires-unisson.com\/wp-content\/uploads\/2022\/01\/logo-unisson.svg","contentUrl":"https:\/\/www.laboratoires-unisson.com\/wp-content\/uploads\/2022\/01\/logo-unisson.svg","width":1,"height":1,"caption":"Laboratoires Unisson"},"image":{"@id":"https:\/\/www.laboratoires-unisson.com\/fr-be#\/schema\/logo\/image\/"}}]}},"_links":{"self":[{"href":"https:\/\/www.laboratoires-unisson.com\/fr-be\/wp-json\/wp\/v2\/product\/22928","targetHints":{"allow":["GET"]}}],"collection":[{"href":"https:\/\/www.laboratoires-unisson.com\/fr-be\/wp-json\/wp\/v2\/product"}],"about":[{"href":"https:\/\/www.laboratoires-unisson.com\/fr-be\/wp-json\/wp\/v2\/types\/product"}],"wp:featuredmedia":[{"embeddable":true,"href":"https:\/\/www.laboratoires-unisson.com\/fr-be\/wp-json\/wp\/v2\/media\/19225"}],"wp:attachment":[{"href":"https:\/\/www.laboratoires-unisson.com\/fr-be\/wp-json\/wp\/v2\/media?parent=22928"}],"wp:term":[{"taxonomy":"product_brand","embeddable":true,"href":"https:\/\/www.laboratoires-unisson.com\/fr-be\/wp-json\/wp\/v2\/product_brand?post=22928"},{"taxonomy":"product_cat","embeddable":true,"href":"https:\/\/www.laboratoires-unisson.com\/fr-be\/wp-json\/wp\/v2\/product_cat?post=22928"},{"taxonomy":"product_tag","embeddable":true,"href":"https:\/\/www.laboratoires-unisson.com\/fr-be\/wp-json\/wp\/v2\/product_tag?post=22928"}],"curies":[{"name":"wp","href":"https:\/\/api.w.org\/{rel}","templated":true}]}}