{"id":22930,"date":"2022-05-02T14:55:41","date_gmt":"2022-05-02T12:55:41","guid":{"rendered":"https:\/\/www.laboratoires-unisson.com\/produit\/audeo-paradise-p90-13"},"modified":"2025-12-03T10:07:28","modified_gmt":"2025-12-03T09:07:28","slug":"audeo-paradise-p90-13","status":"publish","type":"product","link":"https:\/\/www.laboratoires-unisson.com\/fr-be\/produit\/appareils-auditifs\/phonak\/audeo-paradise-p90-13","title":{"rendered":"Audeo Paradise P90 13"},"content":{"rendered":"<p>Lanc\u00e9e en septembre 2020, la nouvelle gamme d&#8217;appareils auditifs Phonak Audeo Paradise offre une <strong>meilleure qualit\u00e9 sonore et une connectivit\u00e9 universelle<\/strong>. Gr\u00e2ce \u00e0 sa nouvelle puce PRISM, vos aides auditives Audeo Paradise sont ainsi en mesure de <strong>traiter les informations apport\u00e9es par les capteurs de mouvements coupl\u00e9s aux capteurs acoustiques<\/strong>.<\/p>\n<p>L&#8217;appareil auditif <strong>Audeo P90 13<\/strong> est un mod\u00e8le en <strong>contour d&#8217;oreille \u00e0 \u00e9couteur d\u00e9port\u00e9 (RIC) et connect\u00e9<\/strong>.<\/p>\n<h4>Pr\u00e9sentation de l&#8217;aide auditive Phonak Audeo P90 13<\/h4>\n<p>La proth\u00e8se auditive Audeo P90 13 poss\u00e8de 20 canaux de r\u00e9glages et une <strong>bobine \u00e0 induction<\/strong> (aide \u00e0 l&#8217;\u00e9coute pour les personnes malentendantes). Elle fonctionne avec des <strong>piles auditives 13<\/strong> <em>(autonomie moyenne de 150h) <\/em>et est <strong>certifi\u00e9e IP68<\/strong>. Il existe \u00e9galement un autre mod\u00e8le fonctionnant avec des piles (312) : Audeo P90 312.<\/p>\n<h4>Les technologies du Audeo P90 13<\/h4>\n<p>La gamme Audeo Paradise P90 int\u00e8gre :<\/p>\n<ul>\n<li>une <strong>meilleure compr\u00e9hension de la parole<\/strong> : le son vous para\u00eet plus net. De plus, un rehausseur de voix vous permet de mieux comprendre quelqu&#8217;un dans des environnements calmes. Une nouvelle fonctionnalit\u00e9 est \u00e9galement int\u00e9gr\u00e9e; il s&#8217;agit de la suppression de bruit dynamique;<\/li>\n<li>un <strong>capteur de mouvement int\u00e9gr\u00e9<\/strong> : ce capteur d\u00e9tecte quand vous vous d\u00e9placez, ainsi les microphones directionnels se r\u00e8glent alors automatiquement pour se concentrer sur la provenance du son.<\/li>\n<\/ul>\n<p>Votre appareil Audeo P90 13 vous apportera une meilleure dynamique, une baisse de la r\u00e9verb\u00e9ration per\u00e7ue et une am\u00e9lioration du confort dans le bruit.<\/p>\n<h4>Connectivit\u00e9 et accessoires des appareils auditifs Audeo P90 13<\/h4>\n<p>Vos appareils auditifs P90 13 peuvent \u00eatre contr\u00f4l\u00e9s sur l&#8217;<strong>application myPhonak<\/strong>. Phonak a mis \u00e0 jour son application (version 4.0) afin de <strong>vous apporter plus de personnalisation gr\u00e2ce aux solutions digitales<\/strong> :<\/p>\n<ul>\n<li>personnalisation de vos r\u00e9glages<\/li>\n<li>ajustement du niveau de bruit de fond<\/li>\n<li>nouvelle version du journal auditif<\/li>\n<li>r\u00e9glages \u00e0 distance de tous les niveaux de gamme<\/li>\n<\/ul>\n<p>Vos aides aides P90 13 sont \u00e9quip\u00e9es du <strong>Bluetooth<\/strong>. Cette connectivit\u00e9 vous permet d&#8217;appairer jusqu&#8217;\u00e0 8 appareils et 2 appareils peuvent \u00eatre connect\u00e9s simultan\u00e9ment. Gr\u00e2ce \u00e0 la <strong>fonctionnalit\u00e9 &#8220;Contr\u00f4le Tactile&#8221;<\/strong>, vous contr\u00f4lez plus facilement les fonctions Bluetooth : accepter ou mettre fin \u00e0 des appels t\u00e9l\u00e9phoniques, mettre en pause ou reprendre un streaming audio\/vid\u00e9o ou activer un assistant vocal (Siri\u00ae, Google Assistant\u2122, Amazon Alexa\u00ae)<\/p>\n<p>Compl\u00e9tez vos confort en installant le <strong>TV Connector de Phonak<\/strong> : connectez ainsi votre t\u00e9l\u00e9viseur \u00e0 vos aides auditives Audeo Paradise.<\/p>\n<p style=\"text-align: center;\"><a class=\"btn btn-default btn-xs bg-green\" href=\"https:\/\/www.laboratoires-unisson.com\/fr-be\/rdv\">Prendre un rendez-vous gratuit <\/a><\/p>\n<h4>Fonctionnalit\u00e9s du Phonak Audeo P90 13<\/h4>\n<ul>\n<li>Motion Sensor Hearing (capteurs de mouvements)<\/li>\n<li>Rehausseur de Parole<\/li>\n<li>Suppression du bruit dynamique<\/li>\n<li>Technologie Binaurale<\/li>\n<li>AutoSense OS<sup>TM<\/sup> 4.0<\/li>\n<li>EchoBloc<\/li>\n<li>WindBloc<\/li>\n<li>SoundRelax<\/li>\n<li>LarsenBloc<\/li>\n<li>Correction de Sonie<\/li>\n<li>Tinnitus Balance<\/li>\n<li>Contr\u00f4le tactile<\/li>\n<li>R\u00e9glages \u00e0 distance<\/li>\n<li>Assistant vocal<\/li>\n<li>Programmes personnalis\u00e9s<\/li>\n<li>Connexions multifonctionnelles Bluetooth<\/li>\n<li>Application mobile myPhonak<\/li>\n<li>Piles auditives 13<\/li>\n<li>Bobine \u00e0 induction T<\/li>\n<\/ul>\n","protected":false},"excerpt":{"rendered":"<p>Lanc\u00e9e en septembre 2020, la nouvelle gamme d&#8217;appareils auditifs Phonak Audeo Paradise offre une meilleure qualit\u00e9 sonore et une connectivit\u00e9 universelle. Gr\u00e2ce \u00e0 sa nouvelle puce PRISM, vos aides auditives Audeo Paradise sont ainsi en mesure de traiter les informations apport\u00e9es par les capteurs de mouvements coupl\u00e9s aux capteurs acoustiques. L&#8217;appareil auditif Audeo P90 13 [&hellip;]<\/p>\n","protected":false},"featured_media":19231,"template":"","meta":{"_acf_changed":false},"product_brand":[],"product_cat":[2574],"product_tag":[],"class_list":{"0":"post-22930","1":"product","2":"type-product","3":"status-publish","4":"has-post-thumbnail","6":"product_cat-phonak-fr-be","8":"first","9":"instock","10":"taxable","11":"shipping-taxable","12":"purchasable","13":"product-type-simple"},"acf":[],"yoast_head":"<!-- This site is optimized with the Yoast SEO plugin v27.1.1 - https:\/\/yoast.com\/product\/yoast-seo-wordpress\/ -->\n<title>Appareil auditif Phonak Audeo Paradise P90 13 \u00e0 2100\u20ac - Unisson Belgique<\/title>\n<meta name=\"description\" content=\"Lanc\u00e9e en septembre 2020, la nouvelle gamme d&#039;appareils auditifs Phonak Audeo Paradise offre une meilleure qualit\u00e9 sonore et une connectivit\u00e9 universelle.\" \/>\n<meta name=\"robots\" content=\"index, follow, max-snippet:-1, max-image-preview:large, max-video-preview:-1\" \/>\n<link rel=\"canonical\" href=\"https:\/\/www.laboratoires-unisson.com\/fr-be\/wp-json\/wp\/v2\/product\/22930\" \/>\n<meta property=\"og:locale\" content=\"fr_FR\" \/>\n<meta property=\"og:type\" content=\"article\" \/>\n<meta property=\"og:title\" content=\"Audeo Paradise P90 13 - Laboratoires Unisson\" \/>\n<meta property=\"og:description\" content=\"Lanc\u00e9e en septembre 2020, la nouvelle gamme d&#039;appareils auditifs Phonak Audeo Paradise offre une meilleure qualit\u00e9 sonore et une connectivit\u00e9 universelle.\" \/>\n<meta property=\"og:url\" content=\"https:\/\/www.laboratoires-unisson.com\/fr-be\/produit\/appareils-auditifs\/phonak\/audeo-paradise-p90-13\" \/>\n<meta property=\"og:site_name\" content=\"Laboratoires Unisson\" \/>\n<meta property=\"article:modified_time\" content=\"2025-12-03T09:07:28+00:00\" \/>\n<meta property=\"og:image\" content=\"https:\/\/www.laboratoires-unisson.com\/wp-content\/uploads\/2022\/05\/audeo-paradise-p90-13.png\" \/>\n\t<meta property=\"og:image:width\" content=\"600\" \/>\n\t<meta property=\"og:image:height\" content=\"600\" \/>\n\t<meta property=\"og:image:type\" content=\"image\/png\" \/>\n<meta name=\"twitter:card\" content=\"summary_large_image\" \/>\n<meta name=\"twitter:label1\" content=\"Est. reading time\" \/>\n\t<meta name=\"twitter:data1\" content=\"3 minutes\" \/>\n<script type=\"application\/ld+json\" class=\"yoast-schema-graph\">{\"@context\":\"https:\/\/schema.org\",\"@graph\":[{\"@type\":\"WebPage\",\"@id\":\"https:\/\/www.laboratoires-unisson.com\/fr-be\/produit\/appareils-auditifs\/phonak\/audeo-paradise-p90-13\",\"url\":\"https:\/\/www.laboratoires-unisson.com\/fr-be\/produit\/appareils-auditifs\/phonak\/audeo-paradise-p90-13\",\"name\":\"Audeo Paradise P90 13 - Laboratoires Unisson\",\"isPartOf\":{\"@id\":\"https:\/\/www.laboratoires-unisson.com\/fr-be#website\"},\"primaryImageOfPage\":{\"@id\":\"https:\/\/www.laboratoires-unisson.com\/fr-be\/produit\/appareils-auditifs\/phonak\/audeo-paradise-p90-13#primaryimage\"},\"image\":{\"@id\":\"https:\/\/www.laboratoires-unisson.com\/fr-be\/produit\/appareils-auditifs\/phonak\/audeo-paradise-p90-13#primaryimage\"},\"thumbnailUrl\":\"https:\/\/www.laboratoires-unisson.com\/wp-content\/uploads\/2022\/05\/audeo-paradise-p90-13.png\",\"datePublished\":\"2022-05-02T12:55:41+00:00\",\"dateModified\":\"2025-12-03T09:07:28+00:00\",\"description\":\"Lanc\u00e9e en septembre 2020, la nouvelle gamme d'appareils auditifs Phonak Audeo Paradise offre une meilleure qualit\u00e9 sonore et une connectivit\u00e9 universelle.\",\"breadcrumb\":{\"@id\":\"https:\/\/www.laboratoires-unisson.com\/fr-be\/produit\/appareils-auditifs\/phonak\/audeo-paradise-p90-13#breadcrumb\"},\"inLanguage\":\"fr-BE\",\"potentialAction\":[{\"@type\":\"ReadAction\",\"target\":[\"https:\/\/www.laboratoires-unisson.com\/fr-be\/produit\/appareils-auditifs\/phonak\/audeo-paradise-p90-13\"]}]},{\"@type\":\"ImageObject\",\"inLanguage\":\"fr-BE\",\"@id\":\"https:\/\/www.laboratoires-unisson.com\/fr-be\/produit\/appareils-auditifs\/phonak\/audeo-paradise-p90-13#primaryimage\",\"url\":\"https:\/\/www.laboratoires-unisson.com\/wp-content\/uploads\/2022\/05\/audeo-paradise-p90-13.png\",\"contentUrl\":\"https:\/\/www.laboratoires-unisson.com\/wp-content\/uploads\/2022\/05\/audeo-paradise-p90-13.png\",\"width\":600,\"height\":600},{\"@type\":\"BreadcrumbList\",\"@id\":\"https:\/\/www.laboratoires-unisson.com\/fr-be\/produit\/appareils-auditifs\/phonak\/audeo-paradise-p90-13#breadcrumb\",\"itemListElement\":[{\"@type\":\"ListItem\",\"position\":1,\"name\":\"Shop\",\"item\":\"https:\/\/www.laboratoires-unisson.com\/fr-be\/shop\"},{\"@type\":\"ListItem\",\"position\":2,\"name\":\"Audeo Paradise P90 13\"}]},{\"@type\":\"WebSite\",\"@id\":\"https:\/\/www.laboratoires-unisson.com\/fr-be#website\",\"url\":\"https:\/\/www.laboratoires-unisson.com\/fr-be\",\"name\":\"Laboratoires Unisson\",\"description\":\"Appareil auditif et proth\u00e8se auditive Moins Cher jusqu&#039;\u00e0 -40%\",\"publisher\":{\"@id\":\"https:\/\/www.laboratoires-unisson.com\/fr-be#organization\"},\"potentialAction\":[{\"@type\":\"SearchAction\",\"target\":{\"@type\":\"EntryPoint\",\"urlTemplate\":\"https:\/\/www.laboratoires-unisson.com\/fr-be?s={search_term_string}\"},\"query-input\":{\"@type\":\"PropertyValueSpecification\",\"valueRequired\":true,\"valueName\":\"search_term_string\"}}],\"inLanguage\":\"fr-BE\"},{\"@type\":\"Organization\",\"@id\":\"https:\/\/www.laboratoires-unisson.com\/fr-be#organization\",\"name\":\"Laboratoires Unisson\",\"url\":\"https:\/\/www.laboratoires-unisson.com\/fr-be\",\"logo\":{\"@type\":\"ImageObject\",\"inLanguage\":\"fr-BE\",\"@id\":\"https:\/\/www.laboratoires-unisson.com\/fr-be#\/schema\/logo\/image\/\",\"url\":\"https:\/\/www.laboratoires-unisson.com\/wp-content\/uploads\/2022\/01\/logo-unisson.svg\",\"contentUrl\":\"https:\/\/www.laboratoires-unisson.com\/wp-content\/uploads\/2022\/01\/logo-unisson.svg\",\"width\":1,\"height\":1,\"caption\":\"Laboratoires Unisson\"},\"image\":{\"@id\":\"https:\/\/www.laboratoires-unisson.com\/fr-be#\/schema\/logo\/image\/\"}}]}<\/script>\n<!-- \/ Yoast SEO plugin. -->","yoast_head_json":{"title":"Appareil auditif Phonak Audeo Paradise P90 13 \u00e0 2100\u20ac - Unisson Belgique","description":"Lanc\u00e9e en septembre 2020, la nouvelle gamme d'appareils auditifs Phonak Audeo Paradise offre une meilleure qualit\u00e9 sonore et une connectivit\u00e9 universelle.","robots":{"index":"index","follow":"follow","max-snippet":"max-snippet:-1","max-image-preview":"max-image-preview:large","max-video-preview":"max-video-preview:-1"},"canonical":"https:\/\/www.laboratoires-unisson.com\/fr-be\/wp-json\/wp\/v2\/product\/22930","og_locale":"fr_FR","og_type":"article","og_title":"Audeo Paradise P90 13 - Laboratoires Unisson","og_description":"Lanc\u00e9e en septembre 2020, la nouvelle gamme d'appareils auditifs Phonak Audeo Paradise offre une meilleure qualit\u00e9 sonore et une connectivit\u00e9 universelle.","og_url":"https:\/\/www.laboratoires-unisson.com\/fr-be\/produit\/appareils-auditifs\/phonak\/audeo-paradise-p90-13","og_site_name":"Laboratoires Unisson","article_modified_time":"2025-12-03T09:07:28+00:00","og_image":[{"width":600,"height":600,"url":"https:\/\/www.laboratoires-unisson.com\/wp-content\/uploads\/2022\/05\/audeo-paradise-p90-13.png","type":"image\/png"}],"twitter_card":"summary_large_image","twitter_misc":{"Est. reading time":"3 minutes"},"schema":{"@context":"https:\/\/schema.org","@graph":[{"@type":"WebPage","@id":"https:\/\/www.laboratoires-unisson.com\/fr-be\/produit\/appareils-auditifs\/phonak\/audeo-paradise-p90-13","url":"https:\/\/www.laboratoires-unisson.com\/fr-be\/produit\/appareils-auditifs\/phonak\/audeo-paradise-p90-13","name":"Audeo Paradise P90 13 - Laboratoires Unisson","isPartOf":{"@id":"https:\/\/www.laboratoires-unisson.com\/fr-be#website"},"primaryImageOfPage":{"@id":"https:\/\/www.laboratoires-unisson.com\/fr-be\/produit\/appareils-auditifs\/phonak\/audeo-paradise-p90-13#primaryimage"},"image":{"@id":"https:\/\/www.laboratoires-unisson.com\/fr-be\/produit\/appareils-auditifs\/phonak\/audeo-paradise-p90-13#primaryimage"},"thumbnailUrl":"https:\/\/www.laboratoires-unisson.com\/wp-content\/uploads\/2022\/05\/audeo-paradise-p90-13.png","datePublished":"2022-05-02T12:55:41+00:00","dateModified":"2025-12-03T09:07:28+00:00","description":"Lanc\u00e9e en septembre 2020, la nouvelle gamme d'appareils auditifs Phonak Audeo Paradise offre une meilleure qualit\u00e9 sonore et une connectivit\u00e9 universelle.","breadcrumb":{"@id":"https:\/\/www.laboratoires-unisson.com\/fr-be\/produit\/appareils-auditifs\/phonak\/audeo-paradise-p90-13#breadcrumb"},"inLanguage":"fr-BE","potentialAction":[{"@type":"ReadAction","target":["https:\/\/www.laboratoires-unisson.com\/fr-be\/produit\/appareils-auditifs\/phonak\/audeo-paradise-p90-13"]}]},{"@type":"ImageObject","inLanguage":"fr-BE","@id":"https:\/\/www.laboratoires-unisson.com\/fr-be\/produit\/appareils-auditifs\/phonak\/audeo-paradise-p90-13#primaryimage","url":"https:\/\/www.laboratoires-unisson.com\/wp-content\/uploads\/2022\/05\/audeo-paradise-p90-13.png","contentUrl":"https:\/\/www.laboratoires-unisson.com\/wp-content\/uploads\/2022\/05\/audeo-paradise-p90-13.png","width":600,"height":600},{"@type":"BreadcrumbList","@id":"https:\/\/www.laboratoires-unisson.com\/fr-be\/produit\/appareils-auditifs\/phonak\/audeo-paradise-p90-13#breadcrumb","itemListElement":[{"@type":"ListItem","position":1,"name":"Shop","item":"https:\/\/www.laboratoires-unisson.com\/fr-be\/shop"},{"@type":"ListItem","position":2,"name":"Audeo Paradise P90 13"}]},{"@type":"WebSite","@id":"https:\/\/www.laboratoires-unisson.com\/fr-be#website","url":"https:\/\/www.laboratoires-unisson.com\/fr-be","name":"Laboratoires Unisson","description":"Appareil auditif et proth\u00e8se auditive Moins Cher jusqu&#039;\u00e0 -40%","publisher":{"@id":"https:\/\/www.laboratoires-unisson.com\/fr-be#organization"},"potentialAction":[{"@type":"SearchAction","target":{"@type":"EntryPoint","urlTemplate":"https:\/\/www.laboratoires-unisson.com\/fr-be?s={search_term_string}"},"query-input":{"@type":"PropertyValueSpecification","valueRequired":true,"valueName":"search_term_string"}}],"inLanguage":"fr-BE"},{"@type":"Organization","@id":"https:\/\/www.laboratoires-unisson.com\/fr-be#organization","name":"Laboratoires Unisson","url":"https:\/\/www.laboratoires-unisson.com\/fr-be","logo":{"@type":"ImageObject","inLanguage":"fr-BE","@id":"https:\/\/www.laboratoires-unisson.com\/fr-be#\/schema\/logo\/image\/","url":"https:\/\/www.laboratoires-unisson.com\/wp-content\/uploads\/2022\/01\/logo-unisson.svg","contentUrl":"https:\/\/www.laboratoires-unisson.com\/wp-content\/uploads\/2022\/01\/logo-unisson.svg","width":1,"height":1,"caption":"Laboratoires Unisson"},"image":{"@id":"https:\/\/www.laboratoires-unisson.com\/fr-be#\/schema\/logo\/image\/"}}]}},"_links":{"self":[{"href":"https:\/\/www.laboratoires-unisson.com\/fr-be\/wp-json\/wp\/v2\/product\/22930","targetHints":{"allow":["GET"]}}],"collection":[{"href":"https:\/\/www.laboratoires-unisson.com\/fr-be\/wp-json\/wp\/v2\/product"}],"about":[{"href":"https:\/\/www.laboratoires-unisson.com\/fr-be\/wp-json\/wp\/v2\/types\/product"}],"wp:featuredmedia":[{"embeddable":true,"href":"https:\/\/www.laboratoires-unisson.com\/fr-be\/wp-json\/wp\/v2\/media\/19231"}],"wp:attachment":[{"href":"https:\/\/www.laboratoires-unisson.com\/fr-be\/wp-json\/wp\/v2\/media?parent=22930"}],"wp:term":[{"taxonomy":"product_brand","embeddable":true,"href":"https:\/\/www.laboratoires-unisson.com\/fr-be\/wp-json\/wp\/v2\/product_brand?post=22930"},{"taxonomy":"product_cat","embeddable":true,"href":"https:\/\/www.laboratoires-unisson.com\/fr-be\/wp-json\/wp\/v2\/product_cat?post=22930"},{"taxonomy":"product_tag","embeddable":true,"href":"https:\/\/www.laboratoires-unisson.com\/fr-be\/wp-json\/wp\/v2\/product_tag?post=22930"}],"curies":[{"name":"wp","href":"https:\/\/api.w.org\/{rel}","templated":true}]}}