{"id":22931,"date":"2022-05-02T14:55:39","date_gmt":"2022-05-02T12:55:39","guid":{"rendered":"https:\/\/www.laboratoires-unisson.com\/produit\/audeo-paradise-p90-312"},"modified":"2025-12-03T10:07:28","modified_gmt":"2025-12-03T09:07:28","slug":"audeo-paradise-p90-312","status":"publish","type":"product","link":"https:\/\/www.laboratoires-unisson.com\/fr-be\/produit\/appareils-auditifs\/phonak\/audeo-paradise-p90-312","title":{"rendered":"Audeo Paradise P90 312"},"content":{"rendered":"<p><strong>Phonak vient de sortir sa nouvelle g\u00e9n\u00e9ration d&#8217;appareil auditif : Phonak Audeo Paradise, qui vous fait red\u00e9couvrir les merveilles du son<\/strong>. Cette nouvelle aide auditive multifonction vous offrira une exp\u00e9rience d&#8217;\u00e9coute hors pair ainsi qu&#8217;une meilleure connexion Bluetooth (sans fil). Le traitement du son vous para\u00eetra plus net et vous obtiendrez une meilleure compr\u00e9hension de la parole.<\/p>\n<p>L&#8217;appareil auditif <strong>Audeo P90 312<\/strong>\u00a0est un mod\u00e8le en <strong>contour d&#8217;oreille \u00e0 \u00e9couteur d\u00e9port\u00e9 (RIC) et connect\u00e9<\/strong>.<\/p>\n<h4>Pr\u00e9sentation de l&#8217;aide auditive Phonak Audeo P90 312<\/h4>\n<p>La proth\u00e8se auditive Audeo P90 312\u00a0poss\u00e8de <strong>20 canaux de r\u00e9glages <\/strong>et fonctionne avec des <strong>piles auditives zinc air 312<\/strong> <em>(autonomie d&#8217;environ 100h)<\/em>. Elle est disponible en 7 coloris et certifi\u00e9e <strong>IP68<\/strong>.<\/p>\n<h4>Les technologies du Audeo P90 312<\/h4>\n<p>Les appareils auditifs de la gamme Audeo Paradise sont dot\u00e9s de la puce\u00a0<strong>PRISM<\/strong> <em>(Processing Real-time Intelligent Sound Management)<\/em>, permettant une <strong>totale synchronisation des \u00e9quipements et nouvelles fonctions<\/strong>. C&#8217;est la 1\u00e8re fois qu&#8217;une aide auditive es \u00e9quip\u00e9e de cette technologie. <strong>Cette nouvelle puce permet de traiter \u00e0 la fois les informations apport\u00e9es par les capteurs de mouvements et les capteurs acoustiques<\/strong>.<\/p>\n<p>Les appareils Audeo P90 312\u00a0int\u00e8grent des <strong>capteurs de mouvement<\/strong> <em>(Motion Sensor Hearing)<\/em> afin de d\u00e9tecter si l&#8217;utilisateur se d\u00e9place tout en conversant. <strong>Les microphones directionnels se r\u00e8glent alors automatiquement pour se concentrer sur la provenance de la voix<\/strong>.<\/p>\n<p>De plus, sa technologie de &#8220;<strong>Rehausseur de Parole<\/strong>&#8221; permet de mieux comprendre une personne qui parle doucement ou \u00e0 distance. La <strong>suppression dynamique de bruit<\/strong> est \u00e9galement une nouvelle fonctionnalit\u00e9.<\/p>\n<p>La nouvelle puce Phonak Audeo Paradise propose ainsi une qualit\u00e9 sonore in\u00e9galable et ce, dans de nombreux environnements auditifs.<\/p>\n<h4>Connectivit\u00e9 et accessoires des appareils auditifs Audeo P90 312<\/h4>\n<p>Les appareils auditifs Audeo P90 312 b\u00e9n\u00e9ficient du <strong>Bluetooth<\/strong>, et pour la 1\u00e8re fois, plusieurs connexions Bluetooth simultan\u00e9es sont d\u00e9sormais possibles. Vous pouvez par exemple, passer vos appels t\u00e9l\u00e9phoniques directement via vos aides auditives.<\/p>\n<p>La fonctionnalit\u00e9 &#8220;<strong>Contr\u00f4le tactile<\/strong>&#8221; permet, gr\u00e2ce \u00e0 une double touche sur le pavillon, d&#8217;accepter un appel t\u00e9l\u00e9phonique et de stopper ou reprendre un streaming audio. Vous pouvez \u00e9galement activer un <strong>assistant vocal<\/strong> tel que Siri\u00ae, Google Assistant\u2122 ou Amazon Alexa\u00ae.<\/p>\n<p>L&#8217;<strong>application myPhonak<\/strong> vous permet de contr\u00f4ler intelligemment vos aides auditives : personnalisation de vos r\u00e9glages, ajustement du niveau du bruit de fond, gestion de la connexion \u00e0 votre syst\u00e8me TV etc&#8230;<\/p>\n<p>Vous pouvez installer le <strong>TV Connector de Phonak<\/strong> vous permettant de connecter sans fil votre t\u00e9l\u00e9viseur \u00e0 vos aides auditives.<\/p>\n<p style=\"text-align: center;\"><a class=\"btn btn-default btn-xs bg-green\" href=\"https:\/\/www.laboratoires-unisson.com\/fr-be\/rdv\">Prendre un rendez-vous gratuit <\/a><\/p>\n<h4>Fonctionnalit\u00e9s du Phonak Audeo P90 312<\/h4>\n<ul>\n<li>Motion Sensor Hearing (capteurs de mouvements)<\/li>\n<li>Rehausseur de Parole<\/li>\n<li>Suppression du bruit dynamique<\/li>\n<li>Technologie Binaurale<\/li>\n<li>AutoSense OS<sup>TM<\/sup> 4.0<\/li>\n<li>EchoBloc<\/li>\n<li>WindBloc<\/li>\n<li>SoundRelax<\/li>\n<li>LarsenBloc<\/li>\n<li>Correction de Sonie<\/li>\n<li>Tinnitus Balance<\/li>\n<li>Contr\u00f4le tactile<\/li>\n<li>R\u00e9glages \u00e0 distance<\/li>\n<li>Assistant vocal<\/li>\n<li>Programmes personnalis\u00e9s<\/li>\n<li>Connexions multifonctionnelles Bluetooth<\/li>\n<li>Piles auditives 312<\/li>\n<li>Application mobile myPhonak<\/li>\n<\/ul>\n","protected":false},"excerpt":{"rendered":"<p>Phonak vient de sortir sa nouvelle g\u00e9n\u00e9ration d&#8217;appareil auditif : Phonak Audeo Paradise, qui vous fait red\u00e9couvrir les merveilles du son. Cette nouvelle aide auditive multifonction vous offrira une exp\u00e9rience d&#8217;\u00e9coute hors pair ainsi qu&#8217;une meilleure connexion Bluetooth (sans fil). Le traitement du son vous para\u00eetra plus net et vous obtiendrez une meilleure compr\u00e9hension de [&hellip;]<\/p>\n","protected":false},"featured_media":20850,"template":"","meta":{"_acf_changed":false},"product_brand":[],"product_cat":[2574],"product_tag":[],"class_list":{"0":"post-22931","1":"product","2":"type-product","3":"status-publish","4":"has-post-thumbnail","6":"product_cat-phonak-fr-be","8":"first","9":"instock","10":"taxable","11":"shipping-taxable","12":"purchasable","13":"product-type-simple"},"acf":[],"yoast_head":"<!-- This site is optimized with the Yoast SEO plugin v27.1.1 - https:\/\/yoast.com\/product\/yoast-seo-wordpress\/ -->\n<title>Appareil auditif Phonak Audeo Paradise P90 312 \u00e0 2100\u20ac - Unisson Belgique<\/title>\n<meta name=\"description\" content=\"Phonak vient de sortir sa nouvelle g\u00e9n\u00e9ration d&#039;appareil auditif : Phonak Audeo Paradise, qui vous fait red\u00e9couvrir les merveilles du son. Cette nouvelle\" \/>\n<meta name=\"robots\" content=\"index, follow, max-snippet:-1, max-image-preview:large, max-video-preview:-1\" \/>\n<link rel=\"canonical\" href=\"https:\/\/www.laboratoires-unisson.com\/fr-be\/wp-json\/wp\/v2\/product\/22931\" \/>\n<meta property=\"og:locale\" content=\"fr_FR\" \/>\n<meta property=\"og:type\" content=\"article\" \/>\n<meta property=\"og:title\" content=\"Audeo Paradise P90 312 - Laboratoires Unisson\" \/>\n<meta property=\"og:description\" content=\"Phonak vient de sortir sa nouvelle g\u00e9n\u00e9ration d&#039;appareil auditif : Phonak Audeo Paradise, qui vous fait red\u00e9couvrir les merveilles du son. Cette nouvelle\" \/>\n<meta property=\"og:url\" content=\"https:\/\/www.laboratoires-unisson.com\/fr-be\/produit\/appareils-auditifs\/phonak\/audeo-paradise-p90-312\" \/>\n<meta property=\"og:site_name\" content=\"Laboratoires Unisson\" \/>\n<meta property=\"article:modified_time\" content=\"2025-12-03T09:07:28+00:00\" \/>\n<meta property=\"og:image\" content=\"https:\/\/www.laboratoires-unisson.com\/wp-content\/uploads\/2022\/05\/Phonak-Audeo-Paradise-P90-312.png\" \/>\n\t<meta property=\"og:image:width\" content=\"500\" \/>\n\t<meta property=\"og:image:height\" content=\"500\" \/>\n\t<meta property=\"og:image:type\" content=\"image\/png\" \/>\n<meta name=\"twitter:card\" content=\"summary_large_image\" \/>\n<meta name=\"twitter:label1\" content=\"Est. reading time\" \/>\n\t<meta name=\"twitter:data1\" content=\"3 minutes\" \/>\n<script type=\"application\/ld+json\" class=\"yoast-schema-graph\">{\"@context\":\"https:\/\/schema.org\",\"@graph\":[{\"@type\":\"WebPage\",\"@id\":\"https:\/\/www.laboratoires-unisson.com\/fr-be\/produit\/appareils-auditifs\/phonak\/audeo-paradise-p90-312\",\"url\":\"https:\/\/www.laboratoires-unisson.com\/fr-be\/produit\/appareils-auditifs\/phonak\/audeo-paradise-p90-312\",\"name\":\"Audeo Paradise P90 312 - Laboratoires Unisson\",\"isPartOf\":{\"@id\":\"https:\/\/www.laboratoires-unisson.com\/fr-be#website\"},\"primaryImageOfPage\":{\"@id\":\"https:\/\/www.laboratoires-unisson.com\/fr-be\/produit\/appareils-auditifs\/phonak\/audeo-paradise-p90-312#primaryimage\"},\"image\":{\"@id\":\"https:\/\/www.laboratoires-unisson.com\/fr-be\/produit\/appareils-auditifs\/phonak\/audeo-paradise-p90-312#primaryimage\"},\"thumbnailUrl\":\"https:\/\/www.laboratoires-unisson.com\/wp-content\/uploads\/2022\/05\/Phonak-Audeo-Paradise-P90-312.png\",\"datePublished\":\"2022-05-02T12:55:39+00:00\",\"dateModified\":\"2025-12-03T09:07:28+00:00\",\"description\":\"Phonak vient de sortir sa nouvelle g\u00e9n\u00e9ration d'appareil auditif : Phonak Audeo Paradise, qui vous fait red\u00e9couvrir les merveilles du son. Cette nouvelle\",\"breadcrumb\":{\"@id\":\"https:\/\/www.laboratoires-unisson.com\/fr-be\/produit\/appareils-auditifs\/phonak\/audeo-paradise-p90-312#breadcrumb\"},\"inLanguage\":\"fr-BE\",\"potentialAction\":[{\"@type\":\"ReadAction\",\"target\":[\"https:\/\/www.laboratoires-unisson.com\/fr-be\/produit\/appareils-auditifs\/phonak\/audeo-paradise-p90-312\"]}]},{\"@type\":\"ImageObject\",\"inLanguage\":\"fr-BE\",\"@id\":\"https:\/\/www.laboratoires-unisson.com\/fr-be\/produit\/appareils-auditifs\/phonak\/audeo-paradise-p90-312#primaryimage\",\"url\":\"https:\/\/www.laboratoires-unisson.com\/wp-content\/uploads\/2022\/05\/Phonak-Audeo-Paradise-P90-312.png\",\"contentUrl\":\"https:\/\/www.laboratoires-unisson.com\/wp-content\/uploads\/2022\/05\/Phonak-Audeo-Paradise-P90-312.png\",\"width\":500,\"height\":500},{\"@type\":\"BreadcrumbList\",\"@id\":\"https:\/\/www.laboratoires-unisson.com\/fr-be\/produit\/appareils-auditifs\/phonak\/audeo-paradise-p90-312#breadcrumb\",\"itemListElement\":[{\"@type\":\"ListItem\",\"position\":1,\"name\":\"Shop\",\"item\":\"https:\/\/www.laboratoires-unisson.com\/fr-be\/shop\"},{\"@type\":\"ListItem\",\"position\":2,\"name\":\"Audeo Paradise P90 312\"}]},{\"@type\":\"WebSite\",\"@id\":\"https:\/\/www.laboratoires-unisson.com\/fr-be#website\",\"url\":\"https:\/\/www.laboratoires-unisson.com\/fr-be\",\"name\":\"Laboratoires Unisson\",\"description\":\"Appareil auditif et proth\u00e8se auditive Moins Cher jusqu&#039;\u00e0 -40%\",\"publisher\":{\"@id\":\"https:\/\/www.laboratoires-unisson.com\/fr-be#organization\"},\"potentialAction\":[{\"@type\":\"SearchAction\",\"target\":{\"@type\":\"EntryPoint\",\"urlTemplate\":\"https:\/\/www.laboratoires-unisson.com\/fr-be?s={search_term_string}\"},\"query-input\":{\"@type\":\"PropertyValueSpecification\",\"valueRequired\":true,\"valueName\":\"search_term_string\"}}],\"inLanguage\":\"fr-BE\"},{\"@type\":\"Organization\",\"@id\":\"https:\/\/www.laboratoires-unisson.com\/fr-be#organization\",\"name\":\"Laboratoires Unisson\",\"url\":\"https:\/\/www.laboratoires-unisson.com\/fr-be\",\"logo\":{\"@type\":\"ImageObject\",\"inLanguage\":\"fr-BE\",\"@id\":\"https:\/\/www.laboratoires-unisson.com\/fr-be#\/schema\/logo\/image\/\",\"url\":\"https:\/\/www.laboratoires-unisson.com\/wp-content\/uploads\/2022\/01\/logo-unisson.svg\",\"contentUrl\":\"https:\/\/www.laboratoires-unisson.com\/wp-content\/uploads\/2022\/01\/logo-unisson.svg\",\"width\":1,\"height\":1,\"caption\":\"Laboratoires Unisson\"},\"image\":{\"@id\":\"https:\/\/www.laboratoires-unisson.com\/fr-be#\/schema\/logo\/image\/\"}}]}<\/script>\n<!-- \/ Yoast SEO plugin. -->","yoast_head_json":{"title":"Appareil auditif Phonak Audeo Paradise P90 312 \u00e0 2100\u20ac - Unisson Belgique","description":"Phonak vient de sortir sa nouvelle g\u00e9n\u00e9ration d'appareil auditif : Phonak Audeo Paradise, qui vous fait red\u00e9couvrir les merveilles du son. Cette nouvelle","robots":{"index":"index","follow":"follow","max-snippet":"max-snippet:-1","max-image-preview":"max-image-preview:large","max-video-preview":"max-video-preview:-1"},"canonical":"https:\/\/www.laboratoires-unisson.com\/fr-be\/wp-json\/wp\/v2\/product\/22931","og_locale":"fr_FR","og_type":"article","og_title":"Audeo Paradise P90 312 - Laboratoires Unisson","og_description":"Phonak vient de sortir sa nouvelle g\u00e9n\u00e9ration d'appareil auditif : Phonak Audeo Paradise, qui vous fait red\u00e9couvrir les merveilles du son. Cette nouvelle","og_url":"https:\/\/www.laboratoires-unisson.com\/fr-be\/produit\/appareils-auditifs\/phonak\/audeo-paradise-p90-312","og_site_name":"Laboratoires Unisson","article_modified_time":"2025-12-03T09:07:28+00:00","og_image":[{"width":500,"height":500,"url":"https:\/\/www.laboratoires-unisson.com\/wp-content\/uploads\/2022\/05\/Phonak-Audeo-Paradise-P90-312.png","type":"image\/png"}],"twitter_card":"summary_large_image","twitter_misc":{"Est. reading time":"3 minutes"},"schema":{"@context":"https:\/\/schema.org","@graph":[{"@type":"WebPage","@id":"https:\/\/www.laboratoires-unisson.com\/fr-be\/produit\/appareils-auditifs\/phonak\/audeo-paradise-p90-312","url":"https:\/\/www.laboratoires-unisson.com\/fr-be\/produit\/appareils-auditifs\/phonak\/audeo-paradise-p90-312","name":"Audeo Paradise P90 312 - Laboratoires Unisson","isPartOf":{"@id":"https:\/\/www.laboratoires-unisson.com\/fr-be#website"},"primaryImageOfPage":{"@id":"https:\/\/www.laboratoires-unisson.com\/fr-be\/produit\/appareils-auditifs\/phonak\/audeo-paradise-p90-312#primaryimage"},"image":{"@id":"https:\/\/www.laboratoires-unisson.com\/fr-be\/produit\/appareils-auditifs\/phonak\/audeo-paradise-p90-312#primaryimage"},"thumbnailUrl":"https:\/\/www.laboratoires-unisson.com\/wp-content\/uploads\/2022\/05\/Phonak-Audeo-Paradise-P90-312.png","datePublished":"2022-05-02T12:55:39+00:00","dateModified":"2025-12-03T09:07:28+00:00","description":"Phonak vient de sortir sa nouvelle g\u00e9n\u00e9ration d'appareil auditif : Phonak Audeo Paradise, qui vous fait red\u00e9couvrir les merveilles du son. Cette nouvelle","breadcrumb":{"@id":"https:\/\/www.laboratoires-unisson.com\/fr-be\/produit\/appareils-auditifs\/phonak\/audeo-paradise-p90-312#breadcrumb"},"inLanguage":"fr-BE","potentialAction":[{"@type":"ReadAction","target":["https:\/\/www.laboratoires-unisson.com\/fr-be\/produit\/appareils-auditifs\/phonak\/audeo-paradise-p90-312"]}]},{"@type":"ImageObject","inLanguage":"fr-BE","@id":"https:\/\/www.laboratoires-unisson.com\/fr-be\/produit\/appareils-auditifs\/phonak\/audeo-paradise-p90-312#primaryimage","url":"https:\/\/www.laboratoires-unisson.com\/wp-content\/uploads\/2022\/05\/Phonak-Audeo-Paradise-P90-312.png","contentUrl":"https:\/\/www.laboratoires-unisson.com\/wp-content\/uploads\/2022\/05\/Phonak-Audeo-Paradise-P90-312.png","width":500,"height":500},{"@type":"BreadcrumbList","@id":"https:\/\/www.laboratoires-unisson.com\/fr-be\/produit\/appareils-auditifs\/phonak\/audeo-paradise-p90-312#breadcrumb","itemListElement":[{"@type":"ListItem","position":1,"name":"Shop","item":"https:\/\/www.laboratoires-unisson.com\/fr-be\/shop"},{"@type":"ListItem","position":2,"name":"Audeo Paradise P90 312"}]},{"@type":"WebSite","@id":"https:\/\/www.laboratoires-unisson.com\/fr-be#website","url":"https:\/\/www.laboratoires-unisson.com\/fr-be","name":"Laboratoires Unisson","description":"Appareil auditif et proth\u00e8se auditive Moins Cher jusqu&#039;\u00e0 -40%","publisher":{"@id":"https:\/\/www.laboratoires-unisson.com\/fr-be#organization"},"potentialAction":[{"@type":"SearchAction","target":{"@type":"EntryPoint","urlTemplate":"https:\/\/www.laboratoires-unisson.com\/fr-be?s={search_term_string}"},"query-input":{"@type":"PropertyValueSpecification","valueRequired":true,"valueName":"search_term_string"}}],"inLanguage":"fr-BE"},{"@type":"Organization","@id":"https:\/\/www.laboratoires-unisson.com\/fr-be#organization","name":"Laboratoires Unisson","url":"https:\/\/www.laboratoires-unisson.com\/fr-be","logo":{"@type":"ImageObject","inLanguage":"fr-BE","@id":"https:\/\/www.laboratoires-unisson.com\/fr-be#\/schema\/logo\/image\/","url":"https:\/\/www.laboratoires-unisson.com\/wp-content\/uploads\/2022\/01\/logo-unisson.svg","contentUrl":"https:\/\/www.laboratoires-unisson.com\/wp-content\/uploads\/2022\/01\/logo-unisson.svg","width":1,"height":1,"caption":"Laboratoires Unisson"},"image":{"@id":"https:\/\/www.laboratoires-unisson.com\/fr-be#\/schema\/logo\/image\/"}}]}},"_links":{"self":[{"href":"https:\/\/www.laboratoires-unisson.com\/fr-be\/wp-json\/wp\/v2\/product\/22931","targetHints":{"allow":["GET"]}}],"collection":[{"href":"https:\/\/www.laboratoires-unisson.com\/fr-be\/wp-json\/wp\/v2\/product"}],"about":[{"href":"https:\/\/www.laboratoires-unisson.com\/fr-be\/wp-json\/wp\/v2\/types\/product"}],"wp:featuredmedia":[{"embeddable":true,"href":"https:\/\/www.laboratoires-unisson.com\/fr-be\/wp-json\/wp\/v2\/media\/20850"}],"wp:attachment":[{"href":"https:\/\/www.laboratoires-unisson.com\/fr-be\/wp-json\/wp\/v2\/media?parent=22931"}],"wp:term":[{"taxonomy":"product_brand","embeddable":true,"href":"https:\/\/www.laboratoires-unisson.com\/fr-be\/wp-json\/wp\/v2\/product_brand?post=22931"},{"taxonomy":"product_cat","embeddable":true,"href":"https:\/\/www.laboratoires-unisson.com\/fr-be\/wp-json\/wp\/v2\/product_cat?post=22931"},{"taxonomy":"product_tag","embeddable":true,"href":"https:\/\/www.laboratoires-unisson.com\/fr-be\/wp-json\/wp\/v2\/product_tag?post=22931"}],"curies":[{"name":"wp","href":"https:\/\/api.w.org\/{rel}","templated":true}]}}