{"id":22933,"date":"2022-05-02T14:55:35","date_gmt":"2022-05-02T12:55:35","guid":{"rendered":"https:\/\/www.laboratoires-unisson.com\/produit\/audeo-paradise-p90-r"},"modified":"2025-12-03T10:07:29","modified_gmt":"2025-12-03T09:07:29","slug":"audeo-paradise-p90-r","status":"publish","type":"product","link":"https:\/\/www.laboratoires-unisson.com\/fr-be\/produit\/appareils-auditifs\/phonak\/audeo-paradise-p90-r","title":{"rendered":"Audeo Paradise P90 R"},"content":{"rendered":"<p>Les nouveaux appareils auditifs Phonak Audeo Paradise sont \u00e9quip\u00e9s de <strong>nombreuses fonctions in\u00e9dites<\/strong> et vous offrent une <strong>qualit\u00e9 sonore in\u00e9gal\u00e9e<\/strong>. Ces appareils int\u00e8grent la <strong>nouvelle puce<\/strong> de <a href=\"https:\/\/www.laboratoires-unisson.com\/fr-be\/appareils-auditifs\/marques\/phonak\">Phonak<\/a> &#8211; <strong>PRISM<\/strong> (Processing Real-time Intelligent Sound Management) &#8211; qui double la m\u00e9moire et offre davantage de possibilit\u00e9s de connectivit\u00e9 \u00e0 faible consommation d\u2019\u00e9nergie.<\/p>\n<p>L&#8217;appareil auditif <strong>Audeo P90 R<\/strong>\u00a0est un mod\u00e8le en <strong>contour d&#8217;oreille \u00e0 \u00e9couteur d\u00e9port\u00e9 (RIC), connect\u00e9 et rechargeable.<\/strong><\/p>\n<h4>Pr\u00e9sentation de l&#8217;aide auditive Phonak Audeo P90 R<\/h4>\n<p>La proth\u00e8se auditif Audeo P90 R est une <strong>solution rechargeable<\/strong> : plus besoin de piles ! Vous b\u00e9n\u00e9ficiez d&#8217;une journ\u00e9e compl\u00e8te d&#8217;audition, y compris avec le streaming audio*. Elle fonctionne \u00e0 l&#8217;aide d&#8217;une <strong>batterie rechargeable au lithium-ion et est certifi\u00e9e IP 68.\u00a0<\/strong>Elle poss\u00e8de \u00e9galement <strong>20 canaux de r\u00e9glages<\/strong> et est disponible en <strong>7 coloris<\/strong>.<\/p>\n<p><span style=\"font-size: 11px;\"><em>* autonomie de 16h, notamment 8h d&#8217;\u00e9coute AutoSens OS 4.0 coupl\u00e9es \u00e0 4h de streaming classique par Bluetooth et 4h d&#8217;utilisation de TV Connector<\/em><\/span><\/p>\n<h4>Les technologies du Audeo P90 R<\/h4>\n<p>Les appareils P90 R vous offrent une <strong>exp\u00e9rience auditive in\u00e9gal\u00e9e<\/strong> :<\/p>\n<ul>\n<li>Un <strong>son naturel<\/strong> : s&#8217;inspirant directement de la nature, les appareils Phonak Audeo Paradise vous permettront d&#8217;appr\u00e9cier toutes les merveilles des sons<\/li>\n<li>Une <strong>compr\u00e9hension claire de la parole<\/strong> : le rehausseur de parole vous permet de comprendre plus ais\u00e9ment une personne \u00e0 distance ou qui parle plus doucement<\/li>\n<li>La <strong>suppression de bruit personnalis\u00e9e<\/strong><\/li>\n<li><strong>Motion Sensor Hearing<\/strong> : vos aides auditives Audeo Paradise d\u00e9tectent si vous vous d\u00e9placez en conversant et r\u00e8glent ainsi automatiquement les microphones directionnels pour se concentrer sur la provenance de la voix<\/li>\n<li>la <strong>technologie binaurale<\/strong>, compos\u00e9e de 4 microphones, am\u00e9liore consid\u00e9rablement la compr\u00e9hension vocale dans les endroits bruyants, r\u00e9duisant ainsi l&#8217;effort d&#8217;\u00e9coute<\/li>\n<\/ul>\n<h4>Connectivit\u00e9 et accessoires des appareils auditifs Audeo P90 R<\/h4>\n<p>Les appareils auditifs Audro P90 R disposent d&#8217;une <strong>connectivit\u00e9 universelle am\u00e9lior\u00e9e<\/strong> :<\/p>\n<ul>\n<li><strong>Activation tactile<\/strong> : cette nouvelle fonctionnalit\u00e9 nomm\u00e9e &#8220;Contr\u00f4le Tactile&#8221; permet \u00e0 une double touche le pavillon, d&#8217;effectuer des appels t\u00e9l\u00e9phoniques, de reprendre ou stopper un contenu audio et vid\u00e9o,<\/li>\n<li><strong>Assistants vocaux<\/strong> : profitez de conversations en mains libres tout en vous connectant \u00e0 un assistant vocal tels que Siri\u00ae, Google Assistant\u2122 ou Amazon Alexa\u00ae<\/li>\n<li>Plusieurs <strong>connexions Bluetooth simultan\u00e9es<\/strong> sont possibles : vous pouvez ainsi passer facilement d&#8217;un streaming audio d&#8217;un appareil \u00e0 un autre<\/li>\n<\/ul>\n<p>De plus, l&#8217;application mobile myPhonak vous permet de contr\u00f4ler intelligemment vos aides auditives : r\u00e9glages \u00e0 distance, ajustement sur le r\u00e9ducteur de bruit, mise \u00e0 jour du journal auditif, fonction t\u00e9l\u00e9commande etc&#8230;<\/p>\n<p>Plusieurs accessoires sont disponibles pour am\u00e9liorer votre quotidien :<\/p>\n<ul>\n<li><strong>TV Connector<\/strong> : b\u00e9n\u00e9ficiez d&#8217;une meilleure compr\u00e9hension vocale de votre t\u00e9l\u00e9vision<\/li>\n<li>Phonak \u00e9crin de charge : fonctionne \u00e0 la fois comme chargeur et bo\u00eetier de protection<\/li>\n<li><strong>Phonak Mini Charger Case<\/strong> (mini \u00e9crin de charge) : il s&#8217;agit d&#8217;un chargeur compact muni d&#8217;un port de charge USB-C standard<\/li>\n<\/ul>\n<p style=\"text-align: center;\"><a class=\"btn btn-default btn-xs bg-green\" href=\"https:\/\/www.laboratoires-unisson.com\/fr-be\/rdv\">Prendre un rendez-vous gratuit <\/a><\/p>\n<h4>Fonctionnalit\u00e9s du Phonak Audeo P90 R<\/h4>\n<ul>\n<li>Motion Sensor Hearing (capteurs de mouvements)<\/li>\n<li>Rehausseur de Parole<\/li>\n<li>Suppression du bruit dynamique<\/li>\n<li>Technologie Binaurale<\/li>\n<li>AutoSense OS<sup>TM<\/sup> 4.0<\/li>\n<li>EchoBloc<\/li>\n<li>WindBloc<\/li>\n<li>SoundRelax<\/li>\n<li>LarsenBloc<\/li>\n<li>Correction de Sonie<\/li>\n<li>Tinnitus Balance<\/li>\n<li>Contr\u00f4le tactile<\/li>\n<li>R\u00e9glages \u00e0 distance<\/li>\n<li>Assistant vocal<\/li>\n<li>Programmes personnalis\u00e9s<\/li>\n<li>Connexions multifonctionnelles Bluetooth<\/li>\n<li>Application mobile myPhonak<\/li>\n<li>Batterie lithium-ion<\/li>\n<\/ul>\n","protected":false},"excerpt":{"rendered":"<p>Les nouveaux appareils auditifs Phonak Audeo Paradise sont \u00e9quip\u00e9s de nombreuses fonctions in\u00e9dites et vous offrent une qualit\u00e9 sonore in\u00e9gal\u00e9e. Ces appareils int\u00e8grent la nouvelle puce de Phonak &#8211; PRISM (Processing Real-time Intelligent Sound Management) &#8211; qui double la m\u00e9moire et offre davantage de possibilit\u00e9s de connectivit\u00e9 \u00e0 faible consommation d\u2019\u00e9nergie. L&#8217;appareil auditif Audeo P90 [&hellip;]<\/p>\n","protected":false},"featured_media":20854,"template":"","meta":{"_acf_changed":false},"product_brand":[],"product_cat":[2574],"product_tag":[],"class_list":{"0":"post-22933","1":"product","2":"type-product","3":"status-publish","4":"has-post-thumbnail","6":"product_cat-phonak-fr-be","8":"first","9":"instock","10":"taxable","11":"shipping-taxable","12":"purchasable","13":"product-type-simple"},"acf":[],"yoast_head":"<!-- This site is optimized with the Yoast SEO plugin v27.1.1 - https:\/\/yoast.com\/product\/yoast-seo-wordpress\/ -->\n<title>Appareil auditif Phonak Audeo Paradise P90 R \u00e0 2100\u20ac - Unisson Belgique<\/title>\n<meta name=\"description\" content=\"Pourquoi le Phonak Audeo Paradise P90 R ? Profitez d&#039;une exp\u00e9rience sonore exceptionnelle avec cet appareil rechargeable. D\u00e9couvrez-le au meilleur prix.\" \/>\n<meta name=\"robots\" content=\"index, follow, max-snippet:-1, max-image-preview:large, max-video-preview:-1\" \/>\n<link rel=\"canonical\" href=\"https:\/\/www.laboratoires-unisson.com\/fr-be\/wp-json\/wp\/v2\/product\/22933\" \/>\n<meta property=\"og:locale\" content=\"fr_FR\" \/>\n<meta property=\"og:type\" content=\"article\" \/>\n<meta property=\"og:title\" content=\"Appareil auditif Phonak Audeo Paradise P90 R 2100\u20ac - Unisson\" \/>\n<meta property=\"og:description\" content=\"Pourquoi le Phonak Audeo Paradise P90 R ? Profitez d&#039;une exp\u00e9rience sonore exceptionnelle avec cet appareil rechargeable. D\u00e9couvrez-le au meilleur prix.\" \/>\n<meta property=\"og:url\" content=\"https:\/\/www.laboratoires-unisson.com\/fr-be\/produit\/appareils-auditifs\/phonak\/audeo-paradise-p90-r\" \/>\n<meta property=\"og:site_name\" content=\"Laboratoires Unisson\" \/>\n<meta property=\"article:modified_time\" content=\"2025-12-03T09:07:29+00:00\" \/>\n<meta property=\"og:image\" content=\"https:\/\/www.laboratoires-unisson.com\/wp-content\/uploads\/2022\/05\/Phonak-Audeo-Paradise-P90-R.png\" \/>\n\t<meta property=\"og:image:width\" content=\"500\" \/>\n\t<meta property=\"og:image:height\" content=\"500\" \/>\n\t<meta property=\"og:image:type\" content=\"image\/png\" \/>\n<meta name=\"twitter:card\" content=\"summary_large_image\" \/>\n<meta name=\"twitter:label1\" content=\"Est. reading time\" \/>\n\t<meta name=\"twitter:data1\" content=\"3 minutes\" \/>\n<script type=\"application\/ld+json\" class=\"yoast-schema-graph\">{\"@context\":\"https:\/\/schema.org\",\"@graph\":[{\"@type\":\"WebPage\",\"@id\":\"https:\/\/www.laboratoires-unisson.com\/fr-be\/produit\/appareils-auditifs\/phonak\/audeo-paradise-p90-r\",\"url\":\"https:\/\/www.laboratoires-unisson.com\/fr-be\/produit\/appareils-auditifs\/phonak\/audeo-paradise-p90-r\",\"name\":\"Appareil auditif Phonak Audeo Paradise P90 R 2100\u20ac - Unisson\",\"isPartOf\":{\"@id\":\"https:\/\/www.laboratoires-unisson.com\/fr-be#website\"},\"primaryImageOfPage\":{\"@id\":\"https:\/\/www.laboratoires-unisson.com\/fr-be\/produit\/appareils-auditifs\/phonak\/audeo-paradise-p90-r#primaryimage\"},\"image\":{\"@id\":\"https:\/\/www.laboratoires-unisson.com\/fr-be\/produit\/appareils-auditifs\/phonak\/audeo-paradise-p90-r#primaryimage\"},\"thumbnailUrl\":\"https:\/\/www.laboratoires-unisson.com\/wp-content\/uploads\/2022\/05\/Phonak-Audeo-Paradise-P90-R.png\",\"datePublished\":\"2022-05-02T12:55:35+00:00\",\"dateModified\":\"2025-12-03T09:07:29+00:00\",\"description\":\"Pourquoi le Phonak Audeo Paradise P90 R ? Profitez d'une exp\u00e9rience sonore exceptionnelle avec cet appareil rechargeable. D\u00e9couvrez-le au meilleur prix.\",\"breadcrumb\":{\"@id\":\"https:\/\/www.laboratoires-unisson.com\/fr-be\/produit\/appareils-auditifs\/phonak\/audeo-paradise-p90-r#breadcrumb\"},\"inLanguage\":\"fr-BE\",\"potentialAction\":[{\"@type\":\"ReadAction\",\"target\":[\"https:\/\/www.laboratoires-unisson.com\/fr-be\/produit\/appareils-auditifs\/phonak\/audeo-paradise-p90-r\"]}]},{\"@type\":\"ImageObject\",\"inLanguage\":\"fr-BE\",\"@id\":\"https:\/\/www.laboratoires-unisson.com\/fr-be\/produit\/appareils-auditifs\/phonak\/audeo-paradise-p90-r#primaryimage\",\"url\":\"https:\/\/www.laboratoires-unisson.com\/wp-content\/uploads\/2022\/05\/Phonak-Audeo-Paradise-P90-R.png\",\"contentUrl\":\"https:\/\/www.laboratoires-unisson.com\/wp-content\/uploads\/2022\/05\/Phonak-Audeo-Paradise-P90-R.png\",\"width\":500,\"height\":500},{\"@type\":\"BreadcrumbList\",\"@id\":\"https:\/\/www.laboratoires-unisson.com\/fr-be\/produit\/appareils-auditifs\/phonak\/audeo-paradise-p90-r#breadcrumb\",\"itemListElement\":[{\"@type\":\"ListItem\",\"position\":1,\"name\":\"Shop\",\"item\":\"https:\/\/www.laboratoires-unisson.com\/fr-be\/shop\"},{\"@type\":\"ListItem\",\"position\":2,\"name\":\"Audeo Paradise P90 R\"}]},{\"@type\":\"WebSite\",\"@id\":\"https:\/\/www.laboratoires-unisson.com\/fr-be#website\",\"url\":\"https:\/\/www.laboratoires-unisson.com\/fr-be\",\"name\":\"Laboratoires Unisson\",\"description\":\"Appareil auditif et proth\u00e8se auditive Moins Cher jusqu&#039;\u00e0 -40%\",\"publisher\":{\"@id\":\"https:\/\/www.laboratoires-unisson.com\/fr-be#organization\"},\"potentialAction\":[{\"@type\":\"SearchAction\",\"target\":{\"@type\":\"EntryPoint\",\"urlTemplate\":\"https:\/\/www.laboratoires-unisson.com\/fr-be?s={search_term_string}\"},\"query-input\":{\"@type\":\"PropertyValueSpecification\",\"valueRequired\":true,\"valueName\":\"search_term_string\"}}],\"inLanguage\":\"fr-BE\"},{\"@type\":\"Organization\",\"@id\":\"https:\/\/www.laboratoires-unisson.com\/fr-be#organization\",\"name\":\"Laboratoires Unisson\",\"url\":\"https:\/\/www.laboratoires-unisson.com\/fr-be\",\"logo\":{\"@type\":\"ImageObject\",\"inLanguage\":\"fr-BE\",\"@id\":\"https:\/\/www.laboratoires-unisson.com\/fr-be#\/schema\/logo\/image\/\",\"url\":\"https:\/\/www.laboratoires-unisson.com\/wp-content\/uploads\/2022\/01\/logo-unisson.svg\",\"contentUrl\":\"https:\/\/www.laboratoires-unisson.com\/wp-content\/uploads\/2022\/01\/logo-unisson.svg\",\"width\":1,\"height\":1,\"caption\":\"Laboratoires Unisson\"},\"image\":{\"@id\":\"https:\/\/www.laboratoires-unisson.com\/fr-be#\/schema\/logo\/image\/\"}}]}<\/script>\n<!-- \/ Yoast SEO plugin. -->","yoast_head_json":{"title":"Appareil auditif Phonak Audeo Paradise P90 R \u00e0 2100\u20ac - Unisson Belgique","description":"Pourquoi le Phonak Audeo Paradise P90 R ? Profitez d'une exp\u00e9rience sonore exceptionnelle avec cet appareil rechargeable. D\u00e9couvrez-le au meilleur prix.","robots":{"index":"index","follow":"follow","max-snippet":"max-snippet:-1","max-image-preview":"max-image-preview:large","max-video-preview":"max-video-preview:-1"},"canonical":"https:\/\/www.laboratoires-unisson.com\/fr-be\/wp-json\/wp\/v2\/product\/22933","og_locale":"fr_FR","og_type":"article","og_title":"Appareil auditif Phonak Audeo Paradise P90 R 2100\u20ac - Unisson","og_description":"Pourquoi le Phonak Audeo Paradise P90 R ? Profitez d'une exp\u00e9rience sonore exceptionnelle avec cet appareil rechargeable. D\u00e9couvrez-le au meilleur prix.","og_url":"https:\/\/www.laboratoires-unisson.com\/fr-be\/produit\/appareils-auditifs\/phonak\/audeo-paradise-p90-r","og_site_name":"Laboratoires Unisson","article_modified_time":"2025-12-03T09:07:29+00:00","og_image":[{"width":500,"height":500,"url":"https:\/\/www.laboratoires-unisson.com\/wp-content\/uploads\/2022\/05\/Phonak-Audeo-Paradise-P90-R.png","type":"image\/png"}],"twitter_card":"summary_large_image","twitter_misc":{"Est. reading time":"3 minutes"},"schema":{"@context":"https:\/\/schema.org","@graph":[{"@type":"WebPage","@id":"https:\/\/www.laboratoires-unisson.com\/fr-be\/produit\/appareils-auditifs\/phonak\/audeo-paradise-p90-r","url":"https:\/\/www.laboratoires-unisson.com\/fr-be\/produit\/appareils-auditifs\/phonak\/audeo-paradise-p90-r","name":"Appareil auditif Phonak Audeo Paradise P90 R 2100\u20ac - Unisson","isPartOf":{"@id":"https:\/\/www.laboratoires-unisson.com\/fr-be#website"},"primaryImageOfPage":{"@id":"https:\/\/www.laboratoires-unisson.com\/fr-be\/produit\/appareils-auditifs\/phonak\/audeo-paradise-p90-r#primaryimage"},"image":{"@id":"https:\/\/www.laboratoires-unisson.com\/fr-be\/produit\/appareils-auditifs\/phonak\/audeo-paradise-p90-r#primaryimage"},"thumbnailUrl":"https:\/\/www.laboratoires-unisson.com\/wp-content\/uploads\/2022\/05\/Phonak-Audeo-Paradise-P90-R.png","datePublished":"2022-05-02T12:55:35+00:00","dateModified":"2025-12-03T09:07:29+00:00","description":"Pourquoi le Phonak Audeo Paradise P90 R ? Profitez d'une exp\u00e9rience sonore exceptionnelle avec cet appareil rechargeable. D\u00e9couvrez-le au meilleur prix.","breadcrumb":{"@id":"https:\/\/www.laboratoires-unisson.com\/fr-be\/produit\/appareils-auditifs\/phonak\/audeo-paradise-p90-r#breadcrumb"},"inLanguage":"fr-BE","potentialAction":[{"@type":"ReadAction","target":["https:\/\/www.laboratoires-unisson.com\/fr-be\/produit\/appareils-auditifs\/phonak\/audeo-paradise-p90-r"]}]},{"@type":"ImageObject","inLanguage":"fr-BE","@id":"https:\/\/www.laboratoires-unisson.com\/fr-be\/produit\/appareils-auditifs\/phonak\/audeo-paradise-p90-r#primaryimage","url":"https:\/\/www.laboratoires-unisson.com\/wp-content\/uploads\/2022\/05\/Phonak-Audeo-Paradise-P90-R.png","contentUrl":"https:\/\/www.laboratoires-unisson.com\/wp-content\/uploads\/2022\/05\/Phonak-Audeo-Paradise-P90-R.png","width":500,"height":500},{"@type":"BreadcrumbList","@id":"https:\/\/www.laboratoires-unisson.com\/fr-be\/produit\/appareils-auditifs\/phonak\/audeo-paradise-p90-r#breadcrumb","itemListElement":[{"@type":"ListItem","position":1,"name":"Shop","item":"https:\/\/www.laboratoires-unisson.com\/fr-be\/shop"},{"@type":"ListItem","position":2,"name":"Audeo Paradise P90 R"}]},{"@type":"WebSite","@id":"https:\/\/www.laboratoires-unisson.com\/fr-be#website","url":"https:\/\/www.laboratoires-unisson.com\/fr-be","name":"Laboratoires Unisson","description":"Appareil auditif et proth\u00e8se auditive Moins Cher jusqu&#039;\u00e0 -40%","publisher":{"@id":"https:\/\/www.laboratoires-unisson.com\/fr-be#organization"},"potentialAction":[{"@type":"SearchAction","target":{"@type":"EntryPoint","urlTemplate":"https:\/\/www.laboratoires-unisson.com\/fr-be?s={search_term_string}"},"query-input":{"@type":"PropertyValueSpecification","valueRequired":true,"valueName":"search_term_string"}}],"inLanguage":"fr-BE"},{"@type":"Organization","@id":"https:\/\/www.laboratoires-unisson.com\/fr-be#organization","name":"Laboratoires Unisson","url":"https:\/\/www.laboratoires-unisson.com\/fr-be","logo":{"@type":"ImageObject","inLanguage":"fr-BE","@id":"https:\/\/www.laboratoires-unisson.com\/fr-be#\/schema\/logo\/image\/","url":"https:\/\/www.laboratoires-unisson.com\/wp-content\/uploads\/2022\/01\/logo-unisson.svg","contentUrl":"https:\/\/www.laboratoires-unisson.com\/wp-content\/uploads\/2022\/01\/logo-unisson.svg","width":1,"height":1,"caption":"Laboratoires Unisson"},"image":{"@id":"https:\/\/www.laboratoires-unisson.com\/fr-be#\/schema\/logo\/image\/"}}]}},"_links":{"self":[{"href":"https:\/\/www.laboratoires-unisson.com\/fr-be\/wp-json\/wp\/v2\/product\/22933","targetHints":{"allow":["GET"]}}],"collection":[{"href":"https:\/\/www.laboratoires-unisson.com\/fr-be\/wp-json\/wp\/v2\/product"}],"about":[{"href":"https:\/\/www.laboratoires-unisson.com\/fr-be\/wp-json\/wp\/v2\/types\/product"}],"wp:featuredmedia":[{"embeddable":true,"href":"https:\/\/www.laboratoires-unisson.com\/fr-be\/wp-json\/wp\/v2\/media\/20854"}],"wp:attachment":[{"href":"https:\/\/www.laboratoires-unisson.com\/fr-be\/wp-json\/wp\/v2\/media?parent=22933"}],"wp:term":[{"taxonomy":"product_brand","embeddable":true,"href":"https:\/\/www.laboratoires-unisson.com\/fr-be\/wp-json\/wp\/v2\/product_brand?post=22933"},{"taxonomy":"product_cat","embeddable":true,"href":"https:\/\/www.laboratoires-unisson.com\/fr-be\/wp-json\/wp\/v2\/product_cat?post=22933"},{"taxonomy":"product_tag","embeddable":true,"href":"https:\/\/www.laboratoires-unisson.com\/fr-be\/wp-json\/wp\/v2\/product_tag?post=22933"}],"curies":[{"name":"wp","href":"https:\/\/api.w.org\/{rel}","templated":true}]}}