{"id":22934,"date":"2022-05-02T14:55:03","date_gmt":"2022-05-02T12:55:03","guid":{"rendered":"https:\/\/www.laboratoires-unisson.com\/produit\/audeo-paradise-p90-r-t"},"modified":"2025-12-03T10:07:30","modified_gmt":"2025-12-03T09:07:30","slug":"audeo-paradise-p90-r-t","status":"publish","type":"product","link":"https:\/\/www.laboratoires-unisson.com\/fr-be\/produit\/appareils-auditifs\/phonak\/audeo-paradise-p90-r-t","title":{"rendered":"Audeo Paradise P90 R T"},"content":{"rendered":"<p>L&#8217;aide auditive\u00a0Audeo Paradise P90 R T de <a href=\"https:\/\/www.laboratoires-unisson.com\/fr-be\/appareils-auditifs\/marques\/phonak\">Phonak<\/a>\u00a0est un mod\u00e8le en <strong>contour d&#8217;oreille \u00e9quip\u00e9 d&#8217;une connexion Bluetooth et rechargeable<\/strong>.<\/p>\n<p>Il s&#8217;agit du m\u00eame mod\u00e8le que le Phonak Audeo Paradise P90 R, avec une bobine \u00e0 induction en plus.<\/p>\n<p>Elle poss\u00e8de 20 canaux de r\u00e9glages, une certification IP68, une batterie rechargeable au lithium-ion et est disponible en 7 couleurs.<\/p>\n<h4>Fonctionnalit\u00e9s du Phonak Audeo P90 R T<\/h4>\n<ul>\n<li>Motion Sensor Hearing (capteurs de mouvements)<\/li>\n<li>Rehausseur de Parole<\/li>\n<li>Suppression du bruit dynamique<\/li>\n<li>Technologie Binaurale<\/li>\n<li>AutoSense OS<sup>TM<\/sup> 4.0<\/li>\n<li>EchoBloc<\/li>\n<li>WindBloc<\/li>\n<li>SoundRelax<\/li>\n<li>LarsenBloc<\/li>\n<li>Correction de Sonie<\/li>\n<li>Tinnitus Balance<\/li>\n<li>Contr\u00f4le tactile<\/li>\n<li>R\u00e9glages \u00e0 distance<\/li>\n<li>Assistant vocal<\/li>\n<li>Programmes personnalis\u00e9s<\/li>\n<li>Connexions multifonctionnelles Bluetooth<\/li>\n<li>Application mobile myPhonak<\/li>\n<li>Batterie lithium-ion<\/li>\n<li>Bobine \u00e0 induction T<\/li>\n<\/ul>\n","protected":false},"excerpt":{"rendered":"<p>L&#8217;aide auditive\u00a0Audeo Paradise P90 R T de Phonak\u00a0est un mod\u00e8le en contour d&#8217;oreille \u00e9quip\u00e9 d&#8217;une connexion Bluetooth et rechargeable. Il s&#8217;agit du m\u00eame mod\u00e8le que le Phonak Audeo Paradise P90 R, avec une bobine \u00e0 induction en plus. Elle poss\u00e8de 20 canaux de r\u00e9glages, une certification IP68, une batterie rechargeable au lithium-ion et est disponible [&hellip;]<\/p>\n","protected":false},"featured_media":19228,"template":"","meta":{"_acf_changed":false},"product_brand":[],"product_cat":[2574],"product_tag":[],"class_list":{"0":"post-22934","1":"product","2":"type-product","3":"status-publish","4":"has-post-thumbnail","6":"product_cat-phonak-fr-be","8":"first","9":"instock","10":"taxable","11":"shipping-taxable","12":"purchasable","13":"product-type-simple"},"acf":[],"yoast_head":"<!-- This site is optimized with the Yoast SEO plugin v27.1.1 - https:\/\/yoast.com\/product\/yoast-seo-wordpress\/ -->\n<title>Appareil auditif Phonak Audeo Paradise P90 R T \u00e0 2100\u20ac - Unisson Belgique<\/title>\n<meta name=\"description\" content=\"Am\u00e9liorez votre audition avec Audeo Paradise P90 R T de Phonak. D\u00e9couvrez cette proth\u00e8se rechargeable pour une exp\u00e9rience exceptionnelle au meilleur prix.\" \/>\n<meta name=\"robots\" content=\"index, follow, max-snippet:-1, max-image-preview:large, max-video-preview:-1\" \/>\n<link rel=\"canonical\" href=\"https:\/\/www.laboratoires-unisson.com\/fr-be\/wp-json\/wp\/v2\/product\/22934\" \/>\n<meta property=\"og:locale\" content=\"fr_FR\" \/>\n<meta property=\"og:type\" content=\"article\" \/>\n<meta property=\"og:title\" content=\"Audeo Paradise P90 R T - Laboratoires Unisson\" \/>\n<meta property=\"og:description\" content=\"Am\u00e9liorez votre audition avec Audeo Paradise P90 R T de Phonak. D\u00e9couvrez cette proth\u00e8se rechargeable pour une exp\u00e9rience exceptionnelle au meilleur prix.\" \/>\n<meta property=\"og:url\" content=\"https:\/\/www.laboratoires-unisson.com\/fr-be\/produit\/appareils-auditifs\/phonak\/audeo-paradise-p90-r-t\" \/>\n<meta property=\"og:site_name\" content=\"Laboratoires Unisson\" \/>\n<meta property=\"article:modified_time\" content=\"2025-12-03T09:07:30+00:00\" \/>\n<meta property=\"og:image\" content=\"https:\/\/www.laboratoires-unisson.com\/wp-content\/uploads\/2022\/05\/audeo-paradise-p90-r-t.png\" \/>\n\t<meta property=\"og:image:width\" content=\"600\" \/>\n\t<meta property=\"og:image:height\" content=\"600\" \/>\n\t<meta property=\"og:image:type\" content=\"image\/png\" \/>\n<meta name=\"twitter:card\" content=\"summary_large_image\" \/>\n<meta name=\"twitter:label1\" content=\"Est. reading time\" \/>\n\t<meta name=\"twitter:data1\" content=\"1 minute\" \/>\n<script type=\"application\/ld+json\" class=\"yoast-schema-graph\">{\"@context\":\"https:\/\/schema.org\",\"@graph\":[{\"@type\":\"WebPage\",\"@id\":\"https:\/\/www.laboratoires-unisson.com\/fr-be\/produit\/appareils-auditifs\/phonak\/audeo-paradise-p90-r-t\",\"url\":\"https:\/\/www.laboratoires-unisson.com\/fr-be\/produit\/appareils-auditifs\/phonak\/audeo-paradise-p90-r-t\",\"name\":\"Audeo Paradise P90 R T - Laboratoires Unisson\",\"isPartOf\":{\"@id\":\"https:\/\/www.laboratoires-unisson.com\/fr-be#website\"},\"primaryImageOfPage\":{\"@id\":\"https:\/\/www.laboratoires-unisson.com\/fr-be\/produit\/appareils-auditifs\/phonak\/audeo-paradise-p90-r-t#primaryimage\"},\"image\":{\"@id\":\"https:\/\/www.laboratoires-unisson.com\/fr-be\/produit\/appareils-auditifs\/phonak\/audeo-paradise-p90-r-t#primaryimage\"},\"thumbnailUrl\":\"https:\/\/www.laboratoires-unisson.com\/wp-content\/uploads\/2022\/05\/audeo-paradise-p90-r-t.png\",\"datePublished\":\"2022-05-02T12:55:03+00:00\",\"dateModified\":\"2025-12-03T09:07:30+00:00\",\"description\":\"Am\u00e9liorez votre audition avec Audeo Paradise P90 R T de Phonak. D\u00e9couvrez cette proth\u00e8se rechargeable pour une exp\u00e9rience exceptionnelle au meilleur prix.\",\"breadcrumb\":{\"@id\":\"https:\/\/www.laboratoires-unisson.com\/fr-be\/produit\/appareils-auditifs\/phonak\/audeo-paradise-p90-r-t#breadcrumb\"},\"inLanguage\":\"fr-BE\",\"potentialAction\":[{\"@type\":\"ReadAction\",\"target\":[\"https:\/\/www.laboratoires-unisson.com\/fr-be\/produit\/appareils-auditifs\/phonak\/audeo-paradise-p90-r-t\"]}]},{\"@type\":\"ImageObject\",\"inLanguage\":\"fr-BE\",\"@id\":\"https:\/\/www.laboratoires-unisson.com\/fr-be\/produit\/appareils-auditifs\/phonak\/audeo-paradise-p90-r-t#primaryimage\",\"url\":\"https:\/\/www.laboratoires-unisson.com\/wp-content\/uploads\/2022\/05\/audeo-paradise-p90-r-t.png\",\"contentUrl\":\"https:\/\/www.laboratoires-unisson.com\/wp-content\/uploads\/2022\/05\/audeo-paradise-p90-r-t.png\",\"width\":600,\"height\":600},{\"@type\":\"BreadcrumbList\",\"@id\":\"https:\/\/www.laboratoires-unisson.com\/fr-be\/produit\/appareils-auditifs\/phonak\/audeo-paradise-p90-r-t#breadcrumb\",\"itemListElement\":[{\"@type\":\"ListItem\",\"position\":1,\"name\":\"Shop\",\"item\":\"https:\/\/www.laboratoires-unisson.com\/fr-be\/shop\"},{\"@type\":\"ListItem\",\"position\":2,\"name\":\"Audeo Paradise P90 R T\"}]},{\"@type\":\"WebSite\",\"@id\":\"https:\/\/www.laboratoires-unisson.com\/fr-be#website\",\"url\":\"https:\/\/www.laboratoires-unisson.com\/fr-be\",\"name\":\"Laboratoires Unisson\",\"description\":\"Appareil auditif et proth\u00e8se auditive Moins Cher jusqu&#039;\u00e0 -40%\",\"publisher\":{\"@id\":\"https:\/\/www.laboratoires-unisson.com\/fr-be#organization\"},\"potentialAction\":[{\"@type\":\"SearchAction\",\"target\":{\"@type\":\"EntryPoint\",\"urlTemplate\":\"https:\/\/www.laboratoires-unisson.com\/fr-be?s={search_term_string}\"},\"query-input\":{\"@type\":\"PropertyValueSpecification\",\"valueRequired\":true,\"valueName\":\"search_term_string\"}}],\"inLanguage\":\"fr-BE\"},{\"@type\":\"Organization\",\"@id\":\"https:\/\/www.laboratoires-unisson.com\/fr-be#organization\",\"name\":\"Laboratoires Unisson\",\"url\":\"https:\/\/www.laboratoires-unisson.com\/fr-be\",\"logo\":{\"@type\":\"ImageObject\",\"inLanguage\":\"fr-BE\",\"@id\":\"https:\/\/www.laboratoires-unisson.com\/fr-be#\/schema\/logo\/image\/\",\"url\":\"https:\/\/www.laboratoires-unisson.com\/wp-content\/uploads\/2022\/01\/logo-unisson.svg\",\"contentUrl\":\"https:\/\/www.laboratoires-unisson.com\/wp-content\/uploads\/2022\/01\/logo-unisson.svg\",\"width\":1,\"height\":1,\"caption\":\"Laboratoires Unisson\"},\"image\":{\"@id\":\"https:\/\/www.laboratoires-unisson.com\/fr-be#\/schema\/logo\/image\/\"}}]}<\/script>\n<!-- \/ Yoast SEO plugin. -->","yoast_head_json":{"title":"Appareil auditif Phonak Audeo Paradise P90 R T \u00e0 2100\u20ac - Unisson Belgique","description":"Am\u00e9liorez votre audition avec Audeo Paradise P90 R T de Phonak. D\u00e9couvrez cette proth\u00e8se rechargeable pour une exp\u00e9rience exceptionnelle au meilleur prix.","robots":{"index":"index","follow":"follow","max-snippet":"max-snippet:-1","max-image-preview":"max-image-preview:large","max-video-preview":"max-video-preview:-1"},"canonical":"https:\/\/www.laboratoires-unisson.com\/fr-be\/wp-json\/wp\/v2\/product\/22934","og_locale":"fr_FR","og_type":"article","og_title":"Audeo Paradise P90 R T - Laboratoires Unisson","og_description":"Am\u00e9liorez votre audition avec Audeo Paradise P90 R T de Phonak. D\u00e9couvrez cette proth\u00e8se rechargeable pour une exp\u00e9rience exceptionnelle au meilleur prix.","og_url":"https:\/\/www.laboratoires-unisson.com\/fr-be\/produit\/appareils-auditifs\/phonak\/audeo-paradise-p90-r-t","og_site_name":"Laboratoires Unisson","article_modified_time":"2025-12-03T09:07:30+00:00","og_image":[{"width":600,"height":600,"url":"https:\/\/www.laboratoires-unisson.com\/wp-content\/uploads\/2022\/05\/audeo-paradise-p90-r-t.png","type":"image\/png"}],"twitter_card":"summary_large_image","twitter_misc":{"Est. reading time":"1 minute"},"schema":{"@context":"https:\/\/schema.org","@graph":[{"@type":"WebPage","@id":"https:\/\/www.laboratoires-unisson.com\/fr-be\/produit\/appareils-auditifs\/phonak\/audeo-paradise-p90-r-t","url":"https:\/\/www.laboratoires-unisson.com\/fr-be\/produit\/appareils-auditifs\/phonak\/audeo-paradise-p90-r-t","name":"Audeo Paradise P90 R T - Laboratoires Unisson","isPartOf":{"@id":"https:\/\/www.laboratoires-unisson.com\/fr-be#website"},"primaryImageOfPage":{"@id":"https:\/\/www.laboratoires-unisson.com\/fr-be\/produit\/appareils-auditifs\/phonak\/audeo-paradise-p90-r-t#primaryimage"},"image":{"@id":"https:\/\/www.laboratoires-unisson.com\/fr-be\/produit\/appareils-auditifs\/phonak\/audeo-paradise-p90-r-t#primaryimage"},"thumbnailUrl":"https:\/\/www.laboratoires-unisson.com\/wp-content\/uploads\/2022\/05\/audeo-paradise-p90-r-t.png","datePublished":"2022-05-02T12:55:03+00:00","dateModified":"2025-12-03T09:07:30+00:00","description":"Am\u00e9liorez votre audition avec Audeo Paradise P90 R T de Phonak. D\u00e9couvrez cette proth\u00e8se rechargeable pour une exp\u00e9rience exceptionnelle au meilleur prix.","breadcrumb":{"@id":"https:\/\/www.laboratoires-unisson.com\/fr-be\/produit\/appareils-auditifs\/phonak\/audeo-paradise-p90-r-t#breadcrumb"},"inLanguage":"fr-BE","potentialAction":[{"@type":"ReadAction","target":["https:\/\/www.laboratoires-unisson.com\/fr-be\/produit\/appareils-auditifs\/phonak\/audeo-paradise-p90-r-t"]}]},{"@type":"ImageObject","inLanguage":"fr-BE","@id":"https:\/\/www.laboratoires-unisson.com\/fr-be\/produit\/appareils-auditifs\/phonak\/audeo-paradise-p90-r-t#primaryimage","url":"https:\/\/www.laboratoires-unisson.com\/wp-content\/uploads\/2022\/05\/audeo-paradise-p90-r-t.png","contentUrl":"https:\/\/www.laboratoires-unisson.com\/wp-content\/uploads\/2022\/05\/audeo-paradise-p90-r-t.png","width":600,"height":600},{"@type":"BreadcrumbList","@id":"https:\/\/www.laboratoires-unisson.com\/fr-be\/produit\/appareils-auditifs\/phonak\/audeo-paradise-p90-r-t#breadcrumb","itemListElement":[{"@type":"ListItem","position":1,"name":"Shop","item":"https:\/\/www.laboratoires-unisson.com\/fr-be\/shop"},{"@type":"ListItem","position":2,"name":"Audeo Paradise P90 R T"}]},{"@type":"WebSite","@id":"https:\/\/www.laboratoires-unisson.com\/fr-be#website","url":"https:\/\/www.laboratoires-unisson.com\/fr-be","name":"Laboratoires Unisson","description":"Appareil auditif et proth\u00e8se auditive Moins Cher jusqu&#039;\u00e0 -40%","publisher":{"@id":"https:\/\/www.laboratoires-unisson.com\/fr-be#organization"},"potentialAction":[{"@type":"SearchAction","target":{"@type":"EntryPoint","urlTemplate":"https:\/\/www.laboratoires-unisson.com\/fr-be?s={search_term_string}"},"query-input":{"@type":"PropertyValueSpecification","valueRequired":true,"valueName":"search_term_string"}}],"inLanguage":"fr-BE"},{"@type":"Organization","@id":"https:\/\/www.laboratoires-unisson.com\/fr-be#organization","name":"Laboratoires Unisson","url":"https:\/\/www.laboratoires-unisson.com\/fr-be","logo":{"@type":"ImageObject","inLanguage":"fr-BE","@id":"https:\/\/www.laboratoires-unisson.com\/fr-be#\/schema\/logo\/image\/","url":"https:\/\/www.laboratoires-unisson.com\/wp-content\/uploads\/2022\/01\/logo-unisson.svg","contentUrl":"https:\/\/www.laboratoires-unisson.com\/wp-content\/uploads\/2022\/01\/logo-unisson.svg","width":1,"height":1,"caption":"Laboratoires Unisson"},"image":{"@id":"https:\/\/www.laboratoires-unisson.com\/fr-be#\/schema\/logo\/image\/"}}]}},"_links":{"self":[{"href":"https:\/\/www.laboratoires-unisson.com\/fr-be\/wp-json\/wp\/v2\/product\/22934","targetHints":{"allow":["GET"]}}],"collection":[{"href":"https:\/\/www.laboratoires-unisson.com\/fr-be\/wp-json\/wp\/v2\/product"}],"about":[{"href":"https:\/\/www.laboratoires-unisson.com\/fr-be\/wp-json\/wp\/v2\/types\/product"}],"wp:featuredmedia":[{"embeddable":true,"href":"https:\/\/www.laboratoires-unisson.com\/fr-be\/wp-json\/wp\/v2\/media\/19228"}],"wp:attachment":[{"href":"https:\/\/www.laboratoires-unisson.com\/fr-be\/wp-json\/wp\/v2\/media?parent=22934"}],"wp:term":[{"taxonomy":"product_brand","embeddable":true,"href":"https:\/\/www.laboratoires-unisson.com\/fr-be\/wp-json\/wp\/v2\/product_brand?post=22934"},{"taxonomy":"product_cat","embeddable":true,"href":"https:\/\/www.laboratoires-unisson.com\/fr-be\/wp-json\/wp\/v2\/product_cat?post=22934"},{"taxonomy":"product_tag","embeddable":true,"href":"https:\/\/www.laboratoires-unisson.com\/fr-be\/wp-json\/wp\/v2\/product_tag?post=22934"}],"curies":[{"name":"wp","href":"https:\/\/api.w.org\/{rel}","templated":true}]}}