{"id":22938,"date":"2022-05-02T15:11:57","date_gmt":"2022-05-02T13:11:57","guid":{"rendered":"https:\/\/www.laboratoires-unisson.com\/produit\/blu-moxi-b-rt-5"},"modified":"2025-12-03T10:07:31","modified_gmt":"2025-12-03T09:07:31","slug":"blu-moxi-b-rt-5","status":"publish","type":"product","link":"https:\/\/www.laboratoires-unisson.com\/fr-be\/produit\/appareils-auditifs\/unitron\/blu-moxi-b-rt-5","title":{"rendered":"Blu Moxi B RT 5"},"content":{"rendered":"<p>L&#8217;aide auditive Blu Moxi B RT 5 est un <strong>appareil auditif d&#8217;entr\u00e9e de gamme en micro contour d&#8217;oreille \u00e0 \u00e9couteur d\u00e9port\u00e9 RIC rechargeable et connect\u00e9.<\/strong><\/p>\n<p>Elle poss\u00e8de 16 canaux de r\u00e9glages, un bouton poussoir, une connexion Bluetooth\u00a0et est certifi\u00e9e IP 68. C&#8217;est un mod\u00e8le rechargeable par induction lithium-ion. Il s&#8217;agit ainsi du plus petit RIC rechargeable d&#8217;Unitron.<\/p>\n<p>L&#8217;appareil auditif Blu Moxi B RT 5 fait parti de la nouvelle gamme d&#8217;appareils Unitron Blu sortie en avril 2021. Cette gamme int\u00e8gre la nouvelle puce Sonova PRISM<strong>\u2122\u00a0<\/strong>offrant aux patients une performance sonore nouvelle g\u00e9n\u00e9ration.<\/p>\n<p><a href=\"https:\/\/www.laboratoires-unisson.com\/fr-be\/appareils-auditifs\/marques\/unitron\/blu\" target=\"_blank\" rel=\"noopener\">&gt; Pour en savoir plus sur cette nouvelle gamme Unitron Blu<\/a><\/p>\n<h4>Les fonctionnalit\u00e9s de l&#8217;aide auditive Moxi B RT 5<\/h4>\n<ul>\n<li>4 environnements d&#8217;\u00e9coute<\/li>\n<li>Integra OS<\/li>\n<li>Spatial Awareness<\/li>\n<li>MyMusic<\/li>\n<li>Gestionnaire d&#8217;adaptation automatique<\/li>\n<li>Directivit\u00e9 adaptative multibande<\/li>\n<li>Compression fr\u00e9quentielle 2<\/li>\n<li>AntiShock 2<\/li>\n<li>T\u00e9l\u00e9phone Binaural<\/li>\n<li>Anti Larsen<\/li>\n<li>Gestion du vent<\/li>\n<li>Am\u00e9lioration de la parole<\/li>\n<li>R\u00e9duction du bruit<\/li>\n<li>DuoLink<\/li>\n<li>Masqueur d&#8217;acouph\u00e8nes<\/li>\n<li>16 canaux de r\u00e9glages<\/li>\n<li>Bouton poussoir<\/li>\n<li>Bobine t\u00e9l\u00e9phonique<\/li>\n<li>Bluetooth<\/li>\n<li>IP 68<\/li>\n<li>Batterie lithium ion<\/li>\n<\/ul>\n","protected":false},"excerpt":{"rendered":"<p>L&#8217;aide auditive Blu Moxi B RT 5 est un appareil auditif d&#8217;entr\u00e9e de gamme en micro contour d&#8217;oreille \u00e0 \u00e9couteur d\u00e9port\u00e9 RIC rechargeable et connect\u00e9. Elle poss\u00e8de 16 canaux de r\u00e9glages, un bouton poussoir, une connexion Bluetooth\u00a0et est certifi\u00e9e IP 68. C&#8217;est un mod\u00e8le rechargeable par induction lithium-ion. Il s&#8217;agit ainsi du plus petit RIC [&hellip;]<\/p>\n","protected":false},"featured_media":19308,"template":"","meta":{"_acf_changed":false},"product_brand":[],"product_cat":[2890],"product_tag":[],"class_list":{"0":"post-22938","1":"product","2":"type-product","3":"status-publish","4":"has-post-thumbnail","6":"product_cat-unitron-fr-be","8":"first","9":"instock","10":"taxable","11":"shipping-taxable","12":"purchasable","13":"product-type-simple"},"acf":[],"yoast_head":"<!-- This site is optimized with the Yoast SEO plugin v27.1.1 - https:\/\/yoast.com\/product\/yoast-seo-wordpress\/ -->\n<title>Appareil auditif Unitron Blu Moxi B RT 5 \u00e0 1650\u20ac - Unisson Belgique<\/title>\n<meta name=\"description\" content=\"L&#039;aide auditive Blu Moxi B RT 5 est un appareil auditif d&#039;entr\u00e9e de gamme en micro contour d&#039;oreille \u00e0 \u00e9couteur d\u00e9port\u00e9 RIC rechargeable et connect\u00e9. Elle\" \/>\n<meta name=\"robots\" content=\"index, follow, max-snippet:-1, max-image-preview:large, max-video-preview:-1\" \/>\n<link rel=\"canonical\" href=\"https:\/\/www.laboratoires-unisson.com\/fr-be\/wp-json\/wp\/v2\/product\/22938\" \/>\n<meta property=\"og:locale\" content=\"fr_FR\" \/>\n<meta property=\"og:type\" content=\"article\" \/>\n<meta property=\"og:title\" content=\"Blu Moxi B RT 5 - Laboratoires Unisson\" \/>\n<meta property=\"og:description\" content=\"L&#039;aide auditive Blu Moxi B RT 5 est un appareil auditif d&#039;entr\u00e9e de gamme en micro contour d&#039;oreille \u00e0 \u00e9couteur d\u00e9port\u00e9 RIC rechargeable et connect\u00e9. Elle\" \/>\n<meta property=\"og:url\" content=\"https:\/\/www.laboratoires-unisson.com\/fr-be\/produit\/appareils-auditifs\/unitron\/blu-moxi-b-rt-5\" \/>\n<meta property=\"og:site_name\" content=\"Laboratoires Unisson\" \/>\n<meta property=\"article:modified_time\" content=\"2025-12-03T09:07:31+00:00\" \/>\n<meta property=\"og:image\" content=\"https:\/\/www.laboratoires-unisson.com\/wp-content\/uploads\/2022\/05\/blu-moxi-b-rt-5.jpg\" \/>\n\t<meta property=\"og:image:width\" content=\"450\" \/>\n\t<meta property=\"og:image:height\" content=\"500\" \/>\n\t<meta property=\"og:image:type\" content=\"image\/jpeg\" \/>\n<meta name=\"twitter:card\" content=\"summary_large_image\" \/>\n<meta name=\"twitter:label1\" content=\"Est. reading time\" \/>\n\t<meta name=\"twitter:data1\" content=\"2 minutes\" \/>\n<script type=\"application\/ld+json\" class=\"yoast-schema-graph\">{\"@context\":\"https:\/\/schema.org\",\"@graph\":[{\"@type\":\"WebPage\",\"@id\":\"https:\/\/www.laboratoires-unisson.com\/fr-be\/produit\/appareils-auditifs\/unitron\/blu-moxi-b-rt-5\",\"url\":\"https:\/\/www.laboratoires-unisson.com\/fr-be\/produit\/appareils-auditifs\/unitron\/blu-moxi-b-rt-5\",\"name\":\"Blu Moxi B RT 5 - Laboratoires Unisson\",\"isPartOf\":{\"@id\":\"https:\/\/www.laboratoires-unisson.com\/fr-be#website\"},\"primaryImageOfPage\":{\"@id\":\"https:\/\/www.laboratoires-unisson.com\/fr-be\/produit\/appareils-auditifs\/unitron\/blu-moxi-b-rt-5#primaryimage\"},\"image\":{\"@id\":\"https:\/\/www.laboratoires-unisson.com\/fr-be\/produit\/appareils-auditifs\/unitron\/blu-moxi-b-rt-5#primaryimage\"},\"thumbnailUrl\":\"https:\/\/www.laboratoires-unisson.com\/wp-content\/uploads\/2022\/05\/blu-moxi-b-rt-5.jpg\",\"datePublished\":\"2022-05-02T13:11:57+00:00\",\"dateModified\":\"2025-12-03T09:07:31+00:00\",\"description\":\"L'aide auditive Blu Moxi B RT 5 est un appareil auditif d'entr\u00e9e de gamme en micro contour d'oreille \u00e0 \u00e9couteur d\u00e9port\u00e9 RIC rechargeable et connect\u00e9. Elle\",\"breadcrumb\":{\"@id\":\"https:\/\/www.laboratoires-unisson.com\/fr-be\/produit\/appareils-auditifs\/unitron\/blu-moxi-b-rt-5#breadcrumb\"},\"inLanguage\":\"fr-BE\",\"potentialAction\":[{\"@type\":\"ReadAction\",\"target\":[\"https:\/\/www.laboratoires-unisson.com\/fr-be\/produit\/appareils-auditifs\/unitron\/blu-moxi-b-rt-5\"]}]},{\"@type\":\"ImageObject\",\"inLanguage\":\"fr-BE\",\"@id\":\"https:\/\/www.laboratoires-unisson.com\/fr-be\/produit\/appareils-auditifs\/unitron\/blu-moxi-b-rt-5#primaryimage\",\"url\":\"https:\/\/www.laboratoires-unisson.com\/wp-content\/uploads\/2022\/05\/blu-moxi-b-rt-5.jpg\",\"contentUrl\":\"https:\/\/www.laboratoires-unisson.com\/wp-content\/uploads\/2022\/05\/blu-moxi-b-rt-5.jpg\",\"width\":450,\"height\":500},{\"@type\":\"BreadcrumbList\",\"@id\":\"https:\/\/www.laboratoires-unisson.com\/fr-be\/produit\/appareils-auditifs\/unitron\/blu-moxi-b-rt-5#breadcrumb\",\"itemListElement\":[{\"@type\":\"ListItem\",\"position\":1,\"name\":\"Shop\",\"item\":\"https:\/\/www.laboratoires-unisson.com\/fr-be\/shop\"},{\"@type\":\"ListItem\",\"position\":2,\"name\":\"Blu Moxi B RT 5\"}]},{\"@type\":\"WebSite\",\"@id\":\"https:\/\/www.laboratoires-unisson.com\/fr-be#website\",\"url\":\"https:\/\/www.laboratoires-unisson.com\/fr-be\",\"name\":\"Laboratoires Unisson\",\"description\":\"Appareil auditif et proth\u00e8se auditive Moins Cher jusqu&#039;\u00e0 -40%\",\"publisher\":{\"@id\":\"https:\/\/www.laboratoires-unisson.com\/fr-be#organization\"},\"potentialAction\":[{\"@type\":\"SearchAction\",\"target\":{\"@type\":\"EntryPoint\",\"urlTemplate\":\"https:\/\/www.laboratoires-unisson.com\/fr-be?s={search_term_string}\"},\"query-input\":{\"@type\":\"PropertyValueSpecification\",\"valueRequired\":true,\"valueName\":\"search_term_string\"}}],\"inLanguage\":\"fr-BE\"},{\"@type\":\"Organization\",\"@id\":\"https:\/\/www.laboratoires-unisson.com\/fr-be#organization\",\"name\":\"Laboratoires Unisson\",\"url\":\"https:\/\/www.laboratoires-unisson.com\/fr-be\",\"logo\":{\"@type\":\"ImageObject\",\"inLanguage\":\"fr-BE\",\"@id\":\"https:\/\/www.laboratoires-unisson.com\/fr-be#\/schema\/logo\/image\/\",\"url\":\"https:\/\/www.laboratoires-unisson.com\/wp-content\/uploads\/2022\/01\/logo-unisson.svg\",\"contentUrl\":\"https:\/\/www.laboratoires-unisson.com\/wp-content\/uploads\/2022\/01\/logo-unisson.svg\",\"width\":1,\"height\":1,\"caption\":\"Laboratoires Unisson\"},\"image\":{\"@id\":\"https:\/\/www.laboratoires-unisson.com\/fr-be#\/schema\/logo\/image\/\"}}]}<\/script>\n<!-- \/ Yoast SEO plugin. -->","yoast_head_json":{"title":"Appareil auditif Unitron Blu Moxi B RT 5 \u00e0 1650\u20ac - Unisson Belgique","description":"L'aide auditive Blu Moxi B RT 5 est un appareil auditif d'entr\u00e9e de gamme en micro contour d'oreille \u00e0 \u00e9couteur d\u00e9port\u00e9 RIC rechargeable et connect\u00e9. Elle","robots":{"index":"index","follow":"follow","max-snippet":"max-snippet:-1","max-image-preview":"max-image-preview:large","max-video-preview":"max-video-preview:-1"},"canonical":"https:\/\/www.laboratoires-unisson.com\/fr-be\/wp-json\/wp\/v2\/product\/22938","og_locale":"fr_FR","og_type":"article","og_title":"Blu Moxi B RT 5 - Laboratoires Unisson","og_description":"L'aide auditive Blu Moxi B RT 5 est un appareil auditif d'entr\u00e9e de gamme en micro contour d'oreille \u00e0 \u00e9couteur d\u00e9port\u00e9 RIC rechargeable et connect\u00e9. Elle","og_url":"https:\/\/www.laboratoires-unisson.com\/fr-be\/produit\/appareils-auditifs\/unitron\/blu-moxi-b-rt-5","og_site_name":"Laboratoires Unisson","article_modified_time":"2025-12-03T09:07:31+00:00","og_image":[{"width":450,"height":500,"url":"https:\/\/www.laboratoires-unisson.com\/wp-content\/uploads\/2022\/05\/blu-moxi-b-rt-5.jpg","type":"image\/jpeg"}],"twitter_card":"summary_large_image","twitter_misc":{"Est. reading time":"2 minutes"},"schema":{"@context":"https:\/\/schema.org","@graph":[{"@type":"WebPage","@id":"https:\/\/www.laboratoires-unisson.com\/fr-be\/produit\/appareils-auditifs\/unitron\/blu-moxi-b-rt-5","url":"https:\/\/www.laboratoires-unisson.com\/fr-be\/produit\/appareils-auditifs\/unitron\/blu-moxi-b-rt-5","name":"Blu Moxi B RT 5 - Laboratoires Unisson","isPartOf":{"@id":"https:\/\/www.laboratoires-unisson.com\/fr-be#website"},"primaryImageOfPage":{"@id":"https:\/\/www.laboratoires-unisson.com\/fr-be\/produit\/appareils-auditifs\/unitron\/blu-moxi-b-rt-5#primaryimage"},"image":{"@id":"https:\/\/www.laboratoires-unisson.com\/fr-be\/produit\/appareils-auditifs\/unitron\/blu-moxi-b-rt-5#primaryimage"},"thumbnailUrl":"https:\/\/www.laboratoires-unisson.com\/wp-content\/uploads\/2022\/05\/blu-moxi-b-rt-5.jpg","datePublished":"2022-05-02T13:11:57+00:00","dateModified":"2025-12-03T09:07:31+00:00","description":"L'aide auditive Blu Moxi B RT 5 est un appareil auditif d'entr\u00e9e de gamme en micro contour d'oreille \u00e0 \u00e9couteur d\u00e9port\u00e9 RIC rechargeable et connect\u00e9. Elle","breadcrumb":{"@id":"https:\/\/www.laboratoires-unisson.com\/fr-be\/produit\/appareils-auditifs\/unitron\/blu-moxi-b-rt-5#breadcrumb"},"inLanguage":"fr-BE","potentialAction":[{"@type":"ReadAction","target":["https:\/\/www.laboratoires-unisson.com\/fr-be\/produit\/appareils-auditifs\/unitron\/blu-moxi-b-rt-5"]}]},{"@type":"ImageObject","inLanguage":"fr-BE","@id":"https:\/\/www.laboratoires-unisson.com\/fr-be\/produit\/appareils-auditifs\/unitron\/blu-moxi-b-rt-5#primaryimage","url":"https:\/\/www.laboratoires-unisson.com\/wp-content\/uploads\/2022\/05\/blu-moxi-b-rt-5.jpg","contentUrl":"https:\/\/www.laboratoires-unisson.com\/wp-content\/uploads\/2022\/05\/blu-moxi-b-rt-5.jpg","width":450,"height":500},{"@type":"BreadcrumbList","@id":"https:\/\/www.laboratoires-unisson.com\/fr-be\/produit\/appareils-auditifs\/unitron\/blu-moxi-b-rt-5#breadcrumb","itemListElement":[{"@type":"ListItem","position":1,"name":"Shop","item":"https:\/\/www.laboratoires-unisson.com\/fr-be\/shop"},{"@type":"ListItem","position":2,"name":"Blu Moxi B RT 5"}]},{"@type":"WebSite","@id":"https:\/\/www.laboratoires-unisson.com\/fr-be#website","url":"https:\/\/www.laboratoires-unisson.com\/fr-be","name":"Laboratoires Unisson","description":"Appareil auditif et proth\u00e8se auditive Moins Cher jusqu&#039;\u00e0 -40%","publisher":{"@id":"https:\/\/www.laboratoires-unisson.com\/fr-be#organization"},"potentialAction":[{"@type":"SearchAction","target":{"@type":"EntryPoint","urlTemplate":"https:\/\/www.laboratoires-unisson.com\/fr-be?s={search_term_string}"},"query-input":{"@type":"PropertyValueSpecification","valueRequired":true,"valueName":"search_term_string"}}],"inLanguage":"fr-BE"},{"@type":"Organization","@id":"https:\/\/www.laboratoires-unisson.com\/fr-be#organization","name":"Laboratoires Unisson","url":"https:\/\/www.laboratoires-unisson.com\/fr-be","logo":{"@type":"ImageObject","inLanguage":"fr-BE","@id":"https:\/\/www.laboratoires-unisson.com\/fr-be#\/schema\/logo\/image\/","url":"https:\/\/www.laboratoires-unisson.com\/wp-content\/uploads\/2022\/01\/logo-unisson.svg","contentUrl":"https:\/\/www.laboratoires-unisson.com\/wp-content\/uploads\/2022\/01\/logo-unisson.svg","width":1,"height":1,"caption":"Laboratoires Unisson"},"image":{"@id":"https:\/\/www.laboratoires-unisson.com\/fr-be#\/schema\/logo\/image\/"}}]}},"_links":{"self":[{"href":"https:\/\/www.laboratoires-unisson.com\/fr-be\/wp-json\/wp\/v2\/product\/22938","targetHints":{"allow":["GET"]}}],"collection":[{"href":"https:\/\/www.laboratoires-unisson.com\/fr-be\/wp-json\/wp\/v2\/product"}],"about":[{"href":"https:\/\/www.laboratoires-unisson.com\/fr-be\/wp-json\/wp\/v2\/types\/product"}],"wp:featuredmedia":[{"embeddable":true,"href":"https:\/\/www.laboratoires-unisson.com\/fr-be\/wp-json\/wp\/v2\/media\/19308"}],"wp:attachment":[{"href":"https:\/\/www.laboratoires-unisson.com\/fr-be\/wp-json\/wp\/v2\/media?parent=22938"}],"wp:term":[{"taxonomy":"product_brand","embeddable":true,"href":"https:\/\/www.laboratoires-unisson.com\/fr-be\/wp-json\/wp\/v2\/product_brand?post=22938"},{"taxonomy":"product_cat","embeddable":true,"href":"https:\/\/www.laboratoires-unisson.com\/fr-be\/wp-json\/wp\/v2\/product_cat?post=22938"},{"taxonomy":"product_tag","embeddable":true,"href":"https:\/\/www.laboratoires-unisson.com\/fr-be\/wp-json\/wp\/v2\/product_tag?post=22938"}],"curies":[{"name":"wp","href":"https:\/\/api.w.org\/{rel}","templated":true}]}}