{"id":22943,"date":"2022-05-02T15:15:54","date_gmt":"2022-05-02T13:15:54","guid":{"rendered":"https:\/\/www.laboratoires-unisson.com\/produit\/blu-moxi-b9-312"},"modified":"2025-12-03T10:07:37","modified_gmt":"2025-12-03T09:07:37","slug":"blu-moxi-b9-312","status":"publish","type":"product","link":"https:\/\/www.laboratoires-unisson.com\/fr-be\/produit\/appareils-auditifs\/unitron\/blu-moxi-b9-312","title":{"rendered":"Blu Moxi B9 312"},"content":{"rendered":"<p>L&#8217;appareil auditif Unitron Blu Moxi B9 312 est un<strong> mod\u00e8le haut de gamme de forme RIC<\/strong>, micro contour d&#8217;oreille. Il est adapt\u00e9 pour des pertes auditives l\u00e9g\u00e8res \u00e0 s\u00e9v\u00e8res.<\/p>\n<h3>Les innovations de la gamme Blu d&#8217;Unitron<\/h3>\n<p>Les appareils auditifs\u00a0Blu sont issus de la <strong>nouvelle puce Sonova PRISM<\/strong>. Unitron a mis la performance sonore au c\u0153ur de ses priorit\u00e9s. La gamme Blu int\u00e8gre une puissante communication binaurale et une optimisation sonore automatique gr\u00e2ce \u00e0 la nouvelle puce Sonova PRISM<strong>\u2122<\/strong> :<\/p>\n<ul>\n<li>Autofocus 360 : 4 microphones d\u00e9terminent la provenance de la parole et ajuste dynamiquement l&#8217;amplification dans chaque oreille<\/li>\n<li>R\u00e9ducteur dynamique de bruit<\/li>\n<li>Soft Speech Lift : les voix m\u00eame les plus douces sont plus claires<\/li>\n<\/ul>\n<h3>Les caract\u00e9ristiques du mod\u00e8le Blu Moxi B9 312<\/h3>\n<p>Il poss\u00e8de 20 canaux de r\u00e9glages, un bouton poussoir, une connexion Bluetooth universelle et une certification IP68.<\/p>\n<p>C&#8217;est un appareil fonctionnant avec une pile auditive 312.<\/p>\n<h3>Blu Moxi B, une gamme ultra connect\u00e9e<\/h3>\n<p>L&#8217;appareil Unitron Blu Moxi B9 312 est \u00e9quip\u00e9 d&#8217;une <strong>connexion Bluetooth universelle<\/strong>. Que vous soyez sur iPhone ou Android, vous pourrez diffuser vos contenus audio, multim\u00e9dia et appels t\u00e9l\u00e9phoniques directement dans vos aides auditives Blu.<\/p>\n<p>Vous pourrez \u00e9galement faire l&#8217;acquisition d&#8217;<strong>accessoires sans fil<\/strong> pour enrichir votre exp\u00e9rience auditive : TV Connector, Remote Control, PartnerMic etc&#8230;<\/p>\n<p>De plus, gr\u00e2ce \u00e0 la l&#8217;<strong>application mobile Remote Plus<\/strong>, obtenez une personnalisation en temps r\u00e9el : boosters automatiques temporaires de programmes, r\u00e9glages \u00e0 distance avec votre audioproth\u00e9sistes, nouveaux programmes, options pour la musique etc&#8230;<\/p>\n<h4>Les fonctionnalit\u00e9s de l&#8217;aide auditive Blu Moxi B9 312<\/h4>\n<ul>\n<li>7 environnements d&#8217;\u00e9coute<\/li>\n<li>Integra OS<\/li>\n<li>AutoFocus 360<\/li>\n<li>Spatial Awareness<\/li>\n<li>MyMusic<\/li>\n<li>Gestionnaire d&#8217;adaptation automatique<\/li>\n<li>Directivit\u00e9 adaptative multibande<\/li>\n<li>Compression fr\u00e9quentielle 2<\/li>\n<li>AntiShock 2<\/li>\n<li>T\u00e9l\u00e9phone Binaural<\/li>\n<li>Anti Larsen<\/li>\n<li>Gestion du vent<\/li>\n<li>Am\u00e9lioration de la parole<\/li>\n<li>R\u00e9duction du bruit<\/li>\n<li>DuoLink<\/li>\n<li>Masqueur d&#8217;acouph\u00e8nes<\/li>\n<li>20 canaux de r\u00e9glages<\/li>\n<li>Bouton poussoir<\/li>\n<li>Bluetooth<\/li>\n<li>IP 68<\/li>\n<li>Pile auditive 312<\/li>\n<\/ul>\n","protected":false},"excerpt":{"rendered":"<p>L&#8217;appareil auditif Unitron Blu Moxi B9 312 est un mod\u00e8le haut de gamme de forme RIC, micro contour d&#8217;oreille. Il est adapt\u00e9 pour des pertes auditives l\u00e9g\u00e8res \u00e0 s\u00e9v\u00e8res. Les innovations de la gamme Blu d&#8217;Unitron Les appareils auditifs\u00a0Blu sont issus de la nouvelle puce Sonova PRISM. Unitron a mis la performance sonore au c\u0153ur [&hellip;]<\/p>\n","protected":false},"featured_media":20814,"template":"","meta":{"_acf_changed":false},"product_brand":[],"product_cat":[2890],"product_tag":[],"class_list":{"0":"post-22943","1":"product","2":"type-product","3":"status-publish","4":"has-post-thumbnail","6":"product_cat-unitron-fr-be","8":"first","9":"instock","10":"taxable","11":"shipping-taxable","12":"purchasable","13":"product-type-simple"},"acf":[],"yoast_head":"<!-- This site is optimized with the Yoast SEO plugin v27.1.1 - https:\/\/yoast.com\/product\/yoast-seo-wordpress\/ -->\n<title>Appareil auditif Unitron Blu Moxi B9 312 \u00e0 2100\u20ac - Unisson Belgique<\/title>\n<meta name=\"description\" content=\"Comment am\u00e9liorer votre audition avec Unitron Blu Moxi B9 312 ? D\u00e9couvrez cet appareil performant pour une exp\u00e9rience optimale. Cliquez pour en savoir plus.\" \/>\n<meta name=\"robots\" content=\"index, follow, max-snippet:-1, max-image-preview:large, max-video-preview:-1\" \/>\n<link rel=\"canonical\" href=\"https:\/\/www.laboratoires-unisson.com\/fr-be\/wp-json\/wp\/v2\/product\/22943\" \/>\n<meta property=\"og:locale\" content=\"fr_FR\" \/>\n<meta property=\"og:type\" content=\"article\" \/>\n<meta property=\"og:title\" content=\"Blu Moxi B9 312 - Laboratoires Unisson\" \/>\n<meta property=\"og:description\" content=\"Comment am\u00e9liorer votre audition avec Unitron Blu Moxi B9 312 ? D\u00e9couvrez cet appareil performant pour une exp\u00e9rience optimale. Cliquez pour en savoir plus.\" \/>\n<meta property=\"og:url\" content=\"https:\/\/www.laboratoires-unisson.com\/fr-be\/produit\/appareils-auditifs\/unitron\/blu-moxi-b9-312\" \/>\n<meta property=\"og:site_name\" content=\"Laboratoires Unisson\" \/>\n<meta property=\"article:modified_time\" content=\"2025-12-03T09:07:37+00:00\" \/>\n<meta property=\"og:image\" content=\"https:\/\/www.laboratoires-unisson.com\/wp-content\/uploads\/2022\/05\/Unitron-Blu-Moxi-B9-312.png\" \/>\n\t<meta property=\"og:image:width\" content=\"450\" \/>\n\t<meta property=\"og:image:height\" content=\"500\" \/>\n\t<meta property=\"og:image:type\" content=\"image\/png\" \/>\n<meta name=\"twitter:card\" content=\"summary_large_image\" \/>\n<meta name=\"twitter:label1\" content=\"Est. reading time\" \/>\n\t<meta name=\"twitter:data1\" content=\"2 minutes\" \/>\n<script type=\"application\/ld+json\" class=\"yoast-schema-graph\">{\"@context\":\"https:\/\/schema.org\",\"@graph\":[{\"@type\":\"WebPage\",\"@id\":\"https:\/\/www.laboratoires-unisson.com\/fr-be\/produit\/appareils-auditifs\/unitron\/blu-moxi-b9-312\",\"url\":\"https:\/\/www.laboratoires-unisson.com\/fr-be\/produit\/appareils-auditifs\/unitron\/blu-moxi-b9-312\",\"name\":\"Blu Moxi B9 312 - Laboratoires Unisson\",\"isPartOf\":{\"@id\":\"https:\/\/www.laboratoires-unisson.com\/fr-be#website\"},\"primaryImageOfPage\":{\"@id\":\"https:\/\/www.laboratoires-unisson.com\/fr-be\/produit\/appareils-auditifs\/unitron\/blu-moxi-b9-312#primaryimage\"},\"image\":{\"@id\":\"https:\/\/www.laboratoires-unisson.com\/fr-be\/produit\/appareils-auditifs\/unitron\/blu-moxi-b9-312#primaryimage\"},\"thumbnailUrl\":\"https:\/\/www.laboratoires-unisson.com\/wp-content\/uploads\/2022\/05\/Unitron-Blu-Moxi-B9-312.png\",\"datePublished\":\"2022-05-02T13:15:54+00:00\",\"dateModified\":\"2025-12-03T09:07:37+00:00\",\"description\":\"Comment am\u00e9liorer votre audition avec Unitron Blu Moxi B9 312 ? D\u00e9couvrez cet appareil performant pour une exp\u00e9rience optimale. Cliquez pour en savoir plus.\",\"breadcrumb\":{\"@id\":\"https:\/\/www.laboratoires-unisson.com\/fr-be\/produit\/appareils-auditifs\/unitron\/blu-moxi-b9-312#breadcrumb\"},\"inLanguage\":\"fr-BE\",\"potentialAction\":[{\"@type\":\"ReadAction\",\"target\":[\"https:\/\/www.laboratoires-unisson.com\/fr-be\/produit\/appareils-auditifs\/unitron\/blu-moxi-b9-312\"]}]},{\"@type\":\"ImageObject\",\"inLanguage\":\"fr-BE\",\"@id\":\"https:\/\/www.laboratoires-unisson.com\/fr-be\/produit\/appareils-auditifs\/unitron\/blu-moxi-b9-312#primaryimage\",\"url\":\"https:\/\/www.laboratoires-unisson.com\/wp-content\/uploads\/2022\/05\/Unitron-Blu-Moxi-B9-312.png\",\"contentUrl\":\"https:\/\/www.laboratoires-unisson.com\/wp-content\/uploads\/2022\/05\/Unitron-Blu-Moxi-B9-312.png\",\"width\":450,\"height\":500},{\"@type\":\"BreadcrumbList\",\"@id\":\"https:\/\/www.laboratoires-unisson.com\/fr-be\/produit\/appareils-auditifs\/unitron\/blu-moxi-b9-312#breadcrumb\",\"itemListElement\":[{\"@type\":\"ListItem\",\"position\":1,\"name\":\"Shop\",\"item\":\"https:\/\/www.laboratoires-unisson.com\/fr-be\/shop\"},{\"@type\":\"ListItem\",\"position\":2,\"name\":\"Blu Moxi B9 312\"}]},{\"@type\":\"WebSite\",\"@id\":\"https:\/\/www.laboratoires-unisson.com\/fr-be#website\",\"url\":\"https:\/\/www.laboratoires-unisson.com\/fr-be\",\"name\":\"Laboratoires Unisson\",\"description\":\"Appareil auditif et proth\u00e8se auditive Moins Cher jusqu&#039;\u00e0 -40%\",\"publisher\":{\"@id\":\"https:\/\/www.laboratoires-unisson.com\/fr-be#organization\"},\"potentialAction\":[{\"@type\":\"SearchAction\",\"target\":{\"@type\":\"EntryPoint\",\"urlTemplate\":\"https:\/\/www.laboratoires-unisson.com\/fr-be?s={search_term_string}\"},\"query-input\":{\"@type\":\"PropertyValueSpecification\",\"valueRequired\":true,\"valueName\":\"search_term_string\"}}],\"inLanguage\":\"fr-BE\"},{\"@type\":\"Organization\",\"@id\":\"https:\/\/www.laboratoires-unisson.com\/fr-be#organization\",\"name\":\"Laboratoires Unisson\",\"url\":\"https:\/\/www.laboratoires-unisson.com\/fr-be\",\"logo\":{\"@type\":\"ImageObject\",\"inLanguage\":\"fr-BE\",\"@id\":\"https:\/\/www.laboratoires-unisson.com\/fr-be#\/schema\/logo\/image\/\",\"url\":\"https:\/\/www.laboratoires-unisson.com\/wp-content\/uploads\/2022\/01\/logo-unisson.svg\",\"contentUrl\":\"https:\/\/www.laboratoires-unisson.com\/wp-content\/uploads\/2022\/01\/logo-unisson.svg\",\"width\":1,\"height\":1,\"caption\":\"Laboratoires Unisson\"},\"image\":{\"@id\":\"https:\/\/www.laboratoires-unisson.com\/fr-be#\/schema\/logo\/image\/\"}}]}<\/script>\n<!-- \/ Yoast SEO plugin. -->","yoast_head_json":{"title":"Appareil auditif Unitron Blu Moxi B9 312 \u00e0 2100\u20ac - Unisson Belgique","description":"Comment am\u00e9liorer votre audition avec Unitron Blu Moxi B9 312 ? D\u00e9couvrez cet appareil performant pour une exp\u00e9rience optimale. Cliquez pour en savoir plus.","robots":{"index":"index","follow":"follow","max-snippet":"max-snippet:-1","max-image-preview":"max-image-preview:large","max-video-preview":"max-video-preview:-1"},"canonical":"https:\/\/www.laboratoires-unisson.com\/fr-be\/wp-json\/wp\/v2\/product\/22943","og_locale":"fr_FR","og_type":"article","og_title":"Blu Moxi B9 312 - Laboratoires Unisson","og_description":"Comment am\u00e9liorer votre audition avec Unitron Blu Moxi B9 312 ? D\u00e9couvrez cet appareil performant pour une exp\u00e9rience optimale. Cliquez pour en savoir plus.","og_url":"https:\/\/www.laboratoires-unisson.com\/fr-be\/produit\/appareils-auditifs\/unitron\/blu-moxi-b9-312","og_site_name":"Laboratoires Unisson","article_modified_time":"2025-12-03T09:07:37+00:00","og_image":[{"width":450,"height":500,"url":"https:\/\/www.laboratoires-unisson.com\/wp-content\/uploads\/2022\/05\/Unitron-Blu-Moxi-B9-312.png","type":"image\/png"}],"twitter_card":"summary_large_image","twitter_misc":{"Est. reading time":"2 minutes"},"schema":{"@context":"https:\/\/schema.org","@graph":[{"@type":"WebPage","@id":"https:\/\/www.laboratoires-unisson.com\/fr-be\/produit\/appareils-auditifs\/unitron\/blu-moxi-b9-312","url":"https:\/\/www.laboratoires-unisson.com\/fr-be\/produit\/appareils-auditifs\/unitron\/blu-moxi-b9-312","name":"Blu Moxi B9 312 - Laboratoires Unisson","isPartOf":{"@id":"https:\/\/www.laboratoires-unisson.com\/fr-be#website"},"primaryImageOfPage":{"@id":"https:\/\/www.laboratoires-unisson.com\/fr-be\/produit\/appareils-auditifs\/unitron\/blu-moxi-b9-312#primaryimage"},"image":{"@id":"https:\/\/www.laboratoires-unisson.com\/fr-be\/produit\/appareils-auditifs\/unitron\/blu-moxi-b9-312#primaryimage"},"thumbnailUrl":"https:\/\/www.laboratoires-unisson.com\/wp-content\/uploads\/2022\/05\/Unitron-Blu-Moxi-B9-312.png","datePublished":"2022-05-02T13:15:54+00:00","dateModified":"2025-12-03T09:07:37+00:00","description":"Comment am\u00e9liorer votre audition avec Unitron Blu Moxi B9 312 ? D\u00e9couvrez cet appareil performant pour une exp\u00e9rience optimale. Cliquez pour en savoir plus.","breadcrumb":{"@id":"https:\/\/www.laboratoires-unisson.com\/fr-be\/produit\/appareils-auditifs\/unitron\/blu-moxi-b9-312#breadcrumb"},"inLanguage":"fr-BE","potentialAction":[{"@type":"ReadAction","target":["https:\/\/www.laboratoires-unisson.com\/fr-be\/produit\/appareils-auditifs\/unitron\/blu-moxi-b9-312"]}]},{"@type":"ImageObject","inLanguage":"fr-BE","@id":"https:\/\/www.laboratoires-unisson.com\/fr-be\/produit\/appareils-auditifs\/unitron\/blu-moxi-b9-312#primaryimage","url":"https:\/\/www.laboratoires-unisson.com\/wp-content\/uploads\/2022\/05\/Unitron-Blu-Moxi-B9-312.png","contentUrl":"https:\/\/www.laboratoires-unisson.com\/wp-content\/uploads\/2022\/05\/Unitron-Blu-Moxi-B9-312.png","width":450,"height":500},{"@type":"BreadcrumbList","@id":"https:\/\/www.laboratoires-unisson.com\/fr-be\/produit\/appareils-auditifs\/unitron\/blu-moxi-b9-312#breadcrumb","itemListElement":[{"@type":"ListItem","position":1,"name":"Shop","item":"https:\/\/www.laboratoires-unisson.com\/fr-be\/shop"},{"@type":"ListItem","position":2,"name":"Blu Moxi B9 312"}]},{"@type":"WebSite","@id":"https:\/\/www.laboratoires-unisson.com\/fr-be#website","url":"https:\/\/www.laboratoires-unisson.com\/fr-be","name":"Laboratoires Unisson","description":"Appareil auditif et proth\u00e8se auditive Moins Cher jusqu&#039;\u00e0 -40%","publisher":{"@id":"https:\/\/www.laboratoires-unisson.com\/fr-be#organization"},"potentialAction":[{"@type":"SearchAction","target":{"@type":"EntryPoint","urlTemplate":"https:\/\/www.laboratoires-unisson.com\/fr-be?s={search_term_string}"},"query-input":{"@type":"PropertyValueSpecification","valueRequired":true,"valueName":"search_term_string"}}],"inLanguage":"fr-BE"},{"@type":"Organization","@id":"https:\/\/www.laboratoires-unisson.com\/fr-be#organization","name":"Laboratoires Unisson","url":"https:\/\/www.laboratoires-unisson.com\/fr-be","logo":{"@type":"ImageObject","inLanguage":"fr-BE","@id":"https:\/\/www.laboratoires-unisson.com\/fr-be#\/schema\/logo\/image\/","url":"https:\/\/www.laboratoires-unisson.com\/wp-content\/uploads\/2022\/01\/logo-unisson.svg","contentUrl":"https:\/\/www.laboratoires-unisson.com\/wp-content\/uploads\/2022\/01\/logo-unisson.svg","width":1,"height":1,"caption":"Laboratoires Unisson"},"image":{"@id":"https:\/\/www.laboratoires-unisson.com\/fr-be#\/schema\/logo\/image\/"}}]}},"_links":{"self":[{"href":"https:\/\/www.laboratoires-unisson.com\/fr-be\/wp-json\/wp\/v2\/product\/22943","targetHints":{"allow":["GET"]}}],"collection":[{"href":"https:\/\/www.laboratoires-unisson.com\/fr-be\/wp-json\/wp\/v2\/product"}],"about":[{"href":"https:\/\/www.laboratoires-unisson.com\/fr-be\/wp-json\/wp\/v2\/types\/product"}],"wp:featuredmedia":[{"embeddable":true,"href":"https:\/\/www.laboratoires-unisson.com\/fr-be\/wp-json\/wp\/v2\/media\/20814"}],"wp:attachment":[{"href":"https:\/\/www.laboratoires-unisson.com\/fr-be\/wp-json\/wp\/v2\/media?parent=22943"}],"wp:term":[{"taxonomy":"product_brand","embeddable":true,"href":"https:\/\/www.laboratoires-unisson.com\/fr-be\/wp-json\/wp\/v2\/product_brand?post=22943"},{"taxonomy":"product_cat","embeddable":true,"href":"https:\/\/www.laboratoires-unisson.com\/fr-be\/wp-json\/wp\/v2\/product_cat?post=22943"},{"taxonomy":"product_tag","embeddable":true,"href":"https:\/\/www.laboratoires-unisson.com\/fr-be\/wp-json\/wp\/v2\/product_tag?post=22943"}],"curies":[{"name":"wp","href":"https:\/\/api.w.org\/{rel}","templated":true}]}}