{"id":24014,"date":"2022-05-02T15:17:26","date_gmt":"2022-05-02T13:17:26","guid":{"rendered":"https:\/\/www.laboratoires-unisson.com\/produit\/enjoy-220-fashion-power-bte-312"},"modified":"2025-12-17T16:13:13","modified_gmt":"2025-12-17T15:13:13","slug":"enjoy-220-fashion-power-bte-312","status":"publish","type":"product","link":"https:\/\/www.laboratoires-unisson.com\/fr-be\/produit\/appareils-auditifs\/widex\/enjoy-220-fashion-power-bte-312","title":{"rendered":"Enjoy 2 &#8211; 220 Fashion power BTE 312"},"content":{"rendered":"<p>L&#8217;aide auditive Widex Enjoy 220 Fashion Power est un appareil en <strong>contour d&#8217;oreille BTE<\/strong>. Widex Enjoy\u2122 est la derni\u00e8re gamme d&#8217;aides auditives de derni\u00e8re g\u00e9n\u00e9ration de Widex, intelligente et capable de s&#8217;adapter automatiquement \u00e0 votre environnement gr\u00e2ce \u00e0 ses 4 classes sonores.<\/p>\n<p>Il poss\u00e8de 10 canaux de r\u00e9glages, une bobine \u00e0 induction, un bouton de programmation et fonctionne avec des piles auditives 13 <em>(autonomie moyenne de 150h)<\/em>.<\/p>\n<p>L&#8217;appareil auditif Widex Enjoy 220 Fashion Power est <strong>compatible avec l&#8217;ensemble des accessoires DEX<\/strong> de Widex :<\/p>\n<ul>\n<li><strong>M-Dex<\/strong> : accessoire sans fil qui vous permet de recevoir vos appels t\u00e9l\u00e9phoniques directement dans vos aides auditives Enjoy 220<\/li>\n<li><strong>TV-Dex<\/strong> : il s&#8217;agit d&#8217;un boitier fonctionnant comme un casque TV. Vous pourrez par exemple entendre votre t\u00e9l\u00e9vision directement dans vos appareils auditifs<\/li>\n<li><strong>RC-Dex<\/strong> : t\u00e9l\u00e9commande vous permettant de contr\u00f4ler vos aides Enjoy 220 en toute discr\u00e9tion<\/li>\n<\/ul>\n<p>Les appareils auditifs Widex Enjoy 220 Fashion Power sont compatibles avec l&#8217;<strong>application mobile ToneLink\u2122<\/strong> vous permettant de piloter vos aides auditives directement depuis votre smartphone iOS (iPhone) ou Android et disposent ainsi d&#8217;un <strong>syst\u00e8me de r\u00e9glages \u00e0 distance<\/strong>.<\/p>\n<h4>Les fonctionnalit\u00e9s de l&#8217;aide auditive Widex Enjoy 220 Fashion Power<\/h4>\n<ul>\n<li>3 programmes<\/li>\n<li>Directionnalit\u00e9 des micros<\/li>\n<li>Locator HD<\/li>\n<li>R\u00e9ducteur de bruits (confort)<\/li>\n<li>R\u00e9ducteur de bruits faibles<\/li>\n<li>R\u00e9ducteur de bruits impulsionnels<\/li>\n<li>Smartspeack<\/li>\n<li>4 classes sonores<\/li>\n<li>Transposition Fr\u00e9quentielle<\/li>\n<li>Bouton de contr\u00f4le pr\u00e9f\u00e9rence &amp; Bouton de programmation<\/li>\n<li>Pile Auditive 13<\/li>\n<li>Data Logging<\/li>\n<li>Application mobile ToneLink<\/li>\n<\/ul>\n","protected":false},"excerpt":{"rendered":"<p>L&#8217;aide auditive Widex Enjoy 220 Fashion Power est un appareil en contour d&#8217;oreille BTE. Widex Enjoy\u2122 est la derni\u00e8re gamme d&#8217;aides auditives de derni\u00e8re g\u00e9n\u00e9ration de Widex, intelligente et capable de s&#8217;adapter automatiquement \u00e0 votre environnement gr\u00e2ce \u00e0 ses 4 classes sonores. Il poss\u00e8de 10 canaux de r\u00e9glages, une bobine \u00e0 induction, un bouton de [&hellip;]<\/p>\n","protected":false},"featured_media":19332,"template":"","meta":{"_acf_changed":false},"product_brand":[],"product_cat":[2729],"product_tag":[],"class_list":{"0":"post-24014","1":"product","2":"type-product","3":"status-publish","4":"has-post-thumbnail","6":"product_cat-widex-fr-be","8":"first","9":"instock","10":"taxable","11":"shipping-taxable","12":"purchasable","13":"product-type-simple"},"acf":[],"yoast_head":"<!-- This site is optimized with the Yoast SEO plugin v27.1.1 - https:\/\/yoast.com\/product\/yoast-seo-wordpress\/ -->\n<title>Appareil auditif Widex Enjoy 2 - 220 Fashion power BTE 312 \u00e0 890\u20ac - Unisson Belgique<\/title>\n<meta name=\"description\" content=\"L&#039;aide auditive Widex Enjoy 220 Fashion Power est un appareil en contour d&#039;oreille BTE. Widex Enjoy\u2122 est la derni\u00e8re gamme d&#039;aides auditives de derni\u00e8re\" \/>\n<meta name=\"robots\" content=\"index, follow, max-snippet:-1, max-image-preview:large, max-video-preview:-1\" \/>\n<link rel=\"canonical\" href=\"https:\/\/www.laboratoires-unisson.com\/fr-be\/wp-json\/wp\/v2\/product\/24014\" \/>\n<meta property=\"og:locale\" content=\"fr_FR\" \/>\n<meta property=\"og:type\" content=\"article\" \/>\n<meta property=\"og:title\" content=\"Enjoy 2 - 220 Fashion power BTE 312 - Laboratoires Unisson\" \/>\n<meta property=\"og:description\" content=\"L&#039;aide auditive Widex Enjoy 220 Fashion Power est un appareil en contour d&#039;oreille BTE. Widex Enjoy\u2122 est la derni\u00e8re gamme d&#039;aides auditives de derni\u00e8re\" \/>\n<meta property=\"og:url\" content=\"https:\/\/www.laboratoires-unisson.com\/fr-be\/produit\/appareils-auditifs\/widex\/enjoy-220-fashion-power-bte-312\" \/>\n<meta property=\"og:site_name\" content=\"Laboratoires Unisson\" \/>\n<meta property=\"article:modified_time\" content=\"2025-12-17T15:13:13+00:00\" \/>\n<meta property=\"og:image\" content=\"https:\/\/www.laboratoires-unisson.com\/wp-content\/uploads\/2022\/05\/enjoy-220-fashion-power-bte-312.png\" \/>\n\t<meta property=\"og:image:width\" content=\"600\" \/>\n\t<meta property=\"og:image:height\" content=\"600\" \/>\n\t<meta property=\"og:image:type\" content=\"image\/png\" \/>\n<meta name=\"twitter:card\" content=\"summary_large_image\" \/>\n<meta name=\"twitter:label1\" content=\"Est. reading time\" \/>\n\t<meta name=\"twitter:data1\" content=\"2 minutes\" \/>\n<script type=\"application\/ld+json\" class=\"yoast-schema-graph\">{\"@context\":\"https:\/\/schema.org\",\"@graph\":[{\"@type\":\"WebPage\",\"@id\":\"https:\/\/www.laboratoires-unisson.com\/fr-be\/produit\/appareils-auditifs\/widex\/enjoy-220-fashion-power-bte-312\",\"url\":\"https:\/\/www.laboratoires-unisson.com\/fr-be\/produit\/appareils-auditifs\/widex\/enjoy-220-fashion-power-bte-312\",\"name\":\"Enjoy 2 - 220 Fashion power BTE 312 - Laboratoires Unisson\",\"isPartOf\":{\"@id\":\"https:\/\/www.laboratoires-unisson.com\/fr-be#website\"},\"primaryImageOfPage\":{\"@id\":\"https:\/\/www.laboratoires-unisson.com\/fr-be\/produit\/appareils-auditifs\/widex\/enjoy-220-fashion-power-bte-312#primaryimage\"},\"image\":{\"@id\":\"https:\/\/www.laboratoires-unisson.com\/fr-be\/produit\/appareils-auditifs\/widex\/enjoy-220-fashion-power-bte-312#primaryimage\"},\"thumbnailUrl\":\"https:\/\/www.laboratoires-unisson.com\/wp-content\/uploads\/2022\/05\/enjoy-220-fashion-power-bte-312.png\",\"datePublished\":\"2022-05-02T13:17:26+00:00\",\"dateModified\":\"2025-12-17T15:13:13+00:00\",\"description\":\"L'aide auditive Widex Enjoy 220 Fashion Power est un appareil en contour d'oreille BTE. Widex Enjoy\u2122 est la derni\u00e8re gamme d'aides auditives de derni\u00e8re\",\"breadcrumb\":{\"@id\":\"https:\/\/www.laboratoires-unisson.com\/fr-be\/produit\/appareils-auditifs\/widex\/enjoy-220-fashion-power-bte-312#breadcrumb\"},\"inLanguage\":\"fr-BE\",\"potentialAction\":[{\"@type\":\"ReadAction\",\"target\":[\"https:\/\/www.laboratoires-unisson.com\/fr-be\/produit\/appareils-auditifs\/widex\/enjoy-220-fashion-power-bte-312\"]}]},{\"@type\":\"ImageObject\",\"inLanguage\":\"fr-BE\",\"@id\":\"https:\/\/www.laboratoires-unisson.com\/fr-be\/produit\/appareils-auditifs\/widex\/enjoy-220-fashion-power-bte-312#primaryimage\",\"url\":\"https:\/\/www.laboratoires-unisson.com\/wp-content\/uploads\/2022\/05\/enjoy-220-fashion-power-bte-312.png\",\"contentUrl\":\"https:\/\/www.laboratoires-unisson.com\/wp-content\/uploads\/2022\/05\/enjoy-220-fashion-power-bte-312.png\",\"width\":600,\"height\":600},{\"@type\":\"BreadcrumbList\",\"@id\":\"https:\/\/www.laboratoires-unisson.com\/fr-be\/produit\/appareils-auditifs\/widex\/enjoy-220-fashion-power-bte-312#breadcrumb\",\"itemListElement\":[{\"@type\":\"ListItem\",\"position\":1,\"name\":\"Shop\",\"item\":\"https:\/\/www.laboratoires-unisson.com\/fr-be\/shop\"},{\"@type\":\"ListItem\",\"position\":2,\"name\":\"Enjoy 2 &#8211; 220 Fashion power BTE 312\"}]},{\"@type\":\"WebSite\",\"@id\":\"https:\/\/www.laboratoires-unisson.com\/fr-be#website\",\"url\":\"https:\/\/www.laboratoires-unisson.com\/fr-be\",\"name\":\"Laboratoires Unisson\",\"description\":\"Appareil auditif et proth\u00e8se auditive Moins Cher jusqu&#039;\u00e0 -40%\",\"publisher\":{\"@id\":\"https:\/\/www.laboratoires-unisson.com\/fr-be#organization\"},\"potentialAction\":[{\"@type\":\"SearchAction\",\"target\":{\"@type\":\"EntryPoint\",\"urlTemplate\":\"https:\/\/www.laboratoires-unisson.com\/fr-be?s={search_term_string}\"},\"query-input\":{\"@type\":\"PropertyValueSpecification\",\"valueRequired\":true,\"valueName\":\"search_term_string\"}}],\"inLanguage\":\"fr-BE\"},{\"@type\":\"Organization\",\"@id\":\"https:\/\/www.laboratoires-unisson.com\/fr-be#organization\",\"name\":\"Laboratoires Unisson\",\"url\":\"https:\/\/www.laboratoires-unisson.com\/fr-be\",\"logo\":{\"@type\":\"ImageObject\",\"inLanguage\":\"fr-BE\",\"@id\":\"https:\/\/www.laboratoires-unisson.com\/fr-be#\/schema\/logo\/image\/\",\"url\":\"https:\/\/www.laboratoires-unisson.com\/wp-content\/uploads\/2022\/01\/logo-unisson.svg\",\"contentUrl\":\"https:\/\/www.laboratoires-unisson.com\/wp-content\/uploads\/2022\/01\/logo-unisson.svg\",\"width\":1,\"height\":1,\"caption\":\"Laboratoires Unisson\"},\"image\":{\"@id\":\"https:\/\/www.laboratoires-unisson.com\/fr-be#\/schema\/logo\/image\/\"}}]}<\/script>\n<!-- \/ Yoast SEO plugin. -->","yoast_head_json":{"title":"Appareil auditif Widex Enjoy 2 - 220 Fashion power BTE 312 \u00e0 890\u20ac - Unisson Belgique","description":"L'aide auditive Widex Enjoy 220 Fashion Power est un appareil en contour d'oreille BTE. Widex Enjoy\u2122 est la derni\u00e8re gamme d'aides auditives de derni\u00e8re","robots":{"index":"index","follow":"follow","max-snippet":"max-snippet:-1","max-image-preview":"max-image-preview:large","max-video-preview":"max-video-preview:-1"},"canonical":"https:\/\/www.laboratoires-unisson.com\/fr-be\/wp-json\/wp\/v2\/product\/24014","og_locale":"fr_FR","og_type":"article","og_title":"Enjoy 2 - 220 Fashion power BTE 312 - Laboratoires Unisson","og_description":"L'aide auditive Widex Enjoy 220 Fashion Power est un appareil en contour d'oreille BTE. Widex Enjoy\u2122 est la derni\u00e8re gamme d'aides auditives de derni\u00e8re","og_url":"https:\/\/www.laboratoires-unisson.com\/fr-be\/produit\/appareils-auditifs\/widex\/enjoy-220-fashion-power-bte-312","og_site_name":"Laboratoires Unisson","article_modified_time":"2025-12-17T15:13:13+00:00","og_image":[{"width":600,"height":600,"url":"https:\/\/www.laboratoires-unisson.com\/wp-content\/uploads\/2022\/05\/enjoy-220-fashion-power-bte-312.png","type":"image\/png"}],"twitter_card":"summary_large_image","twitter_misc":{"Est. reading time":"2 minutes"},"schema":{"@context":"https:\/\/schema.org","@graph":[{"@type":"WebPage","@id":"https:\/\/www.laboratoires-unisson.com\/fr-be\/produit\/appareils-auditifs\/widex\/enjoy-220-fashion-power-bte-312","url":"https:\/\/www.laboratoires-unisson.com\/fr-be\/produit\/appareils-auditifs\/widex\/enjoy-220-fashion-power-bte-312","name":"Enjoy 2 - 220 Fashion power BTE 312 - Laboratoires Unisson","isPartOf":{"@id":"https:\/\/www.laboratoires-unisson.com\/fr-be#website"},"primaryImageOfPage":{"@id":"https:\/\/www.laboratoires-unisson.com\/fr-be\/produit\/appareils-auditifs\/widex\/enjoy-220-fashion-power-bte-312#primaryimage"},"image":{"@id":"https:\/\/www.laboratoires-unisson.com\/fr-be\/produit\/appareils-auditifs\/widex\/enjoy-220-fashion-power-bte-312#primaryimage"},"thumbnailUrl":"https:\/\/www.laboratoires-unisson.com\/wp-content\/uploads\/2022\/05\/enjoy-220-fashion-power-bte-312.png","datePublished":"2022-05-02T13:17:26+00:00","dateModified":"2025-12-17T15:13:13+00:00","description":"L'aide auditive Widex Enjoy 220 Fashion Power est un appareil en contour d'oreille BTE. Widex Enjoy\u2122 est la derni\u00e8re gamme d'aides auditives de derni\u00e8re","breadcrumb":{"@id":"https:\/\/www.laboratoires-unisson.com\/fr-be\/produit\/appareils-auditifs\/widex\/enjoy-220-fashion-power-bte-312#breadcrumb"},"inLanguage":"fr-BE","potentialAction":[{"@type":"ReadAction","target":["https:\/\/www.laboratoires-unisson.com\/fr-be\/produit\/appareils-auditifs\/widex\/enjoy-220-fashion-power-bte-312"]}]},{"@type":"ImageObject","inLanguage":"fr-BE","@id":"https:\/\/www.laboratoires-unisson.com\/fr-be\/produit\/appareils-auditifs\/widex\/enjoy-220-fashion-power-bte-312#primaryimage","url":"https:\/\/www.laboratoires-unisson.com\/wp-content\/uploads\/2022\/05\/enjoy-220-fashion-power-bte-312.png","contentUrl":"https:\/\/www.laboratoires-unisson.com\/wp-content\/uploads\/2022\/05\/enjoy-220-fashion-power-bte-312.png","width":600,"height":600},{"@type":"BreadcrumbList","@id":"https:\/\/www.laboratoires-unisson.com\/fr-be\/produit\/appareils-auditifs\/widex\/enjoy-220-fashion-power-bte-312#breadcrumb","itemListElement":[{"@type":"ListItem","position":1,"name":"Shop","item":"https:\/\/www.laboratoires-unisson.com\/fr-be\/shop"},{"@type":"ListItem","position":2,"name":"Enjoy 2 &#8211; 220 Fashion power BTE 312"}]},{"@type":"WebSite","@id":"https:\/\/www.laboratoires-unisson.com\/fr-be#website","url":"https:\/\/www.laboratoires-unisson.com\/fr-be","name":"Laboratoires Unisson","description":"Appareil auditif et proth\u00e8se auditive Moins Cher jusqu&#039;\u00e0 -40%","publisher":{"@id":"https:\/\/www.laboratoires-unisson.com\/fr-be#organization"},"potentialAction":[{"@type":"SearchAction","target":{"@type":"EntryPoint","urlTemplate":"https:\/\/www.laboratoires-unisson.com\/fr-be?s={search_term_string}"},"query-input":{"@type":"PropertyValueSpecification","valueRequired":true,"valueName":"search_term_string"}}],"inLanguage":"fr-BE"},{"@type":"Organization","@id":"https:\/\/www.laboratoires-unisson.com\/fr-be#organization","name":"Laboratoires Unisson","url":"https:\/\/www.laboratoires-unisson.com\/fr-be","logo":{"@type":"ImageObject","inLanguage":"fr-BE","@id":"https:\/\/www.laboratoires-unisson.com\/fr-be#\/schema\/logo\/image\/","url":"https:\/\/www.laboratoires-unisson.com\/wp-content\/uploads\/2022\/01\/logo-unisson.svg","contentUrl":"https:\/\/www.laboratoires-unisson.com\/wp-content\/uploads\/2022\/01\/logo-unisson.svg","width":1,"height":1,"caption":"Laboratoires Unisson"},"image":{"@id":"https:\/\/www.laboratoires-unisson.com\/fr-be#\/schema\/logo\/image\/"}}]}},"_links":{"self":[{"href":"https:\/\/www.laboratoires-unisson.com\/fr-be\/wp-json\/wp\/v2\/product\/24014","targetHints":{"allow":["GET"]}}],"collection":[{"href":"https:\/\/www.laboratoires-unisson.com\/fr-be\/wp-json\/wp\/v2\/product"}],"about":[{"href":"https:\/\/www.laboratoires-unisson.com\/fr-be\/wp-json\/wp\/v2\/types\/product"}],"wp:featuredmedia":[{"embeddable":true,"href":"https:\/\/www.laboratoires-unisson.com\/fr-be\/wp-json\/wp\/v2\/media\/19332"}],"wp:attachment":[{"href":"https:\/\/www.laboratoires-unisson.com\/fr-be\/wp-json\/wp\/v2\/media?parent=24014"}],"wp:term":[{"taxonomy":"product_brand","embeddable":true,"href":"https:\/\/www.laboratoires-unisson.com\/fr-be\/wp-json\/wp\/v2\/product_brand?post=24014"},{"taxonomy":"product_cat","embeddable":true,"href":"https:\/\/www.laboratoires-unisson.com\/fr-be\/wp-json\/wp\/v2\/product_cat?post=24014"},{"taxonomy":"product_tag","embeddable":true,"href":"https:\/\/www.laboratoires-unisson.com\/fr-be\/wp-json\/wp\/v2\/product_tag?post=24014"}],"curies":[{"name":"wp","href":"https:\/\/api.w.org\/{rel}","templated":true}]}}