{"id":24037,"date":"2022-06-23T12:13:43","date_gmt":"2022-06-23T10:13:43","guid":{"rendered":"https:\/\/www.laboratoires-unisson.com\/produit\/evolv-ai-2400-bte-r"},"modified":"2025-12-03T10:07:40","modified_gmt":"2025-12-03T09:07:40","slug":"evolv-ai-2400-bte-r","status":"publish","type":"product","link":"https:\/\/www.laboratoires-unisson.com\/fr-be\/produit\/appareils-auditifs\/starkey\/evolv-ai-2400-bte-r","title":{"rendered":"Evolv AI 2400 BTE R"},"content":{"rendered":"<p>L&#8217;appareil auditif Starkey Evolv AI 2400 BTE R est un\u00a0<strong>appareil contour d&#8217;oreille BTE \u00e9quip\u00e9 d&#8217;une connexion Bluetooth et rechargeable<\/strong>, id\u00e9al pour des pertes auditives s\u00e9v\u00e8res \u00e0 profondes.<\/p>\n<h4>Caract\u00e9ristiques de l&#8217;aide auditive Evolv AI 2400 BTE R<\/h4>\n<p>Cette\u00a0<a href=\"https:\/\/www.laboratoires-unisson.com\/fr-be\/appareils-auditifs\">aide auditive<\/a>\u00a0est le mod\u00e8le le plus efficace parmi les BTE de la nouvelle gamme Starkey Evolv sortie en 2022. Cet appareil dispose de\u00a0<strong>24 canaux et 24 bandes de r\u00e9glages<\/strong>, soit un niveau technologique tr\u00e8s hautement performant. Il offre d&#8217;excellentes performances auditives permettant \u00e0 votre audioproth\u00e9siste Unisson d&#8217;affiner les r\u00e9glages de mani\u00e8re id\u00e9ale.<\/p>\n<p>Gr\u00e2ce \u00e0 son\u00a0<strong>indice de protection IP68<\/strong>, il b\u00e9n\u00e9ficie d&#8217;une \u00e9tanch\u00e9it\u00e9 totale \u00e0 la poussi\u00e8re et \u00e0 l&#8217;eau.<\/p>\n<p>Cet\u00a0<a href=\"https:\/\/www.laboratoires-unisson.com\/fr-be\/appareils-auditifs\/options\/rechargeables\">appareil auditif rechargeable<\/a>\u00a0est dot\u00e9 d&#8217;une\u00a0<strong>batterie lithium ion<\/strong>\u00a0int\u00e9gr\u00e9e offrant jusqu&#8217;\u00e0 24h d&#8217;autonomie.\u00a0Le chargeur\u00a0permet d&#8217;assurer 3 chargements complets de vos audioproth\u00e8ses Starkey Evolv (sans \u00eatre branch\u00e9 au secteur). O\u00f9 que vous soyez, vos aides seront toujours charg\u00e9es !<\/p>\n<p>La fonctionnalit\u00e9\u00a0<strong>bobine \u00e0 induction T<\/strong>\u00a0est disponible sur cette aide auditive Starkey. Cette bobine permet de connecter vos aides auditives au son dans diff\u00e9rents lieux publics tels que les gares, cin\u00e9mas, th\u00e9\u00e2tres, lieux de culte&#8230;<\/p>\n<p>Pour faciliter son utilisation, vous pourrez, gr\u00e2ce \u00e0 son<strong>\u00a0bouton multifonction<\/strong>, r\u00e9gler le volume et changer les programmes \u00e0 votre aise.<\/p>\n<h4>Connexion Bluetooth et accessoires sans fil<\/h4>\n<p>L&#8217;appareil auditif Evolv AI 2400 BTE R dispose d&#8217;une\u00a0<strong>connexion Bluetooth<\/strong>. Cette technologie sans-fil permet de communiquer vos aides auditives Evolv AI avec les smartphones iOS (iPhone) et Android (gr\u00e2ce au syst\u00e8me ASHA). Vous b\u00e9n\u00e9ficiez ainsi :<\/p>\n<ul>\n<li>du streaming direct pour profiter pleinement de vos s\u00e9ries et films pr\u00e9f\u00e9r\u00e9s<\/li>\n<li>des appels en mode mains libres<\/li>\n<\/ul>\n<p>Pour favoriser votre exp\u00e9rience auditive, des accessoires sans fil sont disponibles, tels que :<\/p>\n<ul>\n<li>le\u00a0microphone de table,<\/li>\n<li>le\u00a0microphone +,<\/li>\n<li>l&#8217;\u00e9metteur tv<\/li>\n<\/ul>\n<p>L&#8217;application Thrive vous offre de multiples fonctions utiles et facile d&#8217;utilisation : gestion du volume, gestion des programmes, gestion des accessoires de streaming &#8230;<\/p>\n<h4>Starkey Evolv AI, une aide auditive intelligente<\/h4>\n<p>Gr\u00e2ce \u00e0 l&#8217;assistant intelligent Thrive, b\u00e9n\u00e9ficiez de fonctionnalit\u00e9s utiles pour votre<strong>\u00a0bien-\u00eatre auditif et votre sant\u00e9<\/strong>\u00a0:<\/p>\n<ul>\n<li>outil de traduction,<\/li>\n<li>transcription audio texte,<\/li>\n<li>fonction &#8216;trouver mes aides auditives \u00e9gar\u00e9es&#8217;,<\/li>\n<li>r\u00e9glages \u00e0 distance,<\/li>\n<li>suivi d&#8217;activit\u00e9,<\/li>\n<li>suivi d&#8217;engagement,<\/li>\n<li>d\u00e9tecteur de chute,<\/li>\n<li>rappels vocaux,<\/li>\n<li>contr\u00f4le tactile<\/li>\n<\/ul>\n","protected":false},"excerpt":{"rendered":"<p>L&#8217;appareil auditif Starkey Evolv AI 2400 BTE R est un\u00a0appareil contour d&#8217;oreille BTE \u00e9quip\u00e9 d&#8217;une connexion Bluetooth et rechargeable, id\u00e9al pour des pertes auditives s\u00e9v\u00e8res \u00e0 profondes. Caract\u00e9ristiques de l&#8217;aide auditive Evolv AI 2400 BTE R Cette\u00a0aide auditive\u00a0est le mod\u00e8le le plus efficace parmi les BTE de la nouvelle gamme Starkey Evolv sortie en 2022. [&hellip;]<\/p>\n","protected":false},"featured_media":19783,"template":"","meta":{"_acf_changed":false},"product_brand":[],"product_cat":[2684,2643],"product_tag":[],"class_list":{"0":"post-24037","1":"product","2":"type-product","3":"status-publish","4":"has-post-thumbnail","6":"product_cat-offre-premium-fr-be","7":"product_cat-starkey-fr-be","9":"first","10":"instock","11":"taxable","12":"shipping-taxable","13":"purchasable","14":"product-type-simple"},"acf":[],"yoast_head":"<!-- This site is optimized with the Yoast SEO plugin v27.1.1 - https:\/\/yoast.com\/product\/yoast-seo-wordpress\/ -->\n<title>Appareil auditif Starkey Evolv AI 2400 BTE R \u00e0 2100\u20ac - Unisson Belgique<\/title>\n<meta name=\"description\" content=\"D\u00e9couvrez le Starkey Evolv AI 2400 BTE R chez Unisson Belgique. Technologie avanc\u00e9e pour une audition claire au meilleur prix. Profitez en d\u00e8s maintenant !\" \/>\n<meta name=\"robots\" content=\"index, follow, max-snippet:-1, max-image-preview:large, max-video-preview:-1\" \/>\n<link rel=\"canonical\" href=\"https:\/\/www.laboratoires-unisson.com\/fr-be\/wp-json\/wp\/v2\/product\/24037\" \/>\n<meta property=\"og:locale\" content=\"fr_FR\" \/>\n<meta property=\"og:type\" content=\"article\" \/>\n<meta property=\"og:title\" content=\"Evolv AI 2400 BTE R - Laboratoires Unisson\" \/>\n<meta property=\"og:description\" content=\"D\u00e9couvrez le Starkey Evolv AI 2400 BTE R chez Unisson Belgique. Technologie avanc\u00e9e pour une audition claire au meilleur prix. Profitez en d\u00e8s maintenant !\" \/>\n<meta property=\"og:url\" content=\"https:\/\/www.laboratoires-unisson.com\/fr-be\/produit\/appareils-auditifs\/starkey\/evolv-ai-2400-bte-r\" \/>\n<meta property=\"og:site_name\" content=\"Laboratoires Unisson\" \/>\n<meta property=\"article:modified_time\" content=\"2025-12-03T09:07:40+00:00\" \/>\n<meta property=\"og:image\" content=\"https:\/\/www.laboratoires-unisson.com\/wp-content\/uploads\/2022\/06\/starkey-evolv-ai-1.jpg\" \/>\n\t<meta property=\"og:image:width\" content=\"450\" \/>\n\t<meta property=\"og:image:height\" content=\"500\" \/>\n\t<meta property=\"og:image:type\" content=\"image\/jpeg\" \/>\n<meta name=\"twitter:card\" content=\"summary_large_image\" \/>\n<meta name=\"twitter:label1\" content=\"Est. reading time\" \/>\n\t<meta name=\"twitter:data1\" content=\"3 minutes\" \/>\n<script type=\"application\/ld+json\" class=\"yoast-schema-graph\">{\"@context\":\"https:\/\/schema.org\",\"@graph\":[{\"@type\":\"WebPage\",\"@id\":\"https:\/\/www.laboratoires-unisson.com\/fr-be\/produit\/appareils-auditifs\/starkey\/evolv-ai-2400-bte-r\",\"url\":\"https:\/\/www.laboratoires-unisson.com\/fr-be\/produit\/appareils-auditifs\/starkey\/evolv-ai-2400-bte-r\",\"name\":\"Evolv AI 2400 BTE R - Laboratoires Unisson\",\"isPartOf\":{\"@id\":\"https:\/\/www.laboratoires-unisson.com\/fr-be#website\"},\"primaryImageOfPage\":{\"@id\":\"https:\/\/www.laboratoires-unisson.com\/fr-be\/produit\/appareils-auditifs\/starkey\/evolv-ai-2400-bte-r#primaryimage\"},\"image\":{\"@id\":\"https:\/\/www.laboratoires-unisson.com\/fr-be\/produit\/appareils-auditifs\/starkey\/evolv-ai-2400-bte-r#primaryimage\"},\"thumbnailUrl\":\"https:\/\/www.laboratoires-unisson.com\/wp-content\/uploads\/2022\/06\/starkey-evolv-ai-1.jpg\",\"datePublished\":\"2022-06-23T10:13:43+00:00\",\"dateModified\":\"2025-12-03T09:07:40+00:00\",\"description\":\"D\u00e9couvrez le Starkey Evolv AI 2400 BTE R chez Unisson Belgique. Technologie avanc\u00e9e pour une audition claire au meilleur prix. Profitez en d\u00e8s maintenant !\",\"breadcrumb\":{\"@id\":\"https:\/\/www.laboratoires-unisson.com\/fr-be\/produit\/appareils-auditifs\/starkey\/evolv-ai-2400-bte-r#breadcrumb\"},\"inLanguage\":\"fr-BE\",\"potentialAction\":[{\"@type\":\"ReadAction\",\"target\":[\"https:\/\/www.laboratoires-unisson.com\/fr-be\/produit\/appareils-auditifs\/starkey\/evolv-ai-2400-bte-r\"]}]},{\"@type\":\"ImageObject\",\"inLanguage\":\"fr-BE\",\"@id\":\"https:\/\/www.laboratoires-unisson.com\/fr-be\/produit\/appareils-auditifs\/starkey\/evolv-ai-2400-bte-r#primaryimage\",\"url\":\"https:\/\/www.laboratoires-unisson.com\/wp-content\/uploads\/2022\/06\/starkey-evolv-ai-1.jpg\",\"contentUrl\":\"https:\/\/www.laboratoires-unisson.com\/wp-content\/uploads\/2022\/06\/starkey-evolv-ai-1.jpg\",\"width\":450,\"height\":500},{\"@type\":\"BreadcrumbList\",\"@id\":\"https:\/\/www.laboratoires-unisson.com\/fr-be\/produit\/appareils-auditifs\/starkey\/evolv-ai-2400-bte-r#breadcrumb\",\"itemListElement\":[{\"@type\":\"ListItem\",\"position\":1,\"name\":\"Shop\",\"item\":\"https:\/\/www.laboratoires-unisson.com\/fr-be\/shop\"},{\"@type\":\"ListItem\",\"position\":2,\"name\":\"Evolv AI 2400 BTE R\"}]},{\"@type\":\"WebSite\",\"@id\":\"https:\/\/www.laboratoires-unisson.com\/fr-be#website\",\"url\":\"https:\/\/www.laboratoires-unisson.com\/fr-be\",\"name\":\"Laboratoires Unisson\",\"description\":\"Appareil auditif et proth\u00e8se auditive Moins Cher jusqu&#039;\u00e0 -40%\",\"publisher\":{\"@id\":\"https:\/\/www.laboratoires-unisson.com\/fr-be#organization\"},\"potentialAction\":[{\"@type\":\"SearchAction\",\"target\":{\"@type\":\"EntryPoint\",\"urlTemplate\":\"https:\/\/www.laboratoires-unisson.com\/fr-be?s={search_term_string}\"},\"query-input\":{\"@type\":\"PropertyValueSpecification\",\"valueRequired\":true,\"valueName\":\"search_term_string\"}}],\"inLanguage\":\"fr-BE\"},{\"@type\":\"Organization\",\"@id\":\"https:\/\/www.laboratoires-unisson.com\/fr-be#organization\",\"name\":\"Laboratoires Unisson\",\"url\":\"https:\/\/www.laboratoires-unisson.com\/fr-be\",\"logo\":{\"@type\":\"ImageObject\",\"inLanguage\":\"fr-BE\",\"@id\":\"https:\/\/www.laboratoires-unisson.com\/fr-be#\/schema\/logo\/image\/\",\"url\":\"https:\/\/www.laboratoires-unisson.com\/wp-content\/uploads\/2022\/01\/logo-unisson.svg\",\"contentUrl\":\"https:\/\/www.laboratoires-unisson.com\/wp-content\/uploads\/2022\/01\/logo-unisson.svg\",\"width\":1,\"height\":1,\"caption\":\"Laboratoires Unisson\"},\"image\":{\"@id\":\"https:\/\/www.laboratoires-unisson.com\/fr-be#\/schema\/logo\/image\/\"}}]}<\/script>\n<!-- \/ Yoast SEO plugin. -->","yoast_head_json":{"title":"Appareil auditif Starkey Evolv AI 2400 BTE R \u00e0 2100\u20ac - Unisson Belgique","description":"D\u00e9couvrez le Starkey Evolv AI 2400 BTE R chez Unisson Belgique. Technologie avanc\u00e9e pour une audition claire au meilleur prix. Profitez en d\u00e8s maintenant !","robots":{"index":"index","follow":"follow","max-snippet":"max-snippet:-1","max-image-preview":"max-image-preview:large","max-video-preview":"max-video-preview:-1"},"canonical":"https:\/\/www.laboratoires-unisson.com\/fr-be\/wp-json\/wp\/v2\/product\/24037","og_locale":"fr_FR","og_type":"article","og_title":"Evolv AI 2400 BTE R - Laboratoires Unisson","og_description":"D\u00e9couvrez le Starkey Evolv AI 2400 BTE R chez Unisson Belgique. Technologie avanc\u00e9e pour une audition claire au meilleur prix. Profitez en d\u00e8s maintenant !","og_url":"https:\/\/www.laboratoires-unisson.com\/fr-be\/produit\/appareils-auditifs\/starkey\/evolv-ai-2400-bte-r","og_site_name":"Laboratoires Unisson","article_modified_time":"2025-12-03T09:07:40+00:00","og_image":[{"width":450,"height":500,"url":"https:\/\/www.laboratoires-unisson.com\/wp-content\/uploads\/2022\/06\/starkey-evolv-ai-1.jpg","type":"image\/jpeg"}],"twitter_card":"summary_large_image","twitter_misc":{"Est. reading time":"3 minutes"},"schema":{"@context":"https:\/\/schema.org","@graph":[{"@type":"WebPage","@id":"https:\/\/www.laboratoires-unisson.com\/fr-be\/produit\/appareils-auditifs\/starkey\/evolv-ai-2400-bte-r","url":"https:\/\/www.laboratoires-unisson.com\/fr-be\/produit\/appareils-auditifs\/starkey\/evolv-ai-2400-bte-r","name":"Evolv AI 2400 BTE R - Laboratoires Unisson","isPartOf":{"@id":"https:\/\/www.laboratoires-unisson.com\/fr-be#website"},"primaryImageOfPage":{"@id":"https:\/\/www.laboratoires-unisson.com\/fr-be\/produit\/appareils-auditifs\/starkey\/evolv-ai-2400-bte-r#primaryimage"},"image":{"@id":"https:\/\/www.laboratoires-unisson.com\/fr-be\/produit\/appareils-auditifs\/starkey\/evolv-ai-2400-bte-r#primaryimage"},"thumbnailUrl":"https:\/\/www.laboratoires-unisson.com\/wp-content\/uploads\/2022\/06\/starkey-evolv-ai-1.jpg","datePublished":"2022-06-23T10:13:43+00:00","dateModified":"2025-12-03T09:07:40+00:00","description":"D\u00e9couvrez le Starkey Evolv AI 2400 BTE R chez Unisson Belgique. Technologie avanc\u00e9e pour une audition claire au meilleur prix. Profitez en d\u00e8s maintenant !","breadcrumb":{"@id":"https:\/\/www.laboratoires-unisson.com\/fr-be\/produit\/appareils-auditifs\/starkey\/evolv-ai-2400-bte-r#breadcrumb"},"inLanguage":"fr-BE","potentialAction":[{"@type":"ReadAction","target":["https:\/\/www.laboratoires-unisson.com\/fr-be\/produit\/appareils-auditifs\/starkey\/evolv-ai-2400-bte-r"]}]},{"@type":"ImageObject","inLanguage":"fr-BE","@id":"https:\/\/www.laboratoires-unisson.com\/fr-be\/produit\/appareils-auditifs\/starkey\/evolv-ai-2400-bte-r#primaryimage","url":"https:\/\/www.laboratoires-unisson.com\/wp-content\/uploads\/2022\/06\/starkey-evolv-ai-1.jpg","contentUrl":"https:\/\/www.laboratoires-unisson.com\/wp-content\/uploads\/2022\/06\/starkey-evolv-ai-1.jpg","width":450,"height":500},{"@type":"BreadcrumbList","@id":"https:\/\/www.laboratoires-unisson.com\/fr-be\/produit\/appareils-auditifs\/starkey\/evolv-ai-2400-bte-r#breadcrumb","itemListElement":[{"@type":"ListItem","position":1,"name":"Shop","item":"https:\/\/www.laboratoires-unisson.com\/fr-be\/shop"},{"@type":"ListItem","position":2,"name":"Evolv AI 2400 BTE R"}]},{"@type":"WebSite","@id":"https:\/\/www.laboratoires-unisson.com\/fr-be#website","url":"https:\/\/www.laboratoires-unisson.com\/fr-be","name":"Laboratoires Unisson","description":"Appareil auditif et proth\u00e8se auditive Moins Cher jusqu&#039;\u00e0 -40%","publisher":{"@id":"https:\/\/www.laboratoires-unisson.com\/fr-be#organization"},"potentialAction":[{"@type":"SearchAction","target":{"@type":"EntryPoint","urlTemplate":"https:\/\/www.laboratoires-unisson.com\/fr-be?s={search_term_string}"},"query-input":{"@type":"PropertyValueSpecification","valueRequired":true,"valueName":"search_term_string"}}],"inLanguage":"fr-BE"},{"@type":"Organization","@id":"https:\/\/www.laboratoires-unisson.com\/fr-be#organization","name":"Laboratoires Unisson","url":"https:\/\/www.laboratoires-unisson.com\/fr-be","logo":{"@type":"ImageObject","inLanguage":"fr-BE","@id":"https:\/\/www.laboratoires-unisson.com\/fr-be#\/schema\/logo\/image\/","url":"https:\/\/www.laboratoires-unisson.com\/wp-content\/uploads\/2022\/01\/logo-unisson.svg","contentUrl":"https:\/\/www.laboratoires-unisson.com\/wp-content\/uploads\/2022\/01\/logo-unisson.svg","width":1,"height":1,"caption":"Laboratoires Unisson"},"image":{"@id":"https:\/\/www.laboratoires-unisson.com\/fr-be#\/schema\/logo\/image\/"}}]}},"_links":{"self":[{"href":"https:\/\/www.laboratoires-unisson.com\/fr-be\/wp-json\/wp\/v2\/product\/24037","targetHints":{"allow":["GET"]}}],"collection":[{"href":"https:\/\/www.laboratoires-unisson.com\/fr-be\/wp-json\/wp\/v2\/product"}],"about":[{"href":"https:\/\/www.laboratoires-unisson.com\/fr-be\/wp-json\/wp\/v2\/types\/product"}],"wp:featuredmedia":[{"embeddable":true,"href":"https:\/\/www.laboratoires-unisson.com\/fr-be\/wp-json\/wp\/v2\/media\/19783"}],"wp:attachment":[{"href":"https:\/\/www.laboratoires-unisson.com\/fr-be\/wp-json\/wp\/v2\/media?parent=24037"}],"wp:term":[{"taxonomy":"product_brand","embeddable":true,"href":"https:\/\/www.laboratoires-unisson.com\/fr-be\/wp-json\/wp\/v2\/product_brand?post=24037"},{"taxonomy":"product_cat","embeddable":true,"href":"https:\/\/www.laboratoires-unisson.com\/fr-be\/wp-json\/wp\/v2\/product_cat?post=24037"},{"taxonomy":"product_tag","embeddable":true,"href":"https:\/\/www.laboratoires-unisson.com\/fr-be\/wp-json\/wp\/v2\/product_tag?post=24037"}],"curies":[{"name":"wp","href":"https:\/\/api.w.org\/{rel}","templated":true}]}}