{"id":24038,"date":"2022-06-09T16:06:11","date_gmt":"2022-06-09T14:06:11","guid":{"rendered":"https:\/\/www.laboratoires-unisson.com\/produit\/evolv-ai-2400-cic-nw"},"modified":"2025-12-03T10:07:40","modified_gmt":"2025-12-03T09:07:40","slug":"evolv-ai-2400-cic-nw","status":"publish","type":"product","link":"https:\/\/www.laboratoires-unisson.com\/fr-be\/produit\/appareils-auditifs\/starkey\/evolv-ai-2400-cic-nw","title":{"rendered":"Evolv AI 2400 CIC NW"},"content":{"rendered":"<p>L&#8217;appareil auditif\u00a0Evolv AI 2400 CIC NW est un appareil auditif invisible de la\u00a0<a href=\"https:\/\/www.laboratoires-unisson.com\/fr-be\/appareils-auditifs\/marques\/starkey\">marque am\u00e9ricaine Starkey<\/a>. Il est r\u00e9alis\u00e9 sur mesure et se loge dans votre conduit auditif.<\/p>\n<h4>Caract\u00e9ristiques de l&#8217;appareil auditif\u00a0Evolv AI 2400 CIC NW<\/h4>\n<p>Le Evolv AI 2400 CIC NW est disponible en 2 versions : il peut \u00eatre adapt\u00e9 avec une\u00a0<strong>pile auditive 10<\/strong>\u00a0<em>(autonomie 4-7 jours)<\/em>\u00a0ou une\u00a0<strong>pile 312<\/strong>\u00a0<em>(autonomie 7-10 jours)<\/em>. Cet appareil convient parfaitement pour des\u00a0<strong>pertes auditives l\u00e9g\u00e8res \u00e0 moyennes<\/strong>.<\/p>\n<p>Il est \u00e9quip\u00e9 -en option- d&#8217;un bouton poussoir pour r\u00e9gler les programmes et le volume. Son indice de protection (contre l&#8217;eau, la poussi\u00e8re et l&#8217;humidit\u00e9) est en cours de validit\u00e9.<\/p>\n<p>Il dispose de\u00a0<strong>24 canaux et 24 bandes de r\u00e9glages<\/strong>\u00a0pour une exp\u00e9rience auditive enrichie. Cette aide auditive int\u00e8gre la derni\u00e8re technologie de Starkey, \u00e0 savoir la puce Thrive, qui aide votre audition et votre sant\u00e9 globale.<\/p>\n<p>Ce mod\u00e8le est \u00e9galement \u00e9quip\u00e9 d&#8217;un anti larsen et d&#8217;un g\u00e9n\u00e9rateur de bruit anti-acouph\u00e8nes.<\/p>\n<p>5 coloris vous sont disponibles : noir, marron, marron fonc\u00e9, marron clair et chair pour la plaque et noir, marron clair, chair, bleu\/rouge et clair pour la coque.<\/p>\n<h4>Pourquoi choisir l&#8217;appareil auditif Evolv AI 2400 CIC NW ?<\/h4>\n<ul>\n<li>40% de r\u00e9duction suppl\u00e9mentaire des bruits ambiants g\u00eanants<\/li>\n<li>Syst\u00e8me de localisation dans l&#8217;espace<\/li>\n<li>Technologie auditive avec intelligence artificielle la plus avanc\u00e9e<\/li>\n<li>Son plus naturel<\/li>\n<\/ul>\n","protected":false},"excerpt":{"rendered":"<p>L&#8217;appareil auditif\u00a0Evolv AI 2400 CIC NW est un appareil auditif invisible de la\u00a0marque am\u00e9ricaine Starkey. Il est r\u00e9alis\u00e9 sur mesure et se loge dans votre conduit auditif. Caract\u00e9ristiques de l&#8217;appareil auditif\u00a0Evolv AI 2400 CIC NW Le Evolv AI 2400 CIC NW est disponible en 2 versions : il peut \u00eatre adapt\u00e9 avec une\u00a0pile auditive 10\u00a0(autonomie [&hellip;]<\/p>\n","protected":false},"featured_media":20804,"template":"","meta":{"_acf_changed":false},"product_brand":[],"product_cat":[2684,2643],"product_tag":[],"class_list":{"0":"post-24038","1":"product","2":"type-product","3":"status-publish","4":"has-post-thumbnail","6":"product_cat-offre-premium-fr-be","7":"product_cat-starkey-fr-be","9":"first","10":"instock","11":"taxable","12":"shipping-taxable","13":"purchasable","14":"product-type-simple"},"acf":[],"yoast_head":"<!-- This site is optimized with the Yoast SEO plugin v27.1.1 - https:\/\/yoast.com\/product\/yoast-seo-wordpress\/ -->\n<title>Appareil auditif Starkey Evolv AI 2400 CIC NW \u00e0 2100\u20ac - Unisson Belgique<\/title>\n<meta name=\"description\" content=\"L&#039;appareil auditif\u00a0Evolv AI 2400 CIC NW est un appareil auditif invisible de la\u00a0marque am\u00e9ricaine Starkey. Il est r\u00e9alis\u00e9 sur mesure et se loge dans votre\" \/>\n<meta name=\"robots\" content=\"index, follow, max-snippet:-1, max-image-preview:large, max-video-preview:-1\" \/>\n<link rel=\"canonical\" href=\"https:\/\/www.laboratoires-unisson.com\/fr-be\/wp-json\/wp\/v2\/product\/24038\" \/>\n<meta property=\"og:locale\" content=\"fr_FR\" \/>\n<meta property=\"og:type\" content=\"article\" \/>\n<meta property=\"og:title\" content=\"Evolv AI 2400 CIC NW - Laboratoires Unisson\" \/>\n<meta property=\"og:description\" content=\"L&#039;appareil auditif\u00a0Evolv AI 2400 CIC NW est un appareil auditif invisible de la\u00a0marque am\u00e9ricaine Starkey. Il est r\u00e9alis\u00e9 sur mesure et se loge dans votre\" \/>\n<meta property=\"og:url\" content=\"https:\/\/www.laboratoires-unisson.com\/fr-be\/produit\/appareils-auditifs\/starkey\/evolv-ai-2400-cic-nw\" \/>\n<meta property=\"og:site_name\" content=\"Laboratoires Unisson\" \/>\n<meta property=\"article:modified_time\" content=\"2025-12-03T09:07:40+00:00\" \/>\n<meta property=\"og:image\" content=\"https:\/\/www.laboratoires-unisson.com\/wp-content\/uploads\/2022\/06\/Starkey-Evolv-AI_2400-CIC-NW.png\" \/>\n\t<meta property=\"og:image:width\" content=\"450\" \/>\n\t<meta property=\"og:image:height\" content=\"500\" \/>\n\t<meta property=\"og:image:type\" content=\"image\/png\" \/>\n<meta name=\"twitter:card\" content=\"summary_large_image\" \/>\n<meta name=\"twitter:label1\" content=\"Est. reading time\" \/>\n\t<meta name=\"twitter:data1\" content=\"2 minutes\" \/>\n<script type=\"application\/ld+json\" class=\"yoast-schema-graph\">{\"@context\":\"https:\/\/schema.org\",\"@graph\":[{\"@type\":\"WebPage\",\"@id\":\"https:\/\/www.laboratoires-unisson.com\/fr-be\/produit\/appareils-auditifs\/starkey\/evolv-ai-2400-cic-nw\",\"url\":\"https:\/\/www.laboratoires-unisson.com\/fr-be\/produit\/appareils-auditifs\/starkey\/evolv-ai-2400-cic-nw\",\"name\":\"Evolv AI 2400 CIC NW - Laboratoires Unisson\",\"isPartOf\":{\"@id\":\"https:\/\/www.laboratoires-unisson.com\/fr-be#website\"},\"primaryImageOfPage\":{\"@id\":\"https:\/\/www.laboratoires-unisson.com\/fr-be\/produit\/appareils-auditifs\/starkey\/evolv-ai-2400-cic-nw#primaryimage\"},\"image\":{\"@id\":\"https:\/\/www.laboratoires-unisson.com\/fr-be\/produit\/appareils-auditifs\/starkey\/evolv-ai-2400-cic-nw#primaryimage\"},\"thumbnailUrl\":\"https:\/\/www.laboratoires-unisson.com\/wp-content\/uploads\/2022\/06\/Starkey-Evolv-AI_2400-CIC-NW.png\",\"datePublished\":\"2022-06-09T14:06:11+00:00\",\"dateModified\":\"2025-12-03T09:07:40+00:00\",\"description\":\"L'appareil auditif\u00a0Evolv AI 2400 CIC NW est un appareil auditif invisible de la\u00a0marque am\u00e9ricaine Starkey. Il est r\u00e9alis\u00e9 sur mesure et se loge dans votre\",\"breadcrumb\":{\"@id\":\"https:\/\/www.laboratoires-unisson.com\/fr-be\/produit\/appareils-auditifs\/starkey\/evolv-ai-2400-cic-nw#breadcrumb\"},\"inLanguage\":\"fr-BE\",\"potentialAction\":[{\"@type\":\"ReadAction\",\"target\":[\"https:\/\/www.laboratoires-unisson.com\/fr-be\/produit\/appareils-auditifs\/starkey\/evolv-ai-2400-cic-nw\"]}]},{\"@type\":\"ImageObject\",\"inLanguage\":\"fr-BE\",\"@id\":\"https:\/\/www.laboratoires-unisson.com\/fr-be\/produit\/appareils-auditifs\/starkey\/evolv-ai-2400-cic-nw#primaryimage\",\"url\":\"https:\/\/www.laboratoires-unisson.com\/wp-content\/uploads\/2022\/06\/Starkey-Evolv-AI_2400-CIC-NW.png\",\"contentUrl\":\"https:\/\/www.laboratoires-unisson.com\/wp-content\/uploads\/2022\/06\/Starkey-Evolv-AI_2400-CIC-NW.png\",\"width\":450,\"height\":500},{\"@type\":\"BreadcrumbList\",\"@id\":\"https:\/\/www.laboratoires-unisson.com\/fr-be\/produit\/appareils-auditifs\/starkey\/evolv-ai-2400-cic-nw#breadcrumb\",\"itemListElement\":[{\"@type\":\"ListItem\",\"position\":1,\"name\":\"Shop\",\"item\":\"https:\/\/www.laboratoires-unisson.com\/fr-be\/shop\"},{\"@type\":\"ListItem\",\"position\":2,\"name\":\"Evolv AI 2400 CIC NW\"}]},{\"@type\":\"WebSite\",\"@id\":\"https:\/\/www.laboratoires-unisson.com\/fr-be#website\",\"url\":\"https:\/\/www.laboratoires-unisson.com\/fr-be\",\"name\":\"Laboratoires Unisson\",\"description\":\"Appareil auditif et proth\u00e8se auditive Moins Cher jusqu&#039;\u00e0 -40%\",\"publisher\":{\"@id\":\"https:\/\/www.laboratoires-unisson.com\/fr-be#organization\"},\"potentialAction\":[{\"@type\":\"SearchAction\",\"target\":{\"@type\":\"EntryPoint\",\"urlTemplate\":\"https:\/\/www.laboratoires-unisson.com\/fr-be?s={search_term_string}\"},\"query-input\":{\"@type\":\"PropertyValueSpecification\",\"valueRequired\":true,\"valueName\":\"search_term_string\"}}],\"inLanguage\":\"fr-BE\"},{\"@type\":\"Organization\",\"@id\":\"https:\/\/www.laboratoires-unisson.com\/fr-be#organization\",\"name\":\"Laboratoires Unisson\",\"url\":\"https:\/\/www.laboratoires-unisson.com\/fr-be\",\"logo\":{\"@type\":\"ImageObject\",\"inLanguage\":\"fr-BE\",\"@id\":\"https:\/\/www.laboratoires-unisson.com\/fr-be#\/schema\/logo\/image\/\",\"url\":\"https:\/\/www.laboratoires-unisson.com\/wp-content\/uploads\/2022\/01\/logo-unisson.svg\",\"contentUrl\":\"https:\/\/www.laboratoires-unisson.com\/wp-content\/uploads\/2022\/01\/logo-unisson.svg\",\"width\":1,\"height\":1,\"caption\":\"Laboratoires Unisson\"},\"image\":{\"@id\":\"https:\/\/www.laboratoires-unisson.com\/fr-be#\/schema\/logo\/image\/\"}}]}<\/script>\n<!-- \/ Yoast SEO plugin. -->","yoast_head_json":{"title":"Appareil auditif Starkey Evolv AI 2400 CIC NW \u00e0 2100\u20ac - Unisson Belgique","description":"L'appareil auditif\u00a0Evolv AI 2400 CIC NW est un appareil auditif invisible de la\u00a0marque am\u00e9ricaine Starkey. Il est r\u00e9alis\u00e9 sur mesure et se loge dans votre","robots":{"index":"index","follow":"follow","max-snippet":"max-snippet:-1","max-image-preview":"max-image-preview:large","max-video-preview":"max-video-preview:-1"},"canonical":"https:\/\/www.laboratoires-unisson.com\/fr-be\/wp-json\/wp\/v2\/product\/24038","og_locale":"fr_FR","og_type":"article","og_title":"Evolv AI 2400 CIC NW - Laboratoires Unisson","og_description":"L'appareil auditif\u00a0Evolv AI 2400 CIC NW est un appareil auditif invisible de la\u00a0marque am\u00e9ricaine Starkey. Il est r\u00e9alis\u00e9 sur mesure et se loge dans votre","og_url":"https:\/\/www.laboratoires-unisson.com\/fr-be\/produit\/appareils-auditifs\/starkey\/evolv-ai-2400-cic-nw","og_site_name":"Laboratoires Unisson","article_modified_time":"2025-12-03T09:07:40+00:00","og_image":[{"width":450,"height":500,"url":"https:\/\/www.laboratoires-unisson.com\/wp-content\/uploads\/2022\/06\/Starkey-Evolv-AI_2400-CIC-NW.png","type":"image\/png"}],"twitter_card":"summary_large_image","twitter_misc":{"Est. reading time":"2 minutes"},"schema":{"@context":"https:\/\/schema.org","@graph":[{"@type":"WebPage","@id":"https:\/\/www.laboratoires-unisson.com\/fr-be\/produit\/appareils-auditifs\/starkey\/evolv-ai-2400-cic-nw","url":"https:\/\/www.laboratoires-unisson.com\/fr-be\/produit\/appareils-auditifs\/starkey\/evolv-ai-2400-cic-nw","name":"Evolv AI 2400 CIC NW - Laboratoires Unisson","isPartOf":{"@id":"https:\/\/www.laboratoires-unisson.com\/fr-be#website"},"primaryImageOfPage":{"@id":"https:\/\/www.laboratoires-unisson.com\/fr-be\/produit\/appareils-auditifs\/starkey\/evolv-ai-2400-cic-nw#primaryimage"},"image":{"@id":"https:\/\/www.laboratoires-unisson.com\/fr-be\/produit\/appareils-auditifs\/starkey\/evolv-ai-2400-cic-nw#primaryimage"},"thumbnailUrl":"https:\/\/www.laboratoires-unisson.com\/wp-content\/uploads\/2022\/06\/Starkey-Evolv-AI_2400-CIC-NW.png","datePublished":"2022-06-09T14:06:11+00:00","dateModified":"2025-12-03T09:07:40+00:00","description":"L'appareil auditif\u00a0Evolv AI 2400 CIC NW est un appareil auditif invisible de la\u00a0marque am\u00e9ricaine Starkey. Il est r\u00e9alis\u00e9 sur mesure et se loge dans votre","breadcrumb":{"@id":"https:\/\/www.laboratoires-unisson.com\/fr-be\/produit\/appareils-auditifs\/starkey\/evolv-ai-2400-cic-nw#breadcrumb"},"inLanguage":"fr-BE","potentialAction":[{"@type":"ReadAction","target":["https:\/\/www.laboratoires-unisson.com\/fr-be\/produit\/appareils-auditifs\/starkey\/evolv-ai-2400-cic-nw"]}]},{"@type":"ImageObject","inLanguage":"fr-BE","@id":"https:\/\/www.laboratoires-unisson.com\/fr-be\/produit\/appareils-auditifs\/starkey\/evolv-ai-2400-cic-nw#primaryimage","url":"https:\/\/www.laboratoires-unisson.com\/wp-content\/uploads\/2022\/06\/Starkey-Evolv-AI_2400-CIC-NW.png","contentUrl":"https:\/\/www.laboratoires-unisson.com\/wp-content\/uploads\/2022\/06\/Starkey-Evolv-AI_2400-CIC-NW.png","width":450,"height":500},{"@type":"BreadcrumbList","@id":"https:\/\/www.laboratoires-unisson.com\/fr-be\/produit\/appareils-auditifs\/starkey\/evolv-ai-2400-cic-nw#breadcrumb","itemListElement":[{"@type":"ListItem","position":1,"name":"Shop","item":"https:\/\/www.laboratoires-unisson.com\/fr-be\/shop"},{"@type":"ListItem","position":2,"name":"Evolv AI 2400 CIC NW"}]},{"@type":"WebSite","@id":"https:\/\/www.laboratoires-unisson.com\/fr-be#website","url":"https:\/\/www.laboratoires-unisson.com\/fr-be","name":"Laboratoires Unisson","description":"Appareil auditif et proth\u00e8se auditive Moins Cher jusqu&#039;\u00e0 -40%","publisher":{"@id":"https:\/\/www.laboratoires-unisson.com\/fr-be#organization"},"potentialAction":[{"@type":"SearchAction","target":{"@type":"EntryPoint","urlTemplate":"https:\/\/www.laboratoires-unisson.com\/fr-be?s={search_term_string}"},"query-input":{"@type":"PropertyValueSpecification","valueRequired":true,"valueName":"search_term_string"}}],"inLanguage":"fr-BE"},{"@type":"Organization","@id":"https:\/\/www.laboratoires-unisson.com\/fr-be#organization","name":"Laboratoires Unisson","url":"https:\/\/www.laboratoires-unisson.com\/fr-be","logo":{"@type":"ImageObject","inLanguage":"fr-BE","@id":"https:\/\/www.laboratoires-unisson.com\/fr-be#\/schema\/logo\/image\/","url":"https:\/\/www.laboratoires-unisson.com\/wp-content\/uploads\/2022\/01\/logo-unisson.svg","contentUrl":"https:\/\/www.laboratoires-unisson.com\/wp-content\/uploads\/2022\/01\/logo-unisson.svg","width":1,"height":1,"caption":"Laboratoires Unisson"},"image":{"@id":"https:\/\/www.laboratoires-unisson.com\/fr-be#\/schema\/logo\/image\/"}}]}},"_links":{"self":[{"href":"https:\/\/www.laboratoires-unisson.com\/fr-be\/wp-json\/wp\/v2\/product\/24038","targetHints":{"allow":["GET"]}}],"collection":[{"href":"https:\/\/www.laboratoires-unisson.com\/fr-be\/wp-json\/wp\/v2\/product"}],"about":[{"href":"https:\/\/www.laboratoires-unisson.com\/fr-be\/wp-json\/wp\/v2\/types\/product"}],"wp:featuredmedia":[{"embeddable":true,"href":"https:\/\/www.laboratoires-unisson.com\/fr-be\/wp-json\/wp\/v2\/media\/20804"}],"wp:attachment":[{"href":"https:\/\/www.laboratoires-unisson.com\/fr-be\/wp-json\/wp\/v2\/media?parent=24038"}],"wp:term":[{"taxonomy":"product_brand","embeddable":true,"href":"https:\/\/www.laboratoires-unisson.com\/fr-be\/wp-json\/wp\/v2\/product_brand?post=24038"},{"taxonomy":"product_cat","embeddable":true,"href":"https:\/\/www.laboratoires-unisson.com\/fr-be\/wp-json\/wp\/v2\/product_cat?post=24038"},{"taxonomy":"product_tag","embeddable":true,"href":"https:\/\/www.laboratoires-unisson.com\/fr-be\/wp-json\/wp\/v2\/product_tag?post=24038"}],"curies":[{"name":"wp","href":"https:\/\/api.w.org\/{rel}","templated":true}]}}