{"id":24039,"date":"2022-06-09T15:50:28","date_gmt":"2022-06-09T13:50:28","guid":{"rendered":"https:\/\/www.laboratoires-unisson.com\/produit\/evolv-ai-2400-iic-nw"},"modified":"2025-12-03T10:07:41","modified_gmt":"2025-12-03T09:07:41","slug":"evolv-ai-2400-iic-nw","status":"publish","type":"product","link":"https:\/\/www.laboratoires-unisson.com\/fr-be\/produit\/appareils-auditifs\/starkey\/evolv-ai-2400-iic-nw","title":{"rendered":"Evolv AI 2400 IIC NW"},"content":{"rendered":"<p><strong>Entendez sans effort avec la nouvelle gamme d&#8217;appareils auditifs Starkey Evolv Ai<\/strong>. C&#8217;est la promesse de la marque am\u00e9ricaine\u00a0<a href=\"https:\/\/www.laboratoires-unisson.com\/fr-be\/appareils-auditifs\/marques\/starkey\">Starkey<\/a>\u00a0\u00e0 la sortie de sa nouvelle gamme Evolv AI.\u00a0Les nouveaux appareils auditifs Evolv AI succ\u00e8dent \u00e0 la gamme d&#8217;aides auditives Livio AI.<\/p>\n<p>Le mod\u00e8le Evolv AI 2400 IIC est un\u00a0<a href=\"https:\/\/www.laboratoires-unisson.com\/fr-be\/appareils-auditifs\/types\/invisibles\">appareil auditif invisible<\/a>\u00a0haut de gamme r\u00e9alis\u00e9 sur mesure qui se loge profond\u00e9ment dans votre conduit auditif.<\/p>\n<h4>Les fonctions cl\u00e9s de la gamme Starkey Evolv AI<\/h4>\n<ul>\n<li>Mode Edge disponible dans les niveaux de technologie 1600, 2000 et 2400<\/li>\n<li>Alerte de chute<\/li>\n<li>40% de r\u00e9duction de bruit par rapport au mod\u00e8le pr\u00e9c\u00e9dent<\/li>\n<li>Application mobile Thrive optimis\u00e9e<\/li>\n<\/ul>\n<p>Evov AI int\u00e8gre des\u00a0performances auditives excellentes, capable d&#8217;effectuer jusqu&#8217;\u00e0 55 millions d&#8217;ajustements automatiques par heure, offrant un\u00a0<strong>son r\u00e9aliste et de qualit\u00e9 dans tous les environnements sonores<\/strong>.<\/p>\n<h4>Caract\u00e9ristiques de l&#8217;appareil auditif Evolv AI 2400 IIC NW<\/h4>\n<ul>\n<li>24 canaux<\/li>\n<li>24 bandes de r\u00e9glages<\/li>\n<li>pile auditive 10<\/li>\n<li>indice de protection IP en cours de validation<\/li>\n<li>plus petit mod\u00e8le intra-auriculaire<\/li>\n<li>anti larsen<\/li>\n<li>masqueur d&#8217;acouph\u00e8nes<\/li>\n<li>application Thrive<\/li>\n<\/ul>\n<p>Si vous souhaitez un mod\u00e8le discret \u00e9quip\u00e9 d&#8217;une connexion Bluetooth, nous vous conseillons l&#8217;appareil auditif connect\u00e9 et rechargeable\u00a0Evolv AI 2400 ITC R.<\/p>\n","protected":false},"excerpt":{"rendered":"<p>Entendez sans effort avec la nouvelle gamme d&#8217;appareils auditifs Starkey Evolv Ai. C&#8217;est la promesse de la marque am\u00e9ricaine\u00a0Starkey\u00a0\u00e0 la sortie de sa nouvelle gamme Evolv AI.\u00a0Les nouveaux appareils auditifs Evolv AI succ\u00e8dent \u00e0 la gamme d&#8217;aides auditives Livio AI. Le mod\u00e8le Evolv AI 2400 IIC est un\u00a0appareil auditif invisible\u00a0haut de gamme r\u00e9alis\u00e9 sur mesure [&hellip;]<\/p>\n","protected":false},"featured_media":20803,"template":"","meta":{"_acf_changed":false},"product_brand":[],"product_cat":[2684,2643],"product_tag":[],"class_list":{"0":"post-24039","1":"product","2":"type-product","3":"status-publish","4":"has-post-thumbnail","6":"product_cat-offre-premium-fr-be","7":"product_cat-starkey-fr-be","9":"first","10":"instock","11":"taxable","12":"shipping-taxable","13":"purchasable","14":"product-type-simple"},"acf":[],"yoast_head":"<!-- This site is optimized with the Yoast SEO plugin v27.1.1 - https:\/\/yoast.com\/product\/yoast-seo-wordpress\/ -->\n<title>Appareil auditif Starkey Evolv AI 2400 IIC NW \u00e0 2100\u20ac - Unisson Belgique<\/title>\n<meta name=\"description\" content=\"Entendez sans effort avec la nouvelle gamme d&#039;appareils auditifs Starkey Evolv Ai. C&#039;est la promesse de la marque am\u00e9ricaine\u00a0Starkey\u00a0\u00e0 la sortie de sa\" \/>\n<meta name=\"robots\" content=\"index, follow, max-snippet:-1, max-image-preview:large, max-video-preview:-1\" \/>\n<link rel=\"canonical\" href=\"https:\/\/www.laboratoires-unisson.com\/fr-be\/wp-json\/wp\/v2\/product\/24039\" \/>\n<meta property=\"og:locale\" content=\"fr_FR\" \/>\n<meta property=\"og:type\" content=\"article\" \/>\n<meta property=\"og:title\" content=\"Evolv AI 2400 IIC NW - Laboratoires Unisson\" \/>\n<meta property=\"og:description\" content=\"Entendez sans effort avec la nouvelle gamme d&#039;appareils auditifs Starkey Evolv Ai. C&#039;est la promesse de la marque am\u00e9ricaine\u00a0Starkey\u00a0\u00e0 la sortie de sa\" \/>\n<meta property=\"og:url\" content=\"https:\/\/www.laboratoires-unisson.com\/fr-be\/produit\/appareils-auditifs\/starkey\/evolv-ai-2400-iic-nw\" \/>\n<meta property=\"og:site_name\" content=\"Laboratoires Unisson\" \/>\n<meta property=\"article:modified_time\" content=\"2025-12-03T09:07:41+00:00\" \/>\n<meta property=\"og:image\" content=\"https:\/\/www.laboratoires-unisson.com\/wp-content\/uploads\/2022\/06\/Starkey-Evolv-AI-2400-IIC-NW.png\" \/>\n\t<meta property=\"og:image:width\" content=\"433\" \/>\n\t<meta property=\"og:image:height\" content=\"577\" \/>\n\t<meta property=\"og:image:type\" content=\"image\/png\" \/>\n<meta name=\"twitter:card\" content=\"summary_large_image\" \/>\n<meta name=\"twitter:label1\" content=\"Est. reading time\" \/>\n\t<meta name=\"twitter:data1\" content=\"2 minutes\" \/>\n<script type=\"application\/ld+json\" class=\"yoast-schema-graph\">{\"@context\":\"https:\/\/schema.org\",\"@graph\":[{\"@type\":\"WebPage\",\"@id\":\"https:\/\/www.laboratoires-unisson.com\/fr-be\/produit\/appareils-auditifs\/starkey\/evolv-ai-2400-iic-nw\",\"url\":\"https:\/\/www.laboratoires-unisson.com\/fr-be\/produit\/appareils-auditifs\/starkey\/evolv-ai-2400-iic-nw\",\"name\":\"Evolv AI 2400 IIC NW - Laboratoires Unisson\",\"isPartOf\":{\"@id\":\"https:\/\/www.laboratoires-unisson.com\/fr-be#website\"},\"primaryImageOfPage\":{\"@id\":\"https:\/\/www.laboratoires-unisson.com\/fr-be\/produit\/appareils-auditifs\/starkey\/evolv-ai-2400-iic-nw#primaryimage\"},\"image\":{\"@id\":\"https:\/\/www.laboratoires-unisson.com\/fr-be\/produit\/appareils-auditifs\/starkey\/evolv-ai-2400-iic-nw#primaryimage\"},\"thumbnailUrl\":\"https:\/\/www.laboratoires-unisson.com\/wp-content\/uploads\/2022\/06\/Starkey-Evolv-AI-2400-IIC-NW.png\",\"datePublished\":\"2022-06-09T13:50:28+00:00\",\"dateModified\":\"2025-12-03T09:07:41+00:00\",\"description\":\"Entendez sans effort avec la nouvelle gamme d'appareils auditifs Starkey Evolv Ai. C'est la promesse de la marque am\u00e9ricaine\u00a0Starkey\u00a0\u00e0 la sortie de sa\",\"breadcrumb\":{\"@id\":\"https:\/\/www.laboratoires-unisson.com\/fr-be\/produit\/appareils-auditifs\/starkey\/evolv-ai-2400-iic-nw#breadcrumb\"},\"inLanguage\":\"fr-BE\",\"potentialAction\":[{\"@type\":\"ReadAction\",\"target\":[\"https:\/\/www.laboratoires-unisson.com\/fr-be\/produit\/appareils-auditifs\/starkey\/evolv-ai-2400-iic-nw\"]}]},{\"@type\":\"ImageObject\",\"inLanguage\":\"fr-BE\",\"@id\":\"https:\/\/www.laboratoires-unisson.com\/fr-be\/produit\/appareils-auditifs\/starkey\/evolv-ai-2400-iic-nw#primaryimage\",\"url\":\"https:\/\/www.laboratoires-unisson.com\/wp-content\/uploads\/2022\/06\/Starkey-Evolv-AI-2400-IIC-NW.png\",\"contentUrl\":\"https:\/\/www.laboratoires-unisson.com\/wp-content\/uploads\/2022\/06\/Starkey-Evolv-AI-2400-IIC-NW.png\",\"width\":433,\"height\":577},{\"@type\":\"BreadcrumbList\",\"@id\":\"https:\/\/www.laboratoires-unisson.com\/fr-be\/produit\/appareils-auditifs\/starkey\/evolv-ai-2400-iic-nw#breadcrumb\",\"itemListElement\":[{\"@type\":\"ListItem\",\"position\":1,\"name\":\"Shop\",\"item\":\"https:\/\/www.laboratoires-unisson.com\/fr-be\/shop\"},{\"@type\":\"ListItem\",\"position\":2,\"name\":\"Evolv AI 2400 IIC NW\"}]},{\"@type\":\"WebSite\",\"@id\":\"https:\/\/www.laboratoires-unisson.com\/fr-be#website\",\"url\":\"https:\/\/www.laboratoires-unisson.com\/fr-be\",\"name\":\"Laboratoires Unisson\",\"description\":\"Appareil auditif et proth\u00e8se auditive Moins Cher jusqu&#039;\u00e0 -40%\",\"publisher\":{\"@id\":\"https:\/\/www.laboratoires-unisson.com\/fr-be#organization\"},\"potentialAction\":[{\"@type\":\"SearchAction\",\"target\":{\"@type\":\"EntryPoint\",\"urlTemplate\":\"https:\/\/www.laboratoires-unisson.com\/fr-be?s={search_term_string}\"},\"query-input\":{\"@type\":\"PropertyValueSpecification\",\"valueRequired\":true,\"valueName\":\"search_term_string\"}}],\"inLanguage\":\"fr-BE\"},{\"@type\":\"Organization\",\"@id\":\"https:\/\/www.laboratoires-unisson.com\/fr-be#organization\",\"name\":\"Laboratoires Unisson\",\"url\":\"https:\/\/www.laboratoires-unisson.com\/fr-be\",\"logo\":{\"@type\":\"ImageObject\",\"inLanguage\":\"fr-BE\",\"@id\":\"https:\/\/www.laboratoires-unisson.com\/fr-be#\/schema\/logo\/image\/\",\"url\":\"https:\/\/www.laboratoires-unisson.com\/wp-content\/uploads\/2022\/01\/logo-unisson.svg\",\"contentUrl\":\"https:\/\/www.laboratoires-unisson.com\/wp-content\/uploads\/2022\/01\/logo-unisson.svg\",\"width\":1,\"height\":1,\"caption\":\"Laboratoires Unisson\"},\"image\":{\"@id\":\"https:\/\/www.laboratoires-unisson.com\/fr-be#\/schema\/logo\/image\/\"}}]}<\/script>\n<!-- \/ Yoast SEO plugin. -->","yoast_head_json":{"title":"Appareil auditif Starkey Evolv AI 2400 IIC NW \u00e0 2100\u20ac - Unisson Belgique","description":"Entendez sans effort avec la nouvelle gamme d'appareils auditifs Starkey Evolv Ai. C'est la promesse de la marque am\u00e9ricaine\u00a0Starkey\u00a0\u00e0 la sortie de sa","robots":{"index":"index","follow":"follow","max-snippet":"max-snippet:-1","max-image-preview":"max-image-preview:large","max-video-preview":"max-video-preview:-1"},"canonical":"https:\/\/www.laboratoires-unisson.com\/fr-be\/wp-json\/wp\/v2\/product\/24039","og_locale":"fr_FR","og_type":"article","og_title":"Evolv AI 2400 IIC NW - Laboratoires Unisson","og_description":"Entendez sans effort avec la nouvelle gamme d'appareils auditifs Starkey Evolv Ai. C'est la promesse de la marque am\u00e9ricaine\u00a0Starkey\u00a0\u00e0 la sortie de sa","og_url":"https:\/\/www.laboratoires-unisson.com\/fr-be\/produit\/appareils-auditifs\/starkey\/evolv-ai-2400-iic-nw","og_site_name":"Laboratoires Unisson","article_modified_time":"2025-12-03T09:07:41+00:00","og_image":[{"width":433,"height":577,"url":"https:\/\/www.laboratoires-unisson.com\/wp-content\/uploads\/2022\/06\/Starkey-Evolv-AI-2400-IIC-NW.png","type":"image\/png"}],"twitter_card":"summary_large_image","twitter_misc":{"Est. reading time":"2 minutes"},"schema":{"@context":"https:\/\/schema.org","@graph":[{"@type":"WebPage","@id":"https:\/\/www.laboratoires-unisson.com\/fr-be\/produit\/appareils-auditifs\/starkey\/evolv-ai-2400-iic-nw","url":"https:\/\/www.laboratoires-unisson.com\/fr-be\/produit\/appareils-auditifs\/starkey\/evolv-ai-2400-iic-nw","name":"Evolv AI 2400 IIC NW - Laboratoires Unisson","isPartOf":{"@id":"https:\/\/www.laboratoires-unisson.com\/fr-be#website"},"primaryImageOfPage":{"@id":"https:\/\/www.laboratoires-unisson.com\/fr-be\/produit\/appareils-auditifs\/starkey\/evolv-ai-2400-iic-nw#primaryimage"},"image":{"@id":"https:\/\/www.laboratoires-unisson.com\/fr-be\/produit\/appareils-auditifs\/starkey\/evolv-ai-2400-iic-nw#primaryimage"},"thumbnailUrl":"https:\/\/www.laboratoires-unisson.com\/wp-content\/uploads\/2022\/06\/Starkey-Evolv-AI-2400-IIC-NW.png","datePublished":"2022-06-09T13:50:28+00:00","dateModified":"2025-12-03T09:07:41+00:00","description":"Entendez sans effort avec la nouvelle gamme d'appareils auditifs Starkey Evolv Ai. C'est la promesse de la marque am\u00e9ricaine\u00a0Starkey\u00a0\u00e0 la sortie de sa","breadcrumb":{"@id":"https:\/\/www.laboratoires-unisson.com\/fr-be\/produit\/appareils-auditifs\/starkey\/evolv-ai-2400-iic-nw#breadcrumb"},"inLanguage":"fr-BE","potentialAction":[{"@type":"ReadAction","target":["https:\/\/www.laboratoires-unisson.com\/fr-be\/produit\/appareils-auditifs\/starkey\/evolv-ai-2400-iic-nw"]}]},{"@type":"ImageObject","inLanguage":"fr-BE","@id":"https:\/\/www.laboratoires-unisson.com\/fr-be\/produit\/appareils-auditifs\/starkey\/evolv-ai-2400-iic-nw#primaryimage","url":"https:\/\/www.laboratoires-unisson.com\/wp-content\/uploads\/2022\/06\/Starkey-Evolv-AI-2400-IIC-NW.png","contentUrl":"https:\/\/www.laboratoires-unisson.com\/wp-content\/uploads\/2022\/06\/Starkey-Evolv-AI-2400-IIC-NW.png","width":433,"height":577},{"@type":"BreadcrumbList","@id":"https:\/\/www.laboratoires-unisson.com\/fr-be\/produit\/appareils-auditifs\/starkey\/evolv-ai-2400-iic-nw#breadcrumb","itemListElement":[{"@type":"ListItem","position":1,"name":"Shop","item":"https:\/\/www.laboratoires-unisson.com\/fr-be\/shop"},{"@type":"ListItem","position":2,"name":"Evolv AI 2400 IIC NW"}]},{"@type":"WebSite","@id":"https:\/\/www.laboratoires-unisson.com\/fr-be#website","url":"https:\/\/www.laboratoires-unisson.com\/fr-be","name":"Laboratoires Unisson","description":"Appareil auditif et proth\u00e8se auditive Moins Cher jusqu&#039;\u00e0 -40%","publisher":{"@id":"https:\/\/www.laboratoires-unisson.com\/fr-be#organization"},"potentialAction":[{"@type":"SearchAction","target":{"@type":"EntryPoint","urlTemplate":"https:\/\/www.laboratoires-unisson.com\/fr-be?s={search_term_string}"},"query-input":{"@type":"PropertyValueSpecification","valueRequired":true,"valueName":"search_term_string"}}],"inLanguage":"fr-BE"},{"@type":"Organization","@id":"https:\/\/www.laboratoires-unisson.com\/fr-be#organization","name":"Laboratoires Unisson","url":"https:\/\/www.laboratoires-unisson.com\/fr-be","logo":{"@type":"ImageObject","inLanguage":"fr-BE","@id":"https:\/\/www.laboratoires-unisson.com\/fr-be#\/schema\/logo\/image\/","url":"https:\/\/www.laboratoires-unisson.com\/wp-content\/uploads\/2022\/01\/logo-unisson.svg","contentUrl":"https:\/\/www.laboratoires-unisson.com\/wp-content\/uploads\/2022\/01\/logo-unisson.svg","width":1,"height":1,"caption":"Laboratoires Unisson"},"image":{"@id":"https:\/\/www.laboratoires-unisson.com\/fr-be#\/schema\/logo\/image\/"}}]}},"_links":{"self":[{"href":"https:\/\/www.laboratoires-unisson.com\/fr-be\/wp-json\/wp\/v2\/product\/24039","targetHints":{"allow":["GET"]}}],"collection":[{"href":"https:\/\/www.laboratoires-unisson.com\/fr-be\/wp-json\/wp\/v2\/product"}],"about":[{"href":"https:\/\/www.laboratoires-unisson.com\/fr-be\/wp-json\/wp\/v2\/types\/product"}],"wp:featuredmedia":[{"embeddable":true,"href":"https:\/\/www.laboratoires-unisson.com\/fr-be\/wp-json\/wp\/v2\/media\/20803"}],"wp:attachment":[{"href":"https:\/\/www.laboratoires-unisson.com\/fr-be\/wp-json\/wp\/v2\/media?parent=24039"}],"wp:term":[{"taxonomy":"product_brand","embeddable":true,"href":"https:\/\/www.laboratoires-unisson.com\/fr-be\/wp-json\/wp\/v2\/product_brand?post=24039"},{"taxonomy":"product_cat","embeddable":true,"href":"https:\/\/www.laboratoires-unisson.com\/fr-be\/wp-json\/wp\/v2\/product_cat?post=24039"},{"taxonomy":"product_tag","embeddable":true,"href":"https:\/\/www.laboratoires-unisson.com\/fr-be\/wp-json\/wp\/v2\/product_tag?post=24039"}],"curies":[{"name":"wp","href":"https:\/\/api.w.org\/{rel}","templated":true}]}}