{"id":24040,"date":"2022-06-09T16:17:57","date_gmt":"2022-06-09T14:17:57","guid":{"rendered":"https:\/\/www.laboratoires-unisson.com\/produit\/evolv-ai-2400-itc-r"},"modified":"2025-12-03T10:07:41","modified_gmt":"2025-12-03T09:07:41","slug":"evolv-ai-2400-itc-r","status":"publish","type":"product","link":"https:\/\/www.laboratoires-unisson.com\/fr-be\/produit\/appareils-auditifs\/starkey\/evolv-ai-2400-itc-r","title":{"rendered":"Evolv AI 2400 ITC R"},"content":{"rendered":"<p>Evolv Ai 2400 ITC R est l&#8217;appareil auditif haut de gamme de la marque\u00a0<a href=\"https:\/\/www.laboratoires-unisson.com\/fr-be\/appareils-auditifs\/marques\/starkey\">Starkey<\/a>. C&#8217;est un intra-auriculaire profond invisible. Il est dot\u00e9 de la derni\u00e8re puce Thrive avec capteurs int\u00e9gr\u00e9s et l&#8217;intelligence artificielle faisant de ce mod\u00e8le un des plus efficaces sur le march\u00e9.<\/p>\n<h4>Caract\u00e9ristiques de l&#8217;appareil auditif Starkey Evolv Ai 2400 ITC<\/h4>\n<p>Cet appareil auditif rechargeable poss\u00e8de une technologie auditive innovante, une connectivit\u00e9 et une personnalisation dernier cri.<\/p>\n<p>R\u00e9alis\u00e9 sur mesure apr\u00e8s empreinte de votre oreille, l&#8217;audioproth\u00e8se Evolv Ai 2400 ITC R se loge dans votre conduit auditif. C&#8217;est le compromis id\u00e9al entre le contour d&#8217;oreille RIC et l&#8217;intra-auriculaire (CIC) dans le cas d&#8217;une perte auditive assez importante.<\/p>\n<p>L&#8217;avantage de ce mod\u00e8le est de proposer une amplification suffisante pour \u00e9quiper des pertes auditives moyennes \u00e0 s\u00e9v\u00e8res.<\/p>\n<p>Cet appareil est dot\u00e9 d&#8217;une batterie lithium ion lui conf\u00e9rant une autonomie de 24h, m\u00eame apr\u00e8s utlisation du streaming.<\/p>\n<p>Son indice de protection est IP57, c&#8217;est \u00e0 dire qu&#8217;il poss\u00e8de une protection contra la poussi\u00e8re, l&#8217;eau et l&#8217;humidit\u00e9.<\/p>\n<p>Il est \u00e9quip\u00e9 de 24 canaux et 24 bandes de r\u00e9glages pour une restitution du son optimal et ce, dans toutes situations sonores.<\/p>\n<p>5 coloris sont disponibles pour r\u00e9pondre \u00e0 un maximum de demandes : noir, marron fonc\u00e9, marron, marron clair et chair.<\/p>\n<p>Si vous pr\u00e9f\u00e9rez un mod\u00e8le en contour d&#8217;oreille, nous vous conseillons d&#8217;opter pour l&#8217;appareil \u00e0 pile\u00a0Evolv Ai 2400 RIC 312\u00a0ou le rechargeable\u00a0Evolv Ai 2400 RIC R.<\/p>\n<h4>Evolv Ai 2400 ITC R, un appareil auditif connect\u00e9<\/h4>\n<p>Ce mod\u00e8le b\u00e9n\u00e9ficie de la technologie sans-fil la plus r\u00e9cente. \u00c9quip\u00e9 d&#8217;une connexion Bluetooth, il vous facilitera la vie gr\u00e2ce :<\/p>\n<ul>\n<li>au streaming direct sur les smartphones iOS (iPhone) et Android (via le protocole ASHA),<\/li>\n<li>\u00e0 la r\u00e9ception des appels t\u00e9l\u00e9phoniques directement dans vos aides auditives. Pour certains t\u00e9l\u00e9phones Android, il vous faudra vous \u00e9quiper de l&#8217;accessoire\u00a0Microphone +,<\/li>\n<li>\u00e0 l&#8217;\u00e9metteur TV\u00a0: ne d\u00e9rangez plus votre conjoint(e) ou famille et recevez le son de votre t\u00e9l\u00e9viseur directement dans vos aides auditives Evolv Ai<\/li>\n<\/ul>\n<h4>Une aide auditive au service de ses patients<\/h4>\n<p>Thrive Hearing Control est le nom de l&#8217;application Starkey pour smartphone et fournir un large \u00e9ventail de fonctionnalit\u00e9s ainsi que des informations sur vos aides auditives et leur utilisation. L&#8217;application mobile est compatible avec les produits Apple et Android.<\/p>\n<p>Les commandes d&#8217;application typiques telles que le changement de programme, du volume et un \u00e9galiseur sont toutes incluses. Cependant, de nombreuses fonctionnalit\u00e9s suppl\u00e9mentaires sont \u00e9galement disponibles. On citera notamment le service de t\u00e9l\u00e9audiologie &#8211; r\u00e9glages \u00e0 distance &#8211; et le syst\u00e8me de localisation de vos aides auditives \u00e9gar\u00e9es.<\/p>\n","protected":false},"excerpt":{"rendered":"<p>Evolv Ai 2400 ITC R est l&#8217;appareil auditif haut de gamme de la marque\u00a0Starkey. C&#8217;est un intra-auriculaire profond invisible. Il est dot\u00e9 de la derni\u00e8re puce Thrive avec capteurs int\u00e9gr\u00e9s et l&#8217;intelligence artificielle faisant de ce mod\u00e8le un des plus efficaces sur le march\u00e9. Caract\u00e9ristiques de l&#8217;appareil auditif Starkey Evolv Ai 2400 ITC Cet appareil [&hellip;]<\/p>\n","protected":false},"featured_media":20805,"template":"","meta":{"_acf_changed":false},"product_brand":[],"product_cat":[2684,2643],"product_tag":[],"class_list":{"0":"post-24040","1":"product","2":"type-product","3":"status-publish","4":"has-post-thumbnail","6":"product_cat-offre-premium-fr-be","7":"product_cat-starkey-fr-be","9":"first","10":"instock","11":"taxable","12":"shipping-taxable","13":"purchasable","14":"product-type-simple"},"acf":[],"yoast_head":"<!-- This site is optimized with the Yoast SEO plugin v27.1.1 - https:\/\/yoast.com\/product\/yoast-seo-wordpress\/ -->\n<title>Appareil auditif Starkey Evolv AI 2400 ITC R \u00e0 2100\u20ac - Unisson Belgique<\/title>\n<meta name=\"description\" content=\"Evolv Ai 2400 ITC R est l&#039;appareil auditif haut de gamme de la marque\u00a0Starkey. C&#039;est un intra-auriculaire profond invisible. Il est dot\u00e9 de la derni\u00e8re\" \/>\n<meta name=\"robots\" content=\"index, follow, max-snippet:-1, max-image-preview:large, max-video-preview:-1\" \/>\n<link rel=\"canonical\" href=\"https:\/\/www.laboratoires-unisson.com\/fr-be\/wp-json\/wp\/v2\/product\/24040\" \/>\n<meta property=\"og:locale\" content=\"fr_FR\" \/>\n<meta property=\"og:type\" content=\"article\" \/>\n<meta property=\"og:title\" content=\"Evolv AI 2400 ITC R - Laboratoires Unisson\" \/>\n<meta property=\"og:description\" content=\"Evolv Ai 2400 ITC R est l&#039;appareil auditif haut de gamme de la marque\u00a0Starkey. C&#039;est un intra-auriculaire profond invisible. Il est dot\u00e9 de la derni\u00e8re\" \/>\n<meta property=\"og:url\" content=\"https:\/\/www.laboratoires-unisson.com\/fr-be\/produit\/appareils-auditifs\/starkey\/evolv-ai-2400-itc-r\" \/>\n<meta property=\"og:site_name\" content=\"Laboratoires Unisson\" \/>\n<meta property=\"article:modified_time\" content=\"2025-12-03T09:07:41+00:00\" \/>\n<meta property=\"og:image\" content=\"https:\/\/www.laboratoires-unisson.com\/wp-content\/uploads\/2022\/06\/Starkey-Evolv-AI-2400-ITC-R.png\" \/>\n\t<meta property=\"og:image:width\" content=\"450\" \/>\n\t<meta property=\"og:image:height\" content=\"500\" \/>\n\t<meta property=\"og:image:type\" content=\"image\/png\" \/>\n<meta name=\"twitter:card\" content=\"summary_large_image\" \/>\n<meta name=\"twitter:label1\" content=\"Est. reading time\" \/>\n\t<meta name=\"twitter:data1\" content=\"3 minutes\" \/>\n<script type=\"application\/ld+json\" class=\"yoast-schema-graph\">{\"@context\":\"https:\/\/schema.org\",\"@graph\":[{\"@type\":\"WebPage\",\"@id\":\"https:\/\/www.laboratoires-unisson.com\/fr-be\/produit\/appareils-auditifs\/starkey\/evolv-ai-2400-itc-r\",\"url\":\"https:\/\/www.laboratoires-unisson.com\/fr-be\/produit\/appareils-auditifs\/starkey\/evolv-ai-2400-itc-r\",\"name\":\"Evolv AI 2400 ITC R - Laboratoires Unisson\",\"isPartOf\":{\"@id\":\"https:\/\/www.laboratoires-unisson.com\/fr-be#website\"},\"primaryImageOfPage\":{\"@id\":\"https:\/\/www.laboratoires-unisson.com\/fr-be\/produit\/appareils-auditifs\/starkey\/evolv-ai-2400-itc-r#primaryimage\"},\"image\":{\"@id\":\"https:\/\/www.laboratoires-unisson.com\/fr-be\/produit\/appareils-auditifs\/starkey\/evolv-ai-2400-itc-r#primaryimage\"},\"thumbnailUrl\":\"https:\/\/www.laboratoires-unisson.com\/wp-content\/uploads\/2022\/06\/Starkey-Evolv-AI-2400-ITC-R.png\",\"datePublished\":\"2022-06-09T14:17:57+00:00\",\"dateModified\":\"2025-12-03T09:07:41+00:00\",\"description\":\"Evolv Ai 2400 ITC R est l'appareil auditif haut de gamme de la marque\u00a0Starkey. C'est un intra-auriculaire profond invisible. Il est dot\u00e9 de la derni\u00e8re\",\"breadcrumb\":{\"@id\":\"https:\/\/www.laboratoires-unisson.com\/fr-be\/produit\/appareils-auditifs\/starkey\/evolv-ai-2400-itc-r#breadcrumb\"},\"inLanguage\":\"fr-BE\",\"potentialAction\":[{\"@type\":\"ReadAction\",\"target\":[\"https:\/\/www.laboratoires-unisson.com\/fr-be\/produit\/appareils-auditifs\/starkey\/evolv-ai-2400-itc-r\"]}]},{\"@type\":\"ImageObject\",\"inLanguage\":\"fr-BE\",\"@id\":\"https:\/\/www.laboratoires-unisson.com\/fr-be\/produit\/appareils-auditifs\/starkey\/evolv-ai-2400-itc-r#primaryimage\",\"url\":\"https:\/\/www.laboratoires-unisson.com\/wp-content\/uploads\/2022\/06\/Starkey-Evolv-AI-2400-ITC-R.png\",\"contentUrl\":\"https:\/\/www.laboratoires-unisson.com\/wp-content\/uploads\/2022\/06\/Starkey-Evolv-AI-2400-ITC-R.png\",\"width\":450,\"height\":500},{\"@type\":\"BreadcrumbList\",\"@id\":\"https:\/\/www.laboratoires-unisson.com\/fr-be\/produit\/appareils-auditifs\/starkey\/evolv-ai-2400-itc-r#breadcrumb\",\"itemListElement\":[{\"@type\":\"ListItem\",\"position\":1,\"name\":\"Shop\",\"item\":\"https:\/\/www.laboratoires-unisson.com\/fr-be\/shop\"},{\"@type\":\"ListItem\",\"position\":2,\"name\":\"Evolv AI 2400 ITC R\"}]},{\"@type\":\"WebSite\",\"@id\":\"https:\/\/www.laboratoires-unisson.com\/fr-be#website\",\"url\":\"https:\/\/www.laboratoires-unisson.com\/fr-be\",\"name\":\"Laboratoires Unisson\",\"description\":\"Appareil auditif et proth\u00e8se auditive Moins Cher jusqu&#039;\u00e0 -40%\",\"publisher\":{\"@id\":\"https:\/\/www.laboratoires-unisson.com\/fr-be#organization\"},\"potentialAction\":[{\"@type\":\"SearchAction\",\"target\":{\"@type\":\"EntryPoint\",\"urlTemplate\":\"https:\/\/www.laboratoires-unisson.com\/fr-be?s={search_term_string}\"},\"query-input\":{\"@type\":\"PropertyValueSpecification\",\"valueRequired\":true,\"valueName\":\"search_term_string\"}}],\"inLanguage\":\"fr-BE\"},{\"@type\":\"Organization\",\"@id\":\"https:\/\/www.laboratoires-unisson.com\/fr-be#organization\",\"name\":\"Laboratoires Unisson\",\"url\":\"https:\/\/www.laboratoires-unisson.com\/fr-be\",\"logo\":{\"@type\":\"ImageObject\",\"inLanguage\":\"fr-BE\",\"@id\":\"https:\/\/www.laboratoires-unisson.com\/fr-be#\/schema\/logo\/image\/\",\"url\":\"https:\/\/www.laboratoires-unisson.com\/wp-content\/uploads\/2022\/01\/logo-unisson.svg\",\"contentUrl\":\"https:\/\/www.laboratoires-unisson.com\/wp-content\/uploads\/2022\/01\/logo-unisson.svg\",\"width\":1,\"height\":1,\"caption\":\"Laboratoires Unisson\"},\"image\":{\"@id\":\"https:\/\/www.laboratoires-unisson.com\/fr-be#\/schema\/logo\/image\/\"}}]}<\/script>\n<!-- \/ Yoast SEO plugin. -->","yoast_head_json":{"title":"Appareil auditif Starkey Evolv AI 2400 ITC R \u00e0 2100\u20ac - Unisson Belgique","description":"Evolv Ai 2400 ITC R est l'appareil auditif haut de gamme de la marque\u00a0Starkey. C'est un intra-auriculaire profond invisible. Il est dot\u00e9 de la derni\u00e8re","robots":{"index":"index","follow":"follow","max-snippet":"max-snippet:-1","max-image-preview":"max-image-preview:large","max-video-preview":"max-video-preview:-1"},"canonical":"https:\/\/www.laboratoires-unisson.com\/fr-be\/wp-json\/wp\/v2\/product\/24040","og_locale":"fr_FR","og_type":"article","og_title":"Evolv AI 2400 ITC R - Laboratoires Unisson","og_description":"Evolv Ai 2400 ITC R est l'appareil auditif haut de gamme de la marque\u00a0Starkey. C'est un intra-auriculaire profond invisible. Il est dot\u00e9 de la derni\u00e8re","og_url":"https:\/\/www.laboratoires-unisson.com\/fr-be\/produit\/appareils-auditifs\/starkey\/evolv-ai-2400-itc-r","og_site_name":"Laboratoires Unisson","article_modified_time":"2025-12-03T09:07:41+00:00","og_image":[{"width":450,"height":500,"url":"https:\/\/www.laboratoires-unisson.com\/wp-content\/uploads\/2022\/06\/Starkey-Evolv-AI-2400-ITC-R.png","type":"image\/png"}],"twitter_card":"summary_large_image","twitter_misc":{"Est. reading time":"3 minutes"},"schema":{"@context":"https:\/\/schema.org","@graph":[{"@type":"WebPage","@id":"https:\/\/www.laboratoires-unisson.com\/fr-be\/produit\/appareils-auditifs\/starkey\/evolv-ai-2400-itc-r","url":"https:\/\/www.laboratoires-unisson.com\/fr-be\/produit\/appareils-auditifs\/starkey\/evolv-ai-2400-itc-r","name":"Evolv AI 2400 ITC R - Laboratoires Unisson","isPartOf":{"@id":"https:\/\/www.laboratoires-unisson.com\/fr-be#website"},"primaryImageOfPage":{"@id":"https:\/\/www.laboratoires-unisson.com\/fr-be\/produit\/appareils-auditifs\/starkey\/evolv-ai-2400-itc-r#primaryimage"},"image":{"@id":"https:\/\/www.laboratoires-unisson.com\/fr-be\/produit\/appareils-auditifs\/starkey\/evolv-ai-2400-itc-r#primaryimage"},"thumbnailUrl":"https:\/\/www.laboratoires-unisson.com\/wp-content\/uploads\/2022\/06\/Starkey-Evolv-AI-2400-ITC-R.png","datePublished":"2022-06-09T14:17:57+00:00","dateModified":"2025-12-03T09:07:41+00:00","description":"Evolv Ai 2400 ITC R est l'appareil auditif haut de gamme de la marque\u00a0Starkey. C'est un intra-auriculaire profond invisible. Il est dot\u00e9 de la derni\u00e8re","breadcrumb":{"@id":"https:\/\/www.laboratoires-unisson.com\/fr-be\/produit\/appareils-auditifs\/starkey\/evolv-ai-2400-itc-r#breadcrumb"},"inLanguage":"fr-BE","potentialAction":[{"@type":"ReadAction","target":["https:\/\/www.laboratoires-unisson.com\/fr-be\/produit\/appareils-auditifs\/starkey\/evolv-ai-2400-itc-r"]}]},{"@type":"ImageObject","inLanguage":"fr-BE","@id":"https:\/\/www.laboratoires-unisson.com\/fr-be\/produit\/appareils-auditifs\/starkey\/evolv-ai-2400-itc-r#primaryimage","url":"https:\/\/www.laboratoires-unisson.com\/wp-content\/uploads\/2022\/06\/Starkey-Evolv-AI-2400-ITC-R.png","contentUrl":"https:\/\/www.laboratoires-unisson.com\/wp-content\/uploads\/2022\/06\/Starkey-Evolv-AI-2400-ITC-R.png","width":450,"height":500},{"@type":"BreadcrumbList","@id":"https:\/\/www.laboratoires-unisson.com\/fr-be\/produit\/appareils-auditifs\/starkey\/evolv-ai-2400-itc-r#breadcrumb","itemListElement":[{"@type":"ListItem","position":1,"name":"Shop","item":"https:\/\/www.laboratoires-unisson.com\/fr-be\/shop"},{"@type":"ListItem","position":2,"name":"Evolv AI 2400 ITC R"}]},{"@type":"WebSite","@id":"https:\/\/www.laboratoires-unisson.com\/fr-be#website","url":"https:\/\/www.laboratoires-unisson.com\/fr-be","name":"Laboratoires Unisson","description":"Appareil auditif et proth\u00e8se auditive Moins Cher jusqu&#039;\u00e0 -40%","publisher":{"@id":"https:\/\/www.laboratoires-unisson.com\/fr-be#organization"},"potentialAction":[{"@type":"SearchAction","target":{"@type":"EntryPoint","urlTemplate":"https:\/\/www.laboratoires-unisson.com\/fr-be?s={search_term_string}"},"query-input":{"@type":"PropertyValueSpecification","valueRequired":true,"valueName":"search_term_string"}}],"inLanguage":"fr-BE"},{"@type":"Organization","@id":"https:\/\/www.laboratoires-unisson.com\/fr-be#organization","name":"Laboratoires Unisson","url":"https:\/\/www.laboratoires-unisson.com\/fr-be","logo":{"@type":"ImageObject","inLanguage":"fr-BE","@id":"https:\/\/www.laboratoires-unisson.com\/fr-be#\/schema\/logo\/image\/","url":"https:\/\/www.laboratoires-unisson.com\/wp-content\/uploads\/2022\/01\/logo-unisson.svg","contentUrl":"https:\/\/www.laboratoires-unisson.com\/wp-content\/uploads\/2022\/01\/logo-unisson.svg","width":1,"height":1,"caption":"Laboratoires Unisson"},"image":{"@id":"https:\/\/www.laboratoires-unisson.com\/fr-be#\/schema\/logo\/image\/"}}]}},"_links":{"self":[{"href":"https:\/\/www.laboratoires-unisson.com\/fr-be\/wp-json\/wp\/v2\/product\/24040","targetHints":{"allow":["GET"]}}],"collection":[{"href":"https:\/\/www.laboratoires-unisson.com\/fr-be\/wp-json\/wp\/v2\/product"}],"about":[{"href":"https:\/\/www.laboratoires-unisson.com\/fr-be\/wp-json\/wp\/v2\/types\/product"}],"wp:featuredmedia":[{"embeddable":true,"href":"https:\/\/www.laboratoires-unisson.com\/fr-be\/wp-json\/wp\/v2\/media\/20805"}],"wp:attachment":[{"href":"https:\/\/www.laboratoires-unisson.com\/fr-be\/wp-json\/wp\/v2\/media?parent=24040"}],"wp:term":[{"taxonomy":"product_brand","embeddable":true,"href":"https:\/\/www.laboratoires-unisson.com\/fr-be\/wp-json\/wp\/v2\/product_brand?post=24040"},{"taxonomy":"product_cat","embeddable":true,"href":"https:\/\/www.laboratoires-unisson.com\/fr-be\/wp-json\/wp\/v2\/product_cat?post=24040"},{"taxonomy":"product_tag","embeddable":true,"href":"https:\/\/www.laboratoires-unisson.com\/fr-be\/wp-json\/wp\/v2\/product_tag?post=24040"}],"curies":[{"name":"wp","href":"https:\/\/api.w.org\/{rel}","templated":true}]}}