{"id":24041,"date":"2022-06-09T15:18:13","date_gmt":"2022-06-09T13:18:13","guid":{"rendered":"https:\/\/www.laboratoires-unisson.com\/produit\/evolv-ai-2400-ric-312"},"modified":"2025-12-03T10:07:42","modified_gmt":"2025-12-03T09:07:42","slug":"evolv-ai-2400-ric-312","status":"publish","type":"product","link":"https:\/\/www.laboratoires-unisson.com\/fr-be\/produit\/appareils-auditifs\/starkey\/evolv-ai-2400-ric-312","title":{"rendered":"Evolv AI 2400 RIC 312"},"content":{"rendered":"<p>L\u2019appareil auditif Starkey Evolv AI 2400 RIC 312 est un mod\u00e8le RIC \u00e0 pile auditive et connect\u00e9. Il convient aux pertes auditives l\u00e9g\u00e8res \u00e0 s\u00e9v\u00e8res.<\/p>\n<h4>Les performances auditives de l\u2019aide auditive Starkey Evolv AI 2400 RIC 312<\/h4>\n<p><u>Starkey Sound<\/u>\u00a0: 55 millions de r\u00e9glages par heure, offrant un son automatique, r\u00e9aliste et de qualit\u00e9<\/p>\n<p><u>Audio bidirectionnel<\/u>\u00a0: les microphones captent et diffusent les voix directement sur votre smartphone et vos appareils iPhone vous offrant les appels mains libres<\/p>\n<p><u>Mode Edge<\/u>\u00a0: entendez mieux dans des environnements difficiles en utilisant cette fonctionnalit\u00e9 de technologie AI dans l\u2019application Thrive<\/p>\n<p><u>Voice AI<\/u>\u00a0: cette fonction d\u2019am\u00e9lioration de la parole utilise votre iPhone pour offrir une exp\u00e9rience auditive sans pr\u00e9c\u00e9dent<\/p>\n<p><u>Programmes personnalis\u00e9s<\/u>\u00a0: cr\u00e9ez vos propres programmes d\u2019\u00e9coute (maison, restaurant, caf\u00e9, th\u00e9\u00e2tre, cin\u00e9ma etc.)<\/p>\n<p><u>MultiFlex Tinnitus<\/u>\u00a0: prise en charge des acouph\u00e8nes<\/p>\n<p>La technologie Healthable vous permet de suivre votre sant\u00e9 :<\/p>\n<ul>\n<li>suivi d\u2019activit\u00e9 : mesure le nombre de pas, vos mouvements et toute activit\u00e9 intense<\/li>\n<li>suivi d\u2019engagement : appr\u00e9ciez le b\u00e9n\u00e9fice de vos aides auditives Starkey Evolv\u00a0sur votre sant\u00e9<\/li>\n<li>d\u00e9tection et alerte de chute<\/li>\n<\/ul>\n<h4>Caract\u00e9ristiques du mod\u00e8le Evolv AI 2400 RIC 312<\/h4>\n<p>Cette\u00a0<a href=\"https:\/\/www.laboratoires-unisson.com\/fr-be\/appareils-auditifs\">aide auditive<\/a>\u00a0sophistiqu\u00e9e propose 24 bandes de r\u00e9glages, un double bouton poussoir pour le contr\u00f4le du volume et des programmes, une bobine \u00e0 induction et offre un rev\u00eatement r\u00e9sistant \u00e0 l\u2019eau, l\u2019humidit\u00e9 et la poussi\u00e8re. Elle fonctionne avec une pile auditive 312.<\/p>\n<p>\u00c9galement \u00e9quip\u00e9e d\u2019une connexion Bluetooth pour iPhone et ASHA, elle offre un couplage plus rapide \u00e0 tous les appareils Bluetooth sans fil.<\/p>\n<h4>Connectivit\u00e9 Bluetooth &amp; accessoires sans fil<\/h4>\n<p>L\u2019appareil auditif Evolv AI 2400 RIC 312 est \u00e9quip\u00e9 d\u2019une connexion Bluetooth et offre un streaming audio direct vers les appareils iPhone et Android (protocole ASHA).<\/p>\n<p>Afin d\u2019enrichir votre exp\u00e9rience auditive, vous pourrez coupler l\u2019achat de vos aides auditives avec des accessoires sans fil : t\u00e9l\u00e9commande<\/p>\n<ul>\n<li>Micro d\u00e9port\u00e9,<\/li>\n<li>Adaptateur TV,<\/li>\n<li>Mini microphone \u00e0 distance<\/li>\n<\/ul>\n<h4>Application mobile Thrive<\/h4>\n<p>De nombreuses fonctionnalit\u00e9s sont disponibles sur cette application, disponible sur Apple et Android :<\/p>\n<ul>\n<li>Changement des programmes et volume<\/li>\n<li>\u00c9galiseur<\/li>\n<li>R\u00e9glages \u00e0 distance et t\u00e9l\u00e9consultation<\/li>\n<li>Suivi de votre sant\u00e9 et activit\u00e9<\/li>\n<li>Alertes de chute<\/li>\n<li>Assistant virtuel<\/li>\n<li>Rappels<\/li>\n<li>etc.<\/li>\n<\/ul>\n","protected":false},"excerpt":{"rendered":"<p>L\u2019appareil auditif Starkey Evolv AI 2400 RIC 312 est un mod\u00e8le RIC \u00e0 pile auditive et connect\u00e9. Il convient aux pertes auditives l\u00e9g\u00e8res \u00e0 s\u00e9v\u00e8res. Les performances auditives de l\u2019aide auditive Starkey Evolv AI 2400 RIC 312 Starkey Sound\u00a0: 55 millions de r\u00e9glages par heure, offrant un son automatique, r\u00e9aliste et de qualit\u00e9 Audio bidirectionnel\u00a0: [&hellip;]<\/p>\n","protected":false},"featured_media":20808,"template":"","meta":{"_acf_changed":false},"product_brand":[],"product_cat":[2684,2643],"product_tag":[],"class_list":{"0":"post-24041","1":"product","2":"type-product","3":"status-publish","4":"has-post-thumbnail","6":"product_cat-offre-premium-fr-be","7":"product_cat-starkey-fr-be","9":"first","10":"instock","11":"taxable","12":"shipping-taxable","13":"purchasable","14":"product-type-simple"},"acf":[],"yoast_head":"<!-- This site is optimized with the Yoast SEO plugin v27.1.1 - https:\/\/yoast.com\/product\/yoast-seo-wordpress\/ -->\n<title>Appareil auditif Starkey Evolv AI 2400 RIC 312 \u00e0 2100\u20ac - Unisson Belgique<\/title>\n<meta name=\"description\" content=\"L\u2019appareil auditif Starkey Evolv AI 2400 RIC 312 est un mod\u00e8le RIC \u00e0 pile auditive et connect\u00e9. Il convient aux pertes auditives l\u00e9g\u00e8res \u00e0 s\u00e9v\u00e8res. Les\" \/>\n<meta name=\"robots\" content=\"index, follow, max-snippet:-1, max-image-preview:large, max-video-preview:-1\" \/>\n<link rel=\"canonical\" href=\"https:\/\/www.laboratoires-unisson.com\/fr-be\/wp-json\/wp\/v2\/product\/24041\" \/>\n<meta property=\"og:locale\" content=\"fr_FR\" \/>\n<meta property=\"og:type\" content=\"article\" \/>\n<meta property=\"og:title\" content=\"Evolv AI 2400 RIC 312 - Laboratoires Unisson\" \/>\n<meta property=\"og:description\" content=\"L\u2019appareil auditif Starkey Evolv AI 2400 RIC 312 est un mod\u00e8le RIC \u00e0 pile auditive et connect\u00e9. Il convient aux pertes auditives l\u00e9g\u00e8res \u00e0 s\u00e9v\u00e8res. Les\" \/>\n<meta property=\"og:url\" content=\"https:\/\/www.laboratoires-unisson.com\/fr-be\/produit\/appareils-auditifs\/starkey\/evolv-ai-2400-ric-312\" \/>\n<meta property=\"og:site_name\" content=\"Laboratoires Unisson\" \/>\n<meta property=\"article:modified_time\" content=\"2025-12-03T09:07:42+00:00\" \/>\n<meta property=\"og:image\" content=\"https:\/\/www.laboratoires-unisson.com\/wp-content\/uploads\/2022\/06\/Starkey-Evolv-AI_2400-RIC-312.png\" \/>\n\t<meta property=\"og:image:width\" content=\"450\" \/>\n\t<meta property=\"og:image:height\" content=\"500\" \/>\n\t<meta property=\"og:image:type\" content=\"image\/png\" \/>\n<meta name=\"twitter:card\" content=\"summary_large_image\" \/>\n<meta name=\"twitter:label1\" content=\"Est. reading time\" \/>\n\t<meta name=\"twitter:data1\" content=\"2 minutes\" \/>\n<script type=\"application\/ld+json\" class=\"yoast-schema-graph\">{\"@context\":\"https:\/\/schema.org\",\"@graph\":[{\"@type\":\"WebPage\",\"@id\":\"https:\/\/www.laboratoires-unisson.com\/fr-be\/produit\/appareils-auditifs\/starkey\/evolv-ai-2400-ric-312\",\"url\":\"https:\/\/www.laboratoires-unisson.com\/fr-be\/produit\/appareils-auditifs\/starkey\/evolv-ai-2400-ric-312\",\"name\":\"Evolv AI 2400 RIC 312 - Laboratoires Unisson\",\"isPartOf\":{\"@id\":\"https:\/\/www.laboratoires-unisson.com\/fr-be#website\"},\"primaryImageOfPage\":{\"@id\":\"https:\/\/www.laboratoires-unisson.com\/fr-be\/produit\/appareils-auditifs\/starkey\/evolv-ai-2400-ric-312#primaryimage\"},\"image\":{\"@id\":\"https:\/\/www.laboratoires-unisson.com\/fr-be\/produit\/appareils-auditifs\/starkey\/evolv-ai-2400-ric-312#primaryimage\"},\"thumbnailUrl\":\"https:\/\/www.laboratoires-unisson.com\/wp-content\/uploads\/2022\/06\/Starkey-Evolv-AI_2400-RIC-312.png\",\"datePublished\":\"2022-06-09T13:18:13+00:00\",\"dateModified\":\"2025-12-03T09:07:42+00:00\",\"description\":\"L\u2019appareil auditif Starkey Evolv AI 2400 RIC 312 est un mod\u00e8le RIC \u00e0 pile auditive et connect\u00e9. Il convient aux pertes auditives l\u00e9g\u00e8res \u00e0 s\u00e9v\u00e8res. Les\",\"breadcrumb\":{\"@id\":\"https:\/\/www.laboratoires-unisson.com\/fr-be\/produit\/appareils-auditifs\/starkey\/evolv-ai-2400-ric-312#breadcrumb\"},\"inLanguage\":\"fr-BE\",\"potentialAction\":[{\"@type\":\"ReadAction\",\"target\":[\"https:\/\/www.laboratoires-unisson.com\/fr-be\/produit\/appareils-auditifs\/starkey\/evolv-ai-2400-ric-312\"]}]},{\"@type\":\"ImageObject\",\"inLanguage\":\"fr-BE\",\"@id\":\"https:\/\/www.laboratoires-unisson.com\/fr-be\/produit\/appareils-auditifs\/starkey\/evolv-ai-2400-ric-312#primaryimage\",\"url\":\"https:\/\/www.laboratoires-unisson.com\/wp-content\/uploads\/2022\/06\/Starkey-Evolv-AI_2400-RIC-312.png\",\"contentUrl\":\"https:\/\/www.laboratoires-unisson.com\/wp-content\/uploads\/2022\/06\/Starkey-Evolv-AI_2400-RIC-312.png\",\"width\":450,\"height\":500},{\"@type\":\"BreadcrumbList\",\"@id\":\"https:\/\/www.laboratoires-unisson.com\/fr-be\/produit\/appareils-auditifs\/starkey\/evolv-ai-2400-ric-312#breadcrumb\",\"itemListElement\":[{\"@type\":\"ListItem\",\"position\":1,\"name\":\"Shop\",\"item\":\"https:\/\/www.laboratoires-unisson.com\/fr-be\/shop\"},{\"@type\":\"ListItem\",\"position\":2,\"name\":\"Evolv AI 2400 RIC 312\"}]},{\"@type\":\"WebSite\",\"@id\":\"https:\/\/www.laboratoires-unisson.com\/fr-be#website\",\"url\":\"https:\/\/www.laboratoires-unisson.com\/fr-be\",\"name\":\"Laboratoires Unisson\",\"description\":\"Appareil auditif et proth\u00e8se auditive Moins Cher jusqu&#039;\u00e0 -40%\",\"publisher\":{\"@id\":\"https:\/\/www.laboratoires-unisson.com\/fr-be#organization\"},\"potentialAction\":[{\"@type\":\"SearchAction\",\"target\":{\"@type\":\"EntryPoint\",\"urlTemplate\":\"https:\/\/www.laboratoires-unisson.com\/fr-be?s={search_term_string}\"},\"query-input\":{\"@type\":\"PropertyValueSpecification\",\"valueRequired\":true,\"valueName\":\"search_term_string\"}}],\"inLanguage\":\"fr-BE\"},{\"@type\":\"Organization\",\"@id\":\"https:\/\/www.laboratoires-unisson.com\/fr-be#organization\",\"name\":\"Laboratoires Unisson\",\"url\":\"https:\/\/www.laboratoires-unisson.com\/fr-be\",\"logo\":{\"@type\":\"ImageObject\",\"inLanguage\":\"fr-BE\",\"@id\":\"https:\/\/www.laboratoires-unisson.com\/fr-be#\/schema\/logo\/image\/\",\"url\":\"https:\/\/www.laboratoires-unisson.com\/wp-content\/uploads\/2022\/01\/logo-unisson.svg\",\"contentUrl\":\"https:\/\/www.laboratoires-unisson.com\/wp-content\/uploads\/2022\/01\/logo-unisson.svg\",\"width\":1,\"height\":1,\"caption\":\"Laboratoires Unisson\"},\"image\":{\"@id\":\"https:\/\/www.laboratoires-unisson.com\/fr-be#\/schema\/logo\/image\/\"}}]}<\/script>\n<!-- \/ Yoast SEO plugin. -->","yoast_head_json":{"title":"Appareil auditif Starkey Evolv AI 2400 RIC 312 \u00e0 2100\u20ac - Unisson Belgique","description":"L\u2019appareil auditif Starkey Evolv AI 2400 RIC 312 est un mod\u00e8le RIC \u00e0 pile auditive et connect\u00e9. Il convient aux pertes auditives l\u00e9g\u00e8res \u00e0 s\u00e9v\u00e8res. Les","robots":{"index":"index","follow":"follow","max-snippet":"max-snippet:-1","max-image-preview":"max-image-preview:large","max-video-preview":"max-video-preview:-1"},"canonical":"https:\/\/www.laboratoires-unisson.com\/fr-be\/wp-json\/wp\/v2\/product\/24041","og_locale":"fr_FR","og_type":"article","og_title":"Evolv AI 2400 RIC 312 - Laboratoires Unisson","og_description":"L\u2019appareil auditif Starkey Evolv AI 2400 RIC 312 est un mod\u00e8le RIC \u00e0 pile auditive et connect\u00e9. Il convient aux pertes auditives l\u00e9g\u00e8res \u00e0 s\u00e9v\u00e8res. Les","og_url":"https:\/\/www.laboratoires-unisson.com\/fr-be\/produit\/appareils-auditifs\/starkey\/evolv-ai-2400-ric-312","og_site_name":"Laboratoires Unisson","article_modified_time":"2025-12-03T09:07:42+00:00","og_image":[{"width":450,"height":500,"url":"https:\/\/www.laboratoires-unisson.com\/wp-content\/uploads\/2022\/06\/Starkey-Evolv-AI_2400-RIC-312.png","type":"image\/png"}],"twitter_card":"summary_large_image","twitter_misc":{"Est. reading time":"2 minutes"},"schema":{"@context":"https:\/\/schema.org","@graph":[{"@type":"WebPage","@id":"https:\/\/www.laboratoires-unisson.com\/fr-be\/produit\/appareils-auditifs\/starkey\/evolv-ai-2400-ric-312","url":"https:\/\/www.laboratoires-unisson.com\/fr-be\/produit\/appareils-auditifs\/starkey\/evolv-ai-2400-ric-312","name":"Evolv AI 2400 RIC 312 - Laboratoires Unisson","isPartOf":{"@id":"https:\/\/www.laboratoires-unisson.com\/fr-be#website"},"primaryImageOfPage":{"@id":"https:\/\/www.laboratoires-unisson.com\/fr-be\/produit\/appareils-auditifs\/starkey\/evolv-ai-2400-ric-312#primaryimage"},"image":{"@id":"https:\/\/www.laboratoires-unisson.com\/fr-be\/produit\/appareils-auditifs\/starkey\/evolv-ai-2400-ric-312#primaryimage"},"thumbnailUrl":"https:\/\/www.laboratoires-unisson.com\/wp-content\/uploads\/2022\/06\/Starkey-Evolv-AI_2400-RIC-312.png","datePublished":"2022-06-09T13:18:13+00:00","dateModified":"2025-12-03T09:07:42+00:00","description":"L\u2019appareil auditif Starkey Evolv AI 2400 RIC 312 est un mod\u00e8le RIC \u00e0 pile auditive et connect\u00e9. Il convient aux pertes auditives l\u00e9g\u00e8res \u00e0 s\u00e9v\u00e8res. Les","breadcrumb":{"@id":"https:\/\/www.laboratoires-unisson.com\/fr-be\/produit\/appareils-auditifs\/starkey\/evolv-ai-2400-ric-312#breadcrumb"},"inLanguage":"fr-BE","potentialAction":[{"@type":"ReadAction","target":["https:\/\/www.laboratoires-unisson.com\/fr-be\/produit\/appareils-auditifs\/starkey\/evolv-ai-2400-ric-312"]}]},{"@type":"ImageObject","inLanguage":"fr-BE","@id":"https:\/\/www.laboratoires-unisson.com\/fr-be\/produit\/appareils-auditifs\/starkey\/evolv-ai-2400-ric-312#primaryimage","url":"https:\/\/www.laboratoires-unisson.com\/wp-content\/uploads\/2022\/06\/Starkey-Evolv-AI_2400-RIC-312.png","contentUrl":"https:\/\/www.laboratoires-unisson.com\/wp-content\/uploads\/2022\/06\/Starkey-Evolv-AI_2400-RIC-312.png","width":450,"height":500},{"@type":"BreadcrumbList","@id":"https:\/\/www.laboratoires-unisson.com\/fr-be\/produit\/appareils-auditifs\/starkey\/evolv-ai-2400-ric-312#breadcrumb","itemListElement":[{"@type":"ListItem","position":1,"name":"Shop","item":"https:\/\/www.laboratoires-unisson.com\/fr-be\/shop"},{"@type":"ListItem","position":2,"name":"Evolv AI 2400 RIC 312"}]},{"@type":"WebSite","@id":"https:\/\/www.laboratoires-unisson.com\/fr-be#website","url":"https:\/\/www.laboratoires-unisson.com\/fr-be","name":"Laboratoires Unisson","description":"Appareil auditif et proth\u00e8se auditive Moins Cher jusqu&#039;\u00e0 -40%","publisher":{"@id":"https:\/\/www.laboratoires-unisson.com\/fr-be#organization"},"potentialAction":[{"@type":"SearchAction","target":{"@type":"EntryPoint","urlTemplate":"https:\/\/www.laboratoires-unisson.com\/fr-be?s={search_term_string}"},"query-input":{"@type":"PropertyValueSpecification","valueRequired":true,"valueName":"search_term_string"}}],"inLanguage":"fr-BE"},{"@type":"Organization","@id":"https:\/\/www.laboratoires-unisson.com\/fr-be#organization","name":"Laboratoires Unisson","url":"https:\/\/www.laboratoires-unisson.com\/fr-be","logo":{"@type":"ImageObject","inLanguage":"fr-BE","@id":"https:\/\/www.laboratoires-unisson.com\/fr-be#\/schema\/logo\/image\/","url":"https:\/\/www.laboratoires-unisson.com\/wp-content\/uploads\/2022\/01\/logo-unisson.svg","contentUrl":"https:\/\/www.laboratoires-unisson.com\/wp-content\/uploads\/2022\/01\/logo-unisson.svg","width":1,"height":1,"caption":"Laboratoires Unisson"},"image":{"@id":"https:\/\/www.laboratoires-unisson.com\/fr-be#\/schema\/logo\/image\/"}}]}},"_links":{"self":[{"href":"https:\/\/www.laboratoires-unisson.com\/fr-be\/wp-json\/wp\/v2\/product\/24041","targetHints":{"allow":["GET"]}}],"collection":[{"href":"https:\/\/www.laboratoires-unisson.com\/fr-be\/wp-json\/wp\/v2\/product"}],"about":[{"href":"https:\/\/www.laboratoires-unisson.com\/fr-be\/wp-json\/wp\/v2\/types\/product"}],"wp:featuredmedia":[{"embeddable":true,"href":"https:\/\/www.laboratoires-unisson.com\/fr-be\/wp-json\/wp\/v2\/media\/20808"}],"wp:attachment":[{"href":"https:\/\/www.laboratoires-unisson.com\/fr-be\/wp-json\/wp\/v2\/media?parent=24041"}],"wp:term":[{"taxonomy":"product_brand","embeddable":true,"href":"https:\/\/www.laboratoires-unisson.com\/fr-be\/wp-json\/wp\/v2\/product_brand?post=24041"},{"taxonomy":"product_cat","embeddable":true,"href":"https:\/\/www.laboratoires-unisson.com\/fr-be\/wp-json\/wp\/v2\/product_cat?post=24041"},{"taxonomy":"product_tag","embeddable":true,"href":"https:\/\/www.laboratoires-unisson.com\/fr-be\/wp-json\/wp\/v2\/product_tag?post=24041"}],"curies":[{"name":"wp","href":"https:\/\/api.w.org\/{rel}","templated":true}]}}