{"id":24042,"date":"2022-06-09T15:41:26","date_gmt":"2022-06-09T13:41:26","guid":{"rendered":"https:\/\/www.laboratoires-unisson.com\/produit\/evolv-ai-2400-ric-r"},"modified":"2025-12-03T10:07:42","modified_gmt":"2025-12-03T09:07:42","slug":"evolv-ai-2400-ric-r","status":"publish","type":"product","link":"https:\/\/www.laboratoires-unisson.com\/fr-be\/produit\/appareils-auditifs\/starkey\/evolv-ai-2400-ric-r","title":{"rendered":"Evolv AI 2400 RIC R"},"content":{"rendered":"<p>L\u2019appareil auditif Starkey Evolv AI 2400 RIC R est un mod\u00e8le RIC rechargeable et connect\u00e9. Il est adapt\u00e9 pour tout type de perte auditive.<\/p>\n<h4>La gamme Starkey Evolv AI<\/h4>\n<p>La g\u00e9n\u00e9ration Evolv AI, comme son pr\u00e9d\u00e9cesseur Livio, int\u00e8gre des capteurs de mouvement qui peuvent suivre l\u2019utilisation de votre aide auditive et vos mouvements physiques et peuvent \u00e9galement aider \u00e0 d\u00e9tecter les chutes et m\u00eame alerter vos proches. Il existe \u00e9galement d\u2019autres fonctionnalit\u00e9s telles que la traduction automatique et le t\u00e9l\u00e9 r\u00e9glages.<\/p>\n<p>Le mode Edge a \u00e9t\u00e9 am\u00e9lior\u00e9 et vous offre une r\u00e9duction du bruit de l\u2019ordre de 40% par rapport \u00e0 la gamme Livio. La vitesse des calculs pour les fonctions automatiques a \u00e9galement \u00e9t\u00e9 augment\u00e9e.<\/p>\n<p>Le mod\u00e8le Evolv AI 2400 RIC R propose plus de fonctionnalit\u00e9s et de canaux de traitement et offre un son de qualit\u00e9 dans tous les environnements d\u2019\u00e9coute.<\/p>\n<p>Un programme d\u00e9di\u00e9 aux acouph\u00e8nes permet de les soulager.<\/p>\n<p>Une nouvelle fonctionnalit\u00e9 fait son apparition : l\u2019Audio Bidirectionnel. Vous pouvez maintenant passer vos appels en mode mains libres sur iPhone et iPad.<\/p>\n<p>Les proth\u00e8ses auditives Evolv AI sont bas\u00e9es sur des algorithmes scientifiques qui refl\u00e8tent le syst\u00e8me auditif de votre cerveau; vous b\u00e9n\u00e9ficierez d\u2019un son de qualit\u00e9 sup\u00e9rieure.<\/p>\n<p>En effet, votre cerveau supprime naturellement le bruit de fond et augmente automatiquement la parole et les aides auditives Starkey Evolv AI dupliquent cela avec AI Machine Learning. Vous pouvez d\u00e9sormais b\u00e9n\u00e9ficier d&#8217;un son filtr\u00e9 de haute qualit\u00e9.<\/p>\n<h4>Caract\u00e9ristiques du mod\u00e8le Evolv AI 2400 RIC R<\/h4>\n<ul>\n<li>24 bandes de r\u00e9glages<\/li>\n<li>bouton poussoir<\/li>\n<li>Bobine \u00e0 induction T<\/li>\n<li>IP68<\/li>\n<li>Connexion Bluetooth made for iPhone &amp; ASHA (Android)<\/li>\n<li>Streaming audio direct<\/li>\n<li>Appareil rechargeable (batterie lithium ion)<\/li>\n<li>Accessoires sans fil compatibles<\/li>\n<li>Application mobile<\/li>\n<li>R\u00e9glages \u00e0 distance<\/li>\n<\/ul>\n<h4>Connectivit\u00e9 Bluetooth &amp; accessoires sans fil<\/h4>\n<p>Le mod\u00e8le Evolv AI 2400 RIC R propose une connexion Bluetooth made for iPhone et Android gr\u00e2ce au protocole ASHA.<\/p>\n<p>De nombreux accessoires sans fil sont compatibles avec cet appareil afin de vous faciliter la vie : t\u00e9l\u00e9commande, micro d\u00e9port\u00e9, adaptateur TV,\u00a0microphone de table.<\/p>\n<h4>Technologie rechargeable<\/h4>\n<p>Evolv AI 2400 RIC R est un\u00a0<a href=\"https:\/\/www.laboratoires-unisson.com\/fr-be\/appareils-auditifs\/options\/rechargeables\">appareil auditif rechargeable<\/a>\u00a0qui offre jusqu\u2019\u00e0 24h d\u2019autonomie en une seule charge. La charge dure moins de 3h. Deux chargeurs sont disponibles : le\u00a0chargeur classique\u00a0et le\u00a0mini chargeur turbo\u00a0id\u00e9al pour vos d\u00e9placements.<\/p>\n<h4>Application mobile Thrive<\/h4>\n<p>L\u2019application Thrive de Starkey fournit un large \u00e9ventail de commandes ainsi que des informations sur vos aides auditives et leur utilisation. Elle est compatible avec les produits Apple et Android.<\/p>\n<p>Les commandes d&#8217;application typiques telles que le changement de programme, les changements de volume, un \u00e9galiseur sont toutes incluses.<\/p>\n<p>Cependant, de nombreuses fonctionnalit\u00e9s suppl\u00e9mentaires sont \u00e9galement disponibles, notamment une auto-v\u00e9rification des aides auditives, TeleHear et \u00ab Trouver ses aides \u00bb. La fonction TeleHear est un service d\u2019adaptation \u00e0 distance. Elle vous permet de prendre rdv avec votre audioproth\u00e9siste Unisson en t\u00e9l\u00e9consultation.<\/p>\n","protected":false},"excerpt":{"rendered":"<p>L\u2019appareil auditif Starkey Evolv AI 2400 RIC R est un mod\u00e8le RIC rechargeable et connect\u00e9. Il est adapt\u00e9 pour tout type de perte auditive. La gamme Starkey Evolv AI La g\u00e9n\u00e9ration Evolv AI, comme son pr\u00e9d\u00e9cesseur Livio, int\u00e8gre des capteurs de mouvement qui peuvent suivre l\u2019utilisation de votre aide auditive et vos mouvements physiques et [&hellip;]<\/p>\n","protected":false},"featured_media":20806,"template":"","meta":{"_acf_changed":false},"product_brand":[],"product_cat":[2684,2643],"product_tag":[],"class_list":{"0":"post-24042","1":"product","2":"type-product","3":"status-publish","4":"has-post-thumbnail","6":"product_cat-offre-premium-fr-be","7":"product_cat-starkey-fr-be","9":"first","10":"instock","11":"taxable","12":"shipping-taxable","13":"purchasable","14":"product-type-simple"},"acf":[],"yoast_head":"<!-- This site is optimized with the Yoast SEO plugin v27.1.1 - https:\/\/yoast.com\/product\/yoast-seo-wordpress\/ -->\n<title>Appareil auditif Starkey Evolv AI 2400 RIC R \u00e0 2100\u20ac - Unisson Belgique<\/title>\n<meta name=\"description\" content=\"Envie d&#039;une aide auditive intelligente ? Essayez le Starkey Evolv AI 2400 RIC R pour une performance sonore avanc\u00e9e. Cliquez pour en savoir plus.\" \/>\n<meta name=\"robots\" content=\"index, follow, max-snippet:-1, max-image-preview:large, max-video-preview:-1\" \/>\n<link rel=\"canonical\" href=\"https:\/\/www.laboratoires-unisson.com\/fr-be\/wp-json\/wp\/v2\/product\/24042\" \/>\n<meta property=\"og:locale\" content=\"fr_FR\" \/>\n<meta property=\"og:type\" content=\"article\" \/>\n<meta property=\"og:title\" content=\"Evolv AI 2400 RIC R - Laboratoires Unisson\" \/>\n<meta property=\"og:description\" content=\"Envie d&#039;une aide auditive intelligente ? Essayez le Starkey Evolv AI 2400 RIC R pour une performance sonore avanc\u00e9e. Cliquez pour en savoir plus.\" \/>\n<meta property=\"og:url\" content=\"https:\/\/www.laboratoires-unisson.com\/fr-be\/produit\/appareils-auditifs\/starkey\/evolv-ai-2400-ric-r\" \/>\n<meta property=\"og:site_name\" content=\"Laboratoires Unisson\" \/>\n<meta property=\"article:modified_time\" content=\"2025-12-03T09:07:42+00:00\" \/>\n<meta property=\"og:image\" content=\"https:\/\/www.laboratoires-unisson.com\/wp-content\/uploads\/2022\/06\/Starkey-Evolv-AI_2400-RIC-R.png\" \/>\n\t<meta property=\"og:image:width\" content=\"450\" \/>\n\t<meta property=\"og:image:height\" content=\"500\" \/>\n\t<meta property=\"og:image:type\" content=\"image\/png\" \/>\n<meta name=\"twitter:card\" content=\"summary_large_image\" \/>\n<meta name=\"twitter:label1\" content=\"Est. reading time\" \/>\n\t<meta name=\"twitter:data1\" content=\"3 minutes\" \/>\n<script type=\"application\/ld+json\" class=\"yoast-schema-graph\">{\"@context\":\"https:\/\/schema.org\",\"@graph\":[{\"@type\":\"WebPage\",\"@id\":\"https:\/\/www.laboratoires-unisson.com\/fr-be\/produit\/appareils-auditifs\/starkey\/evolv-ai-2400-ric-r\",\"url\":\"https:\/\/www.laboratoires-unisson.com\/fr-be\/produit\/appareils-auditifs\/starkey\/evolv-ai-2400-ric-r\",\"name\":\"Evolv AI 2400 RIC R - Laboratoires Unisson\",\"isPartOf\":{\"@id\":\"https:\/\/www.laboratoires-unisson.com\/fr-be#website\"},\"primaryImageOfPage\":{\"@id\":\"https:\/\/www.laboratoires-unisson.com\/fr-be\/produit\/appareils-auditifs\/starkey\/evolv-ai-2400-ric-r#primaryimage\"},\"image\":{\"@id\":\"https:\/\/www.laboratoires-unisson.com\/fr-be\/produit\/appareils-auditifs\/starkey\/evolv-ai-2400-ric-r#primaryimage\"},\"thumbnailUrl\":\"https:\/\/www.laboratoires-unisson.com\/wp-content\/uploads\/2022\/06\/Starkey-Evolv-AI_2400-RIC-R.png\",\"datePublished\":\"2022-06-09T13:41:26+00:00\",\"dateModified\":\"2025-12-03T09:07:42+00:00\",\"description\":\"Envie d'une aide auditive intelligente ? Essayez le Starkey Evolv AI 2400 RIC R pour une performance sonore avanc\u00e9e. Cliquez pour en savoir plus.\",\"breadcrumb\":{\"@id\":\"https:\/\/www.laboratoires-unisson.com\/fr-be\/produit\/appareils-auditifs\/starkey\/evolv-ai-2400-ric-r#breadcrumb\"},\"inLanguage\":\"fr-BE\",\"potentialAction\":[{\"@type\":\"ReadAction\",\"target\":[\"https:\/\/www.laboratoires-unisson.com\/fr-be\/produit\/appareils-auditifs\/starkey\/evolv-ai-2400-ric-r\"]}]},{\"@type\":\"ImageObject\",\"inLanguage\":\"fr-BE\",\"@id\":\"https:\/\/www.laboratoires-unisson.com\/fr-be\/produit\/appareils-auditifs\/starkey\/evolv-ai-2400-ric-r#primaryimage\",\"url\":\"https:\/\/www.laboratoires-unisson.com\/wp-content\/uploads\/2022\/06\/Starkey-Evolv-AI_2400-RIC-R.png\",\"contentUrl\":\"https:\/\/www.laboratoires-unisson.com\/wp-content\/uploads\/2022\/06\/Starkey-Evolv-AI_2400-RIC-R.png\",\"width\":450,\"height\":500},{\"@type\":\"BreadcrumbList\",\"@id\":\"https:\/\/www.laboratoires-unisson.com\/fr-be\/produit\/appareils-auditifs\/starkey\/evolv-ai-2400-ric-r#breadcrumb\",\"itemListElement\":[{\"@type\":\"ListItem\",\"position\":1,\"name\":\"Shop\",\"item\":\"https:\/\/www.laboratoires-unisson.com\/fr-be\/shop\"},{\"@type\":\"ListItem\",\"position\":2,\"name\":\"Evolv AI 2400 RIC R\"}]},{\"@type\":\"WebSite\",\"@id\":\"https:\/\/www.laboratoires-unisson.com\/fr-be#website\",\"url\":\"https:\/\/www.laboratoires-unisson.com\/fr-be\",\"name\":\"Laboratoires Unisson\",\"description\":\"Appareil auditif et proth\u00e8se auditive Moins Cher jusqu&#039;\u00e0 -40%\",\"publisher\":{\"@id\":\"https:\/\/www.laboratoires-unisson.com\/fr-be#organization\"},\"potentialAction\":[{\"@type\":\"SearchAction\",\"target\":{\"@type\":\"EntryPoint\",\"urlTemplate\":\"https:\/\/www.laboratoires-unisson.com\/fr-be?s={search_term_string}\"},\"query-input\":{\"@type\":\"PropertyValueSpecification\",\"valueRequired\":true,\"valueName\":\"search_term_string\"}}],\"inLanguage\":\"fr-BE\"},{\"@type\":\"Organization\",\"@id\":\"https:\/\/www.laboratoires-unisson.com\/fr-be#organization\",\"name\":\"Laboratoires Unisson\",\"url\":\"https:\/\/www.laboratoires-unisson.com\/fr-be\",\"logo\":{\"@type\":\"ImageObject\",\"inLanguage\":\"fr-BE\",\"@id\":\"https:\/\/www.laboratoires-unisson.com\/fr-be#\/schema\/logo\/image\/\",\"url\":\"https:\/\/www.laboratoires-unisson.com\/wp-content\/uploads\/2022\/01\/logo-unisson.svg\",\"contentUrl\":\"https:\/\/www.laboratoires-unisson.com\/wp-content\/uploads\/2022\/01\/logo-unisson.svg\",\"width\":1,\"height\":1,\"caption\":\"Laboratoires Unisson\"},\"image\":{\"@id\":\"https:\/\/www.laboratoires-unisson.com\/fr-be#\/schema\/logo\/image\/\"}}]}<\/script>\n<!-- \/ Yoast SEO plugin. -->","yoast_head_json":{"title":"Appareil auditif Starkey Evolv AI 2400 RIC R \u00e0 2100\u20ac - Unisson Belgique","description":"Envie d'une aide auditive intelligente ? Essayez le Starkey Evolv AI 2400 RIC R pour une performance sonore avanc\u00e9e. Cliquez pour en savoir plus.","robots":{"index":"index","follow":"follow","max-snippet":"max-snippet:-1","max-image-preview":"max-image-preview:large","max-video-preview":"max-video-preview:-1"},"canonical":"https:\/\/www.laboratoires-unisson.com\/fr-be\/wp-json\/wp\/v2\/product\/24042","og_locale":"fr_FR","og_type":"article","og_title":"Evolv AI 2400 RIC R - Laboratoires Unisson","og_description":"Envie d'une aide auditive intelligente ? Essayez le Starkey Evolv AI 2400 RIC R pour une performance sonore avanc\u00e9e. Cliquez pour en savoir plus.","og_url":"https:\/\/www.laboratoires-unisson.com\/fr-be\/produit\/appareils-auditifs\/starkey\/evolv-ai-2400-ric-r","og_site_name":"Laboratoires Unisson","article_modified_time":"2025-12-03T09:07:42+00:00","og_image":[{"width":450,"height":500,"url":"https:\/\/www.laboratoires-unisson.com\/wp-content\/uploads\/2022\/06\/Starkey-Evolv-AI_2400-RIC-R.png","type":"image\/png"}],"twitter_card":"summary_large_image","twitter_misc":{"Est. reading time":"3 minutes"},"schema":{"@context":"https:\/\/schema.org","@graph":[{"@type":"WebPage","@id":"https:\/\/www.laboratoires-unisson.com\/fr-be\/produit\/appareils-auditifs\/starkey\/evolv-ai-2400-ric-r","url":"https:\/\/www.laboratoires-unisson.com\/fr-be\/produit\/appareils-auditifs\/starkey\/evolv-ai-2400-ric-r","name":"Evolv AI 2400 RIC R - Laboratoires Unisson","isPartOf":{"@id":"https:\/\/www.laboratoires-unisson.com\/fr-be#website"},"primaryImageOfPage":{"@id":"https:\/\/www.laboratoires-unisson.com\/fr-be\/produit\/appareils-auditifs\/starkey\/evolv-ai-2400-ric-r#primaryimage"},"image":{"@id":"https:\/\/www.laboratoires-unisson.com\/fr-be\/produit\/appareils-auditifs\/starkey\/evolv-ai-2400-ric-r#primaryimage"},"thumbnailUrl":"https:\/\/www.laboratoires-unisson.com\/wp-content\/uploads\/2022\/06\/Starkey-Evolv-AI_2400-RIC-R.png","datePublished":"2022-06-09T13:41:26+00:00","dateModified":"2025-12-03T09:07:42+00:00","description":"Envie d'une aide auditive intelligente ? Essayez le Starkey Evolv AI 2400 RIC R pour une performance sonore avanc\u00e9e. Cliquez pour en savoir plus.","breadcrumb":{"@id":"https:\/\/www.laboratoires-unisson.com\/fr-be\/produit\/appareils-auditifs\/starkey\/evolv-ai-2400-ric-r#breadcrumb"},"inLanguage":"fr-BE","potentialAction":[{"@type":"ReadAction","target":["https:\/\/www.laboratoires-unisson.com\/fr-be\/produit\/appareils-auditifs\/starkey\/evolv-ai-2400-ric-r"]}]},{"@type":"ImageObject","inLanguage":"fr-BE","@id":"https:\/\/www.laboratoires-unisson.com\/fr-be\/produit\/appareils-auditifs\/starkey\/evolv-ai-2400-ric-r#primaryimage","url":"https:\/\/www.laboratoires-unisson.com\/wp-content\/uploads\/2022\/06\/Starkey-Evolv-AI_2400-RIC-R.png","contentUrl":"https:\/\/www.laboratoires-unisson.com\/wp-content\/uploads\/2022\/06\/Starkey-Evolv-AI_2400-RIC-R.png","width":450,"height":500},{"@type":"BreadcrumbList","@id":"https:\/\/www.laboratoires-unisson.com\/fr-be\/produit\/appareils-auditifs\/starkey\/evolv-ai-2400-ric-r#breadcrumb","itemListElement":[{"@type":"ListItem","position":1,"name":"Shop","item":"https:\/\/www.laboratoires-unisson.com\/fr-be\/shop"},{"@type":"ListItem","position":2,"name":"Evolv AI 2400 RIC R"}]},{"@type":"WebSite","@id":"https:\/\/www.laboratoires-unisson.com\/fr-be#website","url":"https:\/\/www.laboratoires-unisson.com\/fr-be","name":"Laboratoires Unisson","description":"Appareil auditif et proth\u00e8se auditive Moins Cher jusqu&#039;\u00e0 -40%","publisher":{"@id":"https:\/\/www.laboratoires-unisson.com\/fr-be#organization"},"potentialAction":[{"@type":"SearchAction","target":{"@type":"EntryPoint","urlTemplate":"https:\/\/www.laboratoires-unisson.com\/fr-be?s={search_term_string}"},"query-input":{"@type":"PropertyValueSpecification","valueRequired":true,"valueName":"search_term_string"}}],"inLanguage":"fr-BE"},{"@type":"Organization","@id":"https:\/\/www.laboratoires-unisson.com\/fr-be#organization","name":"Laboratoires Unisson","url":"https:\/\/www.laboratoires-unisson.com\/fr-be","logo":{"@type":"ImageObject","inLanguage":"fr-BE","@id":"https:\/\/www.laboratoires-unisson.com\/fr-be#\/schema\/logo\/image\/","url":"https:\/\/www.laboratoires-unisson.com\/wp-content\/uploads\/2022\/01\/logo-unisson.svg","contentUrl":"https:\/\/www.laboratoires-unisson.com\/wp-content\/uploads\/2022\/01\/logo-unisson.svg","width":1,"height":1,"caption":"Laboratoires Unisson"},"image":{"@id":"https:\/\/www.laboratoires-unisson.com\/fr-be#\/schema\/logo\/image\/"}}]}},"_links":{"self":[{"href":"https:\/\/www.laboratoires-unisson.com\/fr-be\/wp-json\/wp\/v2\/product\/24042","targetHints":{"allow":["GET"]}}],"collection":[{"href":"https:\/\/www.laboratoires-unisson.com\/fr-be\/wp-json\/wp\/v2\/product"}],"about":[{"href":"https:\/\/www.laboratoires-unisson.com\/fr-be\/wp-json\/wp\/v2\/types\/product"}],"wp:featuredmedia":[{"embeddable":true,"href":"https:\/\/www.laboratoires-unisson.com\/fr-be\/wp-json\/wp\/v2\/media\/20806"}],"wp:attachment":[{"href":"https:\/\/www.laboratoires-unisson.com\/fr-be\/wp-json\/wp\/v2\/media?parent=24042"}],"wp:term":[{"taxonomy":"product_brand","embeddable":true,"href":"https:\/\/www.laboratoires-unisson.com\/fr-be\/wp-json\/wp\/v2\/product_brand?post=24042"},{"taxonomy":"product_cat","embeddable":true,"href":"https:\/\/www.laboratoires-unisson.com\/fr-be\/wp-json\/wp\/v2\/product_cat?post=24042"},{"taxonomy":"product_tag","embeddable":true,"href":"https:\/\/www.laboratoires-unisson.com\/fr-be\/wp-json\/wp\/v2\/product_tag?post=24042"}],"curies":[{"name":"wp","href":"https:\/\/api.w.org\/{rel}","templated":true}]}}