{"id":24052,"date":"2022-05-02T14:46:54","date_gmt":"2022-05-02T12:46:54","guid":{"rendered":"https:\/\/www.laboratoires-unisson.com\/produit\/hearlink-5010-minirite-312"},"modified":"2025-12-03T10:07:45","modified_gmt":"2025-12-03T09:07:45","slug":"hearlink-5010-minirite-312","status":"publish","type":"product","link":"https:\/\/www.laboratoires-unisson.com\/fr-be\/produit\/appareils-auditifs\/philips\/hearlink-5010-minirite-312","title":{"rendered":"HearLink 5010 miniRITE 312"},"content":{"rendered":"<p>L\u2019aide auditive Philips HearLink miniRITE 5010 poss\u00e8de un<strong> bouton poussoir<\/strong>\u00a0afin de faciliter son utilisation.<\/p>\n<p>Elle est \u00e9quip\u00e9e de 4\u00a0<strong>programmes manuels d\u2019\u00e9coute<\/strong>\u00a0et dispose de\u00a0<strong>12 canaux de r\u00e9glages<\/strong>, avec une\u00a0<strong>bande passante de 8kHz<\/strong>.<\/p>\n<p>Elle fonctionne avec des\u00a0<strong>piles 312<\/strong>\u00a0: piles sans mercure pour une autonomie moyenne de 100h<\/p>\n<p>La gamme Philips HearLink miniRITE est <strong>compatible avec le syst\u00e8me d\u2019\u00e9couteurs MiniFit<\/strong>, comprenant 4 niveaux de puissance ainsi qu\u2019une grande vari\u00e9t\u00e9 de d\u00f4mes et d\u2019embouts sur-mesure.<\/p>\n<p>Cet appareil auditif a \u00e9t\u00e9 con\u00e7u pour iPhone. L\u2019application mobile Philips HearLink, disponible sur iOS et Android vous permet de connecter vos aides auditives \u00e0 votre smartphone.<\/p>\n<p>Disponible en 6 couleurs : beige, marron, taupe, anthracite, gris et noir<\/p>\n<p><strong>Prenez RDV d\u00e8s maintenant\u00a0<\/strong>avec l&#8217;un de nos audioproth\u00e9sistes dipl\u00f4m\u00e9s d&#8217;\u00c9tat :\u00a0<a href=\"https:\/\/www.laboratoires-unisson.com\/fr-be\/rdv\"><span style=\"color: #26b7ca;\">Je prends rendez-vous<\/span><\/a><\/p>\n","protected":false},"excerpt":{"rendered":"<p>L\u2019aide auditive Philips HearLink miniRITE 5010 poss\u00e8de un bouton poussoir\u00a0afin de faciliter son utilisation. Elle est \u00e9quip\u00e9e de 4\u00a0programmes manuels d\u2019\u00e9coute\u00a0et dispose de\u00a012 canaux de r\u00e9glages, avec une\u00a0bande passante de 8kHz. Elle fonctionne avec des\u00a0piles 312\u00a0: piles sans mercure pour une autonomie moyenne de 100h La gamme Philips HearLink miniRITE est compatible avec le syst\u00e8me [&hellip;]<\/p>\n","protected":false},"featured_media":19188,"template":"","meta":{"_acf_changed":false},"product_brand":[],"product_cat":[3095],"product_tag":[],"class_list":{"0":"post-24052","1":"product","2":"type-product","3":"status-publish","4":"has-post-thumbnail","6":"product_cat-philips-fr-be","8":"first","9":"instock","10":"taxable","11":"shipping-taxable","12":"purchasable","13":"product-type-simple"},"acf":[],"yoast_head":"<!-- This site is optimized with the Yoast SEO plugin v27.1.1 - https:\/\/yoast.com\/product\/yoast-seo-wordpress\/ -->\n<title>Appareil auditif Philips HearLink 5010 miniRITE 312 \u00e0 1650\u20ac - Unisson Belgique<\/title>\n<meta name=\"description\" content=\"L\u2019aide auditive Philips HearLink miniRITE 5010 poss\u00e8de un bouton poussoir\u00a0afin de faciliter son utilisation. Elle est \u00e9quip\u00e9e de 4\u00a0programmes manuels\" \/>\n<meta name=\"robots\" content=\"index, follow, max-snippet:-1, max-image-preview:large, max-video-preview:-1\" \/>\n<link rel=\"canonical\" href=\"https:\/\/www.laboratoires-unisson.com\/fr-be\/wp-json\/wp\/v2\/product\/24052\" \/>\n<meta property=\"og:locale\" content=\"fr_FR\" \/>\n<meta property=\"og:type\" content=\"article\" \/>\n<meta property=\"og:title\" content=\"HearLink 5010 miniRITE 312 - Laboratoires Unisson\" \/>\n<meta property=\"og:description\" content=\"L\u2019aide auditive Philips HearLink miniRITE 5010 poss\u00e8de un bouton poussoir\u00a0afin de faciliter son utilisation. Elle est \u00e9quip\u00e9e de 4\u00a0programmes manuels\" \/>\n<meta property=\"og:url\" content=\"https:\/\/www.laboratoires-unisson.com\/fr-be\/produit\/appareils-auditifs\/philips\/hearlink-5010-minirite-312\" \/>\n<meta property=\"og:site_name\" content=\"Laboratoires Unisson\" \/>\n<meta property=\"article:modified_time\" content=\"2025-12-03T09:07:45+00:00\" \/>\n<meta property=\"og:image\" content=\"https:\/\/www.laboratoires-unisson.com\/wp-content\/uploads\/2022\/05\/hearlink-5010-minirite-312.png\" \/>\n\t<meta property=\"og:image:width\" content=\"450\" \/>\n\t<meta property=\"og:image:height\" content=\"500\" \/>\n\t<meta property=\"og:image:type\" content=\"image\/png\" \/>\n<meta name=\"twitter:card\" content=\"summary_large_image\" \/>\n<meta name=\"twitter:label1\" content=\"Est. reading time\" \/>\n\t<meta name=\"twitter:data1\" content=\"1 minute\" \/>\n<script type=\"application\/ld+json\" class=\"yoast-schema-graph\">{\"@context\":\"https:\/\/schema.org\",\"@graph\":[{\"@type\":\"WebPage\",\"@id\":\"https:\/\/www.laboratoires-unisson.com\/fr-be\/produit\/appareils-auditifs\/philips\/hearlink-5010-minirite-312\",\"url\":\"https:\/\/www.laboratoires-unisson.com\/fr-be\/produit\/appareils-auditifs\/philips\/hearlink-5010-minirite-312\",\"name\":\"HearLink 5010 miniRITE 312 - Laboratoires Unisson\",\"isPartOf\":{\"@id\":\"https:\/\/www.laboratoires-unisson.com\/fr-be#website\"},\"primaryImageOfPage\":{\"@id\":\"https:\/\/www.laboratoires-unisson.com\/fr-be\/produit\/appareils-auditifs\/philips\/hearlink-5010-minirite-312#primaryimage\"},\"image\":{\"@id\":\"https:\/\/www.laboratoires-unisson.com\/fr-be\/produit\/appareils-auditifs\/philips\/hearlink-5010-minirite-312#primaryimage\"},\"thumbnailUrl\":\"https:\/\/www.laboratoires-unisson.com\/wp-content\/uploads\/2022\/05\/hearlink-5010-minirite-312.png\",\"datePublished\":\"2022-05-02T12:46:54+00:00\",\"dateModified\":\"2025-12-03T09:07:45+00:00\",\"description\":\"L\u2019aide auditive Philips HearLink miniRITE 5010 poss\u00e8de un bouton poussoir\u00a0afin de faciliter son utilisation. Elle est \u00e9quip\u00e9e de 4\u00a0programmes manuels\",\"breadcrumb\":{\"@id\":\"https:\/\/www.laboratoires-unisson.com\/fr-be\/produit\/appareils-auditifs\/philips\/hearlink-5010-minirite-312#breadcrumb\"},\"inLanguage\":\"fr-BE\",\"potentialAction\":[{\"@type\":\"ReadAction\",\"target\":[\"https:\/\/www.laboratoires-unisson.com\/fr-be\/produit\/appareils-auditifs\/philips\/hearlink-5010-minirite-312\"]}]},{\"@type\":\"ImageObject\",\"inLanguage\":\"fr-BE\",\"@id\":\"https:\/\/www.laboratoires-unisson.com\/fr-be\/produit\/appareils-auditifs\/philips\/hearlink-5010-minirite-312#primaryimage\",\"url\":\"https:\/\/www.laboratoires-unisson.com\/wp-content\/uploads\/2022\/05\/hearlink-5010-minirite-312.png\",\"contentUrl\":\"https:\/\/www.laboratoires-unisson.com\/wp-content\/uploads\/2022\/05\/hearlink-5010-minirite-312.png\",\"width\":450,\"height\":500},{\"@type\":\"BreadcrumbList\",\"@id\":\"https:\/\/www.laboratoires-unisson.com\/fr-be\/produit\/appareils-auditifs\/philips\/hearlink-5010-minirite-312#breadcrumb\",\"itemListElement\":[{\"@type\":\"ListItem\",\"position\":1,\"name\":\"Shop\",\"item\":\"https:\/\/www.laboratoires-unisson.com\/fr-be\/shop\"},{\"@type\":\"ListItem\",\"position\":2,\"name\":\"HearLink 5010 miniRITE 312\"}]},{\"@type\":\"WebSite\",\"@id\":\"https:\/\/www.laboratoires-unisson.com\/fr-be#website\",\"url\":\"https:\/\/www.laboratoires-unisson.com\/fr-be\",\"name\":\"Laboratoires Unisson\",\"description\":\"Appareil auditif et proth\u00e8se auditive Moins Cher jusqu&#039;\u00e0 -40%\",\"publisher\":{\"@id\":\"https:\/\/www.laboratoires-unisson.com\/fr-be#organization\"},\"potentialAction\":[{\"@type\":\"SearchAction\",\"target\":{\"@type\":\"EntryPoint\",\"urlTemplate\":\"https:\/\/www.laboratoires-unisson.com\/fr-be?s={search_term_string}\"},\"query-input\":{\"@type\":\"PropertyValueSpecification\",\"valueRequired\":true,\"valueName\":\"search_term_string\"}}],\"inLanguage\":\"fr-BE\"},{\"@type\":\"Organization\",\"@id\":\"https:\/\/www.laboratoires-unisson.com\/fr-be#organization\",\"name\":\"Laboratoires Unisson\",\"url\":\"https:\/\/www.laboratoires-unisson.com\/fr-be\",\"logo\":{\"@type\":\"ImageObject\",\"inLanguage\":\"fr-BE\",\"@id\":\"https:\/\/www.laboratoires-unisson.com\/fr-be#\/schema\/logo\/image\/\",\"url\":\"https:\/\/www.laboratoires-unisson.com\/wp-content\/uploads\/2022\/01\/logo-unisson.svg\",\"contentUrl\":\"https:\/\/www.laboratoires-unisson.com\/wp-content\/uploads\/2022\/01\/logo-unisson.svg\",\"width\":1,\"height\":1,\"caption\":\"Laboratoires Unisson\"},\"image\":{\"@id\":\"https:\/\/www.laboratoires-unisson.com\/fr-be#\/schema\/logo\/image\/\"}}]}<\/script>\n<!-- \/ Yoast SEO plugin. -->","yoast_head_json":{"title":"Appareil auditif Philips HearLink 5010 miniRITE 312 \u00e0 1650\u20ac - Unisson Belgique","description":"L\u2019aide auditive Philips HearLink miniRITE 5010 poss\u00e8de un bouton poussoir\u00a0afin de faciliter son utilisation. Elle est \u00e9quip\u00e9e de 4\u00a0programmes manuels","robots":{"index":"index","follow":"follow","max-snippet":"max-snippet:-1","max-image-preview":"max-image-preview:large","max-video-preview":"max-video-preview:-1"},"canonical":"https:\/\/www.laboratoires-unisson.com\/fr-be\/wp-json\/wp\/v2\/product\/24052","og_locale":"fr_FR","og_type":"article","og_title":"HearLink 5010 miniRITE 312 - Laboratoires Unisson","og_description":"L\u2019aide auditive Philips HearLink miniRITE 5010 poss\u00e8de un bouton poussoir\u00a0afin de faciliter son utilisation. Elle est \u00e9quip\u00e9e de 4\u00a0programmes manuels","og_url":"https:\/\/www.laboratoires-unisson.com\/fr-be\/produit\/appareils-auditifs\/philips\/hearlink-5010-minirite-312","og_site_name":"Laboratoires Unisson","article_modified_time":"2025-12-03T09:07:45+00:00","og_image":[{"width":450,"height":500,"url":"https:\/\/www.laboratoires-unisson.com\/wp-content\/uploads\/2022\/05\/hearlink-5010-minirite-312.png","type":"image\/png"}],"twitter_card":"summary_large_image","twitter_misc":{"Est. reading time":"1 minute"},"schema":{"@context":"https:\/\/schema.org","@graph":[{"@type":"WebPage","@id":"https:\/\/www.laboratoires-unisson.com\/fr-be\/produit\/appareils-auditifs\/philips\/hearlink-5010-minirite-312","url":"https:\/\/www.laboratoires-unisson.com\/fr-be\/produit\/appareils-auditifs\/philips\/hearlink-5010-minirite-312","name":"HearLink 5010 miniRITE 312 - Laboratoires Unisson","isPartOf":{"@id":"https:\/\/www.laboratoires-unisson.com\/fr-be#website"},"primaryImageOfPage":{"@id":"https:\/\/www.laboratoires-unisson.com\/fr-be\/produit\/appareils-auditifs\/philips\/hearlink-5010-minirite-312#primaryimage"},"image":{"@id":"https:\/\/www.laboratoires-unisson.com\/fr-be\/produit\/appareils-auditifs\/philips\/hearlink-5010-minirite-312#primaryimage"},"thumbnailUrl":"https:\/\/www.laboratoires-unisson.com\/wp-content\/uploads\/2022\/05\/hearlink-5010-minirite-312.png","datePublished":"2022-05-02T12:46:54+00:00","dateModified":"2025-12-03T09:07:45+00:00","description":"L\u2019aide auditive Philips HearLink miniRITE 5010 poss\u00e8de un bouton poussoir\u00a0afin de faciliter son utilisation. Elle est \u00e9quip\u00e9e de 4\u00a0programmes manuels","breadcrumb":{"@id":"https:\/\/www.laboratoires-unisson.com\/fr-be\/produit\/appareils-auditifs\/philips\/hearlink-5010-minirite-312#breadcrumb"},"inLanguage":"fr-BE","potentialAction":[{"@type":"ReadAction","target":["https:\/\/www.laboratoires-unisson.com\/fr-be\/produit\/appareils-auditifs\/philips\/hearlink-5010-minirite-312"]}]},{"@type":"ImageObject","inLanguage":"fr-BE","@id":"https:\/\/www.laboratoires-unisson.com\/fr-be\/produit\/appareils-auditifs\/philips\/hearlink-5010-minirite-312#primaryimage","url":"https:\/\/www.laboratoires-unisson.com\/wp-content\/uploads\/2022\/05\/hearlink-5010-minirite-312.png","contentUrl":"https:\/\/www.laboratoires-unisson.com\/wp-content\/uploads\/2022\/05\/hearlink-5010-minirite-312.png","width":450,"height":500},{"@type":"BreadcrumbList","@id":"https:\/\/www.laboratoires-unisson.com\/fr-be\/produit\/appareils-auditifs\/philips\/hearlink-5010-minirite-312#breadcrumb","itemListElement":[{"@type":"ListItem","position":1,"name":"Shop","item":"https:\/\/www.laboratoires-unisson.com\/fr-be\/shop"},{"@type":"ListItem","position":2,"name":"HearLink 5010 miniRITE 312"}]},{"@type":"WebSite","@id":"https:\/\/www.laboratoires-unisson.com\/fr-be#website","url":"https:\/\/www.laboratoires-unisson.com\/fr-be","name":"Laboratoires Unisson","description":"Appareil auditif et proth\u00e8se auditive Moins Cher jusqu&#039;\u00e0 -40%","publisher":{"@id":"https:\/\/www.laboratoires-unisson.com\/fr-be#organization"},"potentialAction":[{"@type":"SearchAction","target":{"@type":"EntryPoint","urlTemplate":"https:\/\/www.laboratoires-unisson.com\/fr-be?s={search_term_string}"},"query-input":{"@type":"PropertyValueSpecification","valueRequired":true,"valueName":"search_term_string"}}],"inLanguage":"fr-BE"},{"@type":"Organization","@id":"https:\/\/www.laboratoires-unisson.com\/fr-be#organization","name":"Laboratoires Unisson","url":"https:\/\/www.laboratoires-unisson.com\/fr-be","logo":{"@type":"ImageObject","inLanguage":"fr-BE","@id":"https:\/\/www.laboratoires-unisson.com\/fr-be#\/schema\/logo\/image\/","url":"https:\/\/www.laboratoires-unisson.com\/wp-content\/uploads\/2022\/01\/logo-unisson.svg","contentUrl":"https:\/\/www.laboratoires-unisson.com\/wp-content\/uploads\/2022\/01\/logo-unisson.svg","width":1,"height":1,"caption":"Laboratoires Unisson"},"image":{"@id":"https:\/\/www.laboratoires-unisson.com\/fr-be#\/schema\/logo\/image\/"}}]}},"_links":{"self":[{"href":"https:\/\/www.laboratoires-unisson.com\/fr-be\/wp-json\/wp\/v2\/product\/24052","targetHints":{"allow":["GET"]}}],"collection":[{"href":"https:\/\/www.laboratoires-unisson.com\/fr-be\/wp-json\/wp\/v2\/product"}],"about":[{"href":"https:\/\/www.laboratoires-unisson.com\/fr-be\/wp-json\/wp\/v2\/types\/product"}],"wp:featuredmedia":[{"embeddable":true,"href":"https:\/\/www.laboratoires-unisson.com\/fr-be\/wp-json\/wp\/v2\/media\/19188"}],"wp:attachment":[{"href":"https:\/\/www.laboratoires-unisson.com\/fr-be\/wp-json\/wp\/v2\/media?parent=24052"}],"wp:term":[{"taxonomy":"product_brand","embeddable":true,"href":"https:\/\/www.laboratoires-unisson.com\/fr-be\/wp-json\/wp\/v2\/product_brand?post=24052"},{"taxonomy":"product_cat","embeddable":true,"href":"https:\/\/www.laboratoires-unisson.com\/fr-be\/wp-json\/wp\/v2\/product_cat?post=24052"},{"taxonomy":"product_tag","embeddable":true,"href":"https:\/\/www.laboratoires-unisson.com\/fr-be\/wp-json\/wp\/v2\/product_tag?post=24052"}],"curies":[{"name":"wp","href":"https:\/\/api.w.org\/{rel}","templated":true}]}}